{"id":36309,"date":"2025-04-08T22:33:43","date_gmt":"2025-04-09T04:33:43","guid":{"rendered":"https:\/\/www.mexicanguitarplayers.com\/tienda\/sin categor\u00eda\/microfono-sennheiser-hsp4\/"},"modified":"2026-04-15T04:17:57","modified_gmt":"2026-04-15T10:17:57","slug":"microfono-sennheiser-hsp4","status":"publish","type":"product","link":"https:\/\/www.mexicanguitarplayers.com\/en\/tienda\/audio\/microfonia\/microfonos-alambricos\/para-estudio\/microfono-sennheiser-hsp4\/","title":{"rendered":"MICROFONO SENNHEISER HSP4"},"content":{"rendered":"<div style=\"text-align: justify\">\n<div>\n<h3>El sonido hecho realidad.<\/h3>\n<\/div>\n<div>Este micr\u00f3fono cardioide con banda para el cuello tiene un condensador de alta calidad y est\u00e1 pensado especialmente para usarse con vocales y discurso. Se ajusta de manera individual y tiene un protector contra el viento y los ruidos no desdados. Se intercambia y combina f\u00e1cilmente gracias a los componentes del dise\u00f1o modular. Micr\u00f3fono condensador de diadema de alta calidad con patr\u00f3n polar omnidireccional, dise\u00f1ado para usos profesionales a &#8220;manos libres&#8221;. El collar\u00edn ajustable es visualmente discreto y muy c\u00f3modo de usar. Las seis variantes disponibles del HSP 4 difieren en el color y en el conector. Est\u00e1 disponible en negro o beige y puede ordenarse con un conector para las series inal\u00e1mbricas 3000 y 5000, la serie evolution wireless, o sin conector (con conectores descubiertos y blindados). Incluye cable modular con broche y un estuche s\u00f3lido para transportar.<\/div>\n<div>\n<h4>Quick look<\/h4>\n<\/div>\n<ul style=\"margin: 0px 0px 0px 25px\">\n<li style=\"list-style-type: circle;margin: 5px\">Principio del transductor.<\/li>\n<li style=\"list-style-type: circle;margin: 5px\">Frequency response.<\/li>\n<li style=\"list-style-type: circle;margin: 5px\">Longitud del cable.<\/li>\n<li style=\"list-style-type: circle;margin: 5px\">Weight.<\/li>\n<li style=\"list-style-type: circle;margin: 5px\">Di\u00e1metro de la c\u00e1psula.<\/li>\n<li style=\"list-style-type: circle;margin: 5px\">Di\u00e1metro del brazo del micr\u00f3fono.<\/li>\n<li style=\"list-style-type: circle;margin: 5px\">Pick-up pattern.<\/li>\n<li style=\"list-style-type: circle;margin: 5px\">Sensitivity (open field, no load, at 1 kHz).<\/li>\n<li style=\"list-style-type: circle;margin: 5px\">Nominal impedance.<\/li>\n<li style=\"list-style-type: circle;margin: 5px\">Impedancia terminal m\u00ednima.<\/li>\n<li style=\"list-style-type: circle;margin: 5px\">Equivalent noise level.<\/li>\n<li style=\"list-style-type: circle;margin: 5px\">Maximum SPL.<\/li>\n<li style=\"list-style-type: circle;margin: 5px\">Consumo de corriente aprox.<\/li>\n<li style=\"list-style-type: circle;margin: 5px\">Voltaje de operaci\u00f3n (aut\u00f3nomo).<\/li>\n<\/ul>\n<div>\n<div style=\"font-weight: bold\">Principio del transductor.<\/div>\n<div>\n<p>Condensador.<\/p>\n<\/div>\n<div style=\"font-weight: bold\">Frequency response.<\/div>\n<div>\n<p>40 - 20,000 Hz.<\/p>\n<\/div>\n<div style=\"font-weight: bold\">Longitud del cable.<\/div>\n<div>\n<p>1.6 m.<\/p>\n<\/div>\n<div style=\"font-weight: bold\">Weight.<\/div>\n<div>\n<p>9.2 g.<\/p>\n<\/div>\n<div style=\"font-weight: bold\">Di\u00e1metro de la c\u00e1psula.<\/div>\n<div>\n<p>8.4 mm.<\/p>\n<\/div>\n<div style=\"font-weight: bold\">Di\u00e1metro del brazo del micr\u00f3fono.<\/div>\n<div>\n<p>2.4 mm.<\/p>\n<\/div>\n<div style=\"font-weight: bold\">Pick-up pattern.<\/div>\n<div>\n<p>Cardioid.<\/p>\n<\/div>\n<div style=\"font-weight: bold\">Sensitivity (open field, no load, at 1 kHz).<\/div>\n<div>\n<p>4 mV\/Pa.<\/p>\n<\/div>\n<div style=\"font-weight: bold\">Nominal impedance.<\/div>\n<div>\n<p>1000 ohms.<\/p>\n<\/div>\n<div style=\"font-weight: bold\">Impedancia terminal m\u00ednima.<\/div>\n<div>\n<p>4,700 ohms.<\/p>\n<\/div>\n<div style=\"font-weight: bold\">Equivalent noise level.<\/div>\n<div>\n<p>37 dB.<\/p>\n<\/div>\n<div style=\"font-weight: bold\">Maximum SPL.<\/div>\n<div>\n<p>150 dB.<\/p>\n<\/div>\n<div style=\"font-weight: bold\">Consumo de corriente aprox.<\/div>\n<div>\n<p>250 uA.<\/p>\n<\/div>\n<div style=\"font-weight: bold\">Voltaje de operaci\u00f3n (aut\u00f3nomo).<\/div>\n<div>\n<p>4,5 &#8211; 15 V.<\/p>\n<\/div>\n<\/div>\n<\/div>","protected":false},"excerpt":{"rendered":"<p>Micr\u00f3fono condensador de diadema con patr\u00f3n polar omnidireccional, excelente rechazo al acople ac\u00fastico, incluye una cubierta desmontable como un protector anti-popeo integral (no se requiere protector contra viento externo), ajustable individualmente a todas las medidas de cabezas de los usuarios, dise\u00f1o del collar\u00edn que mantiene al micr\u00f3fono separado del cuello de la camisa o de la ropa, brazo de micr\u00f3fono a prueba de giros (\u00d8 2.0 mm) que puede sujetarse al lado izquierdo o al derecho y es ajustable en longitud y \u00e1ngulo, secci\u00f3n flexible del cuello de ganso, cable de conexi\u00f3n intercambiable de forma sencilla, todas las partes met\u00e1licas est\u00e1n cubiertas por un proceso f\u00edsico de destituci\u00f3n de vapor, tambi\u00e9n puede ser utilizado con el micr\u00f3fono de brazo HSP 2 omnidireccional, incluye micr\u00f3fono, collar\u00edn, cable de conexi\u00f3n, estuche de pl\u00e1stico con hule espuma con cortes a la medida y manual de instrucciones.&hellip; <a class=\"kt-excerpt-readmore more-link\" href=\"https:\/\/www.mexicanguitarplayers.com\/en\/tienda\/audio\/microfonia\/microfonos-alambricos\/para-estudio\/microfono-sennheiser-hsp4\/\">Read more<\/a><\/p>","protected":false},"featured_media":36308,"comment_status":"open","ping_status":"closed","template":"","meta":{"kt_blocks_editor_width":""},"pwb-brand":[176],"product_brand":[],"product_cat":[213,214,215,227],"product_tag":[],"class_list":{"0":"post-36309","1":"product","2":"type-product","3":"status-publish","4":"has-post-thumbnail","6":"pwb-brand-sennheiser","7":"product_cat-audio","8":"product_cat-microfonia","9":"product_cat-microfonos-alambricos","10":"product_cat-para-estudio","11":"product_shipping_class-0-5-kg","13":"first","14":"outofstock","15":"taxable","16":"shipping-taxable","17":"purchasable","18":"product-type-simple"},"yoast_head":"<!-- This site is optimized with the Yoast SEO plugin v27.6 - https:\/\/yoast.com\/product\/yoast-seo-wordpress\/ -->\n<title>MICROFONO SENNHEISER HSP4 - Mexican Guitar Players<\/title>\n<meta name=\"description\" content=\"Micr\u00f3fono condensador de diadema con patr\u00f3n polar omnidireccional, excelente rechazo al acople ac\u00fastico, incluye una cubierta desmontable como un protector anti-popeo integral (no se requiere protector contra viento externo), ajustable individualmente a todas las medidas de cabezas de los usuarios, dise\u00f1o del collar\u00edn que mantiene al micr\u00f3fono separado del cuello de la camisa o de la ropa, brazo de micr\u00f3fono a prueba de giros (\u00d8 2.0 mm) que puede sujetarse al lado izquierdo o al derecho y es ajustable en longitud y \u00e1ngulo, secci\u00f3n flexible del cuello de ganso, cable de conexi\u00f3n intercambiable de forma sencilla, todas las partes met\u00e1licas est\u00e1n cubiertas por un proceso f\u00edsico de destituci\u00f3n de vapor, tambi\u00e9n puede ser utilizado con el micr\u00f3fono de brazo HSP 2 omnidireccional, incluye micr\u00f3fono, collar\u00edn, cable de conexi\u00f3n, estuche de pl\u00e1stico con hule espuma con cortes a la medida y manual de instrucciones.\" \/>\n<meta name=\"robots\" content=\"index, follow, max-snippet:-1, max-image-preview:large, max-video-preview:-1\" \/>\n<link rel=\"canonical\" href=\"https:\/\/www.mexicanguitarplayers.com\/en\/tienda\/sin%20categor\u00eda\/microfono-sennheiser-hsp4\/\" \/>\n<meta property=\"og:locale\" content=\"en_US\" \/>\n<meta property=\"og:type\" content=\"article\" \/>\n<meta property=\"og:title\" content=\"MICROFONO SENNHEISER HSP4 - Mexican Guitar Players\" \/>\n<meta property=\"og:description\" content=\"Micr\u00f3fono condensador de diadema con patr\u00f3n polar omnidireccional, excelente rechazo al acople ac\u00fastico, incluye una cubierta desmontable como un protector anti-popeo integral (no se requiere protector contra viento externo), ajustable individualmente a todas las medidas de cabezas de los usuarios, dise\u00f1o del collar\u00edn que mantiene al micr\u00f3fono separado del cuello de la camisa o de la ropa, brazo de micr\u00f3fono a prueba de giros (\u00d8 2.0 mm) que puede sujetarse al lado izquierdo o al derecho y es ajustable en longitud y \u00e1ngulo, secci\u00f3n flexible del cuello de ganso, cable de conexi\u00f3n intercambiable de forma sencilla, todas las partes met\u00e1licas est\u00e1n cubiertas por un proceso f\u00edsico de destituci\u00f3n de vapor, tambi\u00e9n puede ser utilizado con el micr\u00f3fono de brazo HSP 2 omnidireccional, incluye micr\u00f3fono, collar\u00edn, cable de conexi\u00f3n, estuche de pl\u00e1stico con hule espuma con cortes a la medida y manual de instrucciones.\" \/>\n<meta property=\"og:url\" content=\"https:\/\/www.mexicanguitarplayers.com\/en\/tienda\/sin categor\u00eda\/microfono-sennheiser-hsp4\/\" \/>\n<meta property=\"og:site_name\" content=\"Mexican Guitar Players\" \/>\n<meta property=\"article:modified_time\" content=\"2026-04-15T10:17:57+00:00\" \/>\n<meta name=\"twitter:card\" content=\"summary_large_image\" \/>\n<meta name=\"twitter:label1\" content=\"Est. reading time\" \/>\n\t<meta name=\"twitter:data1\" content=\"1 minute\" \/>\n<script type=\"application\/ld+json\" class=\"yoast-schema-graph\">{\"@context\":\"https:\\\/\\\/schema.org\",\"@graph\":[{\"@type\":[\"WebPage\",\"ItemPage\"],\"@id\":\"https:\\\/\\\/www.mexicanguitarplayers.com\\\/tienda\\\/sin categor\u00eda\\\/microfono-sennheiser-hsp4\\\/\",\"url\":\"https:\\\/\\\/www.mexicanguitarplayers.com\\\/tienda\\\/sin categor\u00eda\\\/microfono-sennheiser-hsp4\\\/\",\"name\":\"MICROFONO SENNHEISER HSP4 - Mexican Guitar Players\",\"isPartOf\":{\"@id\":\"https:\\\/\\\/www.mexicanguitarplayers.com\\\/#website\"},\"primaryImageOfPage\":{\"@id\":\"https:\\\/\\\/www.mexicanguitarplayers.com\\\/tienda\\\/sin categor\u00eda\\\/microfono-sennheiser-hsp4\\\/#primaryimage\"},\"image\":{\"@id\":\"https:\\\/\\\/www.mexicanguitarplayers.com\\\/tienda\\\/sin categor\u00eda\\\/microfono-sennheiser-hsp4\\\/#primaryimage\"},\"thumbnailUrl\":\"https:\\\/\\\/www.mexicanguitarplayers.com\\\/wp-content\\\/uploads\\\/2025\\\/04\\\/IASENHSP4.jpg\",\"datePublished\":\"2025-04-09T04:33:43+00:00\",\"dateModified\":\"2026-04-15T10:17:57+00:00\",\"description\":\"Micr\u00f3fono condensador de diadema con patr\u00f3n polar omnidireccional, excelente rechazo al acople ac\u00fastico, incluye una cubierta desmontable como un protector anti-popeo integral (no se requiere protector contra viento externo), ajustable individualmente a todas las medidas de cabezas de los usuarios, dise\u00f1o del collar\u00edn que mantiene al micr\u00f3fono separado del cuello de la camisa o de la ropa, brazo de micr\u00f3fono a prueba de giros (\u00d8 2.0 mm) que puede sujetarse al lado izquierdo o al derecho y es ajustable en longitud y \u00e1ngulo, secci\u00f3n flexible del cuello de ganso, cable de conexi\u00f3n intercambiable de forma sencilla, todas las partes met\u00e1licas est\u00e1n cubiertas por un proceso f\u00edsico de destituci\u00f3n de vapor, tambi\u00e9n puede ser utilizado con el micr\u00f3fono de brazo HSP 2 omnidireccional, incluye micr\u00f3fono, collar\u00edn, cable de conexi\u00f3n, estuche de pl\u00e1stico con hule espuma con cortes a la medida y manual de instrucciones.\",\"breadcrumb\":{\"@id\":\"https:\\\/\\\/www.mexicanguitarplayers.com\\\/tienda\\\/sin categor\u00eda\\\/microfono-sennheiser-hsp4\\\/#breadcrumb\"},\"inLanguage\":\"en-US\",\"potentialAction\":[{\"@type\":\"ReadAction\",\"target\":[\"https:\\\/\\\/www.mexicanguitarplayers.com\\\/tienda\\\/sin categor\u00eda\\\/microfono-sennheiser-hsp4\\\/\"]}]},{\"@type\":\"ImageObject\",\"inLanguage\":\"en-US\",\"@id\":\"https:\\\/\\\/www.mexicanguitarplayers.com\\\/tienda\\\/sin categor\u00eda\\\/microfono-sennheiser-hsp4\\\/#primaryimage\",\"url\":\"https:\\\/\\\/www.mexicanguitarplayers.com\\\/wp-content\\\/uploads\\\/2025\\\/04\\\/IASENHSP4.jpg\",\"contentUrl\":\"https:\\\/\\\/www.mexicanguitarplayers.com\\\/wp-content\\\/uploads\\\/2025\\\/04\\\/IASENHSP4.jpg\",\"width\":1200,\"height\":1200},{\"@type\":\"BreadcrumbList\",\"@id\":\"https:\\\/\\\/www.mexicanguitarplayers.com\\\/tienda\\\/sin categor\u00eda\\\/microfono-sennheiser-hsp4\\\/#breadcrumb\",\"itemListElement\":[{\"@type\":\"ListItem\",\"position\":1,\"name\":\"Portada\",\"item\":\"https:\\\/\\\/www.mexicanguitarplayers.com\\\/\"},{\"@type\":\"ListItem\",\"position\":2,\"name\":\"Tienda\",\"item\":\"https:\\\/\\\/www.mexicanguitarplayers.com\\\/tienda\\\/\"},{\"@type\":\"ListItem\",\"position\":3,\"name\":\"MICROFONO SENNHEISER HSP4\"}]},{\"@type\":\"WebSite\",\"@id\":\"https:\\\/\\\/www.mexicanguitarplayers.com\\\/#website\",\"url\":\"https:\\\/\\\/www.mexicanguitarplayers.com\\\/\",\"name\":\"Mexican Guitar Players\",\"description\":\"Website\",\"publisher\":{\"@id\":\"https:\\\/\\\/www.mexicanguitarplayers.com\\\/#organization\"},\"potentialAction\":[{\"@type\":\"SearchAction\",\"target\":{\"@type\":\"EntryPoint\",\"urlTemplate\":\"https:\\\/\\\/www.mexicanguitarplayers.com\\\/?s={search_term_string}\"},\"query-input\":{\"@type\":\"PropertyValueSpecification\",\"valueRequired\":true,\"valueName\":\"search_term_string\"}}],\"inLanguage\":\"en-US\"},{\"@type\":\"Organization\",\"@id\":\"https:\\\/\\\/www.mexicanguitarplayers.com\\\/#organization\",\"name\":\"Mexican Guitar Players\",\"url\":\"https:\\\/\\\/www.mexicanguitarplayers.com\\\/\",\"logo\":{\"@type\":\"ImageObject\",\"inLanguage\":\"en-US\",\"@id\":\"https:\\\/\\\/www.mexicanguitarplayers.com\\\/#\\\/schema\\\/logo\\\/image\\\/\",\"url\":\"\",\"contentUrl\":\"\",\"caption\":\"Mexican Guitar Players\"},\"image\":{\"@id\":\"https:\\\/\\\/www.mexicanguitarplayers.com\\\/#\\\/schema\\\/logo\\\/image\\\/\"}}]}<\/script>\n<!-- \/ Yoast SEO plugin. -->","yoast_head_json":{"title":"MICROFONO SENNHEISER HSP4 - Mexican Guitar Players","description":"Micr\u00f3fono condensador de diadema con patr\u00f3n polar omnidireccional, excelente rechazo al acople ac\u00fastico, incluye una cubierta desmontable como un protector anti-popeo integral (no se requiere protector contra viento externo), ajustable individualmente a todas las medidas de cabezas de los usuarios, dise\u00f1o del collar\u00edn que mantiene al micr\u00f3fono separado del cuello de la camisa o de la ropa, brazo de micr\u00f3fono a prueba de giros (\u00d8 2.0 mm) que puede sujetarse al lado izquierdo o al derecho y es ajustable en longitud y \u00e1ngulo, secci\u00f3n flexible del cuello de ganso, cable de conexi\u00f3n intercambiable de forma sencilla, todas las partes met\u00e1licas est\u00e1n cubiertas por un proceso f\u00edsico de destituci\u00f3n de vapor, tambi\u00e9n puede ser utilizado con el micr\u00f3fono de brazo HSP 2 omnidireccional, incluye micr\u00f3fono, collar\u00edn, cable de conexi\u00f3n, estuche de pl\u00e1stico con hule espuma con cortes a la medida y manual de instrucciones.","robots":{"index":"index","follow":"follow","max-snippet":"max-snippet:-1","max-image-preview":"max-image-preview:large","max-video-preview":"max-video-preview:-1"},"canonical":"https:\/\/www.mexicanguitarplayers.com\/en\/tienda\/sin categor\u00eda\/microfono-sennheiser-hsp4\/","og_locale":"en_US","og_type":"article","og_title":"MICROFONO SENNHEISER HSP4 - Mexican Guitar Players","og_description":"Micr\u00f3fono condensador de diadema con patr\u00f3n polar omnidireccional, excelente rechazo al acople ac\u00fastico, incluye una cubierta desmontable como un protector anti-popeo integral (no se requiere protector contra viento externo), ajustable individualmente a todas las medidas de cabezas de los usuarios, dise\u00f1o del collar\u00edn que mantiene al micr\u00f3fono separado del cuello de la camisa o de la ropa, brazo de micr\u00f3fono a prueba de giros (\u00d8 2.0 mm) que puede sujetarse al lado izquierdo o al derecho y es ajustable en longitud y \u00e1ngulo, secci\u00f3n flexible del cuello de ganso, cable de conexi\u00f3n intercambiable de forma sencilla, todas las partes met\u00e1licas est\u00e1n cubiertas por un proceso f\u00edsico de destituci\u00f3n de vapor, tambi\u00e9n puede ser utilizado con el micr\u00f3fono de brazo HSP 2 omnidireccional, incluye micr\u00f3fono, collar\u00edn, cable de conexi\u00f3n, estuche de pl\u00e1stico con hule espuma con cortes a la medida y manual de instrucciones.","og_url":"https:\/\/www.mexicanguitarplayers.com\/en\/tienda\/sin categor\u00eda\/microfono-sennheiser-hsp4\/","og_site_name":"Mexican Guitar Players","article_modified_time":"2026-04-15T10:17:57+00:00","twitter_card":"summary_large_image","twitter_misc":{"Est. reading time":"1 minute"},"schema":{"@context":"https:\/\/schema.org","@graph":[{"@type":["WebPage","ItemPage"],"@id":"https:\/\/www.mexicanguitarplayers.com\/tienda\/sin categor\u00eda\/microfono-sennheiser-hsp4\/","url":"https:\/\/www.mexicanguitarplayers.com\/tienda\/sin categor\u00eda\/microfono-sennheiser-hsp4\/","name":"MICROFONO SENNHEISER HSP4 - Mexican Guitar Players","isPartOf":{"@id":"https:\/\/www.mexicanguitarplayers.com\/#website"},"primaryImageOfPage":{"@id":"https:\/\/www.mexicanguitarplayers.com\/tienda\/sin categor\u00eda\/microfono-sennheiser-hsp4\/#primaryimage"},"image":{"@id":"https:\/\/www.mexicanguitarplayers.com\/tienda\/sin categor\u00eda\/microfono-sennheiser-hsp4\/#primaryimage"},"thumbnailUrl":"https:\/\/www.mexicanguitarplayers.com\/wp-content\/uploads\/2025\/04\/IASENHSP4.jpg","datePublished":"2025-04-09T04:33:43+00:00","dateModified":"2026-04-15T10:17:57+00:00","description":"Micr\u00f3fono condensador de diadema con patr\u00f3n polar omnidireccional, excelente rechazo al acople ac\u00fastico, incluye una cubierta desmontable como un protector anti-popeo integral (no se requiere protector contra viento externo), ajustable individualmente a todas las medidas de cabezas de los usuarios, dise\u00f1o del collar\u00edn que mantiene al micr\u00f3fono separado del cuello de la camisa o de la ropa, brazo de micr\u00f3fono a prueba de giros (\u00d8 2.0 mm) que puede sujetarse al lado izquierdo o al derecho y es ajustable en longitud y \u00e1ngulo, secci\u00f3n flexible del cuello de ganso, cable de conexi\u00f3n intercambiable de forma sencilla, todas las partes met\u00e1licas est\u00e1n cubiertas por un proceso f\u00edsico de destituci\u00f3n de vapor, tambi\u00e9n puede ser utilizado con el micr\u00f3fono de brazo HSP 2 omnidireccional, incluye micr\u00f3fono, collar\u00edn, cable de conexi\u00f3n, estuche de pl\u00e1stico con hule espuma con cortes a la medida y manual de instrucciones.","breadcrumb":{"@id":"https:\/\/www.mexicanguitarplayers.com\/tienda\/sin categor\u00eda\/microfono-sennheiser-hsp4\/#breadcrumb"},"inLanguage":"en-US","potentialAction":[{"@type":"ReadAction","target":["https:\/\/www.mexicanguitarplayers.com\/tienda\/sin categor\u00eda\/microfono-sennheiser-hsp4\/"]}]},{"@type":"ImageObject","inLanguage":"en-US","@id":"https:\/\/www.mexicanguitarplayers.com\/tienda\/sin categor\u00eda\/microfono-sennheiser-hsp4\/#primaryimage","url":"https:\/\/www.mexicanguitarplayers.com\/wp-content\/uploads\/2025\/04\/IASENHSP4.jpg","contentUrl":"https:\/\/www.mexicanguitarplayers.com\/wp-content\/uploads\/2025\/04\/IASENHSP4.jpg","width":1200,"height":1200},{"@type":"BreadcrumbList","@id":"https:\/\/www.mexicanguitarplayers.com\/tienda\/sin categor\u00eda\/microfono-sennheiser-hsp4\/#breadcrumb","itemListElement":[{"@type":"ListItem","position":1,"name":"Portada","item":"https:\/\/www.mexicanguitarplayers.com\/"},{"@type":"ListItem","position":2,"name":"Tienda","item":"https:\/\/www.mexicanguitarplayers.com\/tienda\/"},{"@type":"ListItem","position":3,"name":"MICROFONO SENNHEISER HSP4"}]},{"@type":"WebSite","@id":"https:\/\/www.mexicanguitarplayers.com\/#website","url":"https:\/\/www.mexicanguitarplayers.com\/","name":"Mexican Guitar Players","description":"Website","publisher":{"@id":"https:\/\/www.mexicanguitarplayers.com\/#organization"},"potentialAction":[{"@type":"SearchAction","target":{"@type":"EntryPoint","urlTemplate":"https:\/\/www.mexicanguitarplayers.com\/?s={search_term_string}"},"query-input":{"@type":"PropertyValueSpecification","valueRequired":true,"valueName":"search_term_string"}}],"inLanguage":"en-US"},{"@type":"Organization","@id":"https:\/\/www.mexicanguitarplayers.com\/#organization","name":"Mexican Guitar Players","url":"https:\/\/www.mexicanguitarplayers.com\/","logo":{"@type":"ImageObject","inLanguage":"en-US","@id":"https:\/\/www.mexicanguitarplayers.com\/#\/schema\/logo\/image\/","url":"","contentUrl":"","caption":"Mexican Guitar Players"},"image":{"@id":"https:\/\/www.mexicanguitarplayers.com\/#\/schema\/logo\/image\/"}}]}},"brands":[{"id":176,"name":"SENNHEISER","slug":"sennheiser"}],"_links":{"self":[{"href":"https:\/\/www.mexicanguitarplayers.com\/en\/wp-json\/wp\/v2\/product\/36309","targetHints":{"allow":["GET"]}}],"collection":[{"href":"https:\/\/www.mexicanguitarplayers.com\/en\/wp-json\/wp\/v2\/product"}],"about":[{"href":"https:\/\/www.mexicanguitarplayers.com\/en\/wp-json\/wp\/v2\/types\/product"}],"replies":[{"embeddable":true,"href":"https:\/\/www.mexicanguitarplayers.com\/en\/wp-json\/wp\/v2\/comments?post=36309"}],"wp:featuredmedia":[{"embeddable":true,"href":"https:\/\/www.mexicanguitarplayers.com\/en\/wp-json\/wp\/v2\/media\/36308"}],"wp:attachment":[{"href":"https:\/\/www.mexicanguitarplayers.com\/en\/wp-json\/wp\/v2\/media?parent=36309"}],"wp:term":[{"taxonomy":"pwb-brand","embeddable":true,"href":"https:\/\/www.mexicanguitarplayers.com\/en\/wp-json\/wp\/v2\/pwb-brand?post=36309"},{"taxonomy":"product_brand","embeddable":true,"href":"https:\/\/www.mexicanguitarplayers.com\/en\/wp-json\/wp\/v2\/product_brand?post=36309"},{"taxonomy":"product_cat","embeddable":true,"href":"https:\/\/www.mexicanguitarplayers.com\/en\/wp-json\/wp\/v2\/product_cat?post=36309"},{"taxonomy":"product_tag","embeddable":true,"href":"https:\/\/www.mexicanguitarplayers.com\/en\/wp-json\/wp\/v2\/product_tag?post=36309"}],"curies":[{"name":"wp","href":"https:\/\/api.w.org\/{rel}","templated":true}]}}