{"id":36313,"date":"2025-04-08T22:33:48","date_gmt":"2025-04-09T04:33:48","guid":{"rendered":"https:\/\/www.mexicanguitarplayers.com\/tienda\/sin categor\u00eda\/microfono-proel-vocal-mod-dm581usb\/"},"modified":"2026-04-10T04:26:49","modified_gmt":"2026-04-10T10:26:49","slug":"microfono-proel-vocal-mod-dm581usb","status":"publish","type":"product","link":"https:\/\/www.mexicanguitarplayers.com\/en\/tienda\/audio\/microfonia\/microfonos-alambricos\/de-mano\/microfono-proel-vocal-mod-dm581usb\/","title":{"rendered":"MICROFONO PROEL VOCAL MOD. DM581USB"},"content":{"rendered":"<div style=\"text-align: justify\">\n<div>\n<h3><\/h3>\n<\/div>\n<div>Micr\u00f3fono din\u00e1mino Proel con respuesta polar cardioide, cuenta con un convertidor an\u00e1logo a digital para conectarse a una computadora por medio de un puerto USB y no requiere drivers de instalaci\u00f3n. Incluye cable de micr\u00f3fono de 5 metros y cable USB.<\/div>\n<div>\n<h4>Quick look<\/h4>\n<\/div>\n<ul style=\"margin: 0px 0px 0px 25px\">\n<li style=\"list-style-type: circle;margin: 5px\">Transductor.<\/li>\n<li style=\"list-style-type: circle;margin: 5px\">Polar pattern.<\/li>\n<li style=\"list-style-type: circle;margin: 5px\">Frequency response.<\/li>\n<li style=\"list-style-type: circle;margin: 5px\">Sensitivity.<\/li>\n<li style=\"list-style-type: circle;margin: 5px\">SPL m\u00e1ximo para 1% THD.<\/li>\n<li style=\"list-style-type: circle;margin: 5px\">Impedance.<\/li>\n<li style=\"list-style-type: circle;margin: 5px\">Convertidor A\/D.<\/li>\n<li style=\"list-style-type: circle;margin: 5px\">Connector<\/li>\n<li style=\"list-style-type: circle;margin: 5px\">USB.<\/li>\n<li style=\"list-style-type: circle;margin: 5px\">Weight.<\/li>\n<li style=\"list-style-type: circle;margin: 5px\">Dimensions.<\/li>\n<\/ul>\n<div>\n<div style=\"font-weight: bold\">Transductor.<\/div>\n<div>\n<p>Bobina m\u00f3vil.<\/p>\n<\/div>\n<div style=\"font-weight: bold\">Polar pattern.<\/div>\n<div>\n<p>Cardioid.<\/p>\n<\/div>\n<div style=\"font-weight: bold\">Frequency response.<\/div>\n<div>\n<p>60 &#8211; 14,000 Hz.<\/p>\n<\/div>\n<div style=\"font-weight: bold\">Sensitivity.<\/div>\n<div>\n<p>Salida an\u00e1loga: 1 kHz -53 dBv +\/-3 dB.Salida digital: -28 dBv +\/-3 dB.<\/p>\n<\/div>\n<div style=\"font-weight: bold\">SPL m\u00e1ximo para 1% THD.<\/div>\n<div>\n<p>120 dB.<\/p>\n<\/div>\n<div style=\"font-weight: bold\">Impedance.<\/div>\n<div>\n<p>600 ohms.<\/p>\n<\/div>\n<div style=\"font-weight: bold\">Convertidor A\/D.<\/div>\n<div>\n<p>Tasa de muestreo 16 bit a 48 Khz.<\/p>\n<\/div>\n<div style=\"font-weight: bold\">Connector<\/div>\n<div>\n<p>3-pin XLR.<\/p>\n<\/div>\n<div style=\"font-weight: bold\">USB.<\/div>\n<div>\n<p>Conexi\u00f3n est\u00e1ndar USB 1.1, USB 2.0.<\/p>\n<\/div>\n<div style=\"font-weight: bold\">Weight.<\/div>\n<div>\n<p>290 g.<\/p>\n<\/div>\n<div style=\"font-weight: bold\">Dimensions.<\/div>\n<div>\n<p>185 x \u00d8 51 mm.<\/p>\n<\/div>\n<\/div>\n<\/div>","protected":false},"excerpt":{"rendered":"<p>Micr\u00f3fono vocal, transductor: bobina m\u00f3vil, patr\u00f3n polar cardioide, respuesta defrecuencia: 60 &#8211; 14,000 Hz, sensibilidad: 1 kHz -53 dBv +\/-3 dB salida an\u00e1loga,-28 dBv +\/-3 dB salida digital, SPL m\u00e1ximo para 1% THD: 120 dB, impedancia: 600ohms, convertidor A\/D: 16 bit a 48 Khz tasa de muestreo, conector XLR de 3 pines, conexi\u00f3n est\u00e1ndar USB 1.1 , USB 2.0, peso: 290 g, dimensiones: 185 x \u00d8 51 mm.&hellip; <a class=\"kt-excerpt-readmore more-link\" href=\"https:\/\/www.mexicanguitarplayers.com\/en\/tienda\/audio\/microfonia\/microfonos-alambricos\/de-mano\/microfono-proel-vocal-mod-dm581usb\/\">Read more<\/a><\/p>","protected":false},"featured_media":36312,"comment_status":"open","ping_status":"closed","template":"","meta":{"kt_blocks_editor_width":""},"pwb-brand":[252],"product_brand":[],"product_cat":[213,218,214,215],"product_tag":[],"class_list":{"0":"post-36313","1":"product","2":"type-product","3":"status-publish","4":"has-post-thumbnail","6":"pwb-brand-proel","7":"product_cat-audio","8":"product_cat-de-mano","9":"product_cat-microfonia","10":"product_cat-microfonos-alambricos","11":"product_shipping_class-0-5-kg","13":"first","14":"outofstock","15":"taxable","16":"shipping-taxable","17":"purchasable","18":"product-type-simple"},"yoast_head":"<!-- This site is optimized with the Yoast SEO plugin v27.5 - https:\/\/yoast.com\/product\/yoast-seo-wordpress\/ -->\n<title>MICROFONO PROEL VOCAL MOD. DM581USB - Mexican Guitar Players<\/title>\n<meta name=\"description\" content=\"Micr\u00f3fono vocal, transductor: bobina m\u00f3vil, patr\u00f3n polar cardioide, respuesta defrecuencia: 60 - 14,000 Hz, sensibilidad: 1 kHz -53 dBv +\/-3 dB salida an\u00e1loga,-28 dBv +\/-3 dB salida digital, SPL m\u00e1ximo para 1% THD: 120 dB, impedancia: 600ohms, convertidor A\/D: 16 bit a 48 Khz tasa de muestreo, conector XLR de 3 pines, conexi\u00f3n est\u00e1ndar USB 1.1 , USB 2.0, peso: 290 g, dimensiones: 185 x \u00d8 51 mm.\" \/>\n<meta name=\"robots\" content=\"index, follow, max-snippet:-1, max-image-preview:large, max-video-preview:-1\" \/>\n<link rel=\"canonical\" href=\"https:\/\/www.mexicanguitarplayers.com\/en\/tienda\/sin%20categor\u00eda\/microfono-proel-vocal-mod-dm581usb\/\" \/>\n<meta property=\"og:locale\" content=\"en_US\" \/>\n<meta property=\"og:type\" content=\"article\" \/>\n<meta property=\"og:title\" content=\"MICROFONO PROEL VOCAL MOD. DM581USB - Mexican Guitar Players\" \/>\n<meta property=\"og:description\" content=\"Micr\u00f3fono vocal, transductor: bobina m\u00f3vil, patr\u00f3n polar cardioide, respuesta defrecuencia: 60 - 14,000 Hz, sensibilidad: 1 kHz -53 dBv +\/-3 dB salida an\u00e1loga,-28 dBv +\/-3 dB salida digital, SPL m\u00e1ximo para 1% THD: 120 dB, impedancia: 600ohms, convertidor A\/D: 16 bit a 48 Khz tasa de muestreo, conector XLR de 3 pines, conexi\u00f3n est\u00e1ndar USB 1.1 , USB 2.0, peso: 290 g, dimensiones: 185 x \u00d8 51 mm.\" \/>\n<meta property=\"og:url\" content=\"https:\/\/www.mexicanguitarplayers.com\/en\/tienda\/sin categor\u00eda\/microfono-proel-vocal-mod-dm581usb\/\" \/>\n<meta property=\"og:site_name\" content=\"Mexican Guitar Players\" \/>\n<meta property=\"article:modified_time\" content=\"2026-04-10T10:26:49+00:00\" \/>\n<meta name=\"twitter:card\" content=\"summary_large_image\" \/>\n<meta name=\"twitter:label1\" content=\"Est. reading time\" \/>\n\t<meta name=\"twitter:data1\" content=\"1 minute\" \/>\n<script type=\"application\/ld+json\" class=\"yoast-schema-graph\">{\"@context\":\"https:\\\/\\\/schema.org\",\"@graph\":[{\"@type\":[\"WebPage\",\"ItemPage\"],\"@id\":\"https:\\\/\\\/www.mexicanguitarplayers.com\\\/tienda\\\/sin categor\u00eda\\\/microfono-proel-vocal-mod-dm581usb\\\/\",\"url\":\"https:\\\/\\\/www.mexicanguitarplayers.com\\\/tienda\\\/sin categor\u00eda\\\/microfono-proel-vocal-mod-dm581usb\\\/\",\"name\":\"MICROFONO PROEL VOCAL MOD. DM581USB - Mexican Guitar Players\",\"isPartOf\":{\"@id\":\"https:\\\/\\\/www.mexicanguitarplayers.com\\\/#website\"},\"primaryImageOfPage\":{\"@id\":\"https:\\\/\\\/www.mexicanguitarplayers.com\\\/tienda\\\/sin categor\u00eda\\\/microfono-proel-vocal-mod-dm581usb\\\/#primaryimage\"},\"image\":{\"@id\":\"https:\\\/\\\/www.mexicanguitarplayers.com\\\/tienda\\\/sin categor\u00eda\\\/microfono-proel-vocal-mod-dm581usb\\\/#primaryimage\"},\"thumbnailUrl\":\"https:\\\/\\\/www.mexicanguitarplayers.com\\\/wp-content\\\/uploads\\\/2025\\\/04\\\/IAPREDM581USB.jpg\",\"datePublished\":\"2025-04-09T04:33:48+00:00\",\"dateModified\":\"2026-04-10T10:26:49+00:00\",\"description\":\"Micr\u00f3fono vocal, transductor: bobina m\u00f3vil, patr\u00f3n polar cardioide, respuesta defrecuencia: 60 - 14,000 Hz, sensibilidad: 1 kHz -53 dBv +\\\/-3 dB salida an\u00e1loga,-28 dBv +\\\/-3 dB salida digital, SPL m\u00e1ximo para 1% THD: 120 dB, impedancia: 600ohms, convertidor A\\\/D: 16 bit a 48 Khz tasa de muestreo, conector XLR de 3 pines, conexi\u00f3n est\u00e1ndar USB 1.1 , USB 2.0, peso: 290 g, dimensiones: 185 x \u00d8 51 mm.\",\"breadcrumb\":{\"@id\":\"https:\\\/\\\/www.mexicanguitarplayers.com\\\/tienda\\\/sin categor\u00eda\\\/microfono-proel-vocal-mod-dm581usb\\\/#breadcrumb\"},\"inLanguage\":\"en-US\",\"potentialAction\":[{\"@type\":\"ReadAction\",\"target\":[\"https:\\\/\\\/www.mexicanguitarplayers.com\\\/tienda\\\/sin categor\u00eda\\\/microfono-proel-vocal-mod-dm581usb\\\/\"]}]},{\"@type\":\"ImageObject\",\"inLanguage\":\"en-US\",\"@id\":\"https:\\\/\\\/www.mexicanguitarplayers.com\\\/tienda\\\/sin categor\u00eda\\\/microfono-proel-vocal-mod-dm581usb\\\/#primaryimage\",\"url\":\"https:\\\/\\\/www.mexicanguitarplayers.com\\\/wp-content\\\/uploads\\\/2025\\\/04\\\/IAPREDM581USB.jpg\",\"contentUrl\":\"https:\\\/\\\/www.mexicanguitarplayers.com\\\/wp-content\\\/uploads\\\/2025\\\/04\\\/IAPREDM581USB.jpg\",\"width\":800,\"height\":1600},{\"@type\":\"BreadcrumbList\",\"@id\":\"https:\\\/\\\/www.mexicanguitarplayers.com\\\/tienda\\\/sin categor\u00eda\\\/microfono-proel-vocal-mod-dm581usb\\\/#breadcrumb\",\"itemListElement\":[{\"@type\":\"ListItem\",\"position\":1,\"name\":\"Portada\",\"item\":\"https:\\\/\\\/www.mexicanguitarplayers.com\\\/\"},{\"@type\":\"ListItem\",\"position\":2,\"name\":\"Tienda\",\"item\":\"https:\\\/\\\/www.mexicanguitarplayers.com\\\/tienda\\\/\"},{\"@type\":\"ListItem\",\"position\":3,\"name\":\"MICROFONO PROEL VOCAL MOD. DM581USB\"}]},{\"@type\":\"WebSite\",\"@id\":\"https:\\\/\\\/www.mexicanguitarplayers.com\\\/#website\",\"url\":\"https:\\\/\\\/www.mexicanguitarplayers.com\\\/\",\"name\":\"Mexican Guitar Players\",\"description\":\"Website\",\"publisher\":{\"@id\":\"https:\\\/\\\/www.mexicanguitarplayers.com\\\/#organization\"},\"potentialAction\":[{\"@type\":\"SearchAction\",\"target\":{\"@type\":\"EntryPoint\",\"urlTemplate\":\"https:\\\/\\\/www.mexicanguitarplayers.com\\\/?s={search_term_string}\"},\"query-input\":{\"@type\":\"PropertyValueSpecification\",\"valueRequired\":true,\"valueName\":\"search_term_string\"}}],\"inLanguage\":\"en-US\"},{\"@type\":\"Organization\",\"@id\":\"https:\\\/\\\/www.mexicanguitarplayers.com\\\/#organization\",\"name\":\"Mexican Guitar Players\",\"url\":\"https:\\\/\\\/www.mexicanguitarplayers.com\\\/\",\"logo\":{\"@type\":\"ImageObject\",\"inLanguage\":\"en-US\",\"@id\":\"https:\\\/\\\/www.mexicanguitarplayers.com\\\/#\\\/schema\\\/logo\\\/image\\\/\",\"url\":\"\",\"contentUrl\":\"\",\"caption\":\"Mexican Guitar Players\"},\"image\":{\"@id\":\"https:\\\/\\\/www.mexicanguitarplayers.com\\\/#\\\/schema\\\/logo\\\/image\\\/\"}}]}<\/script>\n<!-- \/ Yoast SEO plugin. -->","yoast_head_json":{"title":"MICROFONO PROEL VOCAL MOD. DM581USB - Mexican Guitar Players","description":"Micr\u00f3fono vocal, transductor: bobina m\u00f3vil, patr\u00f3n polar cardioide, respuesta defrecuencia: 60 - 14,000 Hz, sensibilidad: 1 kHz -53 dBv +\/-3 dB salida an\u00e1loga,-28 dBv +\/-3 dB salida digital, SPL m\u00e1ximo para 1% THD: 120 dB, impedancia: 600ohms, convertidor A\/D: 16 bit a 48 Khz tasa de muestreo, conector XLR de 3 pines, conexi\u00f3n est\u00e1ndar USB 1.1 , USB 2.0, peso: 290 g, dimensiones: 185 x \u00d8 51 mm.","robots":{"index":"index","follow":"follow","max-snippet":"max-snippet:-1","max-image-preview":"max-image-preview:large","max-video-preview":"max-video-preview:-1"},"canonical":"https:\/\/www.mexicanguitarplayers.com\/en\/tienda\/sin categor\u00eda\/microfono-proel-vocal-mod-dm581usb\/","og_locale":"en_US","og_type":"article","og_title":"MICROFONO PROEL VOCAL MOD. DM581USB - Mexican Guitar Players","og_description":"Micr\u00f3fono vocal, transductor: bobina m\u00f3vil, patr\u00f3n polar cardioide, respuesta defrecuencia: 60 - 14,000 Hz, sensibilidad: 1 kHz -53 dBv +\/-3 dB salida an\u00e1loga,-28 dBv +\/-3 dB salida digital, SPL m\u00e1ximo para 1% THD: 120 dB, impedancia: 600ohms, convertidor A\/D: 16 bit a 48 Khz tasa de muestreo, conector XLR de 3 pines, conexi\u00f3n est\u00e1ndar USB 1.1 , USB 2.0, peso: 290 g, dimensiones: 185 x \u00d8 51 mm.","og_url":"https:\/\/www.mexicanguitarplayers.com\/en\/tienda\/sin categor\u00eda\/microfono-proel-vocal-mod-dm581usb\/","og_site_name":"Mexican Guitar Players","article_modified_time":"2026-04-10T10:26:49+00:00","twitter_card":"summary_large_image","twitter_misc":{"Est. reading time":"1 minute"},"schema":{"@context":"https:\/\/schema.org","@graph":[{"@type":["WebPage","ItemPage"],"@id":"https:\/\/www.mexicanguitarplayers.com\/tienda\/sin categor\u00eda\/microfono-proel-vocal-mod-dm581usb\/","url":"https:\/\/www.mexicanguitarplayers.com\/tienda\/sin categor\u00eda\/microfono-proel-vocal-mod-dm581usb\/","name":"MICROFONO PROEL VOCAL MOD. DM581USB - Mexican Guitar Players","isPartOf":{"@id":"https:\/\/www.mexicanguitarplayers.com\/#website"},"primaryImageOfPage":{"@id":"https:\/\/www.mexicanguitarplayers.com\/tienda\/sin categor\u00eda\/microfono-proel-vocal-mod-dm581usb\/#primaryimage"},"image":{"@id":"https:\/\/www.mexicanguitarplayers.com\/tienda\/sin categor\u00eda\/microfono-proel-vocal-mod-dm581usb\/#primaryimage"},"thumbnailUrl":"https:\/\/www.mexicanguitarplayers.com\/wp-content\/uploads\/2025\/04\/IAPREDM581USB.jpg","datePublished":"2025-04-09T04:33:48+00:00","dateModified":"2026-04-10T10:26:49+00:00","description":"Micr\u00f3fono vocal, transductor: bobina m\u00f3vil, patr\u00f3n polar cardioide, respuesta defrecuencia: 60 - 14,000 Hz, sensibilidad: 1 kHz -53 dBv +\/-3 dB salida an\u00e1loga,-28 dBv +\/-3 dB salida digital, SPL m\u00e1ximo para 1% THD: 120 dB, impedancia: 600ohms, convertidor A\/D: 16 bit a 48 Khz tasa de muestreo, conector XLR de 3 pines, conexi\u00f3n est\u00e1ndar USB 1.1 , USB 2.0, peso: 290 g, dimensiones: 185 x \u00d8 51 mm.","breadcrumb":{"@id":"https:\/\/www.mexicanguitarplayers.com\/tienda\/sin categor\u00eda\/microfono-proel-vocal-mod-dm581usb\/#breadcrumb"},"inLanguage":"en-US","potentialAction":[{"@type":"ReadAction","target":["https:\/\/www.mexicanguitarplayers.com\/tienda\/sin categor\u00eda\/microfono-proel-vocal-mod-dm581usb\/"]}]},{"@type":"ImageObject","inLanguage":"en-US","@id":"https:\/\/www.mexicanguitarplayers.com\/tienda\/sin categor\u00eda\/microfono-proel-vocal-mod-dm581usb\/#primaryimage","url":"https:\/\/www.mexicanguitarplayers.com\/wp-content\/uploads\/2025\/04\/IAPREDM581USB.jpg","contentUrl":"https:\/\/www.mexicanguitarplayers.com\/wp-content\/uploads\/2025\/04\/IAPREDM581USB.jpg","width":800,"height":1600},{"@type":"BreadcrumbList","@id":"https:\/\/www.mexicanguitarplayers.com\/tienda\/sin categor\u00eda\/microfono-proel-vocal-mod-dm581usb\/#breadcrumb","itemListElement":[{"@type":"ListItem","position":1,"name":"Portada","item":"https:\/\/www.mexicanguitarplayers.com\/"},{"@type":"ListItem","position":2,"name":"Tienda","item":"https:\/\/www.mexicanguitarplayers.com\/tienda\/"},{"@type":"ListItem","position":3,"name":"MICROFONO PROEL VOCAL MOD. DM581USB"}]},{"@type":"WebSite","@id":"https:\/\/www.mexicanguitarplayers.com\/#website","url":"https:\/\/www.mexicanguitarplayers.com\/","name":"Mexican Guitar Players","description":"Website","publisher":{"@id":"https:\/\/www.mexicanguitarplayers.com\/#organization"},"potentialAction":[{"@type":"SearchAction","target":{"@type":"EntryPoint","urlTemplate":"https:\/\/www.mexicanguitarplayers.com\/?s={search_term_string}"},"query-input":{"@type":"PropertyValueSpecification","valueRequired":true,"valueName":"search_term_string"}}],"inLanguage":"en-US"},{"@type":"Organization","@id":"https:\/\/www.mexicanguitarplayers.com\/#organization","name":"Mexican Guitar Players","url":"https:\/\/www.mexicanguitarplayers.com\/","logo":{"@type":"ImageObject","inLanguage":"en-US","@id":"https:\/\/www.mexicanguitarplayers.com\/#\/schema\/logo\/image\/","url":"","contentUrl":"","caption":"Mexican Guitar Players"},"image":{"@id":"https:\/\/www.mexicanguitarplayers.com\/#\/schema\/logo\/image\/"}}]}},"brands":[{"id":252,"name":"PROEL","slug":"proel"}],"_links":{"self":[{"href":"https:\/\/www.mexicanguitarplayers.com\/en\/wp-json\/wp\/v2\/product\/36313","targetHints":{"allow":["GET"]}}],"collection":[{"href":"https:\/\/www.mexicanguitarplayers.com\/en\/wp-json\/wp\/v2\/product"}],"about":[{"href":"https:\/\/www.mexicanguitarplayers.com\/en\/wp-json\/wp\/v2\/types\/product"}],"replies":[{"embeddable":true,"href":"https:\/\/www.mexicanguitarplayers.com\/en\/wp-json\/wp\/v2\/comments?post=36313"}],"wp:featuredmedia":[{"embeddable":true,"href":"https:\/\/www.mexicanguitarplayers.com\/en\/wp-json\/wp\/v2\/media\/36312"}],"wp:attachment":[{"href":"https:\/\/www.mexicanguitarplayers.com\/en\/wp-json\/wp\/v2\/media?parent=36313"}],"wp:term":[{"taxonomy":"pwb-brand","embeddable":true,"href":"https:\/\/www.mexicanguitarplayers.com\/en\/wp-json\/wp\/v2\/pwb-brand?post=36313"},{"taxonomy":"product_brand","embeddable":true,"href":"https:\/\/www.mexicanguitarplayers.com\/en\/wp-json\/wp\/v2\/product_brand?post=36313"},{"taxonomy":"product_cat","embeddable":true,"href":"https:\/\/www.mexicanguitarplayers.com\/en\/wp-json\/wp\/v2\/product_cat?post=36313"},{"taxonomy":"product_tag","embeddable":true,"href":"https:\/\/www.mexicanguitarplayers.com\/en\/wp-json\/wp\/v2\/product_tag?post=36313"}],"curies":[{"name":"wp","href":"https:\/\/api.w.org\/{rel}","templated":true}]}}