{"id":36317,"date":"2025-04-08T22:33:55","date_gmt":"2025-04-09T04:33:55","guid":{"rendered":"https:\/\/www.mexicanguitarplayers.com\/tienda\/sin categor\u00eda\/bafle-audiocenter-mod-wm3210a\/"},"modified":"2026-04-11T04:15:15","modified_gmt":"2026-04-11T10:15:15","slug":"bafle-audiocenter-mod-wm3210a","status":"publish","type":"product","link":"https:\/\/www.mexicanguitarplayers.com\/en\/tienda\/audio\/bafles-y-bocinas\/bafles\/bafles-activos\/bafle-audiocenter-mod-wm3210a\/","title":{"rendered":"BAFLE AUDIOCENTER MOD. WM3210A"},"content":{"rendered":"<div style=\"text-align: justify\">\n<div>\n<h3>Audiocenter WM3210A sistema de altavoces<\/h3>\n<\/div>\n<div>Monitor de piso WM321 0A de Audiocenter. Cuenta con tecnolog\u00edas integradas de amplificador digital de gran potencia y control DSP as\u00ed como parlantes fabricados con nuevos materiales.<\/div>\n<div>\n<h4>Characteristics<\/h4>\n<\/div>\n<div>\n<ul style=\"margin: 0px 0px 0px 25px\">\n<li style=\"list-style-type: circle;margin: 5px\">caracteristicas<\/li>\n<\/ul>\n<\/div>\n<\/div>","protected":false},"excerpt":{"rendered":"<p>Bafle Audiocenter WM3210A con la innovadora tecnolog\u00eda BrainCore TM y el potente procesador DSP integrado mejoran el rendimiento del altavoz. Con la tecnolog\u00eda de correcci\u00f3n Cort\u2122 y la tecnolog\u00eda de procesamiento Limita\u2122. 3 preajustes diferentes: FLAT, VOCAL, DRUM, los usuarios pueden elegir el preajuste seg\u00fan sus necesidades a trav\u00e9s del interruptor en el panel posterior. WM3210A adopta un amplificador de clase D personalizado con tecnolog\u00eda de alimentaci\u00f3n de modo de conmutaci\u00f3n, lo que garantiza que el sistema tenga una alta eficiencia, una apariencia exquisita y compacta, un efecto de enfriamiento avanzado y una alta calidad.  El disipador de calor grande moldeado mejora la eficiencia de enfriamiento, con el resultado de una mayor confiabilidad del sistema. El dise\u00f1o del gabinete de carga frontal reduce el l\u00edmite de baja frecuencia. El gabinete es muy peque\u00f1o y compacto, pero puede alcanzar un SPL muy alto.&hellip; <a class=\"kt-excerpt-readmore more-link\" href=\"https:\/\/www.mexicanguitarplayers.com\/en\/tienda\/audio\/bafles-y-bocinas\/bafles\/bafles-activos\/bafle-audiocenter-mod-wm3210a\/\">Read more<\/a><\/p>","protected":false},"featured_media":36314,"comment_status":"open","ping_status":"closed","template":"","meta":{"kt_blocks_editor_width":""},"pwb-brand":[525],"product_brand":[],"product_cat":[213,222,472,221],"product_tag":[],"class_list":{"0":"post-36317","1":"product","2":"type-product","3":"status-publish","4":"has-post-thumbnail","6":"pwb-brand-audiocenter","7":"product_cat-audio","8":"product_cat-bafles","9":"product_cat-bafles-activos","10":"product_cat-bafles-y-bocinas","11":"product_shipping_class-20-25-kg","13":"first","14":"outofstock","15":"taxable","16":"shipping-taxable","17":"purchasable","18":"product-type-simple"},"yoast_head":"<!-- This site is optimized with the Yoast SEO plugin v27.5 - https:\/\/yoast.com\/product\/yoast-seo-wordpress\/ -->\n<title>BAFLE AUDIOCENTER MOD. WM3210A - Mexican Guitar Players<\/title>\n<meta name=\"description\" content=\"Bafle Audiocenter WM3210A con la innovadora tecnolog\u00eda BrainCore TM y el potente procesador DSP integrado mejoran el rendimiento del altavoz. Con la tecnolog\u00eda de correcci\u00f3n Cort\u2122 y la tecnolog\u00eda de procesamiento Limita\u2122. 3 preajustes diferentes: FLAT, VOCAL, DRUM, los usuarios pueden elegir el preajuste seg\u00fan sus necesidades a trav\u00e9s del interruptor en el panel posterior. WM3210A adopta un amplificador de clase D personalizado con tecnolog\u00eda de alimentaci\u00f3n de modo de conmutaci\u00f3n, lo que garantiza que el sistema tenga una alta eficiencia, una apariencia exquisita y compacta, un efecto de enfriamiento avanzado y una alta calidad. El disipador de calor grande moldeado mejora la eficiencia de enfriamiento, con el resultado de una mayor confiabilidad del sistema. El dise\u00f1o del gabinete de carga frontal reduce el l\u00edmite de baja frecuencia. El gabinete es muy peque\u00f1o y compacto, pero puede alcanzar un SPL muy alto.\" \/>\n<meta name=\"robots\" content=\"index, follow, max-snippet:-1, max-image-preview:large, max-video-preview:-1\" \/>\n<link rel=\"canonical\" href=\"https:\/\/www.mexicanguitarplayers.com\/en\/tienda\/sin%20categor\u00eda\/bafle-audiocenter-mod-wm3210a\/\" \/>\n<meta property=\"og:locale\" content=\"en_US\" \/>\n<meta property=\"og:type\" content=\"article\" \/>\n<meta property=\"og:title\" content=\"BAFLE AUDIOCENTER MOD. WM3210A - Mexican Guitar Players\" \/>\n<meta property=\"og:description\" content=\"Bafle Audiocenter WM3210A con la innovadora tecnolog\u00eda BrainCore TM y el potente procesador DSP integrado mejoran el rendimiento del altavoz. Con la tecnolog\u00eda de correcci\u00f3n Cort\u2122 y la tecnolog\u00eda de procesamiento Limita\u2122. 3 preajustes diferentes: FLAT, VOCAL, DRUM, los usuarios pueden elegir el preajuste seg\u00fan sus necesidades a trav\u00e9s del interruptor en el panel posterior. WM3210A adopta un amplificador de clase D personalizado con tecnolog\u00eda de alimentaci\u00f3n de modo de conmutaci\u00f3n, lo que garantiza que el sistema tenga una alta eficiencia, una apariencia exquisita y compacta, un efecto de enfriamiento avanzado y una alta calidad. El disipador de calor grande moldeado mejora la eficiencia de enfriamiento, con el resultado de una mayor confiabilidad del sistema. El dise\u00f1o del gabinete de carga frontal reduce el l\u00edmite de baja frecuencia. El gabinete es muy peque\u00f1o y compacto, pero puede alcanzar un SPL muy alto.\" \/>\n<meta property=\"og:url\" content=\"https:\/\/www.mexicanguitarplayers.com\/en\/tienda\/sin categor\u00eda\/bafle-audiocenter-mod-wm3210a\/\" \/>\n<meta property=\"og:site_name\" content=\"Mexican Guitar Players\" \/>\n<meta property=\"article:modified_time\" content=\"2026-04-11T10:15:15+00:00\" \/>\n<meta name=\"twitter:card\" content=\"summary_large_image\" \/>\n<script type=\"application\/ld+json\" class=\"yoast-schema-graph\">{\"@context\":\"https:\\\/\\\/schema.org\",\"@graph\":[{\"@type\":[\"WebPage\",\"ItemPage\"],\"@id\":\"https:\\\/\\\/www.mexicanguitarplayers.com\\\/tienda\\\/sin categor\u00eda\\\/bafle-audiocenter-mod-wm3210a\\\/\",\"url\":\"https:\\\/\\\/www.mexicanguitarplayers.com\\\/tienda\\\/sin categor\u00eda\\\/bafle-audiocenter-mod-wm3210a\\\/\",\"name\":\"BAFLE AUDIOCENTER MOD. WM3210A - Mexican Guitar Players\",\"isPartOf\":{\"@id\":\"https:\\\/\\\/www.mexicanguitarplayers.com\\\/#website\"},\"primaryImageOfPage\":{\"@id\":\"https:\\\/\\\/www.mexicanguitarplayers.com\\\/tienda\\\/sin categor\u00eda\\\/bafle-audiocenter-mod-wm3210a\\\/#primaryimage\"},\"image\":{\"@id\":\"https:\\\/\\\/www.mexicanguitarplayers.com\\\/tienda\\\/sin categor\u00eda\\\/bafle-audiocenter-mod-wm3210a\\\/#primaryimage\"},\"thumbnailUrl\":\"https:\\\/\\\/www.mexicanguitarplayers.com\\\/wp-content\\\/uploads\\\/2025\\\/04\\\/IAACTWM3210A.jpg\",\"datePublished\":\"2025-04-09T04:33:55+00:00\",\"dateModified\":\"2026-04-11T10:15:15+00:00\",\"description\":\"Bafle Audiocenter WM3210A con la innovadora tecnolog\u00eda BrainCore TM y el potente procesador DSP integrado mejoran el rendimiento del altavoz. Con la tecnolog\u00eda de correcci\u00f3n Cort\u2122 y la tecnolog\u00eda de procesamiento Limita\u2122. 3 preajustes diferentes: FLAT, VOCAL, DRUM, los usuarios pueden elegir el preajuste seg\u00fan sus necesidades a trav\u00e9s del interruptor en el panel posterior. WM3210A adopta un amplificador de clase D personalizado con tecnolog\u00eda de alimentaci\u00f3n de modo de conmutaci\u00f3n, lo que garantiza que el sistema tenga una alta eficiencia, una apariencia exquisita y compacta, un efecto de enfriamiento avanzado y una alta calidad. El disipador de calor grande moldeado mejora la eficiencia de enfriamiento, con el resultado de una mayor confiabilidad del sistema. El dise\u00f1o del gabinete de carga frontal reduce el l\u00edmite de baja frecuencia. El gabinete es muy peque\u00f1o y compacto, pero puede alcanzar un SPL muy alto.\",\"breadcrumb\":{\"@id\":\"https:\\\/\\\/www.mexicanguitarplayers.com\\\/tienda\\\/sin categor\u00eda\\\/bafle-audiocenter-mod-wm3210a\\\/#breadcrumb\"},\"inLanguage\":\"en-US\",\"potentialAction\":[{\"@type\":\"ReadAction\",\"target\":[\"https:\\\/\\\/www.mexicanguitarplayers.com\\\/tienda\\\/sin categor\u00eda\\\/bafle-audiocenter-mod-wm3210a\\\/\"]}]},{\"@type\":\"ImageObject\",\"inLanguage\":\"en-US\",\"@id\":\"https:\\\/\\\/www.mexicanguitarplayers.com\\\/tienda\\\/sin categor\u00eda\\\/bafle-audiocenter-mod-wm3210a\\\/#primaryimage\",\"url\":\"https:\\\/\\\/www.mexicanguitarplayers.com\\\/wp-content\\\/uploads\\\/2025\\\/04\\\/IAACTWM3210A.jpg\",\"contentUrl\":\"https:\\\/\\\/www.mexicanguitarplayers.com\\\/wp-content\\\/uploads\\\/2025\\\/04\\\/IAACTWM3210A.jpg\",\"width\":1600,\"height\":800},{\"@type\":\"BreadcrumbList\",\"@id\":\"https:\\\/\\\/www.mexicanguitarplayers.com\\\/tienda\\\/sin categor\u00eda\\\/bafle-audiocenter-mod-wm3210a\\\/#breadcrumb\",\"itemListElement\":[{\"@type\":\"ListItem\",\"position\":1,\"name\":\"Portada\",\"item\":\"https:\\\/\\\/www.mexicanguitarplayers.com\\\/\"},{\"@type\":\"ListItem\",\"position\":2,\"name\":\"Tienda\",\"item\":\"https:\\\/\\\/www.mexicanguitarplayers.com\\\/tienda\\\/\"},{\"@type\":\"ListItem\",\"position\":3,\"name\":\"BAFLE AUDIOCENTER MOD. WM3210A\"}]},{\"@type\":\"WebSite\",\"@id\":\"https:\\\/\\\/www.mexicanguitarplayers.com\\\/#website\",\"url\":\"https:\\\/\\\/www.mexicanguitarplayers.com\\\/\",\"name\":\"Mexican Guitar Players\",\"description\":\"Website\",\"publisher\":{\"@id\":\"https:\\\/\\\/www.mexicanguitarplayers.com\\\/#organization\"},\"potentialAction\":[{\"@type\":\"SearchAction\",\"target\":{\"@type\":\"EntryPoint\",\"urlTemplate\":\"https:\\\/\\\/www.mexicanguitarplayers.com\\\/?s={search_term_string}\"},\"query-input\":{\"@type\":\"PropertyValueSpecification\",\"valueRequired\":true,\"valueName\":\"search_term_string\"}}],\"inLanguage\":\"en-US\"},{\"@type\":\"Organization\",\"@id\":\"https:\\\/\\\/www.mexicanguitarplayers.com\\\/#organization\",\"name\":\"Mexican Guitar Players\",\"url\":\"https:\\\/\\\/www.mexicanguitarplayers.com\\\/\",\"logo\":{\"@type\":\"ImageObject\",\"inLanguage\":\"en-US\",\"@id\":\"https:\\\/\\\/www.mexicanguitarplayers.com\\\/#\\\/schema\\\/logo\\\/image\\\/\",\"url\":\"\",\"contentUrl\":\"\",\"caption\":\"Mexican Guitar Players\"},\"image\":{\"@id\":\"https:\\\/\\\/www.mexicanguitarplayers.com\\\/#\\\/schema\\\/logo\\\/image\\\/\"}}]}<\/script>\n<!-- \/ Yoast SEO plugin. -->","yoast_head_json":{"title":"BAFLE AUDIOCENTER MOD. WM3210A - Mexican Guitar Players","description":"Bafle Audiocenter WM3210A con la innovadora tecnolog\u00eda BrainCore TM y el potente procesador DSP integrado mejoran el rendimiento del altavoz. Con la tecnolog\u00eda de correcci\u00f3n Cort\u2122 y la tecnolog\u00eda de procesamiento Limita\u2122. 3 preajustes diferentes: FLAT, VOCAL, DRUM, los usuarios pueden elegir el preajuste seg\u00fan sus necesidades a trav\u00e9s del interruptor en el panel posterior. WM3210A adopta un amplificador de clase D personalizado con tecnolog\u00eda de alimentaci\u00f3n de modo de conmutaci\u00f3n, lo que garantiza que el sistema tenga una alta eficiencia, una apariencia exquisita y compacta, un efecto de enfriamiento avanzado y una alta calidad. El disipador de calor grande moldeado mejora la eficiencia de enfriamiento, con el resultado de una mayor confiabilidad del sistema. El dise\u00f1o del gabinete de carga frontal reduce el l\u00edmite de baja frecuencia. El gabinete es muy peque\u00f1o y compacto, pero puede alcanzar un SPL muy alto.","robots":{"index":"index","follow":"follow","max-snippet":"max-snippet:-1","max-image-preview":"max-image-preview:large","max-video-preview":"max-video-preview:-1"},"canonical":"https:\/\/www.mexicanguitarplayers.com\/en\/tienda\/sin categor\u00eda\/bafle-audiocenter-mod-wm3210a\/","og_locale":"en_US","og_type":"article","og_title":"BAFLE AUDIOCENTER MOD. WM3210A - Mexican Guitar Players","og_description":"Bafle Audiocenter WM3210A con la innovadora tecnolog\u00eda BrainCore TM y el potente procesador DSP integrado mejoran el rendimiento del altavoz. Con la tecnolog\u00eda de correcci\u00f3n Cort\u2122 y la tecnolog\u00eda de procesamiento Limita\u2122. 3 preajustes diferentes: FLAT, VOCAL, DRUM, los usuarios pueden elegir el preajuste seg\u00fan sus necesidades a trav\u00e9s del interruptor en el panel posterior. WM3210A adopta un amplificador de clase D personalizado con tecnolog\u00eda de alimentaci\u00f3n de modo de conmutaci\u00f3n, lo que garantiza que el sistema tenga una alta eficiencia, una apariencia exquisita y compacta, un efecto de enfriamiento avanzado y una alta calidad. El disipador de calor grande moldeado mejora la eficiencia de enfriamiento, con el resultado de una mayor confiabilidad del sistema. El dise\u00f1o del gabinete de carga frontal reduce el l\u00edmite de baja frecuencia. El gabinete es muy peque\u00f1o y compacto, pero puede alcanzar un SPL muy alto.","og_url":"https:\/\/www.mexicanguitarplayers.com\/en\/tienda\/sin categor\u00eda\/bafle-audiocenter-mod-wm3210a\/","og_site_name":"Mexican Guitar Players","article_modified_time":"2026-04-11T10:15:15+00:00","twitter_card":"summary_large_image","schema":{"@context":"https:\/\/schema.org","@graph":[{"@type":["WebPage","ItemPage"],"@id":"https:\/\/www.mexicanguitarplayers.com\/tienda\/sin categor\u00eda\/bafle-audiocenter-mod-wm3210a\/","url":"https:\/\/www.mexicanguitarplayers.com\/tienda\/sin categor\u00eda\/bafle-audiocenter-mod-wm3210a\/","name":"BAFLE AUDIOCENTER MOD. WM3210A - Mexican Guitar Players","isPartOf":{"@id":"https:\/\/www.mexicanguitarplayers.com\/#website"},"primaryImageOfPage":{"@id":"https:\/\/www.mexicanguitarplayers.com\/tienda\/sin categor\u00eda\/bafle-audiocenter-mod-wm3210a\/#primaryimage"},"image":{"@id":"https:\/\/www.mexicanguitarplayers.com\/tienda\/sin categor\u00eda\/bafle-audiocenter-mod-wm3210a\/#primaryimage"},"thumbnailUrl":"https:\/\/www.mexicanguitarplayers.com\/wp-content\/uploads\/2025\/04\/IAACTWM3210A.jpg","datePublished":"2025-04-09T04:33:55+00:00","dateModified":"2026-04-11T10:15:15+00:00","description":"Bafle Audiocenter WM3210A con la innovadora tecnolog\u00eda BrainCore TM y el potente procesador DSP integrado mejoran el rendimiento del altavoz. Con la tecnolog\u00eda de correcci\u00f3n Cort\u2122 y la tecnolog\u00eda de procesamiento Limita\u2122. 3 preajustes diferentes: FLAT, VOCAL, DRUM, los usuarios pueden elegir el preajuste seg\u00fan sus necesidades a trav\u00e9s del interruptor en el panel posterior. WM3210A adopta un amplificador de clase D personalizado con tecnolog\u00eda de alimentaci\u00f3n de modo de conmutaci\u00f3n, lo que garantiza que el sistema tenga una alta eficiencia, una apariencia exquisita y compacta, un efecto de enfriamiento avanzado y una alta calidad. El disipador de calor grande moldeado mejora la eficiencia de enfriamiento, con el resultado de una mayor confiabilidad del sistema. El dise\u00f1o del gabinete de carga frontal reduce el l\u00edmite de baja frecuencia. El gabinete es muy peque\u00f1o y compacto, pero puede alcanzar un SPL muy alto.","breadcrumb":{"@id":"https:\/\/www.mexicanguitarplayers.com\/tienda\/sin categor\u00eda\/bafle-audiocenter-mod-wm3210a\/#breadcrumb"},"inLanguage":"en-US","potentialAction":[{"@type":"ReadAction","target":["https:\/\/www.mexicanguitarplayers.com\/tienda\/sin categor\u00eda\/bafle-audiocenter-mod-wm3210a\/"]}]},{"@type":"ImageObject","inLanguage":"en-US","@id":"https:\/\/www.mexicanguitarplayers.com\/tienda\/sin categor\u00eda\/bafle-audiocenter-mod-wm3210a\/#primaryimage","url":"https:\/\/www.mexicanguitarplayers.com\/wp-content\/uploads\/2025\/04\/IAACTWM3210A.jpg","contentUrl":"https:\/\/www.mexicanguitarplayers.com\/wp-content\/uploads\/2025\/04\/IAACTWM3210A.jpg","width":1600,"height":800},{"@type":"BreadcrumbList","@id":"https:\/\/www.mexicanguitarplayers.com\/tienda\/sin categor\u00eda\/bafle-audiocenter-mod-wm3210a\/#breadcrumb","itemListElement":[{"@type":"ListItem","position":1,"name":"Portada","item":"https:\/\/www.mexicanguitarplayers.com\/"},{"@type":"ListItem","position":2,"name":"Tienda","item":"https:\/\/www.mexicanguitarplayers.com\/tienda\/"},{"@type":"ListItem","position":3,"name":"BAFLE AUDIOCENTER MOD. WM3210A"}]},{"@type":"WebSite","@id":"https:\/\/www.mexicanguitarplayers.com\/#website","url":"https:\/\/www.mexicanguitarplayers.com\/","name":"Mexican Guitar Players","description":"Website","publisher":{"@id":"https:\/\/www.mexicanguitarplayers.com\/#organization"},"potentialAction":[{"@type":"SearchAction","target":{"@type":"EntryPoint","urlTemplate":"https:\/\/www.mexicanguitarplayers.com\/?s={search_term_string}"},"query-input":{"@type":"PropertyValueSpecification","valueRequired":true,"valueName":"search_term_string"}}],"inLanguage":"en-US"},{"@type":"Organization","@id":"https:\/\/www.mexicanguitarplayers.com\/#organization","name":"Mexican Guitar Players","url":"https:\/\/www.mexicanguitarplayers.com\/","logo":{"@type":"ImageObject","inLanguage":"en-US","@id":"https:\/\/www.mexicanguitarplayers.com\/#\/schema\/logo\/image\/","url":"","contentUrl":"","caption":"Mexican Guitar Players"},"image":{"@id":"https:\/\/www.mexicanguitarplayers.com\/#\/schema\/logo\/image\/"}}]}},"brands":[{"id":525,"name":"AUDIOCENTER","slug":"audiocenter"}],"_links":{"self":[{"href":"https:\/\/www.mexicanguitarplayers.com\/en\/wp-json\/wp\/v2\/product\/36317","targetHints":{"allow":["GET"]}}],"collection":[{"href":"https:\/\/www.mexicanguitarplayers.com\/en\/wp-json\/wp\/v2\/product"}],"about":[{"href":"https:\/\/www.mexicanguitarplayers.com\/en\/wp-json\/wp\/v2\/types\/product"}],"replies":[{"embeddable":true,"href":"https:\/\/www.mexicanguitarplayers.com\/en\/wp-json\/wp\/v2\/comments?post=36317"}],"wp:featuredmedia":[{"embeddable":true,"href":"https:\/\/www.mexicanguitarplayers.com\/en\/wp-json\/wp\/v2\/media\/36314"}],"wp:attachment":[{"href":"https:\/\/www.mexicanguitarplayers.com\/en\/wp-json\/wp\/v2\/media?parent=36317"}],"wp:term":[{"taxonomy":"pwb-brand","embeddable":true,"href":"https:\/\/www.mexicanguitarplayers.com\/en\/wp-json\/wp\/v2\/pwb-brand?post=36317"},{"taxonomy":"product_brand","embeddable":true,"href":"https:\/\/www.mexicanguitarplayers.com\/en\/wp-json\/wp\/v2\/product_brand?post=36317"},{"taxonomy":"product_cat","embeddable":true,"href":"https:\/\/www.mexicanguitarplayers.com\/en\/wp-json\/wp\/v2\/product_cat?post=36317"},{"taxonomy":"product_tag","embeddable":true,"href":"https:\/\/www.mexicanguitarplayers.com\/en\/wp-json\/wp\/v2\/product_tag?post=36317"}],"curies":[{"name":"wp","href":"https:\/\/api.w.org\/{rel}","templated":true}]}}