{"id":36383,"date":"2025-04-08T22:35:53","date_gmt":"2025-04-09T04:35:53","guid":{"rendered":"https:\/\/www.mexicanguitarplayers.com\/tienda\/sin categor\u00eda\/microfono-prosound-inalambrico-pwm-22d-ii\/"},"modified":"2026-04-15T04:17:56","modified_gmt":"2026-04-15T10:17:56","slug":"microfono-prosound-inalambrico-pwm-22d-ii","status":"publish","type":"product","link":"https:\/\/www.mexicanguitarplayers.com\/en\/tienda\/audio\/microfonia\/microfonos-alambricos\/de-mano\/microfono-prosound-inalambrico-pwm-22d-ii\/","title":{"rendered":"MICROFONO PROSOUND INALAMBRICO PWM-22D II"},"content":{"rendered":"<div style=\"text-align: justify\">\n<div>\n<h3>Un sistema inal\u00e1mbrico eficaz con un amplio rango din\u00e1mico para uso en exteriores.<\/h3>\n<\/div>\n<div>Hemos dise\u00f1ado y desarrollado este excelente micr\u00f3fono inal\u00e1mbrico utilizando un sistema de integraci\u00f3n completo; un chip integrado al amplificador del micr\u00f3fono. Cuenta con procesador DSP, bloqueo de fase y generador de frecuencia continua. Comparado con otros sistemas tradicionales, la estabilidad y confiabilidad en todos nuestros m\u00f3dulos de circuiter\u00eda mejora a\u00fan m\u00e1s. Nuestros micr\u00f3fonos utilizan la tradicional tecnolog\u00eda de modulaci\u00f3n FM, cuentan con la funcionalidad de alto desempe\u00f1o en RF y calidad de audio, brind\u00e1ndote una gran calidad de sonido, circuito de control para ruido extremo que reduce la interferencia. Un sistema eficiente de bater\u00eda permite el uso continuo del equipo por largos periodos de tiempo. El receptor y el transmisor muestran su frecuencia en una pantalla LCD (frecuencia seleccionable) y cuenta con una excelente capsula cardiode para un sonido m\u00e1s claro. Es ideal para su uso en peque\u00f1os y grandes escenarios, salas de baile, salones de conferencias y reuniones familiares.<\/div>\n<div>\n<h4>Quick look<\/h4>\n<\/div>\n<ul style=\"margin: 0px 0px 0px 25px\">\n<li style=\"list-style-type: circle;margin: 5px\">Accessories included.<\/li>\n<li style=\"list-style-type: circle;margin: 5px\">Transmisores de mano<\/li>\n<\/ul>\n<div>\n<div style=\"font-weight: bold\">Accessories included.<\/div>\n<div>\n<p>Un receptor, dos transmisores de mano, 4 pilas AA, un cable de 6.3 mm, adaptador de corriente y manual de usuario.<\/p>\n<\/div>\n<div style=\"font-weight: bold\">Transmisores de mano<\/div>\n<div>\n<p>Transmisores de mano.Bot\u00f3n On\/Off. Funci\u00f3n de Mute incluida. Rango de frecuencia: 630 &#8211; 660 MHz. Utiliza dos pilas de 1.5V AA. Duraci\u00f3n de la bater\u00eda &gt; 5 horas. <\/p>\n<\/div>\n<\/div>\n<div>\n<h4>Characteristics<\/h4>\n<\/div>\n<div>\n<ul style=\"margin: 0px 0px 0px 25px\">\n<li style=\"list-style-type: circle;margin: 5px\">Receptor<\/li>\n<\/ul>\n<\/div>\n<\/div>","protected":false},"excerpt":{"rendered":"<p>Sistema de microfon\u00eda inal\u00e1mbrica, incluye un receptor, dos transmisores de mano, 4 pilas AA, un cable de 6.3 mm, adaptador de corriente y manual de usuario, receptor: banda UHF de dos canales con rango de frecuencia de 630 &#8211; 660 MHz, botones en los dos lados de la pantalla LCD, s\u00edmbolo de infrarrojo, bot\u00f3n de encendido, volumen A y B, ajuste de frecuencia hacia arriba, ajuste de frecuencia hacia abajo, bot\u00f3n de Set para ajustar, rango din\u00e1mico de 96 dB, respuesta de frecuencia: 30 a 20 KHz (\u00b12 dB), sensibilidad de -95 dBm, voltaje: DCV12V 500 mA, una salida de 6.3 mm y 2 salidas XLR balanceadas, transmisores de mano: bot\u00f3n On\/Off, y funci\u00f3n de Mute incluida, rango de frecuencia: 630 &#8211; 660 MHz, utiliza dos pilas de 1.5V AA, duraci\u00f3n de la bater\u00eda &gt; 5 horas. Incluye estuche met\u00e1lico.&hellip; <a class=\"kt-excerpt-readmore more-link\" href=\"https:\/\/www.mexicanguitarplayers.com\/en\/tienda\/audio\/microfonia\/microfonos-alambricos\/de-mano\/microfono-prosound-inalambrico-pwm-22d-ii\/\">Read more<\/a><\/p>","protected":false},"featured_media":36374,"comment_status":"open","ping_status":"closed","template":"","meta":{"kt_blocks_editor_width":""},"pwb-brand":[542],"product_brand":[],"product_cat":[213,218,214,231],"product_tag":[],"class_list":{"0":"post-36383","1":"product","2":"type-product","3":"status-publish","4":"has-post-thumbnail","6":"pwb-brand-prosound","7":"product_cat-audio","8":"product_cat-de-mano","9":"product_cat-microfonia","10":"product_cat-microfonos-inalambricos","11":"product_shipping_class-0-5-kg","13":"first","14":"outofstock","15":"taxable","16":"shipping-taxable","17":"purchasable","18":"product-type-simple"},"yoast_head":"<!-- This site is optimized with the Yoast SEO plugin v27.5 - https:\/\/yoast.com\/product\/yoast-seo-wordpress\/ -->\n<title>MICROFONO PROSOUND INALAMBRICO PWM-22D II - Mexican Guitar Players<\/title>\n<meta name=\"description\" content=\"Sistema de microfon\u00eda inal\u00e1mbrica, incluye un receptor, dos transmisores de mano, 4 pilas AA, un cable de 6.3 mm, adaptador de corriente y manual de usuario, receptor: banda UHF de dos canales con rango de frecuencia de 630 - 660 MHz, botones en los dos lados de la pantalla LCD, s\u00edmbolo de infrarrojo, bot\u00f3n de encendido, volumen A y B, ajuste de frecuencia hacia arriba, ajuste de frecuencia hacia abajo, bot\u00f3n de Set para ajustar, rango din\u00e1mico de 96 dB, respuesta de frecuencia: 30 a 20 KHz (\u00b12 dB), sensibilidad de -95 dBm, voltaje: DCV12V 500 mA, una salida de 6.3 mm y 2 salidas XLR balanceadas, transmisores de mano: bot\u00f3n On\/Off, y funci\u00f3n de Mute incluida, rango de frecuencia: 630 - 660 MHz, utiliza dos pilas de 1.5V AA, duraci\u00f3n de la bater\u00eda &gt; 5 horas. Incluye estuche met\u00e1lico.\" \/>\n<meta name=\"robots\" content=\"index, follow, max-snippet:-1, max-image-preview:large, max-video-preview:-1\" \/>\n<link rel=\"canonical\" href=\"https:\/\/www.mexicanguitarplayers.com\/en\/tienda\/sin%20categor\u00eda\/microfono-prosound-inalambrico-pwm-22d-ii\/\" \/>\n<meta property=\"og:locale\" content=\"en_US\" \/>\n<meta property=\"og:type\" content=\"article\" \/>\n<meta property=\"og:title\" content=\"MICROFONO PROSOUND INALAMBRICO PWM-22D II - Mexican Guitar Players\" \/>\n<meta property=\"og:description\" content=\"Sistema de microfon\u00eda inal\u00e1mbrica, incluye un receptor, dos transmisores de mano, 4 pilas AA, un cable de 6.3 mm, adaptador de corriente y manual de usuario, receptor: banda UHF de dos canales con rango de frecuencia de 630 - 660 MHz, botones en los dos lados de la pantalla LCD, s\u00edmbolo de infrarrojo, bot\u00f3n de encendido, volumen A y B, ajuste de frecuencia hacia arriba, ajuste de frecuencia hacia abajo, bot\u00f3n de Set para ajustar, rango din\u00e1mico de 96 dB, respuesta de frecuencia: 30 a 20 KHz (\u00b12 dB), sensibilidad de -95 dBm, voltaje: DCV12V 500 mA, una salida de 6.3 mm y 2 salidas XLR balanceadas, transmisores de mano: bot\u00f3n On\/Off, y funci\u00f3n de Mute incluida, rango de frecuencia: 630 - 660 MHz, utiliza dos pilas de 1.5V AA, duraci\u00f3n de la bater\u00eda &gt; 5 horas. Incluye estuche met\u00e1lico.\" \/>\n<meta property=\"og:url\" content=\"https:\/\/www.mexicanguitarplayers.com\/en\/tienda\/sin categor\u00eda\/microfono-prosound-inalambrico-pwm-22d-ii\/\" \/>\n<meta property=\"og:site_name\" content=\"Mexican Guitar Players\" \/>\n<meta property=\"article:modified_time\" content=\"2026-04-15T10:17:56+00:00\" \/>\n<meta name=\"twitter:card\" content=\"summary_large_image\" \/>\n<meta name=\"twitter:label1\" content=\"Est. reading time\" \/>\n\t<meta name=\"twitter:data1\" content=\"1 minute\" \/>\n<script type=\"application\/ld+json\" class=\"yoast-schema-graph\">{\"@context\":\"https:\\\/\\\/schema.org\",\"@graph\":[{\"@type\":[\"WebPage\",\"ItemPage\"],\"@id\":\"https:\\\/\\\/www.mexicanguitarplayers.com\\\/tienda\\\/sin categor\u00eda\\\/microfono-prosound-inalambrico-pwm-22d-ii\\\/\",\"url\":\"https:\\\/\\\/www.mexicanguitarplayers.com\\\/tienda\\\/sin categor\u00eda\\\/microfono-prosound-inalambrico-pwm-22d-ii\\\/\",\"name\":\"MICROFONO PROSOUND INALAMBRICO PWM-22D II - Mexican Guitar Players\",\"isPartOf\":{\"@id\":\"https:\\\/\\\/www.mexicanguitarplayers.com\\\/#website\"},\"primaryImageOfPage\":{\"@id\":\"https:\\\/\\\/www.mexicanguitarplayers.com\\\/tienda\\\/sin categor\u00eda\\\/microfono-prosound-inalambrico-pwm-22d-ii\\\/#primaryimage\"},\"image\":{\"@id\":\"https:\\\/\\\/www.mexicanguitarplayers.com\\\/tienda\\\/sin categor\u00eda\\\/microfono-prosound-inalambrico-pwm-22d-ii\\\/#primaryimage\"},\"thumbnailUrl\":\"https:\\\/\\\/www.mexicanguitarplayers.com\\\/wp-content\\\/uploads\\\/2025\\\/04\\\/IAPRSPWM22DII.png\",\"datePublished\":\"2025-04-09T04:35:53+00:00\",\"dateModified\":\"2026-04-15T10:17:56+00:00\",\"description\":\"Sistema de microfon\u00eda inal\u00e1mbrica, incluye un receptor, dos transmisores de mano, 4 pilas AA, un cable de 6.3 mm, adaptador de corriente y manual de usuario, receptor: banda UHF de dos canales con rango de frecuencia de 630 - 660 MHz, botones en los dos lados de la pantalla LCD, s\u00edmbolo de infrarrojo, bot\u00f3n de encendido, volumen A y B, ajuste de frecuencia hacia arriba, ajuste de frecuencia hacia abajo, bot\u00f3n de Set para ajustar, rango din\u00e1mico de 96 dB, respuesta de frecuencia: 30 a 20 KHz (\u00b12 dB), sensibilidad de -95 dBm, voltaje: DCV12V 500 mA, una salida de 6.3 mm y 2 salidas XLR balanceadas, transmisores de mano: bot\u00f3n On\\\/Off, y funci\u00f3n de Mute incluida, rango de frecuencia: 630 - 660 MHz, utiliza dos pilas de 1.5V AA, duraci\u00f3n de la bater\u00eda &gt; 5 horas. Incluye estuche met\u00e1lico.\",\"breadcrumb\":{\"@id\":\"https:\\\/\\\/www.mexicanguitarplayers.com\\\/tienda\\\/sin categor\u00eda\\\/microfono-prosound-inalambrico-pwm-22d-ii\\\/#breadcrumb\"},\"inLanguage\":\"en-US\",\"potentialAction\":[{\"@type\":\"ReadAction\",\"target\":[\"https:\\\/\\\/www.mexicanguitarplayers.com\\\/tienda\\\/sin categor\u00eda\\\/microfono-prosound-inalambrico-pwm-22d-ii\\\/\"]}]},{\"@type\":\"ImageObject\",\"inLanguage\":\"en-US\",\"@id\":\"https:\\\/\\\/www.mexicanguitarplayers.com\\\/tienda\\\/sin categor\u00eda\\\/microfono-prosound-inalambrico-pwm-22d-ii\\\/#primaryimage\",\"url\":\"https:\\\/\\\/www.mexicanguitarplayers.com\\\/wp-content\\\/uploads\\\/2025\\\/04\\\/IAPRSPWM22DII.png\",\"contentUrl\":\"https:\\\/\\\/www.mexicanguitarplayers.com\\\/wp-content\\\/uploads\\\/2025\\\/04\\\/IAPRSPWM22DII.png\",\"width\":1200,\"height\":1200},{\"@type\":\"BreadcrumbList\",\"@id\":\"https:\\\/\\\/www.mexicanguitarplayers.com\\\/tienda\\\/sin categor\u00eda\\\/microfono-prosound-inalambrico-pwm-22d-ii\\\/#breadcrumb\",\"itemListElement\":[{\"@type\":\"ListItem\",\"position\":1,\"name\":\"Portada\",\"item\":\"https:\\\/\\\/www.mexicanguitarplayers.com\\\/\"},{\"@type\":\"ListItem\",\"position\":2,\"name\":\"Tienda\",\"item\":\"https:\\\/\\\/www.mexicanguitarplayers.com\\\/tienda\\\/\"},{\"@type\":\"ListItem\",\"position\":3,\"name\":\"MICROFONO PROSOUND INALAMBRICO PWM-22D II\"}]},{\"@type\":\"WebSite\",\"@id\":\"https:\\\/\\\/www.mexicanguitarplayers.com\\\/#website\",\"url\":\"https:\\\/\\\/www.mexicanguitarplayers.com\\\/\",\"name\":\"Mexican Guitar Players\",\"description\":\"Website\",\"publisher\":{\"@id\":\"https:\\\/\\\/www.mexicanguitarplayers.com\\\/#organization\"},\"potentialAction\":[{\"@type\":\"SearchAction\",\"target\":{\"@type\":\"EntryPoint\",\"urlTemplate\":\"https:\\\/\\\/www.mexicanguitarplayers.com\\\/?s={search_term_string}\"},\"query-input\":{\"@type\":\"PropertyValueSpecification\",\"valueRequired\":true,\"valueName\":\"search_term_string\"}}],\"inLanguage\":\"en-US\"},{\"@type\":\"Organization\",\"@id\":\"https:\\\/\\\/www.mexicanguitarplayers.com\\\/#organization\",\"name\":\"Mexican Guitar Players\",\"url\":\"https:\\\/\\\/www.mexicanguitarplayers.com\\\/\",\"logo\":{\"@type\":\"ImageObject\",\"inLanguage\":\"en-US\",\"@id\":\"https:\\\/\\\/www.mexicanguitarplayers.com\\\/#\\\/schema\\\/logo\\\/image\\\/\",\"url\":\"\",\"contentUrl\":\"\",\"caption\":\"Mexican Guitar Players\"},\"image\":{\"@id\":\"https:\\\/\\\/www.mexicanguitarplayers.com\\\/#\\\/schema\\\/logo\\\/image\\\/\"}}]}<\/script>\n<!-- \/ Yoast SEO plugin. -->","yoast_head_json":{"title":"MICROFONO PROSOUND INALAMBRICO PWM-22D II - Mexican Guitar Players","description":"Sistema de microfon\u00eda inal\u00e1mbrica, incluye un receptor, dos transmisores de mano, 4 pilas AA, un cable de 6.3 mm, adaptador de corriente y manual de usuario, receptor: banda UHF de dos canales con rango de frecuencia de 630 - 660 MHz, botones en los dos lados de la pantalla LCD, s\u00edmbolo de infrarrojo, bot\u00f3n de encendido, volumen A y B, ajuste de frecuencia hacia arriba, ajuste de frecuencia hacia abajo, bot\u00f3n de Set para ajustar, rango din\u00e1mico de 96 dB, respuesta de frecuencia: 30 a 20 KHz (\u00b12 dB), sensibilidad de -95 dBm, voltaje: DCV12V 500 mA, una salida de 6.3 mm y 2 salidas XLR balanceadas, transmisores de mano: bot\u00f3n On\/Off, y funci\u00f3n de Mute incluida, rango de frecuencia: 630 - 660 MHz, utiliza dos pilas de 1.5V AA, duraci\u00f3n de la bater\u00eda &gt; 5 horas. Incluye estuche met\u00e1lico.","robots":{"index":"index","follow":"follow","max-snippet":"max-snippet:-1","max-image-preview":"max-image-preview:large","max-video-preview":"max-video-preview:-1"},"canonical":"https:\/\/www.mexicanguitarplayers.com\/en\/tienda\/sin categor\u00eda\/microfono-prosound-inalambrico-pwm-22d-ii\/","og_locale":"en_US","og_type":"article","og_title":"MICROFONO PROSOUND INALAMBRICO PWM-22D II - Mexican Guitar Players","og_description":"Sistema de microfon\u00eda inal\u00e1mbrica, incluye un receptor, dos transmisores de mano, 4 pilas AA, un cable de 6.3 mm, adaptador de corriente y manual de usuario, receptor: banda UHF de dos canales con rango de frecuencia de 630 - 660 MHz, botones en los dos lados de la pantalla LCD, s\u00edmbolo de infrarrojo, bot\u00f3n de encendido, volumen A y B, ajuste de frecuencia hacia arriba, ajuste de frecuencia hacia abajo, bot\u00f3n de Set para ajustar, rango din\u00e1mico de 96 dB, respuesta de frecuencia: 30 a 20 KHz (\u00b12 dB), sensibilidad de -95 dBm, voltaje: DCV12V 500 mA, una salida de 6.3 mm y 2 salidas XLR balanceadas, transmisores de mano: bot\u00f3n On\/Off, y funci\u00f3n de Mute incluida, rango de frecuencia: 630 - 660 MHz, utiliza dos pilas de 1.5V AA, duraci\u00f3n de la bater\u00eda &gt; 5 horas. Incluye estuche met\u00e1lico.","og_url":"https:\/\/www.mexicanguitarplayers.com\/en\/tienda\/sin categor\u00eda\/microfono-prosound-inalambrico-pwm-22d-ii\/","og_site_name":"Mexican Guitar Players","article_modified_time":"2026-04-15T10:17:56+00:00","twitter_card":"summary_large_image","twitter_misc":{"Est. reading time":"1 minute"},"schema":{"@context":"https:\/\/schema.org","@graph":[{"@type":["WebPage","ItemPage"],"@id":"https:\/\/www.mexicanguitarplayers.com\/tienda\/sin categor\u00eda\/microfono-prosound-inalambrico-pwm-22d-ii\/","url":"https:\/\/www.mexicanguitarplayers.com\/tienda\/sin categor\u00eda\/microfono-prosound-inalambrico-pwm-22d-ii\/","name":"MICROFONO PROSOUND INALAMBRICO PWM-22D II - Mexican Guitar Players","isPartOf":{"@id":"https:\/\/www.mexicanguitarplayers.com\/#website"},"primaryImageOfPage":{"@id":"https:\/\/www.mexicanguitarplayers.com\/tienda\/sin categor\u00eda\/microfono-prosound-inalambrico-pwm-22d-ii\/#primaryimage"},"image":{"@id":"https:\/\/www.mexicanguitarplayers.com\/tienda\/sin categor\u00eda\/microfono-prosound-inalambrico-pwm-22d-ii\/#primaryimage"},"thumbnailUrl":"https:\/\/www.mexicanguitarplayers.com\/wp-content\/uploads\/2025\/04\/IAPRSPWM22DII.png","datePublished":"2025-04-09T04:35:53+00:00","dateModified":"2026-04-15T10:17:56+00:00","description":"Sistema de microfon\u00eda inal\u00e1mbrica, incluye un receptor, dos transmisores de mano, 4 pilas AA, un cable de 6.3 mm, adaptador de corriente y manual de usuario, receptor: banda UHF de dos canales con rango de frecuencia de 630 - 660 MHz, botones en los dos lados de la pantalla LCD, s\u00edmbolo de infrarrojo, bot\u00f3n de encendido, volumen A y B, ajuste de frecuencia hacia arriba, ajuste de frecuencia hacia abajo, bot\u00f3n de Set para ajustar, rango din\u00e1mico de 96 dB, respuesta de frecuencia: 30 a 20 KHz (\u00b12 dB), sensibilidad de -95 dBm, voltaje: DCV12V 500 mA, una salida de 6.3 mm y 2 salidas XLR balanceadas, transmisores de mano: bot\u00f3n On\/Off, y funci\u00f3n de Mute incluida, rango de frecuencia: 630 - 660 MHz, utiliza dos pilas de 1.5V AA, duraci\u00f3n de la bater\u00eda &gt; 5 horas. Incluye estuche met\u00e1lico.","breadcrumb":{"@id":"https:\/\/www.mexicanguitarplayers.com\/tienda\/sin categor\u00eda\/microfono-prosound-inalambrico-pwm-22d-ii\/#breadcrumb"},"inLanguage":"en-US","potentialAction":[{"@type":"ReadAction","target":["https:\/\/www.mexicanguitarplayers.com\/tienda\/sin categor\u00eda\/microfono-prosound-inalambrico-pwm-22d-ii\/"]}]},{"@type":"ImageObject","inLanguage":"en-US","@id":"https:\/\/www.mexicanguitarplayers.com\/tienda\/sin categor\u00eda\/microfono-prosound-inalambrico-pwm-22d-ii\/#primaryimage","url":"https:\/\/www.mexicanguitarplayers.com\/wp-content\/uploads\/2025\/04\/IAPRSPWM22DII.png","contentUrl":"https:\/\/www.mexicanguitarplayers.com\/wp-content\/uploads\/2025\/04\/IAPRSPWM22DII.png","width":1200,"height":1200},{"@type":"BreadcrumbList","@id":"https:\/\/www.mexicanguitarplayers.com\/tienda\/sin categor\u00eda\/microfono-prosound-inalambrico-pwm-22d-ii\/#breadcrumb","itemListElement":[{"@type":"ListItem","position":1,"name":"Portada","item":"https:\/\/www.mexicanguitarplayers.com\/"},{"@type":"ListItem","position":2,"name":"Tienda","item":"https:\/\/www.mexicanguitarplayers.com\/tienda\/"},{"@type":"ListItem","position":3,"name":"MICROFONO PROSOUND INALAMBRICO PWM-22D II"}]},{"@type":"WebSite","@id":"https:\/\/www.mexicanguitarplayers.com\/#website","url":"https:\/\/www.mexicanguitarplayers.com\/","name":"Mexican Guitar Players","description":"Website","publisher":{"@id":"https:\/\/www.mexicanguitarplayers.com\/#organization"},"potentialAction":[{"@type":"SearchAction","target":{"@type":"EntryPoint","urlTemplate":"https:\/\/www.mexicanguitarplayers.com\/?s={search_term_string}"},"query-input":{"@type":"PropertyValueSpecification","valueRequired":true,"valueName":"search_term_string"}}],"inLanguage":"en-US"},{"@type":"Organization","@id":"https:\/\/www.mexicanguitarplayers.com\/#organization","name":"Mexican Guitar Players","url":"https:\/\/www.mexicanguitarplayers.com\/","logo":{"@type":"ImageObject","inLanguage":"en-US","@id":"https:\/\/www.mexicanguitarplayers.com\/#\/schema\/logo\/image\/","url":"","contentUrl":"","caption":"Mexican Guitar Players"},"image":{"@id":"https:\/\/www.mexicanguitarplayers.com\/#\/schema\/logo\/image\/"}}]}},"brands":[{"id":542,"name":"PROSOUND","slug":"prosound"}],"_links":{"self":[{"href":"https:\/\/www.mexicanguitarplayers.com\/en\/wp-json\/wp\/v2\/product\/36383","targetHints":{"allow":["GET"]}}],"collection":[{"href":"https:\/\/www.mexicanguitarplayers.com\/en\/wp-json\/wp\/v2\/product"}],"about":[{"href":"https:\/\/www.mexicanguitarplayers.com\/en\/wp-json\/wp\/v2\/types\/product"}],"replies":[{"embeddable":true,"href":"https:\/\/www.mexicanguitarplayers.com\/en\/wp-json\/wp\/v2\/comments?post=36383"}],"wp:featuredmedia":[{"embeddable":true,"href":"https:\/\/www.mexicanguitarplayers.com\/en\/wp-json\/wp\/v2\/media\/36374"}],"wp:attachment":[{"href":"https:\/\/www.mexicanguitarplayers.com\/en\/wp-json\/wp\/v2\/media?parent=36383"}],"wp:term":[{"taxonomy":"pwb-brand","embeddable":true,"href":"https:\/\/www.mexicanguitarplayers.com\/en\/wp-json\/wp\/v2\/pwb-brand?post=36383"},{"taxonomy":"product_brand","embeddable":true,"href":"https:\/\/www.mexicanguitarplayers.com\/en\/wp-json\/wp\/v2\/product_brand?post=36383"},{"taxonomy":"product_cat","embeddable":true,"href":"https:\/\/www.mexicanguitarplayers.com\/en\/wp-json\/wp\/v2\/product_cat?post=36383"},{"taxonomy":"product_tag","embeddable":true,"href":"https:\/\/www.mexicanguitarplayers.com\/en\/wp-json\/wp\/v2\/product_tag?post=36383"}],"curies":[{"name":"wp","href":"https:\/\/api.w.org\/{rel}","templated":true}]}}