{"id":36397,"date":"2025-04-08T22:36:15","date_gmt":"2025-04-09T04:36:15","guid":{"rendered":"https:\/\/www.mexicanguitarplayers.com\/tienda\/sin categor\u00eda\/funda-gator-p-audifonos-g-club-headphone\/"},"modified":"2026-05-01T07:20:25","modified_gmt":"2026-05-01T13:20:25","slug":"funda-gator-p-audifonos-g-club-headphone","status":"publish","type":"product","link":"https:\/\/www.mexicanguitarplayers.com\/en\/tienda\/accesorios\/estuches-y-fundas\/para-dj\/funda-gator-p-audifonos-g-club-headphone\/","title":{"rendered":"FUNDA GATOR P\/AUDIFONOS G-CLUB-HEADPHONE"},"content":{"rendered":"<div style=\"text-align: justify\">\n<div>\n<h3>Encuentra la seguridad que buscas.<\/h3>\n<\/div>\n<div>El estuche de transporte de la serie G-Club para aud\u00edfonos y accesorios estilo DJ de Gator Cases cuenta con un compartimento acolchado forrado de terciopelo con cierre de velcro y malla el\u00e1stica. Puede usarse para transportar tus aud\u00edfonos o accesorios y protegerlos del polvo, la suciedad y la humedad. El compartimento del panel frontal tiene espacio para cables USB, unidades de almacenamiento flash, smartphones, tarjetas de identificaci\u00f3n y m\u00e1s. Hay un ojal USB en la parte delantera de la bolsa para pasar los cables de alimentaci\u00f3n a los dispositivos del interior y una correa para el hombro extra\u00edble y ajustable y un asa de transporte acolchada para medio de transporte. Finalmente, este estuche para aud\u00edfonos est\u00e1 fabricado con un forro de color naranja brillante para una mejor visibilidad en clubes oscuros y salas con poca luz.<\/div>\n<div>\n<h4>Quick look<\/h4>\n<\/div>\n<ul style=\"margin: 0px 0px 0px 25px\">\n<li style=\"list-style-type: circle;margin: 5px\">Longitud interior.<\/li>\n<li style=\"list-style-type: circle;margin: 5px\">Ancho interior.<\/li>\n<li style=\"list-style-type: circle;margin: 5px\">Altura interior.<\/li>\n<li style=\"list-style-type: circle;margin: 5px\">Longitud exterior.<\/li>\n<li style=\"list-style-type: circle;margin: 5px\">Ancho exterior.<\/li>\n<li style=\"list-style-type: circle;margin: 5px\">Altura exterior.<\/li>\n<li style=\"list-style-type: circle;margin: 5px\">Weight.<\/li>\n<\/ul>\n<div>\n<div style=\"font-weight: bold\">Longitud interior.<\/div>\n<div>\n<p>8.75&#8243; pulgadas (222.25 mm).<\/p>\n<\/div>\n<div style=\"font-weight: bold\">Ancho interior.<\/div>\n<div>\n<p>8.5&#8243; pulgadas (215.9 mm).<\/p>\n<\/div>\n<div style=\"font-weight: bold\">Altura interior.<\/div>\n<div>\n<p>2.75&#8243; pulgadas (69.85 mm).<\/p>\n<\/div>\n<div style=\"font-weight: bold\">Longitud exterior.<\/div>\n<div>\n<p>10&#8243; pulgadas (254 mm).<\/p>\n<\/div>\n<div style=\"font-weight: bold\">Ancho exterior.<\/div>\n<div>\n<p>9&#8243; pulgadas (228.6 mm).<\/p>\n<\/div>\n<div style=\"font-weight: bold\">Altura exterior.<\/div>\n<div>\n<p>4&#8243; pulgadas (101.6 mm).<\/p>\n<\/div>\n<div style=\"font-weight: bold\">Weight.<\/div>\n<div>\n<p>0.3 kg.<\/p>\n<\/div>\n<\/div>\n<div>\n<h4>Characteristics<\/h4>\n<\/div>\n<div>\n<ul style=\"margin: 0px 0px 0px 25px\">\n<li style=\"list-style-type: circle;margin: 5px\">Bolsa de transporte compacta de nylon resistente para aud\u00edfonos estilo DJ.<\/li>\n<li style=\"list-style-type: circle;margin: 5px\">Todo el exterior negro con detalles en naranja.<\/li>\n<li style=\"list-style-type: circle;margin: 5px\">Compartimento acolchado con forro de terciopelo con gancho hook &amp; loop y banda el\u00e1stica.<\/li>\n<li style=\"list-style-type: circle;margin: 5px\">Compartimentos de almacenamiento en el panel frontal para accesorios.<\/li>\n<li style=\"list-style-type: circle;margin: 5px\">Ojal USB en la parte delantera de la funda para cables de alimentaci\u00f3n a dispositivos del interior.<\/li>\n<li style=\"list-style-type: circle;margin: 5px\">Correa de hombro extra\u00edble y ajustable y asa de transporte acolchada y reforzada.<\/li>\n<li style=\"list-style-type: circle;margin: 5px\">Forro naranja brillante para una mejor visibilidad en clubes o habitaciones oscuras.<\/li>\n<\/ul>\n<\/div>\n<\/div>","protected":false},"excerpt":{"rendered":"<p>Funda de nylon para aud\u00edfonos estilo DJ, exterior negro con detalles en naranja, compartimento acolchado con forro de terciopelo con gancho hook &amp; loop y banda el\u00e1stica para asegurar los aud\u00edfonos, compartimentos de almacenamiento en el panel frontal para aud\u00edfonos\/cables USB, almacenamiento flash, smartphone, tarjetas de identificaci\u00f3n y m\u00e1s, ojal USB en la parte delantera de la funda para pasar los cables de alimentaci\u00f3n a los dispositivos del interior, correa de hombro extra\u00edble y ajustable y asa de transporte acolchada y reforzada, forro naranja brillante para una mejor visibilidad en clubes o habitaciones oscuras, longitud interior: 8.75\u201d pulgadas (222.25 mm), ancho interior: 8.5\u201d pulgadas (215.9 mm), altura interior: 2.75\u201d pulgadas (69.85 mm), longitud exterior: 10\u201d pulgadas (254 mm), ancho exterior: 9\u201d pulgadas (228.6 mm), altura exterior: 4\u201d pulgadas (101.6 mm), peso: 0.3 kg.&hellip; <a class=\"kt-excerpt-readmore more-link\" href=\"https:\/\/www.mexicanguitarplayers.com\/en\/tienda\/accesorios\/estuches-y-fundas\/para-dj\/funda-gator-p-audifonos-g-club-headphone\/\">Read more<\/a><\/p>","protected":false},"featured_media":36386,"comment_status":"open","ping_status":"closed","template":"","meta":{"kt_blocks_editor_width":""},"pwb-brand":[572],"product_brand":[],"product_cat":[85,517,518],"product_tag":[],"class_list":{"0":"post-36397","1":"product","2":"type-product","3":"status-publish","4":"has-post-thumbnail","6":"pwb-brand-gator","7":"product_cat-accesorios","8":"product_cat-estuches-y-fundas","9":"product_cat-para-dj","10":"product_shipping_class-0-5-kg","12":"first","13":"instock","14":"taxable","15":"shipping-taxable","16":"purchasable","17":"product-type-simple"},"yoast_head":"<!-- This site is optimized with the Yoast SEO plugin v27.6 - https:\/\/yoast.com\/product\/yoast-seo-wordpress\/ -->\n<title>FUNDA GATOR P\/AUDIFONOS G-CLUB-HEADPHONE - Mexican Guitar Players<\/title>\n<meta name=\"description\" content=\"Funda de nylon para aud\u00edfonos estilo DJ, exterior negro con detalles en naranja, compartimento acolchado con forro de terciopelo con gancho hook &amp; loop y banda el\u00e1stica para asegurar los aud\u00edfonos, compartimentos de almacenamiento en el panel frontal para aud\u00edfonos\/cables USB, almacenamiento flash, smartphone, tarjetas de identificaci\u00f3n y m\u00e1s, ojal USB en la parte delantera de la funda para pasar los cables de alimentaci\u00f3n a los dispositivos del interior, correa de hombro extra\u00edble y ajustable y asa de transporte acolchada y reforzada, forro naranja brillante para una mejor visibilidad en clubes o habitaciones oscuras, longitud interior: 8.75\u201d pulgadas (222.25 mm), ancho interior: 8.5\u201d pulgadas (215.9 mm), altura interior: 2.75\u201d pulgadas (69.85 mm), longitud exterior: 10\u201d pulgadas (254 mm), ancho exterior: 9\u201d pulgadas (228.6 mm), altura exterior: 4\u201d pulgadas (101.6 mm), peso: 0.3 kg.\" \/>\n<meta name=\"robots\" content=\"index, follow, max-snippet:-1, max-image-preview:large, max-video-preview:-1\" \/>\n<link rel=\"canonical\" href=\"https:\/\/www.mexicanguitarplayers.com\/en\/tienda\/sin%20categor\u00eda\/funda-gator-p-audifonos-g-club-headphone\/\" \/>\n<meta property=\"og:locale\" content=\"en_US\" \/>\n<meta property=\"og:type\" content=\"article\" \/>\n<meta property=\"og:title\" content=\"FUNDA GATOR P\/AUDIFONOS G-CLUB-HEADPHONE - Mexican Guitar Players\" \/>\n<meta property=\"og:description\" content=\"Funda de nylon para aud\u00edfonos estilo DJ, exterior negro con detalles en naranja, compartimento acolchado con forro de terciopelo con gancho hook &amp; loop y banda el\u00e1stica para asegurar los aud\u00edfonos, compartimentos de almacenamiento en el panel frontal para aud\u00edfonos\/cables USB, almacenamiento flash, smartphone, tarjetas de identificaci\u00f3n y m\u00e1s, ojal USB en la parte delantera de la funda para pasar los cables de alimentaci\u00f3n a los dispositivos del interior, correa de hombro extra\u00edble y ajustable y asa de transporte acolchada y reforzada, forro naranja brillante para una mejor visibilidad en clubes o habitaciones oscuras, longitud interior: 8.75\u201d pulgadas (222.25 mm), ancho interior: 8.5\u201d pulgadas (215.9 mm), altura interior: 2.75\u201d pulgadas (69.85 mm), longitud exterior: 10\u201d pulgadas (254 mm), ancho exterior: 9\u201d pulgadas (228.6 mm), altura exterior: 4\u201d pulgadas (101.6 mm), peso: 0.3 kg.\" \/>\n<meta property=\"og:url\" content=\"https:\/\/www.mexicanguitarplayers.com\/en\/tienda\/sin categor\u00eda\/funda-gator-p-audifonos-g-club-headphone\/\" \/>\n<meta property=\"og:site_name\" content=\"Mexican Guitar Players\" \/>\n<meta property=\"article:modified_time\" content=\"2026-05-01T13:20:25+00:00\" \/>\n<meta name=\"twitter:card\" content=\"summary_large_image\" \/>\n<meta name=\"twitter:label1\" content=\"Est. reading time\" \/>\n\t<meta name=\"twitter:data1\" content=\"1 minute\" \/>\n<script type=\"application\/ld+json\" class=\"yoast-schema-graph\">{\"@context\":\"https:\\\/\\\/schema.org\",\"@graph\":[{\"@type\":[\"WebPage\",\"ItemPage\"],\"@id\":\"https:\\\/\\\/www.mexicanguitarplayers.com\\\/tienda\\\/sin categor\u00eda\\\/funda-gator-p-audifonos-g-club-headphone\\\/\",\"url\":\"https:\\\/\\\/www.mexicanguitarplayers.com\\\/tienda\\\/sin categor\u00eda\\\/funda-gator-p-audifonos-g-club-headphone\\\/\",\"name\":\"FUNDA GATOR P\\\/AUDIFONOS G-CLUB-HEADPHONE - Mexican Guitar Players\",\"isPartOf\":{\"@id\":\"https:\\\/\\\/www.mexicanguitarplayers.com\\\/#website\"},\"primaryImageOfPage\":{\"@id\":\"https:\\\/\\\/www.mexicanguitarplayers.com\\\/tienda\\\/sin categor\u00eda\\\/funda-gator-p-audifonos-g-club-headphone\\\/#primaryimage\"},\"image\":{\"@id\":\"https:\\\/\\\/www.mexicanguitarplayers.com\\\/tienda\\\/sin categor\u00eda\\\/funda-gator-p-audifonos-g-club-headphone\\\/#primaryimage\"},\"thumbnailUrl\":\"https:\\\/\\\/www.mexicanguitarplayers.com\\\/wp-content\\\/uploads\\\/2025\\\/04\\\/VAGATGCLUBHEAD.jpg\",\"datePublished\":\"2025-04-09T04:36:15+00:00\",\"dateModified\":\"2026-05-01T13:20:25+00:00\",\"description\":\"Funda de nylon para aud\u00edfonos estilo DJ, exterior negro con detalles en naranja, compartimento acolchado con forro de terciopelo con gancho hook &amp; loop y banda el\u00e1stica para asegurar los aud\u00edfonos, compartimentos de almacenamiento en el panel frontal para aud\u00edfonos\\\/cables USB, almacenamiento flash, smartphone, tarjetas de identificaci\u00f3n y m\u00e1s, ojal USB en la parte delantera de la funda para pasar los cables de alimentaci\u00f3n a los dispositivos del interior, correa de hombro extra\u00edble y ajustable y asa de transporte acolchada y reforzada, forro naranja brillante para una mejor visibilidad en clubes o habitaciones oscuras, longitud interior: 8.75\u201d pulgadas (222.25 mm), ancho interior: 8.5\u201d pulgadas (215.9 mm), altura interior: 2.75\u201d pulgadas (69.85 mm), longitud exterior: 10\u201d pulgadas (254 mm), ancho exterior: 9\u201d pulgadas (228.6 mm), altura exterior: 4\u201d pulgadas (101.6 mm), peso: 0.3 kg.\",\"breadcrumb\":{\"@id\":\"https:\\\/\\\/www.mexicanguitarplayers.com\\\/tienda\\\/sin categor\u00eda\\\/funda-gator-p-audifonos-g-club-headphone\\\/#breadcrumb\"},\"inLanguage\":\"en-US\",\"potentialAction\":[{\"@type\":\"ReadAction\",\"target\":[\"https:\\\/\\\/www.mexicanguitarplayers.com\\\/tienda\\\/sin categor\u00eda\\\/funda-gator-p-audifonos-g-club-headphone\\\/\"]}]},{\"@type\":\"ImageObject\",\"inLanguage\":\"en-US\",\"@id\":\"https:\\\/\\\/www.mexicanguitarplayers.com\\\/tienda\\\/sin categor\u00eda\\\/funda-gator-p-audifonos-g-club-headphone\\\/#primaryimage\",\"url\":\"https:\\\/\\\/www.mexicanguitarplayers.com\\\/wp-content\\\/uploads\\\/2025\\\/04\\\/VAGATGCLUBHEAD.jpg\",\"contentUrl\":\"https:\\\/\\\/www.mexicanguitarplayers.com\\\/wp-content\\\/uploads\\\/2025\\\/04\\\/VAGATGCLUBHEAD.jpg\",\"width\":1200,\"height\":1200},{\"@type\":\"BreadcrumbList\",\"@id\":\"https:\\\/\\\/www.mexicanguitarplayers.com\\\/tienda\\\/sin categor\u00eda\\\/funda-gator-p-audifonos-g-club-headphone\\\/#breadcrumb\",\"itemListElement\":[{\"@type\":\"ListItem\",\"position\":1,\"name\":\"Portada\",\"item\":\"https:\\\/\\\/www.mexicanguitarplayers.com\\\/\"},{\"@type\":\"ListItem\",\"position\":2,\"name\":\"Tienda\",\"item\":\"https:\\\/\\\/www.mexicanguitarplayers.com\\\/tienda\\\/\"},{\"@type\":\"ListItem\",\"position\":3,\"name\":\"FUNDA GATOR P\\\/AUDIFONOS G-CLUB-HEADPHONE\"}]},{\"@type\":\"WebSite\",\"@id\":\"https:\\\/\\\/www.mexicanguitarplayers.com\\\/#website\",\"url\":\"https:\\\/\\\/www.mexicanguitarplayers.com\\\/\",\"name\":\"Mexican Guitar Players\",\"description\":\"Website\",\"publisher\":{\"@id\":\"https:\\\/\\\/www.mexicanguitarplayers.com\\\/#organization\"},\"potentialAction\":[{\"@type\":\"SearchAction\",\"target\":{\"@type\":\"EntryPoint\",\"urlTemplate\":\"https:\\\/\\\/www.mexicanguitarplayers.com\\\/?s={search_term_string}\"},\"query-input\":{\"@type\":\"PropertyValueSpecification\",\"valueRequired\":true,\"valueName\":\"search_term_string\"}}],\"inLanguage\":\"en-US\"},{\"@type\":\"Organization\",\"@id\":\"https:\\\/\\\/www.mexicanguitarplayers.com\\\/#organization\",\"name\":\"Mexican Guitar Players\",\"url\":\"https:\\\/\\\/www.mexicanguitarplayers.com\\\/\",\"logo\":{\"@type\":\"ImageObject\",\"inLanguage\":\"en-US\",\"@id\":\"https:\\\/\\\/www.mexicanguitarplayers.com\\\/#\\\/schema\\\/logo\\\/image\\\/\",\"url\":\"\",\"contentUrl\":\"\",\"caption\":\"Mexican Guitar Players\"},\"image\":{\"@id\":\"https:\\\/\\\/www.mexicanguitarplayers.com\\\/#\\\/schema\\\/logo\\\/image\\\/\"}}]}<\/script>\n<!-- \/ Yoast SEO plugin. -->","yoast_head_json":{"title":"FUNDA GATOR P\/AUDIFONOS G-CLUB-HEADPHONE - Mexican Guitar Players","description":"Funda de nylon para aud\u00edfonos estilo DJ, exterior negro con detalles en naranja, compartimento acolchado con forro de terciopelo con gancho hook &amp; loop y banda el\u00e1stica para asegurar los aud\u00edfonos, compartimentos de almacenamiento en el panel frontal para aud\u00edfonos\/cables USB, almacenamiento flash, smartphone, tarjetas de identificaci\u00f3n y m\u00e1s, ojal USB en la parte delantera de la funda para pasar los cables de alimentaci\u00f3n a los dispositivos del interior, correa de hombro extra\u00edble y ajustable y asa de transporte acolchada y reforzada, forro naranja brillante para una mejor visibilidad en clubes o habitaciones oscuras, longitud interior: 8.75\u201d pulgadas (222.25 mm), ancho interior: 8.5\u201d pulgadas (215.9 mm), altura interior: 2.75\u201d pulgadas (69.85 mm), longitud exterior: 10\u201d pulgadas (254 mm), ancho exterior: 9\u201d pulgadas (228.6 mm), altura exterior: 4\u201d pulgadas (101.6 mm), peso: 0.3 kg.","robots":{"index":"index","follow":"follow","max-snippet":"max-snippet:-1","max-image-preview":"max-image-preview:large","max-video-preview":"max-video-preview:-1"},"canonical":"https:\/\/www.mexicanguitarplayers.com\/en\/tienda\/sin categor\u00eda\/funda-gator-p-audifonos-g-club-headphone\/","og_locale":"en_US","og_type":"article","og_title":"FUNDA GATOR P\/AUDIFONOS G-CLUB-HEADPHONE - Mexican Guitar Players","og_description":"Funda de nylon para aud\u00edfonos estilo DJ, exterior negro con detalles en naranja, compartimento acolchado con forro de terciopelo con gancho hook &amp; loop y banda el\u00e1stica para asegurar los aud\u00edfonos, compartimentos de almacenamiento en el panel frontal para aud\u00edfonos\/cables USB, almacenamiento flash, smartphone, tarjetas de identificaci\u00f3n y m\u00e1s, ojal USB en la parte delantera de la funda para pasar los cables de alimentaci\u00f3n a los dispositivos del interior, correa de hombro extra\u00edble y ajustable y asa de transporte acolchada y reforzada, forro naranja brillante para una mejor visibilidad en clubes o habitaciones oscuras, longitud interior: 8.75\u201d pulgadas (222.25 mm), ancho interior: 8.5\u201d pulgadas (215.9 mm), altura interior: 2.75\u201d pulgadas (69.85 mm), longitud exterior: 10\u201d pulgadas (254 mm), ancho exterior: 9\u201d pulgadas (228.6 mm), altura exterior: 4\u201d pulgadas (101.6 mm), peso: 0.3 kg.","og_url":"https:\/\/www.mexicanguitarplayers.com\/en\/tienda\/sin categor\u00eda\/funda-gator-p-audifonos-g-club-headphone\/","og_site_name":"Mexican Guitar Players","article_modified_time":"2026-05-01T13:20:25+00:00","twitter_card":"summary_large_image","twitter_misc":{"Est. reading time":"1 minute"},"schema":{"@context":"https:\/\/schema.org","@graph":[{"@type":["WebPage","ItemPage"],"@id":"https:\/\/www.mexicanguitarplayers.com\/tienda\/sin categor\u00eda\/funda-gator-p-audifonos-g-club-headphone\/","url":"https:\/\/www.mexicanguitarplayers.com\/tienda\/sin categor\u00eda\/funda-gator-p-audifonos-g-club-headphone\/","name":"FUNDA GATOR P\/AUDIFONOS G-CLUB-HEADPHONE - Mexican Guitar Players","isPartOf":{"@id":"https:\/\/www.mexicanguitarplayers.com\/#website"},"primaryImageOfPage":{"@id":"https:\/\/www.mexicanguitarplayers.com\/tienda\/sin categor\u00eda\/funda-gator-p-audifonos-g-club-headphone\/#primaryimage"},"image":{"@id":"https:\/\/www.mexicanguitarplayers.com\/tienda\/sin categor\u00eda\/funda-gator-p-audifonos-g-club-headphone\/#primaryimage"},"thumbnailUrl":"https:\/\/www.mexicanguitarplayers.com\/wp-content\/uploads\/2025\/04\/VAGATGCLUBHEAD.jpg","datePublished":"2025-04-09T04:36:15+00:00","dateModified":"2026-05-01T13:20:25+00:00","description":"Funda de nylon para aud\u00edfonos estilo DJ, exterior negro con detalles en naranja, compartimento acolchado con forro de terciopelo con gancho hook &amp; loop y banda el\u00e1stica para asegurar los aud\u00edfonos, compartimentos de almacenamiento en el panel frontal para aud\u00edfonos\/cables USB, almacenamiento flash, smartphone, tarjetas de identificaci\u00f3n y m\u00e1s, ojal USB en la parte delantera de la funda para pasar los cables de alimentaci\u00f3n a los dispositivos del interior, correa de hombro extra\u00edble y ajustable y asa de transporte acolchada y reforzada, forro naranja brillante para una mejor visibilidad en clubes o habitaciones oscuras, longitud interior: 8.75\u201d pulgadas (222.25 mm), ancho interior: 8.5\u201d pulgadas (215.9 mm), altura interior: 2.75\u201d pulgadas (69.85 mm), longitud exterior: 10\u201d pulgadas (254 mm), ancho exterior: 9\u201d pulgadas (228.6 mm), altura exterior: 4\u201d pulgadas (101.6 mm), peso: 0.3 kg.","breadcrumb":{"@id":"https:\/\/www.mexicanguitarplayers.com\/tienda\/sin categor\u00eda\/funda-gator-p-audifonos-g-club-headphone\/#breadcrumb"},"inLanguage":"en-US","potentialAction":[{"@type":"ReadAction","target":["https:\/\/www.mexicanguitarplayers.com\/tienda\/sin categor\u00eda\/funda-gator-p-audifonos-g-club-headphone\/"]}]},{"@type":"ImageObject","inLanguage":"en-US","@id":"https:\/\/www.mexicanguitarplayers.com\/tienda\/sin categor\u00eda\/funda-gator-p-audifonos-g-club-headphone\/#primaryimage","url":"https:\/\/www.mexicanguitarplayers.com\/wp-content\/uploads\/2025\/04\/VAGATGCLUBHEAD.jpg","contentUrl":"https:\/\/www.mexicanguitarplayers.com\/wp-content\/uploads\/2025\/04\/VAGATGCLUBHEAD.jpg","width":1200,"height":1200},{"@type":"BreadcrumbList","@id":"https:\/\/www.mexicanguitarplayers.com\/tienda\/sin categor\u00eda\/funda-gator-p-audifonos-g-club-headphone\/#breadcrumb","itemListElement":[{"@type":"ListItem","position":1,"name":"Portada","item":"https:\/\/www.mexicanguitarplayers.com\/"},{"@type":"ListItem","position":2,"name":"Tienda","item":"https:\/\/www.mexicanguitarplayers.com\/tienda\/"},{"@type":"ListItem","position":3,"name":"FUNDA GATOR P\/AUDIFONOS G-CLUB-HEADPHONE"}]},{"@type":"WebSite","@id":"https:\/\/www.mexicanguitarplayers.com\/#website","url":"https:\/\/www.mexicanguitarplayers.com\/","name":"Mexican Guitar Players","description":"Website","publisher":{"@id":"https:\/\/www.mexicanguitarplayers.com\/#organization"},"potentialAction":[{"@type":"SearchAction","target":{"@type":"EntryPoint","urlTemplate":"https:\/\/www.mexicanguitarplayers.com\/?s={search_term_string}"},"query-input":{"@type":"PropertyValueSpecification","valueRequired":true,"valueName":"search_term_string"}}],"inLanguage":"en-US"},{"@type":"Organization","@id":"https:\/\/www.mexicanguitarplayers.com\/#organization","name":"Mexican Guitar Players","url":"https:\/\/www.mexicanguitarplayers.com\/","logo":{"@type":"ImageObject","inLanguage":"en-US","@id":"https:\/\/www.mexicanguitarplayers.com\/#\/schema\/logo\/image\/","url":"","contentUrl":"","caption":"Mexican Guitar Players"},"image":{"@id":"https:\/\/www.mexicanguitarplayers.com\/#\/schema\/logo\/image\/"}}]}},"brands":[{"id":572,"name":"GATOR","slug":"gator"}],"_links":{"self":[{"href":"https:\/\/www.mexicanguitarplayers.com\/en\/wp-json\/wp\/v2\/product\/36397","targetHints":{"allow":["GET"]}}],"collection":[{"href":"https:\/\/www.mexicanguitarplayers.com\/en\/wp-json\/wp\/v2\/product"}],"about":[{"href":"https:\/\/www.mexicanguitarplayers.com\/en\/wp-json\/wp\/v2\/types\/product"}],"replies":[{"embeddable":true,"href":"https:\/\/www.mexicanguitarplayers.com\/en\/wp-json\/wp\/v2\/comments?post=36397"}],"wp:featuredmedia":[{"embeddable":true,"href":"https:\/\/www.mexicanguitarplayers.com\/en\/wp-json\/wp\/v2\/media\/36386"}],"wp:attachment":[{"href":"https:\/\/www.mexicanguitarplayers.com\/en\/wp-json\/wp\/v2\/media?parent=36397"}],"wp:term":[{"taxonomy":"pwb-brand","embeddable":true,"href":"https:\/\/www.mexicanguitarplayers.com\/en\/wp-json\/wp\/v2\/pwb-brand?post=36397"},{"taxonomy":"product_brand","embeddable":true,"href":"https:\/\/www.mexicanguitarplayers.com\/en\/wp-json\/wp\/v2\/product_brand?post=36397"},{"taxonomy":"product_cat","embeddable":true,"href":"https:\/\/www.mexicanguitarplayers.com\/en\/wp-json\/wp\/v2\/product_cat?post=36397"},{"taxonomy":"product_tag","embeddable":true,"href":"https:\/\/www.mexicanguitarplayers.com\/en\/wp-json\/wp\/v2\/product_tag?post=36397"}],"curies":[{"name":"wp","href":"https:\/\/api.w.org\/{rel}","templated":true}]}}