{"id":36441,"date":"2025-04-08T22:37:19","date_gmt":"2025-04-09T04:37:19","guid":{"rendered":"https:\/\/www.mexicanguitarplayers.com\/tienda\/sin categor\u00eda\/ecualizador-a-r-t-mod-eq351\/"},"modified":"2026-04-10T04:26:35","modified_gmt":"2026-04-10T10:26:35","slug":"ecualizador-a-r-t-mod-eq351","status":"publish","type":"product","link":"https:\/\/www.mexicanguitarplayers.com\/en\/tienda\/audio\/procesadores\/procesador-de-frecuencia\/ecualizador-a-r-t-mod-eq351\/","title":{"rendered":"ECUALIZADOR A.R.T. MOD. EQ351"},"content":{"rendered":"<div style=\"text-align: justify\">\n<div>\n<h3>Siempre entregando el mejor sonido.<\/h3>\n<\/div>\n<div>El 351 de ART es un ecualizador gr\u00e1fico de 31 bandas de un solo canal con 1\/3 de octava que cuenta con circuiter\u00eda Q constante con una precisi\u00f3n de frecuencia central de 3%, deslizadores de banda de frecuencia con detenci\u00f3n al centro de 20 mm, rango boost\/cut seleccionable de 6 dB o 12 dB, conexiones de entrada y salida balanceadas y desbalanceadas, filtro pasa altos ajustable, control de nivel de entrada variable, indicadores de nivel de clip, switch ground-lift, fuente de alimentaci\u00f3n interna y switch de voltaje de l\u00ednea seleccionable. Un switch de control de rango se proporciona para permitirte ajustar el boost o cut m\u00e1ximo para cada banda de ecualizaci\u00f3n ya sea para 6 dB o 12 dB. El filtro pasa altos saca las frecuencias m\u00e1s bajas, lo que es \u00fatil para disminuir el zumbido o el ruido de baja frecuencia de una se\u00f1al. El rango es ajustable desde 10 Hz hasta 250 Hz. Las frecuencias por debajo de esta configuraci\u00f3n se eliminan, mientras que las frecuencias no se ven afectadas. El filtro pasa bajos saca las frecuencias m\u00e1s altas, lo que es \u00fatil para reducir el silbido o la sibilancia de una se\u00f1al. Su rango es ajustable de 3 kHz hasta 40 kHz. El robusto chasis totalmente de acero ocupa un espacio de rack y est\u00e1 dise\u00f1ado para su instalaci\u00f3n en racks est\u00e1ndar de 19\u201d pulgadas. Configuraciones m\u00faltiples de entrada y salida se proporcionan para una facilidad de uso e incorporar conexiones en paralelo. Los conectores XLR y \u00bc\u201d utilizan un circuito activo balanceado de bajo ruido. Las conexiones XLR son: Pin 1 = ground, Pin 2 = Hot (+) y Pin 3 = Cold (-).  Las conexiones de \u00bc\u201d son: Tip = Hot (+), Ring = Cold (-) y Sleeve = ground. Tanto los conectores XLR como los jacks de \u00bc\u201d pueden ser usados en una configuraci\u00f3n desbalanceada. Los jacks RCA son desbalanceados. El ecualizador 351 est\u00e1 dise\u00f1ado para trabajar con una gran variedad de niveles de se\u00f1al. El control de nivel de entrada cubre un amplio rango y puede acomodar f\u00e1cilmente niveles de se\u00f1al de -10 y +4. Un LED de clip se encender\u00e1 cuando haya un nivel de se\u00f1al de 5 dB antes de que se recorte. El ecualizador 351 puede ser usado en una gran variedad de aplicaciones, tales como sonido en vivo, estudios de grabaci\u00f3n, racks de instrumentos as\u00ed como ambientes cualquier entorno de instalaci\u00f3n fija convencional. Utiliza el ecualizador 351 siempre que se necesite una modificaci\u00f3n precisa del contorno de frecuencia de un sonido. El ecualizador gr\u00e1fico 351 es una poderosa herramienta para solucionar una serie de problemas de audio y crear texturas interesantes de sonido. Conecta el ecualizador entre tu consola de mezcla y tus amplificadores de potencia para permitirte modificar la mezcla general para que se adapte mejor a tu entorno. Utiliza el 351 entre tu monitor de mezcla y monitorea los amplificadores de potencia para ayudar a eliminar las frecuencias inductoras de retroalimentaci\u00f3n. Conecta en un inserto de canal el ecualizador de un canal o track individualmente. Ejecuta tu instrumento directamente en el ecualizador para mejorar su sonido antes de llegar al amplificador de potencia o amplificador de instrumento. Conecta el 351 en el loop de efectos de un amplificador de instrumento o entre el preamplificador y el amplificador de potencia para tener un control preciso sobre el sonido completo. El ecualizador 351 de un solo canal de 31 bandas tiene las caracter\u00edsticas y el rendimiento que necesitas en tu aplicaci\u00f3n de audio para cualquier requerimiento de ecualizaci\u00f3n. Para obtener lo \u00faltimo en tecnolog\u00eda de ecualizaci\u00f3n hoy, busca este ecualizador. <\/div>\n<div>\n<h4>Quick look<\/h4>\n<\/div>\n<ul style=\"margin: 0px 0px 0px 25px\">\n<li style=\"list-style-type: circle;margin: 5px\">Separaci\u00f3n de canales.<\/li>\n<li style=\"list-style-type: circle;margin: 5px\">Controls<\/li>\n<li style=\"list-style-type: circle;margin: 5px\">Tipo de filtro.<\/li>\n<li style=\"list-style-type: circle;margin: 5px\">Bandas de frecuencia.<\/li>\n<li style=\"list-style-type: circle;margin: 5px\">Frequency response.<\/li>\n<li style=\"list-style-type: circle;margin: 5px\">Indicadores.<\/li>\n<li style=\"list-style-type: circle;margin: 5px\">Input impedance.<\/li>\n<li style=\"list-style-type: circle;margin: 5px\">Conexiones de entrada y salida.<\/li>\n<li style=\"list-style-type: circle;margin: 5px\">Nivel de entrada m\u00e1ximo.<\/li>\n<li style=\"list-style-type: circle;margin: 5px\">Nivel de salida m\u00e1ximo.<\/li>\n<li style=\"list-style-type: circle;margin: 5px\">Energy.<\/li>\n<li style=\"list-style-type: circle;margin: 5px\">Energy consumption.<\/li>\n<li style=\"list-style-type: circle;margin: 5px\">Rango.<\/li>\n<li style=\"list-style-type: circle;margin: 5px\">Signal to noise ratio.<\/li>\n<li style=\"list-style-type: circle;margin: 5px\">Slider Travel.<\/li>\n<li style=\"list-style-type: circle;margin: 5px\">Distorsi\u00f3n arm\u00f3nica total.<\/li>\n<li style=\"list-style-type: circle;margin: 5px\">Dimensions.<\/li>\n<li style=\"list-style-type: circle;margin: 5px\">Weight.<\/li>\n<\/ul>\n<div>\n<div style=\"font-weight: bold\">Separaci\u00f3n de canales.<\/div>\n<div>\n<p>&gt;50 dB.<\/p>\n<\/div>\n<div style=\"font-weight: bold\">Controls<\/div>\n<div>\n<p>Power On\/Off Switch, Filter Range Switch, Bypass Switch, Level Control, AC Voltage Selector, Ground Lift Switch.<\/p>\n<\/div>\n<div style=\"font-weight: bold\">Tipo de filtro.<\/div>\n<div>\n<p>Q-constante &#8211; 3% precisi\u00f3n central.<\/p>\n<\/div>\n<div style=\"font-weight: bold\">Bandas de frecuencia.<\/div>\n<div>\n<p>31, 1\/3 octave, ISO spacing.<\/p>\n<\/div>\n<div style=\"font-weight: bold\">Frequency response.<\/div>\n<div>\n<p>20 Hz a 20 kHz, +0.5 dB.<\/p>\n<\/div>\n<div style=\"font-weight: bold\">Indicadores.<\/div>\n<div>\n<p>6 dB \/ 12 dB LEDs de rango; LEDs de Bypass y Clip.<\/p>\n<\/div>\n<div style=\"font-weight: bold\">Input impedance.<\/div>\n<div>\n<p>20 kilo-ohms (balanceado), 15 kilo-ohms (desbalanceado).<\/p>\n<\/div>\n<div style=\"font-weight: bold\">Conexiones de entrada y salida.<\/div>\n<div>\n<p>XLR activo balanceado y 1\/4&#8243; TRS {XLR pin 2\/ 1\/4&#8243; tip = Hot (+)} RCA desbalanceado.<\/p>\n<\/div>\n<div style=\"font-weight: bold\">Nivel de entrada m\u00e1ximo.<\/div>\n<div>\n<p>+22 dBm.<\/p>\n<\/div>\n<div style=\"font-weight: bold\">Nivel de salida m\u00e1ximo.<\/div>\n<div>\n<p>+18 dBm (balanceado), +22dBm (desbalanceado).<\/p>\n<\/div>\n<div style=\"font-weight: bold\">Energy.<\/div>\n<div>\n<p>(Conmutable) 95-130VAC, 50\/60 Hz.<\/p>\n<\/div>\n<div style=\"font-weight: bold\">Energy consumption.<\/div>\n<div>\n<p>12 W.<\/p>\n<\/div>\n<div style=\"font-weight: bold\">Rango.<\/div>\n<div>\n<p>\u00b16 dB o \u00b112 dB seleccionable.<\/p>\n<\/div>\n<div style=\"font-weight: bold\">Signal to noise ratio.<\/div>\n<div>\n<p>-94 dB.<\/p>\n<\/div>\n<div style=\"font-weight: bold\">Slider Travel.<\/div>\n<div>\n<p>20 mm con detenci\u00f3n positiva al centro.<\/p>\n<\/div>\n<div style=\"font-weight: bold\">Distorsi\u00f3n arm\u00f3nica total.<\/div>\n<div>\n<p>0.0001.<\/p>\n<\/div>\n<div style=\"font-weight: bold\">Dimensions.<\/div>\n<div>\n<p>44.45 x 482.6 x 215.9 mm.<\/p>\n<\/div>\n<div style=\"font-weight: bold\">Weight.<\/div>\n<div>\n<p>2.5 kg.<\/p>\n<\/div>\n<\/div>\n<\/div>","protected":false},"excerpt":{"rendered":"<p>Ecualizador gr\u00e1fico de 31 bandas de un canal, filtrado Q-constante, conectores de entrada y salida XLR balanceado, 1\/4\u201d activo balanceado y RCA desbalanceado, ajuste de nivel entre \u00b16 dB y \u00b112 dBm, deslizadores de banda de frecuencia con detenci\u00f3n al centro de 20 mm, controles de bypass y nivel independiente por canal, dise\u00f1ado para a\u00f1os de rendimiento continuo y confiable, robusto chasis de acero, dimensiones: 44.45 x 482.6 x 215.9 mm, peso: 2.5 kg.&hellip; <a class=\"kt-excerpt-readmore more-link\" href=\"https:\/\/www.mexicanguitarplayers.com\/en\/tienda\/audio\/procesadores\/procesador-de-frecuencia\/ecualizador-a-r-t-mod-eq351\/\">Read more<\/a><\/p>","protected":false},"featured_media":36438,"comment_status":"open","ping_status":"closed","template":"","meta":{"kt_blocks_editor_width":""},"pwb-brand":[531],"product_brand":[],"product_cat":[213,495,493],"product_tag":[],"class_list":{"0":"post-36441","1":"product","2":"type-product","3":"status-publish","4":"has-post-thumbnail","6":"pwb-brand-a-r-t","7":"product_cat-audio","8":"product_cat-procesador-de-frecuencia","9":"product_cat-procesadores","10":"product_shipping_class-0-5-kg","12":"first","13":"outofstock","14":"taxable","15":"shipping-taxable","16":"purchasable","17":"product-type-simple"},"yoast_head":"<!-- This site is optimized with the Yoast SEO plugin v27.6 - https:\/\/yoast.com\/product\/yoast-seo-wordpress\/ -->\n<title>ECUALIZADOR A.R.T. MOD. EQ351 - Mexican Guitar Players<\/title>\n<meta name=\"description\" content=\"Ecualizador gr\u00e1fico de 31 bandas de un canal, filtrado Q-constante, conectores de entrada y salida XLR balanceado, 1\/4\u201d activo balanceado y RCA desbalanceado, ajuste de nivel entre \u00b16 dB y \u00b112 dBm, deslizadores de banda de frecuencia con detenci\u00f3n al centro de 20 mm, controles de bypass y nivel independiente por canal, dise\u00f1ado para a\u00f1os de rendimiento continuo y confiable, robusto chasis de acero, dimensiones: 44.45 x 482.6 x 215.9 mm, peso: 2.5 kg.\" \/>\n<meta name=\"robots\" content=\"index, follow, max-snippet:-1, max-image-preview:large, max-video-preview:-1\" \/>\n<link rel=\"canonical\" href=\"https:\/\/www.mexicanguitarplayers.com\/en\/tienda\/sin%20categor\u00eda\/ecualizador-a-r-t-mod-eq351\/\" \/>\n<meta property=\"og:locale\" content=\"en_US\" \/>\n<meta property=\"og:type\" content=\"article\" \/>\n<meta property=\"og:title\" content=\"ECUALIZADOR A.R.T. MOD. EQ351 - Mexican Guitar Players\" \/>\n<meta property=\"og:description\" content=\"Ecualizador gr\u00e1fico de 31 bandas de un canal, filtrado Q-constante, conectores de entrada y salida XLR balanceado, 1\/4\u201d activo balanceado y RCA desbalanceado, ajuste de nivel entre \u00b16 dB y \u00b112 dBm, deslizadores de banda de frecuencia con detenci\u00f3n al centro de 20 mm, controles de bypass y nivel independiente por canal, dise\u00f1ado para a\u00f1os de rendimiento continuo y confiable, robusto chasis de acero, dimensiones: 44.45 x 482.6 x 215.9 mm, peso: 2.5 kg.\" \/>\n<meta property=\"og:url\" content=\"https:\/\/www.mexicanguitarplayers.com\/en\/tienda\/sin categor\u00eda\/ecualizador-a-r-t-mod-eq351\/\" \/>\n<meta property=\"og:site_name\" content=\"Mexican Guitar Players\" \/>\n<meta property=\"article:modified_time\" content=\"2026-04-10T10:26:35+00:00\" \/>\n<meta name=\"twitter:card\" content=\"summary_large_image\" \/>\n<meta name=\"twitter:label1\" content=\"Est. reading time\" \/>\n\t<meta name=\"twitter:data1\" content=\"4 minutes\" \/>\n<script type=\"application\/ld+json\" class=\"yoast-schema-graph\">{\"@context\":\"https:\\\/\\\/schema.org\",\"@graph\":[{\"@type\":[\"WebPage\",\"ItemPage\"],\"@id\":\"https:\\\/\\\/www.mexicanguitarplayers.com\\\/tienda\\\/sin categor\u00eda\\\/ecualizador-a-r-t-mod-eq351\\\/\",\"url\":\"https:\\\/\\\/www.mexicanguitarplayers.com\\\/tienda\\\/sin categor\u00eda\\\/ecualizador-a-r-t-mod-eq351\\\/\",\"name\":\"ECUALIZADOR A.R.T. MOD. EQ351 - Mexican Guitar Players\",\"isPartOf\":{\"@id\":\"https:\\\/\\\/www.mexicanguitarplayers.com\\\/#website\"},\"primaryImageOfPage\":{\"@id\":\"https:\\\/\\\/www.mexicanguitarplayers.com\\\/tienda\\\/sin categor\u00eda\\\/ecualizador-a-r-t-mod-eq351\\\/#primaryimage\"},\"image\":{\"@id\":\"https:\\\/\\\/www.mexicanguitarplayers.com\\\/tienda\\\/sin categor\u00eda\\\/ecualizador-a-r-t-mod-eq351\\\/#primaryimage\"},\"thumbnailUrl\":\"https:\\\/\\\/www.mexicanguitarplayers.com\\\/wp-content\\\/uploads\\\/2025\\\/04\\\/IAARTEQ351.jpg\",\"datePublished\":\"2025-04-09T04:37:19+00:00\",\"dateModified\":\"2026-04-10T10:26:35+00:00\",\"description\":\"Ecualizador gr\u00e1fico de 31 bandas de un canal, filtrado Q-constante, conectores de entrada y salida XLR balanceado, 1\\\/4\u201d activo balanceado y RCA desbalanceado, ajuste de nivel entre \u00b16 dB y \u00b112 dBm, deslizadores de banda de frecuencia con detenci\u00f3n al centro de 20 mm, controles de bypass y nivel independiente por canal, dise\u00f1ado para a\u00f1os de rendimiento continuo y confiable, robusto chasis de acero, dimensiones: 44.45 x 482.6 x 215.9 mm, peso: 2.5 kg.\",\"breadcrumb\":{\"@id\":\"https:\\\/\\\/www.mexicanguitarplayers.com\\\/tienda\\\/sin categor\u00eda\\\/ecualizador-a-r-t-mod-eq351\\\/#breadcrumb\"},\"inLanguage\":\"en-US\",\"potentialAction\":[{\"@type\":\"ReadAction\",\"target\":[\"https:\\\/\\\/www.mexicanguitarplayers.com\\\/tienda\\\/sin categor\u00eda\\\/ecualizador-a-r-t-mod-eq351\\\/\"]}]},{\"@type\":\"ImageObject\",\"inLanguage\":\"en-US\",\"@id\":\"https:\\\/\\\/www.mexicanguitarplayers.com\\\/tienda\\\/sin categor\u00eda\\\/ecualizador-a-r-t-mod-eq351\\\/#primaryimage\",\"url\":\"https:\\\/\\\/www.mexicanguitarplayers.com\\\/wp-content\\\/uploads\\\/2025\\\/04\\\/IAARTEQ351.jpg\",\"contentUrl\":\"https:\\\/\\\/www.mexicanguitarplayers.com\\\/wp-content\\\/uploads\\\/2025\\\/04\\\/IAARTEQ351.jpg\",\"width\":1600,\"height\":800},{\"@type\":\"BreadcrumbList\",\"@id\":\"https:\\\/\\\/www.mexicanguitarplayers.com\\\/tienda\\\/sin categor\u00eda\\\/ecualizador-a-r-t-mod-eq351\\\/#breadcrumb\",\"itemListElement\":[{\"@type\":\"ListItem\",\"position\":1,\"name\":\"Portada\",\"item\":\"https:\\\/\\\/www.mexicanguitarplayers.com\\\/\"},{\"@type\":\"ListItem\",\"position\":2,\"name\":\"Tienda\",\"item\":\"https:\\\/\\\/www.mexicanguitarplayers.com\\\/tienda\\\/\"},{\"@type\":\"ListItem\",\"position\":3,\"name\":\"ECUALIZADOR A.R.T. MOD. EQ351\"}]},{\"@type\":\"WebSite\",\"@id\":\"https:\\\/\\\/www.mexicanguitarplayers.com\\\/#website\",\"url\":\"https:\\\/\\\/www.mexicanguitarplayers.com\\\/\",\"name\":\"Mexican Guitar Players\",\"description\":\"Website\",\"publisher\":{\"@id\":\"https:\\\/\\\/www.mexicanguitarplayers.com\\\/#organization\"},\"potentialAction\":[{\"@type\":\"SearchAction\",\"target\":{\"@type\":\"EntryPoint\",\"urlTemplate\":\"https:\\\/\\\/www.mexicanguitarplayers.com\\\/?s={search_term_string}\"},\"query-input\":{\"@type\":\"PropertyValueSpecification\",\"valueRequired\":true,\"valueName\":\"search_term_string\"}}],\"inLanguage\":\"en-US\"},{\"@type\":\"Organization\",\"@id\":\"https:\\\/\\\/www.mexicanguitarplayers.com\\\/#organization\",\"name\":\"Mexican Guitar Players\",\"url\":\"https:\\\/\\\/www.mexicanguitarplayers.com\\\/\",\"logo\":{\"@type\":\"ImageObject\",\"inLanguage\":\"en-US\",\"@id\":\"https:\\\/\\\/www.mexicanguitarplayers.com\\\/#\\\/schema\\\/logo\\\/image\\\/\",\"url\":\"\",\"contentUrl\":\"\",\"caption\":\"Mexican Guitar Players\"},\"image\":{\"@id\":\"https:\\\/\\\/www.mexicanguitarplayers.com\\\/#\\\/schema\\\/logo\\\/image\\\/\"}}]}<\/script>\n<!-- \/ Yoast SEO plugin. -->","yoast_head_json":{"title":"ECUALIZADOR A.R.T. MOD. EQ351 - Mexican Guitar Players","description":"Ecualizador gr\u00e1fico de 31 bandas de un canal, filtrado Q-constante, conectores de entrada y salida XLR balanceado, 1\/4\u201d activo balanceado y RCA desbalanceado, ajuste de nivel entre \u00b16 dB y \u00b112 dBm, deslizadores de banda de frecuencia con detenci\u00f3n al centro de 20 mm, controles de bypass y nivel independiente por canal, dise\u00f1ado para a\u00f1os de rendimiento continuo y confiable, robusto chasis de acero, dimensiones: 44.45 x 482.6 x 215.9 mm, peso: 2.5 kg.","robots":{"index":"index","follow":"follow","max-snippet":"max-snippet:-1","max-image-preview":"max-image-preview:large","max-video-preview":"max-video-preview:-1"},"canonical":"https:\/\/www.mexicanguitarplayers.com\/en\/tienda\/sin categor\u00eda\/ecualizador-a-r-t-mod-eq351\/","og_locale":"en_US","og_type":"article","og_title":"ECUALIZADOR A.R.T. MOD. EQ351 - Mexican Guitar Players","og_description":"Ecualizador gr\u00e1fico de 31 bandas de un canal, filtrado Q-constante, conectores de entrada y salida XLR balanceado, 1\/4\u201d activo balanceado y RCA desbalanceado, ajuste de nivel entre \u00b16 dB y \u00b112 dBm, deslizadores de banda de frecuencia con detenci\u00f3n al centro de 20 mm, controles de bypass y nivel independiente por canal, dise\u00f1ado para a\u00f1os de rendimiento continuo y confiable, robusto chasis de acero, dimensiones: 44.45 x 482.6 x 215.9 mm, peso: 2.5 kg.","og_url":"https:\/\/www.mexicanguitarplayers.com\/en\/tienda\/sin categor\u00eda\/ecualizador-a-r-t-mod-eq351\/","og_site_name":"Mexican Guitar Players","article_modified_time":"2026-04-10T10:26:35+00:00","twitter_card":"summary_large_image","twitter_misc":{"Est. reading time":"4 minutes"},"schema":{"@context":"https:\/\/schema.org","@graph":[{"@type":["WebPage","ItemPage"],"@id":"https:\/\/www.mexicanguitarplayers.com\/tienda\/sin categor\u00eda\/ecualizador-a-r-t-mod-eq351\/","url":"https:\/\/www.mexicanguitarplayers.com\/tienda\/sin categor\u00eda\/ecualizador-a-r-t-mod-eq351\/","name":"ECUALIZADOR A.R.T. MOD. EQ351 - Mexican Guitar Players","isPartOf":{"@id":"https:\/\/www.mexicanguitarplayers.com\/#website"},"primaryImageOfPage":{"@id":"https:\/\/www.mexicanguitarplayers.com\/tienda\/sin categor\u00eda\/ecualizador-a-r-t-mod-eq351\/#primaryimage"},"image":{"@id":"https:\/\/www.mexicanguitarplayers.com\/tienda\/sin categor\u00eda\/ecualizador-a-r-t-mod-eq351\/#primaryimage"},"thumbnailUrl":"https:\/\/www.mexicanguitarplayers.com\/wp-content\/uploads\/2025\/04\/IAARTEQ351.jpg","datePublished":"2025-04-09T04:37:19+00:00","dateModified":"2026-04-10T10:26:35+00:00","description":"Ecualizador gr\u00e1fico de 31 bandas de un canal, filtrado Q-constante, conectores de entrada y salida XLR balanceado, 1\/4\u201d activo balanceado y RCA desbalanceado, ajuste de nivel entre \u00b16 dB y \u00b112 dBm, deslizadores de banda de frecuencia con detenci\u00f3n al centro de 20 mm, controles de bypass y nivel independiente por canal, dise\u00f1ado para a\u00f1os de rendimiento continuo y confiable, robusto chasis de acero, dimensiones: 44.45 x 482.6 x 215.9 mm, peso: 2.5 kg.","breadcrumb":{"@id":"https:\/\/www.mexicanguitarplayers.com\/tienda\/sin categor\u00eda\/ecualizador-a-r-t-mod-eq351\/#breadcrumb"},"inLanguage":"en-US","potentialAction":[{"@type":"ReadAction","target":["https:\/\/www.mexicanguitarplayers.com\/tienda\/sin categor\u00eda\/ecualizador-a-r-t-mod-eq351\/"]}]},{"@type":"ImageObject","inLanguage":"en-US","@id":"https:\/\/www.mexicanguitarplayers.com\/tienda\/sin categor\u00eda\/ecualizador-a-r-t-mod-eq351\/#primaryimage","url":"https:\/\/www.mexicanguitarplayers.com\/wp-content\/uploads\/2025\/04\/IAARTEQ351.jpg","contentUrl":"https:\/\/www.mexicanguitarplayers.com\/wp-content\/uploads\/2025\/04\/IAARTEQ351.jpg","width":1600,"height":800},{"@type":"BreadcrumbList","@id":"https:\/\/www.mexicanguitarplayers.com\/tienda\/sin categor\u00eda\/ecualizador-a-r-t-mod-eq351\/#breadcrumb","itemListElement":[{"@type":"ListItem","position":1,"name":"Portada","item":"https:\/\/www.mexicanguitarplayers.com\/"},{"@type":"ListItem","position":2,"name":"Tienda","item":"https:\/\/www.mexicanguitarplayers.com\/tienda\/"},{"@type":"ListItem","position":3,"name":"ECUALIZADOR A.R.T. MOD. EQ351"}]},{"@type":"WebSite","@id":"https:\/\/www.mexicanguitarplayers.com\/#website","url":"https:\/\/www.mexicanguitarplayers.com\/","name":"Mexican Guitar Players","description":"Website","publisher":{"@id":"https:\/\/www.mexicanguitarplayers.com\/#organization"},"potentialAction":[{"@type":"SearchAction","target":{"@type":"EntryPoint","urlTemplate":"https:\/\/www.mexicanguitarplayers.com\/?s={search_term_string}"},"query-input":{"@type":"PropertyValueSpecification","valueRequired":true,"valueName":"search_term_string"}}],"inLanguage":"en-US"},{"@type":"Organization","@id":"https:\/\/www.mexicanguitarplayers.com\/#organization","name":"Mexican Guitar Players","url":"https:\/\/www.mexicanguitarplayers.com\/","logo":{"@type":"ImageObject","inLanguage":"en-US","@id":"https:\/\/www.mexicanguitarplayers.com\/#\/schema\/logo\/image\/","url":"","contentUrl":"","caption":"Mexican Guitar Players"},"image":{"@id":"https:\/\/www.mexicanguitarplayers.com\/#\/schema\/logo\/image\/"}}]}},"brands":[{"id":531,"name":"ART","slug":"a-r-t"}],"_links":{"self":[{"href":"https:\/\/www.mexicanguitarplayers.com\/en\/wp-json\/wp\/v2\/product\/36441","targetHints":{"allow":["GET"]}}],"collection":[{"href":"https:\/\/www.mexicanguitarplayers.com\/en\/wp-json\/wp\/v2\/product"}],"about":[{"href":"https:\/\/www.mexicanguitarplayers.com\/en\/wp-json\/wp\/v2\/types\/product"}],"replies":[{"embeddable":true,"href":"https:\/\/www.mexicanguitarplayers.com\/en\/wp-json\/wp\/v2\/comments?post=36441"}],"wp:featuredmedia":[{"embeddable":true,"href":"https:\/\/www.mexicanguitarplayers.com\/en\/wp-json\/wp\/v2\/media\/36438"}],"wp:attachment":[{"href":"https:\/\/www.mexicanguitarplayers.com\/en\/wp-json\/wp\/v2\/media?parent=36441"}],"wp:term":[{"taxonomy":"pwb-brand","embeddable":true,"href":"https:\/\/www.mexicanguitarplayers.com\/en\/wp-json\/wp\/v2\/pwb-brand?post=36441"},{"taxonomy":"product_brand","embeddable":true,"href":"https:\/\/www.mexicanguitarplayers.com\/en\/wp-json\/wp\/v2\/product_brand?post=36441"},{"taxonomy":"product_cat","embeddable":true,"href":"https:\/\/www.mexicanguitarplayers.com\/en\/wp-json\/wp\/v2\/product_cat?post=36441"},{"taxonomy":"product_tag","embeddable":true,"href":"https:\/\/www.mexicanguitarplayers.com\/en\/wp-json\/wp\/v2\/product_tag?post=36441"}],"curies":[{"name":"wp","href":"https:\/\/api.w.org\/{rel}","templated":true}]}}