{"id":36446,"date":"2025-04-08T22:37:26","date_gmt":"2025-04-09T04:37:26","guid":{"rendered":"https:\/\/www.mexicanguitarplayers.com\/tienda\/sin categor\u00eda\/amplificador-ashdown-bajo-rm-300-evo-ii\/"},"modified":"2025-04-08T22:37:26","modified_gmt":"2025-04-09T04:37:26","slug":"amplificador-ashdown-bajo-rm-300-evo-ii","status":"publish","type":"product","link":"https:\/\/www.mexicanguitarplayers.com\/en\/tienda\/cuerdas\/amplificadores-cuerdas\/amps-para-bajo\/amplificador-ashdown-bajo-rm-300-evo-ii\/","title":{"rendered":"AMPLIFICADOR ASHDOWN BAJO  RM-300-EVO II"},"content":{"rendered":"<div style=\"text-align: justify\">\n<div>\n<h3>Tono, potencia y confiabilidad.<\/h3>\n<\/div>\n<div>Para todos aquellos que buscan un tono Ashdown, potencia y confiabilidad sin tanto peso, el RM-300 EVO II es la soluci\u00f3n. Es perfecto para practicar, ensayos y conciertos medianos y peque\u00f1os. Con un peso de tan solo 2.1 kg pero con 300W de potencia, calidad y caracter\u00edsticas l\u00edderes en su clase. La gama Rootmaster EVO II ahora tambi\u00e9n viene equipada con un preamplificador de aud\u00edfono incorporado para  permitir la pr\u00e1ctica silenciosa, que duplica a estos amplificadores listos tanto para usarse en conciertos como para funcionar como dispositivos de ensayo. El preamplificador incluye un jack de entrad pasiva y activa para usar con instrumentos de salida alta y baja, esto establece una ruta de se\u00f1al clara para el control de entrada que te permite ajustar el nivel de entrada utilizando el medidor VU de Ashdown. Con la se\u00f1al en su nivel \u00f3ptimo, puedes presionar las ricas caracter\u00edsticas dise\u00f1adas para mejorar tu tono, como el bot\u00f3n shape, el ecualizador de 5 bandas y el compresor incorporado. El control de drive, como siempre, ofrece un bulbo emulado delicioso sobre el drive, mientras que los contarles sub am\u00f3nicos agregan m\u00e1s cordura a tu tono, ambos se pueden cambiar por medio de un footswitch FS2 (se vende por separado). Los cabezales Rootmaster EVO II tambi\u00e9n cuentan con un pr\u00e1ctico bot\u00f3n de silencio Lo m\u00e1s genial es cuando se cambia a silencio, el medidor VU de Ashdown cambia de color naranja a azul frio, creando la iluminaci\u00f3n ambiental perfecta en el escenario entre sets.<\/div>\n<div>\n<h4>Quick look<\/h4>\n<\/div>\n<ul style=\"margin: 0px 0px 0px 25px\">\n<li style=\"list-style-type: circle;margin: 5px\">Panel frontal de aleaci\u00f3n anodizada roja.<\/li>\n<li style=\"list-style-type: circle;margin: 5px\">Ecualizador simple y potente.<\/li>\n<li style=\"list-style-type: circle;margin: 5px\">Compresi\u00f3n de una sola perilla.<\/li>\n<li style=\"list-style-type: circle;margin: 5px\">Overdrive &amp; Sub.<\/li>\n<li style=\"list-style-type: circle;margin: 5px\">Totalmente conectado.<\/li>\n<li style=\"list-style-type: circle;margin: 5px\">Headphone output.<\/li>\n<li style=\"list-style-type: circle;margin: 5px\">Output power.<\/li>\n<li style=\"list-style-type: circle;margin: 5px\">Energy.<\/li>\n<li style=\"list-style-type: circle;margin: 5px\">Salida de altavoces.<\/li>\n<li style=\"list-style-type: circle;margin: 5px\">Frequency response.<\/li>\n<li style=\"list-style-type: circle;margin: 5px\">Entrada de instrumento alta impedancia.<\/li>\n<li style=\"list-style-type: circle;margin: 5px\">Entrada de instrumento baja impedancia.<\/li>\n<li style=\"list-style-type: circle;margin: 5px\">Line input.<\/li>\n<li style=\"list-style-type: circle;margin: 5px\">DI output.<\/li>\n<li style=\"list-style-type: circle;margin: 5px\">Impedancia de salida de afinador.<\/li>\n<li style=\"list-style-type: circle;margin: 5px\">Impedancia m\u00ednima.<\/li>\n<li style=\"list-style-type: circle;margin: 5px\">Signal to noise ratio.<\/li>\n<li style=\"list-style-type: circle;margin: 5px\">EQ.<\/li>\n<li style=\"list-style-type: circle;margin: 5px\">Impedancia de env\u00edo de efecto.<\/li>\n<li style=\"list-style-type: circle;margin: 5px\">Retorno de efectos.<\/li>\n<li style=\"list-style-type: circle;margin: 5px\">Distorsi\u00f3n.<\/li>\n<li style=\"list-style-type: circle;margin: 5px\">Dimensions.<\/li>\n<li style=\"list-style-type: circle;margin: 5px\">Weight.<\/li>\n<\/ul>\n<div>\n<div style=\"font-weight: bold\">Panel frontal de aleaci\u00f3n anodizada roja.<\/div>\n<div>\n<p>Ashdown ha actualizado el panel frontal del amplificador con un acabado de aleaci\u00f3n anodizada mate, reemplazando el acero inoxidable pulido anterior. Esta modificaci\u00f3n simple pero observante hace que leer la configuraci\u00f3n de tu amplificador sea un poco m\u00e1s f\u00e1cil cuando se coloca bajo una iluminaci\u00f3n brillante del escenario.<\/p>\n<\/div>\n<div style=\"font-weight: bold\">Ecualizador simple y potente.<\/div>\n<div>\n<p>El preamplificador de la serie Rootmaster EVO ahora incluye un jack de entrada activa y pasiva para usar con instrumentos de salida alta y baja. Los controles de tono rotativo de cinco bandas act\u00faan con precisi\u00f3n quir\u00fargica para proporcionar un control total sobre tu sonido, mientras que un switch de shape lo conecta instant\u00e1neamente a un ajuste de tono cl\u00e1sico de Ashdown, directamente desde el mundialmente famoso ABM.<\/p>\n<\/div>\n<div style=\"font-weight: bold\">Compresi\u00f3n de una sola perilla.<\/div>\n<div>\n<p>Agregando al instante calidez y cuerpo a tu tono, este compresor f\u00e1cil de usar y de excelente sonido ofrece un sonido potente y uniforme para asegurarse de que tu bajo sea tan suave como la seda y llene cualquier mezcla.<\/p>\n<\/div>\n<div style=\"font-weight: bold\">Overdrive &amp; Sub.<\/div>\n<div>\n<p>Con una flexibilidad de conmutaci\u00f3n de pedal, nuestro overdrive de bulbo emulado puede tomar tu sonido de graves central y empujarlo hacia un overdrive c\u00e1lido hasta una distorsi\u00f3n sucia cada vez que necesites agregar molienda y circunferencia adicional a tu tono. Al brindar profundidad y definici\u00f3n adicionales a tus partes de bajo, el generador subarm\u00f3nico te permite marcar un a sub-octava y activarla mediante un footswitch cada vez que necesites la profundidad adicional para esos momentos Godzilla s\u00faper pesados.<\/p>\n<\/div>\n<div style=\"font-weight: bold\">Totalmente conectado.<\/div>\n<div>\n<p>Si deseas utilizar tus pedales o multiefectos favoritos, encontrar\u00e1s jacks de env\u00edo y retorno en el panel posterior, junto con una salida DI para inyecci\u00f3n directa en la mezcladora PA o consola de grabaci\u00f3n y una entrada de l\u00ednea (con control de nivel en el panel frontal) para que puedas ensayar junto con una pista de acompa\u00f1amiento. Un par de conectores Neutrik Jack\/Speakon con una carga m\u00ednima de 4 ohms ofrece opciones de asociaci\u00f3n flexibles con una gama dedicada de gabinetes Rootmaster EVO. El Rootmaster 300 EVO II se puede usar para alimentar un s\u00f3lo gabinete de 8 ohms, un par de gabinetes de 8 ohms o un s\u00f3lo gabinete de 4 ohms.<\/p>\n<\/div>\n<div style=\"font-weight: bold\">Headphone output.<\/div>\n<div>\n<p>La gama Rootmaster EVO II ahora viene equipada con un preamplificador de aud\u00edfonos incorporado para permitir la pr\u00e1ctica silenciosa, que duplica estos amplificadores listos para conciertos como dispositivos pr\u00e1cticos de ensayo. El preamplificador de aud\u00edfonos maximiza el potencial de sonido completo de tus aud\u00edfonos, por lo que ahora tu sonido en el o\u00eddo puede coincidir con la calidad de audio de tu sonido en el escenario.<\/p>\n<\/div>\n<div style=\"font-weight: bold\">Output power.<\/div>\n<div>\n<p>300 Watts.<\/p>\n<\/div>\n<div style=\"font-weight: bold\">Energy.<\/div>\n<div>\n<p>115-230 Volts.<\/p>\n<\/div>\n<div style=\"font-weight: bold\">Salida de altavoces.<\/div>\n<div>\n<p>2 conectores Neutrik Speakon\/Jack.<\/p>\n<\/div>\n<div style=\"font-weight: bold\">Frequency response.<\/div>\n<div>\n<p>-3 dB @ 17 Hz &#8211; 30 kHz.<\/p>\n<\/div>\n<div style=\"font-weight: bold\">Entrada de instrumento alta impedancia.<\/div>\n<div>\n<p>3.9 mili-ohms, rango de entrada 150 mV.<\/p>\n<\/div>\n<div style=\"font-weight: bold\">Entrada de instrumento baja impedancia.<\/div>\n<div>\n<p>10 kilo-ohms, rango de entrada 300 mV &#8211; 40V p-p.<\/p>\n<\/div>\n<div style=\"font-weight: bold\">Line input.<\/div>\n<div>\n<p>Impedancia 22 kilo-ohms, nivel de entrada 0 dBu nominal.<\/p>\n<\/div>\n<div style=\"font-weight: bold\">DI output.<\/div>\n<div>\n<p>600 ohms balanceado, nivel nominal 0 dBu.<\/p>\n<\/div>\n<div style=\"font-weight: bold\">Impedancia de salida de afinador.<\/div>\n<div>\n<p>22 kilo-ohms, nivel nominal 0 dBu.<\/p>\n<\/div>\n<div style=\"font-weight: bold\">Impedancia m\u00ednima.<\/div>\n<div>\n<p>4 ohms.<\/p>\n<\/div>\n<div style=\"font-weight: bold\">Signal to noise ratio.<\/div>\n<div>\n<p>Mejor que 80 dB (EQ flat).<\/p>\n<\/div>\n<div style=\"font-weight: bold\">EQ.<\/div>\n<div>\n<p>Bass \u00b115 dB @ 100 Hz. Lo Mid \u00b115 dB @ 220Hz. Middle \u00b115 dB @ 660 Hz. Hi Mid \u00b115 dB @ 1.6 kHz. Treble \u00b115 dB @ 7 kHz shelving Deep +.<\/p>\n<\/div>\n<div style=\"font-weight: bold\">Impedancia de env\u00edo de efecto.<\/div>\n<div>\n<p>22 kilo-ohms, nivel nominal 0 dBu.<\/p>\n<\/div>\n<div style=\"font-weight: bold\">Retorno de efectos.<\/div>\n<div>\n<p>Impedancia 22 kilo-ohms, nivel de entrada nominal 0 dBu.<\/p>\n<\/div>\n<div style=\"font-weight: bold\">Distorsi\u00f3n.<\/div>\n<div>\n<p>Menor que 0.5% THD.<\/p>\n<\/div>\n<div style=\"font-weight: bold\">Dimensions.<\/div>\n<div>\n<p>86 x 314 x 235 mm.<\/p>\n<\/div>\n<div style=\"font-weight: bold\">Weight.<\/div>\n<div>\n<p>2.1 kg.<\/p>\n<\/div>\n<\/div>\n<\/div>","protected":false},"excerpt":{"rendered":"<p>Amplificador para bajo, modelo Rootmaster 300 EVO II, potencia de 300W, panel frontal de aleaci\u00f3n anodizada roja, ecualizador simple y potente, jack de entrada activa y pasiva para usar con instrumentos de salida alta y baja, controles giratorios de tono de cinco bandas, proporciona un control total sobre tu sonido, compresi\u00f3n de una sola perilla, agrega al instante calidez y cuerpo a tu tono, sonido potente y uniforme, overdrive de bulbo emulado &amp; Sub, jacks de env\u00edo y retorno en panel posterior, salida DI, dos salidas Neutrik Jack\/Speakon, este amplificador se puede usar para alimentar un s\u00f3lo gabinete de 8 ohms, un par de gabinetes de 8 ohms o un s\u00f3lo gabinete de 4 ohms, preamplificador de aud\u00edfonos incorporado, dimensiones: 86 x 314 x 235 mm, peso: 2.1 kg.&hellip; <a class=\"kt-excerpt-readmore more-link\" href=\"https:\/\/www.mexicanguitarplayers.com\/en\/tienda\/cuerdas\/amplificadores-cuerdas\/amps-para-bajo\/amplificador-ashdown-bajo-rm-300-evo-ii\/\">Read more<\/a><\/p>","protected":false},"featured_media":36442,"comment_status":"open","ping_status":"closed","template":"","meta":{"kt_blocks_editor_width":""},"pwb-brand":[257],"product_brand":[],"product_cat":[219,254,224],"product_tag":[],"class_list":{"0":"post-36446","1":"product","2":"type-product","3":"status-publish","4":"has-post-thumbnail","6":"pwb-brand-ashdown","7":"product_cat-amplificadores-audio","8":"product_cat-amps-para-bajo","9":"product_cat-cuerdas","10":"product_shipping_class-0-5-kg","12":"first","13":"outofstock","14":"taxable","15":"shipping-taxable","16":"purchasable","17":"product-type-simple"},"yoast_head":"<!-- This site is optimized with the Yoast SEO plugin v27.3 - https:\/\/yoast.com\/product\/yoast-seo-wordpress\/ -->\n<title>AMPLIFICADOR ASHDOWN BAJO RM-300-EVO II - Mexican Guitar Players<\/title>\n<meta name=\"description\" content=\"Amplificador para bajo, modelo Rootmaster 300 EVO II, potencia de 300W, panel frontal de aleaci\u00f3n anodizada roja, ecualizador simple y potente, jack de entrada activa y pasiva para usar con instrumentos de salida alta y baja, controles giratorios de tono de cinco bandas, proporciona un control total sobre tu sonido, compresi\u00f3n de una sola perilla, agrega al instante calidez y cuerpo a tu tono, sonido potente y uniforme, overdrive de bulbo emulado &amp; Sub, jacks de env\u00edo y retorno en panel posterior, salida DI, dos salidas Neutrik Jack\/Speakon, este amplificador se puede usar para alimentar un s\u00f3lo gabinete de 8 ohms, un par de gabinetes de 8 ohms o un s\u00f3lo gabinete de 4 ohms, preamplificador de aud\u00edfonos incorporado, dimensiones: 86 x 314 x 235 mm, peso: 2.1 kg.\" \/>\n<meta name=\"robots\" content=\"index, follow, max-snippet:-1, max-image-preview:large, max-video-preview:-1\" \/>\n<link rel=\"canonical\" href=\"https:\/\/www.mexicanguitarplayers.com\/en\/tienda\/sin%20categor\u00eda\/amplificador-ashdown-bajo-rm-300-evo-ii\/\" \/>\n<meta property=\"og:locale\" content=\"en_US\" \/>\n<meta property=\"og:type\" content=\"article\" \/>\n<meta property=\"og:title\" content=\"AMPLIFICADOR ASHDOWN BAJO RM-300-EVO II - Mexican Guitar Players\" \/>\n<meta property=\"og:description\" content=\"Amplificador para bajo, modelo Rootmaster 300 EVO II, potencia de 300W, panel frontal de aleaci\u00f3n anodizada roja, ecualizador simple y potente, jack de entrada activa y pasiva para usar con instrumentos de salida alta y baja, controles giratorios de tono de cinco bandas, proporciona un control total sobre tu sonido, compresi\u00f3n de una sola perilla, agrega al instante calidez y cuerpo a tu tono, sonido potente y uniforme, overdrive de bulbo emulado &amp; Sub, jacks de env\u00edo y retorno en panel posterior, salida DI, dos salidas Neutrik Jack\/Speakon, este amplificador se puede usar para alimentar un s\u00f3lo gabinete de 8 ohms, un par de gabinetes de 8 ohms o un s\u00f3lo gabinete de 4 ohms, preamplificador de aud\u00edfonos incorporado, dimensiones: 86 x 314 x 235 mm, peso: 2.1 kg.\" \/>\n<meta property=\"og:url\" content=\"https:\/\/www.mexicanguitarplayers.com\/en\/tienda\/sin categor\u00eda\/amplificador-ashdown-bajo-rm-300-evo-ii\/\" \/>\n<meta property=\"og:site_name\" content=\"Mexican Guitar Players\" \/>\n<meta name=\"twitter:card\" content=\"summary_large_image\" \/>\n<meta name=\"twitter:label1\" content=\"Est. reading time\" \/>\n\t<meta name=\"twitter:data1\" content=\"5 minutes\" \/>\n<script type=\"application\/ld+json\" class=\"yoast-schema-graph\">{\"@context\":\"https:\\\/\\\/schema.org\",\"@graph\":[{\"@type\":[\"WebPage\",\"ItemPage\"],\"@id\":\"https:\\\/\\\/www.mexicanguitarplayers.com\\\/tienda\\\/sin categor\u00eda\\\/amplificador-ashdown-bajo-rm-300-evo-ii\\\/\",\"url\":\"https:\\\/\\\/www.mexicanguitarplayers.com\\\/tienda\\\/sin categor\u00eda\\\/amplificador-ashdown-bajo-rm-300-evo-ii\\\/\",\"name\":\"AMPLIFICADOR ASHDOWN BAJO RM-300-EVO II - Mexican Guitar Players\",\"isPartOf\":{\"@id\":\"https:\\\/\\\/www.mexicanguitarplayers.com\\\/#website\"},\"primaryImageOfPage\":{\"@id\":\"https:\\\/\\\/www.mexicanguitarplayers.com\\\/tienda\\\/sin categor\u00eda\\\/amplificador-ashdown-bajo-rm-300-evo-ii\\\/#primaryimage\"},\"image\":{\"@id\":\"https:\\\/\\\/www.mexicanguitarplayers.com\\\/tienda\\\/sin categor\u00eda\\\/amplificador-ashdown-bajo-rm-300-evo-ii\\\/#primaryimage\"},\"thumbnailUrl\":\"https:\\\/\\\/www.mexicanguitarplayers.com\\\/wp-content\\\/uploads\\\/2025\\\/04\\\/ICASORM300EVO2.jpg\",\"datePublished\":\"2025-04-09T04:37:26+00:00\",\"description\":\"Amplificador para bajo, modelo Rootmaster 300 EVO II, potencia de 300W, panel frontal de aleaci\u00f3n anodizada roja, ecualizador simple y potente, jack de entrada activa y pasiva para usar con instrumentos de salida alta y baja, controles giratorios de tono de cinco bandas, proporciona un control total sobre tu sonido, compresi\u00f3n de una sola perilla, agrega al instante calidez y cuerpo a tu tono, sonido potente y uniforme, overdrive de bulbo emulado &amp; Sub, jacks de env\u00edo y retorno en panel posterior, salida DI, dos salidas Neutrik Jack\\\/Speakon, este amplificador se puede usar para alimentar un s\u00f3lo gabinete de 8 ohms, un par de gabinetes de 8 ohms o un s\u00f3lo gabinete de 4 ohms, preamplificador de aud\u00edfonos incorporado, dimensiones: 86 x 314 x 235 mm, peso: 2.1 kg.\",\"breadcrumb\":{\"@id\":\"https:\\\/\\\/www.mexicanguitarplayers.com\\\/tienda\\\/sin categor\u00eda\\\/amplificador-ashdown-bajo-rm-300-evo-ii\\\/#breadcrumb\"},\"inLanguage\":\"en-US\",\"potentialAction\":[{\"@type\":\"ReadAction\",\"target\":[\"https:\\\/\\\/www.mexicanguitarplayers.com\\\/tienda\\\/sin categor\u00eda\\\/amplificador-ashdown-bajo-rm-300-evo-ii\\\/\"]}]},{\"@type\":\"ImageObject\",\"inLanguage\":\"en-US\",\"@id\":\"https:\\\/\\\/www.mexicanguitarplayers.com\\\/tienda\\\/sin categor\u00eda\\\/amplificador-ashdown-bajo-rm-300-evo-ii\\\/#primaryimage\",\"url\":\"https:\\\/\\\/www.mexicanguitarplayers.com\\\/wp-content\\\/uploads\\\/2025\\\/04\\\/ICASORM300EVO2.jpg\",\"contentUrl\":\"https:\\\/\\\/www.mexicanguitarplayers.com\\\/wp-content\\\/uploads\\\/2025\\\/04\\\/ICASORM300EVO2.jpg\",\"width\":1600,\"height\":800},{\"@type\":\"BreadcrumbList\",\"@id\":\"https:\\\/\\\/www.mexicanguitarplayers.com\\\/tienda\\\/sin categor\u00eda\\\/amplificador-ashdown-bajo-rm-300-evo-ii\\\/#breadcrumb\",\"itemListElement\":[{\"@type\":\"ListItem\",\"position\":1,\"name\":\"Portada\",\"item\":\"https:\\\/\\\/www.mexicanguitarplayers.com\\\/\"},{\"@type\":\"ListItem\",\"position\":2,\"name\":\"Tienda\",\"item\":\"https:\\\/\\\/www.mexicanguitarplayers.com\\\/tienda\\\/\"},{\"@type\":\"ListItem\",\"position\":3,\"name\":\"AMPLIFICADOR ASHDOWN BAJO RM-300-EVO II\"}]},{\"@type\":\"WebSite\",\"@id\":\"https:\\\/\\\/www.mexicanguitarplayers.com\\\/#website\",\"url\":\"https:\\\/\\\/www.mexicanguitarplayers.com\\\/\",\"name\":\"Mexican Guitar Players\",\"description\":\"Website\",\"publisher\":{\"@id\":\"https:\\\/\\\/www.mexicanguitarplayers.com\\\/#organization\"},\"potentialAction\":[{\"@type\":\"SearchAction\",\"target\":{\"@type\":\"EntryPoint\",\"urlTemplate\":\"https:\\\/\\\/www.mexicanguitarplayers.com\\\/?s={search_term_string}\"},\"query-input\":{\"@type\":\"PropertyValueSpecification\",\"valueRequired\":true,\"valueName\":\"search_term_string\"}}],\"inLanguage\":\"en-US\"},{\"@type\":\"Organization\",\"@id\":\"https:\\\/\\\/www.mexicanguitarplayers.com\\\/#organization\",\"name\":\"Mexican Guitar Players\",\"url\":\"https:\\\/\\\/www.mexicanguitarplayers.com\\\/\",\"logo\":{\"@type\":\"ImageObject\",\"inLanguage\":\"en-US\",\"@id\":\"https:\\\/\\\/www.mexicanguitarplayers.com\\\/#\\\/schema\\\/logo\\\/image\\\/\",\"url\":\"\",\"contentUrl\":\"\",\"caption\":\"Mexican Guitar Players\"},\"image\":{\"@id\":\"https:\\\/\\\/www.mexicanguitarplayers.com\\\/#\\\/schema\\\/logo\\\/image\\\/\"}}]}<\/script>\n<!-- \/ Yoast SEO plugin. -->","yoast_head_json":{"title":"AMPLIFICADOR ASHDOWN BAJO RM-300-EVO II - Mexican Guitar Players","description":"Amplificador para bajo, modelo Rootmaster 300 EVO II, potencia de 300W, panel frontal de aleaci\u00f3n anodizada roja, ecualizador simple y potente, jack de entrada activa y pasiva para usar con instrumentos de salida alta y baja, controles giratorios de tono de cinco bandas, proporciona un control total sobre tu sonido, compresi\u00f3n de una sola perilla, agrega al instante calidez y cuerpo a tu tono, sonido potente y uniforme, overdrive de bulbo emulado &amp; Sub, jacks de env\u00edo y retorno en panel posterior, salida DI, dos salidas Neutrik Jack\/Speakon, este amplificador se puede usar para alimentar un s\u00f3lo gabinete de 8 ohms, un par de gabinetes de 8 ohms o un s\u00f3lo gabinete de 4 ohms, preamplificador de aud\u00edfonos incorporado, dimensiones: 86 x 314 x 235 mm, peso: 2.1 kg.","robots":{"index":"index","follow":"follow","max-snippet":"max-snippet:-1","max-image-preview":"max-image-preview:large","max-video-preview":"max-video-preview:-1"},"canonical":"https:\/\/www.mexicanguitarplayers.com\/en\/tienda\/sin categor\u00eda\/amplificador-ashdown-bajo-rm-300-evo-ii\/","og_locale":"en_US","og_type":"article","og_title":"AMPLIFICADOR ASHDOWN BAJO RM-300-EVO II - Mexican Guitar Players","og_description":"Amplificador para bajo, modelo Rootmaster 300 EVO II, potencia de 300W, panel frontal de aleaci\u00f3n anodizada roja, ecualizador simple y potente, jack de entrada activa y pasiva para usar con instrumentos de salida alta y baja, controles giratorios de tono de cinco bandas, proporciona un control total sobre tu sonido, compresi\u00f3n de una sola perilla, agrega al instante calidez y cuerpo a tu tono, sonido potente y uniforme, overdrive de bulbo emulado &amp; Sub, jacks de env\u00edo y retorno en panel posterior, salida DI, dos salidas Neutrik Jack\/Speakon, este amplificador se puede usar para alimentar un s\u00f3lo gabinete de 8 ohms, un par de gabinetes de 8 ohms o un s\u00f3lo gabinete de 4 ohms, preamplificador de aud\u00edfonos incorporado, dimensiones: 86 x 314 x 235 mm, peso: 2.1 kg.","og_url":"https:\/\/www.mexicanguitarplayers.com\/en\/tienda\/sin categor\u00eda\/amplificador-ashdown-bajo-rm-300-evo-ii\/","og_site_name":"Mexican Guitar Players","twitter_card":"summary_large_image","twitter_misc":{"Est. reading time":"5 minutes"},"schema":{"@context":"https:\/\/schema.org","@graph":[{"@type":["WebPage","ItemPage"],"@id":"https:\/\/www.mexicanguitarplayers.com\/tienda\/sin categor\u00eda\/amplificador-ashdown-bajo-rm-300-evo-ii\/","url":"https:\/\/www.mexicanguitarplayers.com\/tienda\/sin categor\u00eda\/amplificador-ashdown-bajo-rm-300-evo-ii\/","name":"AMPLIFICADOR ASHDOWN BAJO RM-300-EVO II - Mexican Guitar Players","isPartOf":{"@id":"https:\/\/www.mexicanguitarplayers.com\/#website"},"primaryImageOfPage":{"@id":"https:\/\/www.mexicanguitarplayers.com\/tienda\/sin categor\u00eda\/amplificador-ashdown-bajo-rm-300-evo-ii\/#primaryimage"},"image":{"@id":"https:\/\/www.mexicanguitarplayers.com\/tienda\/sin categor\u00eda\/amplificador-ashdown-bajo-rm-300-evo-ii\/#primaryimage"},"thumbnailUrl":"https:\/\/www.mexicanguitarplayers.com\/wp-content\/uploads\/2025\/04\/ICASORM300EVO2.jpg","datePublished":"2025-04-09T04:37:26+00:00","description":"Amplificador para bajo, modelo Rootmaster 300 EVO II, potencia de 300W, panel frontal de aleaci\u00f3n anodizada roja, ecualizador simple y potente, jack de entrada activa y pasiva para usar con instrumentos de salida alta y baja, controles giratorios de tono de cinco bandas, proporciona un control total sobre tu sonido, compresi\u00f3n de una sola perilla, agrega al instante calidez y cuerpo a tu tono, sonido potente y uniforme, overdrive de bulbo emulado &amp; Sub, jacks de env\u00edo y retorno en panel posterior, salida DI, dos salidas Neutrik Jack\/Speakon, este amplificador se puede usar para alimentar un s\u00f3lo gabinete de 8 ohms, un par de gabinetes de 8 ohms o un s\u00f3lo gabinete de 4 ohms, preamplificador de aud\u00edfonos incorporado, dimensiones: 86 x 314 x 235 mm, peso: 2.1 kg.","breadcrumb":{"@id":"https:\/\/www.mexicanguitarplayers.com\/tienda\/sin categor\u00eda\/amplificador-ashdown-bajo-rm-300-evo-ii\/#breadcrumb"},"inLanguage":"en-US","potentialAction":[{"@type":"ReadAction","target":["https:\/\/www.mexicanguitarplayers.com\/tienda\/sin categor\u00eda\/amplificador-ashdown-bajo-rm-300-evo-ii\/"]}]},{"@type":"ImageObject","inLanguage":"en-US","@id":"https:\/\/www.mexicanguitarplayers.com\/tienda\/sin categor\u00eda\/amplificador-ashdown-bajo-rm-300-evo-ii\/#primaryimage","url":"https:\/\/www.mexicanguitarplayers.com\/wp-content\/uploads\/2025\/04\/ICASORM300EVO2.jpg","contentUrl":"https:\/\/www.mexicanguitarplayers.com\/wp-content\/uploads\/2025\/04\/ICASORM300EVO2.jpg","width":1600,"height":800},{"@type":"BreadcrumbList","@id":"https:\/\/www.mexicanguitarplayers.com\/tienda\/sin categor\u00eda\/amplificador-ashdown-bajo-rm-300-evo-ii\/#breadcrumb","itemListElement":[{"@type":"ListItem","position":1,"name":"Portada","item":"https:\/\/www.mexicanguitarplayers.com\/"},{"@type":"ListItem","position":2,"name":"Tienda","item":"https:\/\/www.mexicanguitarplayers.com\/tienda\/"},{"@type":"ListItem","position":3,"name":"AMPLIFICADOR ASHDOWN BAJO RM-300-EVO II"}]},{"@type":"WebSite","@id":"https:\/\/www.mexicanguitarplayers.com\/#website","url":"https:\/\/www.mexicanguitarplayers.com\/","name":"Mexican Guitar Players","description":"Website","publisher":{"@id":"https:\/\/www.mexicanguitarplayers.com\/#organization"},"potentialAction":[{"@type":"SearchAction","target":{"@type":"EntryPoint","urlTemplate":"https:\/\/www.mexicanguitarplayers.com\/?s={search_term_string}"},"query-input":{"@type":"PropertyValueSpecification","valueRequired":true,"valueName":"search_term_string"}}],"inLanguage":"en-US"},{"@type":"Organization","@id":"https:\/\/www.mexicanguitarplayers.com\/#organization","name":"Mexican Guitar Players","url":"https:\/\/www.mexicanguitarplayers.com\/","logo":{"@type":"ImageObject","inLanguage":"en-US","@id":"https:\/\/www.mexicanguitarplayers.com\/#\/schema\/logo\/image\/","url":"","contentUrl":"","caption":"Mexican Guitar Players"},"image":{"@id":"https:\/\/www.mexicanguitarplayers.com\/#\/schema\/logo\/image\/"}}]}},"brands":[{"id":257,"name":"ASHDOWN","slug":"ashdown"}],"_links":{"self":[{"href":"https:\/\/www.mexicanguitarplayers.com\/en\/wp-json\/wp\/v2\/product\/36446","targetHints":{"allow":["GET"]}}],"collection":[{"href":"https:\/\/www.mexicanguitarplayers.com\/en\/wp-json\/wp\/v2\/product"}],"about":[{"href":"https:\/\/www.mexicanguitarplayers.com\/en\/wp-json\/wp\/v2\/types\/product"}],"replies":[{"embeddable":true,"href":"https:\/\/www.mexicanguitarplayers.com\/en\/wp-json\/wp\/v2\/comments?post=36446"}],"wp:featuredmedia":[{"embeddable":true,"href":"https:\/\/www.mexicanguitarplayers.com\/en\/wp-json\/wp\/v2\/media\/36442"}],"wp:attachment":[{"href":"https:\/\/www.mexicanguitarplayers.com\/en\/wp-json\/wp\/v2\/media?parent=36446"}],"wp:term":[{"taxonomy":"pwb-brand","embeddable":true,"href":"https:\/\/www.mexicanguitarplayers.com\/en\/wp-json\/wp\/v2\/pwb-brand?post=36446"},{"taxonomy":"product_brand","embeddable":true,"href":"https:\/\/www.mexicanguitarplayers.com\/en\/wp-json\/wp\/v2\/product_brand?post=36446"},{"taxonomy":"product_cat","embeddable":true,"href":"https:\/\/www.mexicanguitarplayers.com\/en\/wp-json\/wp\/v2\/product_cat?post=36446"},{"taxonomy":"product_tag","embeddable":true,"href":"https:\/\/www.mexicanguitarplayers.com\/en\/wp-json\/wp\/v2\/product_tag?post=36446"}],"curies":[{"name":"wp","href":"https:\/\/api.w.org\/{rel}","templated":true}]}}