{"id":36457,"date":"2025-04-08T22:37:39","date_gmt":"2025-04-09T04:37:39","guid":{"rendered":"https:\/\/www.mexicanguitarplayers.com\/tienda\/sin categor\u00eda\/bocina-beyma-12-mod-12mcb700\/"},"modified":"2026-01-21T04:17:04","modified_gmt":"2026-01-21T10:17:04","slug":"bocina-beyma-12-mod-12mcb700","status":"publish","type":"product","link":"https:\/\/www.mexicanguitarplayers.com\/en\/tienda\/audio\/bafles-y-bocinas\/bocinas-y-componentes\/medios\/bocina-beyma-12-mod-12mcb700\/","title":{"rendered":"BOCINA BEYMA  12     MOD. 12MCB700"},"content":{"rendered":"<div style=\"text-align: justify\">\n<div>\n<h3>Incre\u00edble fidelidad.<\/h3>\n<\/div>\n<div>Altavoz de 12\u201d pulgadas, cuenta con una potencia programa de 700 watts, bobina m\u00f3vil de alambre de cobre de 3\u201d, alta sensibilidad de 98 dB, exclusivo sistema de refrigeraci\u00f3n con tecnolog\u00eda Malt Cross, p\u00e9rdidas de compresi\u00f3n de alta potencia, circuito magn\u00e9tico optimizado FEA, comportamiento no lineal optimizado, serie MCB, tratamiento de cono resistente a la intemperie en ambos lados del cono, bobina m\u00f3vil de cobre de entrada y salida de doble capa DUO de 3&#8243;, anillo demodulador de aluminio, desplazamiento controlado extendido: Xmax \u00b1 7 mm, excursi\u00f3n de pico a pico de 45 mm antes del da\u00f1o, optimizado para aplicaciones de graves, medios y de baja frecuencia.<\/div>\n<div>\n<h4>Quick look<\/h4>\n<\/div>\n<ul style=\"margin: 0px 0px 0px 25px\">\n<li style=\"list-style-type: circle;margin: 5px\">Di\u00e1metro nominal.<\/li>\n<li style=\"list-style-type: circle;margin: 5px\">Nominal impedance.<\/li>\n<li style=\"list-style-type: circle;margin: 5px\">Impedancia m\u00ednima.<\/li>\n<li style=\"list-style-type: circle;margin: 5px\">Power.<\/li>\n<li style=\"list-style-type: circle;margin: 5px\">Sensitivity.<\/li>\n<li style=\"list-style-type: circle;margin: 5px\">Rango de frecuencia.<\/li>\n<li style=\"list-style-type: circle;margin: 5px\">Volumen recomendado del gabinete.<\/li>\n<li style=\"list-style-type: circle;margin: 5px\">Di\u00e1metro de la bobina m\u00f3vil.<\/li>\n<li style=\"list-style-type: circle;margin: 5px\">Factor BL.<\/li>\n<li style=\"list-style-type: circle;margin: 5px\">Masa m\u00f3vil.<\/li>\n<li style=\"list-style-type: circle;margin: 5px\">Longitud del bobinado.<\/li>\n<li style=\"list-style-type: circle;margin: 5px\">Altura del entrehierro.<\/li>\n<li style=\"list-style-type: circle;margin: 5px\">Desplazamiento m\u00e1ximo pp.<\/li>\n<li style=\"list-style-type: circle;margin: 5px\">FS (Frecuencia de resonancia).<\/li>\n<li style=\"list-style-type: circle;margin: 5px\">Resistencia DC.<\/li>\n<li style=\"list-style-type: circle;margin: 5px\">QMS (Factor de calidad mec\u00e1nica).<\/li>\n<li style=\"list-style-type: circle;margin: 5px\">QES (Factor de calidad el\u00e9ctrica).<\/li>\n<li style=\"list-style-type: circle;margin: 5px\">QTS (Factor de calidad total).<\/li>\n<li style=\"list-style-type: circle;margin: 5px\">VAS (Volumen de aire equivalente a CMS).<\/li>\n<li style=\"list-style-type: circle;margin: 5px\">CMS (Cumplimiento mec\u00e1nico).<\/li>\n<li style=\"list-style-type: circle;margin: 5px\">RMS (Resistencia mec\u00e1nica).<\/li>\n<li style=\"list-style-type: circle;margin: 5px\">Porcentaje de eficiencia.<\/li>\n<li style=\"list-style-type: circle;margin: 5px\">SD (Superficie efectiva).<\/li>\n<li style=\"list-style-type: circle;margin: 5px\">XMAX (Desplazamiento m\u00e1ximo).<\/li>\n<li style=\"list-style-type: circle;margin: 5px\">VD (Volumen de desplazamiento).<\/li>\n<li style=\"list-style-type: circle;margin: 5px\">Inductancia de la bobina m\u00f3vil (Le @ 1kHz).<\/li>\n<li style=\"list-style-type: circle;margin: 5px\">Di\u00e1metro total.<\/li>\n<li style=\"list-style-type: circle;margin: 5px\">Di\u00e1metro del c\u00edrculo del perno.<\/li>\n<li style=\"list-style-type: circle;margin: 5px\">Di\u00e1metro del corte del bafle.<\/li>\n<li style=\"list-style-type: circle;margin: 5px\">Im\u00e1n.<\/li>\n<li style=\"list-style-type: circle;margin: 5px\">Profundidad.<\/li>\n<li style=\"list-style-type: circle;margin: 5px\">Weight.<\/li>\n<\/ul>\n<div>\n<div style=\"font-weight: bold\">Di\u00e1metro nominal.<\/div>\n<div>\n<p>12\u201d (300 mm).<\/p>\n<\/div>\n<div style=\"font-weight: bold\">Nominal impedance.<\/div>\n<div>\n<p>8 ohms.<\/p>\n<\/div>\n<div style=\"font-weight: bold\">Impedancia m\u00ednima.<\/div>\n<div>\n<p>7.1 ohms.<\/p>\n<\/div>\n<div style=\"font-weight: bold\">Power.<\/div>\n<div>\n<p>AES: 700 watts. Programa: 1400 watts.<\/p>\n<\/div>\n<div style=\"font-weight: bold\">Sensitivity.<\/div>\n<div>\n<p>98 dB 1W \/ 1m @ ZN.<\/p>\n<\/div>\n<div style=\"font-weight: bold\">Rango de frecuencia.<\/div>\n<div>\n<p>55 &#8211; 4,000 Hz.<\/p>\n<\/div>\n<div style=\"font-weight: bold\">Volumen recomendado del gabinete.<\/div>\n<div>\n<p>40 l.l.<\/p>\n<\/div>\n<div style=\"font-weight: bold\">Di\u00e1metro de la bobina m\u00f3vil.<\/div>\n<div>\n<p>3&#8243; pulgadas (76.2 mm).<\/p>\n<\/div>\n<div style=\"font-weight: bold\">Factor BL.<\/div>\n<div>\n<p>20.4 N\/A.<\/p>\n<\/div>\n<div style=\"font-weight: bold\">Masa m\u00f3vil.<\/div>\n<div>\n<p>0.069 kg.<\/p>\n<\/div>\n<div style=\"font-weight: bold\">Longitud del bobinado.<\/div>\n<div>\n<p>18 mm.<\/p>\n<\/div>\n<div style=\"font-weight: bold\">Altura del entrehierro.<\/div>\n<div>\n<p>9.5 mm.<\/p>\n<\/div>\n<div style=\"font-weight: bold\">Desplazamiento m\u00e1ximo pp.<\/div>\n<div>\n<p>45 mm.<\/p>\n<\/div>\n<div style=\"font-weight: bold\">FS (Frecuencia de resonancia).<\/div>\n<div>\n<p>75 Hz.<\/p>\n<\/div>\n<div style=\"font-weight: bold\">Resistencia DC.<\/div>\n<div>\n<p>5.5 ohms.<\/p>\n<\/div>\n<div style=\"font-weight: bold\">QMS (Factor de calidad mec\u00e1nica).<\/div>\n<div>\n<p>3.9.<\/p>\n<\/div>\n<div style=\"font-weight: bold\">QES (Factor de calidad el\u00e9ctrica).<\/div>\n<div>\n<p>0.29.<\/p>\n<\/div>\n<div style=\"font-weight: bold\">QTS (Factor de calidad total).<\/div>\n<div>\n<p>0.27.<\/p>\n<\/div>\n<div style=\"font-weight: bold\">VAS (Volumen de aire equivalente a CMS).<\/div>\n<div>\n<p>59.5 l.<\/p>\n<\/div>\n<div style=\"font-weight: bold\">CMS (Cumplimiento mec\u00e1nico).<\/div>\n<div>\n<p>139 \u00b5m \/ N.<\/p>\n<\/div>\n<div style=\"font-weight: bold\">RMS (Resistencia mec\u00e1nica).<\/div>\n<div>\n<p>5.6 kg\/s.<\/p>\n<\/div>\n<div style=\"font-weight: bold\">Porcentaje de eficiencia.<\/div>\n<div>\n<p>2.7%.<\/p>\n<\/div>\n<div style=\"font-weight: bold\">SD (Superficie efectiva).<\/div>\n<div>\n<p>0.055 m2.<\/p>\n<\/div>\n<div style=\"font-weight: bold\">XMAX (Desplazamiento m\u00e1ximo).<\/div>\n<div>\n<p>7 mm.<\/p>\n<\/div>\n<div style=\"font-weight: bold\">VD (Volumen de desplazamiento).<\/div>\n<div>\n<p>385 cm3.<\/p>\n<\/div>\n<div style=\"font-weight: bold\">Inductancia de la bobina m\u00f3vil (Le @ 1kHz).<\/div>\n<div>\n<p>0.9 mH.<\/p>\n<\/div>\n<div style=\"font-weight: bold\">Di\u00e1metro total.<\/div>\n<div>\n<p>12.3&#8243; pulgadas (312 mm).<\/p>\n<\/div>\n<div style=\"font-weight: bold\">Di\u00e1metro del c\u00edrculo del perno.<\/div>\n<div>\n<p>11.6&#8243; pulgadas (294.5 mm).<\/p>\n<\/div>\n<div style=\"font-weight: bold\">Di\u00e1metro del corte del bafle.<\/div>\n<div>\n<p>Montaje frontal: 10.9&#8243; pulgadas (278 mm).<\/p>\n<\/div>\n<div style=\"font-weight: bold\">Im\u00e1n.<\/div>\n<div>\n<p>Ferrita.<\/p>\n<\/div>\n<div style=\"font-weight: bold\">Profundidad.<\/div>\n<div>\n<p>5.7&#8243; pulgadas (145 mm).<\/p>\n<\/div>\n<div style=\"font-weight: bold\">Weight.<\/div>\n<div>\n<p>7.8 kg.<\/p>\n<\/div>\n<\/div>\n<\/div>","protected":false},"excerpt":{"rendered":"<p>Altavoz de 12\u201d pulgadas, impedancia: 8 ohms, potencia AES: 700 watts, potencia programa: 1400 watts, sensibilidad: 98 dB, rango de frecuencia: 55 &#8211; 4,000 Hz, bobina m\u00f3vil: 3\u201d, peso: 7.8 kg, im\u00e1n: ferrita, exclusivo sistema de refrigeraci\u00f3n con tecnolog\u00eda Malt Cross, p\u00e9rdidas de compresi\u00f3n de alta potencia, circuito magn\u00e9tico optimizado FEA, comportamiento no lineal optimizado, serie MCB, tratamiento de cono resistente a la intemperie en ambos lados del cono, anillo demodulador de aluminio, desplazamiento controlado extendido: Xmax \u00b1 7 mm, excursi\u00f3n de pico a pico de 45 mm antes del da\u00f1o, optimizado para aplicaciones de graves, medios y de baja frecuencia.&hellip; <a class=\"kt-excerpt-readmore more-link\" href=\"https:\/\/www.mexicanguitarplayers.com\/en\/tienda\/audio\/bafles-y-bocinas\/bocinas-y-componentes\/medios\/bocina-beyma-12-mod-12mcb700\/\">Read more<\/a><\/p>","protected":false},"featured_media":36455,"comment_status":"open","ping_status":"closed","template":"","meta":{"kt_blocks_editor_width":""},"pwb-brand":[477],"product_brand":[],"product_cat":[213,221,474,534],"product_tag":[],"class_list":{"0":"post-36457","1":"product","2":"type-product","3":"status-publish","4":"has-post-thumbnail","6":"pwb-brand-beyma","7":"product_cat-audio","8":"product_cat-bafles-y-bocinas","9":"product_cat-bocinas-y-componentes","10":"product_cat-medios","11":"product_shipping_class-5-10-kg","13":"first","14":"instock","15":"taxable","16":"shipping-taxable","17":"purchasable","18":"product-type-simple"},"yoast_head":"<!-- This site is optimized with the Yoast SEO plugin v27.3 - https:\/\/yoast.com\/product\/yoast-seo-wordpress\/ -->\n<title>BOCINA BEYMA 12   MOD. 12MCB700 - Mexican Guitar Players<\/title>\n<meta name=\"description\" content=\"Altavoz de 12\u201d pulgadas, impedancia: 8 ohms, potencia AES: 700 watts, potencia programa: 1400 watts, sensibilidad: 98 dB, rango de frecuencia: 55 - 4,000 Hz, bobina m\u00f3vil: 3\u201d, peso: 7.8 kg, im\u00e1n: ferrita, exclusivo sistema de refrigeraci\u00f3n con tecnolog\u00eda Malt Cross, p\u00e9rdidas de compresi\u00f3n de alta potencia, circuito magn\u00e9tico optimizado FEA, comportamiento no lineal optimizado, serie MCB, tratamiento de cono resistente a la intemperie en ambos lados del cono, anillo demodulador de aluminio, desplazamiento controlado extendido: Xmax \u00b1 7 mm, excursi\u00f3n de pico a pico de 45 mm antes del da\u00f1o, optimizado para aplicaciones de graves, medios y de baja frecuencia.\" \/>\n<meta name=\"robots\" content=\"index, follow, max-snippet:-1, max-image-preview:large, max-video-preview:-1\" \/>\n<link rel=\"canonical\" href=\"https:\/\/www.mexicanguitarplayers.com\/en\/tienda\/sin%20categor\u00eda\/bocina-beyma-12-mod-12mcb700\/\" \/>\n<meta property=\"og:locale\" content=\"en_US\" \/>\n<meta property=\"og:type\" content=\"article\" \/>\n<meta property=\"og:title\" content=\"BOCINA BEYMA 12   MOD. 12MCB700 - Mexican Guitar Players\" \/>\n<meta property=\"og:description\" content=\"Altavoz de 12\u201d pulgadas, impedancia: 8 ohms, potencia AES: 700 watts, potencia programa: 1400 watts, sensibilidad: 98 dB, rango de frecuencia: 55 - 4,000 Hz, bobina m\u00f3vil: 3\u201d, peso: 7.8 kg, im\u00e1n: ferrita, exclusivo sistema de refrigeraci\u00f3n con tecnolog\u00eda Malt Cross, p\u00e9rdidas de compresi\u00f3n de alta potencia, circuito magn\u00e9tico optimizado FEA, comportamiento no lineal optimizado, serie MCB, tratamiento de cono resistente a la intemperie en ambos lados del cono, anillo demodulador de aluminio, desplazamiento controlado extendido: Xmax \u00b1 7 mm, excursi\u00f3n de pico a pico de 45 mm antes del da\u00f1o, optimizado para aplicaciones de graves, medios y de baja frecuencia.\" \/>\n<meta property=\"og:url\" content=\"https:\/\/www.mexicanguitarplayers.com\/en\/tienda\/sin categor\u00eda\/bocina-beyma-12-mod-12mcb700\/\" \/>\n<meta property=\"og:site_name\" content=\"Mexican Guitar Players\" \/>\n<meta property=\"article:modified_time\" content=\"2026-01-21T10:17:04+00:00\" \/>\n<meta name=\"twitter:card\" content=\"summary_large_image\" \/>\n<meta name=\"twitter:label1\" content=\"Est. reading time\" \/>\n\t<meta name=\"twitter:data1\" content=\"2 minutes\" \/>\n<script type=\"application\/ld+json\" class=\"yoast-schema-graph\">{\"@context\":\"https:\\\/\\\/schema.org\",\"@graph\":[{\"@type\":[\"WebPage\",\"ItemPage\"],\"@id\":\"https:\\\/\\\/www.mexicanguitarplayers.com\\\/tienda\\\/sin categor\u00eda\\\/bocina-beyma-12-mod-12mcb700\\\/\",\"url\":\"https:\\\/\\\/www.mexicanguitarplayers.com\\\/tienda\\\/sin categor\u00eda\\\/bocina-beyma-12-mod-12mcb700\\\/\",\"name\":\"BOCINA BEYMA 12 MOD. 12MCB700 - Mexican Guitar Players\",\"isPartOf\":{\"@id\":\"https:\\\/\\\/www.mexicanguitarplayers.com\\\/#website\"},\"primaryImageOfPage\":{\"@id\":\"https:\\\/\\\/www.mexicanguitarplayers.com\\\/tienda\\\/sin categor\u00eda\\\/bocina-beyma-12-mod-12mcb700\\\/#primaryimage\"},\"image\":{\"@id\":\"https:\\\/\\\/www.mexicanguitarplayers.com\\\/tienda\\\/sin categor\u00eda\\\/bocina-beyma-12-mod-12mcb700\\\/#primaryimage\"},\"thumbnailUrl\":\"https:\\\/\\\/www.mexicanguitarplayers.com\\\/wp-content\\\/uploads\\\/2025\\\/04\\\/IABEY12MCB700.jpg\",\"datePublished\":\"2025-04-09T04:37:39+00:00\",\"dateModified\":\"2026-01-21T10:17:04+00:00\",\"description\":\"Altavoz de 12\u201d pulgadas, impedancia: 8 ohms, potencia AES: 700 watts, potencia programa: 1400 watts, sensibilidad: 98 dB, rango de frecuencia: 55 - 4,000 Hz, bobina m\u00f3vil: 3\u201d, peso: 7.8 kg, im\u00e1n: ferrita, exclusivo sistema de refrigeraci\u00f3n con tecnolog\u00eda Malt Cross, p\u00e9rdidas de compresi\u00f3n de alta potencia, circuito magn\u00e9tico optimizado FEA, comportamiento no lineal optimizado, serie MCB, tratamiento de cono resistente a la intemperie en ambos lados del cono, anillo demodulador de aluminio, desplazamiento controlado extendido: Xmax \u00b1 7 mm, excursi\u00f3n de pico a pico de 45 mm antes del da\u00f1o, optimizado para aplicaciones de graves, medios y de baja frecuencia.\",\"breadcrumb\":{\"@id\":\"https:\\\/\\\/www.mexicanguitarplayers.com\\\/tienda\\\/sin categor\u00eda\\\/bocina-beyma-12-mod-12mcb700\\\/#breadcrumb\"},\"inLanguage\":\"en-US\",\"potentialAction\":[{\"@type\":\"ReadAction\",\"target\":[\"https:\\\/\\\/www.mexicanguitarplayers.com\\\/tienda\\\/sin categor\u00eda\\\/bocina-beyma-12-mod-12mcb700\\\/\"]}]},{\"@type\":\"ImageObject\",\"inLanguage\":\"en-US\",\"@id\":\"https:\\\/\\\/www.mexicanguitarplayers.com\\\/tienda\\\/sin categor\u00eda\\\/bocina-beyma-12-mod-12mcb700\\\/#primaryimage\",\"url\":\"https:\\\/\\\/www.mexicanguitarplayers.com\\\/wp-content\\\/uploads\\\/2025\\\/04\\\/IABEY12MCB700.jpg\",\"contentUrl\":\"https:\\\/\\\/www.mexicanguitarplayers.com\\\/wp-content\\\/uploads\\\/2025\\\/04\\\/IABEY12MCB700.jpg\",\"width\":1200,\"height\":1200},{\"@type\":\"BreadcrumbList\",\"@id\":\"https:\\\/\\\/www.mexicanguitarplayers.com\\\/tienda\\\/sin categor\u00eda\\\/bocina-beyma-12-mod-12mcb700\\\/#breadcrumb\",\"itemListElement\":[{\"@type\":\"ListItem\",\"position\":1,\"name\":\"Portada\",\"item\":\"https:\\\/\\\/www.mexicanguitarplayers.com\\\/\"},{\"@type\":\"ListItem\",\"position\":2,\"name\":\"Tienda\",\"item\":\"https:\\\/\\\/www.mexicanguitarplayers.com\\\/tienda\\\/\"},{\"@type\":\"ListItem\",\"position\":3,\"name\":\"BOCINA BEYMA 12 MOD. 12MCB700\"}]},{\"@type\":\"WebSite\",\"@id\":\"https:\\\/\\\/www.mexicanguitarplayers.com\\\/#website\",\"url\":\"https:\\\/\\\/www.mexicanguitarplayers.com\\\/\",\"name\":\"Mexican Guitar Players\",\"description\":\"Website\",\"publisher\":{\"@id\":\"https:\\\/\\\/www.mexicanguitarplayers.com\\\/#organization\"},\"potentialAction\":[{\"@type\":\"SearchAction\",\"target\":{\"@type\":\"EntryPoint\",\"urlTemplate\":\"https:\\\/\\\/www.mexicanguitarplayers.com\\\/?s={search_term_string}\"},\"query-input\":{\"@type\":\"PropertyValueSpecification\",\"valueRequired\":true,\"valueName\":\"search_term_string\"}}],\"inLanguage\":\"en-US\"},{\"@type\":\"Organization\",\"@id\":\"https:\\\/\\\/www.mexicanguitarplayers.com\\\/#organization\",\"name\":\"Mexican Guitar Players\",\"url\":\"https:\\\/\\\/www.mexicanguitarplayers.com\\\/\",\"logo\":{\"@type\":\"ImageObject\",\"inLanguage\":\"en-US\",\"@id\":\"https:\\\/\\\/www.mexicanguitarplayers.com\\\/#\\\/schema\\\/logo\\\/image\\\/\",\"url\":\"\",\"contentUrl\":\"\",\"caption\":\"Mexican Guitar Players\"},\"image\":{\"@id\":\"https:\\\/\\\/www.mexicanguitarplayers.com\\\/#\\\/schema\\\/logo\\\/image\\\/\"}}]}<\/script>\n<!-- \/ Yoast SEO plugin. -->","yoast_head_json":{"title":"BOCINA BEYMA 12   MOD. 12MCB700 - Mexican Guitar Players","description":"Altavoz de 12\u201d pulgadas, impedancia: 8 ohms, potencia AES: 700 watts, potencia programa: 1400 watts, sensibilidad: 98 dB, rango de frecuencia: 55 - 4,000 Hz, bobina m\u00f3vil: 3\u201d, peso: 7.8 kg, im\u00e1n: ferrita, exclusivo sistema de refrigeraci\u00f3n con tecnolog\u00eda Malt Cross, p\u00e9rdidas de compresi\u00f3n de alta potencia, circuito magn\u00e9tico optimizado FEA, comportamiento no lineal optimizado, serie MCB, tratamiento de cono resistente a la intemperie en ambos lados del cono, anillo demodulador de aluminio, desplazamiento controlado extendido: Xmax \u00b1 7 mm, excursi\u00f3n de pico a pico de 45 mm antes del da\u00f1o, optimizado para aplicaciones de graves, medios y de baja frecuencia.","robots":{"index":"index","follow":"follow","max-snippet":"max-snippet:-1","max-image-preview":"max-image-preview:large","max-video-preview":"max-video-preview:-1"},"canonical":"https:\/\/www.mexicanguitarplayers.com\/en\/tienda\/sin categor\u00eda\/bocina-beyma-12-mod-12mcb700\/","og_locale":"en_US","og_type":"article","og_title":"BOCINA BEYMA 12   MOD. 12MCB700 - Mexican Guitar Players","og_description":"Altavoz de 12\u201d pulgadas, impedancia: 8 ohms, potencia AES: 700 watts, potencia programa: 1400 watts, sensibilidad: 98 dB, rango de frecuencia: 55 - 4,000 Hz, bobina m\u00f3vil: 3\u201d, peso: 7.8 kg, im\u00e1n: ferrita, exclusivo sistema de refrigeraci\u00f3n con tecnolog\u00eda Malt Cross, p\u00e9rdidas de compresi\u00f3n de alta potencia, circuito magn\u00e9tico optimizado FEA, comportamiento no lineal optimizado, serie MCB, tratamiento de cono resistente a la intemperie en ambos lados del cono, anillo demodulador de aluminio, desplazamiento controlado extendido: Xmax \u00b1 7 mm, excursi\u00f3n de pico a pico de 45 mm antes del da\u00f1o, optimizado para aplicaciones de graves, medios y de baja frecuencia.","og_url":"https:\/\/www.mexicanguitarplayers.com\/en\/tienda\/sin categor\u00eda\/bocina-beyma-12-mod-12mcb700\/","og_site_name":"Mexican Guitar Players","article_modified_time":"2026-01-21T10:17:04+00:00","twitter_card":"summary_large_image","twitter_misc":{"Est. reading time":"2 minutes"},"schema":{"@context":"https:\/\/schema.org","@graph":[{"@type":["WebPage","ItemPage"],"@id":"https:\/\/www.mexicanguitarplayers.com\/tienda\/sin categor\u00eda\/bocina-beyma-12-mod-12mcb700\/","url":"https:\/\/www.mexicanguitarplayers.com\/tienda\/sin categor\u00eda\/bocina-beyma-12-mod-12mcb700\/","name":"BOCINA BEYMA 12 MOD. 12MCB700 - Mexican Guitar Players","isPartOf":{"@id":"https:\/\/www.mexicanguitarplayers.com\/#website"},"primaryImageOfPage":{"@id":"https:\/\/www.mexicanguitarplayers.com\/tienda\/sin categor\u00eda\/bocina-beyma-12-mod-12mcb700\/#primaryimage"},"image":{"@id":"https:\/\/www.mexicanguitarplayers.com\/tienda\/sin categor\u00eda\/bocina-beyma-12-mod-12mcb700\/#primaryimage"},"thumbnailUrl":"https:\/\/www.mexicanguitarplayers.com\/wp-content\/uploads\/2025\/04\/IABEY12MCB700.jpg","datePublished":"2025-04-09T04:37:39+00:00","dateModified":"2026-01-21T10:17:04+00:00","description":"Altavoz de 12\u201d pulgadas, impedancia: 8 ohms, potencia AES: 700 watts, potencia programa: 1400 watts, sensibilidad: 98 dB, rango de frecuencia: 55 - 4,000 Hz, bobina m\u00f3vil: 3\u201d, peso: 7.8 kg, im\u00e1n: ferrita, exclusivo sistema de refrigeraci\u00f3n con tecnolog\u00eda Malt Cross, p\u00e9rdidas de compresi\u00f3n de alta potencia, circuito magn\u00e9tico optimizado FEA, comportamiento no lineal optimizado, serie MCB, tratamiento de cono resistente a la intemperie en ambos lados del cono, anillo demodulador de aluminio, desplazamiento controlado extendido: Xmax \u00b1 7 mm, excursi\u00f3n de pico a pico de 45 mm antes del da\u00f1o, optimizado para aplicaciones de graves, medios y de baja frecuencia.","breadcrumb":{"@id":"https:\/\/www.mexicanguitarplayers.com\/tienda\/sin categor\u00eda\/bocina-beyma-12-mod-12mcb700\/#breadcrumb"},"inLanguage":"en-US","potentialAction":[{"@type":"ReadAction","target":["https:\/\/www.mexicanguitarplayers.com\/tienda\/sin categor\u00eda\/bocina-beyma-12-mod-12mcb700\/"]}]},{"@type":"ImageObject","inLanguage":"en-US","@id":"https:\/\/www.mexicanguitarplayers.com\/tienda\/sin categor\u00eda\/bocina-beyma-12-mod-12mcb700\/#primaryimage","url":"https:\/\/www.mexicanguitarplayers.com\/wp-content\/uploads\/2025\/04\/IABEY12MCB700.jpg","contentUrl":"https:\/\/www.mexicanguitarplayers.com\/wp-content\/uploads\/2025\/04\/IABEY12MCB700.jpg","width":1200,"height":1200},{"@type":"BreadcrumbList","@id":"https:\/\/www.mexicanguitarplayers.com\/tienda\/sin categor\u00eda\/bocina-beyma-12-mod-12mcb700\/#breadcrumb","itemListElement":[{"@type":"ListItem","position":1,"name":"Portada","item":"https:\/\/www.mexicanguitarplayers.com\/"},{"@type":"ListItem","position":2,"name":"Tienda","item":"https:\/\/www.mexicanguitarplayers.com\/tienda\/"},{"@type":"ListItem","position":3,"name":"BOCINA BEYMA 12 MOD. 12MCB700"}]},{"@type":"WebSite","@id":"https:\/\/www.mexicanguitarplayers.com\/#website","url":"https:\/\/www.mexicanguitarplayers.com\/","name":"Mexican Guitar Players","description":"Website","publisher":{"@id":"https:\/\/www.mexicanguitarplayers.com\/#organization"},"potentialAction":[{"@type":"SearchAction","target":{"@type":"EntryPoint","urlTemplate":"https:\/\/www.mexicanguitarplayers.com\/?s={search_term_string}"},"query-input":{"@type":"PropertyValueSpecification","valueRequired":true,"valueName":"search_term_string"}}],"inLanguage":"en-US"},{"@type":"Organization","@id":"https:\/\/www.mexicanguitarplayers.com\/#organization","name":"Mexican Guitar Players","url":"https:\/\/www.mexicanguitarplayers.com\/","logo":{"@type":"ImageObject","inLanguage":"en-US","@id":"https:\/\/www.mexicanguitarplayers.com\/#\/schema\/logo\/image\/","url":"","contentUrl":"","caption":"Mexican Guitar Players"},"image":{"@id":"https:\/\/www.mexicanguitarplayers.com\/#\/schema\/logo\/image\/"}}]}},"brands":[{"id":477,"name":"BEYMA","slug":"beyma"}],"_links":{"self":[{"href":"https:\/\/www.mexicanguitarplayers.com\/en\/wp-json\/wp\/v2\/product\/36457","targetHints":{"allow":["GET"]}}],"collection":[{"href":"https:\/\/www.mexicanguitarplayers.com\/en\/wp-json\/wp\/v2\/product"}],"about":[{"href":"https:\/\/www.mexicanguitarplayers.com\/en\/wp-json\/wp\/v2\/types\/product"}],"replies":[{"embeddable":true,"href":"https:\/\/www.mexicanguitarplayers.com\/en\/wp-json\/wp\/v2\/comments?post=36457"}],"wp:featuredmedia":[{"embeddable":true,"href":"https:\/\/www.mexicanguitarplayers.com\/en\/wp-json\/wp\/v2\/media\/36455"}],"wp:attachment":[{"href":"https:\/\/www.mexicanguitarplayers.com\/en\/wp-json\/wp\/v2\/media?parent=36457"}],"wp:term":[{"taxonomy":"pwb-brand","embeddable":true,"href":"https:\/\/www.mexicanguitarplayers.com\/en\/wp-json\/wp\/v2\/pwb-brand?post=36457"},{"taxonomy":"product_brand","embeddable":true,"href":"https:\/\/www.mexicanguitarplayers.com\/en\/wp-json\/wp\/v2\/product_brand?post=36457"},{"taxonomy":"product_cat","embeddable":true,"href":"https:\/\/www.mexicanguitarplayers.com\/en\/wp-json\/wp\/v2\/product_cat?post=36457"},{"taxonomy":"product_tag","embeddable":true,"href":"https:\/\/www.mexicanguitarplayers.com\/en\/wp-json\/wp\/v2\/product_tag?post=36457"}],"curies":[{"name":"wp","href":"https:\/\/api.w.org\/{rel}","templated":true}]}}