{"id":36505,"date":"2025-04-08T22:38:41","date_gmt":"2025-04-09T04:38:41","guid":{"rendered":"https:\/\/www.mexicanguitarplayers.com\/tienda\/sin categor\u00eda\/bateria-carlsbro-digital-mod-csd400\/"},"modified":"2026-05-01T07:20:19","modified_gmt":"2026-05-01T13:20:19","slug":"bateria-carlsbro-digital-mod-csd400","status":"publish","type":"product","link":"https:\/\/www.mexicanguitarplayers.com\/en\/tienda\/percusiones\/baterias\/baterias-electronicas\/bateria-carlsbro-digital-mod-csd400\/","title":{"rendered":"BATERIA CARLSBRO DIGITAL MOD. CSD400"},"content":{"rendered":"<div style=\"text-align: justify\">\n<div>\n<h3>El kit ideal para tus proyectos musicales.<\/h3>\n<\/div>\n<div>El kit de bater\u00eda electr\u00f3nica con parches de malla Carlsbro CSD400 de 8 piezas consta del m\u00f3dulo de sonido Commander 400, 5 pads con parches de malla (un pad de bombo de 8&#8243; pulgadas con pedal de bombo, un pad de 10&#8243; pulgadas de doble zona para tarola,  y 3 pads de 8&#8243; pulgadas de doble zona para toms), 3 pads de platillos (un pad de 10&#8243; pulgadas de una zona para Hi-Hats y 2 pads de 10&#8243; pulgadas de una zona con sistema choke para crash y ride) adem\u00e1s de 12 kits de bater\u00eda definidos por el usuario, 29 kits de bater\u00eda prestablecidos, 358 voces de percusi\u00f3n de alta calidad, 20 canciones demo, ecualizador de 3 bandas y 2 ajustes de reverb. Una opci\u00f3n natural para agregar a la creciente gama de populares kits CSD de Carlsbro, es perfecto para presentaciones en vivo o sesiones de grabaci\u00f3n en estudio. Ofrece un valor excepcional, todos los pads se pueden ajustar con cualquier llave de bater\u00eda para adaptarse a la tensi\u00f3n del parche ac\u00fastico preferida por los bateristas.<\/div>\n<div>\n<h4>Quick look<\/h4>\n<\/div>\n<ul style=\"margin: 0px 0px 0px 25px\">\n<li style=\"list-style-type: circle;margin: 5px\">M\u00f3dulo de sonido Rack 50.<\/li>\n<li style=\"list-style-type: circle;margin: 5px\">Conexiones.<\/li>\n<li style=\"list-style-type: circle;margin: 5px\">Componentes.<\/li>\n<\/ul>\n<div>\n<div style=\"font-weight: bold\">M\u00f3dulo de sonido Rack 50.<\/div>\n<div>\n<p>Pantalla LCD de 128 x 64 caracteres. 358 voces de percusi\u00f3n de alta calidad. 29 kits de bater\u00eda prestablecidos. 12 kits de bater\u00eda definidos por el usuario. 20 canciones demo.<\/p>\n<\/div>\n<div style=\"font-weight: bold\">Conexiones.<\/div>\n<div>\n<p>Entrada auxiliar, salida de l\u00ednea, salida de aud\u00edfonos. Interfaz USB (USB a dispositivo). Entrada y salida MIDI. Grabaci\u00f3n y reproducci\u00f3n. Sensibilidad y crosstalk ajustables. Metr\u00f3nomo. Ecualizador de 3 bandas y 2 ajustes de reverb.<\/p>\n<\/div>\n<div style=\"font-weight: bold\">Componentes.<\/div>\n<div>\n<p>1 m\u00f3dulo de sonido Commander 400. 1 pad de tarola de 10&#8243; de doble zona y rim shot con parche de malla. 3 pads de 8&#8243; para toms de aire y de piso con parches de malla. 2 pads de platillo de 10&#8243; de una zona con choke para crash y ride. 1 pad de platillo de 10&#8243; de una zona para hi-hats. 1 pad de 8&#8243; para bombo con parche de malla y pedal de bombo. 1 pedal controlador de Hi-Hats. 1 rack de bater\u00eda de 4 patas y hardware de montaje. 1 par de baquetas y soporte de baquetas.<\/p>\n<\/div>\n<\/div>\n<\/div>","protected":false},"excerpt":{"rendered":"<p>Bater\u00eda el\u00e9ctrica de 8 piezas para estudio, ensayo o pr\u00e1ctica, m\u00f3dulo de sonido Commander 400, pantalla LCD de 128 x 64 caracteres, 358 voces de percusi\u00f3n de alta calidad, 29 kits de bater\u00eda prestablecidos, 12 kits de bater\u00eda definidos por el usuario, 20 canciones demo, entrada auxiliar, salida de l\u00ednea, salida de aud\u00edfonos, interfaz USB (USB a dispositivo), entrada y salida MIDI, facilidad de grabaci\u00f3n y reproducci\u00f3n, sensibilidad y crosstalk ajustables, metr\u00f3nomo, ecualizador de 3 bandas, 2 ajustes de reverb, el control de hi-hat admite splash y el bombo admite doble pedal, incluye un pad de tarola de 10\u201d de doble zona y rim shot con parche de malla, tres pads de 8\u201d para toms de aire y de piso con parches de malla, dos pads de platillo de 10\u201d de una zona con choke para crash y ride, un pad de platillo de 10\u201d de una zona para hi-hats, un pad de 8\u201d para bombo con parche de malla y pedal de bombo, un pedal controlador de Hi-Hats, un rack de bater\u00eda de 4 patas y hardware de montaje, un par de baquetas y soporte de baquetas.&hellip; <a class=\"kt-excerpt-readmore more-link\" href=\"https:\/\/www.mexicanguitarplayers.com\/en\/tienda\/percusiones\/baterias\/baterias-electronicas\/bateria-carlsbro-digital-mod-csd400\/\">Read more<\/a><\/p>","protected":false},"featured_media":36502,"comment_status":"open","ping_status":"closed","template":"","meta":{"kt_blocks_editor_width":""},"pwb-brand":[501],"product_brand":[],"product_cat":[209,262,208],"product_tag":[],"class_list":{"0":"post-36505","1":"product","2":"type-product","3":"status-publish","4":"has-post-thumbnail","6":"pwb-brand-carlsbro","7":"product_cat-baterias","8":"product_cat-baterias-electronicas","9":"product_cat-percusiones","11":"first","12":"instock","13":"taxable","14":"shipping-taxable","15":"purchasable","16":"product-type-simple"},"yoast_head":"<!-- This site is optimized with the Yoast SEO plugin v27.5 - https:\/\/yoast.com\/product\/yoast-seo-wordpress\/ -->\n<title>BATERIA CARLSBRO DIGITAL MOD. CSD400 - Mexican Guitar Players<\/title>\n<meta name=\"description\" content=\"Bater\u00eda el\u00e9ctrica de 8 piezas para estudio, ensayo o pr\u00e1ctica, m\u00f3dulo de sonido Commander 400, pantalla LCD de 128 x 64 caracteres, 358 voces de percusi\u00f3n de alta calidad, 29 kits de bater\u00eda prestablecidos, 12 kits de bater\u00eda definidos por el usuario, 20 canciones demo, entrada auxiliar, salida de l\u00ednea, salida de aud\u00edfonos, interfaz USB (USB a dispositivo), entrada y salida MIDI, facilidad de grabaci\u00f3n y reproducci\u00f3n, sensibilidad y crosstalk ajustables, metr\u00f3nomo, ecualizador de 3 bandas, 2 ajustes de reverb, el control de hi-hat admite splash y el bombo admite doble pedal, incluye un pad de tarola de 10\u201d de doble zona y rim shot con parche de malla, tres pads de 8\u201d para toms de aire y de piso con parches de malla, dos pads de platillo de 10\u201d de una zona con choke para crash y ride, un pad de platillo de 10\u201d de una zona para hi-hats, un pad de 8\u201d para bombo con parche de malla y pedal de bombo, un pedal controlador de Hi-Hats, un rack de bater\u00eda de 4 patas y hardware de montaje, un par de baquetas y soporte de baquetas.\" \/>\n<meta name=\"robots\" content=\"index, follow, max-snippet:-1, max-image-preview:large, max-video-preview:-1\" \/>\n<link rel=\"canonical\" href=\"https:\/\/www.mexicanguitarplayers.com\/en\/tienda\/sin%20categor\u00eda\/bateria-carlsbro-digital-mod-csd400\/\" \/>\n<meta property=\"og:locale\" content=\"en_US\" \/>\n<meta property=\"og:type\" content=\"article\" \/>\n<meta property=\"og:title\" content=\"BATERIA CARLSBRO DIGITAL MOD. CSD400 - Mexican Guitar Players\" \/>\n<meta property=\"og:description\" content=\"Bater\u00eda el\u00e9ctrica de 8 piezas para estudio, ensayo o pr\u00e1ctica, m\u00f3dulo de sonido Commander 400, pantalla LCD de 128 x 64 caracteres, 358 voces de percusi\u00f3n de alta calidad, 29 kits de bater\u00eda prestablecidos, 12 kits de bater\u00eda definidos por el usuario, 20 canciones demo, entrada auxiliar, salida de l\u00ednea, salida de aud\u00edfonos, interfaz USB (USB a dispositivo), entrada y salida MIDI, facilidad de grabaci\u00f3n y reproducci\u00f3n, sensibilidad y crosstalk ajustables, metr\u00f3nomo, ecualizador de 3 bandas, 2 ajustes de reverb, el control de hi-hat admite splash y el bombo admite doble pedal, incluye un pad de tarola de 10\u201d de doble zona y rim shot con parche de malla, tres pads de 8\u201d para toms de aire y de piso con parches de malla, dos pads de platillo de 10\u201d de una zona con choke para crash y ride, un pad de platillo de 10\u201d de una zona para hi-hats, un pad de 8\u201d para bombo con parche de malla y pedal de bombo, un pedal controlador de Hi-Hats, un rack de bater\u00eda de 4 patas y hardware de montaje, un par de baquetas y soporte de baquetas.\" \/>\n<meta property=\"og:url\" content=\"https:\/\/www.mexicanguitarplayers.com\/en\/tienda\/sin categor\u00eda\/bateria-carlsbro-digital-mod-csd400\/\" \/>\n<meta property=\"og:site_name\" content=\"Mexican Guitar Players\" \/>\n<meta property=\"article:modified_time\" content=\"2026-05-01T13:20:19+00:00\" \/>\n<meta name=\"twitter:card\" content=\"summary_large_image\" \/>\n<meta name=\"twitter:label1\" content=\"Est. reading time\" \/>\n\t<meta name=\"twitter:data1\" content=\"2 minutes\" \/>\n<script type=\"application\/ld+json\" class=\"yoast-schema-graph\">{\"@context\":\"https:\\\/\\\/schema.org\",\"@graph\":[{\"@type\":[\"WebPage\",\"ItemPage\"],\"@id\":\"https:\\\/\\\/www.mexicanguitarplayers.com\\\/tienda\\\/sin categor\u00eda\\\/bateria-carlsbro-digital-mod-csd400\\\/\",\"url\":\"https:\\\/\\\/www.mexicanguitarplayers.com\\\/tienda\\\/sin categor\u00eda\\\/bateria-carlsbro-digital-mod-csd400\\\/\",\"name\":\"BATERIA CARLSBRO DIGITAL MOD. CSD400 - Mexican Guitar Players\",\"isPartOf\":{\"@id\":\"https:\\\/\\\/www.mexicanguitarplayers.com\\\/#website\"},\"primaryImageOfPage\":{\"@id\":\"https:\\\/\\\/www.mexicanguitarplayers.com\\\/tienda\\\/sin categor\u00eda\\\/bateria-carlsbro-digital-mod-csd400\\\/#primaryimage\"},\"image\":{\"@id\":\"https:\\\/\\\/www.mexicanguitarplayers.com\\\/tienda\\\/sin categor\u00eda\\\/bateria-carlsbro-digital-mod-csd400\\\/#primaryimage\"},\"thumbnailUrl\":\"https:\\\/\\\/www.mexicanguitarplayers.com\\\/wp-content\\\/uploads\\\/2025\\\/04\\\/IPCLSCSD400.jpg\",\"datePublished\":\"2025-04-09T04:38:41+00:00\",\"dateModified\":\"2026-05-01T13:20:19+00:00\",\"description\":\"Bater\u00eda el\u00e9ctrica de 8 piezas para estudio, ensayo o pr\u00e1ctica, m\u00f3dulo de sonido Commander 400, pantalla LCD de 128 x 64 caracteres, 358 voces de percusi\u00f3n de alta calidad, 29 kits de bater\u00eda prestablecidos, 12 kits de bater\u00eda definidos por el usuario, 20 canciones demo, entrada auxiliar, salida de l\u00ednea, salida de aud\u00edfonos, interfaz USB (USB a dispositivo), entrada y salida MIDI, facilidad de grabaci\u00f3n y reproducci\u00f3n, sensibilidad y crosstalk ajustables, metr\u00f3nomo, ecualizador de 3 bandas, 2 ajustes de reverb, el control de hi-hat admite splash y el bombo admite doble pedal, incluye un pad de tarola de 10\u201d de doble zona y rim shot con parche de malla, tres pads de 8\u201d para toms de aire y de piso con parches de malla, dos pads de platillo de 10\u201d de una zona con choke para crash y ride, un pad de platillo de 10\u201d de una zona para hi-hats, un pad de 8\u201d para bombo con parche de malla y pedal de bombo, un pedal controlador de Hi-Hats, un rack de bater\u00eda de 4 patas y hardware de montaje, un par de baquetas y soporte de baquetas.\",\"breadcrumb\":{\"@id\":\"https:\\\/\\\/www.mexicanguitarplayers.com\\\/tienda\\\/sin categor\u00eda\\\/bateria-carlsbro-digital-mod-csd400\\\/#breadcrumb\"},\"inLanguage\":\"en-US\",\"potentialAction\":[{\"@type\":\"ReadAction\",\"target\":[\"https:\\\/\\\/www.mexicanguitarplayers.com\\\/tienda\\\/sin categor\u00eda\\\/bateria-carlsbro-digital-mod-csd400\\\/\"]}]},{\"@type\":\"ImageObject\",\"inLanguage\":\"en-US\",\"@id\":\"https:\\\/\\\/www.mexicanguitarplayers.com\\\/tienda\\\/sin categor\u00eda\\\/bateria-carlsbro-digital-mod-csd400\\\/#primaryimage\",\"url\":\"https:\\\/\\\/www.mexicanguitarplayers.com\\\/wp-content\\\/uploads\\\/2025\\\/04\\\/IPCLSCSD400.jpg\",\"contentUrl\":\"https:\\\/\\\/www.mexicanguitarplayers.com\\\/wp-content\\\/uploads\\\/2025\\\/04\\\/IPCLSCSD400.jpg\",\"width\":1200,\"height\":1200},{\"@type\":\"BreadcrumbList\",\"@id\":\"https:\\\/\\\/www.mexicanguitarplayers.com\\\/tienda\\\/sin categor\u00eda\\\/bateria-carlsbro-digital-mod-csd400\\\/#breadcrumb\",\"itemListElement\":[{\"@type\":\"ListItem\",\"position\":1,\"name\":\"Portada\",\"item\":\"https:\\\/\\\/www.mexicanguitarplayers.com\\\/\"},{\"@type\":\"ListItem\",\"position\":2,\"name\":\"Tienda\",\"item\":\"https:\\\/\\\/www.mexicanguitarplayers.com\\\/tienda\\\/\"},{\"@type\":\"ListItem\",\"position\":3,\"name\":\"BATERIA CARLSBRO DIGITAL MOD. CSD400\"}]},{\"@type\":\"WebSite\",\"@id\":\"https:\\\/\\\/www.mexicanguitarplayers.com\\\/#website\",\"url\":\"https:\\\/\\\/www.mexicanguitarplayers.com\\\/\",\"name\":\"Mexican Guitar Players\",\"description\":\"Website\",\"publisher\":{\"@id\":\"https:\\\/\\\/www.mexicanguitarplayers.com\\\/#organization\"},\"potentialAction\":[{\"@type\":\"SearchAction\",\"target\":{\"@type\":\"EntryPoint\",\"urlTemplate\":\"https:\\\/\\\/www.mexicanguitarplayers.com\\\/?s={search_term_string}\"},\"query-input\":{\"@type\":\"PropertyValueSpecification\",\"valueRequired\":true,\"valueName\":\"search_term_string\"}}],\"inLanguage\":\"en-US\"},{\"@type\":\"Organization\",\"@id\":\"https:\\\/\\\/www.mexicanguitarplayers.com\\\/#organization\",\"name\":\"Mexican Guitar Players\",\"url\":\"https:\\\/\\\/www.mexicanguitarplayers.com\\\/\",\"logo\":{\"@type\":\"ImageObject\",\"inLanguage\":\"en-US\",\"@id\":\"https:\\\/\\\/www.mexicanguitarplayers.com\\\/#\\\/schema\\\/logo\\\/image\\\/\",\"url\":\"\",\"contentUrl\":\"\",\"caption\":\"Mexican Guitar Players\"},\"image\":{\"@id\":\"https:\\\/\\\/www.mexicanguitarplayers.com\\\/#\\\/schema\\\/logo\\\/image\\\/\"}}]}<\/script>\n<!-- \/ Yoast SEO plugin. -->","yoast_head_json":{"title":"BATERIA CARLSBRO DIGITAL MOD. CSD400 - Mexican Guitar Players","description":"Bater\u00eda el\u00e9ctrica de 8 piezas para estudio, ensayo o pr\u00e1ctica, m\u00f3dulo de sonido Commander 400, pantalla LCD de 128 x 64 caracteres, 358 voces de percusi\u00f3n de alta calidad, 29 kits de bater\u00eda prestablecidos, 12 kits de bater\u00eda definidos por el usuario, 20 canciones demo, entrada auxiliar, salida de l\u00ednea, salida de aud\u00edfonos, interfaz USB (USB a dispositivo), entrada y salida MIDI, facilidad de grabaci\u00f3n y reproducci\u00f3n, sensibilidad y crosstalk ajustables, metr\u00f3nomo, ecualizador de 3 bandas, 2 ajustes de reverb, el control de hi-hat admite splash y el bombo admite doble pedal, incluye un pad de tarola de 10\u201d de doble zona y rim shot con parche de malla, tres pads de 8\u201d para toms de aire y de piso con parches de malla, dos pads de platillo de 10\u201d de una zona con choke para crash y ride, un pad de platillo de 10\u201d de una zona para hi-hats, un pad de 8\u201d para bombo con parche de malla y pedal de bombo, un pedal controlador de Hi-Hats, un rack de bater\u00eda de 4 patas y hardware de montaje, un par de baquetas y soporte de baquetas.","robots":{"index":"index","follow":"follow","max-snippet":"max-snippet:-1","max-image-preview":"max-image-preview:large","max-video-preview":"max-video-preview:-1"},"canonical":"https:\/\/www.mexicanguitarplayers.com\/en\/tienda\/sin categor\u00eda\/bateria-carlsbro-digital-mod-csd400\/","og_locale":"en_US","og_type":"article","og_title":"BATERIA CARLSBRO DIGITAL MOD. CSD400 - Mexican Guitar Players","og_description":"Bater\u00eda el\u00e9ctrica de 8 piezas para estudio, ensayo o pr\u00e1ctica, m\u00f3dulo de sonido Commander 400, pantalla LCD de 128 x 64 caracteres, 358 voces de percusi\u00f3n de alta calidad, 29 kits de bater\u00eda prestablecidos, 12 kits de bater\u00eda definidos por el usuario, 20 canciones demo, entrada auxiliar, salida de l\u00ednea, salida de aud\u00edfonos, interfaz USB (USB a dispositivo), entrada y salida MIDI, facilidad de grabaci\u00f3n y reproducci\u00f3n, sensibilidad y crosstalk ajustables, metr\u00f3nomo, ecualizador de 3 bandas, 2 ajustes de reverb, el control de hi-hat admite splash y el bombo admite doble pedal, incluye un pad de tarola de 10\u201d de doble zona y rim shot con parche de malla, tres pads de 8\u201d para toms de aire y de piso con parches de malla, dos pads de platillo de 10\u201d de una zona con choke para crash y ride, un pad de platillo de 10\u201d de una zona para hi-hats, un pad de 8\u201d para bombo con parche de malla y pedal de bombo, un pedal controlador de Hi-Hats, un rack de bater\u00eda de 4 patas y hardware de montaje, un par de baquetas y soporte de baquetas.","og_url":"https:\/\/www.mexicanguitarplayers.com\/en\/tienda\/sin categor\u00eda\/bateria-carlsbro-digital-mod-csd400\/","og_site_name":"Mexican Guitar Players","article_modified_time":"2026-05-01T13:20:19+00:00","twitter_card":"summary_large_image","twitter_misc":{"Est. reading time":"2 minutes"},"schema":{"@context":"https:\/\/schema.org","@graph":[{"@type":["WebPage","ItemPage"],"@id":"https:\/\/www.mexicanguitarplayers.com\/tienda\/sin categor\u00eda\/bateria-carlsbro-digital-mod-csd400\/","url":"https:\/\/www.mexicanguitarplayers.com\/tienda\/sin categor\u00eda\/bateria-carlsbro-digital-mod-csd400\/","name":"BATERIA CARLSBRO DIGITAL MOD. CSD400 - Mexican Guitar Players","isPartOf":{"@id":"https:\/\/www.mexicanguitarplayers.com\/#website"},"primaryImageOfPage":{"@id":"https:\/\/www.mexicanguitarplayers.com\/tienda\/sin categor\u00eda\/bateria-carlsbro-digital-mod-csd400\/#primaryimage"},"image":{"@id":"https:\/\/www.mexicanguitarplayers.com\/tienda\/sin categor\u00eda\/bateria-carlsbro-digital-mod-csd400\/#primaryimage"},"thumbnailUrl":"https:\/\/www.mexicanguitarplayers.com\/wp-content\/uploads\/2025\/04\/IPCLSCSD400.jpg","datePublished":"2025-04-09T04:38:41+00:00","dateModified":"2026-05-01T13:20:19+00:00","description":"Bater\u00eda el\u00e9ctrica de 8 piezas para estudio, ensayo o pr\u00e1ctica, m\u00f3dulo de sonido Commander 400, pantalla LCD de 128 x 64 caracteres, 358 voces de percusi\u00f3n de alta calidad, 29 kits de bater\u00eda prestablecidos, 12 kits de bater\u00eda definidos por el usuario, 20 canciones demo, entrada auxiliar, salida de l\u00ednea, salida de aud\u00edfonos, interfaz USB (USB a dispositivo), entrada y salida MIDI, facilidad de grabaci\u00f3n y reproducci\u00f3n, sensibilidad y crosstalk ajustables, metr\u00f3nomo, ecualizador de 3 bandas, 2 ajustes de reverb, el control de hi-hat admite splash y el bombo admite doble pedal, incluye un pad de tarola de 10\u201d de doble zona y rim shot con parche de malla, tres pads de 8\u201d para toms de aire y de piso con parches de malla, dos pads de platillo de 10\u201d de una zona con choke para crash y ride, un pad de platillo de 10\u201d de una zona para hi-hats, un pad de 8\u201d para bombo con parche de malla y pedal de bombo, un pedal controlador de Hi-Hats, un rack de bater\u00eda de 4 patas y hardware de montaje, un par de baquetas y soporte de baquetas.","breadcrumb":{"@id":"https:\/\/www.mexicanguitarplayers.com\/tienda\/sin categor\u00eda\/bateria-carlsbro-digital-mod-csd400\/#breadcrumb"},"inLanguage":"en-US","potentialAction":[{"@type":"ReadAction","target":["https:\/\/www.mexicanguitarplayers.com\/tienda\/sin categor\u00eda\/bateria-carlsbro-digital-mod-csd400\/"]}]},{"@type":"ImageObject","inLanguage":"en-US","@id":"https:\/\/www.mexicanguitarplayers.com\/tienda\/sin categor\u00eda\/bateria-carlsbro-digital-mod-csd400\/#primaryimage","url":"https:\/\/www.mexicanguitarplayers.com\/wp-content\/uploads\/2025\/04\/IPCLSCSD400.jpg","contentUrl":"https:\/\/www.mexicanguitarplayers.com\/wp-content\/uploads\/2025\/04\/IPCLSCSD400.jpg","width":1200,"height":1200},{"@type":"BreadcrumbList","@id":"https:\/\/www.mexicanguitarplayers.com\/tienda\/sin categor\u00eda\/bateria-carlsbro-digital-mod-csd400\/#breadcrumb","itemListElement":[{"@type":"ListItem","position":1,"name":"Portada","item":"https:\/\/www.mexicanguitarplayers.com\/"},{"@type":"ListItem","position":2,"name":"Tienda","item":"https:\/\/www.mexicanguitarplayers.com\/tienda\/"},{"@type":"ListItem","position":3,"name":"BATERIA CARLSBRO DIGITAL MOD. CSD400"}]},{"@type":"WebSite","@id":"https:\/\/www.mexicanguitarplayers.com\/#website","url":"https:\/\/www.mexicanguitarplayers.com\/","name":"Mexican Guitar Players","description":"Website","publisher":{"@id":"https:\/\/www.mexicanguitarplayers.com\/#organization"},"potentialAction":[{"@type":"SearchAction","target":{"@type":"EntryPoint","urlTemplate":"https:\/\/www.mexicanguitarplayers.com\/?s={search_term_string}"},"query-input":{"@type":"PropertyValueSpecification","valueRequired":true,"valueName":"search_term_string"}}],"inLanguage":"en-US"},{"@type":"Organization","@id":"https:\/\/www.mexicanguitarplayers.com\/#organization","name":"Mexican Guitar Players","url":"https:\/\/www.mexicanguitarplayers.com\/","logo":{"@type":"ImageObject","inLanguage":"en-US","@id":"https:\/\/www.mexicanguitarplayers.com\/#\/schema\/logo\/image\/","url":"","contentUrl":"","caption":"Mexican Guitar Players"},"image":{"@id":"https:\/\/www.mexicanguitarplayers.com\/#\/schema\/logo\/image\/"}}]}},"brands":[{"id":501,"name":"CARLSBRO","slug":"carlsbro"}],"_links":{"self":[{"href":"https:\/\/www.mexicanguitarplayers.com\/en\/wp-json\/wp\/v2\/product\/36505","targetHints":{"allow":["GET"]}}],"collection":[{"href":"https:\/\/www.mexicanguitarplayers.com\/en\/wp-json\/wp\/v2\/product"}],"about":[{"href":"https:\/\/www.mexicanguitarplayers.com\/en\/wp-json\/wp\/v2\/types\/product"}],"replies":[{"embeddable":true,"href":"https:\/\/www.mexicanguitarplayers.com\/en\/wp-json\/wp\/v2\/comments?post=36505"}],"wp:featuredmedia":[{"embeddable":true,"href":"https:\/\/www.mexicanguitarplayers.com\/en\/wp-json\/wp\/v2\/media\/36502"}],"wp:attachment":[{"href":"https:\/\/www.mexicanguitarplayers.com\/en\/wp-json\/wp\/v2\/media?parent=36505"}],"wp:term":[{"taxonomy":"pwb-brand","embeddable":true,"href":"https:\/\/www.mexicanguitarplayers.com\/en\/wp-json\/wp\/v2\/pwb-brand?post=36505"},{"taxonomy":"product_brand","embeddable":true,"href":"https:\/\/www.mexicanguitarplayers.com\/en\/wp-json\/wp\/v2\/product_brand?post=36505"},{"taxonomy":"product_cat","embeddable":true,"href":"https:\/\/www.mexicanguitarplayers.com\/en\/wp-json\/wp\/v2\/product_cat?post=36505"},{"taxonomy":"product_tag","embeddable":true,"href":"https:\/\/www.mexicanguitarplayers.com\/en\/wp-json\/wp\/v2\/product_tag?post=36505"}],"curies":[{"name":"wp","href":"https:\/\/api.w.org\/{rel}","templated":true}]}}