{"id":36522,"date":"2025-04-08T22:39:12","date_gmt":"2025-04-09T04:39:12","guid":{"rendered":"https:\/\/www.mexicanguitarplayers.com\/tienda\/sin categor\u00eda\/driver-beyma-mod-cd-2514fe-pk\/"},"modified":"2026-01-21T04:16:58","modified_gmt":"2026-01-21T10:16:58","slug":"driver-beyma-mod-cd-2514fe-pk","status":"publish","type":"product","link":"https:\/\/www.mexicanguitarplayers.com\/en\/tienda\/audio\/bafles-y-bocinas\/bocinas-y-componentes\/agudos\/driver-beyma-mod-cd-2514fe-pk\/","title":{"rendered":"DRIVER BEYMA MOD. CD-2514FE\/PK"},"content":{"rendered":"<div style=\"text-align: justify\">\n<div>\n<h3>Compresor de Alta Potencia de 1.4\u201d con Membrana de Pol\u00edmero de Alta Temperatura y Alta Sensibilidad<\/h3>\n<\/div>\n<div>Este compresor de alta eficiencia cuenta con un di\u00e1metro de garganta de 36 mm (1,4 pulgadas) y una bobina de voz de 63,5 mm (2,5 pulgadas). Con una impedancia nominal de 8 Ohm y una potencia admisible de 100 W AES por encima de 1,2 kHz, este transductor es capaz de manejar hasta 200 W de potencia de programa a frecuencias superiores a 1,2 kHz. Ofrece una excelente sensibilidad de 109 dB (1W \/ 1m @ ZN), lo que garantiza un rendimiento sonoro destacado cuando se acopla a la bocina TD-385. Su rango de frecuencias va de 600 Hz a 20 kHz, con una frecuencia de cruce recomendada de 800 Hz o superior. El compresor presenta un dise\u00f1o robusto con un im\u00e1n de ferrita y un material de membrana de pol\u00edmero de alta temperatura, optimizado para manejar altas temperaturas y reducir la distorsi\u00f3n. Su densidad de flujo magn\u00e9tico es de 1,6 T, con un factor BL de 6,3 N\/A y un \u00e1ngulo de salida de 18,12\u00ba. El di\u00e1metro externo es de 145 mm (5,71 pulgadas), con una profundidad de 62,7 mm (2,47 pulgadas), y se monta mediante 4 agujeros roscados M6 a 90\u00ba en un c\u00edrculo de 101,6 mm (4 pulgadas). Su peso neto es de 3,5 kg.<\/div>\n<div>\n<h4>Quick look<\/h4>\n<\/div>\n<ul style=\"margin: 0px 0px 0px 25px\">\n<li style=\"list-style-type: circle;margin: 5px\">Di\u00e1metro de garganta<\/li>\n<li style=\"list-style-type: circle;margin: 5px\">Di\u00e1metro de bobina<\/li>\n<li style=\"list-style-type: circle;margin: 5px\">Densidad de flujo<\/li>\n<li style=\"list-style-type: circle;margin: 5px\">Factor BL<\/li>\n<li style=\"list-style-type: circle;margin: 5px\">Peso neto<\/li>\n<li style=\"list-style-type: circle;margin: 5px\">Material de la membrana<\/li>\n<\/ul>\n<div>\n<div style=\"font-weight: bold\">Di\u00e1metro de garganta<\/div>\n<div>\n<p>36 mm<\/p>\n<\/div>\n<div style=\"font-weight: bold\">Di\u00e1metro de bobina<\/div>\n<div>\n<p>63.5 mm<\/p>\n<\/div>\n<div style=\"font-weight: bold\">Densidad de flujo<\/div>\n<div>\n<p>1.6 T<\/p>\n<\/div>\n<div style=\"font-weight: bold\">Factor BL<\/div>\n<div>\n<p>6.3 N\/A<\/p>\n<\/div>\n<div style=\"font-weight: bold\">Peso neto<\/div>\n<div>\n<p>3.5kg<\/p>\n<\/div>\n<div style=\"font-weight: bold\">Material de la membrana<\/div>\n<div>\n<p>Pol\u00edmero de alta temperatura<\/p>\n<\/div>\n<\/div>\n<\/div>","protected":false},"excerpt":{"rendered":"<p>Compresor de 36 mm (1,4 in) de di\u00e1metro de garganta tiene una impedancia nominal de 8 Ohm y maneja hasta 200 W de potencia de programa por encima de 1,2 kHz. Ofrece una sensibilidad de 109 dB (1W \/ 1m) y un rango de frecuencias de 600 Hz a 20 kHz. Con una bobina de voz de 63,5 mm (2,5 in) y un im\u00e1n de ferrita, su dise\u00f1o incluye un material de membrana de pol\u00edmero de alta temperatura. Su montaje es de 4 agujeros M6 a 90\u00ba en un di\u00e1metro de 101,6 mm (4 in). Peso neto de 3,5 kg.&hellip; <a class=\"kt-excerpt-readmore more-link\" href=\"https:\/\/www.mexicanguitarplayers.com\/en\/tienda\/audio\/bafles-y-bocinas\/bocinas-y-componentes\/agudos\/driver-beyma-mod-cd-2514fe-pk\/\">Read more<\/a><\/p>","protected":false},"featured_media":36518,"comment_status":"open","ping_status":"closed","template":"","meta":{"kt_blocks_editor_width":""},"pwb-brand":[477],"product_brand":[],"product_cat":[530,213,221,474],"product_tag":[],"class_list":{"0":"post-36522","1":"product","2":"type-product","3":"status-publish","4":"has-post-thumbnail","6":"pwb-brand-beyma","7":"product_cat-agudos","8":"product_cat-audio","9":"product_cat-bafles-y-bocinas","10":"product_cat-bocinas-y-componentes","11":"product_shipping_class-0-5-kg","13":"first","14":"instock","15":"taxable","16":"shipping-taxable","17":"purchasable","18":"product-type-simple"},"yoast_head":"<!-- This site is optimized with the Yoast SEO plugin v27.3 - https:\/\/yoast.com\/product\/yoast-seo-wordpress\/ -->\n<title>DRIVER BEYMA MOD. CD-2514FE\/PK - Mexican Guitar Players<\/title>\n<meta name=\"description\" content=\"Compresor de 36 mm (1,4 in) de di\u00e1metro de garganta tiene una impedancia nominal de 8 Ohm y maneja hasta 200 W de potencia de programa por encima de 1,2 kHz. Ofrece una sensibilidad de 109 dB (1W \/ 1m) y un rango de frecuencias de 600 Hz a 20 kHz. Con una bobina de voz de 63,5 mm (2,5 in) y un im\u00e1n de ferrita, su dise\u00f1o incluye un material de membrana de pol\u00edmero de alta temperatura. Su montaje es de 4 agujeros M6 a 90\u00ba en un di\u00e1metro de 101,6 mm (4 in). Peso neto de 3,5 kg.\" \/>\n<meta name=\"robots\" content=\"index, follow, max-snippet:-1, max-image-preview:large, max-video-preview:-1\" \/>\n<link rel=\"canonical\" href=\"https:\/\/www.mexicanguitarplayers.com\/en\/tienda\/sin%20categor\u00eda\/driver-beyma-mod-cd-2514fe-pk\/\" \/>\n<meta property=\"og:locale\" content=\"en_US\" \/>\n<meta property=\"og:type\" content=\"article\" \/>\n<meta property=\"og:title\" content=\"DRIVER BEYMA MOD. CD-2514FE\/PK - Mexican Guitar Players\" \/>\n<meta property=\"og:description\" content=\"Compresor de 36 mm (1,4 in) de di\u00e1metro de garganta tiene una impedancia nominal de 8 Ohm y maneja hasta 200 W de potencia de programa por encima de 1,2 kHz. Ofrece una sensibilidad de 109 dB (1W \/ 1m) y un rango de frecuencias de 600 Hz a 20 kHz. Con una bobina de voz de 63,5 mm (2,5 in) y un im\u00e1n de ferrita, su dise\u00f1o incluye un material de membrana de pol\u00edmero de alta temperatura. Su montaje es de 4 agujeros M6 a 90\u00ba en un di\u00e1metro de 101,6 mm (4 in). Peso neto de 3,5 kg.\" \/>\n<meta property=\"og:url\" content=\"https:\/\/www.mexicanguitarplayers.com\/en\/tienda\/sin categor\u00eda\/driver-beyma-mod-cd-2514fe-pk\/\" \/>\n<meta property=\"og:site_name\" content=\"Mexican Guitar Players\" \/>\n<meta property=\"article:modified_time\" content=\"2026-01-21T10:16:58+00:00\" \/>\n<meta name=\"twitter:card\" content=\"summary_large_image\" \/>\n<meta name=\"twitter:label1\" content=\"Est. reading time\" \/>\n\t<meta name=\"twitter:data1\" content=\"1 minute\" \/>\n<script type=\"application\/ld+json\" class=\"yoast-schema-graph\">{\"@context\":\"https:\\\/\\\/schema.org\",\"@graph\":[{\"@type\":[\"WebPage\",\"ItemPage\"],\"@id\":\"https:\\\/\\\/www.mexicanguitarplayers.com\\\/tienda\\\/sin categor\u00eda\\\/driver-beyma-mod-cd-2514fe-pk\\\/\",\"url\":\"https:\\\/\\\/www.mexicanguitarplayers.com\\\/tienda\\\/sin categor\u00eda\\\/driver-beyma-mod-cd-2514fe-pk\\\/\",\"name\":\"DRIVER BEYMA MOD. CD-2514FE\\\/PK - Mexican Guitar Players\",\"isPartOf\":{\"@id\":\"https:\\\/\\\/www.mexicanguitarplayers.com\\\/#website\"},\"primaryImageOfPage\":{\"@id\":\"https:\\\/\\\/www.mexicanguitarplayers.com\\\/tienda\\\/sin categor\u00eda\\\/driver-beyma-mod-cd-2514fe-pk\\\/#primaryimage\"},\"image\":{\"@id\":\"https:\\\/\\\/www.mexicanguitarplayers.com\\\/tienda\\\/sin categor\u00eda\\\/driver-beyma-mod-cd-2514fe-pk\\\/#primaryimage\"},\"thumbnailUrl\":\"https:\\\/\\\/www.mexicanguitarplayers.com\\\/wp-content\\\/uploads\\\/2025\\\/04\\\/IABEYCD2514FEP.png\",\"datePublished\":\"2025-04-09T04:39:12+00:00\",\"dateModified\":\"2026-01-21T10:16:58+00:00\",\"description\":\"Compresor de 36 mm (1,4 in) de di\u00e1metro de garganta tiene una impedancia nominal de 8 Ohm y maneja hasta 200 W de potencia de programa por encima de 1,2 kHz. Ofrece una sensibilidad de 109 dB (1W \\\/ 1m) y un rango de frecuencias de 600 Hz a 20 kHz. Con una bobina de voz de 63,5 mm (2,5 in) y un im\u00e1n de ferrita, su dise\u00f1o incluye un material de membrana de pol\u00edmero de alta temperatura. Su montaje es de 4 agujeros M6 a 90\u00ba en un di\u00e1metro de 101,6 mm (4 in). Peso neto de 3,5 kg.\",\"breadcrumb\":{\"@id\":\"https:\\\/\\\/www.mexicanguitarplayers.com\\\/tienda\\\/sin categor\u00eda\\\/driver-beyma-mod-cd-2514fe-pk\\\/#breadcrumb\"},\"inLanguage\":\"en-US\",\"potentialAction\":[{\"@type\":\"ReadAction\",\"target\":[\"https:\\\/\\\/www.mexicanguitarplayers.com\\\/tienda\\\/sin categor\u00eda\\\/driver-beyma-mod-cd-2514fe-pk\\\/\"]}]},{\"@type\":\"ImageObject\",\"inLanguage\":\"en-US\",\"@id\":\"https:\\\/\\\/www.mexicanguitarplayers.com\\\/tienda\\\/sin categor\u00eda\\\/driver-beyma-mod-cd-2514fe-pk\\\/#primaryimage\",\"url\":\"https:\\\/\\\/www.mexicanguitarplayers.com\\\/wp-content\\\/uploads\\\/2025\\\/04\\\/IABEYCD2514FEP.png\",\"contentUrl\":\"https:\\\/\\\/www.mexicanguitarplayers.com\\\/wp-content\\\/uploads\\\/2025\\\/04\\\/IABEYCD2514FEP.png\",\"width\":1600,\"height\":800},{\"@type\":\"BreadcrumbList\",\"@id\":\"https:\\\/\\\/www.mexicanguitarplayers.com\\\/tienda\\\/sin categor\u00eda\\\/driver-beyma-mod-cd-2514fe-pk\\\/#breadcrumb\",\"itemListElement\":[{\"@type\":\"ListItem\",\"position\":1,\"name\":\"Portada\",\"item\":\"https:\\\/\\\/www.mexicanguitarplayers.com\\\/\"},{\"@type\":\"ListItem\",\"position\":2,\"name\":\"Tienda\",\"item\":\"https:\\\/\\\/www.mexicanguitarplayers.com\\\/tienda\\\/\"},{\"@type\":\"ListItem\",\"position\":3,\"name\":\"DRIVER BEYMA MOD. CD-2514FE\\\/PK\"}]},{\"@type\":\"WebSite\",\"@id\":\"https:\\\/\\\/www.mexicanguitarplayers.com\\\/#website\",\"url\":\"https:\\\/\\\/www.mexicanguitarplayers.com\\\/\",\"name\":\"Mexican Guitar Players\",\"description\":\"Website\",\"publisher\":{\"@id\":\"https:\\\/\\\/www.mexicanguitarplayers.com\\\/#organization\"},\"potentialAction\":[{\"@type\":\"SearchAction\",\"target\":{\"@type\":\"EntryPoint\",\"urlTemplate\":\"https:\\\/\\\/www.mexicanguitarplayers.com\\\/?s={search_term_string}\"},\"query-input\":{\"@type\":\"PropertyValueSpecification\",\"valueRequired\":true,\"valueName\":\"search_term_string\"}}],\"inLanguage\":\"en-US\"},{\"@type\":\"Organization\",\"@id\":\"https:\\\/\\\/www.mexicanguitarplayers.com\\\/#organization\",\"name\":\"Mexican Guitar Players\",\"url\":\"https:\\\/\\\/www.mexicanguitarplayers.com\\\/\",\"logo\":{\"@type\":\"ImageObject\",\"inLanguage\":\"en-US\",\"@id\":\"https:\\\/\\\/www.mexicanguitarplayers.com\\\/#\\\/schema\\\/logo\\\/image\\\/\",\"url\":\"\",\"contentUrl\":\"\",\"caption\":\"Mexican Guitar Players\"},\"image\":{\"@id\":\"https:\\\/\\\/www.mexicanguitarplayers.com\\\/#\\\/schema\\\/logo\\\/image\\\/\"}}]}<\/script>\n<!-- \/ Yoast SEO plugin. -->","yoast_head_json":{"title":"DRIVER BEYMA MOD. CD-2514FE\/PK - Mexican Guitar Players","description":"Compresor de 36 mm (1,4 in) de di\u00e1metro de garganta tiene una impedancia nominal de 8 Ohm y maneja hasta 200 W de potencia de programa por encima de 1,2 kHz. Ofrece una sensibilidad de 109 dB (1W \/ 1m) y un rango de frecuencias de 600 Hz a 20 kHz. Con una bobina de voz de 63,5 mm (2,5 in) y un im\u00e1n de ferrita, su dise\u00f1o incluye un material de membrana de pol\u00edmero de alta temperatura. Su montaje es de 4 agujeros M6 a 90\u00ba en un di\u00e1metro de 101,6 mm (4 in). Peso neto de 3,5 kg.","robots":{"index":"index","follow":"follow","max-snippet":"max-snippet:-1","max-image-preview":"max-image-preview:large","max-video-preview":"max-video-preview:-1"},"canonical":"https:\/\/www.mexicanguitarplayers.com\/en\/tienda\/sin categor\u00eda\/driver-beyma-mod-cd-2514fe-pk\/","og_locale":"en_US","og_type":"article","og_title":"DRIVER BEYMA MOD. CD-2514FE\/PK - Mexican Guitar Players","og_description":"Compresor de 36 mm (1,4 in) de di\u00e1metro de garganta tiene una impedancia nominal de 8 Ohm y maneja hasta 200 W de potencia de programa por encima de 1,2 kHz. Ofrece una sensibilidad de 109 dB (1W \/ 1m) y un rango de frecuencias de 600 Hz a 20 kHz. Con una bobina de voz de 63,5 mm (2,5 in) y un im\u00e1n de ferrita, su dise\u00f1o incluye un material de membrana de pol\u00edmero de alta temperatura. Su montaje es de 4 agujeros M6 a 90\u00ba en un di\u00e1metro de 101,6 mm (4 in). Peso neto de 3,5 kg.","og_url":"https:\/\/www.mexicanguitarplayers.com\/en\/tienda\/sin categor\u00eda\/driver-beyma-mod-cd-2514fe-pk\/","og_site_name":"Mexican Guitar Players","article_modified_time":"2026-01-21T10:16:58+00:00","twitter_card":"summary_large_image","twitter_misc":{"Est. reading time":"1 minute"},"schema":{"@context":"https:\/\/schema.org","@graph":[{"@type":["WebPage","ItemPage"],"@id":"https:\/\/www.mexicanguitarplayers.com\/tienda\/sin categor\u00eda\/driver-beyma-mod-cd-2514fe-pk\/","url":"https:\/\/www.mexicanguitarplayers.com\/tienda\/sin categor\u00eda\/driver-beyma-mod-cd-2514fe-pk\/","name":"DRIVER BEYMA MOD. CD-2514FE\/PK - Mexican Guitar Players","isPartOf":{"@id":"https:\/\/www.mexicanguitarplayers.com\/#website"},"primaryImageOfPage":{"@id":"https:\/\/www.mexicanguitarplayers.com\/tienda\/sin categor\u00eda\/driver-beyma-mod-cd-2514fe-pk\/#primaryimage"},"image":{"@id":"https:\/\/www.mexicanguitarplayers.com\/tienda\/sin categor\u00eda\/driver-beyma-mod-cd-2514fe-pk\/#primaryimage"},"thumbnailUrl":"https:\/\/www.mexicanguitarplayers.com\/wp-content\/uploads\/2025\/04\/IABEYCD2514FEP.png","datePublished":"2025-04-09T04:39:12+00:00","dateModified":"2026-01-21T10:16:58+00:00","description":"Compresor de 36 mm (1,4 in) de di\u00e1metro de garganta tiene una impedancia nominal de 8 Ohm y maneja hasta 200 W de potencia de programa por encima de 1,2 kHz. Ofrece una sensibilidad de 109 dB (1W \/ 1m) y un rango de frecuencias de 600 Hz a 20 kHz. Con una bobina de voz de 63,5 mm (2,5 in) y un im\u00e1n de ferrita, su dise\u00f1o incluye un material de membrana de pol\u00edmero de alta temperatura. Su montaje es de 4 agujeros M6 a 90\u00ba en un di\u00e1metro de 101,6 mm (4 in). Peso neto de 3,5 kg.","breadcrumb":{"@id":"https:\/\/www.mexicanguitarplayers.com\/tienda\/sin categor\u00eda\/driver-beyma-mod-cd-2514fe-pk\/#breadcrumb"},"inLanguage":"en-US","potentialAction":[{"@type":"ReadAction","target":["https:\/\/www.mexicanguitarplayers.com\/tienda\/sin categor\u00eda\/driver-beyma-mod-cd-2514fe-pk\/"]}]},{"@type":"ImageObject","inLanguage":"en-US","@id":"https:\/\/www.mexicanguitarplayers.com\/tienda\/sin categor\u00eda\/driver-beyma-mod-cd-2514fe-pk\/#primaryimage","url":"https:\/\/www.mexicanguitarplayers.com\/wp-content\/uploads\/2025\/04\/IABEYCD2514FEP.png","contentUrl":"https:\/\/www.mexicanguitarplayers.com\/wp-content\/uploads\/2025\/04\/IABEYCD2514FEP.png","width":1600,"height":800},{"@type":"BreadcrumbList","@id":"https:\/\/www.mexicanguitarplayers.com\/tienda\/sin categor\u00eda\/driver-beyma-mod-cd-2514fe-pk\/#breadcrumb","itemListElement":[{"@type":"ListItem","position":1,"name":"Portada","item":"https:\/\/www.mexicanguitarplayers.com\/"},{"@type":"ListItem","position":2,"name":"Tienda","item":"https:\/\/www.mexicanguitarplayers.com\/tienda\/"},{"@type":"ListItem","position":3,"name":"DRIVER BEYMA MOD. CD-2514FE\/PK"}]},{"@type":"WebSite","@id":"https:\/\/www.mexicanguitarplayers.com\/#website","url":"https:\/\/www.mexicanguitarplayers.com\/","name":"Mexican Guitar Players","description":"Website","publisher":{"@id":"https:\/\/www.mexicanguitarplayers.com\/#organization"},"potentialAction":[{"@type":"SearchAction","target":{"@type":"EntryPoint","urlTemplate":"https:\/\/www.mexicanguitarplayers.com\/?s={search_term_string}"},"query-input":{"@type":"PropertyValueSpecification","valueRequired":true,"valueName":"search_term_string"}}],"inLanguage":"en-US"},{"@type":"Organization","@id":"https:\/\/www.mexicanguitarplayers.com\/#organization","name":"Mexican Guitar Players","url":"https:\/\/www.mexicanguitarplayers.com\/","logo":{"@type":"ImageObject","inLanguage":"en-US","@id":"https:\/\/www.mexicanguitarplayers.com\/#\/schema\/logo\/image\/","url":"","contentUrl":"","caption":"Mexican Guitar Players"},"image":{"@id":"https:\/\/www.mexicanguitarplayers.com\/#\/schema\/logo\/image\/"}}]}},"brands":[{"id":477,"name":"BEYMA","slug":"beyma"}],"_links":{"self":[{"href":"https:\/\/www.mexicanguitarplayers.com\/en\/wp-json\/wp\/v2\/product\/36522","targetHints":{"allow":["GET"]}}],"collection":[{"href":"https:\/\/www.mexicanguitarplayers.com\/en\/wp-json\/wp\/v2\/product"}],"about":[{"href":"https:\/\/www.mexicanguitarplayers.com\/en\/wp-json\/wp\/v2\/types\/product"}],"replies":[{"embeddable":true,"href":"https:\/\/www.mexicanguitarplayers.com\/en\/wp-json\/wp\/v2\/comments?post=36522"}],"wp:featuredmedia":[{"embeddable":true,"href":"https:\/\/www.mexicanguitarplayers.com\/en\/wp-json\/wp\/v2\/media\/36518"}],"wp:attachment":[{"href":"https:\/\/www.mexicanguitarplayers.com\/en\/wp-json\/wp\/v2\/media?parent=36522"}],"wp:term":[{"taxonomy":"pwb-brand","embeddable":true,"href":"https:\/\/www.mexicanguitarplayers.com\/en\/wp-json\/wp\/v2\/pwb-brand?post=36522"},{"taxonomy":"product_brand","embeddable":true,"href":"https:\/\/www.mexicanguitarplayers.com\/en\/wp-json\/wp\/v2\/product_brand?post=36522"},{"taxonomy":"product_cat","embeddable":true,"href":"https:\/\/www.mexicanguitarplayers.com\/en\/wp-json\/wp\/v2\/product_cat?post=36522"},{"taxonomy":"product_tag","embeddable":true,"href":"https:\/\/www.mexicanguitarplayers.com\/en\/wp-json\/wp\/v2\/product_tag?post=36522"}],"curies":[{"name":"wp","href":"https:\/\/api.w.org\/{rel}","templated":true}]}}