{"id":36531,"date":"2025-04-08T22:39:22","date_gmt":"2025-04-09T04:39:22","guid":{"rendered":"https:\/\/www.mexicanguitarplayers.com\/tienda\/sin categor\u00eda\/amplificador-blackstar-p-audifonos-amplug-bass\/"},"modified":"2026-01-17T04:31:45","modified_gmt":"2026-01-17T10:31:45","slug":"amplificador-blackstar-p-audifonos-amplug-bass","status":"publish","type":"product","link":"https:\/\/www.mexicanguitarplayers.com\/en\/tienda\/cuerdas\/amplificadores-cuerdas\/amps-para-bajo\/amplificador-blackstar-p-audifonos-amplug-bass\/","title":{"rendered":"AMPLIFICADOR BLACKSTAR P\/AUDIFONOS  AMPLUG BASS"},"content":{"rendered":"<div style=\"text-align: justify\">\n<div>\n<h3>Amplificaci\u00f3n port\u00e1til.<\/h3>\n<\/div>\n<div>Los amplificadores de aud\u00edfonos amPlug de FLY para guitarra y bajo son la soluci\u00f3n perfecta para practicar cuando el ruido es una restricci\u00f3n o cuando llega la inspiraci\u00f3n al momento. Expresados y dise\u00f1ados por Blackstar en UK, los modelos amPlug FLY funcionan con bater\u00edas y tienen un conector de instrumento plegable para conectar a cualquier tipo de cuerpo de guitarra. El dise\u00f1o s\u00faper compacto se puede llevar a cualquier lugar y es la forma m\u00e1s f\u00e1cil de lograr tonos de amplificador Blackstar reales en tus aud\u00edfonos.<\/div>\n<div>\n<h4>Quick look<\/h4>\n<\/div>\n<ul style=\"margin: 0px 0px 0px 25px\">\n<li style=\"list-style-type: circle;margin: 5px\">No se requiere un cable para guitarra.<\/li>\n<li style=\"list-style-type: circle;margin: 5px\">Toca en cualquier momento y en cualquier lugar.<\/li>\n<li style=\"list-style-type: circle;margin: 5px\">Auto apagado.<\/li>\n<\/ul>\n<div>\n<div style=\"font-weight: bold\">No se requiere un cable para guitarra.<\/div>\n<div>\n<p>El conector de entrada plegable gira 180\u00b0 grados para conectarse directamente a todas las formas de cuerpo de guitarra.<\/p>\n<\/div>\n<div style=\"font-weight: bold\">Toca en cualquier momento y en cualquier lugar.<\/div>\n<div>\n<p>Hasta 17 horas de tiempo de tocar con 2 bater\u00edas AA para que puedas tocar durante m\u00e1s tiempo en el FLY.<\/p>\n<\/div>\n<div style=\"font-weight: bold\">Auto apagado.<\/div>\n<div>\n<p>No necesitas preocuparte por sus bater\u00edas, despu\u00e9s de 30 minutos sin se\u00f1al, la unidad se apaga autom\u00e1ticamente.<\/p>\n<\/div>\n<\/div>\n<\/div>","protected":false},"excerpt":{"rendered":"<p>Amplificador de aud\u00edfono para bajo, dise\u00f1ado espec\u00edficamente para frecuencias bajas, ofrece un amplio rango de respuesta, 3 canales incorporados: Cl\u00e1sico, Moderno y Overdrive, control de tono personalizado para llevar tu sonido de lo profundo a lo brillante, incorpora 6 loops de ritmo diferentes para jammear: Rock, Funk, R&amp;B, HipHop, Blues, Metr\u00f3nomo y ajusta con un simple control de Tap Tempo.&hellip; <a class=\"kt-excerpt-readmore more-link\" href=\"https:\/\/www.mexicanguitarplayers.com\/en\/tienda\/cuerdas\/amplificadores-cuerdas\/amps-para-bajo\/amplificador-blackstar-p-audifonos-amplug-bass\/\">Read more<\/a><\/p>","protected":false},"featured_media":36528,"comment_status":"open","ping_status":"closed","template":"","meta":{"kt_blocks_editor_width":""},"pwb-brand":[172],"product_brand":[],"product_cat":[219,254,224],"product_tag":[],"class_list":{"0":"post-36531","1":"product","2":"type-product","3":"status-publish","4":"has-post-thumbnail","6":"pwb-brand-blackstar","7":"product_cat-amplificadores-audio","8":"product_cat-amps-para-bajo","9":"product_cat-cuerdas","10":"product_shipping_class-0-5-kg","12":"first","13":"instock","14":"taxable","15":"shipping-taxable","16":"purchasable","17":"product-type-simple"},"yoast_head":"<!-- This site is optimized with the Yoast SEO plugin v27.3 - https:\/\/yoast.com\/product\/yoast-seo-wordpress\/ -->\n<title>AMPLIFICADOR BLACKSTAR P\/AUDIFONOS AMPLUG BASS - Mexican Guitar Players<\/title>\n<meta name=\"description\" content=\"Amplificador de aud\u00edfono para bajo, dise\u00f1ado espec\u00edficamente para frecuencias bajas, ofrece un amplio rango de respuesta, 3 canales incorporados: Cl\u00e1sico, Moderno y Overdrive, control de tono personalizado para llevar tu sonido de lo profundo a lo brillante, incorpora 6 loops de ritmo diferentes para jammear: Rock, Funk, R&amp;B, HipHop, Blues, Metr\u00f3nomo y ajusta con un simple control de Tap Tempo.\" \/>\n<meta name=\"robots\" content=\"index, follow, max-snippet:-1, max-image-preview:large, max-video-preview:-1\" \/>\n<link rel=\"canonical\" href=\"https:\/\/www.mexicanguitarplayers.com\/en\/tienda\/sin%20categor\u00eda\/amplificador-blackstar-p-audifonos-amplug-bass\/\" \/>\n<meta property=\"og:locale\" content=\"en_US\" \/>\n<meta property=\"og:type\" content=\"article\" \/>\n<meta property=\"og:title\" content=\"AMPLIFICADOR BLACKSTAR P\/AUDIFONOS AMPLUG BASS - Mexican Guitar Players\" \/>\n<meta property=\"og:description\" content=\"Amplificador de aud\u00edfono para bajo, dise\u00f1ado espec\u00edficamente para frecuencias bajas, ofrece un amplio rango de respuesta, 3 canales incorporados: Cl\u00e1sico, Moderno y Overdrive, control de tono personalizado para llevar tu sonido de lo profundo a lo brillante, incorpora 6 loops de ritmo diferentes para jammear: Rock, Funk, R&amp;B, HipHop, Blues, Metr\u00f3nomo y ajusta con un simple control de Tap Tempo.\" \/>\n<meta property=\"og:url\" content=\"https:\/\/www.mexicanguitarplayers.com\/en\/tienda\/sin categor\u00eda\/amplificador-blackstar-p-audifonos-amplug-bass\/\" \/>\n<meta property=\"og:site_name\" content=\"Mexican Guitar Players\" \/>\n<meta property=\"article:modified_time\" content=\"2026-01-17T10:31:45+00:00\" \/>\n<meta name=\"twitter:card\" content=\"summary_large_image\" \/>\n<meta name=\"twitter:label1\" content=\"Est. reading time\" \/>\n\t<meta name=\"twitter:data1\" content=\"1 minute\" \/>\n<script type=\"application\/ld+json\" class=\"yoast-schema-graph\">{\"@context\":\"https:\\\/\\\/schema.org\",\"@graph\":[{\"@type\":[\"WebPage\",\"ItemPage\"],\"@id\":\"https:\\\/\\\/www.mexicanguitarplayers.com\\\/tienda\\\/sin categor\u00eda\\\/amplificador-blackstar-p-audifonos-amplug-bass\\\/\",\"url\":\"https:\\\/\\\/www.mexicanguitarplayers.com\\\/tienda\\\/sin categor\u00eda\\\/amplificador-blackstar-p-audifonos-amplug-bass\\\/\",\"name\":\"AMPLIFICADOR BLACKSTAR P\\\/AUDIFONOS AMPLUG BASS - Mexican Guitar Players\",\"isPartOf\":{\"@id\":\"https:\\\/\\\/www.mexicanguitarplayers.com\\\/#website\"},\"primaryImageOfPage\":{\"@id\":\"https:\\\/\\\/www.mexicanguitarplayers.com\\\/tienda\\\/sin categor\u00eda\\\/amplificador-blackstar-p-audifonos-amplug-bass\\\/#primaryimage\"},\"image\":{\"@id\":\"https:\\\/\\\/www.mexicanguitarplayers.com\\\/tienda\\\/sin categor\u00eda\\\/amplificador-blackstar-p-audifonos-amplug-bass\\\/#primaryimage\"},\"thumbnailUrl\":\"https:\\\/\\\/www.mexicanguitarplayers.com\\\/wp-content\\\/uploads\\\/2025\\\/04\\\/ICBLSAMPLUGFLB.jpg\",\"datePublished\":\"2025-04-09T04:39:22+00:00\",\"dateModified\":\"2026-01-17T10:31:45+00:00\",\"description\":\"Amplificador de aud\u00edfono para bajo, dise\u00f1ado espec\u00edficamente para frecuencias bajas, ofrece un amplio rango de respuesta, 3 canales incorporados: Cl\u00e1sico, Moderno y Overdrive, control de tono personalizado para llevar tu sonido de lo profundo a lo brillante, incorpora 6 loops de ritmo diferentes para jammear: Rock, Funk, R&amp;B, HipHop, Blues, Metr\u00f3nomo y ajusta con un simple control de Tap Tempo.\",\"breadcrumb\":{\"@id\":\"https:\\\/\\\/www.mexicanguitarplayers.com\\\/tienda\\\/sin categor\u00eda\\\/amplificador-blackstar-p-audifonos-amplug-bass\\\/#breadcrumb\"},\"inLanguage\":\"en-US\",\"potentialAction\":[{\"@type\":\"ReadAction\",\"target\":[\"https:\\\/\\\/www.mexicanguitarplayers.com\\\/tienda\\\/sin categor\u00eda\\\/amplificador-blackstar-p-audifonos-amplug-bass\\\/\"]}]},{\"@type\":\"ImageObject\",\"inLanguage\":\"en-US\",\"@id\":\"https:\\\/\\\/www.mexicanguitarplayers.com\\\/tienda\\\/sin categor\u00eda\\\/amplificador-blackstar-p-audifonos-amplug-bass\\\/#primaryimage\",\"url\":\"https:\\\/\\\/www.mexicanguitarplayers.com\\\/wp-content\\\/uploads\\\/2025\\\/04\\\/ICBLSAMPLUGFLB.jpg\",\"contentUrl\":\"https:\\\/\\\/www.mexicanguitarplayers.com\\\/wp-content\\\/uploads\\\/2025\\\/04\\\/ICBLSAMPLUGFLB.jpg\",\"width\":1200,\"height\":1200},{\"@type\":\"BreadcrumbList\",\"@id\":\"https:\\\/\\\/www.mexicanguitarplayers.com\\\/tienda\\\/sin categor\u00eda\\\/amplificador-blackstar-p-audifonos-amplug-bass\\\/#breadcrumb\",\"itemListElement\":[{\"@type\":\"ListItem\",\"position\":1,\"name\":\"Portada\",\"item\":\"https:\\\/\\\/www.mexicanguitarplayers.com\\\/\"},{\"@type\":\"ListItem\",\"position\":2,\"name\":\"Tienda\",\"item\":\"https:\\\/\\\/www.mexicanguitarplayers.com\\\/tienda\\\/\"},{\"@type\":\"ListItem\",\"position\":3,\"name\":\"AMPLIFICADOR BLACKSTAR P\\\/AUDIFONOS AMPLUG BASS\"}]},{\"@type\":\"WebSite\",\"@id\":\"https:\\\/\\\/www.mexicanguitarplayers.com\\\/#website\",\"url\":\"https:\\\/\\\/www.mexicanguitarplayers.com\\\/\",\"name\":\"Mexican Guitar Players\",\"description\":\"Website\",\"publisher\":{\"@id\":\"https:\\\/\\\/www.mexicanguitarplayers.com\\\/#organization\"},\"potentialAction\":[{\"@type\":\"SearchAction\",\"target\":{\"@type\":\"EntryPoint\",\"urlTemplate\":\"https:\\\/\\\/www.mexicanguitarplayers.com\\\/?s={search_term_string}\"},\"query-input\":{\"@type\":\"PropertyValueSpecification\",\"valueRequired\":true,\"valueName\":\"search_term_string\"}}],\"inLanguage\":\"en-US\"},{\"@type\":\"Organization\",\"@id\":\"https:\\\/\\\/www.mexicanguitarplayers.com\\\/#organization\",\"name\":\"Mexican Guitar Players\",\"url\":\"https:\\\/\\\/www.mexicanguitarplayers.com\\\/\",\"logo\":{\"@type\":\"ImageObject\",\"inLanguage\":\"en-US\",\"@id\":\"https:\\\/\\\/www.mexicanguitarplayers.com\\\/#\\\/schema\\\/logo\\\/image\\\/\",\"url\":\"\",\"contentUrl\":\"\",\"caption\":\"Mexican Guitar Players\"},\"image\":{\"@id\":\"https:\\\/\\\/www.mexicanguitarplayers.com\\\/#\\\/schema\\\/logo\\\/image\\\/\"}}]}<\/script>\n<!-- \/ Yoast SEO plugin. -->","yoast_head_json":{"title":"AMPLIFICADOR BLACKSTAR P\/AUDIFONOS AMPLUG BASS - Mexican Guitar Players","description":"Amplificador de aud\u00edfono para bajo, dise\u00f1ado espec\u00edficamente para frecuencias bajas, ofrece un amplio rango de respuesta, 3 canales incorporados: Cl\u00e1sico, Moderno y Overdrive, control de tono personalizado para llevar tu sonido de lo profundo a lo brillante, incorpora 6 loops de ritmo diferentes para jammear: Rock, Funk, R&amp;B, HipHop, Blues, Metr\u00f3nomo y ajusta con un simple control de Tap Tempo.","robots":{"index":"index","follow":"follow","max-snippet":"max-snippet:-1","max-image-preview":"max-image-preview:large","max-video-preview":"max-video-preview:-1"},"canonical":"https:\/\/www.mexicanguitarplayers.com\/en\/tienda\/sin categor\u00eda\/amplificador-blackstar-p-audifonos-amplug-bass\/","og_locale":"en_US","og_type":"article","og_title":"AMPLIFICADOR BLACKSTAR P\/AUDIFONOS AMPLUG BASS - Mexican Guitar Players","og_description":"Amplificador de aud\u00edfono para bajo, dise\u00f1ado espec\u00edficamente para frecuencias bajas, ofrece un amplio rango de respuesta, 3 canales incorporados: Cl\u00e1sico, Moderno y Overdrive, control de tono personalizado para llevar tu sonido de lo profundo a lo brillante, incorpora 6 loops de ritmo diferentes para jammear: Rock, Funk, R&amp;B, HipHop, Blues, Metr\u00f3nomo y ajusta con un simple control de Tap Tempo.","og_url":"https:\/\/www.mexicanguitarplayers.com\/en\/tienda\/sin categor\u00eda\/amplificador-blackstar-p-audifonos-amplug-bass\/","og_site_name":"Mexican Guitar Players","article_modified_time":"2026-01-17T10:31:45+00:00","twitter_card":"summary_large_image","twitter_misc":{"Est. reading time":"1 minute"},"schema":{"@context":"https:\/\/schema.org","@graph":[{"@type":["WebPage","ItemPage"],"@id":"https:\/\/www.mexicanguitarplayers.com\/tienda\/sin categor\u00eda\/amplificador-blackstar-p-audifonos-amplug-bass\/","url":"https:\/\/www.mexicanguitarplayers.com\/tienda\/sin categor\u00eda\/amplificador-blackstar-p-audifonos-amplug-bass\/","name":"AMPLIFICADOR BLACKSTAR P\/AUDIFONOS AMPLUG BASS - Mexican Guitar Players","isPartOf":{"@id":"https:\/\/www.mexicanguitarplayers.com\/#website"},"primaryImageOfPage":{"@id":"https:\/\/www.mexicanguitarplayers.com\/tienda\/sin categor\u00eda\/amplificador-blackstar-p-audifonos-amplug-bass\/#primaryimage"},"image":{"@id":"https:\/\/www.mexicanguitarplayers.com\/tienda\/sin categor\u00eda\/amplificador-blackstar-p-audifonos-amplug-bass\/#primaryimage"},"thumbnailUrl":"https:\/\/www.mexicanguitarplayers.com\/wp-content\/uploads\/2025\/04\/ICBLSAMPLUGFLB.jpg","datePublished":"2025-04-09T04:39:22+00:00","dateModified":"2026-01-17T10:31:45+00:00","description":"Amplificador de aud\u00edfono para bajo, dise\u00f1ado espec\u00edficamente para frecuencias bajas, ofrece un amplio rango de respuesta, 3 canales incorporados: Cl\u00e1sico, Moderno y Overdrive, control de tono personalizado para llevar tu sonido de lo profundo a lo brillante, incorpora 6 loops de ritmo diferentes para jammear: Rock, Funk, R&amp;B, HipHop, Blues, Metr\u00f3nomo y ajusta con un simple control de Tap Tempo.","breadcrumb":{"@id":"https:\/\/www.mexicanguitarplayers.com\/tienda\/sin categor\u00eda\/amplificador-blackstar-p-audifonos-amplug-bass\/#breadcrumb"},"inLanguage":"en-US","potentialAction":[{"@type":"ReadAction","target":["https:\/\/www.mexicanguitarplayers.com\/tienda\/sin categor\u00eda\/amplificador-blackstar-p-audifonos-amplug-bass\/"]}]},{"@type":"ImageObject","inLanguage":"en-US","@id":"https:\/\/www.mexicanguitarplayers.com\/tienda\/sin categor\u00eda\/amplificador-blackstar-p-audifonos-amplug-bass\/#primaryimage","url":"https:\/\/www.mexicanguitarplayers.com\/wp-content\/uploads\/2025\/04\/ICBLSAMPLUGFLB.jpg","contentUrl":"https:\/\/www.mexicanguitarplayers.com\/wp-content\/uploads\/2025\/04\/ICBLSAMPLUGFLB.jpg","width":1200,"height":1200},{"@type":"BreadcrumbList","@id":"https:\/\/www.mexicanguitarplayers.com\/tienda\/sin categor\u00eda\/amplificador-blackstar-p-audifonos-amplug-bass\/#breadcrumb","itemListElement":[{"@type":"ListItem","position":1,"name":"Portada","item":"https:\/\/www.mexicanguitarplayers.com\/"},{"@type":"ListItem","position":2,"name":"Tienda","item":"https:\/\/www.mexicanguitarplayers.com\/tienda\/"},{"@type":"ListItem","position":3,"name":"AMPLIFICADOR BLACKSTAR P\/AUDIFONOS AMPLUG BASS"}]},{"@type":"WebSite","@id":"https:\/\/www.mexicanguitarplayers.com\/#website","url":"https:\/\/www.mexicanguitarplayers.com\/","name":"Mexican Guitar Players","description":"Website","publisher":{"@id":"https:\/\/www.mexicanguitarplayers.com\/#organization"},"potentialAction":[{"@type":"SearchAction","target":{"@type":"EntryPoint","urlTemplate":"https:\/\/www.mexicanguitarplayers.com\/?s={search_term_string}"},"query-input":{"@type":"PropertyValueSpecification","valueRequired":true,"valueName":"search_term_string"}}],"inLanguage":"en-US"},{"@type":"Organization","@id":"https:\/\/www.mexicanguitarplayers.com\/#organization","name":"Mexican Guitar Players","url":"https:\/\/www.mexicanguitarplayers.com\/","logo":{"@type":"ImageObject","inLanguage":"en-US","@id":"https:\/\/www.mexicanguitarplayers.com\/#\/schema\/logo\/image\/","url":"","contentUrl":"","caption":"Mexican Guitar Players"},"image":{"@id":"https:\/\/www.mexicanguitarplayers.com\/#\/schema\/logo\/image\/"}}]}},"brands":[{"id":172,"name":"BLACKSTAR","slug":"blackstar"}],"_links":{"self":[{"href":"https:\/\/www.mexicanguitarplayers.com\/en\/wp-json\/wp\/v2\/product\/36531","targetHints":{"allow":["GET"]}}],"collection":[{"href":"https:\/\/www.mexicanguitarplayers.com\/en\/wp-json\/wp\/v2\/product"}],"about":[{"href":"https:\/\/www.mexicanguitarplayers.com\/en\/wp-json\/wp\/v2\/types\/product"}],"replies":[{"embeddable":true,"href":"https:\/\/www.mexicanguitarplayers.com\/en\/wp-json\/wp\/v2\/comments?post=36531"}],"wp:featuredmedia":[{"embeddable":true,"href":"https:\/\/www.mexicanguitarplayers.com\/en\/wp-json\/wp\/v2\/media\/36528"}],"wp:attachment":[{"href":"https:\/\/www.mexicanguitarplayers.com\/en\/wp-json\/wp\/v2\/media?parent=36531"}],"wp:term":[{"taxonomy":"pwb-brand","embeddable":true,"href":"https:\/\/www.mexicanguitarplayers.com\/en\/wp-json\/wp\/v2\/pwb-brand?post=36531"},{"taxonomy":"product_brand","embeddable":true,"href":"https:\/\/www.mexicanguitarplayers.com\/en\/wp-json\/wp\/v2\/product_brand?post=36531"},{"taxonomy":"product_cat","embeddable":true,"href":"https:\/\/www.mexicanguitarplayers.com\/en\/wp-json\/wp\/v2\/product_cat?post=36531"},{"taxonomy":"product_tag","embeddable":true,"href":"https:\/\/www.mexicanguitarplayers.com\/en\/wp-json\/wp\/v2\/product_tag?post=36531"}],"curies":[{"name":"wp","href":"https:\/\/api.w.org\/{rel}","templated":true}]}}