{"id":36545,"date":"2025-04-08T22:39:41","date_gmt":"2025-04-09T04:39:41","guid":{"rendered":"https:\/\/www.mexicanguitarplayers.com\/tienda\/sin categor\u00eda\/protector-para-diapason-p-guit-gibson-mn801\/"},"modified":"2026-05-01T07:20:17","modified_gmt":"2026-05-01T13:20:17","slug":"protector-para-diapason-p-guit-gibson-mn801","status":"publish","type":"product","link":"https:\/\/www.mexicanguitarplayers.com\/en\/tienda\/accesorios\/para-bateria\/cuidado-y-proteccion\/protector-para-diapason-p-guit-gibson-mn801\/","title":{"rendered":"PROTECTOR PARA DIAPAS\u00d3N P\/GUIT. GIBSON MN801"},"content":{"rendered":"<div style=\"text-align: justify\">\n<div>\n<h3>Fret Shield\u2122 Protector de diapas\u00f3n para escala de trastes de guitarra F-25.50&#8243;<\/h3>\n<\/div>\n<div>No hay nada como la tranquilidad mientras se ahorra tiempo y dinero. Fret Shield, pendiente de patente de MusicNomad, establece un nuevo est\u00e1ndar m\u00e1s alto para la protecci\u00f3n total del diapas\u00f3n al realizar trabajos de traste como pulido, nivelaci\u00f3n y coronaci\u00f3n. Di &#8220;NO&#8221; a la cinta azul con nuestro dise\u00f1o reutilizable que se aplica en segundos, protege completamente sin da\u00f1ar el diapas\u00f3n y dura cientos de trabajos en el traste. Nuestro acero inoxidable de alta calidad tiene el grosor perfecto de 0,008&#8243; (0,20 mm), utiliza un proceso de fabricaci\u00f3n de precisi\u00f3n sin rebabas y deja todos los bordes lisos y redondeados. Nuestros innovadores bordes desplegables formados permiten que las bandas de goma que incluimos sujeten el protector del traste en su lugar de forma segura y mantenga las bandas debajo de la superficie superior para evitar da\u00f1arlas durante el proceso de pulido. Los trastes Shields vienen en los tama\u00f1os de escala de trastes m\u00e1s populares e incluso incluyen un pr\u00e1ctico orificio para colgar. Ya sea que su diapas\u00f3n sea de arce acabado o de palisandro sin terminar con incrustaciones, su tabla le agradecer\u00e1 que la proteja. Esa es la calidad de MusicNomad: elevar el list\u00f3n en el cuidado de los equipos.<\/div>\n<div>\n<h4>Characteristics<\/h4>\n<\/div>\n<div>\n<ul style=\"margin: 0px 0px 0px 25px\">\n<li style=\"list-style-type: circle;margin: 5px\">Tama\u00f1os disponibles<\/li>\n<li style=\"list-style-type: circle;margin: 5px\">material<\/li>\n<\/ul>\n<\/div>\n<\/div>","protected":false},"excerpt":{"rendered":"<p>Fret Shield  brinda protecci\u00f3n total del diapas\u00f3n cuando realiza trabajos de traste como pulir, nivelar y coronar en una escala de trastes de guitarra de 25,5\u201d hasta 24 trastes. Dise\u00f1o de acero inoxidable de alta calidad, grosor perfecto de 0,008\u201d (0,20 mm), dise\u00f1o c\u00f3nico tiene tama\u00f1os de ranura que miden desde el primer traste 0,125\u201d (3,18 mm) de ancho x 2,075\u201d (52,715 mm) de largo hasta el \u00faltimo traste 0,125\u201d (3,18 mm) de ancho x 2,516\u201d (63,916 mm) de largo y se adapta a todos los tama\u00f1os de traste (desde estrecho a jumbo) que se encuentran en guitarras de 6 cuerdas, con bordes desplegables formados permiten que las bandas de goma que incluimos mantengan el Fret Shield en su lugar de forma segura y mantengan las bandas debajo de la superficie superior para evitar da\u00f1arlas durante el proceso de pulido.Rigurosamente probado y dise\u00f1ado para usarse con ruedas de pulido el\u00e9ctricas, almohadillas de pulido el\u00e9ctricas y otros sistemas de pulido.&hellip; <a class=\"kt-excerpt-readmore more-link\" href=\"https:\/\/www.mexicanguitarplayers.com\/en\/tienda\/accesorios\/para-bateria\/cuidado-y-proteccion\/protector-para-diapason-p-guit-gibson-mn801\/\">Read more<\/a><\/p>","protected":false},"featured_media":36542,"comment_status":"open","ping_status":"closed","template":"","meta":{"kt_blocks_editor_width":""},"pwb-brand":[622],"product_brand":[],"product_cat":[85,421,336],"product_tag":[],"class_list":{"0":"post-36545","1":"product","2":"type-product","3":"status-publish","4":"has-post-thumbnail","6":"pwb-brand-music-nomad","7":"product_cat-accesorios","8":"product_cat-cuidado-y-proteccion","9":"product_cat-para-guitarras","10":"product_shipping_class-0-5-kg","12":"first","13":"instock","14":"taxable","15":"shipping-taxable","16":"purchasable","17":"product-type-simple"},"yoast_head":"<!-- This site is optimized with the Yoast SEO plugin v27.5 - https:\/\/yoast.com\/product\/yoast-seo-wordpress\/ -->\n<title>PROTECTOR PARA DIAPAS\u00d3N P\/GUIT. GIBSON MN801 - Mexican Guitar Players<\/title>\n<meta name=\"description\" content=\"Fret Shield brinda protecci\u00f3n total del diapas\u00f3n cuando realiza trabajos de traste como pulir, nivelar y coronar en una escala de trastes de guitarra de 25,5\u201d hasta 24 trastes. Dise\u00f1o de acero inoxidable de alta calidad, grosor perfecto de 0,008\u201d (0,20 mm), dise\u00f1o c\u00f3nico tiene tama\u00f1os de ranura que miden desde el primer traste 0,125\u201d (3,18 mm) de ancho x 2,075\u201d (52,715 mm) de largo hasta el \u00faltimo traste 0,125\u201d (3,18 mm) de ancho x 2,516\u201d (63,916 mm) de largo y se adapta a todos los tama\u00f1os de traste (desde estrecho a jumbo) que se encuentran en guitarras de 6 cuerdas, con bordes desplegables formados permiten que las bandas de goma que incluimos mantengan el Fret Shield en su lugar de forma segura y mantengan las bandas debajo de la superficie superior para evitar da\u00f1arlas durante el proceso de pulido.Rigurosamente probado y dise\u00f1ado para usarse con ruedas de pulido el\u00e9ctricas, almohadillas de pulido el\u00e9ctricas y otros sistemas de pulido.\" \/>\n<meta name=\"robots\" content=\"index, follow, max-snippet:-1, max-image-preview:large, max-video-preview:-1\" \/>\n<link rel=\"canonical\" href=\"https:\/\/www.mexicanguitarplayers.com\/en\/tienda\/sin%20categor\u00eda\/protector-para-diapason-p-guit-gibson-mn801\/\" \/>\n<meta property=\"og:locale\" content=\"en_US\" \/>\n<meta property=\"og:type\" content=\"article\" \/>\n<meta property=\"og:title\" content=\"PROTECTOR PARA DIAPAS\u00d3N P\/GUIT. GIBSON MN801 - Mexican Guitar Players\" \/>\n<meta property=\"og:description\" content=\"Fret Shield brinda protecci\u00f3n total del diapas\u00f3n cuando realiza trabajos de traste como pulir, nivelar y coronar en una escala de trastes de guitarra de 25,5\u201d hasta 24 trastes. Dise\u00f1o de acero inoxidable de alta calidad, grosor perfecto de 0,008\u201d (0,20 mm), dise\u00f1o c\u00f3nico tiene tama\u00f1os de ranura que miden desde el primer traste 0,125\u201d (3,18 mm) de ancho x 2,075\u201d (52,715 mm) de largo hasta el \u00faltimo traste 0,125\u201d (3,18 mm) de ancho x 2,516\u201d (63,916 mm) de largo y se adapta a todos los tama\u00f1os de traste (desde estrecho a jumbo) que se encuentran en guitarras de 6 cuerdas, con bordes desplegables formados permiten que las bandas de goma que incluimos mantengan el Fret Shield en su lugar de forma segura y mantengan las bandas debajo de la superficie superior para evitar da\u00f1arlas durante el proceso de pulido.Rigurosamente probado y dise\u00f1ado para usarse con ruedas de pulido el\u00e9ctricas, almohadillas de pulido el\u00e9ctricas y otros sistemas de pulido.\" \/>\n<meta property=\"og:url\" content=\"https:\/\/www.mexicanguitarplayers.com\/en\/tienda\/sin categor\u00eda\/protector-para-diapason-p-guit-gibson-mn801\/\" \/>\n<meta property=\"og:site_name\" content=\"Mexican Guitar Players\" \/>\n<meta property=\"article:modified_time\" content=\"2026-05-01T13:20:17+00:00\" \/>\n<meta name=\"twitter:card\" content=\"summary_large_image\" \/>\n<meta name=\"twitter:label1\" content=\"Est. reading time\" \/>\n\t<meta name=\"twitter:data1\" content=\"1 minute\" \/>\n<script type=\"application\/ld+json\" class=\"yoast-schema-graph\">{\"@context\":\"https:\\\/\\\/schema.org\",\"@graph\":[{\"@type\":[\"WebPage\",\"ItemPage\"],\"@id\":\"https:\\\/\\\/www.mexicanguitarplayers.com\\\/tienda\\\/sin categor\u00eda\\\/protector-para-diapason-p-guit-gibson-mn801\\\/\",\"url\":\"https:\\\/\\\/www.mexicanguitarplayers.com\\\/tienda\\\/sin categor\u00eda\\\/protector-para-diapason-p-guit-gibson-mn801\\\/\",\"name\":\"PROTECTOR PARA DIAPAS\u00d3N P\\\/GUIT. GIBSON MN801 - Mexican Guitar Players\",\"isPartOf\":{\"@id\":\"https:\\\/\\\/www.mexicanguitarplayers.com\\\/#website\"},\"primaryImageOfPage\":{\"@id\":\"https:\\\/\\\/www.mexicanguitarplayers.com\\\/tienda\\\/sin categor\u00eda\\\/protector-para-diapason-p-guit-gibson-mn801\\\/#primaryimage\"},\"image\":{\"@id\":\"https:\\\/\\\/www.mexicanguitarplayers.com\\\/tienda\\\/sin categor\u00eda\\\/protector-para-diapason-p-guit-gibson-mn801\\\/#primaryimage\"},\"thumbnailUrl\":\"https:\\\/\\\/www.mexicanguitarplayers.com\\\/wp-content\\\/uploads\\\/2025\\\/04\\\/RAMNDMN801.jpg\",\"datePublished\":\"2025-04-09T04:39:41+00:00\",\"dateModified\":\"2026-05-01T13:20:17+00:00\",\"description\":\"Fret Shield brinda protecci\u00f3n total del diapas\u00f3n cuando realiza trabajos de traste como pulir, nivelar y coronar en una escala de trastes de guitarra de 25,5\u201d hasta 24 trastes. Dise\u00f1o de acero inoxidable de alta calidad, grosor perfecto de 0,008\u201d (0,20 mm), dise\u00f1o c\u00f3nico tiene tama\u00f1os de ranura que miden desde el primer traste 0,125\u201d (3,18 mm) de ancho x 2,075\u201d (52,715 mm) de largo hasta el \u00faltimo traste 0,125\u201d (3,18 mm) de ancho x 2,516\u201d (63,916 mm) de largo y se adapta a todos los tama\u00f1os de traste (desde estrecho a jumbo) que se encuentran en guitarras de 6 cuerdas, con bordes desplegables formados permiten que las bandas de goma que incluimos mantengan el Fret Shield en su lugar de forma segura y mantengan las bandas debajo de la superficie superior para evitar da\u00f1arlas durante el proceso de pulido.Rigurosamente probado y dise\u00f1ado para usarse con ruedas de pulido el\u00e9ctricas, almohadillas de pulido el\u00e9ctricas y otros sistemas de pulido.\",\"breadcrumb\":{\"@id\":\"https:\\\/\\\/www.mexicanguitarplayers.com\\\/tienda\\\/sin categor\u00eda\\\/protector-para-diapason-p-guit-gibson-mn801\\\/#breadcrumb\"},\"inLanguage\":\"en-US\",\"potentialAction\":[{\"@type\":\"ReadAction\",\"target\":[\"https:\\\/\\\/www.mexicanguitarplayers.com\\\/tienda\\\/sin categor\u00eda\\\/protector-para-diapason-p-guit-gibson-mn801\\\/\"]}]},{\"@type\":\"ImageObject\",\"inLanguage\":\"en-US\",\"@id\":\"https:\\\/\\\/www.mexicanguitarplayers.com\\\/tienda\\\/sin categor\u00eda\\\/protector-para-diapason-p-guit-gibson-mn801\\\/#primaryimage\",\"url\":\"https:\\\/\\\/www.mexicanguitarplayers.com\\\/wp-content\\\/uploads\\\/2025\\\/04\\\/RAMNDMN801.jpg\",\"contentUrl\":\"https:\\\/\\\/www.mexicanguitarplayers.com\\\/wp-content\\\/uploads\\\/2025\\\/04\\\/RAMNDMN801.jpg\",\"width\":800,\"height\":1600},{\"@type\":\"BreadcrumbList\",\"@id\":\"https:\\\/\\\/www.mexicanguitarplayers.com\\\/tienda\\\/sin categor\u00eda\\\/protector-para-diapason-p-guit-gibson-mn801\\\/#breadcrumb\",\"itemListElement\":[{\"@type\":\"ListItem\",\"position\":1,\"name\":\"Portada\",\"item\":\"https:\\\/\\\/www.mexicanguitarplayers.com\\\/\"},{\"@type\":\"ListItem\",\"position\":2,\"name\":\"Tienda\",\"item\":\"https:\\\/\\\/www.mexicanguitarplayers.com\\\/tienda\\\/\"},{\"@type\":\"ListItem\",\"position\":3,\"name\":\"PROTECTOR PARA DIAPAS\u00d3N P\\\/GUIT. GIBSON MN801\"}]},{\"@type\":\"WebSite\",\"@id\":\"https:\\\/\\\/www.mexicanguitarplayers.com\\\/#website\",\"url\":\"https:\\\/\\\/www.mexicanguitarplayers.com\\\/\",\"name\":\"Mexican Guitar Players\",\"description\":\"Website\",\"publisher\":{\"@id\":\"https:\\\/\\\/www.mexicanguitarplayers.com\\\/#organization\"},\"potentialAction\":[{\"@type\":\"SearchAction\",\"target\":{\"@type\":\"EntryPoint\",\"urlTemplate\":\"https:\\\/\\\/www.mexicanguitarplayers.com\\\/?s={search_term_string}\"},\"query-input\":{\"@type\":\"PropertyValueSpecification\",\"valueRequired\":true,\"valueName\":\"search_term_string\"}}],\"inLanguage\":\"en-US\"},{\"@type\":\"Organization\",\"@id\":\"https:\\\/\\\/www.mexicanguitarplayers.com\\\/#organization\",\"name\":\"Mexican Guitar Players\",\"url\":\"https:\\\/\\\/www.mexicanguitarplayers.com\\\/\",\"logo\":{\"@type\":\"ImageObject\",\"inLanguage\":\"en-US\",\"@id\":\"https:\\\/\\\/www.mexicanguitarplayers.com\\\/#\\\/schema\\\/logo\\\/image\\\/\",\"url\":\"\",\"contentUrl\":\"\",\"caption\":\"Mexican Guitar Players\"},\"image\":{\"@id\":\"https:\\\/\\\/www.mexicanguitarplayers.com\\\/#\\\/schema\\\/logo\\\/image\\\/\"}}]}<\/script>\n<!-- \/ Yoast SEO plugin. -->","yoast_head_json":{"title":"PROTECTOR PARA DIAPAS\u00d3N P\/GUIT. GIBSON MN801 - Mexican Guitar Players","description":"Fret Shield brinda protecci\u00f3n total del diapas\u00f3n cuando realiza trabajos de traste como pulir, nivelar y coronar en una escala de trastes de guitarra de 25,5\u201d hasta 24 trastes. Dise\u00f1o de acero inoxidable de alta calidad, grosor perfecto de 0,008\u201d (0,20 mm), dise\u00f1o c\u00f3nico tiene tama\u00f1os de ranura que miden desde el primer traste 0,125\u201d (3,18 mm) de ancho x 2,075\u201d (52,715 mm) de largo hasta el \u00faltimo traste 0,125\u201d (3,18 mm) de ancho x 2,516\u201d (63,916 mm) de largo y se adapta a todos los tama\u00f1os de traste (desde estrecho a jumbo) que se encuentran en guitarras de 6 cuerdas, con bordes desplegables formados permiten que las bandas de goma que incluimos mantengan el Fret Shield en su lugar de forma segura y mantengan las bandas debajo de la superficie superior para evitar da\u00f1arlas durante el proceso de pulido.Rigurosamente probado y dise\u00f1ado para usarse con ruedas de pulido el\u00e9ctricas, almohadillas de pulido el\u00e9ctricas y otros sistemas de pulido.","robots":{"index":"index","follow":"follow","max-snippet":"max-snippet:-1","max-image-preview":"max-image-preview:large","max-video-preview":"max-video-preview:-1"},"canonical":"https:\/\/www.mexicanguitarplayers.com\/en\/tienda\/sin categor\u00eda\/protector-para-diapason-p-guit-gibson-mn801\/","og_locale":"en_US","og_type":"article","og_title":"PROTECTOR PARA DIAPAS\u00d3N P\/GUIT. GIBSON MN801 - Mexican Guitar Players","og_description":"Fret Shield brinda protecci\u00f3n total del diapas\u00f3n cuando realiza trabajos de traste como pulir, nivelar y coronar en una escala de trastes de guitarra de 25,5\u201d hasta 24 trastes. Dise\u00f1o de acero inoxidable de alta calidad, grosor perfecto de 0,008\u201d (0,20 mm), dise\u00f1o c\u00f3nico tiene tama\u00f1os de ranura que miden desde el primer traste 0,125\u201d (3,18 mm) de ancho x 2,075\u201d (52,715 mm) de largo hasta el \u00faltimo traste 0,125\u201d (3,18 mm) de ancho x 2,516\u201d (63,916 mm) de largo y se adapta a todos los tama\u00f1os de traste (desde estrecho a jumbo) que se encuentran en guitarras de 6 cuerdas, con bordes desplegables formados permiten que las bandas de goma que incluimos mantengan el Fret Shield en su lugar de forma segura y mantengan las bandas debajo de la superficie superior para evitar da\u00f1arlas durante el proceso de pulido.Rigurosamente probado y dise\u00f1ado para usarse con ruedas de pulido el\u00e9ctricas, almohadillas de pulido el\u00e9ctricas y otros sistemas de pulido.","og_url":"https:\/\/www.mexicanguitarplayers.com\/en\/tienda\/sin categor\u00eda\/protector-para-diapason-p-guit-gibson-mn801\/","og_site_name":"Mexican Guitar Players","article_modified_time":"2026-05-01T13:20:17+00:00","twitter_card":"summary_large_image","twitter_misc":{"Est. reading time":"1 minute"},"schema":{"@context":"https:\/\/schema.org","@graph":[{"@type":["WebPage","ItemPage"],"@id":"https:\/\/www.mexicanguitarplayers.com\/tienda\/sin categor\u00eda\/protector-para-diapason-p-guit-gibson-mn801\/","url":"https:\/\/www.mexicanguitarplayers.com\/tienda\/sin categor\u00eda\/protector-para-diapason-p-guit-gibson-mn801\/","name":"PROTECTOR PARA DIAPAS\u00d3N P\/GUIT. GIBSON MN801 - Mexican Guitar Players","isPartOf":{"@id":"https:\/\/www.mexicanguitarplayers.com\/#website"},"primaryImageOfPage":{"@id":"https:\/\/www.mexicanguitarplayers.com\/tienda\/sin categor\u00eda\/protector-para-diapason-p-guit-gibson-mn801\/#primaryimage"},"image":{"@id":"https:\/\/www.mexicanguitarplayers.com\/tienda\/sin categor\u00eda\/protector-para-diapason-p-guit-gibson-mn801\/#primaryimage"},"thumbnailUrl":"https:\/\/www.mexicanguitarplayers.com\/wp-content\/uploads\/2025\/04\/RAMNDMN801.jpg","datePublished":"2025-04-09T04:39:41+00:00","dateModified":"2026-05-01T13:20:17+00:00","description":"Fret Shield brinda protecci\u00f3n total del diapas\u00f3n cuando realiza trabajos de traste como pulir, nivelar y coronar en una escala de trastes de guitarra de 25,5\u201d hasta 24 trastes. Dise\u00f1o de acero inoxidable de alta calidad, grosor perfecto de 0,008\u201d (0,20 mm), dise\u00f1o c\u00f3nico tiene tama\u00f1os de ranura que miden desde el primer traste 0,125\u201d (3,18 mm) de ancho x 2,075\u201d (52,715 mm) de largo hasta el \u00faltimo traste 0,125\u201d (3,18 mm) de ancho x 2,516\u201d (63,916 mm) de largo y se adapta a todos los tama\u00f1os de traste (desde estrecho a jumbo) que se encuentran en guitarras de 6 cuerdas, con bordes desplegables formados permiten que las bandas de goma que incluimos mantengan el Fret Shield en su lugar de forma segura y mantengan las bandas debajo de la superficie superior para evitar da\u00f1arlas durante el proceso de pulido.Rigurosamente probado y dise\u00f1ado para usarse con ruedas de pulido el\u00e9ctricas, almohadillas de pulido el\u00e9ctricas y otros sistemas de pulido.","breadcrumb":{"@id":"https:\/\/www.mexicanguitarplayers.com\/tienda\/sin categor\u00eda\/protector-para-diapason-p-guit-gibson-mn801\/#breadcrumb"},"inLanguage":"en-US","potentialAction":[{"@type":"ReadAction","target":["https:\/\/www.mexicanguitarplayers.com\/tienda\/sin categor\u00eda\/protector-para-diapason-p-guit-gibson-mn801\/"]}]},{"@type":"ImageObject","inLanguage":"en-US","@id":"https:\/\/www.mexicanguitarplayers.com\/tienda\/sin categor\u00eda\/protector-para-diapason-p-guit-gibson-mn801\/#primaryimage","url":"https:\/\/www.mexicanguitarplayers.com\/wp-content\/uploads\/2025\/04\/RAMNDMN801.jpg","contentUrl":"https:\/\/www.mexicanguitarplayers.com\/wp-content\/uploads\/2025\/04\/RAMNDMN801.jpg","width":800,"height":1600},{"@type":"BreadcrumbList","@id":"https:\/\/www.mexicanguitarplayers.com\/tienda\/sin categor\u00eda\/protector-para-diapason-p-guit-gibson-mn801\/#breadcrumb","itemListElement":[{"@type":"ListItem","position":1,"name":"Portada","item":"https:\/\/www.mexicanguitarplayers.com\/"},{"@type":"ListItem","position":2,"name":"Tienda","item":"https:\/\/www.mexicanguitarplayers.com\/tienda\/"},{"@type":"ListItem","position":3,"name":"PROTECTOR PARA DIAPAS\u00d3N P\/GUIT. GIBSON MN801"}]},{"@type":"WebSite","@id":"https:\/\/www.mexicanguitarplayers.com\/#website","url":"https:\/\/www.mexicanguitarplayers.com\/","name":"Mexican Guitar Players","description":"Website","publisher":{"@id":"https:\/\/www.mexicanguitarplayers.com\/#organization"},"potentialAction":[{"@type":"SearchAction","target":{"@type":"EntryPoint","urlTemplate":"https:\/\/www.mexicanguitarplayers.com\/?s={search_term_string}"},"query-input":{"@type":"PropertyValueSpecification","valueRequired":true,"valueName":"search_term_string"}}],"inLanguage":"en-US"},{"@type":"Organization","@id":"https:\/\/www.mexicanguitarplayers.com\/#organization","name":"Mexican Guitar Players","url":"https:\/\/www.mexicanguitarplayers.com\/","logo":{"@type":"ImageObject","inLanguage":"en-US","@id":"https:\/\/www.mexicanguitarplayers.com\/#\/schema\/logo\/image\/","url":"","contentUrl":"","caption":"Mexican Guitar Players"},"image":{"@id":"https:\/\/www.mexicanguitarplayers.com\/#\/schema\/logo\/image\/"}}]}},"brands":[{"id":622,"name":"MUSIC NOMAD","slug":"music-nomad"}],"_links":{"self":[{"href":"https:\/\/www.mexicanguitarplayers.com\/en\/wp-json\/wp\/v2\/product\/36545","targetHints":{"allow":["GET"]}}],"collection":[{"href":"https:\/\/www.mexicanguitarplayers.com\/en\/wp-json\/wp\/v2\/product"}],"about":[{"href":"https:\/\/www.mexicanguitarplayers.com\/en\/wp-json\/wp\/v2\/types\/product"}],"replies":[{"embeddable":true,"href":"https:\/\/www.mexicanguitarplayers.com\/en\/wp-json\/wp\/v2\/comments?post=36545"}],"wp:featuredmedia":[{"embeddable":true,"href":"https:\/\/www.mexicanguitarplayers.com\/en\/wp-json\/wp\/v2\/media\/36542"}],"wp:attachment":[{"href":"https:\/\/www.mexicanguitarplayers.com\/en\/wp-json\/wp\/v2\/media?parent=36545"}],"wp:term":[{"taxonomy":"pwb-brand","embeddable":true,"href":"https:\/\/www.mexicanguitarplayers.com\/en\/wp-json\/wp\/v2\/pwb-brand?post=36545"},{"taxonomy":"product_brand","embeddable":true,"href":"https:\/\/www.mexicanguitarplayers.com\/en\/wp-json\/wp\/v2\/product_brand?post=36545"},{"taxonomy":"product_cat","embeddable":true,"href":"https:\/\/www.mexicanguitarplayers.com\/en\/wp-json\/wp\/v2\/product_cat?post=36545"},{"taxonomy":"product_tag","embeddable":true,"href":"https:\/\/www.mexicanguitarplayers.com\/en\/wp-json\/wp\/v2\/product_tag?post=36545"}],"curies":[{"name":"wp","href":"https:\/\/api.w.org\/{rel}","templated":true}]}}