{"id":36586,"date":"2025-04-08T22:40:31","date_gmt":"2025-04-09T04:40:31","guid":{"rendered":"https:\/\/www.mexicanguitarplayers.com\/tienda\/sin categor\u00eda\/estuche-skb-p-rifle-tactico-2r5212-7b\/"},"modified":"2026-04-10T04:26:15","modified_gmt":"2026-04-10T10:26:15","slug":"estuche-skb-p-rifle-tactico-2r5212-7b","status":"publish","type":"product","link":"https:\/\/www.mexicanguitarplayers.com\/en\/tienda\/accesorios\/estuches-y-fundas\/cases\/estuche-skb-p-rifle-tactico-2r5212-7b\/","title":{"rendered":"ESTUCHE SKB P\/RIFLE TACTICO 2R5212-7B"},"content":{"rendered":"<div style=\"text-align: justify\">\n<div>\n<h3>Protecci\u00f3n a toda prueba.<\/h3>\n<\/div>\n<div>Este estuche de uso militar fue dise\u00f1ado para cumplir con las especificaciones militares m\u00e1s exigentes, est\u00e1 roto moldeado para ofrecer una mayor resistencia y durabilidad, herm\u00e9tico e impermeable con cerraduras y bisagras de acero inoxidable s\u00f3lido que soportan las condiciones m\u00e1s exigentes de transporte. Estuche moldeado de polietileno  resistente a los impactos y a los rayos ultravioleta (LLDEP) cumplen o exceden las especificaciones MIL-STD 810 y MIL-C-4150J. El interior del estuche cuenta con doble capa de espuma mientras que el exterior viene con cierres de bloqueo TSA, una c\u00f3moda asa de remolque y robustas ruedas industriales como equipo est\u00e1ndar.<\/div>\n<div>\n<h4>Characteristics<\/h4>\n<\/div>\n<div>\n<ul style=\"margin: 0px 0px 0px 25px\">\n<li style=\"list-style-type: circle;margin: 5px\">Doble capa de espuma para mayor protecci\u00f3n.<\/li>\n<li style=\"list-style-type: circle;margin: 5px\">Robustas ruedas industriales.<\/li>\n<li style=\"list-style-type: circle;margin: 5px\">C\u00f3moda asa de remolque sobre moldeada.<\/li>\n<li style=\"list-style-type: circle;margin: 5px\">Dise\u00f1o herm\u00e9tico impermeable y protecci\u00f3n contra polvo (MIL-C-4150J).<\/li>\n<li style=\"list-style-type: circle;margin: 5px\">Polietileno de alto impacto (LLDPE) resistente a UV, corrosi\u00f3n y hongos (MIL-STD-810F).<\/li>\n<li style=\"list-style-type: circle;margin: 5px\">V\u00e1lvulas de alivio presi\u00f3n \/ respiradero.<\/li>\n<li style=\"list-style-type: circle;margin: 5px\">Resistente a da\u00f1os por impacto (MIL-STD-810F).<\/li>\n<li style=\"list-style-type: circle;margin: 5px\">Cerraduras TSA reconocidas y aceptadas.<\/li>\n<li style=\"list-style-type: circle;margin: 5px\">Clasificaci\u00f3n ATA.<\/li>\n<\/ul>\n<\/div>\n<\/div>","protected":false},"excerpt":{"rendered":"<p>Estuche SKB para rifle t\u00e1ctico, doble capa de espuma, ruedas industriales, asa de remolque sobre moldeada, dise\u00f1o herm\u00e9tico impermeable y protecci\u00f3n contra polvo, polietileno de alto impacto (LLDPE) resistente a los rayos ultravioleta, corrosi\u00f3n y hongos, v\u00e1lvulas de alivio presi\u00f3n \/ respiradero, resistente a da\u00f1os por impacto, cerraduras TSA reconocidas y aceptadas, clasificaci\u00f3n ATA.&hellip; <a class=\"kt-excerpt-readmore more-link\" href=\"https:\/\/www.mexicanguitarplayers.com\/en\/tienda\/accesorios\/estuches-y-fundas\/cases\/estuche-skb-p-rifle-tactico-2r5212-7b\/\">Read more<\/a><\/p>","protected":false},"featured_media":36584,"comment_status":"open","ping_status":"closed","template":"","meta":{"kt_blocks_editor_width":""},"pwb-brand":[609],"product_brand":[],"product_cat":[85,564,517],"product_tag":[],"class_list":{"0":"post-36586","1":"product","2":"type-product","3":"status-publish","4":"has-post-thumbnail","6":"pwb-brand-skb","7":"product_cat-accesorios","8":"product_cat-cases","9":"product_cat-estuches-y-fundas","10":"product_shipping_class-0-5-kg","12":"first","13":"outofstock","14":"taxable","15":"shipping-taxable","16":"purchasable","17":"product-type-simple"},"yoast_head":"<!-- This site is optimized with the Yoast SEO plugin v27.5 - https:\/\/yoast.com\/product\/yoast-seo-wordpress\/ -->\n<title>ESTUCHE SKB P\/RIFLE TACTICO 2R5212-7B - Mexican Guitar Players<\/title>\n<meta name=\"description\" content=\"Estuche SKB para rifle t\u00e1ctico, doble capa de espuma, ruedas industriales, asa de remolque sobre moldeada, dise\u00f1o herm\u00e9tico impermeable y protecci\u00f3n contra polvo, polietileno de alto impacto (LLDPE) resistente a los rayos ultravioleta, corrosi\u00f3n y hongos, v\u00e1lvulas de alivio presi\u00f3n \/ respiradero, resistente a da\u00f1os por impacto, cerraduras TSA reconocidas y aceptadas, clasificaci\u00f3n ATA.\" \/>\n<meta name=\"robots\" content=\"index, follow, max-snippet:-1, max-image-preview:large, max-video-preview:-1\" \/>\n<link rel=\"canonical\" href=\"https:\/\/www.mexicanguitarplayers.com\/en\/tienda\/sin%20categor\u00eda\/estuche-skb-p-rifle-tactico-2r5212-7b\/\" \/>\n<meta property=\"og:locale\" content=\"en_US\" \/>\n<meta property=\"og:type\" content=\"article\" \/>\n<meta property=\"og:title\" content=\"ESTUCHE SKB P\/RIFLE TACTICO 2R5212-7B - Mexican Guitar Players\" \/>\n<meta property=\"og:description\" content=\"Estuche SKB para rifle t\u00e1ctico, doble capa de espuma, ruedas industriales, asa de remolque sobre moldeada, dise\u00f1o herm\u00e9tico impermeable y protecci\u00f3n contra polvo, polietileno de alto impacto (LLDPE) resistente a los rayos ultravioleta, corrosi\u00f3n y hongos, v\u00e1lvulas de alivio presi\u00f3n \/ respiradero, resistente a da\u00f1os por impacto, cerraduras TSA reconocidas y aceptadas, clasificaci\u00f3n ATA.\" \/>\n<meta property=\"og:url\" content=\"https:\/\/www.mexicanguitarplayers.com\/en\/tienda\/sin categor\u00eda\/estuche-skb-p-rifle-tactico-2r5212-7b\/\" \/>\n<meta property=\"og:site_name\" content=\"Mexican Guitar Players\" \/>\n<meta property=\"article:modified_time\" content=\"2026-04-10T10:26:15+00:00\" \/>\n<meta name=\"twitter:card\" content=\"summary_large_image\" \/>\n<meta name=\"twitter:label1\" content=\"Est. reading time\" \/>\n\t<meta name=\"twitter:data1\" content=\"1 minute\" \/>\n<script type=\"application\/ld+json\" class=\"yoast-schema-graph\">{\"@context\":\"https:\\\/\\\/schema.org\",\"@graph\":[{\"@type\":[\"WebPage\",\"ItemPage\"],\"@id\":\"https:\\\/\\\/www.mexicanguitarplayers.com\\\/tienda\\\/sin categor\u00eda\\\/estuche-skb-p-rifle-tactico-2r5212-7b\\\/\",\"url\":\"https:\\\/\\\/www.mexicanguitarplayers.com\\\/tienda\\\/sin categor\u00eda\\\/estuche-skb-p-rifle-tactico-2r5212-7b\\\/\",\"name\":\"ESTUCHE SKB P\\\/RIFLE TACTICO 2R5212-7B - Mexican Guitar Players\",\"isPartOf\":{\"@id\":\"https:\\\/\\\/www.mexicanguitarplayers.com\\\/#website\"},\"primaryImageOfPage\":{\"@id\":\"https:\\\/\\\/www.mexicanguitarplayers.com\\\/tienda\\\/sin categor\u00eda\\\/estuche-skb-p-rifle-tactico-2r5212-7b\\\/#primaryimage\"},\"image\":{\"@id\":\"https:\\\/\\\/www.mexicanguitarplayers.com\\\/tienda\\\/sin categor\u00eda\\\/estuche-skb-p-rifle-tactico-2r5212-7b\\\/#primaryimage\"},\"thumbnailUrl\":\"https:\\\/\\\/www.mexicanguitarplayers.com\\\/wp-content\\\/uploads\\\/2025\\\/04\\\/VASKB2R52127B.jpg\",\"datePublished\":\"2025-04-09T04:40:31+00:00\",\"dateModified\":\"2026-04-10T10:26:15+00:00\",\"description\":\"Estuche SKB para rifle t\u00e1ctico, doble capa de espuma, ruedas industriales, asa de remolque sobre moldeada, dise\u00f1o herm\u00e9tico impermeable y protecci\u00f3n contra polvo, polietileno de alto impacto (LLDPE) resistente a los rayos ultravioleta, corrosi\u00f3n y hongos, v\u00e1lvulas de alivio presi\u00f3n \\\/ respiradero, resistente a da\u00f1os por impacto, cerraduras TSA reconocidas y aceptadas, clasificaci\u00f3n ATA.\",\"breadcrumb\":{\"@id\":\"https:\\\/\\\/www.mexicanguitarplayers.com\\\/tienda\\\/sin categor\u00eda\\\/estuche-skb-p-rifle-tactico-2r5212-7b\\\/#breadcrumb\"},\"inLanguage\":\"en-US\",\"potentialAction\":[{\"@type\":\"ReadAction\",\"target\":[\"https:\\\/\\\/www.mexicanguitarplayers.com\\\/tienda\\\/sin categor\u00eda\\\/estuche-skb-p-rifle-tactico-2r5212-7b\\\/\"]}]},{\"@type\":\"ImageObject\",\"inLanguage\":\"en-US\",\"@id\":\"https:\\\/\\\/www.mexicanguitarplayers.com\\\/tienda\\\/sin categor\u00eda\\\/estuche-skb-p-rifle-tactico-2r5212-7b\\\/#primaryimage\",\"url\":\"https:\\\/\\\/www.mexicanguitarplayers.com\\\/wp-content\\\/uploads\\\/2025\\\/04\\\/VASKB2R52127B.jpg\",\"contentUrl\":\"https:\\\/\\\/www.mexicanguitarplayers.com\\\/wp-content\\\/uploads\\\/2025\\\/04\\\/VASKB2R52127B.jpg\",\"width\":1200,\"height\":1200},{\"@type\":\"BreadcrumbList\",\"@id\":\"https:\\\/\\\/www.mexicanguitarplayers.com\\\/tienda\\\/sin categor\u00eda\\\/estuche-skb-p-rifle-tactico-2r5212-7b\\\/#breadcrumb\",\"itemListElement\":[{\"@type\":\"ListItem\",\"position\":1,\"name\":\"Portada\",\"item\":\"https:\\\/\\\/www.mexicanguitarplayers.com\\\/\"},{\"@type\":\"ListItem\",\"position\":2,\"name\":\"Tienda\",\"item\":\"https:\\\/\\\/www.mexicanguitarplayers.com\\\/tienda\\\/\"},{\"@type\":\"ListItem\",\"position\":3,\"name\":\"ESTUCHE SKB P\\\/RIFLE TACTICO 2R5212-7B\"}]},{\"@type\":\"WebSite\",\"@id\":\"https:\\\/\\\/www.mexicanguitarplayers.com\\\/#website\",\"url\":\"https:\\\/\\\/www.mexicanguitarplayers.com\\\/\",\"name\":\"Mexican Guitar Players\",\"description\":\"Website\",\"publisher\":{\"@id\":\"https:\\\/\\\/www.mexicanguitarplayers.com\\\/#organization\"},\"potentialAction\":[{\"@type\":\"SearchAction\",\"target\":{\"@type\":\"EntryPoint\",\"urlTemplate\":\"https:\\\/\\\/www.mexicanguitarplayers.com\\\/?s={search_term_string}\"},\"query-input\":{\"@type\":\"PropertyValueSpecification\",\"valueRequired\":true,\"valueName\":\"search_term_string\"}}],\"inLanguage\":\"en-US\"},{\"@type\":\"Organization\",\"@id\":\"https:\\\/\\\/www.mexicanguitarplayers.com\\\/#organization\",\"name\":\"Mexican Guitar Players\",\"url\":\"https:\\\/\\\/www.mexicanguitarplayers.com\\\/\",\"logo\":{\"@type\":\"ImageObject\",\"inLanguage\":\"en-US\",\"@id\":\"https:\\\/\\\/www.mexicanguitarplayers.com\\\/#\\\/schema\\\/logo\\\/image\\\/\",\"url\":\"\",\"contentUrl\":\"\",\"caption\":\"Mexican Guitar Players\"},\"image\":{\"@id\":\"https:\\\/\\\/www.mexicanguitarplayers.com\\\/#\\\/schema\\\/logo\\\/image\\\/\"}}]}<\/script>\n<!-- \/ Yoast SEO plugin. -->","yoast_head_json":{"title":"ESTUCHE SKB P\/RIFLE TACTICO 2R5212-7B - Mexican Guitar Players","description":"Estuche SKB para rifle t\u00e1ctico, doble capa de espuma, ruedas industriales, asa de remolque sobre moldeada, dise\u00f1o herm\u00e9tico impermeable y protecci\u00f3n contra polvo, polietileno de alto impacto (LLDPE) resistente a los rayos ultravioleta, corrosi\u00f3n y hongos, v\u00e1lvulas de alivio presi\u00f3n \/ respiradero, resistente a da\u00f1os por impacto, cerraduras TSA reconocidas y aceptadas, clasificaci\u00f3n ATA.","robots":{"index":"index","follow":"follow","max-snippet":"max-snippet:-1","max-image-preview":"max-image-preview:large","max-video-preview":"max-video-preview:-1"},"canonical":"https:\/\/www.mexicanguitarplayers.com\/en\/tienda\/sin categor\u00eda\/estuche-skb-p-rifle-tactico-2r5212-7b\/","og_locale":"en_US","og_type":"article","og_title":"ESTUCHE SKB P\/RIFLE TACTICO 2R5212-7B - Mexican Guitar Players","og_description":"Estuche SKB para rifle t\u00e1ctico, doble capa de espuma, ruedas industriales, asa de remolque sobre moldeada, dise\u00f1o herm\u00e9tico impermeable y protecci\u00f3n contra polvo, polietileno de alto impacto (LLDPE) resistente a los rayos ultravioleta, corrosi\u00f3n y hongos, v\u00e1lvulas de alivio presi\u00f3n \/ respiradero, resistente a da\u00f1os por impacto, cerraduras TSA reconocidas y aceptadas, clasificaci\u00f3n ATA.","og_url":"https:\/\/www.mexicanguitarplayers.com\/en\/tienda\/sin categor\u00eda\/estuche-skb-p-rifle-tactico-2r5212-7b\/","og_site_name":"Mexican Guitar Players","article_modified_time":"2026-04-10T10:26:15+00:00","twitter_card":"summary_large_image","twitter_misc":{"Est. reading time":"1 minute"},"schema":{"@context":"https:\/\/schema.org","@graph":[{"@type":["WebPage","ItemPage"],"@id":"https:\/\/www.mexicanguitarplayers.com\/tienda\/sin categor\u00eda\/estuche-skb-p-rifle-tactico-2r5212-7b\/","url":"https:\/\/www.mexicanguitarplayers.com\/tienda\/sin categor\u00eda\/estuche-skb-p-rifle-tactico-2r5212-7b\/","name":"ESTUCHE SKB P\/RIFLE TACTICO 2R5212-7B - Mexican Guitar Players","isPartOf":{"@id":"https:\/\/www.mexicanguitarplayers.com\/#website"},"primaryImageOfPage":{"@id":"https:\/\/www.mexicanguitarplayers.com\/tienda\/sin categor\u00eda\/estuche-skb-p-rifle-tactico-2r5212-7b\/#primaryimage"},"image":{"@id":"https:\/\/www.mexicanguitarplayers.com\/tienda\/sin categor\u00eda\/estuche-skb-p-rifle-tactico-2r5212-7b\/#primaryimage"},"thumbnailUrl":"https:\/\/www.mexicanguitarplayers.com\/wp-content\/uploads\/2025\/04\/VASKB2R52127B.jpg","datePublished":"2025-04-09T04:40:31+00:00","dateModified":"2026-04-10T10:26:15+00:00","description":"Estuche SKB para rifle t\u00e1ctico, doble capa de espuma, ruedas industriales, asa de remolque sobre moldeada, dise\u00f1o herm\u00e9tico impermeable y protecci\u00f3n contra polvo, polietileno de alto impacto (LLDPE) resistente a los rayos ultravioleta, corrosi\u00f3n y hongos, v\u00e1lvulas de alivio presi\u00f3n \/ respiradero, resistente a da\u00f1os por impacto, cerraduras TSA reconocidas y aceptadas, clasificaci\u00f3n ATA.","breadcrumb":{"@id":"https:\/\/www.mexicanguitarplayers.com\/tienda\/sin categor\u00eda\/estuche-skb-p-rifle-tactico-2r5212-7b\/#breadcrumb"},"inLanguage":"en-US","potentialAction":[{"@type":"ReadAction","target":["https:\/\/www.mexicanguitarplayers.com\/tienda\/sin categor\u00eda\/estuche-skb-p-rifle-tactico-2r5212-7b\/"]}]},{"@type":"ImageObject","inLanguage":"en-US","@id":"https:\/\/www.mexicanguitarplayers.com\/tienda\/sin categor\u00eda\/estuche-skb-p-rifle-tactico-2r5212-7b\/#primaryimage","url":"https:\/\/www.mexicanguitarplayers.com\/wp-content\/uploads\/2025\/04\/VASKB2R52127B.jpg","contentUrl":"https:\/\/www.mexicanguitarplayers.com\/wp-content\/uploads\/2025\/04\/VASKB2R52127B.jpg","width":1200,"height":1200},{"@type":"BreadcrumbList","@id":"https:\/\/www.mexicanguitarplayers.com\/tienda\/sin categor\u00eda\/estuche-skb-p-rifle-tactico-2r5212-7b\/#breadcrumb","itemListElement":[{"@type":"ListItem","position":1,"name":"Portada","item":"https:\/\/www.mexicanguitarplayers.com\/"},{"@type":"ListItem","position":2,"name":"Tienda","item":"https:\/\/www.mexicanguitarplayers.com\/tienda\/"},{"@type":"ListItem","position":3,"name":"ESTUCHE SKB P\/RIFLE TACTICO 2R5212-7B"}]},{"@type":"WebSite","@id":"https:\/\/www.mexicanguitarplayers.com\/#website","url":"https:\/\/www.mexicanguitarplayers.com\/","name":"Mexican Guitar Players","description":"Website","publisher":{"@id":"https:\/\/www.mexicanguitarplayers.com\/#organization"},"potentialAction":[{"@type":"SearchAction","target":{"@type":"EntryPoint","urlTemplate":"https:\/\/www.mexicanguitarplayers.com\/?s={search_term_string}"},"query-input":{"@type":"PropertyValueSpecification","valueRequired":true,"valueName":"search_term_string"}}],"inLanguage":"en-US"},{"@type":"Organization","@id":"https:\/\/www.mexicanguitarplayers.com\/#organization","name":"Mexican Guitar Players","url":"https:\/\/www.mexicanguitarplayers.com\/","logo":{"@type":"ImageObject","inLanguage":"en-US","@id":"https:\/\/www.mexicanguitarplayers.com\/#\/schema\/logo\/image\/","url":"","contentUrl":"","caption":"Mexican Guitar Players"},"image":{"@id":"https:\/\/www.mexicanguitarplayers.com\/#\/schema\/logo\/image\/"}}]}},"brands":[{"id":609,"name":"SKB","slug":"skb"}],"_links":{"self":[{"href":"https:\/\/www.mexicanguitarplayers.com\/en\/wp-json\/wp\/v2\/product\/36586","targetHints":{"allow":["GET"]}}],"collection":[{"href":"https:\/\/www.mexicanguitarplayers.com\/en\/wp-json\/wp\/v2\/product"}],"about":[{"href":"https:\/\/www.mexicanguitarplayers.com\/en\/wp-json\/wp\/v2\/types\/product"}],"replies":[{"embeddable":true,"href":"https:\/\/www.mexicanguitarplayers.com\/en\/wp-json\/wp\/v2\/comments?post=36586"}],"wp:featuredmedia":[{"embeddable":true,"href":"https:\/\/www.mexicanguitarplayers.com\/en\/wp-json\/wp\/v2\/media\/36584"}],"wp:attachment":[{"href":"https:\/\/www.mexicanguitarplayers.com\/en\/wp-json\/wp\/v2\/media?parent=36586"}],"wp:term":[{"taxonomy":"pwb-brand","embeddable":true,"href":"https:\/\/www.mexicanguitarplayers.com\/en\/wp-json\/wp\/v2\/pwb-brand?post=36586"},{"taxonomy":"product_brand","embeddable":true,"href":"https:\/\/www.mexicanguitarplayers.com\/en\/wp-json\/wp\/v2\/product_brand?post=36586"},{"taxonomy":"product_cat","embeddable":true,"href":"https:\/\/www.mexicanguitarplayers.com\/en\/wp-json\/wp\/v2\/product_cat?post=36586"},{"taxonomy":"product_tag","embeddable":true,"href":"https:\/\/www.mexicanguitarplayers.com\/en\/wp-json\/wp\/v2\/product_tag?post=36586"}],"curies":[{"name":"wp","href":"https:\/\/api.w.org\/{rel}","templated":true}]}}