{"id":36603,"date":"2025-04-08T22:40:52","date_gmt":"2025-04-09T04:40:52","guid":{"rendered":"https:\/\/www.mexicanguitarplayers.com\/tienda\/sin categor\u00eda\/bateria-carlsbro-digital-mod-csd25m\/"},"modified":"2026-05-01T07:20:14","modified_gmt":"2026-05-01T13:20:14","slug":"bateria-carlsbro-digital-mod-csd25m","status":"publish","type":"product","link":"https:\/\/www.mexicanguitarplayers.com\/en\/tienda\/percusiones\/baterias\/baterias-electronicas\/bateria-carlsbro-digital-mod-csd25m\/","title":{"rendered":"BATERIA CARLSBRO DIGITAL MOD. CSD25M"},"content":{"rendered":"<div style=\"text-align: justify\">\n<div>\n<h3>El kit ideal para tus proyectos musicales.<\/h3>\n<\/div>\n<div>El kit de bater\u00eda electr\u00f3nica CSD25M est\u00e1 dise\u00f1ado con tres platillos de 10&#8243; pulgadas con un avanzado acolchado de goma suave al tacto que reduce el ruido. Tanto los platillos crash como ride incluyen funci\u00f3n &#8220;choke&#8221;. Cuenta tambi\u00e9n con 4 pads de tambores de 10&#8243; pulgadas, equipados con nuestros realistas y refinados parches de malla y nuestros aros de bater\u00eda de perfil m\u00e1s bajo, dise\u00f1ados para aumentar la precisi\u00f3n y reducir el ruido de los golpes de aro no deseados. Nuestra tecnolog\u00eda de sensor cuidadosamente dise\u00f1ada, alivia los puntos muertos en el parche, mejorando en gran medida la facilidad de toque y creando una sensaci\u00f3n natural. El pad de la tarola incluye funci\u00f3n de doble zona, lo que te permite utilizar el sonido de rimshot y side-stick en tu interpretaci\u00f3n y tus lecciones. El marco del tambor es totalmente ajustable y te brinda una configuraci\u00f3n ilimitada y versatilidad de posicionamiento para atender a los bateristas de todas las edades y tama\u00f1os. Es r\u00e1pida y f\u00e1cilmente convertible para adaptarse a bateristas zurdos y cualquier configuraci\u00f3n posible que necesites. El marco est\u00e1 pre ensamblado, lo que hace que el proceso de configuraci\u00f3n sea r\u00e1pido e indoloro. Cada ajuste se realiza f\u00e1cilmente con tuercas de mariposa que se ajustan a mano y una llave de bater\u00eda incluida sin necesidad de herramientas no complicaciones adicionales. La bater\u00eda CSD25M incluye nuestros pedales s\u00faper duraderos y livianos de aluminio con un dise\u00f1o \u00fanico que reduce el ruido y permite un uso dom\u00e9stico silencioso. Sensibilidad y velocidad ajustables, creando una articulaci\u00f3n suave de hi-hat y una acci\u00f3n de bombo personalizada, ya sea que est\u00e9s tocando fuerte a todo volumen o tratando de mantener el ruido al m\u00ednimo, la bater\u00eda CSD25M puede cubrir cualquier situaci\u00f3n. La bater\u00eda CSD25M est\u00e1 alimentada por el m\u00f3dulo de sonido Commander 25 que utiliza la mejor tecnolog\u00eda de bater\u00eda. El Commander 25 est\u00e1 equipado con dos salidas de aud\u00edfonos dise\u00f1adas espec\u00edficamente para la ense\u00f1anza. La soluci\u00f3n perfecta para escuelas de bater\u00eda, maestros de bater\u00eda y situaciones de bajo ruido. Con\u00e9ctate y escucha sin interrumpir cuando tus alumnos est\u00e1n tocando o comparte tu pasi\u00f3n con amigos y familiares en casa, para una pr\u00e1ctica silenciosa continua, sin interrupciones y sin necesidad de amplificaci\u00f3n. Nuestra nueva tecnolog\u00eda de interfaz USB Audio y MIDI te permite grabar audio de alta calidad directamente en tu DAW desde la salida USB y transferir datos MIDI instant\u00e1neos para grabaci\u00f3n MIDI, control MIDI y aprendizaje con software de tutorial de bater\u00eda, todo a trav\u00e9s de un solo cable USB. Con\u00e9ctate a la perfecci\u00f3n con el software tutorial de Melodics y desbloquea 50 lecciones gratuitas de ense\u00f1anza de bater\u00eda, especialmente dise\u00f1adas para atender tanto a principiantes como a bateristas intermedios. La forma inteligente de comenzar tu viaje con la bater\u00eda y desarrollar tus habilidades. El Commander 25 tambi\u00e9n contiene nuestro software avanzado de creaci\u00f3n de kits de bater\u00eda que te permite crear hasta 10 kits de bater\u00eda definidos por el usuario que se almacenar\u00e1n directamente en el m\u00f3dulo. Elije tus sonidos de bater\u00eda para cada pad individual, ajusta el volumen del pad, la afinaci\u00f3n del pad, la panoramizaci\u00f3n est\u00e9reo y el nivel de reverberaci\u00f3n de cada pad. Guarda tus creaciones personalizadas y construye tu kit de bater\u00eda definitivo. Botones de funci\u00f3n r\u00e1pidos e intuitivos sin perder tiempo desplaz\u00e1ndote por los men\u00fas, solo un toque para agregar reverb a tu interpretaci\u00f3n, iniciar o detener el metr\u00f3nomo, ajustar el tempo, iniciar o detener los backing tracks integrados, &#8220;drum-off&#8221; para eliminar la bater\u00eda de los backing tracks y botones de grabaci\u00f3n y reproducci\u00f3n para grabar tus nuevos ritmos e ideas de forma r\u00e1pida y eficiente. La adici\u00f3n final al m\u00f3dulo de sonido Commander 25 es una amplia disponibilidad de expansi\u00f3n para construir tu kit a tu manera. CSD25M te permite expandir y actualizar tu kit con: un pad y un pedal de bombo de malla, un pad para un cuarto tom, un segundo pad de platillo crash, un pad de tarola de malla de 10&#8243;, un segundo pad de bombo y un soporte simulado de hi-hat para abrir y cerrar los platillos. Todas estas opciones est\u00e1n cubiertas por el m\u00f3dulo de sonido CSD25M para expandir tu kit de bater\u00eda a tu manera.<\/div>\n<div>\n<h4>Quick look<\/h4>\n<\/div>\n<ul style=\"margin: 0px 0px 0px 25px\">\n<li style=\"list-style-type: circle;margin: 5px\">M\u00f3dulo de sonido Commander 25.<\/li>\n<li style=\"list-style-type: circle;margin: 5px\">Conexiones.<\/li>\n<li style=\"list-style-type: circle;margin: 5px\">Componentes.<\/li>\n<\/ul>\n<div>\n<div style=\"font-weight: bold\">M\u00f3dulo de sonido Commander 25.<\/div>\n<div>\n<p>320 voces de alta calidad. 22 kits de bater\u00eda prestablecidos. 10 kits de bater\u00eda definidos por el usuario. 20 backing tracks. 3 slots para grabaci\u00f3n de bater\u00eda. Efecto de reverb. Metr\u00f3nomo ajustable de 30 a 250 BPM. Ajustes de trigger.<\/p>\n<\/div>\n<div style=\"font-weight: bold\">Conexiones.<\/div>\n<div>\n<p>Entrada y salida MIDI. Salida de audio USB. 2 salidas de aud\u00edfonos. Salida est\u00e9reo. Entrada auxiliar.<\/p>\n<\/div>\n<div style=\"font-weight: bold\">Componentes.<\/div>\n<div>\n<p>1 m\u00f3dulo de sonido Commander 25. 1 pad de malla de 8? pulgadas de doble zona para tarola. 3 pads de malla para toms. 1 pad de 10&#8243; pulgadas para hi-hat. 2 pads de 10&#8243; pulgadas de doble zona para platillo con funci\u00f3n choke. 1 pedal de bombo. 1 pedal de control de hi-hat. 1 rack de bater\u00eda de 4 patas totalmente ajustable. 1 par de baquetas y soporte para baquetas.<\/p>\n<\/div>\n<\/div>\n<\/div>","protected":false},"excerpt":{"rendered":"<p>Bater\u00eda electr\u00f3nica, ideal para bateristas principiantes y para profesionales que buscan ahorrar espacio en el estudio o usarlo como bater\u00eda de pr\u00e1ctica, compacta y f\u00e1cil de transportar, 320 voces de percusi\u00f3n de alta calidad, 22 kits de bater\u00eda prestablecidos, 10 kits de usuario, 20 canciones backing track, efecto de reverb, metr\u00f3nomo ajustable de 30 a 250 BPM, ajustes de trigger, entrada y salida MIDI, salida de audio USB, 2 salidas de aud\u00edfonos, salida est\u00e9reo, entrada auxiliar, incluye 1 m\u00f3dulo de sonido Commander 25, 1 pad de tarola de 8\u201d pulgadas de doble zona, 3 pads de tom de 8\u201d pulgadas, 1 pad de platillo de 10\u201d pulgadas para Hi-Hat, 2 pads de platillo de 10\u201d pulgadas para Crash y Ride con funci\u00f3n choke, 1 pedal de bombo, 1 controlador de pedal para Hi-Hat, 1 rack de 4 patas de altura ajustable y 1 par de baquetas con soporte para baquetas, facilidad de actualizaci\u00f3n y expansi\u00f3n.&hellip; <a class=\"kt-excerpt-readmore more-link\" href=\"https:\/\/www.mexicanguitarplayers.com\/en\/tienda\/percusiones\/baterias\/baterias-electronicas\/bateria-carlsbro-digital-mod-csd25m\/\">Read more<\/a><\/p>","protected":false},"featured_media":36598,"comment_status":"open","ping_status":"closed","template":"","meta":{"kt_blocks_editor_width":""},"pwb-brand":[501],"product_brand":[],"product_cat":[209,262,208],"product_tag":[],"class_list":{"0":"post-36603","1":"product","2":"type-product","3":"status-publish","4":"has-post-thumbnail","6":"pwb-brand-carlsbro","7":"product_cat-baterias","8":"product_cat-baterias-electronicas","9":"product_cat-percusiones","10":"product_shipping_class-15-20-kg","12":"first","13":"instock","14":"taxable","15":"shipping-taxable","16":"purchasable","17":"product-type-simple"},"yoast_head":"<!-- This site is optimized with the Yoast SEO plugin v27.5 - https:\/\/yoast.com\/product\/yoast-seo-wordpress\/ -->\n<title>BATERIA CARLSBRO DIGITAL MOD. CSD25M - Mexican Guitar Players<\/title>\n<meta name=\"description\" content=\"Bater\u00eda electr\u00f3nica, ideal para bateristas principiantes y para profesionales que buscan ahorrar espacio en el estudio o usarlo como bater\u00eda de pr\u00e1ctica, compacta y f\u00e1cil de transportar, 320 voces de percusi\u00f3n de alta calidad, 22 kits de bater\u00eda prestablecidos, 10 kits de usuario, 20 canciones backing track, efecto de reverb, metr\u00f3nomo ajustable de 30 a 250 BPM, ajustes de trigger, entrada y salida MIDI, salida de audio USB, 2 salidas de aud\u00edfonos, salida est\u00e9reo, entrada auxiliar, incluye 1 m\u00f3dulo de sonido Commander 25, 1 pad de tarola de 8\u201d pulgadas de doble zona, 3 pads de tom de 8\u201d pulgadas, 1 pad de platillo de 10\u201d pulgadas para Hi-Hat, 2 pads de platillo de 10\u201d pulgadas para Crash y Ride con funci\u00f3n choke, 1 pedal de bombo, 1 controlador de pedal para Hi-Hat, 1 rack de 4 patas de altura ajustable y 1 par de baquetas con soporte para baquetas, facilidad de actualizaci\u00f3n y expansi\u00f3n.\" \/>\n<meta name=\"robots\" content=\"index, follow, max-snippet:-1, max-image-preview:large, max-video-preview:-1\" \/>\n<link rel=\"canonical\" href=\"https:\/\/www.mexicanguitarplayers.com\/en\/tienda\/sin%20categor\u00eda\/bateria-carlsbro-digital-mod-csd25m\/\" \/>\n<meta property=\"og:locale\" content=\"en_US\" \/>\n<meta property=\"og:type\" content=\"article\" \/>\n<meta property=\"og:title\" content=\"BATERIA CARLSBRO DIGITAL MOD. CSD25M - Mexican Guitar Players\" \/>\n<meta property=\"og:description\" content=\"Bater\u00eda electr\u00f3nica, ideal para bateristas principiantes y para profesionales que buscan ahorrar espacio en el estudio o usarlo como bater\u00eda de pr\u00e1ctica, compacta y f\u00e1cil de transportar, 320 voces de percusi\u00f3n de alta calidad, 22 kits de bater\u00eda prestablecidos, 10 kits de usuario, 20 canciones backing track, efecto de reverb, metr\u00f3nomo ajustable de 30 a 250 BPM, ajustes de trigger, entrada y salida MIDI, salida de audio USB, 2 salidas de aud\u00edfonos, salida est\u00e9reo, entrada auxiliar, incluye 1 m\u00f3dulo de sonido Commander 25, 1 pad de tarola de 8\u201d pulgadas de doble zona, 3 pads de tom de 8\u201d pulgadas, 1 pad de platillo de 10\u201d pulgadas para Hi-Hat, 2 pads de platillo de 10\u201d pulgadas para Crash y Ride con funci\u00f3n choke, 1 pedal de bombo, 1 controlador de pedal para Hi-Hat, 1 rack de 4 patas de altura ajustable y 1 par de baquetas con soporte para baquetas, facilidad de actualizaci\u00f3n y expansi\u00f3n.\" \/>\n<meta property=\"og:url\" content=\"https:\/\/www.mexicanguitarplayers.com\/en\/tienda\/sin categor\u00eda\/bateria-carlsbro-digital-mod-csd25m\/\" \/>\n<meta property=\"og:site_name\" content=\"Mexican Guitar Players\" \/>\n<meta property=\"article:modified_time\" content=\"2026-05-01T13:20:14+00:00\" \/>\n<meta name=\"twitter:card\" content=\"summary_large_image\" \/>\n<meta name=\"twitter:label1\" content=\"Est. reading time\" \/>\n\t<meta name=\"twitter:data1\" content=\"5 minutes\" \/>\n<script type=\"application\/ld+json\" class=\"yoast-schema-graph\">{\"@context\":\"https:\\\/\\\/schema.org\",\"@graph\":[{\"@type\":[\"WebPage\",\"ItemPage\"],\"@id\":\"https:\\\/\\\/www.mexicanguitarplayers.com\\\/tienda\\\/sin categor\u00eda\\\/bateria-carlsbro-digital-mod-csd25m\\\/\",\"url\":\"https:\\\/\\\/www.mexicanguitarplayers.com\\\/tienda\\\/sin categor\u00eda\\\/bateria-carlsbro-digital-mod-csd25m\\\/\",\"name\":\"BATERIA CARLSBRO DIGITAL MOD. CSD25M - Mexican Guitar Players\",\"isPartOf\":{\"@id\":\"https:\\\/\\\/www.mexicanguitarplayers.com\\\/#website\"},\"primaryImageOfPage\":{\"@id\":\"https:\\\/\\\/www.mexicanguitarplayers.com\\\/tienda\\\/sin categor\u00eda\\\/bateria-carlsbro-digital-mod-csd25m\\\/#primaryimage\"},\"image\":{\"@id\":\"https:\\\/\\\/www.mexicanguitarplayers.com\\\/tienda\\\/sin categor\u00eda\\\/bateria-carlsbro-digital-mod-csd25m\\\/#primaryimage\"},\"thumbnailUrl\":\"https:\\\/\\\/www.mexicanguitarplayers.com\\\/wp-content\\\/uploads\\\/2025\\\/04\\\/IPCLSCSD25M.jpg\",\"datePublished\":\"2025-04-09T04:40:52+00:00\",\"dateModified\":\"2026-05-01T13:20:14+00:00\",\"description\":\"Bater\u00eda electr\u00f3nica, ideal para bateristas principiantes y para profesionales que buscan ahorrar espacio en el estudio o usarlo como bater\u00eda de pr\u00e1ctica, compacta y f\u00e1cil de transportar, 320 voces de percusi\u00f3n de alta calidad, 22 kits de bater\u00eda prestablecidos, 10 kits de usuario, 20 canciones backing track, efecto de reverb, metr\u00f3nomo ajustable de 30 a 250 BPM, ajustes de trigger, entrada y salida MIDI, salida de audio USB, 2 salidas de aud\u00edfonos, salida est\u00e9reo, entrada auxiliar, incluye 1 m\u00f3dulo de sonido Commander 25, 1 pad de tarola de 8\u201d pulgadas de doble zona, 3 pads de tom de 8\u201d pulgadas, 1 pad de platillo de 10\u201d pulgadas para Hi-Hat, 2 pads de platillo de 10\u201d pulgadas para Crash y Ride con funci\u00f3n choke, 1 pedal de bombo, 1 controlador de pedal para Hi-Hat, 1 rack de 4 patas de altura ajustable y 1 par de baquetas con soporte para baquetas, facilidad de actualizaci\u00f3n y expansi\u00f3n.\",\"breadcrumb\":{\"@id\":\"https:\\\/\\\/www.mexicanguitarplayers.com\\\/tienda\\\/sin categor\u00eda\\\/bateria-carlsbro-digital-mod-csd25m\\\/#breadcrumb\"},\"inLanguage\":\"en-US\",\"potentialAction\":[{\"@type\":\"ReadAction\",\"target\":[\"https:\\\/\\\/www.mexicanguitarplayers.com\\\/tienda\\\/sin categor\u00eda\\\/bateria-carlsbro-digital-mod-csd25m\\\/\"]}]},{\"@type\":\"ImageObject\",\"inLanguage\":\"en-US\",\"@id\":\"https:\\\/\\\/www.mexicanguitarplayers.com\\\/tienda\\\/sin categor\u00eda\\\/bateria-carlsbro-digital-mod-csd25m\\\/#primaryimage\",\"url\":\"https:\\\/\\\/www.mexicanguitarplayers.com\\\/wp-content\\\/uploads\\\/2025\\\/04\\\/IPCLSCSD25M.jpg\",\"contentUrl\":\"https:\\\/\\\/www.mexicanguitarplayers.com\\\/wp-content\\\/uploads\\\/2025\\\/04\\\/IPCLSCSD25M.jpg\",\"width\":1200,\"height\":1200},{\"@type\":\"BreadcrumbList\",\"@id\":\"https:\\\/\\\/www.mexicanguitarplayers.com\\\/tienda\\\/sin categor\u00eda\\\/bateria-carlsbro-digital-mod-csd25m\\\/#breadcrumb\",\"itemListElement\":[{\"@type\":\"ListItem\",\"position\":1,\"name\":\"Portada\",\"item\":\"https:\\\/\\\/www.mexicanguitarplayers.com\\\/\"},{\"@type\":\"ListItem\",\"position\":2,\"name\":\"Tienda\",\"item\":\"https:\\\/\\\/www.mexicanguitarplayers.com\\\/tienda\\\/\"},{\"@type\":\"ListItem\",\"position\":3,\"name\":\"BATERIA CARLSBRO DIGITAL MOD. CSD25M\"}]},{\"@type\":\"WebSite\",\"@id\":\"https:\\\/\\\/www.mexicanguitarplayers.com\\\/#website\",\"url\":\"https:\\\/\\\/www.mexicanguitarplayers.com\\\/\",\"name\":\"Mexican Guitar Players\",\"description\":\"Website\",\"publisher\":{\"@id\":\"https:\\\/\\\/www.mexicanguitarplayers.com\\\/#organization\"},\"potentialAction\":[{\"@type\":\"SearchAction\",\"target\":{\"@type\":\"EntryPoint\",\"urlTemplate\":\"https:\\\/\\\/www.mexicanguitarplayers.com\\\/?s={search_term_string}\"},\"query-input\":{\"@type\":\"PropertyValueSpecification\",\"valueRequired\":true,\"valueName\":\"search_term_string\"}}],\"inLanguage\":\"en-US\"},{\"@type\":\"Organization\",\"@id\":\"https:\\\/\\\/www.mexicanguitarplayers.com\\\/#organization\",\"name\":\"Mexican Guitar Players\",\"url\":\"https:\\\/\\\/www.mexicanguitarplayers.com\\\/\",\"logo\":{\"@type\":\"ImageObject\",\"inLanguage\":\"en-US\",\"@id\":\"https:\\\/\\\/www.mexicanguitarplayers.com\\\/#\\\/schema\\\/logo\\\/image\\\/\",\"url\":\"\",\"contentUrl\":\"\",\"caption\":\"Mexican Guitar Players\"},\"image\":{\"@id\":\"https:\\\/\\\/www.mexicanguitarplayers.com\\\/#\\\/schema\\\/logo\\\/image\\\/\"}}]}<\/script>\n<!-- \/ Yoast SEO plugin. -->","yoast_head_json":{"title":"BATERIA CARLSBRO DIGITAL MOD. CSD25M - Mexican Guitar Players","description":"Bater\u00eda electr\u00f3nica, ideal para bateristas principiantes y para profesionales que buscan ahorrar espacio en el estudio o usarlo como bater\u00eda de pr\u00e1ctica, compacta y f\u00e1cil de transportar, 320 voces de percusi\u00f3n de alta calidad, 22 kits de bater\u00eda prestablecidos, 10 kits de usuario, 20 canciones backing track, efecto de reverb, metr\u00f3nomo ajustable de 30 a 250 BPM, ajustes de trigger, entrada y salida MIDI, salida de audio USB, 2 salidas de aud\u00edfonos, salida est\u00e9reo, entrada auxiliar, incluye 1 m\u00f3dulo de sonido Commander 25, 1 pad de tarola de 8\u201d pulgadas de doble zona, 3 pads de tom de 8\u201d pulgadas, 1 pad de platillo de 10\u201d pulgadas para Hi-Hat, 2 pads de platillo de 10\u201d pulgadas para Crash y Ride con funci\u00f3n choke, 1 pedal de bombo, 1 controlador de pedal para Hi-Hat, 1 rack de 4 patas de altura ajustable y 1 par de baquetas con soporte para baquetas, facilidad de actualizaci\u00f3n y expansi\u00f3n.","robots":{"index":"index","follow":"follow","max-snippet":"max-snippet:-1","max-image-preview":"max-image-preview:large","max-video-preview":"max-video-preview:-1"},"canonical":"https:\/\/www.mexicanguitarplayers.com\/en\/tienda\/sin categor\u00eda\/bateria-carlsbro-digital-mod-csd25m\/","og_locale":"en_US","og_type":"article","og_title":"BATERIA CARLSBRO DIGITAL MOD. CSD25M - Mexican Guitar Players","og_description":"Bater\u00eda electr\u00f3nica, ideal para bateristas principiantes y para profesionales que buscan ahorrar espacio en el estudio o usarlo como bater\u00eda de pr\u00e1ctica, compacta y f\u00e1cil de transportar, 320 voces de percusi\u00f3n de alta calidad, 22 kits de bater\u00eda prestablecidos, 10 kits de usuario, 20 canciones backing track, efecto de reverb, metr\u00f3nomo ajustable de 30 a 250 BPM, ajustes de trigger, entrada y salida MIDI, salida de audio USB, 2 salidas de aud\u00edfonos, salida est\u00e9reo, entrada auxiliar, incluye 1 m\u00f3dulo de sonido Commander 25, 1 pad de tarola de 8\u201d pulgadas de doble zona, 3 pads de tom de 8\u201d pulgadas, 1 pad de platillo de 10\u201d pulgadas para Hi-Hat, 2 pads de platillo de 10\u201d pulgadas para Crash y Ride con funci\u00f3n choke, 1 pedal de bombo, 1 controlador de pedal para Hi-Hat, 1 rack de 4 patas de altura ajustable y 1 par de baquetas con soporte para baquetas, facilidad de actualizaci\u00f3n y expansi\u00f3n.","og_url":"https:\/\/www.mexicanguitarplayers.com\/en\/tienda\/sin categor\u00eda\/bateria-carlsbro-digital-mod-csd25m\/","og_site_name":"Mexican Guitar Players","article_modified_time":"2026-05-01T13:20:14+00:00","twitter_card":"summary_large_image","twitter_misc":{"Est. reading time":"5 minutes"},"schema":{"@context":"https:\/\/schema.org","@graph":[{"@type":["WebPage","ItemPage"],"@id":"https:\/\/www.mexicanguitarplayers.com\/tienda\/sin categor\u00eda\/bateria-carlsbro-digital-mod-csd25m\/","url":"https:\/\/www.mexicanguitarplayers.com\/tienda\/sin categor\u00eda\/bateria-carlsbro-digital-mod-csd25m\/","name":"BATERIA CARLSBRO DIGITAL MOD. CSD25M - Mexican Guitar Players","isPartOf":{"@id":"https:\/\/www.mexicanguitarplayers.com\/#website"},"primaryImageOfPage":{"@id":"https:\/\/www.mexicanguitarplayers.com\/tienda\/sin categor\u00eda\/bateria-carlsbro-digital-mod-csd25m\/#primaryimage"},"image":{"@id":"https:\/\/www.mexicanguitarplayers.com\/tienda\/sin categor\u00eda\/bateria-carlsbro-digital-mod-csd25m\/#primaryimage"},"thumbnailUrl":"https:\/\/www.mexicanguitarplayers.com\/wp-content\/uploads\/2025\/04\/IPCLSCSD25M.jpg","datePublished":"2025-04-09T04:40:52+00:00","dateModified":"2026-05-01T13:20:14+00:00","description":"Bater\u00eda electr\u00f3nica, ideal para bateristas principiantes y para profesionales que buscan ahorrar espacio en el estudio o usarlo como bater\u00eda de pr\u00e1ctica, compacta y f\u00e1cil de transportar, 320 voces de percusi\u00f3n de alta calidad, 22 kits de bater\u00eda prestablecidos, 10 kits de usuario, 20 canciones backing track, efecto de reverb, metr\u00f3nomo ajustable de 30 a 250 BPM, ajustes de trigger, entrada y salida MIDI, salida de audio USB, 2 salidas de aud\u00edfonos, salida est\u00e9reo, entrada auxiliar, incluye 1 m\u00f3dulo de sonido Commander 25, 1 pad de tarola de 8\u201d pulgadas de doble zona, 3 pads de tom de 8\u201d pulgadas, 1 pad de platillo de 10\u201d pulgadas para Hi-Hat, 2 pads de platillo de 10\u201d pulgadas para Crash y Ride con funci\u00f3n choke, 1 pedal de bombo, 1 controlador de pedal para Hi-Hat, 1 rack de 4 patas de altura ajustable y 1 par de baquetas con soporte para baquetas, facilidad de actualizaci\u00f3n y expansi\u00f3n.","breadcrumb":{"@id":"https:\/\/www.mexicanguitarplayers.com\/tienda\/sin categor\u00eda\/bateria-carlsbro-digital-mod-csd25m\/#breadcrumb"},"inLanguage":"en-US","potentialAction":[{"@type":"ReadAction","target":["https:\/\/www.mexicanguitarplayers.com\/tienda\/sin categor\u00eda\/bateria-carlsbro-digital-mod-csd25m\/"]}]},{"@type":"ImageObject","inLanguage":"en-US","@id":"https:\/\/www.mexicanguitarplayers.com\/tienda\/sin categor\u00eda\/bateria-carlsbro-digital-mod-csd25m\/#primaryimage","url":"https:\/\/www.mexicanguitarplayers.com\/wp-content\/uploads\/2025\/04\/IPCLSCSD25M.jpg","contentUrl":"https:\/\/www.mexicanguitarplayers.com\/wp-content\/uploads\/2025\/04\/IPCLSCSD25M.jpg","width":1200,"height":1200},{"@type":"BreadcrumbList","@id":"https:\/\/www.mexicanguitarplayers.com\/tienda\/sin categor\u00eda\/bateria-carlsbro-digital-mod-csd25m\/#breadcrumb","itemListElement":[{"@type":"ListItem","position":1,"name":"Portada","item":"https:\/\/www.mexicanguitarplayers.com\/"},{"@type":"ListItem","position":2,"name":"Tienda","item":"https:\/\/www.mexicanguitarplayers.com\/tienda\/"},{"@type":"ListItem","position":3,"name":"BATERIA CARLSBRO DIGITAL MOD. CSD25M"}]},{"@type":"WebSite","@id":"https:\/\/www.mexicanguitarplayers.com\/#website","url":"https:\/\/www.mexicanguitarplayers.com\/","name":"Mexican Guitar Players","description":"Website","publisher":{"@id":"https:\/\/www.mexicanguitarplayers.com\/#organization"},"potentialAction":[{"@type":"SearchAction","target":{"@type":"EntryPoint","urlTemplate":"https:\/\/www.mexicanguitarplayers.com\/?s={search_term_string}"},"query-input":{"@type":"PropertyValueSpecification","valueRequired":true,"valueName":"search_term_string"}}],"inLanguage":"en-US"},{"@type":"Organization","@id":"https:\/\/www.mexicanguitarplayers.com\/#organization","name":"Mexican Guitar Players","url":"https:\/\/www.mexicanguitarplayers.com\/","logo":{"@type":"ImageObject","inLanguage":"en-US","@id":"https:\/\/www.mexicanguitarplayers.com\/#\/schema\/logo\/image\/","url":"","contentUrl":"","caption":"Mexican Guitar Players"},"image":{"@id":"https:\/\/www.mexicanguitarplayers.com\/#\/schema\/logo\/image\/"}}]}},"brands":[{"id":501,"name":"CARLSBRO","slug":"carlsbro"}],"_links":{"self":[{"href":"https:\/\/www.mexicanguitarplayers.com\/en\/wp-json\/wp\/v2\/product\/36603","targetHints":{"allow":["GET"]}}],"collection":[{"href":"https:\/\/www.mexicanguitarplayers.com\/en\/wp-json\/wp\/v2\/product"}],"about":[{"href":"https:\/\/www.mexicanguitarplayers.com\/en\/wp-json\/wp\/v2\/types\/product"}],"replies":[{"embeddable":true,"href":"https:\/\/www.mexicanguitarplayers.com\/en\/wp-json\/wp\/v2\/comments?post=36603"}],"wp:featuredmedia":[{"embeddable":true,"href":"https:\/\/www.mexicanguitarplayers.com\/en\/wp-json\/wp\/v2\/media\/36598"}],"wp:attachment":[{"href":"https:\/\/www.mexicanguitarplayers.com\/en\/wp-json\/wp\/v2\/media?parent=36603"}],"wp:term":[{"taxonomy":"pwb-brand","embeddable":true,"href":"https:\/\/www.mexicanguitarplayers.com\/en\/wp-json\/wp\/v2\/pwb-brand?post=36603"},{"taxonomy":"product_brand","embeddable":true,"href":"https:\/\/www.mexicanguitarplayers.com\/en\/wp-json\/wp\/v2\/product_brand?post=36603"},{"taxonomy":"product_cat","embeddable":true,"href":"https:\/\/www.mexicanguitarplayers.com\/en\/wp-json\/wp\/v2\/product_cat?post=36603"},{"taxonomy":"product_tag","embeddable":true,"href":"https:\/\/www.mexicanguitarplayers.com\/en\/wp-json\/wp\/v2\/product_tag?post=36603"}],"curies":[{"name":"wp","href":"https:\/\/api.w.org\/{rel}","templated":true}]}}