{"id":36639,"date":"2025-04-08T22:41:50","date_gmt":"2025-04-09T04:41:50","guid":{"rendered":"https:\/\/www.mexicanguitarplayers.com\/tienda\/sin categor\u00eda\/rack-skb-12-espacios-1skb19-r1208\/"},"modified":"2026-04-28T19:15:04","modified_gmt":"2026-04-29T01:15:04","slug":"rack-skb-12-espacios-1skb19-r1208","status":"publish","type":"product","link":"https:\/\/www.mexicanguitarplayers.com\/en\/tienda\/accesorios\/para-audio\/rack\/rack-skb-12-espacios-1skb19-r1208\/","title":{"rendered":"RACK SKB 12 ESPACIOS 1SKB19-R1208"},"content":{"rendered":"<div style=\"text-align: justify\">\n<div>\n<h3>Protegiendo tu inversi\u00f3n.<\/h3>\n<\/div>\n<div>La serie Gig Rig de SKB ha sido el est\u00e1ndar para racks por m\u00e1s de 15 a\u00f1os. En su cuarta generaci\u00f3n este estuche ofrece m\u00e1s versatilidad que las generaciones anteriores. Cuenta con un dise\u00f1o roto moldeado de polietileno de alta densidad (LLDPE) que lo hace extremadamente duradero. Rieles de acero con \u00e1ngulo de 7 grados con 12 espacios con espacio extra en la parte posterior para mantener los cables. La tapa proporciona espacio suficiente para mantener los cables organizados as\u00ed como espacio para la plataforma retr\u00e1ctil opcional 1SKB-AV8. Los 8 rieles de acero frontales proporcionan espacio suficiente para amplificadores o equipo externo. Rieles traseros para 8 unidades se incluyen para montaje adicional, almacenamiento y apoyo.<\/div>\n<div>\n<h4>Quick look<\/h4>\n<\/div>\n<ul style=\"margin: 0px 0px 0px 25px\">\n<li style=\"list-style-type: circle;margin: 5px\">Unidades totales de rack.<\/li>\n<li style=\"list-style-type: circle;margin: 5px\">Ancho interior.<\/li>\n<li style=\"list-style-type: circle;margin: 5px\">Profundidad exterior.<\/li>\n<li style=\"list-style-type: circle;margin: 5px\">Ancho exterior.<\/li>\n<li style=\"list-style-type: circle;margin: 5px\">Altura exterior.<\/li>\n<li style=\"list-style-type: circle;margin: 5px\">Profundidad de rack riel a riel.<\/li>\n<li style=\"list-style-type: circle;margin: 5px\">Profundidad de rack de riel a tapa trasera.<\/li>\n<li style=\"list-style-type: circle;margin: 5px\">Weight.<\/li>\n<\/ul>\n<div>\n<div style=\"font-weight: bold\">Unidades totales de rack.<\/div>\n<div>\n<p>28. 12 unidades de rack en la parte superior. 16 unidades de rack en la parte de abajo (representa 8 unidades frontales y 8 traseras).<\/p>\n<\/div>\n<div style=\"font-weight: bold\">Ancho interior.<\/div>\n<div>\n<p>48.26 cm.<\/p>\n<\/div>\n<div style=\"font-weight: bold\">Profundidad exterior.<\/div>\n<div>\n<p>69.85 cm.<\/p>\n<\/div>\n<div style=\"font-weight: bold\">Ancho exterior.<\/div>\n<div>\n<p>59.69 cm.<\/p>\n<\/div>\n<div style=\"font-weight: bold\">Altura exterior.<\/div>\n<div>\n<p>74.93 cm.<\/p>\n<\/div>\n<div style=\"font-weight: bold\">Profundidad de rack riel a riel.<\/div>\n<div>\n<p>48.26 cm.<\/p>\n<\/div>\n<div style=\"font-weight: bold\">Profundidad de rack de riel a tapa trasera.<\/div>\n<div>\n<p>56.52 cm.<\/p>\n<\/div>\n<div style=\"font-weight: bold\">Weight.<\/div>\n<div>\n<p>31.12 kg.<\/p>\n<\/div>\n<\/div>\n<div>\n<h4>Characteristics<\/h4>\n<\/div>\n<div>\n<ul style=\"margin: 0px 0px 0px 25px\">\n<li style=\"list-style-type: circle;margin: 5px\">Se adapta a mezcladoras profundas.<\/li>\n<li style=\"list-style-type: circle;margin: 5px\">Mayor profundidad vertical para mezcladoras.<\/li>\n<li style=\"list-style-type: circle;margin: 5px\">Se ajusta a la plataforma retr\u00e1ctil opcional AV-8.<\/li>\n<li style=\"list-style-type: circle;margin: 5px\">Asas laterales indestructibles de inyecci\u00f3n moldeada.<\/li>\n<li style=\"list-style-type: circle;margin: 5px\">Seguros de bloqueo giratorios.<\/li>\n<li style=\"list-style-type: circle;margin: 5px\">Incluye juego de ruedas con bloqueo.<\/li>\n<li style=\"list-style-type: circle;margin: 5px\">Se puede unir al 1SKB-1906 para agregar unidades de rack adicionales.<\/li>\n<\/ul>\n<\/div>\n<\/div>","protected":false},"excerpt":{"rendered":"<p>Rack de 12 espacios, ofrece en total 28 unidades de rack, 12 unidades en la parte superior y 16 en la parte de abajo (8 frontales y 8 traseras), se adapta a mezcladoras profundas, mayor profundidad vertical para mezcladoras, se ajusta a la plataforma retr\u00e1ctil opcional AV-8, asas laterales indestructibles de inyecci\u00f3n moldeada, seguros de bloqueo giratorios, incluye juego de ruedas con bloqueo, se puede unir al 1SKB-1906 para agregar unidades de rack adicionales, ancho interior: 48.26 cm, profundidad exterior: 69.85 cm, ancho exterior: 59.69 cm, altura exterior: 74.93 cm, profundidad de rack riel a riel: 48.26 cm, profundidad de rack de riel a tapa trasera: 56.52 cm, peso: 31.12 kg.&hellip; <a class=\"kt-excerpt-readmore more-link\" href=\"https:\/\/www.mexicanguitarplayers.com\/en\/tienda\/accesorios\/para-audio\/rack\/rack-skb-12-espacios-1skb19-r1208\/\">Read more<\/a><\/p>","protected":false},"featured_media":36634,"comment_status":"open","ping_status":"closed","template":"","meta":{"kt_blocks_editor_width":""},"pwb-brand":[609],"product_brand":[],"product_cat":[85,410,411],"product_tag":[],"class_list":{"0":"post-36639","1":"product","2":"type-product","3":"status-publish","4":"has-post-thumbnail","6":"pwb-brand-skb","7":"product_cat-accesorios","8":"product_cat-para-audio","9":"product_cat-rack","11":"first","12":"outofstock","13":"taxable","14":"shipping-taxable","15":"purchasable","16":"product-type-simple"},"yoast_head":"<!-- This site is optimized with the Yoast SEO plugin v27.6 - https:\/\/yoast.com\/product\/yoast-seo-wordpress\/ -->\n<title>RACK SKB 12 ESPACIOS 1SKB19-R1208 - Mexican Guitar Players<\/title>\n<meta name=\"description\" content=\"Rack de 12 espacios, ofrece en total 28 unidades de rack, 12 unidades en la parte superior y 16 en la parte de abajo (8 frontales y 8 traseras), se adapta a mezcladoras profundas, mayor profundidad vertical para mezcladoras, se ajusta a la plataforma retr\u00e1ctil opcional AV-8, asas laterales indestructibles de inyecci\u00f3n moldeada, seguros de bloqueo giratorios, incluye juego de ruedas con bloqueo, se puede unir al 1SKB-1906 para agregar unidades de rack adicionales, ancho interior: 48.26 cm, profundidad exterior: 69.85 cm, ancho exterior: 59.69 cm, altura exterior: 74.93 cm, profundidad de rack riel a riel: 48.26 cm, profundidad de rack de riel a tapa trasera: 56.52 cm, peso: 31.12 kg.\" \/>\n<meta name=\"robots\" content=\"index, follow, max-snippet:-1, max-image-preview:large, max-video-preview:-1\" \/>\n<link rel=\"canonical\" href=\"https:\/\/www.mexicanguitarplayers.com\/en\/tienda\/sin%20categor\u00eda\/rack-skb-12-espacios-1skb19-r1208\/\" \/>\n<meta property=\"og:locale\" content=\"en_US\" \/>\n<meta property=\"og:type\" content=\"article\" \/>\n<meta property=\"og:title\" content=\"RACK SKB 12 ESPACIOS 1SKB19-R1208 - Mexican Guitar Players\" \/>\n<meta property=\"og:description\" content=\"Rack de 12 espacios, ofrece en total 28 unidades de rack, 12 unidades en la parte superior y 16 en la parte de abajo (8 frontales y 8 traseras), se adapta a mezcladoras profundas, mayor profundidad vertical para mezcladoras, se ajusta a la plataforma retr\u00e1ctil opcional AV-8, asas laterales indestructibles de inyecci\u00f3n moldeada, seguros de bloqueo giratorios, incluye juego de ruedas con bloqueo, se puede unir al 1SKB-1906 para agregar unidades de rack adicionales, ancho interior: 48.26 cm, profundidad exterior: 69.85 cm, ancho exterior: 59.69 cm, altura exterior: 74.93 cm, profundidad de rack riel a riel: 48.26 cm, profundidad de rack de riel a tapa trasera: 56.52 cm, peso: 31.12 kg.\" \/>\n<meta property=\"og:url\" content=\"https:\/\/www.mexicanguitarplayers.com\/en\/tienda\/sin categor\u00eda\/rack-skb-12-espacios-1skb19-r1208\/\" \/>\n<meta property=\"og:site_name\" content=\"Mexican Guitar Players\" \/>\n<meta property=\"article:modified_time\" content=\"2026-04-29T01:15:04+00:00\" \/>\n<meta name=\"twitter:card\" content=\"summary_large_image\" \/>\n<meta name=\"twitter:label1\" content=\"Est. reading time\" \/>\n\t<meta name=\"twitter:data1\" content=\"1 minute\" \/>\n<script type=\"application\/ld+json\" class=\"yoast-schema-graph\">{\"@context\":\"https:\\\/\\\/schema.org\",\"@graph\":[{\"@type\":[\"WebPage\",\"ItemPage\"],\"@id\":\"https:\\\/\\\/www.mexicanguitarplayers.com\\\/tienda\\\/sin categor\u00eda\\\/rack-skb-12-espacios-1skb19-r1208\\\/\",\"url\":\"https:\\\/\\\/www.mexicanguitarplayers.com\\\/tienda\\\/sin categor\u00eda\\\/rack-skb-12-espacios-1skb19-r1208\\\/\",\"name\":\"RACK SKB 12 ESPACIOS 1SKB19-R1208 - Mexican Guitar Players\",\"isPartOf\":{\"@id\":\"https:\\\/\\\/www.mexicanguitarplayers.com\\\/#website\"},\"primaryImageOfPage\":{\"@id\":\"https:\\\/\\\/www.mexicanguitarplayers.com\\\/tienda\\\/sin categor\u00eda\\\/rack-skb-12-espacios-1skb19-r1208\\\/#primaryimage\"},\"image\":{\"@id\":\"https:\\\/\\\/www.mexicanguitarplayers.com\\\/tienda\\\/sin categor\u00eda\\\/rack-skb-12-espacios-1skb19-r1208\\\/#primaryimage\"},\"thumbnailUrl\":\"https:\\\/\\\/www.mexicanguitarplayers.com\\\/wp-content\\\/uploads\\\/2025\\\/04\\\/VASKB19R1208.png\",\"datePublished\":\"2025-04-09T04:41:50+00:00\",\"dateModified\":\"2026-04-29T01:15:04+00:00\",\"description\":\"Rack de 12 espacios, ofrece en total 28 unidades de rack, 12 unidades en la parte superior y 16 en la parte de abajo (8 frontales y 8 traseras), se adapta a mezcladoras profundas, mayor profundidad vertical para mezcladoras, se ajusta a la plataforma retr\u00e1ctil opcional AV-8, asas laterales indestructibles de inyecci\u00f3n moldeada, seguros de bloqueo giratorios, incluye juego de ruedas con bloqueo, se puede unir al 1SKB-1906 para agregar unidades de rack adicionales, ancho interior: 48.26 cm, profundidad exterior: 69.85 cm, ancho exterior: 59.69 cm, altura exterior: 74.93 cm, profundidad de rack riel a riel: 48.26 cm, profundidad de rack de riel a tapa trasera: 56.52 cm, peso: 31.12 kg.\",\"breadcrumb\":{\"@id\":\"https:\\\/\\\/www.mexicanguitarplayers.com\\\/tienda\\\/sin categor\u00eda\\\/rack-skb-12-espacios-1skb19-r1208\\\/#breadcrumb\"},\"inLanguage\":\"en-US\",\"potentialAction\":[{\"@type\":\"ReadAction\",\"target\":[\"https:\\\/\\\/www.mexicanguitarplayers.com\\\/tienda\\\/sin categor\u00eda\\\/rack-skb-12-espacios-1skb19-r1208\\\/\"]}]},{\"@type\":\"ImageObject\",\"inLanguage\":\"en-US\",\"@id\":\"https:\\\/\\\/www.mexicanguitarplayers.com\\\/tienda\\\/sin categor\u00eda\\\/rack-skb-12-espacios-1skb19-r1208\\\/#primaryimage\",\"url\":\"https:\\\/\\\/www.mexicanguitarplayers.com\\\/wp-content\\\/uploads\\\/2025\\\/04\\\/VASKB19R1208.png\",\"contentUrl\":\"https:\\\/\\\/www.mexicanguitarplayers.com\\\/wp-content\\\/uploads\\\/2025\\\/04\\\/VASKB19R1208.png\",\"width\":1200,\"height\":1200},{\"@type\":\"BreadcrumbList\",\"@id\":\"https:\\\/\\\/www.mexicanguitarplayers.com\\\/tienda\\\/sin categor\u00eda\\\/rack-skb-12-espacios-1skb19-r1208\\\/#breadcrumb\",\"itemListElement\":[{\"@type\":\"ListItem\",\"position\":1,\"name\":\"Portada\",\"item\":\"https:\\\/\\\/www.mexicanguitarplayers.com\\\/\"},{\"@type\":\"ListItem\",\"position\":2,\"name\":\"Tienda\",\"item\":\"https:\\\/\\\/www.mexicanguitarplayers.com\\\/tienda\\\/\"},{\"@type\":\"ListItem\",\"position\":3,\"name\":\"RACK SKB 12 ESPACIOS 1SKB19-R1208\"}]},{\"@type\":\"WebSite\",\"@id\":\"https:\\\/\\\/www.mexicanguitarplayers.com\\\/#website\",\"url\":\"https:\\\/\\\/www.mexicanguitarplayers.com\\\/\",\"name\":\"Mexican Guitar Players\",\"description\":\"Website\",\"publisher\":{\"@id\":\"https:\\\/\\\/www.mexicanguitarplayers.com\\\/#organization\"},\"potentialAction\":[{\"@type\":\"SearchAction\",\"target\":{\"@type\":\"EntryPoint\",\"urlTemplate\":\"https:\\\/\\\/www.mexicanguitarplayers.com\\\/?s={search_term_string}\"},\"query-input\":{\"@type\":\"PropertyValueSpecification\",\"valueRequired\":true,\"valueName\":\"search_term_string\"}}],\"inLanguage\":\"en-US\"},{\"@type\":\"Organization\",\"@id\":\"https:\\\/\\\/www.mexicanguitarplayers.com\\\/#organization\",\"name\":\"Mexican Guitar Players\",\"url\":\"https:\\\/\\\/www.mexicanguitarplayers.com\\\/\",\"logo\":{\"@type\":\"ImageObject\",\"inLanguage\":\"en-US\",\"@id\":\"https:\\\/\\\/www.mexicanguitarplayers.com\\\/#\\\/schema\\\/logo\\\/image\\\/\",\"url\":\"\",\"contentUrl\":\"\",\"caption\":\"Mexican Guitar Players\"},\"image\":{\"@id\":\"https:\\\/\\\/www.mexicanguitarplayers.com\\\/#\\\/schema\\\/logo\\\/image\\\/\"}}]}<\/script>\n<!-- \/ Yoast SEO plugin. -->","yoast_head_json":{"title":"RACK SKB 12 ESPACIOS 1SKB19-R1208 - Mexican Guitar Players","description":"Rack de 12 espacios, ofrece en total 28 unidades de rack, 12 unidades en la parte superior y 16 en la parte de abajo (8 frontales y 8 traseras), se adapta a mezcladoras profundas, mayor profundidad vertical para mezcladoras, se ajusta a la plataforma retr\u00e1ctil opcional AV-8, asas laterales indestructibles de inyecci\u00f3n moldeada, seguros de bloqueo giratorios, incluye juego de ruedas con bloqueo, se puede unir al 1SKB-1906 para agregar unidades de rack adicionales, ancho interior: 48.26 cm, profundidad exterior: 69.85 cm, ancho exterior: 59.69 cm, altura exterior: 74.93 cm, profundidad de rack riel a riel: 48.26 cm, profundidad de rack de riel a tapa trasera: 56.52 cm, peso: 31.12 kg.","robots":{"index":"index","follow":"follow","max-snippet":"max-snippet:-1","max-image-preview":"max-image-preview:large","max-video-preview":"max-video-preview:-1"},"canonical":"https:\/\/www.mexicanguitarplayers.com\/en\/tienda\/sin categor\u00eda\/rack-skb-12-espacios-1skb19-r1208\/","og_locale":"en_US","og_type":"article","og_title":"RACK SKB 12 ESPACIOS 1SKB19-R1208 - Mexican Guitar Players","og_description":"Rack de 12 espacios, ofrece en total 28 unidades de rack, 12 unidades en la parte superior y 16 en la parte de abajo (8 frontales y 8 traseras), se adapta a mezcladoras profundas, mayor profundidad vertical para mezcladoras, se ajusta a la plataforma retr\u00e1ctil opcional AV-8, asas laterales indestructibles de inyecci\u00f3n moldeada, seguros de bloqueo giratorios, incluye juego de ruedas con bloqueo, se puede unir al 1SKB-1906 para agregar unidades de rack adicionales, ancho interior: 48.26 cm, profundidad exterior: 69.85 cm, ancho exterior: 59.69 cm, altura exterior: 74.93 cm, profundidad de rack riel a riel: 48.26 cm, profundidad de rack de riel a tapa trasera: 56.52 cm, peso: 31.12 kg.","og_url":"https:\/\/www.mexicanguitarplayers.com\/en\/tienda\/sin categor\u00eda\/rack-skb-12-espacios-1skb19-r1208\/","og_site_name":"Mexican Guitar Players","article_modified_time":"2026-04-29T01:15:04+00:00","twitter_card":"summary_large_image","twitter_misc":{"Est. reading time":"1 minute"},"schema":{"@context":"https:\/\/schema.org","@graph":[{"@type":["WebPage","ItemPage"],"@id":"https:\/\/www.mexicanguitarplayers.com\/tienda\/sin categor\u00eda\/rack-skb-12-espacios-1skb19-r1208\/","url":"https:\/\/www.mexicanguitarplayers.com\/tienda\/sin categor\u00eda\/rack-skb-12-espacios-1skb19-r1208\/","name":"RACK SKB 12 ESPACIOS 1SKB19-R1208 - Mexican Guitar Players","isPartOf":{"@id":"https:\/\/www.mexicanguitarplayers.com\/#website"},"primaryImageOfPage":{"@id":"https:\/\/www.mexicanguitarplayers.com\/tienda\/sin categor\u00eda\/rack-skb-12-espacios-1skb19-r1208\/#primaryimage"},"image":{"@id":"https:\/\/www.mexicanguitarplayers.com\/tienda\/sin categor\u00eda\/rack-skb-12-espacios-1skb19-r1208\/#primaryimage"},"thumbnailUrl":"https:\/\/www.mexicanguitarplayers.com\/wp-content\/uploads\/2025\/04\/VASKB19R1208.png","datePublished":"2025-04-09T04:41:50+00:00","dateModified":"2026-04-29T01:15:04+00:00","description":"Rack de 12 espacios, ofrece en total 28 unidades de rack, 12 unidades en la parte superior y 16 en la parte de abajo (8 frontales y 8 traseras), se adapta a mezcladoras profundas, mayor profundidad vertical para mezcladoras, se ajusta a la plataforma retr\u00e1ctil opcional AV-8, asas laterales indestructibles de inyecci\u00f3n moldeada, seguros de bloqueo giratorios, incluye juego de ruedas con bloqueo, se puede unir al 1SKB-1906 para agregar unidades de rack adicionales, ancho interior: 48.26 cm, profundidad exterior: 69.85 cm, ancho exterior: 59.69 cm, altura exterior: 74.93 cm, profundidad de rack riel a riel: 48.26 cm, profundidad de rack de riel a tapa trasera: 56.52 cm, peso: 31.12 kg.","breadcrumb":{"@id":"https:\/\/www.mexicanguitarplayers.com\/tienda\/sin categor\u00eda\/rack-skb-12-espacios-1skb19-r1208\/#breadcrumb"},"inLanguage":"en-US","potentialAction":[{"@type":"ReadAction","target":["https:\/\/www.mexicanguitarplayers.com\/tienda\/sin categor\u00eda\/rack-skb-12-espacios-1skb19-r1208\/"]}]},{"@type":"ImageObject","inLanguage":"en-US","@id":"https:\/\/www.mexicanguitarplayers.com\/tienda\/sin categor\u00eda\/rack-skb-12-espacios-1skb19-r1208\/#primaryimage","url":"https:\/\/www.mexicanguitarplayers.com\/wp-content\/uploads\/2025\/04\/VASKB19R1208.png","contentUrl":"https:\/\/www.mexicanguitarplayers.com\/wp-content\/uploads\/2025\/04\/VASKB19R1208.png","width":1200,"height":1200},{"@type":"BreadcrumbList","@id":"https:\/\/www.mexicanguitarplayers.com\/tienda\/sin categor\u00eda\/rack-skb-12-espacios-1skb19-r1208\/#breadcrumb","itemListElement":[{"@type":"ListItem","position":1,"name":"Portada","item":"https:\/\/www.mexicanguitarplayers.com\/"},{"@type":"ListItem","position":2,"name":"Tienda","item":"https:\/\/www.mexicanguitarplayers.com\/tienda\/"},{"@type":"ListItem","position":3,"name":"RACK SKB 12 ESPACIOS 1SKB19-R1208"}]},{"@type":"WebSite","@id":"https:\/\/www.mexicanguitarplayers.com\/#website","url":"https:\/\/www.mexicanguitarplayers.com\/","name":"Mexican Guitar Players","description":"Website","publisher":{"@id":"https:\/\/www.mexicanguitarplayers.com\/#organization"},"potentialAction":[{"@type":"SearchAction","target":{"@type":"EntryPoint","urlTemplate":"https:\/\/www.mexicanguitarplayers.com\/?s={search_term_string}"},"query-input":{"@type":"PropertyValueSpecification","valueRequired":true,"valueName":"search_term_string"}}],"inLanguage":"en-US"},{"@type":"Organization","@id":"https:\/\/www.mexicanguitarplayers.com\/#organization","name":"Mexican Guitar Players","url":"https:\/\/www.mexicanguitarplayers.com\/","logo":{"@type":"ImageObject","inLanguage":"en-US","@id":"https:\/\/www.mexicanguitarplayers.com\/#\/schema\/logo\/image\/","url":"","contentUrl":"","caption":"Mexican Guitar Players"},"image":{"@id":"https:\/\/www.mexicanguitarplayers.com\/#\/schema\/logo\/image\/"}}]}},"brands":[{"id":609,"name":"SKB","slug":"skb"}],"_links":{"self":[{"href":"https:\/\/www.mexicanguitarplayers.com\/en\/wp-json\/wp\/v2\/product\/36639","targetHints":{"allow":["GET"]}}],"collection":[{"href":"https:\/\/www.mexicanguitarplayers.com\/en\/wp-json\/wp\/v2\/product"}],"about":[{"href":"https:\/\/www.mexicanguitarplayers.com\/en\/wp-json\/wp\/v2\/types\/product"}],"replies":[{"embeddable":true,"href":"https:\/\/www.mexicanguitarplayers.com\/en\/wp-json\/wp\/v2\/comments?post=36639"}],"wp:featuredmedia":[{"embeddable":true,"href":"https:\/\/www.mexicanguitarplayers.com\/en\/wp-json\/wp\/v2\/media\/36634"}],"wp:attachment":[{"href":"https:\/\/www.mexicanguitarplayers.com\/en\/wp-json\/wp\/v2\/media?parent=36639"}],"wp:term":[{"taxonomy":"pwb-brand","embeddable":true,"href":"https:\/\/www.mexicanguitarplayers.com\/en\/wp-json\/wp\/v2\/pwb-brand?post=36639"},{"taxonomy":"product_brand","embeddable":true,"href":"https:\/\/www.mexicanguitarplayers.com\/en\/wp-json\/wp\/v2\/product_brand?post=36639"},{"taxonomy":"product_cat","embeddable":true,"href":"https:\/\/www.mexicanguitarplayers.com\/en\/wp-json\/wp\/v2\/product_cat?post=36639"},{"taxonomy":"product_tag","embeddable":true,"href":"https:\/\/www.mexicanguitarplayers.com\/en\/wp-json\/wp\/v2\/product_tag?post=36639"}],"curies":[{"name":"wp","href":"https:\/\/api.w.org\/{rel}","templated":true}]}}