{"id":36662,"date":"2025-04-08T22:42:24","date_gmt":"2025-04-09T04:42:24","guid":{"rendered":"https:\/\/www.mexicanguitarplayers.com\/tienda\/sin categor\u00eda\/interfaz-a-r-t-mod-usb-mix\/"},"modified":"2026-01-14T04:21:30","modified_gmt":"2026-01-14T10:21:30","slug":"interfaz-a-r-t-mod-usb-mix","status":"publish","type":"product","link":"https:\/\/www.mexicanguitarplayers.com\/en\/tienda\/audio\/interfaces\/interfaz-a-r-t-mod-usb-mix\/","title":{"rendered":"INTERFAZ A.R.T. MOD. USB MIX"},"content":{"rendered":"<div style=\"text-align: justify\">\n<div>\n<h3>Graba tus proyectos con la mejor calidad.<\/h3>\n<\/div>\n<div>ART USB MIX es una interfaz de audio y mezcladora compacta y vers\u00e1til para micr\u00f3fono, instrumento y l\u00ednea para tu computadora que convierte se\u00f1ales anal\u00f3gicas de una variedad de fuentes de audio a audio USB. USB MIX proporciona un excelente punto de partida para grabaci\u00f3n en estudio casero o para cualquiera que desee realizar una grabaci\u00f3n de ubicaci\u00f3n m\u00f3vil.<\/div>\n<div>\n<h4>Quick look<\/h4>\n<\/div>\n<ul style=\"margin: 0px 0px 0px 25px\">\n<li style=\"list-style-type: circle;margin: 5px\">Frequency response.<\/li>\n<li style=\"list-style-type: circle;margin: 5px\">Distorsi\u00f3n arm\u00f3nica total.<\/li>\n<li style=\"list-style-type: circle;margin: 5px\">Nivel de entrada m\u00e1ximo.<\/li>\n<li style=\"list-style-type: circle;margin: 5px\">Nivel de salida m\u00e1ximo.<\/li>\n<li style=\"list-style-type: circle;margin: 5px\">Conexiones de entrada.<\/li>\n<li style=\"list-style-type: circle;margin: 5px\">Conexiones de salida.<\/li>\n<li style=\"list-style-type: circle;margin: 5px\">Input impedance.<\/li>\n<li style=\"list-style-type: circle;margin: 5px\">Output impedance.<\/li>\n<li style=\"list-style-type: circle;margin: 5px\">CMRR.<\/li>\n<li style=\"list-style-type: circle;margin: 5px\">Respuesta de fase.<\/li>\n<li style=\"list-style-type: circle;margin: 5px\">Signal to noise ratio.<\/li>\n<li style=\"list-style-type: circle;margin: 5px\">Ruido de entrada equivalente.<\/li>\n<li style=\"list-style-type: circle;margin: 5px\">Ganancia m\u00e1xima (entrada a salida Main).<\/li>\n<li style=\"list-style-type: circle;margin: 5px\">Ganancia m\u00e1xima (Entrada a USB).<\/li>\n<li style=\"list-style-type: circle;margin: 5px\">Ganancia m\u00e1xima (USB a salida).<\/li>\n<li style=\"list-style-type: circle;margin: 5px\">Alimentaci\u00f3n phantom.<\/li>\n<li style=\"list-style-type: circle;margin: 5px\">A\/D-D\/A.<\/li>\n<li style=\"list-style-type: circle;margin: 5px\">Interfaz de computadora.<\/li>\n<li style=\"list-style-type: circle;margin: 5px\">Tipo de chasis.<\/li>\n<li style=\"list-style-type: circle;margin: 5px\">Energy.<\/li>\n<li style=\"list-style-type: circle;margin: 5px\">Dimensions.<\/li>\n<li style=\"list-style-type: circle;margin: 5px\">Weight.<\/li>\n<li style=\"list-style-type: circle;margin: 5px\">Notas.<\/li>\n<\/ul>\n<div>\n<div style=\"font-weight: bold\">Frequency response.<\/div>\n<div>\n<p>20 Hz &#8211; 20 kHz (+0, -1 dB).<\/p>\n<\/div>\n<div style=\"font-weight: bold\">Distorsi\u00f3n arm\u00f3nica total.<\/div>\n<div>\n<p>&lt;0.01% @ 1 kHz.<\/p>\n<\/div>\n<div style=\"font-weight: bold\">Nivel de entrada m\u00e1ximo.<\/div>\n<div>\n<p>+4 dBu (XLR input), +14 dBu (1\/4? input).<\/p>\n<\/div>\n<div style=\"font-weight: bold\">Nivel de salida m\u00e1ximo.<\/div>\n<div>\n<p>+14 dBu (Main Mix Outputs), +13 dBu (Monitor output).<\/p>\n<\/div>\n<div style=\"font-weight: bold\">Conexiones de entrada.<\/div>\n<div>\n<p>Canal 1: Combo jack XLR balanceado y 1\/4&#8243; desbalanceado. Canal 2 y 3: 1\/4&#8243; balanceado o desbalanceado.<\/p>\n<\/div>\n<div style=\"font-weight: bold\">Conexiones de salida.<\/div>\n<div>\n<p>TRS 1\/4&#8243; balanceado (salidas Main Mix). TRS a\/4&#8243; est\u00e9reo (salida de monitor).<\/p>\n<\/div>\n<div style=\"font-weight: bold\">Input impedance.<\/div>\n<div>\n<p>240 kilo-ohms (Inst-HiZ), 20 kilo-ohms (Line) (Ch 1, Ch2-Ch3 entradas 1\/4&#8243;). &gt; 4 kilo-ohms (Ch1 entrada XLR).<\/p>\n<\/div>\n<div style=\"font-weight: bold\">Output impedance.<\/div>\n<div>\n<p>&lt;1 kilo-ohm (a\/4&quot; balanceado), &lt;500 ohms (1\/4&quot; desbalanceado). 100 ohms (salida de monitor).<\/p>\n<\/div>\n<div style=\"font-weight: bold\">CMRR.<\/div>\n<div>\n<p>&gt; 54 dB t\u00edpico.<\/p>\n<\/div>\n<div style=\"font-weight: bold\">Respuesta de fase.<\/div>\n<div>\n<p>Todas las conexiones son coherentes en fase.<\/p>\n<\/div>\n<div style=\"font-weight: bold\">Signal to noise ratio.<\/div>\n<div>\n<p>&gt; 90 dB t\u00edpico (Ref 0 dBu).<\/p>\n<\/div>\n<div style=\"font-weight: bold\">Ruido de entrada equivalente.<\/div>\n<div>\n<p>-120 dBu t\u00edpico (XLR balanceado, ganancia m\u00e1xima), -100 dBu t\u00edpico (1\/4&#8243;).<\/p>\n<\/div>\n<div style=\"font-weight: bold\">Ganancia m\u00e1xima (entrada a salida Main).<\/div>\n<div>\n<p>+53 dB (XLR), +32 dB (1\/4?) entrada Canal 1. +10 dB (1\/4&#8243;) (entradas canales 2 y 3).<\/p>\n<\/div>\n<div style=\"font-weight: bold\">Ganancia m\u00e1xima (Entrada a USB).<\/div>\n<div>\n<p>+44 dB (XLR), +23 dB (1\/4&#8243;) (entrada canal 1). +1 dB (1\/4&#8243;) (entradas canales 2 y 3).<\/p>\n<\/div>\n<div style=\"font-weight: bold\">Ganancia m\u00e1xima (USB a salida).<\/div>\n<div>\n<p>+14 dB (salidas Main Mix), +13 dB (salida monitor).<\/p>\n<\/div>\n<div style=\"font-weight: bold\">Alimentaci\u00f3n phantom.<\/div>\n<div>\n<p>Switch seleccionable, +48V DC, filtrado corriente limitada.<\/p>\n<\/div>\n<div style=\"font-weight: bold\">A\/D-D\/A.<\/div>\n<div>\n<p>16 Bit, 44.1 kHz o 48 kHz, USB seleccionable desde la computadora. 0.4 ms A\/D latencia @ 44.1 kHz.<\/p>\n<\/div>\n<div style=\"font-weight: bold\">Interfaz de computadora.<\/div>\n<div>\n<p>Compatible con USB 2.0, Windows 7, Vista, XP, 2000, ME, 98SE. Computadoras Mac OS 9.1 \/ OS X con soporte USB nativo. Linux.<\/p>\n<\/div>\n<div style=\"font-weight: bold\">Tipo de chasis.<\/div>\n<div>\n<p>Acero terminado en color negro.<\/p>\n<\/div>\n<div style=\"font-weight: bold\">Energy.<\/div>\n<div>\n<p>5.0 V DC @ &lt;500 mA (externo) o alimentado por USB @ 150 mA t\u00edpico.<\/p>\n<\/div>\n<div style=\"font-weight: bold\">Dimensions.<\/div>\n<div>\n<p>41 x 101 x 121 mm.<\/p>\n<\/div>\n<div style=\"font-weight: bold\">Weight.<\/div>\n<div>\n<p>0.5 kg.<\/p>\n<\/div>\n<div style=\"font-weight: bold\">Notas.<\/div>\n<div>\n<p>0 dBu = 0.775 Vrms. El peso incluye fuente de alimentaci\u00f3n y cable USB.<\/p>\n<\/div>\n<\/div>\n<\/div>","protected":false},"excerpt":{"rendered":"<p>Interfaz de audio y mezcladora compacta y vers\u00e1til para micr\u00f3fono, instrumento y l\u00ednea de 3 canales, se\u00f1ales anal\u00f3gicas de una variedad de fuentes de audio a audio USB, alimentado por USB, no se necesita una fuente de alimentaci\u00f3n externa cuando se usa con una computadora, entradas de instrumento XLR balanceadas o desbalanceadas de 1\/4\u201d con impedancia conmutable, alimentaci\u00f3n phantom conmutable de bajo ruido de +48 V, entradas TRS balanceadas de 1\/4\u201d para fuentes de nivel de l\u00ednea est\u00e9reo o mono, conectores de salida TRS de 1\/4\u201d que funcionan con l\u00edneas balanceadas o desbalanceadas, salida de aud\u00edfonos est\u00e9reo TRS de 1\/4\u201d con control de nivel independiente para monitoreo de salida, controles independientes para ambos conjuntos de entradas, salida principal y monitor de aud\u00edfonos, indicador de se\u00f1al\/clip LED verde\/rojo, asignaci\u00f3n conmutable de reproducci\u00f3n USB a los canales 2 y 3, compatible con USB 2.0, respuesta de frecuencia: 20 Hz &#8211; 20 kHz (+0, -1 dB), chasis de acero terminado en color negro, dimensiones: 41 x 101 x 121 mm, peso: 0.5 kg, incluye cable USB, adaptador de corriente y software de grabaci\u00f3n.&hellip; <a class=\"kt-excerpt-readmore more-link\" href=\"https:\/\/www.mexicanguitarplayers.com\/en\/tienda\/audio\/interfaces\/interfaz-a-r-t-mod-usb-mix\/\">Read more<\/a><\/p>","protected":false},"featured_media":36655,"comment_status":"open","ping_status":"closed","template":"","meta":{"kt_blocks_editor_width":""},"pwb-brand":[531],"product_brand":[],"product_cat":[213,233],"product_tag":[],"class_list":{"0":"post-36662","1":"product","2":"type-product","3":"status-publish","4":"has-post-thumbnail","6":"pwb-brand-a-r-t","7":"product_cat-audio","8":"product_cat-interfaces","9":"product_shipping_class-0-5-kg","11":"first","12":"instock","13":"taxable","14":"shipping-taxable","15":"purchasable","16":"product-type-simple"},"yoast_head":"<!-- This site is optimized with the Yoast SEO plugin v27.3 - https:\/\/yoast.com\/product\/yoast-seo-wordpress\/ -->\n<title>INTERFAZ A.R.T. MOD. USB MIX - Mexican Guitar Players<\/title>\n<meta name=\"description\" content=\"Interfaz de audio y mezcladora compacta y vers\u00e1til para micr\u00f3fono, instrumento y l\u00ednea de 3 canales, se\u00f1ales anal\u00f3gicas de una variedad de fuentes de audio a audio USB, alimentado por USB, no se necesita una fuente de alimentaci\u00f3n externa cuando se usa con una computadora, entradas de instrumento XLR balanceadas o desbalanceadas de 1\/4\u201d con impedancia conmutable, alimentaci\u00f3n phantom conmutable de bajo ruido de +48 V, entradas TRS balanceadas de 1\/4\u201d para fuentes de nivel de l\u00ednea est\u00e9reo o mono, conectores de salida TRS de 1\/4\u201d que funcionan con l\u00edneas balanceadas o desbalanceadas, salida de aud\u00edfonos est\u00e9reo TRS de 1\/4\u201d con control de nivel independiente para monitoreo de salida, controles independientes para ambos conjuntos de entradas, salida principal y monitor de aud\u00edfonos, indicador de se\u00f1al\/clip LED verde\/rojo, asignaci\u00f3n conmutable de reproducci\u00f3n USB a los canales 2 y 3, compatible con USB 2.0, respuesta de frecuencia: 20 Hz - 20 kHz (+0, -1 dB), chasis de acero terminado en color negro, dimensiones: 41 x 101 x 121 mm, peso: 0.5 kg, incluye cable USB, adaptador de corriente y software de grabaci\u00f3n.\" \/>\n<meta name=\"robots\" content=\"index, follow, max-snippet:-1, max-image-preview:large, max-video-preview:-1\" \/>\n<link rel=\"canonical\" href=\"https:\/\/www.mexicanguitarplayers.com\/en\/tienda\/sin%20categor\u00eda\/interfaz-a-r-t-mod-usb-mix\/\" \/>\n<meta property=\"og:locale\" content=\"en_US\" \/>\n<meta property=\"og:type\" content=\"article\" \/>\n<meta property=\"og:title\" content=\"INTERFAZ A.R.T. MOD. USB MIX - Mexican Guitar Players\" \/>\n<meta property=\"og:description\" content=\"Interfaz de audio y mezcladora compacta y vers\u00e1til para micr\u00f3fono, instrumento y l\u00ednea de 3 canales, se\u00f1ales anal\u00f3gicas de una variedad de fuentes de audio a audio USB, alimentado por USB, no se necesita una fuente de alimentaci\u00f3n externa cuando se usa con una computadora, entradas de instrumento XLR balanceadas o desbalanceadas de 1\/4\u201d con impedancia conmutable, alimentaci\u00f3n phantom conmutable de bajo ruido de +48 V, entradas TRS balanceadas de 1\/4\u201d para fuentes de nivel de l\u00ednea est\u00e9reo o mono, conectores de salida TRS de 1\/4\u201d que funcionan con l\u00edneas balanceadas o desbalanceadas, salida de aud\u00edfonos est\u00e9reo TRS de 1\/4\u201d con control de nivel independiente para monitoreo de salida, controles independientes para ambos conjuntos de entradas, salida principal y monitor de aud\u00edfonos, indicador de se\u00f1al\/clip LED verde\/rojo, asignaci\u00f3n conmutable de reproducci\u00f3n USB a los canales 2 y 3, compatible con USB 2.0, respuesta de frecuencia: 20 Hz - 20 kHz (+0, -1 dB), chasis de acero terminado en color negro, dimensiones: 41 x 101 x 121 mm, peso: 0.5 kg, incluye cable USB, adaptador de corriente y software de grabaci\u00f3n.\" \/>\n<meta property=\"og:url\" content=\"https:\/\/www.mexicanguitarplayers.com\/en\/tienda\/sin categor\u00eda\/interfaz-a-r-t-mod-usb-mix\/\" \/>\n<meta property=\"og:site_name\" content=\"Mexican Guitar Players\" \/>\n<meta property=\"article:modified_time\" content=\"2026-01-14T10:21:30+00:00\" \/>\n<meta name=\"twitter:card\" content=\"summary_large_image\" \/>\n<meta name=\"twitter:label1\" content=\"Est. reading time\" \/>\n\t<meta name=\"twitter:data1\" content=\"2 minutes\" \/>\n<script type=\"application\/ld+json\" class=\"yoast-schema-graph\">{\"@context\":\"https:\\\/\\\/schema.org\",\"@graph\":[{\"@type\":[\"WebPage\",\"ItemPage\"],\"@id\":\"https:\\\/\\\/www.mexicanguitarplayers.com\\\/tienda\\\/sin categor\u00eda\\\/interfaz-a-r-t-mod-usb-mix\\\/\",\"url\":\"https:\\\/\\\/www.mexicanguitarplayers.com\\\/tienda\\\/sin categor\u00eda\\\/interfaz-a-r-t-mod-usb-mix\\\/\",\"name\":\"INTERFAZ A.R.T. MOD. USB MIX - Mexican Guitar Players\",\"isPartOf\":{\"@id\":\"https:\\\/\\\/www.mexicanguitarplayers.com\\\/#website\"},\"primaryImageOfPage\":{\"@id\":\"https:\\\/\\\/www.mexicanguitarplayers.com\\\/tienda\\\/sin categor\u00eda\\\/interfaz-a-r-t-mod-usb-mix\\\/#primaryimage\"},\"image\":{\"@id\":\"https:\\\/\\\/www.mexicanguitarplayers.com\\\/tienda\\\/sin categor\u00eda\\\/interfaz-a-r-t-mod-usb-mix\\\/#primaryimage\"},\"thumbnailUrl\":\"https:\\\/\\\/www.mexicanguitarplayers.com\\\/wp-content\\\/uploads\\\/2025\\\/04\\\/IAARTUSBMIX.jpg\",\"datePublished\":\"2025-04-09T04:42:24+00:00\",\"dateModified\":\"2026-01-14T10:21:30+00:00\",\"description\":\"Interfaz de audio y mezcladora compacta y vers\u00e1til para micr\u00f3fono, instrumento y l\u00ednea de 3 canales, se\u00f1ales anal\u00f3gicas de una variedad de fuentes de audio a audio USB, alimentado por USB, no se necesita una fuente de alimentaci\u00f3n externa cuando se usa con una computadora, entradas de instrumento XLR balanceadas o desbalanceadas de 1\\\/4\u201d con impedancia conmutable, alimentaci\u00f3n phantom conmutable de bajo ruido de +48 V, entradas TRS balanceadas de 1\\\/4\u201d para fuentes de nivel de l\u00ednea est\u00e9reo o mono, conectores de salida TRS de 1\\\/4\u201d que funcionan con l\u00edneas balanceadas o desbalanceadas, salida de aud\u00edfonos est\u00e9reo TRS de 1\\\/4\u201d con control de nivel independiente para monitoreo de salida, controles independientes para ambos conjuntos de entradas, salida principal y monitor de aud\u00edfonos, indicador de se\u00f1al\\\/clip LED verde\\\/rojo, asignaci\u00f3n conmutable de reproducci\u00f3n USB a los canales 2 y 3, compatible con USB 2.0, respuesta de frecuencia: 20 Hz - 20 kHz (+0, -1 dB), chasis de acero terminado en color negro, dimensiones: 41 x 101 x 121 mm, peso: 0.5 kg, incluye cable USB, adaptador de corriente y software de grabaci\u00f3n.\",\"breadcrumb\":{\"@id\":\"https:\\\/\\\/www.mexicanguitarplayers.com\\\/tienda\\\/sin categor\u00eda\\\/interfaz-a-r-t-mod-usb-mix\\\/#breadcrumb\"},\"inLanguage\":\"en-US\",\"potentialAction\":[{\"@type\":\"ReadAction\",\"target\":[\"https:\\\/\\\/www.mexicanguitarplayers.com\\\/tienda\\\/sin categor\u00eda\\\/interfaz-a-r-t-mod-usb-mix\\\/\"]}]},{\"@type\":\"ImageObject\",\"inLanguage\":\"en-US\",\"@id\":\"https:\\\/\\\/www.mexicanguitarplayers.com\\\/tienda\\\/sin categor\u00eda\\\/interfaz-a-r-t-mod-usb-mix\\\/#primaryimage\",\"url\":\"https:\\\/\\\/www.mexicanguitarplayers.com\\\/wp-content\\\/uploads\\\/2025\\\/04\\\/IAARTUSBMIX.jpg\",\"contentUrl\":\"https:\\\/\\\/www.mexicanguitarplayers.com\\\/wp-content\\\/uploads\\\/2025\\\/04\\\/IAARTUSBMIX.jpg\",\"width\":1200,\"height\":1200},{\"@type\":\"BreadcrumbList\",\"@id\":\"https:\\\/\\\/www.mexicanguitarplayers.com\\\/tienda\\\/sin categor\u00eda\\\/interfaz-a-r-t-mod-usb-mix\\\/#breadcrumb\",\"itemListElement\":[{\"@type\":\"ListItem\",\"position\":1,\"name\":\"Portada\",\"item\":\"https:\\\/\\\/www.mexicanguitarplayers.com\\\/\"},{\"@type\":\"ListItem\",\"position\":2,\"name\":\"Tienda\",\"item\":\"https:\\\/\\\/www.mexicanguitarplayers.com\\\/tienda\\\/\"},{\"@type\":\"ListItem\",\"position\":3,\"name\":\"INTERFAZ A.R.T. MOD. USB MIX\"}]},{\"@type\":\"WebSite\",\"@id\":\"https:\\\/\\\/www.mexicanguitarplayers.com\\\/#website\",\"url\":\"https:\\\/\\\/www.mexicanguitarplayers.com\\\/\",\"name\":\"Mexican Guitar Players\",\"description\":\"Website\",\"publisher\":{\"@id\":\"https:\\\/\\\/www.mexicanguitarplayers.com\\\/#organization\"},\"potentialAction\":[{\"@type\":\"SearchAction\",\"target\":{\"@type\":\"EntryPoint\",\"urlTemplate\":\"https:\\\/\\\/www.mexicanguitarplayers.com\\\/?s={search_term_string}\"},\"query-input\":{\"@type\":\"PropertyValueSpecification\",\"valueRequired\":true,\"valueName\":\"search_term_string\"}}],\"inLanguage\":\"en-US\"},{\"@type\":\"Organization\",\"@id\":\"https:\\\/\\\/www.mexicanguitarplayers.com\\\/#organization\",\"name\":\"Mexican Guitar Players\",\"url\":\"https:\\\/\\\/www.mexicanguitarplayers.com\\\/\",\"logo\":{\"@type\":\"ImageObject\",\"inLanguage\":\"en-US\",\"@id\":\"https:\\\/\\\/www.mexicanguitarplayers.com\\\/#\\\/schema\\\/logo\\\/image\\\/\",\"url\":\"\",\"contentUrl\":\"\",\"caption\":\"Mexican Guitar Players\"},\"image\":{\"@id\":\"https:\\\/\\\/www.mexicanguitarplayers.com\\\/#\\\/schema\\\/logo\\\/image\\\/\"}}]}<\/script>\n<!-- \/ Yoast SEO plugin. -->","yoast_head_json":{"title":"INTERFAZ A.R.T. MOD. USB MIX - Mexican Guitar Players","description":"Interfaz de audio y mezcladora compacta y vers\u00e1til para micr\u00f3fono, instrumento y l\u00ednea de 3 canales, se\u00f1ales anal\u00f3gicas de una variedad de fuentes de audio a audio USB, alimentado por USB, no se necesita una fuente de alimentaci\u00f3n externa cuando se usa con una computadora, entradas de instrumento XLR balanceadas o desbalanceadas de 1\/4\u201d con impedancia conmutable, alimentaci\u00f3n phantom conmutable de bajo ruido de +48 V, entradas TRS balanceadas de 1\/4\u201d para fuentes de nivel de l\u00ednea est\u00e9reo o mono, conectores de salida TRS de 1\/4\u201d que funcionan con l\u00edneas balanceadas o desbalanceadas, salida de aud\u00edfonos est\u00e9reo TRS de 1\/4\u201d con control de nivel independiente para monitoreo de salida, controles independientes para ambos conjuntos de entradas, salida principal y monitor de aud\u00edfonos, indicador de se\u00f1al\/clip LED verde\/rojo, asignaci\u00f3n conmutable de reproducci\u00f3n USB a los canales 2 y 3, compatible con USB 2.0, respuesta de frecuencia: 20 Hz - 20 kHz (+0, -1 dB), chasis de acero terminado en color negro, dimensiones: 41 x 101 x 121 mm, peso: 0.5 kg, incluye cable USB, adaptador de corriente y software de grabaci\u00f3n.","robots":{"index":"index","follow":"follow","max-snippet":"max-snippet:-1","max-image-preview":"max-image-preview:large","max-video-preview":"max-video-preview:-1"},"canonical":"https:\/\/www.mexicanguitarplayers.com\/en\/tienda\/sin categor\u00eda\/interfaz-a-r-t-mod-usb-mix\/","og_locale":"en_US","og_type":"article","og_title":"INTERFAZ A.R.T. MOD. USB MIX - Mexican Guitar Players","og_description":"Interfaz de audio y mezcladora compacta y vers\u00e1til para micr\u00f3fono, instrumento y l\u00ednea de 3 canales, se\u00f1ales anal\u00f3gicas de una variedad de fuentes de audio a audio USB, alimentado por USB, no se necesita una fuente de alimentaci\u00f3n externa cuando se usa con una computadora, entradas de instrumento XLR balanceadas o desbalanceadas de 1\/4\u201d con impedancia conmutable, alimentaci\u00f3n phantom conmutable de bajo ruido de +48 V, entradas TRS balanceadas de 1\/4\u201d para fuentes de nivel de l\u00ednea est\u00e9reo o mono, conectores de salida TRS de 1\/4\u201d que funcionan con l\u00edneas balanceadas o desbalanceadas, salida de aud\u00edfonos est\u00e9reo TRS de 1\/4\u201d con control de nivel independiente para monitoreo de salida, controles independientes para ambos conjuntos de entradas, salida principal y monitor de aud\u00edfonos, indicador de se\u00f1al\/clip LED verde\/rojo, asignaci\u00f3n conmutable de reproducci\u00f3n USB a los canales 2 y 3, compatible con USB 2.0, respuesta de frecuencia: 20 Hz - 20 kHz (+0, -1 dB), chasis de acero terminado en color negro, dimensiones: 41 x 101 x 121 mm, peso: 0.5 kg, incluye cable USB, adaptador de corriente y software de grabaci\u00f3n.","og_url":"https:\/\/www.mexicanguitarplayers.com\/en\/tienda\/sin categor\u00eda\/interfaz-a-r-t-mod-usb-mix\/","og_site_name":"Mexican Guitar Players","article_modified_time":"2026-01-14T10:21:30+00:00","twitter_card":"summary_large_image","twitter_misc":{"Est. reading time":"2 minutes"},"schema":{"@context":"https:\/\/schema.org","@graph":[{"@type":["WebPage","ItemPage"],"@id":"https:\/\/www.mexicanguitarplayers.com\/tienda\/sin categor\u00eda\/interfaz-a-r-t-mod-usb-mix\/","url":"https:\/\/www.mexicanguitarplayers.com\/tienda\/sin categor\u00eda\/interfaz-a-r-t-mod-usb-mix\/","name":"INTERFAZ A.R.T. MOD. USB MIX - Mexican Guitar Players","isPartOf":{"@id":"https:\/\/www.mexicanguitarplayers.com\/#website"},"primaryImageOfPage":{"@id":"https:\/\/www.mexicanguitarplayers.com\/tienda\/sin categor\u00eda\/interfaz-a-r-t-mod-usb-mix\/#primaryimage"},"image":{"@id":"https:\/\/www.mexicanguitarplayers.com\/tienda\/sin categor\u00eda\/interfaz-a-r-t-mod-usb-mix\/#primaryimage"},"thumbnailUrl":"https:\/\/www.mexicanguitarplayers.com\/wp-content\/uploads\/2025\/04\/IAARTUSBMIX.jpg","datePublished":"2025-04-09T04:42:24+00:00","dateModified":"2026-01-14T10:21:30+00:00","description":"Interfaz de audio y mezcladora compacta y vers\u00e1til para micr\u00f3fono, instrumento y l\u00ednea de 3 canales, se\u00f1ales anal\u00f3gicas de una variedad de fuentes de audio a audio USB, alimentado por USB, no se necesita una fuente de alimentaci\u00f3n externa cuando se usa con una computadora, entradas de instrumento XLR balanceadas o desbalanceadas de 1\/4\u201d con impedancia conmutable, alimentaci\u00f3n phantom conmutable de bajo ruido de +48 V, entradas TRS balanceadas de 1\/4\u201d para fuentes de nivel de l\u00ednea est\u00e9reo o mono, conectores de salida TRS de 1\/4\u201d que funcionan con l\u00edneas balanceadas o desbalanceadas, salida de aud\u00edfonos est\u00e9reo TRS de 1\/4\u201d con control de nivel independiente para monitoreo de salida, controles independientes para ambos conjuntos de entradas, salida principal y monitor de aud\u00edfonos, indicador de se\u00f1al\/clip LED verde\/rojo, asignaci\u00f3n conmutable de reproducci\u00f3n USB a los canales 2 y 3, compatible con USB 2.0, respuesta de frecuencia: 20 Hz - 20 kHz (+0, -1 dB), chasis de acero terminado en color negro, dimensiones: 41 x 101 x 121 mm, peso: 0.5 kg, incluye cable USB, adaptador de corriente y software de grabaci\u00f3n.","breadcrumb":{"@id":"https:\/\/www.mexicanguitarplayers.com\/tienda\/sin categor\u00eda\/interfaz-a-r-t-mod-usb-mix\/#breadcrumb"},"inLanguage":"en-US","potentialAction":[{"@type":"ReadAction","target":["https:\/\/www.mexicanguitarplayers.com\/tienda\/sin categor\u00eda\/interfaz-a-r-t-mod-usb-mix\/"]}]},{"@type":"ImageObject","inLanguage":"en-US","@id":"https:\/\/www.mexicanguitarplayers.com\/tienda\/sin categor\u00eda\/interfaz-a-r-t-mod-usb-mix\/#primaryimage","url":"https:\/\/www.mexicanguitarplayers.com\/wp-content\/uploads\/2025\/04\/IAARTUSBMIX.jpg","contentUrl":"https:\/\/www.mexicanguitarplayers.com\/wp-content\/uploads\/2025\/04\/IAARTUSBMIX.jpg","width":1200,"height":1200},{"@type":"BreadcrumbList","@id":"https:\/\/www.mexicanguitarplayers.com\/tienda\/sin categor\u00eda\/interfaz-a-r-t-mod-usb-mix\/#breadcrumb","itemListElement":[{"@type":"ListItem","position":1,"name":"Portada","item":"https:\/\/www.mexicanguitarplayers.com\/"},{"@type":"ListItem","position":2,"name":"Tienda","item":"https:\/\/www.mexicanguitarplayers.com\/tienda\/"},{"@type":"ListItem","position":3,"name":"INTERFAZ A.R.T. MOD. USB MIX"}]},{"@type":"WebSite","@id":"https:\/\/www.mexicanguitarplayers.com\/#website","url":"https:\/\/www.mexicanguitarplayers.com\/","name":"Mexican Guitar Players","description":"Website","publisher":{"@id":"https:\/\/www.mexicanguitarplayers.com\/#organization"},"potentialAction":[{"@type":"SearchAction","target":{"@type":"EntryPoint","urlTemplate":"https:\/\/www.mexicanguitarplayers.com\/?s={search_term_string}"},"query-input":{"@type":"PropertyValueSpecification","valueRequired":true,"valueName":"search_term_string"}}],"inLanguage":"en-US"},{"@type":"Organization","@id":"https:\/\/www.mexicanguitarplayers.com\/#organization","name":"Mexican Guitar Players","url":"https:\/\/www.mexicanguitarplayers.com\/","logo":{"@type":"ImageObject","inLanguage":"en-US","@id":"https:\/\/www.mexicanguitarplayers.com\/#\/schema\/logo\/image\/","url":"","contentUrl":"","caption":"Mexican Guitar Players"},"image":{"@id":"https:\/\/www.mexicanguitarplayers.com\/#\/schema\/logo\/image\/"}}]}},"brands":[{"id":531,"name":"ART","slug":"a-r-t"}],"_links":{"self":[{"href":"https:\/\/www.mexicanguitarplayers.com\/en\/wp-json\/wp\/v2\/product\/36662","targetHints":{"allow":["GET"]}}],"collection":[{"href":"https:\/\/www.mexicanguitarplayers.com\/en\/wp-json\/wp\/v2\/product"}],"about":[{"href":"https:\/\/www.mexicanguitarplayers.com\/en\/wp-json\/wp\/v2\/types\/product"}],"replies":[{"embeddable":true,"href":"https:\/\/www.mexicanguitarplayers.com\/en\/wp-json\/wp\/v2\/comments?post=36662"}],"wp:featuredmedia":[{"embeddable":true,"href":"https:\/\/www.mexicanguitarplayers.com\/en\/wp-json\/wp\/v2\/media\/36655"}],"wp:attachment":[{"href":"https:\/\/www.mexicanguitarplayers.com\/en\/wp-json\/wp\/v2\/media?parent=36662"}],"wp:term":[{"taxonomy":"pwb-brand","embeddable":true,"href":"https:\/\/www.mexicanguitarplayers.com\/en\/wp-json\/wp\/v2\/pwb-brand?post=36662"},{"taxonomy":"product_brand","embeddable":true,"href":"https:\/\/www.mexicanguitarplayers.com\/en\/wp-json\/wp\/v2\/product_brand?post=36662"},{"taxonomy":"product_cat","embeddable":true,"href":"https:\/\/www.mexicanguitarplayers.com\/en\/wp-json\/wp\/v2\/product_cat?post=36662"},{"taxonomy":"product_tag","embeddable":true,"href":"https:\/\/www.mexicanguitarplayers.com\/en\/wp-json\/wp\/v2\/product_tag?post=36662"}],"curies":[{"name":"wp","href":"https:\/\/api.w.org\/{rel}","templated":true}]}}