{"id":36674,"date":"2025-04-08T22:42:42","date_gmt":"2025-04-09T04:42:42","guid":{"rendered":"https:\/\/www.mexicanguitarplayers.com\/tienda\/sin categor\u00eda\/guitarra-washburn-e-acustica-g110swcek\/"},"modified":"2026-04-10T04:26:04","modified_gmt":"2026-04-10T10:26:04","slug":"guitarra-washburn-e-acustica-g110swcek","status":"publish","type":"product","link":"https:\/\/www.mexicanguitarplayers.com\/en\/tienda\/cuerdas\/guitarras-cuerdas\/acusticas\/guitarras-electro-acusticas\/guitarra-washburn-e-acustica-g110swcek\/","title":{"rendered":"GUITARRA WASHBURN E\/ACUSTICA G110SWCEK"},"content":{"rendered":"<div style=\"text-align: justify\">\n<div>\n<h3>Tu gran compa\u00f1era.<\/h3>\n<\/div>\n<div>La G110SWCE Woodline Grand Auditorium es una guitarra electroac\u00fastica s\u00f3lida cutaway que cuenta con una s\u00f3lida caja de resonancia de cedro rojo occidental con aros y fondo de caoba maciza. Una combinaci\u00f3n perfecta para los que tocan ya sea con los dedos o con p\u00faa, el cedro ofrece una calidez y riqueza respaldadas por la honestidad seca y robusta de los aros de caoba. Esta guitarra Grand Auditorium electroac\u00fastica utiliza un lujoso sistema de preamplificaci\u00f3n Fishman Presys Blend que permite al micr\u00f3fono mezclarse con un transductor undersaddle para lograr un tono amplificado maravillosamente ac\u00fastico. Todas las guitarras de la serie Woodline Solidwoods comparten los siguientes detalles: Diapas\u00f3n y puente de \u00e9bano, roseta de abul\u00f3n\/maple de 2 anillos, uni\u00f3n de palo de rosa, logotipo aperlado en el cabezal, maquinaria Graphtech y afinadores de presici\u00f3n con perillas negras.<\/div>\n<div>\n<h4>Quick look<\/h4>\n<\/div>\n<ul style=\"margin: 0px 0px 0px 25px\">\n<li style=\"list-style-type: circle;margin: 5px\">Cuerpo y construcci\u00f3n.<\/li>\n<li style=\"list-style-type: circle;margin: 5px\">Electr\u00f3nica.<\/li>\n<li style=\"list-style-type: circle;margin: 5px\">Otros.<\/li>\n<li style=\"list-style-type: circle;margin: 5px\">Arm.<\/li>\n<li style=\"list-style-type: circle;margin: 5px\">Hardware.<\/li>\n<\/ul>\n<div>\n<div style=\"font-weight: bold\">Cuerpo y construcci\u00f3n.<\/div>\n<div>\n<p>Cuerpo: Cedro rojo s\u00f3lido occidental. Aros y fondo: Caoba s\u00f3lida. Refuerzo: Cathedral Peaked Scalloped-X. Roseta: Abalone\/Maple de 2 anillos. Tipo: Guitarra ac\u00fastica. Forma: Grand Auditorium. Estilo: Cutaway.<\/p>\n<\/div>\n<div style=\"font-weight: bold\">Electr\u00f3nica.<\/div>\n<div>\n<p>Controles: Volume, \/ EQ (bass, mid, treble \/ notch \/ micblend \/ phase). Pastillas: Under Saddle Transducer y micr\u00f3fono interno. Sistema de preamplificaci\u00f3n: Fishman Presys+ Blend EQ con micr\u00f3fono y afinador integrados.<\/p>\n<\/div>\n<div style=\"font-weight: bold\">Otros.<\/div>\n<div>\n<p>Terminado al alto brillo.<\/p>\n<\/div>\n<div style=\"font-weight: bold\">Arm.<\/div>\n<div>\n<p>Brazo de caoba satinada con rieles de nogal y alma de 2 v\u00edas. Diapas\u00f3n de \u00e9bano. 20 trastes. Incrustaciones de puntos offset de 3 mm. Cejuela de hueso de 1-3\/4&#8243; de ancho. Escala: 25.5&#8243;.<\/p>\n<\/div>\n<div style=\"font-weight: bold\">Hardware.<\/div>\n<div>\n<p>Hardware cromado. Puente de \u00e9bano. Maquinaria: Graphtech Ratio Tuned con botones negros.<\/p>\n<\/div>\n<\/div>\n<\/div>","protected":false},"excerpt":{"rendered":"<p>Guitarra electroac\u00fastica tipo Grand Auditorium, cutaway, cuerpo de cedro rojo s\u00f3lido occidental, aros y fondo de caoba, refuerzo Cathedral Peaked Scalloped-X, rosetal de abalone\/maple de dos anillos, preamplificador Fishman Presys+ Blend con afinador y micr\u00f3fono integrados, pastilla undersaddle con volumen y ecualizador (bass, mid, treble \/ notch \/ micblend \/ phase), terminado al alto brillo, brazo de caoba satinada con rieles de nogal y alma de 2 v\u00edas, diapas\u00f3n de \u00e9bano, 20 trastes, incrustaciones de puntos offset de 3 mm, cejuela de hueso de 1-3\/4\u201d de ancho, escala: 25.5\u201d, hardware cromado, puente de \u00e9bano, maquinaria Graphtech Ratio Tuned con botones negros.&hellip; <a class=\"kt-excerpt-readmore more-link\" href=\"https:\/\/www.mexicanguitarplayers.com\/en\/tienda\/cuerdas\/guitarras-cuerdas\/acusticas\/guitarras-electro-acusticas\/guitarra-washburn-e-acustica-g110swcek\/\">Read more<\/a><\/p>","protected":false},"featured_media":36668,"comment_status":"open","ping_status":"closed","template":"","meta":{"kt_blocks_editor_width":""},"pwb-brand":[178],"product_brand":[],"product_cat":[315,224,312,316],"product_tag":[],"class_list":{"0":"post-36674","1":"product","2":"type-product","3":"status-publish","4":"has-post-thumbnail","6":"pwb-brand-washburn","7":"product_cat-acusticas","8":"product_cat-cuerdas","9":"product_cat-guitarras-cuerdas","10":"product_cat-guitarras-electro-acusticas","11":"product_shipping_class-5-10-kg","13":"first","14":"outofstock","15":"taxable","16":"shipping-taxable","17":"purchasable","18":"product-type-simple"},"yoast_head":"<!-- This site is optimized with the Yoast SEO plugin v27.6 - https:\/\/yoast.com\/product\/yoast-seo-wordpress\/ -->\n<title>GUITARRA WASHBURN E\/ACUSTICA G110SWCEK - Mexican Guitar Players<\/title>\n<meta name=\"description\" content=\"Guitarra electroac\u00fastica tipo Grand Auditorium, cutaway, cuerpo de cedro rojo s\u00f3lido occidental, aros y fondo de caoba, refuerzo Cathedral Peaked Scalloped-X, rosetal de abalone\/maple de dos anillos, preamplificador Fishman Presys+ Blend con afinador y micr\u00f3fono integrados, pastilla undersaddle con volumen y ecualizador (bass, mid, treble \/ notch \/ micblend \/ phase), terminado al alto brillo, brazo de caoba satinada con rieles de nogal y alma de 2 v\u00edas, diapas\u00f3n de \u00e9bano, 20 trastes, incrustaciones de puntos offset de 3 mm, cejuela de hueso de 1-3\/4\u201d de ancho, escala: 25.5\u201d, hardware cromado, puente de \u00e9bano, maquinaria Graphtech Ratio Tuned con botones negros.\" \/>\n<meta name=\"robots\" content=\"index, follow, max-snippet:-1, max-image-preview:large, max-video-preview:-1\" \/>\n<link rel=\"canonical\" href=\"https:\/\/www.mexicanguitarplayers.com\/en\/tienda\/sin%20categor\u00eda\/guitarra-washburn-e-acustica-g110swcek\/\" \/>\n<meta property=\"og:locale\" content=\"en_US\" \/>\n<meta property=\"og:type\" content=\"article\" \/>\n<meta property=\"og:title\" content=\"GUITARRA WASHBURN E\/ACUSTICA G110SWCEK - Mexican Guitar Players\" \/>\n<meta property=\"og:description\" content=\"Guitarra electroac\u00fastica tipo Grand Auditorium, cutaway, cuerpo de cedro rojo s\u00f3lido occidental, aros y fondo de caoba, refuerzo Cathedral Peaked Scalloped-X, rosetal de abalone\/maple de dos anillos, preamplificador Fishman Presys+ Blend con afinador y micr\u00f3fono integrados, pastilla undersaddle con volumen y ecualizador (bass, mid, treble \/ notch \/ micblend \/ phase), terminado al alto brillo, brazo de caoba satinada con rieles de nogal y alma de 2 v\u00edas, diapas\u00f3n de \u00e9bano, 20 trastes, incrustaciones de puntos offset de 3 mm, cejuela de hueso de 1-3\/4\u201d de ancho, escala: 25.5\u201d, hardware cromado, puente de \u00e9bano, maquinaria Graphtech Ratio Tuned con botones negros.\" \/>\n<meta property=\"og:url\" content=\"https:\/\/www.mexicanguitarplayers.com\/en\/tienda\/sin categor\u00eda\/guitarra-washburn-e-acustica-g110swcek\/\" \/>\n<meta property=\"og:site_name\" content=\"Mexican Guitar Players\" \/>\n<meta property=\"article:modified_time\" content=\"2026-04-10T10:26:04+00:00\" \/>\n<meta name=\"twitter:card\" content=\"summary_large_image\" \/>\n<meta name=\"twitter:label1\" content=\"Est. reading time\" \/>\n\t<meta name=\"twitter:data1\" content=\"1 minute\" \/>\n<script type=\"application\/ld+json\" class=\"yoast-schema-graph\">{\"@context\":\"https:\\\/\\\/schema.org\",\"@graph\":[{\"@type\":[\"WebPage\",\"ItemPage\"],\"@id\":\"https:\\\/\\\/www.mexicanguitarplayers.com\\\/tienda\\\/sin categor\u00eda\\\/guitarra-washburn-e-acustica-g110swcek\\\/\",\"url\":\"https:\\\/\\\/www.mexicanguitarplayers.com\\\/tienda\\\/sin categor\u00eda\\\/guitarra-washburn-e-acustica-g110swcek\\\/\",\"name\":\"GUITARRA WASHBURN E\\\/ACUSTICA G110SWCEK - Mexican Guitar Players\",\"isPartOf\":{\"@id\":\"https:\\\/\\\/www.mexicanguitarplayers.com\\\/#website\"},\"primaryImageOfPage\":{\"@id\":\"https:\\\/\\\/www.mexicanguitarplayers.com\\\/tienda\\\/sin categor\u00eda\\\/guitarra-washburn-e-acustica-g110swcek\\\/#primaryimage\"},\"image\":{\"@id\":\"https:\\\/\\\/www.mexicanguitarplayers.com\\\/tienda\\\/sin categor\u00eda\\\/guitarra-washburn-e-acustica-g110swcek\\\/#primaryimage\"},\"thumbnailUrl\":\"https:\\\/\\\/www.mexicanguitarplayers.com\\\/wp-content\\\/uploads\\\/2025\\\/04\\\/ISWASG110SWCEK.jpg\",\"datePublished\":\"2025-04-09T04:42:42+00:00\",\"dateModified\":\"2026-04-10T10:26:04+00:00\",\"description\":\"Guitarra electroac\u00fastica tipo Grand Auditorium, cutaway, cuerpo de cedro rojo s\u00f3lido occidental, aros y fondo de caoba, refuerzo Cathedral Peaked Scalloped-X, rosetal de abalone\\\/maple de dos anillos, preamplificador Fishman Presys+ Blend con afinador y micr\u00f3fono integrados, pastilla undersaddle con volumen y ecualizador (bass, mid, treble \\\/ notch \\\/ micblend \\\/ phase), terminado al alto brillo, brazo de caoba satinada con rieles de nogal y alma de 2 v\u00edas, diapas\u00f3n de \u00e9bano, 20 trastes, incrustaciones de puntos offset de 3 mm, cejuela de hueso de 1-3\\\/4\u201d de ancho, escala: 25.5\u201d, hardware cromado, puente de \u00e9bano, maquinaria Graphtech Ratio Tuned con botones negros.\",\"breadcrumb\":{\"@id\":\"https:\\\/\\\/www.mexicanguitarplayers.com\\\/tienda\\\/sin categor\u00eda\\\/guitarra-washburn-e-acustica-g110swcek\\\/#breadcrumb\"},\"inLanguage\":\"en-US\",\"potentialAction\":[{\"@type\":\"ReadAction\",\"target\":[\"https:\\\/\\\/www.mexicanguitarplayers.com\\\/tienda\\\/sin categor\u00eda\\\/guitarra-washburn-e-acustica-g110swcek\\\/\"]}]},{\"@type\":\"ImageObject\",\"inLanguage\":\"en-US\",\"@id\":\"https:\\\/\\\/www.mexicanguitarplayers.com\\\/tienda\\\/sin categor\u00eda\\\/guitarra-washburn-e-acustica-g110swcek\\\/#primaryimage\",\"url\":\"https:\\\/\\\/www.mexicanguitarplayers.com\\\/wp-content\\\/uploads\\\/2025\\\/04\\\/ISWASG110SWCEK.jpg\",\"contentUrl\":\"https:\\\/\\\/www.mexicanguitarplayers.com\\\/wp-content\\\/uploads\\\/2025\\\/04\\\/ISWASG110SWCEK.jpg\",\"width\":800,\"height\":1600},{\"@type\":\"BreadcrumbList\",\"@id\":\"https:\\\/\\\/www.mexicanguitarplayers.com\\\/tienda\\\/sin categor\u00eda\\\/guitarra-washburn-e-acustica-g110swcek\\\/#breadcrumb\",\"itemListElement\":[{\"@type\":\"ListItem\",\"position\":1,\"name\":\"Portada\",\"item\":\"https:\\\/\\\/www.mexicanguitarplayers.com\\\/\"},{\"@type\":\"ListItem\",\"position\":2,\"name\":\"Tienda\",\"item\":\"https:\\\/\\\/www.mexicanguitarplayers.com\\\/tienda\\\/\"},{\"@type\":\"ListItem\",\"position\":3,\"name\":\"GUITARRA WASHBURN E\\\/ACUSTICA G110SWCEK\"}]},{\"@type\":\"WebSite\",\"@id\":\"https:\\\/\\\/www.mexicanguitarplayers.com\\\/#website\",\"url\":\"https:\\\/\\\/www.mexicanguitarplayers.com\\\/\",\"name\":\"Mexican Guitar Players\",\"description\":\"Website\",\"publisher\":{\"@id\":\"https:\\\/\\\/www.mexicanguitarplayers.com\\\/#organization\"},\"potentialAction\":[{\"@type\":\"SearchAction\",\"target\":{\"@type\":\"EntryPoint\",\"urlTemplate\":\"https:\\\/\\\/www.mexicanguitarplayers.com\\\/?s={search_term_string}\"},\"query-input\":{\"@type\":\"PropertyValueSpecification\",\"valueRequired\":true,\"valueName\":\"search_term_string\"}}],\"inLanguage\":\"en-US\"},{\"@type\":\"Organization\",\"@id\":\"https:\\\/\\\/www.mexicanguitarplayers.com\\\/#organization\",\"name\":\"Mexican Guitar Players\",\"url\":\"https:\\\/\\\/www.mexicanguitarplayers.com\\\/\",\"logo\":{\"@type\":\"ImageObject\",\"inLanguage\":\"en-US\",\"@id\":\"https:\\\/\\\/www.mexicanguitarplayers.com\\\/#\\\/schema\\\/logo\\\/image\\\/\",\"url\":\"\",\"contentUrl\":\"\",\"caption\":\"Mexican Guitar Players\"},\"image\":{\"@id\":\"https:\\\/\\\/www.mexicanguitarplayers.com\\\/#\\\/schema\\\/logo\\\/image\\\/\"}}]}<\/script>\n<!-- \/ Yoast SEO plugin. -->","yoast_head_json":{"title":"GUITARRA WASHBURN E\/ACUSTICA G110SWCEK - Mexican Guitar Players","description":"Guitarra electroac\u00fastica tipo Grand Auditorium, cutaway, cuerpo de cedro rojo s\u00f3lido occidental, aros y fondo de caoba, refuerzo Cathedral Peaked Scalloped-X, rosetal de abalone\/maple de dos anillos, preamplificador Fishman Presys+ Blend con afinador y micr\u00f3fono integrados, pastilla undersaddle con volumen y ecualizador (bass, mid, treble \/ notch \/ micblend \/ phase), terminado al alto brillo, brazo de caoba satinada con rieles de nogal y alma de 2 v\u00edas, diapas\u00f3n de \u00e9bano, 20 trastes, incrustaciones de puntos offset de 3 mm, cejuela de hueso de 1-3\/4\u201d de ancho, escala: 25.5\u201d, hardware cromado, puente de \u00e9bano, maquinaria Graphtech Ratio Tuned con botones negros.","robots":{"index":"index","follow":"follow","max-snippet":"max-snippet:-1","max-image-preview":"max-image-preview:large","max-video-preview":"max-video-preview:-1"},"canonical":"https:\/\/www.mexicanguitarplayers.com\/en\/tienda\/sin categor\u00eda\/guitarra-washburn-e-acustica-g110swcek\/","og_locale":"en_US","og_type":"article","og_title":"GUITARRA WASHBURN E\/ACUSTICA G110SWCEK - Mexican Guitar Players","og_description":"Guitarra electroac\u00fastica tipo Grand Auditorium, cutaway, cuerpo de cedro rojo s\u00f3lido occidental, aros y fondo de caoba, refuerzo Cathedral Peaked Scalloped-X, rosetal de abalone\/maple de dos anillos, preamplificador Fishman Presys+ Blend con afinador y micr\u00f3fono integrados, pastilla undersaddle con volumen y ecualizador (bass, mid, treble \/ notch \/ micblend \/ phase), terminado al alto brillo, brazo de caoba satinada con rieles de nogal y alma de 2 v\u00edas, diapas\u00f3n de \u00e9bano, 20 trastes, incrustaciones de puntos offset de 3 mm, cejuela de hueso de 1-3\/4\u201d de ancho, escala: 25.5\u201d, hardware cromado, puente de \u00e9bano, maquinaria Graphtech Ratio Tuned con botones negros.","og_url":"https:\/\/www.mexicanguitarplayers.com\/en\/tienda\/sin categor\u00eda\/guitarra-washburn-e-acustica-g110swcek\/","og_site_name":"Mexican Guitar Players","article_modified_time":"2026-04-10T10:26:04+00:00","twitter_card":"summary_large_image","twitter_misc":{"Est. reading time":"1 minute"},"schema":{"@context":"https:\/\/schema.org","@graph":[{"@type":["WebPage","ItemPage"],"@id":"https:\/\/www.mexicanguitarplayers.com\/tienda\/sin categor\u00eda\/guitarra-washburn-e-acustica-g110swcek\/","url":"https:\/\/www.mexicanguitarplayers.com\/tienda\/sin categor\u00eda\/guitarra-washburn-e-acustica-g110swcek\/","name":"GUITARRA WASHBURN E\/ACUSTICA G110SWCEK - Mexican Guitar Players","isPartOf":{"@id":"https:\/\/www.mexicanguitarplayers.com\/#website"},"primaryImageOfPage":{"@id":"https:\/\/www.mexicanguitarplayers.com\/tienda\/sin categor\u00eda\/guitarra-washburn-e-acustica-g110swcek\/#primaryimage"},"image":{"@id":"https:\/\/www.mexicanguitarplayers.com\/tienda\/sin categor\u00eda\/guitarra-washburn-e-acustica-g110swcek\/#primaryimage"},"thumbnailUrl":"https:\/\/www.mexicanguitarplayers.com\/wp-content\/uploads\/2025\/04\/ISWASG110SWCEK.jpg","datePublished":"2025-04-09T04:42:42+00:00","dateModified":"2026-04-10T10:26:04+00:00","description":"Guitarra electroac\u00fastica tipo Grand Auditorium, cutaway, cuerpo de cedro rojo s\u00f3lido occidental, aros y fondo de caoba, refuerzo Cathedral Peaked Scalloped-X, rosetal de abalone\/maple de dos anillos, preamplificador Fishman Presys+ Blend con afinador y micr\u00f3fono integrados, pastilla undersaddle con volumen y ecualizador (bass, mid, treble \/ notch \/ micblend \/ phase), terminado al alto brillo, brazo de caoba satinada con rieles de nogal y alma de 2 v\u00edas, diapas\u00f3n de \u00e9bano, 20 trastes, incrustaciones de puntos offset de 3 mm, cejuela de hueso de 1-3\/4\u201d de ancho, escala: 25.5\u201d, hardware cromado, puente de \u00e9bano, maquinaria Graphtech Ratio Tuned con botones negros.","breadcrumb":{"@id":"https:\/\/www.mexicanguitarplayers.com\/tienda\/sin categor\u00eda\/guitarra-washburn-e-acustica-g110swcek\/#breadcrumb"},"inLanguage":"en-US","potentialAction":[{"@type":"ReadAction","target":["https:\/\/www.mexicanguitarplayers.com\/tienda\/sin categor\u00eda\/guitarra-washburn-e-acustica-g110swcek\/"]}]},{"@type":"ImageObject","inLanguage":"en-US","@id":"https:\/\/www.mexicanguitarplayers.com\/tienda\/sin categor\u00eda\/guitarra-washburn-e-acustica-g110swcek\/#primaryimage","url":"https:\/\/www.mexicanguitarplayers.com\/wp-content\/uploads\/2025\/04\/ISWASG110SWCEK.jpg","contentUrl":"https:\/\/www.mexicanguitarplayers.com\/wp-content\/uploads\/2025\/04\/ISWASG110SWCEK.jpg","width":800,"height":1600},{"@type":"BreadcrumbList","@id":"https:\/\/www.mexicanguitarplayers.com\/tienda\/sin categor\u00eda\/guitarra-washburn-e-acustica-g110swcek\/#breadcrumb","itemListElement":[{"@type":"ListItem","position":1,"name":"Portada","item":"https:\/\/www.mexicanguitarplayers.com\/"},{"@type":"ListItem","position":2,"name":"Tienda","item":"https:\/\/www.mexicanguitarplayers.com\/tienda\/"},{"@type":"ListItem","position":3,"name":"GUITARRA WASHBURN E\/ACUSTICA G110SWCEK"}]},{"@type":"WebSite","@id":"https:\/\/www.mexicanguitarplayers.com\/#website","url":"https:\/\/www.mexicanguitarplayers.com\/","name":"Mexican Guitar Players","description":"Website","publisher":{"@id":"https:\/\/www.mexicanguitarplayers.com\/#organization"},"potentialAction":[{"@type":"SearchAction","target":{"@type":"EntryPoint","urlTemplate":"https:\/\/www.mexicanguitarplayers.com\/?s={search_term_string}"},"query-input":{"@type":"PropertyValueSpecification","valueRequired":true,"valueName":"search_term_string"}}],"inLanguage":"en-US"},{"@type":"Organization","@id":"https:\/\/www.mexicanguitarplayers.com\/#organization","name":"Mexican Guitar Players","url":"https:\/\/www.mexicanguitarplayers.com\/","logo":{"@type":"ImageObject","inLanguage":"en-US","@id":"https:\/\/www.mexicanguitarplayers.com\/#\/schema\/logo\/image\/","url":"","contentUrl":"","caption":"Mexican Guitar Players"},"image":{"@id":"https:\/\/www.mexicanguitarplayers.com\/#\/schema\/logo\/image\/"}}]}},"brands":[{"id":178,"name":"WASHBURN","slug":"washburn"}],"_links":{"self":[{"href":"https:\/\/www.mexicanguitarplayers.com\/en\/wp-json\/wp\/v2\/product\/36674","targetHints":{"allow":["GET"]}}],"collection":[{"href":"https:\/\/www.mexicanguitarplayers.com\/en\/wp-json\/wp\/v2\/product"}],"about":[{"href":"https:\/\/www.mexicanguitarplayers.com\/en\/wp-json\/wp\/v2\/types\/product"}],"replies":[{"embeddable":true,"href":"https:\/\/www.mexicanguitarplayers.com\/en\/wp-json\/wp\/v2\/comments?post=36674"}],"wp:featuredmedia":[{"embeddable":true,"href":"https:\/\/www.mexicanguitarplayers.com\/en\/wp-json\/wp\/v2\/media\/36668"}],"wp:attachment":[{"href":"https:\/\/www.mexicanguitarplayers.com\/en\/wp-json\/wp\/v2\/media?parent=36674"}],"wp:term":[{"taxonomy":"pwb-brand","embeddable":true,"href":"https:\/\/www.mexicanguitarplayers.com\/en\/wp-json\/wp\/v2\/pwb-brand?post=36674"},{"taxonomy":"product_brand","embeddable":true,"href":"https:\/\/www.mexicanguitarplayers.com\/en\/wp-json\/wp\/v2\/product_brand?post=36674"},{"taxonomy":"product_cat","embeddable":true,"href":"https:\/\/www.mexicanguitarplayers.com\/en\/wp-json\/wp\/v2\/product_cat?post=36674"},{"taxonomy":"product_tag","embeddable":true,"href":"https:\/\/www.mexicanguitarplayers.com\/en\/wp-json\/wp\/v2\/product_tag?post=36674"}],"curies":[{"name":"wp","href":"https:\/\/api.w.org\/{rel}","templated":true}]}}