{"id":36679,"date":"2025-04-08T22:42:48","date_gmt":"2025-04-09T04:42:48","guid":{"rendered":"https:\/\/www.mexicanguitarplayers.com\/tienda\/sin categor\u00eda\/tarjeta-behringer-mod-wing-dante\/"},"modified":"2026-05-14T22:15:05","modified_gmt":"2026-05-15T04:15:05","slug":"tarjeta-behringer-mod-wing-dante","status":"publish","type":"product","link":"https:\/\/www.mexicanguitarplayers.com\/en\/tienda\/audio\/interfaces\/tarjeta-behringer-mod-wing-dante\/","title":{"rendered":"TARJETA BEHRINGER MOD. WING-DANTE"},"content":{"rendered":"<div style=\"text-align: justify\">\n<div>\n<h3>Ampliando las opciones de conectividad de WING para usuarios e integradores.<\/h3>\n<\/div>\n<div>La interfaz de audio bidireccional de 64 canales y 48 kHz brinda a\u00fan m\u00e1s opciones de E\/S a la mezcladora WING, al prepararla para la integraci\u00f3n con redes IP habilitadas para Dante. Dante es una soluci\u00f3n AoIP patentada de Audinate, que tambi\u00e9n cumple con el est\u00e1ndar AES67 para mejorar la interoperabilidad. Utilizar una infraestructura de red est\u00e1ndar de 100 Mbit\/s o Gigabit con QoS basada en DSCP, con soporte para muestras mixtas y tasas de bits que coexisten en la misma red. La tarjeta WING-DANTE utiliza transmisi\u00f3n de se\u00f1al de 24 bits con sincronizaci\u00f3n precisa de muestra y baja latencia, lo que garantiza la m\u00e1xima integridad del audio. Su entrada secundaria te permite configurar un acceso redundante y continuo a la red. La ranura de expansi\u00f3n de WING proporciona conectividad flexible y ampliable para muchas aplicaciones diferentes. La ranura de expansi\u00f3n de WING proporciona conectividad flexible y ampliable para muchas aplicaciones diferentes. La tarjeta de expansi\u00f3n WING-DANTE se puede instalar f\u00e1cilmente en lugar de la tarjeta WING-LIVE preinstalada. Simplemente retira los dos tornillos exteriores izquierdo y derecho y extrae la tarjeta de la ranura. Al instalar la tarjeta WING-DANTE, tu mezcladora hablar\u00e1 Dante de inmediato y se conectar\u00e1 con cualquier infraestructura de red Dante. Cuando la tarjeta WING-DANTE est\u00e1 conectada a una red o computadora personal, la aplicaci\u00f3n Dante-Controller de Audinate, te brinda control total sobre la configuraci\u00f3n y el enrutamiento de se\u00f1ales entre todos tus dispositivos habilitados para Dante en esa red. Adem\u00e1s, reemplazar tu tarjeta WING-LIVE no significa que tengas que renunciar a la opci\u00f3n de grabaci\u00f3n en vivo. Simplemente agrega el controlador Dante Virtual Soundcard a tu PC o Mac para habilitar la grabaci\u00f3n y reproducci\u00f3n basadas en Ethernet desde tu DAW o aplicaci\u00f3n favorita desde cualquier lugar de la red Dante. WING-DANTE prepara instant\u00e1neamente tu WING para la integraci\u00f3n en las instalaciones actuales de Dante\/AES67, lo que garantiza un sonido confiable en lugares grandes como centros de convenciones, iglesias o salas de conciertos utilizando conmutadores Ethernet est\u00e1ndar (100 MB o 1 Gigabit Ethernet). Esta es una forma econ\u00f3mica pero poderosa de conectar opciones de E\/S en la red, lo que permite que tu software maneje el enrutamiento de se\u00f1al es de forma remota, en lugar de parchear enlaces f\u00edsicos por cable.<\/div>\n<div>\n<h4>Quick look<\/h4>\n<\/div>\n<ul style=\"margin: 0px 0px 0px 25px\">\n<li style=\"list-style-type: circle;margin: 5px\">Kind.<\/li>\n<li style=\"list-style-type: circle;margin: 5px\">Interfaz.<\/li>\n<li style=\"list-style-type: circle;margin: 5px\">Latency<\/li>\n<li style=\"list-style-type: circle;margin: 5px\">Control remoto.<\/li>\n<li style=\"list-style-type: circle;margin: 5px\">Aplicaci\u00f3n Dante Controller.<\/li>\n<li style=\"list-style-type: circle;margin: 5px\">Tarjeta virtual.<\/li>\n<\/ul>\n<div>\n<div style=\"font-weight: bold\">Kind.<\/div>\n<div>\n<p>Tarjeta de expansi\u00f3n WING para 64&#215;64 canales Audinate Dante AoIP Networking.<\/p>\n<\/div>\n<div style=\"font-weight: bold\">Interfaz.<\/div>\n<div>\n<p>Interfaz de audio bidireccional de 64 canales y 48 kHz para redes IP Dante.<\/p>\n<\/div>\n<div style=\"font-weight: bold\">Latency<\/div>\n<div>\n<p>Transmisi\u00f3n de se\u00f1al de baja latencia de 24 bits con sincronizaci\u00f3n precisa de muestra.<\/p>\n<\/div>\n<div style=\"font-weight: bold\">Control remoto.<\/div>\n<div>\n<p>Control remoto WING posible en la misma red utilizando el switch Ethernet integrado.<\/p>\n<\/div>\n<div style=\"font-weight: bold\">Aplicaci\u00f3n Dante Controller.<\/div>\n<div>\n<p>Aplicaci\u00f3n Audinate Dante Controller con control total sobre la configuraci\u00f3n y el enrutamiento de se\u00f1ales entre todos los dispositivos habilitados para Dante.<\/p>\n<\/div>\n<div style=\"font-weight: bold\">Tarjeta virtual.<\/div>\n<div>\n<p>Tarjeta de sonido Dante Virtual que permite utilizar tu PC o Mac para la grabaci\u00f3n y reproducci\u00f3n multitrack basada en IP de hasta 64 canales (licencia disponible opcionalmente en www.audinate.com).<\/p>\n<\/div>\n<\/div>\n<div>\n<h4>Characteristics<\/h4>\n<\/div>\n<div>\n<ul style=\"margin: 0px 0px 0px 25px\">\n<li style=\"list-style-type: circle;margin: 5px\">Red.<\/li>\n<\/ul>\n<\/div>\n<\/div>","protected":false},"excerpt":{"rendered":"<p>Tarjeta de expansi\u00f3n WING para 64&#215;64 canales Audinate Dante AoIP Networking, interfaz de audio bidireccional de 64 canales y 48 kHz para redes IP Dante, transmisi\u00f3n de se\u00f1al de baja latencia de 24 bits con sincronizaci\u00f3n precisa de muestra, permite la interfaz con infraestructura de red est\u00e1ndar de 100 MBits\/s o Gigabit con QoS basada en DSCP, las velocidades de muestreo y de bits mixtas pueden coexistir en la misma red Dante, control remoto WING posible en la misma red utilizando el switch Ethernet integrado, aplicaci\u00f3n Audinate Dante Controller con control total sobre la configuraci\u00f3n y el enrutamiento de se\u00f1ales entre todos los dispositivos habilitados para Dante, tarjeta de sonido Dante Virtual que permite utilizar tu PC o Mac para la grabaci\u00f3n y reproducci\u00f3n multitrack basada en IP de hasta 64 canales (licencia disponible opcionalmente en www.audinate.com), la conexi\u00f3n secundaria se puede configurar para una red de audio redundante perfecta.&hellip; <a class=\"kt-excerpt-readmore more-link\" href=\"https:\/\/www.mexicanguitarplayers.com\/en\/tienda\/audio\/interfaces\/tarjeta-behringer-mod-wing-dante\/\">Read more<\/a><\/p>","protected":false},"featured_media":36675,"comment_status":"open","ping_status":"closed","template":"","meta":{"kt_blocks_editor_width":""},"pwb-brand":[171],"product_brand":[],"product_cat":[213,233],"product_tag":[],"class_list":{"0":"post-36679","1":"product","2":"type-product","3":"status-publish","4":"has-post-thumbnail","6":"pwb-brand-behringer","7":"product_cat-audio","8":"product_cat-interfaces","9":"product_shipping_class-0-5-kg","11":"first","12":"outofstock","13":"taxable","14":"shipping-taxable","15":"purchasable","16":"product-type-simple"},"yoast_head":"<!-- This site is optimized with the Yoast SEO plugin v27.6 - https:\/\/yoast.com\/product\/yoast-seo-wordpress\/ -->\n<title>TARJETA BEHRINGER MOD. WING-DANTE - Mexican Guitar Players<\/title>\n<meta name=\"description\" content=\"Tarjeta de expansi\u00f3n WING para 64x64 canales Audinate Dante AoIP Networking, interfaz de audio bidireccional de 64 canales y 48 kHz para redes IP Dante, transmisi\u00f3n de se\u00f1al de baja latencia de 24 bits con sincronizaci\u00f3n precisa de muestra, permite la interfaz con infraestructura de red est\u00e1ndar de 100 MBits\/s o Gigabit con QoS basada en DSCP, las velocidades de muestreo y de bits mixtas pueden coexistir en la misma red Dante, control remoto WING posible en la misma red utilizando el switch Ethernet integrado, aplicaci\u00f3n Audinate Dante Controller con control total sobre la configuraci\u00f3n y el enrutamiento de se\u00f1ales entre todos los dispositivos habilitados para Dante, tarjeta de sonido Dante Virtual que permite utilizar tu PC o Mac para la grabaci\u00f3n y reproducci\u00f3n multitrack basada en IP de hasta 64 canales (licencia disponible opcionalmente en www.audinate.com), la conexi\u00f3n secundaria se puede configurar para una red de audio redundante perfecta.\" \/>\n<meta name=\"robots\" content=\"index, follow, max-snippet:-1, max-image-preview:large, max-video-preview:-1\" \/>\n<link rel=\"canonical\" href=\"https:\/\/www.mexicanguitarplayers.com\/en\/tienda\/sin%20categor\u00eda\/tarjeta-behringer-mod-wing-dante\/\" \/>\n<meta property=\"og:locale\" content=\"en_US\" \/>\n<meta property=\"og:type\" content=\"article\" \/>\n<meta property=\"og:title\" content=\"TARJETA BEHRINGER MOD. WING-DANTE - Mexican Guitar Players\" \/>\n<meta property=\"og:description\" content=\"Tarjeta de expansi\u00f3n WING para 64x64 canales Audinate Dante AoIP Networking, interfaz de audio bidireccional de 64 canales y 48 kHz para redes IP Dante, transmisi\u00f3n de se\u00f1al de baja latencia de 24 bits con sincronizaci\u00f3n precisa de muestra, permite la interfaz con infraestructura de red est\u00e1ndar de 100 MBits\/s o Gigabit con QoS basada en DSCP, las velocidades de muestreo y de bits mixtas pueden coexistir en la misma red Dante, control remoto WING posible en la misma red utilizando el switch Ethernet integrado, aplicaci\u00f3n Audinate Dante Controller con control total sobre la configuraci\u00f3n y el enrutamiento de se\u00f1ales entre todos los dispositivos habilitados para Dante, tarjeta de sonido Dante Virtual que permite utilizar tu PC o Mac para la grabaci\u00f3n y reproducci\u00f3n multitrack basada en IP de hasta 64 canales (licencia disponible opcionalmente en www.audinate.com), la conexi\u00f3n secundaria se puede configurar para una red de audio redundante perfecta.\" \/>\n<meta property=\"og:url\" content=\"https:\/\/www.mexicanguitarplayers.com\/en\/tienda\/sin categor\u00eda\/tarjeta-behringer-mod-wing-dante\/\" \/>\n<meta property=\"og:site_name\" content=\"Mexican Guitar Players\" \/>\n<meta property=\"article:modified_time\" content=\"2026-05-15T04:15:05+00:00\" \/>\n<meta name=\"twitter:card\" content=\"summary_large_image\" \/>\n<meta name=\"twitter:label1\" content=\"Est. reading time\" \/>\n\t<meta name=\"twitter:data1\" content=\"3 minutes\" \/>\n<script type=\"application\/ld+json\" class=\"yoast-schema-graph\">{\"@context\":\"https:\\\/\\\/schema.org\",\"@graph\":[{\"@type\":[\"WebPage\",\"ItemPage\"],\"@id\":\"https:\\\/\\\/www.mexicanguitarplayers.com\\\/tienda\\\/sin categor\u00eda\\\/tarjeta-behringer-mod-wing-dante\\\/\",\"url\":\"https:\\\/\\\/www.mexicanguitarplayers.com\\\/tienda\\\/sin categor\u00eda\\\/tarjeta-behringer-mod-wing-dante\\\/\",\"name\":\"TARJETA BEHRINGER MOD. WING-DANTE - Mexican Guitar Players\",\"isPartOf\":{\"@id\":\"https:\\\/\\\/www.mexicanguitarplayers.com\\\/#website\"},\"primaryImageOfPage\":{\"@id\":\"https:\\\/\\\/www.mexicanguitarplayers.com\\\/tienda\\\/sin categor\u00eda\\\/tarjeta-behringer-mod-wing-dante\\\/#primaryimage\"},\"image\":{\"@id\":\"https:\\\/\\\/www.mexicanguitarplayers.com\\\/tienda\\\/sin categor\u00eda\\\/tarjeta-behringer-mod-wing-dante\\\/#primaryimage\"},\"thumbnailUrl\":\"https:\\\/\\\/www.mexicanguitarplayers.com\\\/wp-content\\\/uploads\\\/2025\\\/04\\\/IABEHWINGDANTE.jpg\",\"datePublished\":\"2025-04-09T04:42:48+00:00\",\"dateModified\":\"2026-05-15T04:15:05+00:00\",\"description\":\"Tarjeta de expansi\u00f3n WING para 64x64 canales Audinate Dante AoIP Networking, interfaz de audio bidireccional de 64 canales y 48 kHz para redes IP Dante, transmisi\u00f3n de se\u00f1al de baja latencia de 24 bits con sincronizaci\u00f3n precisa de muestra, permite la interfaz con infraestructura de red est\u00e1ndar de 100 MBits\\\/s o Gigabit con QoS basada en DSCP, las velocidades de muestreo y de bits mixtas pueden coexistir en la misma red Dante, control remoto WING posible en la misma red utilizando el switch Ethernet integrado, aplicaci\u00f3n Audinate Dante Controller con control total sobre la configuraci\u00f3n y el enrutamiento de se\u00f1ales entre todos los dispositivos habilitados para Dante, tarjeta de sonido Dante Virtual que permite utilizar tu PC o Mac para la grabaci\u00f3n y reproducci\u00f3n multitrack basada en IP de hasta 64 canales (licencia disponible opcionalmente en www.audinate.com), la conexi\u00f3n secundaria se puede configurar para una red de audio redundante perfecta.\",\"breadcrumb\":{\"@id\":\"https:\\\/\\\/www.mexicanguitarplayers.com\\\/tienda\\\/sin categor\u00eda\\\/tarjeta-behringer-mod-wing-dante\\\/#breadcrumb\"},\"inLanguage\":\"en-US\",\"potentialAction\":[{\"@type\":\"ReadAction\",\"target\":[\"https:\\\/\\\/www.mexicanguitarplayers.com\\\/tienda\\\/sin categor\u00eda\\\/tarjeta-behringer-mod-wing-dante\\\/\"]}]},{\"@type\":\"ImageObject\",\"inLanguage\":\"en-US\",\"@id\":\"https:\\\/\\\/www.mexicanguitarplayers.com\\\/tienda\\\/sin categor\u00eda\\\/tarjeta-behringer-mod-wing-dante\\\/#primaryimage\",\"url\":\"https:\\\/\\\/www.mexicanguitarplayers.com\\\/wp-content\\\/uploads\\\/2025\\\/04\\\/IABEHWINGDANTE.jpg\",\"contentUrl\":\"https:\\\/\\\/www.mexicanguitarplayers.com\\\/wp-content\\\/uploads\\\/2025\\\/04\\\/IABEHWINGDANTE.jpg\",\"width\":1600,\"height\":800},{\"@type\":\"BreadcrumbList\",\"@id\":\"https:\\\/\\\/www.mexicanguitarplayers.com\\\/tienda\\\/sin categor\u00eda\\\/tarjeta-behringer-mod-wing-dante\\\/#breadcrumb\",\"itemListElement\":[{\"@type\":\"ListItem\",\"position\":1,\"name\":\"Portada\",\"item\":\"https:\\\/\\\/www.mexicanguitarplayers.com\\\/\"},{\"@type\":\"ListItem\",\"position\":2,\"name\":\"Tienda\",\"item\":\"https:\\\/\\\/www.mexicanguitarplayers.com\\\/tienda\\\/\"},{\"@type\":\"ListItem\",\"position\":3,\"name\":\"TARJETA BEHRINGER MOD. WING-DANTE\"}]},{\"@type\":\"WebSite\",\"@id\":\"https:\\\/\\\/www.mexicanguitarplayers.com\\\/#website\",\"url\":\"https:\\\/\\\/www.mexicanguitarplayers.com\\\/\",\"name\":\"Mexican Guitar Players\",\"description\":\"Website\",\"publisher\":{\"@id\":\"https:\\\/\\\/www.mexicanguitarplayers.com\\\/#organization\"},\"potentialAction\":[{\"@type\":\"SearchAction\",\"target\":{\"@type\":\"EntryPoint\",\"urlTemplate\":\"https:\\\/\\\/www.mexicanguitarplayers.com\\\/?s={search_term_string}\"},\"query-input\":{\"@type\":\"PropertyValueSpecification\",\"valueRequired\":true,\"valueName\":\"search_term_string\"}}],\"inLanguage\":\"en-US\"},{\"@type\":\"Organization\",\"@id\":\"https:\\\/\\\/www.mexicanguitarplayers.com\\\/#organization\",\"name\":\"Mexican Guitar Players\",\"url\":\"https:\\\/\\\/www.mexicanguitarplayers.com\\\/\",\"logo\":{\"@type\":\"ImageObject\",\"inLanguage\":\"en-US\",\"@id\":\"https:\\\/\\\/www.mexicanguitarplayers.com\\\/#\\\/schema\\\/logo\\\/image\\\/\",\"url\":\"\",\"contentUrl\":\"\",\"caption\":\"Mexican Guitar Players\"},\"image\":{\"@id\":\"https:\\\/\\\/www.mexicanguitarplayers.com\\\/#\\\/schema\\\/logo\\\/image\\\/\"}}]}<\/script>\n<!-- \/ Yoast SEO plugin. -->","yoast_head_json":{"title":"TARJETA BEHRINGER MOD. WING-DANTE - Mexican Guitar Players","description":"Tarjeta de expansi\u00f3n WING para 64x64 canales Audinate Dante AoIP Networking, interfaz de audio bidireccional de 64 canales y 48 kHz para redes IP Dante, transmisi\u00f3n de se\u00f1al de baja latencia de 24 bits con sincronizaci\u00f3n precisa de muestra, permite la interfaz con infraestructura de red est\u00e1ndar de 100 MBits\/s o Gigabit con QoS basada en DSCP, las velocidades de muestreo y de bits mixtas pueden coexistir en la misma red Dante, control remoto WING posible en la misma red utilizando el switch Ethernet integrado, aplicaci\u00f3n Audinate Dante Controller con control total sobre la configuraci\u00f3n y el enrutamiento de se\u00f1ales entre todos los dispositivos habilitados para Dante, tarjeta de sonido Dante Virtual que permite utilizar tu PC o Mac para la grabaci\u00f3n y reproducci\u00f3n multitrack basada en IP de hasta 64 canales (licencia disponible opcionalmente en www.audinate.com), la conexi\u00f3n secundaria se puede configurar para una red de audio redundante perfecta.","robots":{"index":"index","follow":"follow","max-snippet":"max-snippet:-1","max-image-preview":"max-image-preview:large","max-video-preview":"max-video-preview:-1"},"canonical":"https:\/\/www.mexicanguitarplayers.com\/en\/tienda\/sin categor\u00eda\/tarjeta-behringer-mod-wing-dante\/","og_locale":"en_US","og_type":"article","og_title":"TARJETA BEHRINGER MOD. WING-DANTE - Mexican Guitar Players","og_description":"Tarjeta de expansi\u00f3n WING para 64x64 canales Audinate Dante AoIP Networking, interfaz de audio bidireccional de 64 canales y 48 kHz para redes IP Dante, transmisi\u00f3n de se\u00f1al de baja latencia de 24 bits con sincronizaci\u00f3n precisa de muestra, permite la interfaz con infraestructura de red est\u00e1ndar de 100 MBits\/s o Gigabit con QoS basada en DSCP, las velocidades de muestreo y de bits mixtas pueden coexistir en la misma red Dante, control remoto WING posible en la misma red utilizando el switch Ethernet integrado, aplicaci\u00f3n Audinate Dante Controller con control total sobre la configuraci\u00f3n y el enrutamiento de se\u00f1ales entre todos los dispositivos habilitados para Dante, tarjeta de sonido Dante Virtual que permite utilizar tu PC o Mac para la grabaci\u00f3n y reproducci\u00f3n multitrack basada en IP de hasta 64 canales (licencia disponible opcionalmente en www.audinate.com), la conexi\u00f3n secundaria se puede configurar para una red de audio redundante perfecta.","og_url":"https:\/\/www.mexicanguitarplayers.com\/en\/tienda\/sin categor\u00eda\/tarjeta-behringer-mod-wing-dante\/","og_site_name":"Mexican Guitar Players","article_modified_time":"2026-05-15T04:15:05+00:00","twitter_card":"summary_large_image","twitter_misc":{"Est. reading time":"3 minutes"},"schema":{"@context":"https:\/\/schema.org","@graph":[{"@type":["WebPage","ItemPage"],"@id":"https:\/\/www.mexicanguitarplayers.com\/tienda\/sin categor\u00eda\/tarjeta-behringer-mod-wing-dante\/","url":"https:\/\/www.mexicanguitarplayers.com\/tienda\/sin categor\u00eda\/tarjeta-behringer-mod-wing-dante\/","name":"TARJETA BEHRINGER MOD. WING-DANTE - Mexican Guitar Players","isPartOf":{"@id":"https:\/\/www.mexicanguitarplayers.com\/#website"},"primaryImageOfPage":{"@id":"https:\/\/www.mexicanguitarplayers.com\/tienda\/sin categor\u00eda\/tarjeta-behringer-mod-wing-dante\/#primaryimage"},"image":{"@id":"https:\/\/www.mexicanguitarplayers.com\/tienda\/sin categor\u00eda\/tarjeta-behringer-mod-wing-dante\/#primaryimage"},"thumbnailUrl":"https:\/\/www.mexicanguitarplayers.com\/wp-content\/uploads\/2025\/04\/IABEHWINGDANTE.jpg","datePublished":"2025-04-09T04:42:48+00:00","dateModified":"2026-05-15T04:15:05+00:00","description":"Tarjeta de expansi\u00f3n WING para 64x64 canales Audinate Dante AoIP Networking, interfaz de audio bidireccional de 64 canales y 48 kHz para redes IP Dante, transmisi\u00f3n de se\u00f1al de baja latencia de 24 bits con sincronizaci\u00f3n precisa de muestra, permite la interfaz con infraestructura de red est\u00e1ndar de 100 MBits\/s o Gigabit con QoS basada en DSCP, las velocidades de muestreo y de bits mixtas pueden coexistir en la misma red Dante, control remoto WING posible en la misma red utilizando el switch Ethernet integrado, aplicaci\u00f3n Audinate Dante Controller con control total sobre la configuraci\u00f3n y el enrutamiento de se\u00f1ales entre todos los dispositivos habilitados para Dante, tarjeta de sonido Dante Virtual que permite utilizar tu PC o Mac para la grabaci\u00f3n y reproducci\u00f3n multitrack basada en IP de hasta 64 canales (licencia disponible opcionalmente en www.audinate.com), la conexi\u00f3n secundaria se puede configurar para una red de audio redundante perfecta.","breadcrumb":{"@id":"https:\/\/www.mexicanguitarplayers.com\/tienda\/sin categor\u00eda\/tarjeta-behringer-mod-wing-dante\/#breadcrumb"},"inLanguage":"en-US","potentialAction":[{"@type":"ReadAction","target":["https:\/\/www.mexicanguitarplayers.com\/tienda\/sin categor\u00eda\/tarjeta-behringer-mod-wing-dante\/"]}]},{"@type":"ImageObject","inLanguage":"en-US","@id":"https:\/\/www.mexicanguitarplayers.com\/tienda\/sin categor\u00eda\/tarjeta-behringer-mod-wing-dante\/#primaryimage","url":"https:\/\/www.mexicanguitarplayers.com\/wp-content\/uploads\/2025\/04\/IABEHWINGDANTE.jpg","contentUrl":"https:\/\/www.mexicanguitarplayers.com\/wp-content\/uploads\/2025\/04\/IABEHWINGDANTE.jpg","width":1600,"height":800},{"@type":"BreadcrumbList","@id":"https:\/\/www.mexicanguitarplayers.com\/tienda\/sin categor\u00eda\/tarjeta-behringer-mod-wing-dante\/#breadcrumb","itemListElement":[{"@type":"ListItem","position":1,"name":"Portada","item":"https:\/\/www.mexicanguitarplayers.com\/"},{"@type":"ListItem","position":2,"name":"Tienda","item":"https:\/\/www.mexicanguitarplayers.com\/tienda\/"},{"@type":"ListItem","position":3,"name":"TARJETA BEHRINGER MOD. WING-DANTE"}]},{"@type":"WebSite","@id":"https:\/\/www.mexicanguitarplayers.com\/#website","url":"https:\/\/www.mexicanguitarplayers.com\/","name":"Mexican Guitar Players","description":"Website","publisher":{"@id":"https:\/\/www.mexicanguitarplayers.com\/#organization"},"potentialAction":[{"@type":"SearchAction","target":{"@type":"EntryPoint","urlTemplate":"https:\/\/www.mexicanguitarplayers.com\/?s={search_term_string}"},"query-input":{"@type":"PropertyValueSpecification","valueRequired":true,"valueName":"search_term_string"}}],"inLanguage":"en-US"},{"@type":"Organization","@id":"https:\/\/www.mexicanguitarplayers.com\/#organization","name":"Mexican Guitar Players","url":"https:\/\/www.mexicanguitarplayers.com\/","logo":{"@type":"ImageObject","inLanguage":"en-US","@id":"https:\/\/www.mexicanguitarplayers.com\/#\/schema\/logo\/image\/","url":"","contentUrl":"","caption":"Mexican Guitar Players"},"image":{"@id":"https:\/\/www.mexicanguitarplayers.com\/#\/schema\/logo\/image\/"}}]}},"brands":[{"id":171,"name":"BEHRINGER","slug":"behringer"}],"_links":{"self":[{"href":"https:\/\/www.mexicanguitarplayers.com\/en\/wp-json\/wp\/v2\/product\/36679","targetHints":{"allow":["GET"]}}],"collection":[{"href":"https:\/\/www.mexicanguitarplayers.com\/en\/wp-json\/wp\/v2\/product"}],"about":[{"href":"https:\/\/www.mexicanguitarplayers.com\/en\/wp-json\/wp\/v2\/types\/product"}],"replies":[{"embeddable":true,"href":"https:\/\/www.mexicanguitarplayers.com\/en\/wp-json\/wp\/v2\/comments?post=36679"}],"wp:featuredmedia":[{"embeddable":true,"href":"https:\/\/www.mexicanguitarplayers.com\/en\/wp-json\/wp\/v2\/media\/36675"}],"wp:attachment":[{"href":"https:\/\/www.mexicanguitarplayers.com\/en\/wp-json\/wp\/v2\/media?parent=36679"}],"wp:term":[{"taxonomy":"pwb-brand","embeddable":true,"href":"https:\/\/www.mexicanguitarplayers.com\/en\/wp-json\/wp\/v2\/pwb-brand?post=36679"},{"taxonomy":"product_brand","embeddable":true,"href":"https:\/\/www.mexicanguitarplayers.com\/en\/wp-json\/wp\/v2\/product_brand?post=36679"},{"taxonomy":"product_cat","embeddable":true,"href":"https:\/\/www.mexicanguitarplayers.com\/en\/wp-json\/wp\/v2\/product_cat?post=36679"},{"taxonomy":"product_tag","embeddable":true,"href":"https:\/\/www.mexicanguitarplayers.com\/en\/wp-json\/wp\/v2\/product_tag?post=36679"}],"curies":[{"name":"wp","href":"https:\/\/api.w.org\/{rel}","templated":true}]}}