{"id":36684,"date":"2025-04-08T22:42:54","date_gmt":"2025-04-09T04:42:54","guid":{"rendered":"https:\/\/www.mexicanguitarplayers.com\/tienda\/sin categor\u00eda\/bocina-beyma-5-mod-5cx200fe\/"},"modified":"2025-07-01T04:21:01","modified_gmt":"2025-07-01T10:21:01","slug":"bocina-beyma-5-mod-5cx200fe","status":"publish","type":"product","link":"https:\/\/www.mexicanguitarplayers.com\/en\/tienda\/audio\/bafles-y-bocinas\/bocinas-y-componentes\/agudos\/bocina-beyma-5-mod-5cx200fe\/","title":{"rendered":"BOCINA BEYMA   5     MOD. 5CX200FE"},"content":{"rendered":"<div style=\"text-align: justify\">\n<div>\n<h3>Un coaxial muy vers\u00e1til.<\/h3>\n<\/div>\n<div>Un conductor con muchas aplicaciones, como altavoces compactos de gama completa para instalaci\u00f3n, monitores de estudio peque\u00f1os, equipo de alta fidelidad y sistemas de cine en casa. Los par\u00e1metros est\u00e1n optimizados para una construcci\u00f3n compacta.<\/div>\n<div>\n<h4>Quick look<\/h4>\n<\/div>\n<ul style=\"margin: 0px 0px 0px 25px\">\n<li style=\"list-style-type: circle;margin: 5px\">Di\u00e1metro nominal.<\/li>\n<li style=\"list-style-type: circle;margin: 5px\">Nominal impedance.<\/li>\n<li style=\"list-style-type: circle;margin: 5px\">Impedancia m\u00ednima.<\/li>\n<li style=\"list-style-type: circle;margin: 5px\">Power.<\/li>\n<li style=\"list-style-type: circle;margin: 5px\">Sensitivity.<\/li>\n<li style=\"list-style-type: circle;margin: 5px\">Rango de frecuencia.<\/li>\n<li style=\"list-style-type: circle;margin: 5px\">Frecuencia recomendada de crossover.<\/li>\n<li style=\"list-style-type: circle;margin: 5px\">Di\u00e1metro de la bobina m\u00f3vil.<\/li>\n<li style=\"list-style-type: circle;margin: 5px\">Dispersi\u00f3n c\u00f3nica.<\/li>\n<li style=\"list-style-type: circle;margin: 5px\">Factor BL.<\/li>\n<li style=\"list-style-type: circle;margin: 5px\">Masa m\u00f3vil.<\/li>\n<li style=\"list-style-type: circle;margin: 5px\">Longitud del bobinado.<\/li>\n<li style=\"list-style-type: circle;margin: 5px\">Xdamage pp.<\/li>\n<li style=\"list-style-type: circle;margin: 5px\">Kit de remplazo.<\/li>\n<li style=\"list-style-type: circle;margin: 5px\">Diafragma de remplazo.<\/li>\n<li style=\"list-style-type: circle;margin: 5px\">FS.<\/li>\n<li style=\"list-style-type: circle;margin: 5px\">Resistencia.<\/li>\n<li style=\"list-style-type: circle;margin: 5px\">QMS.<\/li>\n<li style=\"list-style-type: circle;margin: 5px\">QES.<\/li>\n<li style=\"list-style-type: circle;margin: 5px\">QTS.<\/li>\n<li style=\"list-style-type: circle;margin: 5px\">VAS.<\/li>\n<li style=\"list-style-type: circle;margin: 5px\">CMS.<\/li>\n<li style=\"list-style-type: circle;margin: 5px\">RMS.<\/li>\n<li style=\"list-style-type: circle;margin: 5px\">Porcentaje de eficiencia.<\/li>\n<li style=\"list-style-type: circle;margin: 5px\">SD.<\/li>\n<li style=\"list-style-type: circle;margin: 5px\">XMAX.<\/li>\n<li style=\"list-style-type: circle;margin: 5px\">VD.<\/li>\n<li style=\"list-style-type: circle;margin: 5px\">Le @1 kHz.<\/li>\n<li style=\"list-style-type: circle;margin: 5px\">Weight.<\/li>\n<li style=\"list-style-type: circle;margin: 5px\">Im\u00e1n.<\/li>\n<li style=\"list-style-type: circle;margin: 5px\">Tecnolog\u00edas.<\/li>\n<\/ul>\n<div>\n<div style=\"font-weight: bold\">Di\u00e1metro nominal.<\/div>\n<div>\n<p>5&#8243; pulgadas (127\u00bf5 mm).<\/p>\n<\/div>\n<div style=\"font-weight: bold\">Nominal impedance.<\/div>\n<div>\n<p>LF: 8 ohms. HF: 8 ohms.<\/p>\n<\/div>\n<div style=\"font-weight: bold\">Impedancia m\u00ednima.<\/div>\n<div>\n<p>LF: 5.2 ohms. HF: 5.9 ohms.<\/p>\n<\/div>\n<div style=\"font-weight: bold\">Power.<\/div>\n<div>\n<p>LF: 150 watts AES \/ 300 watts programa. HF: 25 watts AES \/ 50 watts programa.<\/p>\n<\/div>\n<div style=\"font-weight: bold\">Sensitivity.<\/div>\n<div>\n<p>LF: 92.5 @ 1 m @ 2?. HF: 102 2.83 @ 1 m @ 2?.<\/p>\n<\/div>\n<div style=\"font-weight: bold\">Rango de frecuencia.<\/div>\n<div>\n<p>69 &#8211; 20,000 Hz.<\/p>\n<\/div>\n<div style=\"font-weight: bold\">Frecuencia recomendada de crossover.<\/div>\n<div>\n<p>3.5 kHz o mayor (12 dB\/oct. min pendiente).<\/p>\n<\/div>\n<div style=\"font-weight: bold\">Di\u00e1metro de la bobina m\u00f3vil.<\/div>\n<div>\n<p>LF: 1.5&#8243; pulgadas (39 mm). HF: 1.75&#8243; pulgadas (44 mm).<\/p>\n<\/div>\n<div style=\"font-weight: bold\">Dispersi\u00f3n c\u00f3nica.<\/div>\n<div>\n<p>70\u00ba.<\/p>\n<\/div>\n<div style=\"font-weight: bold\">Factor BL.<\/div>\n<div>\n<p>7.18 N\/A.<\/p>\n<\/div>\n<div style=\"font-weight: bold\">Masa m\u00f3vil.<\/div>\n<div>\n<p>0.007 kg.<\/p>\n<\/div>\n<div style=\"font-weight: bold\">Longitud del bobinado.<\/div>\n<div>\n<p>14 mm.<\/p>\n<\/div>\n<div style=\"font-weight: bold\">Xdamage pp.<\/div>\n<div>\n<p>21 mm.<\/p>\n<\/div>\n<div style=\"font-weight: bold\">Kit de remplazo.<\/div>\n<div>\n<p>5M5CX2ND8.<\/p>\n<\/div>\n<div style=\"font-weight: bold\">Diafragma de remplazo.<\/div>\n<div>\n<p>5MCP5CX8.<\/p>\n<\/div>\n<div style=\"font-weight: bold\">FS.<\/div>\n<div>\n<p>69 Hz.<\/p>\n<\/div>\n<div style=\"font-weight: bold\">Resistencia.<\/div>\n<div>\n<p>5.1 ohms.<\/p>\n<\/div>\n<div style=\"font-weight: bold\">QMS.<\/div>\n<div>\n<p>10.07.<\/p>\n<\/div>\n<div style=\"font-weight: bold\">QES.<\/div>\n<div>\n<p>0.32.<\/p>\n<\/div>\n<div style=\"font-weight: bold\">QTS.<\/div>\n<div>\n<p>0.31.<\/p>\n<\/div>\n<div style=\"font-weight: bold\">VAS.<\/div>\n<div>\n<p>8.9 l.<\/p>\n<\/div>\n<div style=\"font-weight: bold\">CMS.<\/div>\n<div>\n<p>697 \u00b5m \/ N.<\/p>\n<\/div>\n<div style=\"font-weight: bold\">RMS.<\/div>\n<div>\n<p>0.32 kg\/s.<\/p>\n<\/div>\n<div style=\"font-weight: bold\">Porcentaje de eficiencia.<\/div>\n<div>\n<p>0.86%.<\/p>\n<\/div>\n<div style=\"font-weight: bold\">SD.<\/div>\n<div>\n<p>0.0095 m\u00b2.<\/p>\n<\/div>\n<div style=\"font-weight: bold\">XMAX.<\/div>\n<div>\n<p>5.7 mm.<\/p>\n<\/div>\n<div style=\"font-weight: bold\">VD.<\/div>\n<div>\n<p>48.1 cm\u00b3.<\/p>\n<\/div>\n<div style=\"font-weight: bold\">Le @1 kHz.<\/div>\n<div>\n<p>0.2 mH.<\/p>\n<\/div>\n<div style=\"font-weight: bold\">Weight.<\/div>\n<div>\n<p>2.51 kg.<\/p>\n<\/div>\n<div style=\"font-weight: bold\">Im\u00e1n.<\/div>\n<div>\n<p>Ferrita.<\/p>\n<\/div>\n<div style=\"font-weight: bold\">Tecnolog\u00edas.<\/div>\n<div>\n<p>MMSS. PM4.<\/p>\n<\/div>\n<\/div>\n<\/div>","protected":false},"excerpt":{"rendered":"<p>Bocina de 5\u201d pulgadas, potencia AES LF: 150 watts, potencia AES HF: 25 watts, sensibilidad LF: 92.5, sensibilidad HF: 102 dB, frecuencia de resonancia: 69 Hz, dise\u00f1o con tecnolog\u00eda MMSS para un alto control, simetr\u00eda y linealidad, anillo de demodulaci\u00f3n para distorsi\u00f3n arm\u00f3nica baja, ara\u00f1a CONEX para una mayor resistencia y consistencia, cono de papel impermeable con envolvente SantopreneTM, excelente respuesta fuera del eje, dispersi\u00f3n c\u00f3nica: 70\u00b0.&hellip; <a class=\"kt-excerpt-readmore more-link\" href=\"https:\/\/www.mexicanguitarplayers.com\/en\/tienda\/audio\/bafles-y-bocinas\/bocinas-y-componentes\/agudos\/bocina-beyma-5-mod-5cx200fe\/\">Read more<\/a><\/p>","protected":false},"featured_media":36683,"comment_status":"open","ping_status":"closed","template":"","meta":{"kt_blocks_editor_width":""},"pwb-brand":[477],"product_brand":[],"product_cat":[530,213,221,474],"product_tag":[],"class_list":{"0":"post-36684","1":"product","2":"type-product","3":"status-publish","4":"has-post-thumbnail","6":"pwb-brand-beyma","7":"product_cat-agudos","8":"product_cat-audio","9":"product_cat-bafles-y-bocinas","10":"product_cat-bocinas-y-componentes","11":"product_shipping_class-0-5-kg","13":"first","14":"outofstock","15":"taxable","16":"shipping-taxable","17":"purchasable","18":"product-type-simple"},"yoast_head":"<!-- This site is optimized with the Yoast SEO plugin v27.3 - https:\/\/yoast.com\/product\/yoast-seo-wordpress\/ -->\n<title>BOCINA BEYMA  5   MOD. 5CX200FE - Mexican Guitar Players<\/title>\n<meta name=\"description\" content=\"Bocina de 5\u201d pulgadas, potencia AES LF: 150 watts, potencia AES HF: 25 watts, sensibilidad LF: 92.5, sensibilidad HF: 102 dB, frecuencia de resonancia: 69 Hz, dise\u00f1o con tecnolog\u00eda MMSS para un alto control, simetr\u00eda y linealidad, anillo de demodulaci\u00f3n para distorsi\u00f3n arm\u00f3nica baja, ara\u00f1a CONEX para una mayor resistencia y consistencia, cono de papel impermeable con envolvente SantopreneTM, excelente respuesta fuera del eje, dispersi\u00f3n c\u00f3nica: 70\u00b0.\" \/>\n<meta name=\"robots\" content=\"index, follow, max-snippet:-1, max-image-preview:large, max-video-preview:-1\" \/>\n<link rel=\"canonical\" href=\"https:\/\/www.mexicanguitarplayers.com\/en\/tienda\/sin%20categor\u00eda\/bocina-beyma-5-mod-5cx200fe\/\" \/>\n<meta property=\"og:locale\" content=\"en_US\" \/>\n<meta property=\"og:type\" content=\"article\" \/>\n<meta property=\"og:title\" content=\"BOCINA BEYMA  5   MOD. 5CX200FE - Mexican Guitar Players\" \/>\n<meta property=\"og:description\" content=\"Bocina de 5\u201d pulgadas, potencia AES LF: 150 watts, potencia AES HF: 25 watts, sensibilidad LF: 92.5, sensibilidad HF: 102 dB, frecuencia de resonancia: 69 Hz, dise\u00f1o con tecnolog\u00eda MMSS para un alto control, simetr\u00eda y linealidad, anillo de demodulaci\u00f3n para distorsi\u00f3n arm\u00f3nica baja, ara\u00f1a CONEX para una mayor resistencia y consistencia, cono de papel impermeable con envolvente SantopreneTM, excelente respuesta fuera del eje, dispersi\u00f3n c\u00f3nica: 70\u00b0.\" \/>\n<meta property=\"og:url\" content=\"https:\/\/www.mexicanguitarplayers.com\/en\/tienda\/sin categor\u00eda\/bocina-beyma-5-mod-5cx200fe\/\" \/>\n<meta property=\"og:site_name\" content=\"Mexican Guitar Players\" \/>\n<meta property=\"article:modified_time\" content=\"2025-07-01T10:21:01+00:00\" \/>\n<meta name=\"twitter:card\" content=\"summary_large_image\" \/>\n<meta name=\"twitter:label1\" content=\"Est. reading time\" \/>\n\t<meta name=\"twitter:data1\" content=\"1 minute\" \/>\n<script type=\"application\/ld+json\" class=\"yoast-schema-graph\">{\"@context\":\"https:\\\/\\\/schema.org\",\"@graph\":[{\"@type\":[\"WebPage\",\"ItemPage\"],\"@id\":\"https:\\\/\\\/www.mexicanguitarplayers.com\\\/tienda\\\/sin categor\u00eda\\\/bocina-beyma-5-mod-5cx200fe\\\/\",\"url\":\"https:\\\/\\\/www.mexicanguitarplayers.com\\\/tienda\\\/sin categor\u00eda\\\/bocina-beyma-5-mod-5cx200fe\\\/\",\"name\":\"BOCINA BEYMA 5 MOD. 5CX200FE - Mexican Guitar Players\",\"isPartOf\":{\"@id\":\"https:\\\/\\\/www.mexicanguitarplayers.com\\\/#website\"},\"primaryImageOfPage\":{\"@id\":\"https:\\\/\\\/www.mexicanguitarplayers.com\\\/tienda\\\/sin categor\u00eda\\\/bocina-beyma-5-mod-5cx200fe\\\/#primaryimage\"},\"image\":{\"@id\":\"https:\\\/\\\/www.mexicanguitarplayers.com\\\/tienda\\\/sin categor\u00eda\\\/bocina-beyma-5-mod-5cx200fe\\\/#primaryimage\"},\"thumbnailUrl\":\"https:\\\/\\\/www.mexicanguitarplayers.com\\\/wp-content\\\/uploads\\\/2025\\\/04\\\/IABEY5CX200FE.jpg\",\"datePublished\":\"2025-04-09T04:42:54+00:00\",\"dateModified\":\"2025-07-01T10:21:01+00:00\",\"description\":\"Bocina de 5\u201d pulgadas, potencia AES LF: 150 watts, potencia AES HF: 25 watts, sensibilidad LF: 92.5, sensibilidad HF: 102 dB, frecuencia de resonancia: 69 Hz, dise\u00f1o con tecnolog\u00eda MMSS para un alto control, simetr\u00eda y linealidad, anillo de demodulaci\u00f3n para distorsi\u00f3n arm\u00f3nica baja, ara\u00f1a CONEX para una mayor resistencia y consistencia, cono de papel impermeable con envolvente SantopreneTM, excelente respuesta fuera del eje, dispersi\u00f3n c\u00f3nica: 70\u00b0.\",\"breadcrumb\":{\"@id\":\"https:\\\/\\\/www.mexicanguitarplayers.com\\\/tienda\\\/sin categor\u00eda\\\/bocina-beyma-5-mod-5cx200fe\\\/#breadcrumb\"},\"inLanguage\":\"en-US\",\"potentialAction\":[{\"@type\":\"ReadAction\",\"target\":[\"https:\\\/\\\/www.mexicanguitarplayers.com\\\/tienda\\\/sin categor\u00eda\\\/bocina-beyma-5-mod-5cx200fe\\\/\"]}]},{\"@type\":\"ImageObject\",\"inLanguage\":\"en-US\",\"@id\":\"https:\\\/\\\/www.mexicanguitarplayers.com\\\/tienda\\\/sin categor\u00eda\\\/bocina-beyma-5-mod-5cx200fe\\\/#primaryimage\",\"url\":\"https:\\\/\\\/www.mexicanguitarplayers.com\\\/wp-content\\\/uploads\\\/2025\\\/04\\\/IABEY5CX200FE.jpg\",\"contentUrl\":\"https:\\\/\\\/www.mexicanguitarplayers.com\\\/wp-content\\\/uploads\\\/2025\\\/04\\\/IABEY5CX200FE.jpg\",\"width\":1200,\"height\":1200},{\"@type\":\"BreadcrumbList\",\"@id\":\"https:\\\/\\\/www.mexicanguitarplayers.com\\\/tienda\\\/sin categor\u00eda\\\/bocina-beyma-5-mod-5cx200fe\\\/#breadcrumb\",\"itemListElement\":[{\"@type\":\"ListItem\",\"position\":1,\"name\":\"Portada\",\"item\":\"https:\\\/\\\/www.mexicanguitarplayers.com\\\/\"},{\"@type\":\"ListItem\",\"position\":2,\"name\":\"Tienda\",\"item\":\"https:\\\/\\\/www.mexicanguitarplayers.com\\\/tienda\\\/\"},{\"@type\":\"ListItem\",\"position\":3,\"name\":\"BOCINA BEYMA 5 MOD. 5CX200FE\"}]},{\"@type\":\"WebSite\",\"@id\":\"https:\\\/\\\/www.mexicanguitarplayers.com\\\/#website\",\"url\":\"https:\\\/\\\/www.mexicanguitarplayers.com\\\/\",\"name\":\"Mexican Guitar Players\",\"description\":\"Website\",\"publisher\":{\"@id\":\"https:\\\/\\\/www.mexicanguitarplayers.com\\\/#organization\"},\"potentialAction\":[{\"@type\":\"SearchAction\",\"target\":{\"@type\":\"EntryPoint\",\"urlTemplate\":\"https:\\\/\\\/www.mexicanguitarplayers.com\\\/?s={search_term_string}\"},\"query-input\":{\"@type\":\"PropertyValueSpecification\",\"valueRequired\":true,\"valueName\":\"search_term_string\"}}],\"inLanguage\":\"en-US\"},{\"@type\":\"Organization\",\"@id\":\"https:\\\/\\\/www.mexicanguitarplayers.com\\\/#organization\",\"name\":\"Mexican Guitar Players\",\"url\":\"https:\\\/\\\/www.mexicanguitarplayers.com\\\/\",\"logo\":{\"@type\":\"ImageObject\",\"inLanguage\":\"en-US\",\"@id\":\"https:\\\/\\\/www.mexicanguitarplayers.com\\\/#\\\/schema\\\/logo\\\/image\\\/\",\"url\":\"\",\"contentUrl\":\"\",\"caption\":\"Mexican Guitar Players\"},\"image\":{\"@id\":\"https:\\\/\\\/www.mexicanguitarplayers.com\\\/#\\\/schema\\\/logo\\\/image\\\/\"}}]}<\/script>\n<!-- \/ Yoast SEO plugin. -->","yoast_head_json":{"title":"BOCINA BEYMA  5   MOD. 5CX200FE - Mexican Guitar Players","description":"Bocina de 5\u201d pulgadas, potencia AES LF: 150 watts, potencia AES HF: 25 watts, sensibilidad LF: 92.5, sensibilidad HF: 102 dB, frecuencia de resonancia: 69 Hz, dise\u00f1o con tecnolog\u00eda MMSS para un alto control, simetr\u00eda y linealidad, anillo de demodulaci\u00f3n para distorsi\u00f3n arm\u00f3nica baja, ara\u00f1a CONEX para una mayor resistencia y consistencia, cono de papel impermeable con envolvente SantopreneTM, excelente respuesta fuera del eje, dispersi\u00f3n c\u00f3nica: 70\u00b0.","robots":{"index":"index","follow":"follow","max-snippet":"max-snippet:-1","max-image-preview":"max-image-preview:large","max-video-preview":"max-video-preview:-1"},"canonical":"https:\/\/www.mexicanguitarplayers.com\/en\/tienda\/sin categor\u00eda\/bocina-beyma-5-mod-5cx200fe\/","og_locale":"en_US","og_type":"article","og_title":"BOCINA BEYMA  5   MOD. 5CX200FE - Mexican Guitar Players","og_description":"Bocina de 5\u201d pulgadas, potencia AES LF: 150 watts, potencia AES HF: 25 watts, sensibilidad LF: 92.5, sensibilidad HF: 102 dB, frecuencia de resonancia: 69 Hz, dise\u00f1o con tecnolog\u00eda MMSS para un alto control, simetr\u00eda y linealidad, anillo de demodulaci\u00f3n para distorsi\u00f3n arm\u00f3nica baja, ara\u00f1a CONEX para una mayor resistencia y consistencia, cono de papel impermeable con envolvente SantopreneTM, excelente respuesta fuera del eje, dispersi\u00f3n c\u00f3nica: 70\u00b0.","og_url":"https:\/\/www.mexicanguitarplayers.com\/en\/tienda\/sin categor\u00eda\/bocina-beyma-5-mod-5cx200fe\/","og_site_name":"Mexican Guitar Players","article_modified_time":"2025-07-01T10:21:01+00:00","twitter_card":"summary_large_image","twitter_misc":{"Est. reading time":"1 minute"},"schema":{"@context":"https:\/\/schema.org","@graph":[{"@type":["WebPage","ItemPage"],"@id":"https:\/\/www.mexicanguitarplayers.com\/tienda\/sin categor\u00eda\/bocina-beyma-5-mod-5cx200fe\/","url":"https:\/\/www.mexicanguitarplayers.com\/tienda\/sin categor\u00eda\/bocina-beyma-5-mod-5cx200fe\/","name":"BOCINA BEYMA 5 MOD. 5CX200FE - Mexican Guitar Players","isPartOf":{"@id":"https:\/\/www.mexicanguitarplayers.com\/#website"},"primaryImageOfPage":{"@id":"https:\/\/www.mexicanguitarplayers.com\/tienda\/sin categor\u00eda\/bocina-beyma-5-mod-5cx200fe\/#primaryimage"},"image":{"@id":"https:\/\/www.mexicanguitarplayers.com\/tienda\/sin categor\u00eda\/bocina-beyma-5-mod-5cx200fe\/#primaryimage"},"thumbnailUrl":"https:\/\/www.mexicanguitarplayers.com\/wp-content\/uploads\/2025\/04\/IABEY5CX200FE.jpg","datePublished":"2025-04-09T04:42:54+00:00","dateModified":"2025-07-01T10:21:01+00:00","description":"Bocina de 5\u201d pulgadas, potencia AES LF: 150 watts, potencia AES HF: 25 watts, sensibilidad LF: 92.5, sensibilidad HF: 102 dB, frecuencia de resonancia: 69 Hz, dise\u00f1o con tecnolog\u00eda MMSS para un alto control, simetr\u00eda y linealidad, anillo de demodulaci\u00f3n para distorsi\u00f3n arm\u00f3nica baja, ara\u00f1a CONEX para una mayor resistencia y consistencia, cono de papel impermeable con envolvente SantopreneTM, excelente respuesta fuera del eje, dispersi\u00f3n c\u00f3nica: 70\u00b0.","breadcrumb":{"@id":"https:\/\/www.mexicanguitarplayers.com\/tienda\/sin categor\u00eda\/bocina-beyma-5-mod-5cx200fe\/#breadcrumb"},"inLanguage":"en-US","potentialAction":[{"@type":"ReadAction","target":["https:\/\/www.mexicanguitarplayers.com\/tienda\/sin categor\u00eda\/bocina-beyma-5-mod-5cx200fe\/"]}]},{"@type":"ImageObject","inLanguage":"en-US","@id":"https:\/\/www.mexicanguitarplayers.com\/tienda\/sin categor\u00eda\/bocina-beyma-5-mod-5cx200fe\/#primaryimage","url":"https:\/\/www.mexicanguitarplayers.com\/wp-content\/uploads\/2025\/04\/IABEY5CX200FE.jpg","contentUrl":"https:\/\/www.mexicanguitarplayers.com\/wp-content\/uploads\/2025\/04\/IABEY5CX200FE.jpg","width":1200,"height":1200},{"@type":"BreadcrumbList","@id":"https:\/\/www.mexicanguitarplayers.com\/tienda\/sin categor\u00eda\/bocina-beyma-5-mod-5cx200fe\/#breadcrumb","itemListElement":[{"@type":"ListItem","position":1,"name":"Portada","item":"https:\/\/www.mexicanguitarplayers.com\/"},{"@type":"ListItem","position":2,"name":"Tienda","item":"https:\/\/www.mexicanguitarplayers.com\/tienda\/"},{"@type":"ListItem","position":3,"name":"BOCINA BEYMA 5 MOD. 5CX200FE"}]},{"@type":"WebSite","@id":"https:\/\/www.mexicanguitarplayers.com\/#website","url":"https:\/\/www.mexicanguitarplayers.com\/","name":"Mexican Guitar Players","description":"Website","publisher":{"@id":"https:\/\/www.mexicanguitarplayers.com\/#organization"},"potentialAction":[{"@type":"SearchAction","target":{"@type":"EntryPoint","urlTemplate":"https:\/\/www.mexicanguitarplayers.com\/?s={search_term_string}"},"query-input":{"@type":"PropertyValueSpecification","valueRequired":true,"valueName":"search_term_string"}}],"inLanguage":"en-US"},{"@type":"Organization","@id":"https:\/\/www.mexicanguitarplayers.com\/#organization","name":"Mexican Guitar Players","url":"https:\/\/www.mexicanguitarplayers.com\/","logo":{"@type":"ImageObject","inLanguage":"en-US","@id":"https:\/\/www.mexicanguitarplayers.com\/#\/schema\/logo\/image\/","url":"","contentUrl":"","caption":"Mexican Guitar Players"},"image":{"@id":"https:\/\/www.mexicanguitarplayers.com\/#\/schema\/logo\/image\/"}}]}},"brands":[{"id":477,"name":"BEYMA","slug":"beyma"}],"_links":{"self":[{"href":"https:\/\/www.mexicanguitarplayers.com\/en\/wp-json\/wp\/v2\/product\/36684","targetHints":{"allow":["GET"]}}],"collection":[{"href":"https:\/\/www.mexicanguitarplayers.com\/en\/wp-json\/wp\/v2\/product"}],"about":[{"href":"https:\/\/www.mexicanguitarplayers.com\/en\/wp-json\/wp\/v2\/types\/product"}],"replies":[{"embeddable":true,"href":"https:\/\/www.mexicanguitarplayers.com\/en\/wp-json\/wp\/v2\/comments?post=36684"}],"wp:featuredmedia":[{"embeddable":true,"href":"https:\/\/www.mexicanguitarplayers.com\/en\/wp-json\/wp\/v2\/media\/36683"}],"wp:attachment":[{"href":"https:\/\/www.mexicanguitarplayers.com\/en\/wp-json\/wp\/v2\/media?parent=36684"}],"wp:term":[{"taxonomy":"pwb-brand","embeddable":true,"href":"https:\/\/www.mexicanguitarplayers.com\/en\/wp-json\/wp\/v2\/pwb-brand?post=36684"},{"taxonomy":"product_brand","embeddable":true,"href":"https:\/\/www.mexicanguitarplayers.com\/en\/wp-json\/wp\/v2\/product_brand?post=36684"},{"taxonomy":"product_cat","embeddable":true,"href":"https:\/\/www.mexicanguitarplayers.com\/en\/wp-json\/wp\/v2\/product_cat?post=36684"},{"taxonomy":"product_tag","embeddable":true,"href":"https:\/\/www.mexicanguitarplayers.com\/en\/wp-json\/wp\/v2\/product_tag?post=36684"}],"curies":[{"name":"wp","href":"https:\/\/api.w.org\/{rel}","templated":true}]}}