{"id":36688,"date":"2025-04-08T22:42:59","date_gmt":"2025-04-09T04:42:59","guid":{"rendered":"https:\/\/www.mexicanguitarplayers.com\/tienda\/sin categor\u00eda\/bafle-wharfedale-mod-psx112\/"},"modified":"2026-01-22T07:15:40","modified_gmt":"2026-01-22T13:15:40","slug":"bafle-wharfedale-mod-psx112","status":"publish","type":"product","link":"https:\/\/www.mexicanguitarplayers.com\/en\/tienda\/audio\/bafles-y-bocinas\/bafles\/bafles-activos\/bafle-wharfedale-mod-psx112\/","title":{"rendered":"BAFLE WHARFEDALE MOD. PSX112"},"content":{"rendered":"<div style=\"text-align: justify\">\n<div>\n<h3>Entregando un gran poder a la gente.<\/h3>\n<\/div>\n<div>El altavoz activo de pl\u00e1stico PSX112 (12&#8243;, 350W continuos) es una soluci\u00f3n de PA potente y de alta calidad para cualquier proyecto de sonido limitado por el presupuesto. Construido en polipropileno duradero y utilizando una rejilla frontal de acero de cara completa, el PSX112 es una herramienta robusta y vers\u00e1til, ideal para DJ; m\u00fasicos e instalaciones. Se han utilizado drivers Wharfedale Pro personalizados. Ambos modelos PSX (112 y 115) utilizan un driver de compresi\u00f3n HF de 1.75&#8243; l\u00edder en su clase, para garantizar un rendimiento de alta frecuencia, claro y preciso. Mientras tanto, las grandes bobinas m\u00f3viles de 2&#8243; pulgadas utilizadas en los drivers LF brindan un manejo eficiente de la potencia, incluso a vol\u00famenes extremos. PSX112 se biamplifica usando un amplificador Clase D para LF y un Clase AB para HF. Esta combinaci\u00f3n proporciona una gran relaci\u00f3n poder-precio. Sin embargo, la operaci\u00f3n simple es la clave. Con controles de agudos y graves de \u00b112 dB y conectividad directa, incluso el usuario m\u00e1s inexperto puede lograr un excelente sonido.<\/div>\n<div>\n<h4>Quick look<\/h4>\n<\/div>\n<ul style=\"margin: 0px 0px 0px 25px\">\n<li style=\"list-style-type: circle;margin: 5px\">Tipo de sistema.<\/li>\n<li style=\"list-style-type: circle;margin: 5px\">Transductor LF.<\/li>\n<li style=\"list-style-type: circle;margin: 5px\">Transductor HF.<\/li>\n<li style=\"list-style-type: circle;margin: 5px\">Amplificadores.<\/li>\n<li style=\"list-style-type: circle;margin: 5px\">Feeding.<\/li>\n<li style=\"list-style-type: circle;margin: 5px\">Otros.<\/li>\n<li style=\"list-style-type: circle;margin: 5px\">Gabinete.<\/li>\n<li style=\"list-style-type: circle;margin: 5px\">Dimensions.<\/li>\n<li style=\"list-style-type: circle;margin: 5px\">Weight.<\/li>\n<\/ul>\n<div>\n<div style=\"font-weight: bold\">Tipo de sistema.<\/div>\n<div>\n<p>Activo, 12&#8243; pulgadas, 2 v\u00edas, biamplificado. Respuesta de frecuencia (\u00b13 dB): 55 &#8211; 20 kHz. Sensibilidad @ 1w\/1m: 95 dB. SPL m\u00e1ximo: 128 dB.<\/p>\n<\/div>\n<div style=\"font-weight: bold\">Transductor LF.<\/div>\n<div>\n<p>Tama\u00f1o: 12&#8243; pulgadas (305 mm). Bobina m\u00f3vil: 2&#8243; pulgadas (50.8 mm). Impedancia: 4 ohms.<\/p>\n<\/div>\n<div style=\"font-weight: bold\">Transductor HF.<\/div>\n<div>\n<p>Tipo: Driver de compresi\u00f3n. Bobina m\u00f3vil: 1.75&#8243; pulgadas (44.5 mm). Salida 1&#8243; pulgadas (25 mm). Material del diafragma: Titanio. Impedancia: 8 ohms. Dispersi\u00f3n HF: 90\u00b0 x 60\u00b0.<\/p>\n<\/div>\n<div style=\"font-weight: bold\">Amplificadores.<\/div>\n<div>\n<p>Amplificador de baja frecuencia (Clase D): 250W continuos y 500W pico. Amplificador de alta frecuencia (Clase AB): 100W continuos y 200W pico. Frecuencias de crossover: HI PASS 2.5 kHz, LOW PASS 2.5 kHz. Controles EQ \u00b112 dB Ganancia, para bass y treble. Protecci\u00f3n al encender: Power switch on\/off mute. Protecci\u00f3n t\u00e9rmica: apagado de amplificador, auto reset. Otras protecciones: Driver, DC y corto circuito. Indicador de limitador: LED rojo. Indicador de encendido: LED verde. Tipo de entrada: Balanceada. Sensibilidad de entrada: 0 dB. Conectores de entrada: TRS y XLR hembra. Impedancia de entrada: 47 kilo-ohms balanceados. Nivel de entrada m\u00e1ximo: 5V. Conector de salida de l\u00ednea: XLR macho.<\/p>\n<\/div>\n<div style=\"font-weight: bold\">Feeding.<\/div>\n<div>\n<p>Fuente de alimentaci\u00f3n: SMPS. Opciones de alimentaci\u00f3n: 100v-120v y 200v-240v. Indicador de encendido: LED.<\/p>\n<\/div>\n<div style=\"font-weight: bold\">Otros.<\/div>\n<div>\n<p>Suspensi\u00f3n: Puntos de montaje: 4 puntos M8. Montaje en poste de 35 mm con tornillo de bloqueo. 3 asas de transporte (una en cada lado y una en la parte superior). Soporte de montaje en pared SPB-2 opcional (se vende por separado).<\/p>\n<\/div>\n<div style=\"font-weight: bold\">Gabinete.<\/div>\n<div>\n<p>Material. Polipropileno moldeado por inyecci\u00f3n. Rejilla: Acero, 1.2 mm. <\/p>\n<\/div>\n<div style=\"font-weight: bold\">Dimensions.<\/div>\n<div>\n<p>603 x 377 x 347 mm.<\/p>\n<\/div>\n<div style=\"font-weight: bold\">Weight.<\/div>\n<div>\n<p>15 kg.<\/p>\n<\/div>\n<\/div>\n<\/div>","protected":false},"excerpt":{"rendered":"<p>Bafle activo biamplificado de 12\u201d pulgadas, 350W continuos y 700W pico, repuesta de frecuencia: 55 &#8211; 20 kHz, sensibilidad: 95 dB, SPL m\u00e1ximo: 128 dB, bobina m\u00f3vil: 2\u201d pulgadas (50.8 mm), diafragma de titanio, perilla de ecualizaci\u00f3n HF y LF, dispersi\u00f3n: 90\u00b0 x 60\u00b0, rejilla de acero, dimensiones: 603 x 377 x 347 mm, peso: 15 kg.&hellip; <a class=\"kt-excerpt-readmore more-link\" href=\"https:\/\/www.mexicanguitarplayers.com\/en\/tienda\/audio\/bafles-y-bocinas\/bafles\/bafles-activos\/bafle-wharfedale-mod-psx112\/\">Read more<\/a><\/p>","protected":false},"featured_media":36685,"comment_status":"open","ping_status":"closed","template":"","meta":{"kt_blocks_editor_width":""},"pwb-brand":[555],"product_brand":[],"product_cat":[213,222,472,221],"product_tag":[],"class_list":{"0":"post-36688","1":"product","2":"type-product","3":"status-publish","4":"has-post-thumbnail","6":"pwb-brand-wharfedale","7":"product_cat-audio","8":"product_cat-bafles","9":"product_cat-bafles-activos","10":"product_cat-bafles-y-bocinas","11":"product_shipping_class-0-5-kg","13":"first","14":"outofstock","15":"taxable","16":"shipping-taxable","17":"purchasable","18":"product-type-simple"},"yoast_head":"<!-- This site is optimized with the Yoast SEO plugin v27.3 - https:\/\/yoast.com\/product\/yoast-seo-wordpress\/ -->\n<title>BAFLE WHARFEDALE MOD. PSX112 - Mexican Guitar Players<\/title>\n<meta name=\"description\" content=\"Bafle activo biamplificado de 12\u201d pulgadas, 350W continuos y 700W pico, repuesta de frecuencia: 55 - 20 kHz, sensibilidad: 95 dB, SPL m\u00e1ximo: 128 dB, bobina m\u00f3vil: 2\u201d pulgadas (50.8 mm), diafragma de titanio, perilla de ecualizaci\u00f3n HF y LF, dispersi\u00f3n: 90\u00b0 x 60\u00b0, rejilla de acero, dimensiones: 603 x 377 x 347 mm, peso: 15 kg.\" \/>\n<meta name=\"robots\" content=\"index, follow, max-snippet:-1, max-image-preview:large, max-video-preview:-1\" \/>\n<link rel=\"canonical\" href=\"https:\/\/www.mexicanguitarplayers.com\/en\/tienda\/sin%20categor\u00eda\/bafle-wharfedale-mod-psx112\/\" \/>\n<meta property=\"og:locale\" content=\"en_US\" \/>\n<meta property=\"og:type\" content=\"article\" \/>\n<meta property=\"og:title\" content=\"BAFLE WHARFEDALE MOD. PSX112 - Mexican Guitar Players\" \/>\n<meta property=\"og:description\" content=\"Bafle activo biamplificado de 12\u201d pulgadas, 350W continuos y 700W pico, repuesta de frecuencia: 55 - 20 kHz, sensibilidad: 95 dB, SPL m\u00e1ximo: 128 dB, bobina m\u00f3vil: 2\u201d pulgadas (50.8 mm), diafragma de titanio, perilla de ecualizaci\u00f3n HF y LF, dispersi\u00f3n: 90\u00b0 x 60\u00b0, rejilla de acero, dimensiones: 603 x 377 x 347 mm, peso: 15 kg.\" \/>\n<meta property=\"og:url\" content=\"https:\/\/www.mexicanguitarplayers.com\/en\/tienda\/sin categor\u00eda\/bafle-wharfedale-mod-psx112\/\" \/>\n<meta property=\"og:site_name\" content=\"Mexican Guitar Players\" \/>\n<meta property=\"article:modified_time\" content=\"2026-01-22T13:15:40+00:00\" \/>\n<meta name=\"twitter:card\" content=\"summary_large_image\" \/>\n<meta name=\"twitter:label1\" content=\"Est. reading time\" \/>\n\t<meta name=\"twitter:data1\" content=\"2 minutes\" \/>\n<script type=\"application\/ld+json\" class=\"yoast-schema-graph\">{\"@context\":\"https:\\\/\\\/schema.org\",\"@graph\":[{\"@type\":[\"WebPage\",\"ItemPage\"],\"@id\":\"https:\\\/\\\/www.mexicanguitarplayers.com\\\/tienda\\\/sin categor\u00eda\\\/bafle-wharfedale-mod-psx112\\\/\",\"url\":\"https:\\\/\\\/www.mexicanguitarplayers.com\\\/tienda\\\/sin categor\u00eda\\\/bafle-wharfedale-mod-psx112\\\/\",\"name\":\"BAFLE WHARFEDALE MOD. PSX112 - Mexican Guitar Players\",\"isPartOf\":{\"@id\":\"https:\\\/\\\/www.mexicanguitarplayers.com\\\/#website\"},\"primaryImageOfPage\":{\"@id\":\"https:\\\/\\\/www.mexicanguitarplayers.com\\\/tienda\\\/sin categor\u00eda\\\/bafle-wharfedale-mod-psx112\\\/#primaryimage\"},\"image\":{\"@id\":\"https:\\\/\\\/www.mexicanguitarplayers.com\\\/tienda\\\/sin categor\u00eda\\\/bafle-wharfedale-mod-psx112\\\/#primaryimage\"},\"thumbnailUrl\":\"https:\\\/\\\/www.mexicanguitarplayers.com\\\/wp-content\\\/uploads\\\/2025\\\/04\\\/IAWHAPSX112.jpg\",\"datePublished\":\"2025-04-09T04:42:59+00:00\",\"dateModified\":\"2026-01-22T13:15:40+00:00\",\"description\":\"Bafle activo biamplificado de 12\u201d pulgadas, 350W continuos y 700W pico, repuesta de frecuencia: 55 - 20 kHz, sensibilidad: 95 dB, SPL m\u00e1ximo: 128 dB, bobina m\u00f3vil: 2\u201d pulgadas (50.8 mm), diafragma de titanio, perilla de ecualizaci\u00f3n HF y LF, dispersi\u00f3n: 90\u00b0 x 60\u00b0, rejilla de acero, dimensiones: 603 x 377 x 347 mm, peso: 15 kg.\",\"breadcrumb\":{\"@id\":\"https:\\\/\\\/www.mexicanguitarplayers.com\\\/tienda\\\/sin categor\u00eda\\\/bafle-wharfedale-mod-psx112\\\/#breadcrumb\"},\"inLanguage\":\"en-US\",\"potentialAction\":[{\"@type\":\"ReadAction\",\"target\":[\"https:\\\/\\\/www.mexicanguitarplayers.com\\\/tienda\\\/sin categor\u00eda\\\/bafle-wharfedale-mod-psx112\\\/\"]}]},{\"@type\":\"ImageObject\",\"inLanguage\":\"en-US\",\"@id\":\"https:\\\/\\\/www.mexicanguitarplayers.com\\\/tienda\\\/sin categor\u00eda\\\/bafle-wharfedale-mod-psx112\\\/#primaryimage\",\"url\":\"https:\\\/\\\/www.mexicanguitarplayers.com\\\/wp-content\\\/uploads\\\/2025\\\/04\\\/IAWHAPSX112.jpg\",\"contentUrl\":\"https:\\\/\\\/www.mexicanguitarplayers.com\\\/wp-content\\\/uploads\\\/2025\\\/04\\\/IAWHAPSX112.jpg\",\"width\":1200,\"height\":1200},{\"@type\":\"BreadcrumbList\",\"@id\":\"https:\\\/\\\/www.mexicanguitarplayers.com\\\/tienda\\\/sin categor\u00eda\\\/bafle-wharfedale-mod-psx112\\\/#breadcrumb\",\"itemListElement\":[{\"@type\":\"ListItem\",\"position\":1,\"name\":\"Portada\",\"item\":\"https:\\\/\\\/www.mexicanguitarplayers.com\\\/\"},{\"@type\":\"ListItem\",\"position\":2,\"name\":\"Tienda\",\"item\":\"https:\\\/\\\/www.mexicanguitarplayers.com\\\/tienda\\\/\"},{\"@type\":\"ListItem\",\"position\":3,\"name\":\"BAFLE WHARFEDALE MOD. PSX112\"}]},{\"@type\":\"WebSite\",\"@id\":\"https:\\\/\\\/www.mexicanguitarplayers.com\\\/#website\",\"url\":\"https:\\\/\\\/www.mexicanguitarplayers.com\\\/\",\"name\":\"Mexican Guitar Players\",\"description\":\"Website\",\"publisher\":{\"@id\":\"https:\\\/\\\/www.mexicanguitarplayers.com\\\/#organization\"},\"potentialAction\":[{\"@type\":\"SearchAction\",\"target\":{\"@type\":\"EntryPoint\",\"urlTemplate\":\"https:\\\/\\\/www.mexicanguitarplayers.com\\\/?s={search_term_string}\"},\"query-input\":{\"@type\":\"PropertyValueSpecification\",\"valueRequired\":true,\"valueName\":\"search_term_string\"}}],\"inLanguage\":\"en-US\"},{\"@type\":\"Organization\",\"@id\":\"https:\\\/\\\/www.mexicanguitarplayers.com\\\/#organization\",\"name\":\"Mexican Guitar Players\",\"url\":\"https:\\\/\\\/www.mexicanguitarplayers.com\\\/\",\"logo\":{\"@type\":\"ImageObject\",\"inLanguage\":\"en-US\",\"@id\":\"https:\\\/\\\/www.mexicanguitarplayers.com\\\/#\\\/schema\\\/logo\\\/image\\\/\",\"url\":\"\",\"contentUrl\":\"\",\"caption\":\"Mexican Guitar Players\"},\"image\":{\"@id\":\"https:\\\/\\\/www.mexicanguitarplayers.com\\\/#\\\/schema\\\/logo\\\/image\\\/\"}}]}<\/script>\n<!-- \/ Yoast SEO plugin. -->","yoast_head_json":{"title":"BAFLE WHARFEDALE MOD. PSX112 - Mexican Guitar Players","description":"Bafle activo biamplificado de 12\u201d pulgadas, 350W continuos y 700W pico, repuesta de frecuencia: 55 - 20 kHz, sensibilidad: 95 dB, SPL m\u00e1ximo: 128 dB, bobina m\u00f3vil: 2\u201d pulgadas (50.8 mm), diafragma de titanio, perilla de ecualizaci\u00f3n HF y LF, dispersi\u00f3n: 90\u00b0 x 60\u00b0, rejilla de acero, dimensiones: 603 x 377 x 347 mm, peso: 15 kg.","robots":{"index":"index","follow":"follow","max-snippet":"max-snippet:-1","max-image-preview":"max-image-preview:large","max-video-preview":"max-video-preview:-1"},"canonical":"https:\/\/www.mexicanguitarplayers.com\/en\/tienda\/sin categor\u00eda\/bafle-wharfedale-mod-psx112\/","og_locale":"en_US","og_type":"article","og_title":"BAFLE WHARFEDALE MOD. PSX112 - Mexican Guitar Players","og_description":"Bafle activo biamplificado de 12\u201d pulgadas, 350W continuos y 700W pico, repuesta de frecuencia: 55 - 20 kHz, sensibilidad: 95 dB, SPL m\u00e1ximo: 128 dB, bobina m\u00f3vil: 2\u201d pulgadas (50.8 mm), diafragma de titanio, perilla de ecualizaci\u00f3n HF y LF, dispersi\u00f3n: 90\u00b0 x 60\u00b0, rejilla de acero, dimensiones: 603 x 377 x 347 mm, peso: 15 kg.","og_url":"https:\/\/www.mexicanguitarplayers.com\/en\/tienda\/sin categor\u00eda\/bafle-wharfedale-mod-psx112\/","og_site_name":"Mexican Guitar Players","article_modified_time":"2026-01-22T13:15:40+00:00","twitter_card":"summary_large_image","twitter_misc":{"Est. reading time":"2 minutes"},"schema":{"@context":"https:\/\/schema.org","@graph":[{"@type":["WebPage","ItemPage"],"@id":"https:\/\/www.mexicanguitarplayers.com\/tienda\/sin categor\u00eda\/bafle-wharfedale-mod-psx112\/","url":"https:\/\/www.mexicanguitarplayers.com\/tienda\/sin categor\u00eda\/bafle-wharfedale-mod-psx112\/","name":"BAFLE WHARFEDALE MOD. PSX112 - Mexican Guitar Players","isPartOf":{"@id":"https:\/\/www.mexicanguitarplayers.com\/#website"},"primaryImageOfPage":{"@id":"https:\/\/www.mexicanguitarplayers.com\/tienda\/sin categor\u00eda\/bafle-wharfedale-mod-psx112\/#primaryimage"},"image":{"@id":"https:\/\/www.mexicanguitarplayers.com\/tienda\/sin categor\u00eda\/bafle-wharfedale-mod-psx112\/#primaryimage"},"thumbnailUrl":"https:\/\/www.mexicanguitarplayers.com\/wp-content\/uploads\/2025\/04\/IAWHAPSX112.jpg","datePublished":"2025-04-09T04:42:59+00:00","dateModified":"2026-01-22T13:15:40+00:00","description":"Bafle activo biamplificado de 12\u201d pulgadas, 350W continuos y 700W pico, repuesta de frecuencia: 55 - 20 kHz, sensibilidad: 95 dB, SPL m\u00e1ximo: 128 dB, bobina m\u00f3vil: 2\u201d pulgadas (50.8 mm), diafragma de titanio, perilla de ecualizaci\u00f3n HF y LF, dispersi\u00f3n: 90\u00b0 x 60\u00b0, rejilla de acero, dimensiones: 603 x 377 x 347 mm, peso: 15 kg.","breadcrumb":{"@id":"https:\/\/www.mexicanguitarplayers.com\/tienda\/sin categor\u00eda\/bafle-wharfedale-mod-psx112\/#breadcrumb"},"inLanguage":"en-US","potentialAction":[{"@type":"ReadAction","target":["https:\/\/www.mexicanguitarplayers.com\/tienda\/sin categor\u00eda\/bafle-wharfedale-mod-psx112\/"]}]},{"@type":"ImageObject","inLanguage":"en-US","@id":"https:\/\/www.mexicanguitarplayers.com\/tienda\/sin categor\u00eda\/bafle-wharfedale-mod-psx112\/#primaryimage","url":"https:\/\/www.mexicanguitarplayers.com\/wp-content\/uploads\/2025\/04\/IAWHAPSX112.jpg","contentUrl":"https:\/\/www.mexicanguitarplayers.com\/wp-content\/uploads\/2025\/04\/IAWHAPSX112.jpg","width":1200,"height":1200},{"@type":"BreadcrumbList","@id":"https:\/\/www.mexicanguitarplayers.com\/tienda\/sin categor\u00eda\/bafle-wharfedale-mod-psx112\/#breadcrumb","itemListElement":[{"@type":"ListItem","position":1,"name":"Portada","item":"https:\/\/www.mexicanguitarplayers.com\/"},{"@type":"ListItem","position":2,"name":"Tienda","item":"https:\/\/www.mexicanguitarplayers.com\/tienda\/"},{"@type":"ListItem","position":3,"name":"BAFLE WHARFEDALE MOD. PSX112"}]},{"@type":"WebSite","@id":"https:\/\/www.mexicanguitarplayers.com\/#website","url":"https:\/\/www.mexicanguitarplayers.com\/","name":"Mexican Guitar Players","description":"Website","publisher":{"@id":"https:\/\/www.mexicanguitarplayers.com\/#organization"},"potentialAction":[{"@type":"SearchAction","target":{"@type":"EntryPoint","urlTemplate":"https:\/\/www.mexicanguitarplayers.com\/?s={search_term_string}"},"query-input":{"@type":"PropertyValueSpecification","valueRequired":true,"valueName":"search_term_string"}}],"inLanguage":"en-US"},{"@type":"Organization","@id":"https:\/\/www.mexicanguitarplayers.com\/#organization","name":"Mexican Guitar Players","url":"https:\/\/www.mexicanguitarplayers.com\/","logo":{"@type":"ImageObject","inLanguage":"en-US","@id":"https:\/\/www.mexicanguitarplayers.com\/#\/schema\/logo\/image\/","url":"","contentUrl":"","caption":"Mexican Guitar Players"},"image":{"@id":"https:\/\/www.mexicanguitarplayers.com\/#\/schema\/logo\/image\/"}}]}},"brands":[{"id":555,"name":"WHARFEDALE","slug":"wharfedale"}],"_links":{"self":[{"href":"https:\/\/www.mexicanguitarplayers.com\/en\/wp-json\/wp\/v2\/product\/36688","targetHints":{"allow":["GET"]}}],"collection":[{"href":"https:\/\/www.mexicanguitarplayers.com\/en\/wp-json\/wp\/v2\/product"}],"about":[{"href":"https:\/\/www.mexicanguitarplayers.com\/en\/wp-json\/wp\/v2\/types\/product"}],"replies":[{"embeddable":true,"href":"https:\/\/www.mexicanguitarplayers.com\/en\/wp-json\/wp\/v2\/comments?post=36688"}],"wp:featuredmedia":[{"embeddable":true,"href":"https:\/\/www.mexicanguitarplayers.com\/en\/wp-json\/wp\/v2\/media\/36685"}],"wp:attachment":[{"href":"https:\/\/www.mexicanguitarplayers.com\/en\/wp-json\/wp\/v2\/media?parent=36688"}],"wp:term":[{"taxonomy":"pwb-brand","embeddable":true,"href":"https:\/\/www.mexicanguitarplayers.com\/en\/wp-json\/wp\/v2\/pwb-brand?post=36688"},{"taxonomy":"product_brand","embeddable":true,"href":"https:\/\/www.mexicanguitarplayers.com\/en\/wp-json\/wp\/v2\/product_brand?post=36688"},{"taxonomy":"product_cat","embeddable":true,"href":"https:\/\/www.mexicanguitarplayers.com\/en\/wp-json\/wp\/v2\/product_cat?post=36688"},{"taxonomy":"product_tag","embeddable":true,"href":"https:\/\/www.mexicanguitarplayers.com\/en\/wp-json\/wp\/v2\/product_tag?post=36688"}],"curies":[{"name":"wp","href":"https:\/\/api.w.org\/{rel}","templated":true}]}}