{"id":36690,"date":"2025-04-08T22:43:02","date_gmt":"2025-04-09T04:43:02","guid":{"rendered":"https:\/\/www.mexicanguitarplayers.com\/tienda\/sin categor\u00eda\/pedal-hotone-mod-sps-1-harmony\/"},"modified":"2026-04-10T04:26:02","modified_gmt":"2026-04-10T10:26:02","slug":"pedal-hotone-mod-sps-1-harmony","status":"publish","type":"product","link":"https:\/\/www.mexicanguitarplayers.com\/en\/tienda\/cuerdas\/efectos\/efectos-individuales\/pedal-hotone-mod-sps-1-harmony\/","title":{"rendered":"PEDAL HOTONE   MOD. SPS-1 HARMONY"},"content":{"rendered":"<div style=\"text-align: justify\">\n<div>\n<h3>Crea un efecto de 2 guitarras.<\/h3>\n<\/div>\n<div>Hay belleza en una sola nota, pero las nubes abrir\u00e1n cuando esa nota haga juego con su quinta perfecta. \u00bfAlguna vez quisiste que tu guitarra en realidad cantara? El pedal Harmony de Hotone presenta una hermosa corista para enriquecer tu solo de guitarra o expresi\u00f3n de riff. Con una amplia gama de intervalos de tono cambiante, encontrar\u00e1s todo tipo de room, hacia arriba o hacia abajo o si lo que buscas es un poco de desafinaci\u00f3n. El rango de tono del Harmony es muy vers\u00e1til, con: 1,2,3,4,5,6,7,9,10,12,24 (semitonos) en modo Pitch Shift y -25,-20,-15,-10,-5, 0 (doble),+5,+10,+15,+20,+25 (cent\u00e9simas) en modo Destono. Y con su precisi\u00f3n polif\u00f3nica, puede tocar un acorde y hacer al coro salir (especialmente a Destono). O sonar como un \u00f3rgano o una guitarra de 12 cuerdas con estas octavas.<\/div>\n<div>\n<h4>Characteristics<\/h4>\n<\/div>\n<div>\n<ul style=\"margin: 0px 0px 0px 25px\">\n<li style=\"list-style-type: circle;margin: 5px\">Footswitch True Bypass.<\/li>\n<li style=\"list-style-type: circle;margin: 5px\">Cubierta exterior de aleaci\u00f3n de zinc.<\/li>\n<li style=\"list-style-type: circle;margin: 5px\">Perilla superior transparente y 2 perillas noctilucentes peque\u00f1as.<\/li>\n<li style=\"list-style-type: circle;margin: 5px\">Luces LED.<\/li>\n<li style=\"list-style-type: circle;margin: 5px\">Consumo de energ\u00eda: 53 mA.<\/li>\n<li style=\"list-style-type: circle;margin: 5px\">Dimensiones: 74 x 44 x 44 mm.<\/li>\n<li style=\"list-style-type: circle;margin: 5px\">Peso: 190 g.<\/li>\n<\/ul>\n<\/div>\n<\/div>","protected":false},"excerpt":{"rendered":"<p>Pedal Pitch Shifter\/Harmonist, amplia gama de intervalos de tono cambiante, rango de tono muy vers\u00e1til, con: 1,2,3,4,5,6,7,9,10,12,24 (semitonos) en modo PitchShift y -25,-20,-15,-10,-5, 0 (doble),+5,+10,+15,+20,+25 (cent\u00e9simas) en modo Destono, Footswitch True Bypass, cubierta exterior de aleaci\u00f3n de zinc, perilla superior transparente y 2 perillas noctilucentes peque\u00f1as, luces LED, consumo de energ\u00eda: 53 mA, dimensiones: 74 x 44 x 44 mm, peso: 190 g.&hellip; <a class=\"kt-excerpt-readmore more-link\" href=\"https:\/\/www.mexicanguitarplayers.com\/en\/tienda\/cuerdas\/efectos\/efectos-individuales\/pedal-hotone-mod-sps-1-harmony\/\">Read more<\/a><\/p>","protected":false},"featured_media":36689,"comment_status":"open","ping_status":"closed","template":"","meta":{"kt_blocks_editor_width":""},"pwb-brand":[183],"product_brand":[],"product_cat":[224,241,504],"product_tag":[],"class_list":{"0":"post-36690","1":"product","2":"type-product","3":"status-publish","4":"has-post-thumbnail","6":"pwb-brand-hotone","7":"product_cat-cuerdas","8":"product_cat-efectos","9":"product_cat-efectos-individuales","10":"product_shipping_class-0-5-kg","12":"first","13":"outofstock","14":"taxable","15":"shipping-taxable","16":"purchasable","17":"product-type-simple"},"yoast_head":"<!-- This site is optimized with the Yoast SEO plugin v27.5 - https:\/\/yoast.com\/product\/yoast-seo-wordpress\/ -->\n<title>PEDAL HOTONE  MOD. SPS-1 HARMONY - Mexican Guitar Players<\/title>\n<meta name=\"description\" content=\"Pedal Pitch Shifter\/Harmonist, amplia gama de intervalos de tono cambiante, rango de tono muy vers\u00e1til, con: 1,2,3,4,5,6,7,9,10,12,24 (semitonos) en modo PitchShift y -25,-20,-15,-10,-5, 0 (doble),+5,+10,+15,+20,+25 (cent\u00e9simas) en modo Destono, Footswitch True Bypass, cubierta exterior de aleaci\u00f3n de zinc, perilla superior transparente y 2 perillas noctilucentes peque\u00f1as, luces LED, consumo de energ\u00eda: 53 mA, dimensiones: 74 x 44 x 44 mm, peso: 190 g.\" \/>\n<meta name=\"robots\" content=\"index, follow, max-snippet:-1, max-image-preview:large, max-video-preview:-1\" \/>\n<link rel=\"canonical\" href=\"https:\/\/www.mexicanguitarplayers.com\/en\/tienda\/sin%20categor\u00eda\/pedal-hotone-mod-sps-1-harmony\/\" \/>\n<meta property=\"og:locale\" content=\"en_US\" \/>\n<meta property=\"og:type\" content=\"article\" \/>\n<meta property=\"og:title\" content=\"PEDAL HOTONE  MOD. SPS-1 HARMONY - Mexican Guitar Players\" \/>\n<meta property=\"og:description\" content=\"Pedal Pitch Shifter\/Harmonist, amplia gama de intervalos de tono cambiante, rango de tono muy vers\u00e1til, con: 1,2,3,4,5,6,7,9,10,12,24 (semitonos) en modo PitchShift y -25,-20,-15,-10,-5, 0 (doble),+5,+10,+15,+20,+25 (cent\u00e9simas) en modo Destono, Footswitch True Bypass, cubierta exterior de aleaci\u00f3n de zinc, perilla superior transparente y 2 perillas noctilucentes peque\u00f1as, luces LED, consumo de energ\u00eda: 53 mA, dimensiones: 74 x 44 x 44 mm, peso: 190 g.\" \/>\n<meta property=\"og:url\" content=\"https:\/\/www.mexicanguitarplayers.com\/en\/tienda\/sin categor\u00eda\/pedal-hotone-mod-sps-1-harmony\/\" \/>\n<meta property=\"og:site_name\" content=\"Mexican Guitar Players\" \/>\n<meta property=\"article:modified_time\" content=\"2026-04-10T10:26:02+00:00\" \/>\n<meta name=\"twitter:card\" content=\"summary_large_image\" \/>\n<meta name=\"twitter:label1\" content=\"Est. reading time\" \/>\n\t<meta name=\"twitter:data1\" content=\"1 minute\" \/>\n<script type=\"application\/ld+json\" class=\"yoast-schema-graph\">{\"@context\":\"https:\\\/\\\/schema.org\",\"@graph\":[{\"@type\":[\"WebPage\",\"ItemPage\"],\"@id\":\"https:\\\/\\\/www.mexicanguitarplayers.com\\\/tienda\\\/sin categor\u00eda\\\/pedal-hotone-mod-sps-1-harmony\\\/\",\"url\":\"https:\\\/\\\/www.mexicanguitarplayers.com\\\/tienda\\\/sin categor\u00eda\\\/pedal-hotone-mod-sps-1-harmony\\\/\",\"name\":\"PEDAL HOTONE MOD. SPS-1 HARMONY - Mexican Guitar Players\",\"isPartOf\":{\"@id\":\"https:\\\/\\\/www.mexicanguitarplayers.com\\\/#website\"},\"primaryImageOfPage\":{\"@id\":\"https:\\\/\\\/www.mexicanguitarplayers.com\\\/tienda\\\/sin categor\u00eda\\\/pedal-hotone-mod-sps-1-harmony\\\/#primaryimage\"},\"image\":{\"@id\":\"https:\\\/\\\/www.mexicanguitarplayers.com\\\/tienda\\\/sin categor\u00eda\\\/pedal-hotone-mod-sps-1-harmony\\\/#primaryimage\"},\"thumbnailUrl\":\"https:\\\/\\\/www.mexicanguitarplayers.com\\\/wp-content\\\/uploads\\\/2025\\\/04\\\/VAHOTSPS1.jpg\",\"datePublished\":\"2025-04-09T04:43:02+00:00\",\"dateModified\":\"2026-04-10T10:26:02+00:00\",\"description\":\"Pedal Pitch Shifter\\\/Harmonist, amplia gama de intervalos de tono cambiante, rango de tono muy vers\u00e1til, con: 1,2,3,4,5,6,7,9,10,12,24 (semitonos) en modo PitchShift y -25,-20,-15,-10,-5, 0 (doble),+5,+10,+15,+20,+25 (cent\u00e9simas) en modo Destono, Footswitch True Bypass, cubierta exterior de aleaci\u00f3n de zinc, perilla superior transparente y 2 perillas noctilucentes peque\u00f1as, luces LED, consumo de energ\u00eda: 53 mA, dimensiones: 74 x 44 x 44 mm, peso: 190 g.\",\"breadcrumb\":{\"@id\":\"https:\\\/\\\/www.mexicanguitarplayers.com\\\/tienda\\\/sin categor\u00eda\\\/pedal-hotone-mod-sps-1-harmony\\\/#breadcrumb\"},\"inLanguage\":\"en-US\",\"potentialAction\":[{\"@type\":\"ReadAction\",\"target\":[\"https:\\\/\\\/www.mexicanguitarplayers.com\\\/tienda\\\/sin categor\u00eda\\\/pedal-hotone-mod-sps-1-harmony\\\/\"]}]},{\"@type\":\"ImageObject\",\"inLanguage\":\"en-US\",\"@id\":\"https:\\\/\\\/www.mexicanguitarplayers.com\\\/tienda\\\/sin categor\u00eda\\\/pedal-hotone-mod-sps-1-harmony\\\/#primaryimage\",\"url\":\"https:\\\/\\\/www.mexicanguitarplayers.com\\\/wp-content\\\/uploads\\\/2025\\\/04\\\/VAHOTSPS1.jpg\",\"contentUrl\":\"https:\\\/\\\/www.mexicanguitarplayers.com\\\/wp-content\\\/uploads\\\/2025\\\/04\\\/VAHOTSPS1.jpg\",\"width\":800,\"height\":1600},{\"@type\":\"BreadcrumbList\",\"@id\":\"https:\\\/\\\/www.mexicanguitarplayers.com\\\/tienda\\\/sin categor\u00eda\\\/pedal-hotone-mod-sps-1-harmony\\\/#breadcrumb\",\"itemListElement\":[{\"@type\":\"ListItem\",\"position\":1,\"name\":\"Portada\",\"item\":\"https:\\\/\\\/www.mexicanguitarplayers.com\\\/\"},{\"@type\":\"ListItem\",\"position\":2,\"name\":\"Tienda\",\"item\":\"https:\\\/\\\/www.mexicanguitarplayers.com\\\/tienda\\\/\"},{\"@type\":\"ListItem\",\"position\":3,\"name\":\"PEDAL HOTONE MOD. SPS-1 HARMONY\"}]},{\"@type\":\"WebSite\",\"@id\":\"https:\\\/\\\/www.mexicanguitarplayers.com\\\/#website\",\"url\":\"https:\\\/\\\/www.mexicanguitarplayers.com\\\/\",\"name\":\"Mexican Guitar Players\",\"description\":\"Website\",\"publisher\":{\"@id\":\"https:\\\/\\\/www.mexicanguitarplayers.com\\\/#organization\"},\"potentialAction\":[{\"@type\":\"SearchAction\",\"target\":{\"@type\":\"EntryPoint\",\"urlTemplate\":\"https:\\\/\\\/www.mexicanguitarplayers.com\\\/?s={search_term_string}\"},\"query-input\":{\"@type\":\"PropertyValueSpecification\",\"valueRequired\":true,\"valueName\":\"search_term_string\"}}],\"inLanguage\":\"en-US\"},{\"@type\":\"Organization\",\"@id\":\"https:\\\/\\\/www.mexicanguitarplayers.com\\\/#organization\",\"name\":\"Mexican Guitar Players\",\"url\":\"https:\\\/\\\/www.mexicanguitarplayers.com\\\/\",\"logo\":{\"@type\":\"ImageObject\",\"inLanguage\":\"en-US\",\"@id\":\"https:\\\/\\\/www.mexicanguitarplayers.com\\\/#\\\/schema\\\/logo\\\/image\\\/\",\"url\":\"\",\"contentUrl\":\"\",\"caption\":\"Mexican Guitar Players\"},\"image\":{\"@id\":\"https:\\\/\\\/www.mexicanguitarplayers.com\\\/#\\\/schema\\\/logo\\\/image\\\/\"}}]}<\/script>\n<!-- \/ Yoast SEO plugin. -->","yoast_head_json":{"title":"PEDAL HOTONE  MOD. SPS-1 HARMONY - Mexican Guitar Players","description":"Pedal Pitch Shifter\/Harmonist, amplia gama de intervalos de tono cambiante, rango de tono muy vers\u00e1til, con: 1,2,3,4,5,6,7,9,10,12,24 (semitonos) en modo PitchShift y -25,-20,-15,-10,-5, 0 (doble),+5,+10,+15,+20,+25 (cent\u00e9simas) en modo Destono, Footswitch True Bypass, cubierta exterior de aleaci\u00f3n de zinc, perilla superior transparente y 2 perillas noctilucentes peque\u00f1as, luces LED, consumo de energ\u00eda: 53 mA, dimensiones: 74 x 44 x 44 mm, peso: 190 g.","robots":{"index":"index","follow":"follow","max-snippet":"max-snippet:-1","max-image-preview":"max-image-preview:large","max-video-preview":"max-video-preview:-1"},"canonical":"https:\/\/www.mexicanguitarplayers.com\/en\/tienda\/sin categor\u00eda\/pedal-hotone-mod-sps-1-harmony\/","og_locale":"en_US","og_type":"article","og_title":"PEDAL HOTONE  MOD. SPS-1 HARMONY - Mexican Guitar Players","og_description":"Pedal Pitch Shifter\/Harmonist, amplia gama de intervalos de tono cambiante, rango de tono muy vers\u00e1til, con: 1,2,3,4,5,6,7,9,10,12,24 (semitonos) en modo PitchShift y -25,-20,-15,-10,-5, 0 (doble),+5,+10,+15,+20,+25 (cent\u00e9simas) en modo Destono, Footswitch True Bypass, cubierta exterior de aleaci\u00f3n de zinc, perilla superior transparente y 2 perillas noctilucentes peque\u00f1as, luces LED, consumo de energ\u00eda: 53 mA, dimensiones: 74 x 44 x 44 mm, peso: 190 g.","og_url":"https:\/\/www.mexicanguitarplayers.com\/en\/tienda\/sin categor\u00eda\/pedal-hotone-mod-sps-1-harmony\/","og_site_name":"Mexican Guitar Players","article_modified_time":"2026-04-10T10:26:02+00:00","twitter_card":"summary_large_image","twitter_misc":{"Est. reading time":"1 minute"},"schema":{"@context":"https:\/\/schema.org","@graph":[{"@type":["WebPage","ItemPage"],"@id":"https:\/\/www.mexicanguitarplayers.com\/tienda\/sin categor\u00eda\/pedal-hotone-mod-sps-1-harmony\/","url":"https:\/\/www.mexicanguitarplayers.com\/tienda\/sin categor\u00eda\/pedal-hotone-mod-sps-1-harmony\/","name":"PEDAL HOTONE MOD. SPS-1 HARMONY - Mexican Guitar Players","isPartOf":{"@id":"https:\/\/www.mexicanguitarplayers.com\/#website"},"primaryImageOfPage":{"@id":"https:\/\/www.mexicanguitarplayers.com\/tienda\/sin categor\u00eda\/pedal-hotone-mod-sps-1-harmony\/#primaryimage"},"image":{"@id":"https:\/\/www.mexicanguitarplayers.com\/tienda\/sin categor\u00eda\/pedal-hotone-mod-sps-1-harmony\/#primaryimage"},"thumbnailUrl":"https:\/\/www.mexicanguitarplayers.com\/wp-content\/uploads\/2025\/04\/VAHOTSPS1.jpg","datePublished":"2025-04-09T04:43:02+00:00","dateModified":"2026-04-10T10:26:02+00:00","description":"Pedal Pitch Shifter\/Harmonist, amplia gama de intervalos de tono cambiante, rango de tono muy vers\u00e1til, con: 1,2,3,4,5,6,7,9,10,12,24 (semitonos) en modo PitchShift y -25,-20,-15,-10,-5, 0 (doble),+5,+10,+15,+20,+25 (cent\u00e9simas) en modo Destono, Footswitch True Bypass, cubierta exterior de aleaci\u00f3n de zinc, perilla superior transparente y 2 perillas noctilucentes peque\u00f1as, luces LED, consumo de energ\u00eda: 53 mA, dimensiones: 74 x 44 x 44 mm, peso: 190 g.","breadcrumb":{"@id":"https:\/\/www.mexicanguitarplayers.com\/tienda\/sin categor\u00eda\/pedal-hotone-mod-sps-1-harmony\/#breadcrumb"},"inLanguage":"en-US","potentialAction":[{"@type":"ReadAction","target":["https:\/\/www.mexicanguitarplayers.com\/tienda\/sin categor\u00eda\/pedal-hotone-mod-sps-1-harmony\/"]}]},{"@type":"ImageObject","inLanguage":"en-US","@id":"https:\/\/www.mexicanguitarplayers.com\/tienda\/sin categor\u00eda\/pedal-hotone-mod-sps-1-harmony\/#primaryimage","url":"https:\/\/www.mexicanguitarplayers.com\/wp-content\/uploads\/2025\/04\/VAHOTSPS1.jpg","contentUrl":"https:\/\/www.mexicanguitarplayers.com\/wp-content\/uploads\/2025\/04\/VAHOTSPS1.jpg","width":800,"height":1600},{"@type":"BreadcrumbList","@id":"https:\/\/www.mexicanguitarplayers.com\/tienda\/sin categor\u00eda\/pedal-hotone-mod-sps-1-harmony\/#breadcrumb","itemListElement":[{"@type":"ListItem","position":1,"name":"Portada","item":"https:\/\/www.mexicanguitarplayers.com\/"},{"@type":"ListItem","position":2,"name":"Tienda","item":"https:\/\/www.mexicanguitarplayers.com\/tienda\/"},{"@type":"ListItem","position":3,"name":"PEDAL HOTONE MOD. SPS-1 HARMONY"}]},{"@type":"WebSite","@id":"https:\/\/www.mexicanguitarplayers.com\/#website","url":"https:\/\/www.mexicanguitarplayers.com\/","name":"Mexican Guitar Players","description":"Website","publisher":{"@id":"https:\/\/www.mexicanguitarplayers.com\/#organization"},"potentialAction":[{"@type":"SearchAction","target":{"@type":"EntryPoint","urlTemplate":"https:\/\/www.mexicanguitarplayers.com\/?s={search_term_string}"},"query-input":{"@type":"PropertyValueSpecification","valueRequired":true,"valueName":"search_term_string"}}],"inLanguage":"en-US"},{"@type":"Organization","@id":"https:\/\/www.mexicanguitarplayers.com\/#organization","name":"Mexican Guitar Players","url":"https:\/\/www.mexicanguitarplayers.com\/","logo":{"@type":"ImageObject","inLanguage":"en-US","@id":"https:\/\/www.mexicanguitarplayers.com\/#\/schema\/logo\/image\/","url":"","contentUrl":"","caption":"Mexican Guitar Players"},"image":{"@id":"https:\/\/www.mexicanguitarplayers.com\/#\/schema\/logo\/image\/"}}]}},"brands":[{"id":183,"name":"HOTONE","slug":"hotone"}],"_links":{"self":[{"href":"https:\/\/www.mexicanguitarplayers.com\/en\/wp-json\/wp\/v2\/product\/36690","targetHints":{"allow":["GET"]}}],"collection":[{"href":"https:\/\/www.mexicanguitarplayers.com\/en\/wp-json\/wp\/v2\/product"}],"about":[{"href":"https:\/\/www.mexicanguitarplayers.com\/en\/wp-json\/wp\/v2\/types\/product"}],"replies":[{"embeddable":true,"href":"https:\/\/www.mexicanguitarplayers.com\/en\/wp-json\/wp\/v2\/comments?post=36690"}],"wp:featuredmedia":[{"embeddable":true,"href":"https:\/\/www.mexicanguitarplayers.com\/en\/wp-json\/wp\/v2\/media\/36689"}],"wp:attachment":[{"href":"https:\/\/www.mexicanguitarplayers.com\/en\/wp-json\/wp\/v2\/media?parent=36690"}],"wp:term":[{"taxonomy":"pwb-brand","embeddable":true,"href":"https:\/\/www.mexicanguitarplayers.com\/en\/wp-json\/wp\/v2\/pwb-brand?post=36690"},{"taxonomy":"product_brand","embeddable":true,"href":"https:\/\/www.mexicanguitarplayers.com\/en\/wp-json\/wp\/v2\/product_brand?post=36690"},{"taxonomy":"product_cat","embeddable":true,"href":"https:\/\/www.mexicanguitarplayers.com\/en\/wp-json\/wp\/v2\/product_cat?post=36690"},{"taxonomy":"product_tag","embeddable":true,"href":"https:\/\/www.mexicanguitarplayers.com\/en\/wp-json\/wp\/v2\/product_tag?post=36690"}],"curies":[{"name":"wp","href":"https:\/\/api.w.org\/{rel}","templated":true}]}}