{"id":36711,"date":"2025-04-08T22:43:29","date_gmt":"2025-04-09T04:43:29","guid":{"rendered":"https:\/\/www.mexicanguitarplayers.com\/tienda\/sin categor\u00eda\/tahali-dimarzio-steve-vai-mod-dd2241\/"},"modified":"2026-04-10T04:25:59","modified_gmt":"2026-04-10T10:25:59","slug":"tahali-dimarzio-steve-vai-mod-dd2241","status":"publish","type":"product","link":"https:\/\/www.mexicanguitarplayers.com\/en\/tienda\/accesorios\/para-guitarras\/straps\/tahali-dimarzio-steve-vai-mod-dd2241\/","title":{"rendered":"TAHALI DIMARZIO STEVE VAI MOD. DD2241"},"content":{"rendered":"<div style=\"text-align: justify\">\n<div>\n<h3>Steve Vai Signature.<\/h3>\n<\/div>\n<div>Steve Vai fue pionero de los tahal\u00edes ClipLock de liberaci\u00f3n r\u00e1pida de DiMarzio y los ha usado durante m\u00e1s de 20 a\u00f1os. Naturalmente estuvimos encantados y honrados cuando Steve acord\u00f3 colaborar con nosotros para producir los exclusivos tahal\u00edes de guitarra Steve vai ClipLock.  El dise\u00f1o Green Universe presenta un patr\u00f3n de remolino inmediatamente reconocible, inspirado en la guitarra de 7 cuerdas Iba\u00f1ez Anniversary Universe de Steve. Los tahal\u00edes de guitarra de DiMarzio fueron los primeros en presentar el clip de pl\u00e1stico resistente que te permite cambiar f\u00e1cilmente de una guitarra a otra con solamente un poco de presi\u00f3n en la punta de tus dedos. Estos tahal\u00edes de guitarra son el est\u00e1ndar en la industria en cuanto a resistencia, seguridad y calidad y se unen de forma segura a tu guitarra con dos resistentes casquillos y tornillos extra largos dimensionados para adaptarse a los orificios del buje de tahal\u00ed en la mayor\u00eda de las guitarras y bajos el\u00e9ctricos. El sistema de liberaci\u00f3n r\u00e1pida Quick Release de DiMarzio es el m\u00e9todo de fijaci\u00f3n m\u00e1s seguro y \u00fanico disponible para proteger tu guitarra.<\/div>\n<div>\n<h4>Characteristics<\/h4>\n<\/div>\n<div>\n<ul style=\"margin: 0px 0px 0px 25px\">\n<li style=\"list-style-type: circle;margin: 5px\">Tahal\u00ed para guitarra el\u00e9ctrica.<\/li>\n<li style=\"list-style-type: circle;margin: 5px\">Steve Vai Signature.<\/li>\n<li style=\"list-style-type: circle;margin: 5px\">Dise\u00f1o Green Universe.<\/li>\n<li style=\"list-style-type: circle;margin: 5px\">Fabricado con microfibra con extremos ClipLock.<\/li>\n<li style=\"list-style-type: circle;margin: 5px\">Sistema de liberaci\u00f3n r\u00e1pida.<\/li>\n<li style=\"list-style-type: circle;margin: 5px\">Longitud ajustable de 43.5 a 63.5 pulgadas (110 a 160 cm).<\/li>\n<li style=\"list-style-type: circle;margin: 5px\">Ancho: 2\u201d pulgadas (5 cm).<\/li>\n<\/ul>\n<\/div>\n<\/div>","protected":false},"excerpt":{"rendered":"<p>Tahal\u00ed para guitarra el\u00e9ctrica, Steve Vai Signature, dise\u00f1o Green Universe, fabricado con microfibra con extremos ClipLock, sistema de liberaci\u00f3n r\u00e1pida, longitud ajustable de 43.5 a 63.5 pulgadas (110 a 160 cm), ancho: 2\u201d pulgadas (5 cm).&hellip; <a class=\"kt-excerpt-readmore more-link\" href=\"https:\/\/www.mexicanguitarplayers.com\/en\/tienda\/accesorios\/para-guitarras\/straps\/tahali-dimarzio-steve-vai-mod-dd2241\/\">Read more<\/a><\/p>","protected":false},"featured_media":36710,"comment_status":"open","ping_status":"closed","template":"","meta":{"kt_blocks_editor_width":""},"pwb-brand":[355],"product_brand":[],"product_cat":[85,336,352],"product_tag":[],"class_list":{"0":"post-36711","1":"product","2":"type-product","3":"status-publish","4":"has-post-thumbnail","6":"pwb-brand-dimarzio","7":"product_cat-accesorios","8":"product_cat-para-guitarras","9":"product_cat-straps","10":"product_shipping_class-0-5-kg","12":"first","13":"outofstock","14":"taxable","15":"shipping-taxable","16":"purchasable","17":"product-type-simple"},"yoast_head":"<!-- This site is optimized with the Yoast SEO plugin v27.5 - https:\/\/yoast.com\/product\/yoast-seo-wordpress\/ -->\n<title>TAHALI DIMARZIO STEVE VAI MOD. DD2241 - Mexican Guitar Players<\/title>\n<meta name=\"description\" content=\"Tahal\u00ed para guitarra el\u00e9ctrica, Steve Vai Signature, dise\u00f1o Green Universe, fabricado con microfibra con extremos ClipLock, sistema de liberaci\u00f3n r\u00e1pida, longitud ajustable de 43.5 a 63.5 pulgadas (110 a 160 cm), ancho: 2\u201d pulgadas (5 cm).\" \/>\n<meta name=\"robots\" content=\"index, follow, max-snippet:-1, max-image-preview:large, max-video-preview:-1\" \/>\n<link rel=\"canonical\" href=\"https:\/\/www.mexicanguitarplayers.com\/en\/tienda\/sin%20categor\u00eda\/tahali-dimarzio-steve-vai-mod-dd2241\/\" \/>\n<meta property=\"og:locale\" content=\"en_US\" \/>\n<meta property=\"og:type\" content=\"article\" \/>\n<meta property=\"og:title\" content=\"TAHALI DIMARZIO STEVE VAI MOD. DD2241 - Mexican Guitar Players\" \/>\n<meta property=\"og:description\" content=\"Tahal\u00ed para guitarra el\u00e9ctrica, Steve Vai Signature, dise\u00f1o Green Universe, fabricado con microfibra con extremos ClipLock, sistema de liberaci\u00f3n r\u00e1pida, longitud ajustable de 43.5 a 63.5 pulgadas (110 a 160 cm), ancho: 2\u201d pulgadas (5 cm).\" \/>\n<meta property=\"og:url\" content=\"https:\/\/www.mexicanguitarplayers.com\/en\/tienda\/sin categor\u00eda\/tahali-dimarzio-steve-vai-mod-dd2241\/\" \/>\n<meta property=\"og:site_name\" content=\"Mexican Guitar Players\" \/>\n<meta property=\"article:modified_time\" content=\"2026-04-10T10:25:59+00:00\" \/>\n<meta name=\"twitter:card\" content=\"summary_large_image\" \/>\n<meta name=\"twitter:label1\" content=\"Est. reading time\" \/>\n\t<meta name=\"twitter:data1\" content=\"1 minute\" \/>\n<script type=\"application\/ld+json\" class=\"yoast-schema-graph\">{\"@context\":\"https:\\\/\\\/schema.org\",\"@graph\":[{\"@type\":[\"WebPage\",\"ItemPage\"],\"@id\":\"https:\\\/\\\/www.mexicanguitarplayers.com\\\/tienda\\\/sin categor\u00eda\\\/tahali-dimarzio-steve-vai-mod-dd2241\\\/\",\"url\":\"https:\\\/\\\/www.mexicanguitarplayers.com\\\/tienda\\\/sin categor\u00eda\\\/tahali-dimarzio-steve-vai-mod-dd2241\\\/\",\"name\":\"TAHALI DIMARZIO STEVE VAI MOD. DD2241 - Mexican Guitar Players\",\"isPartOf\":{\"@id\":\"https:\\\/\\\/www.mexicanguitarplayers.com\\\/#website\"},\"primaryImageOfPage\":{\"@id\":\"https:\\\/\\\/www.mexicanguitarplayers.com\\\/tienda\\\/sin categor\u00eda\\\/tahali-dimarzio-steve-vai-mod-dd2241\\\/#primaryimage\"},\"image\":{\"@id\":\"https:\\\/\\\/www.mexicanguitarplayers.com\\\/tienda\\\/sin categor\u00eda\\\/tahali-dimarzio-steve-vai-mod-dd2241\\\/#primaryimage\"},\"thumbnailUrl\":\"https:\\\/\\\/www.mexicanguitarplayers.com\\\/wp-content\\\/uploads\\\/2025\\\/04\\\/RADIMDD2241.jpg\",\"datePublished\":\"2025-04-09T04:43:29+00:00\",\"dateModified\":\"2026-04-10T10:25:59+00:00\",\"description\":\"Tahal\u00ed para guitarra el\u00e9ctrica, Steve Vai Signature, dise\u00f1o Green Universe, fabricado con microfibra con extremos ClipLock, sistema de liberaci\u00f3n r\u00e1pida, longitud ajustable de 43.5 a 63.5 pulgadas (110 a 160 cm), ancho: 2\u201d pulgadas (5 cm).\",\"breadcrumb\":{\"@id\":\"https:\\\/\\\/www.mexicanguitarplayers.com\\\/tienda\\\/sin categor\u00eda\\\/tahali-dimarzio-steve-vai-mod-dd2241\\\/#breadcrumb\"},\"inLanguage\":\"en-US\",\"potentialAction\":[{\"@type\":\"ReadAction\",\"target\":[\"https:\\\/\\\/www.mexicanguitarplayers.com\\\/tienda\\\/sin categor\u00eda\\\/tahali-dimarzio-steve-vai-mod-dd2241\\\/\"]}]},{\"@type\":\"ImageObject\",\"inLanguage\":\"en-US\",\"@id\":\"https:\\\/\\\/www.mexicanguitarplayers.com\\\/tienda\\\/sin categor\u00eda\\\/tahali-dimarzio-steve-vai-mod-dd2241\\\/#primaryimage\",\"url\":\"https:\\\/\\\/www.mexicanguitarplayers.com\\\/wp-content\\\/uploads\\\/2025\\\/04\\\/RADIMDD2241.jpg\",\"contentUrl\":\"https:\\\/\\\/www.mexicanguitarplayers.com\\\/wp-content\\\/uploads\\\/2025\\\/04\\\/RADIMDD2241.jpg\",\"width\":1200,\"height\":1200},{\"@type\":\"BreadcrumbList\",\"@id\":\"https:\\\/\\\/www.mexicanguitarplayers.com\\\/tienda\\\/sin categor\u00eda\\\/tahali-dimarzio-steve-vai-mod-dd2241\\\/#breadcrumb\",\"itemListElement\":[{\"@type\":\"ListItem\",\"position\":1,\"name\":\"Portada\",\"item\":\"https:\\\/\\\/www.mexicanguitarplayers.com\\\/\"},{\"@type\":\"ListItem\",\"position\":2,\"name\":\"Tienda\",\"item\":\"https:\\\/\\\/www.mexicanguitarplayers.com\\\/tienda\\\/\"},{\"@type\":\"ListItem\",\"position\":3,\"name\":\"TAHALI DIMARZIO STEVE VAI MOD. DD2241\"}]},{\"@type\":\"WebSite\",\"@id\":\"https:\\\/\\\/www.mexicanguitarplayers.com\\\/#website\",\"url\":\"https:\\\/\\\/www.mexicanguitarplayers.com\\\/\",\"name\":\"Mexican Guitar Players\",\"description\":\"Website\",\"publisher\":{\"@id\":\"https:\\\/\\\/www.mexicanguitarplayers.com\\\/#organization\"},\"potentialAction\":[{\"@type\":\"SearchAction\",\"target\":{\"@type\":\"EntryPoint\",\"urlTemplate\":\"https:\\\/\\\/www.mexicanguitarplayers.com\\\/?s={search_term_string}\"},\"query-input\":{\"@type\":\"PropertyValueSpecification\",\"valueRequired\":true,\"valueName\":\"search_term_string\"}}],\"inLanguage\":\"en-US\"},{\"@type\":\"Organization\",\"@id\":\"https:\\\/\\\/www.mexicanguitarplayers.com\\\/#organization\",\"name\":\"Mexican Guitar Players\",\"url\":\"https:\\\/\\\/www.mexicanguitarplayers.com\\\/\",\"logo\":{\"@type\":\"ImageObject\",\"inLanguage\":\"en-US\",\"@id\":\"https:\\\/\\\/www.mexicanguitarplayers.com\\\/#\\\/schema\\\/logo\\\/image\\\/\",\"url\":\"\",\"contentUrl\":\"\",\"caption\":\"Mexican Guitar Players\"},\"image\":{\"@id\":\"https:\\\/\\\/www.mexicanguitarplayers.com\\\/#\\\/schema\\\/logo\\\/image\\\/\"}}]}<\/script>\n<!-- \/ Yoast SEO plugin. -->","yoast_head_json":{"title":"TAHALI DIMARZIO STEVE VAI MOD. DD2241 - Mexican Guitar Players","description":"Tahal\u00ed para guitarra el\u00e9ctrica, Steve Vai Signature, dise\u00f1o Green Universe, fabricado con microfibra con extremos ClipLock, sistema de liberaci\u00f3n r\u00e1pida, longitud ajustable de 43.5 a 63.5 pulgadas (110 a 160 cm), ancho: 2\u201d pulgadas (5 cm).","robots":{"index":"index","follow":"follow","max-snippet":"max-snippet:-1","max-image-preview":"max-image-preview:large","max-video-preview":"max-video-preview:-1"},"canonical":"https:\/\/www.mexicanguitarplayers.com\/en\/tienda\/sin categor\u00eda\/tahali-dimarzio-steve-vai-mod-dd2241\/","og_locale":"en_US","og_type":"article","og_title":"TAHALI DIMARZIO STEVE VAI MOD. DD2241 - Mexican Guitar Players","og_description":"Tahal\u00ed para guitarra el\u00e9ctrica, Steve Vai Signature, dise\u00f1o Green Universe, fabricado con microfibra con extremos ClipLock, sistema de liberaci\u00f3n r\u00e1pida, longitud ajustable de 43.5 a 63.5 pulgadas (110 a 160 cm), ancho: 2\u201d pulgadas (5 cm).","og_url":"https:\/\/www.mexicanguitarplayers.com\/en\/tienda\/sin categor\u00eda\/tahali-dimarzio-steve-vai-mod-dd2241\/","og_site_name":"Mexican Guitar Players","article_modified_time":"2026-04-10T10:25:59+00:00","twitter_card":"summary_large_image","twitter_misc":{"Est. reading time":"1 minute"},"schema":{"@context":"https:\/\/schema.org","@graph":[{"@type":["WebPage","ItemPage"],"@id":"https:\/\/www.mexicanguitarplayers.com\/tienda\/sin categor\u00eda\/tahali-dimarzio-steve-vai-mod-dd2241\/","url":"https:\/\/www.mexicanguitarplayers.com\/tienda\/sin categor\u00eda\/tahali-dimarzio-steve-vai-mod-dd2241\/","name":"TAHALI DIMARZIO STEVE VAI MOD. DD2241 - Mexican Guitar Players","isPartOf":{"@id":"https:\/\/www.mexicanguitarplayers.com\/#website"},"primaryImageOfPage":{"@id":"https:\/\/www.mexicanguitarplayers.com\/tienda\/sin categor\u00eda\/tahali-dimarzio-steve-vai-mod-dd2241\/#primaryimage"},"image":{"@id":"https:\/\/www.mexicanguitarplayers.com\/tienda\/sin categor\u00eda\/tahali-dimarzio-steve-vai-mod-dd2241\/#primaryimage"},"thumbnailUrl":"https:\/\/www.mexicanguitarplayers.com\/wp-content\/uploads\/2025\/04\/RADIMDD2241.jpg","datePublished":"2025-04-09T04:43:29+00:00","dateModified":"2026-04-10T10:25:59+00:00","description":"Tahal\u00ed para guitarra el\u00e9ctrica, Steve Vai Signature, dise\u00f1o Green Universe, fabricado con microfibra con extremos ClipLock, sistema de liberaci\u00f3n r\u00e1pida, longitud ajustable de 43.5 a 63.5 pulgadas (110 a 160 cm), ancho: 2\u201d pulgadas (5 cm).","breadcrumb":{"@id":"https:\/\/www.mexicanguitarplayers.com\/tienda\/sin categor\u00eda\/tahali-dimarzio-steve-vai-mod-dd2241\/#breadcrumb"},"inLanguage":"en-US","potentialAction":[{"@type":"ReadAction","target":["https:\/\/www.mexicanguitarplayers.com\/tienda\/sin categor\u00eda\/tahali-dimarzio-steve-vai-mod-dd2241\/"]}]},{"@type":"ImageObject","inLanguage":"en-US","@id":"https:\/\/www.mexicanguitarplayers.com\/tienda\/sin categor\u00eda\/tahali-dimarzio-steve-vai-mod-dd2241\/#primaryimage","url":"https:\/\/www.mexicanguitarplayers.com\/wp-content\/uploads\/2025\/04\/RADIMDD2241.jpg","contentUrl":"https:\/\/www.mexicanguitarplayers.com\/wp-content\/uploads\/2025\/04\/RADIMDD2241.jpg","width":1200,"height":1200},{"@type":"BreadcrumbList","@id":"https:\/\/www.mexicanguitarplayers.com\/tienda\/sin categor\u00eda\/tahali-dimarzio-steve-vai-mod-dd2241\/#breadcrumb","itemListElement":[{"@type":"ListItem","position":1,"name":"Portada","item":"https:\/\/www.mexicanguitarplayers.com\/"},{"@type":"ListItem","position":2,"name":"Tienda","item":"https:\/\/www.mexicanguitarplayers.com\/tienda\/"},{"@type":"ListItem","position":3,"name":"TAHALI DIMARZIO STEVE VAI MOD. DD2241"}]},{"@type":"WebSite","@id":"https:\/\/www.mexicanguitarplayers.com\/#website","url":"https:\/\/www.mexicanguitarplayers.com\/","name":"Mexican Guitar Players","description":"Website","publisher":{"@id":"https:\/\/www.mexicanguitarplayers.com\/#organization"},"potentialAction":[{"@type":"SearchAction","target":{"@type":"EntryPoint","urlTemplate":"https:\/\/www.mexicanguitarplayers.com\/?s={search_term_string}"},"query-input":{"@type":"PropertyValueSpecification","valueRequired":true,"valueName":"search_term_string"}}],"inLanguage":"en-US"},{"@type":"Organization","@id":"https:\/\/www.mexicanguitarplayers.com\/#organization","name":"Mexican Guitar Players","url":"https:\/\/www.mexicanguitarplayers.com\/","logo":{"@type":"ImageObject","inLanguage":"en-US","@id":"https:\/\/www.mexicanguitarplayers.com\/#\/schema\/logo\/image\/","url":"","contentUrl":"","caption":"Mexican Guitar Players"},"image":{"@id":"https:\/\/www.mexicanguitarplayers.com\/#\/schema\/logo\/image\/"}}]}},"brands":[{"id":355,"name":"DIMARZIO","slug":"dimarzio"}],"_links":{"self":[{"href":"https:\/\/www.mexicanguitarplayers.com\/en\/wp-json\/wp\/v2\/product\/36711","targetHints":{"allow":["GET"]}}],"collection":[{"href":"https:\/\/www.mexicanguitarplayers.com\/en\/wp-json\/wp\/v2\/product"}],"about":[{"href":"https:\/\/www.mexicanguitarplayers.com\/en\/wp-json\/wp\/v2\/types\/product"}],"replies":[{"embeddable":true,"href":"https:\/\/www.mexicanguitarplayers.com\/en\/wp-json\/wp\/v2\/comments?post=36711"}],"wp:featuredmedia":[{"embeddable":true,"href":"https:\/\/www.mexicanguitarplayers.com\/en\/wp-json\/wp\/v2\/media\/36710"}],"wp:attachment":[{"href":"https:\/\/www.mexicanguitarplayers.com\/en\/wp-json\/wp\/v2\/media?parent=36711"}],"wp:term":[{"taxonomy":"pwb-brand","embeddable":true,"href":"https:\/\/www.mexicanguitarplayers.com\/en\/wp-json\/wp\/v2\/pwb-brand?post=36711"},{"taxonomy":"product_brand","embeddable":true,"href":"https:\/\/www.mexicanguitarplayers.com\/en\/wp-json\/wp\/v2\/product_brand?post=36711"},{"taxonomy":"product_cat","embeddable":true,"href":"https:\/\/www.mexicanguitarplayers.com\/en\/wp-json\/wp\/v2\/product_cat?post=36711"},{"taxonomy":"product_tag","embeddable":true,"href":"https:\/\/www.mexicanguitarplayers.com\/en\/wp-json\/wp\/v2\/product_tag?post=36711"}],"curies":[{"name":"wp","href":"https:\/\/api.w.org\/{rel}","templated":true}]}}