{"id":36758,"date":"2025-04-08T22:45:06","date_gmt":"2025-04-09T04:45:06","guid":{"rendered":"https:\/\/www.mexicanguitarplayers.com\/tienda\/sin categor\u00eda\/reproductor-stanton-cd-sencillo-c-303\/"},"modified":"2026-01-22T07:15:34","modified_gmt":"2026-01-22T13:15:34","slug":"reproductor-stanton-cd-sencillo-c-303","status":"publish","type":"product","link":"https:\/\/www.mexicanguitarplayers.com\/en\/tienda\/audio\/equipo-de-dj\/reproductor-stanton-cd-sencillo-c-303\/","title":{"rendered":"REPRODUCTOR STANTON CD SENCILLO C.303"},"content":{"rendered":"<div style=\"text-align: justify\">\n<div>\n<h3>Reproductor Stanton C.303<\/h3>\n<\/div>\n<div>El C.303 de Stanton es un reproductor de CD para DJ con un nuevo tablero de batalla. Su gran rueda de desplazamiento hace sencillo el cueing de tracks, mientras un buffer anti-choque de 10 segundos elimina los embarazosos rayones de CD. Viene con funciones digitales como key lock, looping y cuatro botones de disparo de samples, auto cue y reproducci\u00f3n instant\u00e1nea. Su pantalla LCD color \u00e1mbar guarda informaci\u00f3n esencial de un vistazo. Est\u00e1 equipado con una salida digital coaxial S\/PDIF y RCA an\u00e1logo.<\/div>\n<div>\n<h4>Characteristics<\/h4>\n<\/div>\n<div>\n<ul style=\"margin: 0px 0px 0px 25px\">\n<li style=\"list-style-type: circle;margin: 5px\">Reproductor de CD de mesa. <\/li>\n<li style=\"list-style-type: circle;margin: 5px\">Rueda de desplazamiento de s\u00faper tama\u00f1o. <\/li>\n<li style=\"list-style-type: circle;margin: 5px\">Pitch ajustable con key lock y pitch bend. <\/li>\n<li style=\"list-style-type: circle;margin: 5px\">4 botones de disparo de samples y cue memory. <\/li>\n<li style=\"list-style-type: circle;margin: 5px\">Reproducci\u00f3n anti-choque. <\/li>\n<li style=\"list-style-type: circle;margin: 5px\">Pitch a 4-8 y 16%. <\/li>\n<li style=\"list-style-type: circle;margin: 5px\">Control de canciones.<\/li>\n<\/ul>\n<\/div>\n<\/div>","protected":false},"excerpt":{"rendered":"<p>Reproductor Stanton sencillo para CD. Modelo: C.303. Reproductor de CD de mesa.Rueda de desplazamiento de s\u00faper tama\u00f1o. Pitch ajustable con key lock y pitch bend. 4 botones de disparo de samples y cue memory. Reproducci\u00f3n anti-choque. Pitch a 4-8 y 16%. Control de canciones.&hellip; <a class=\"kt-excerpt-readmore more-link\" href=\"https:\/\/www.mexicanguitarplayers.com\/en\/tienda\/audio\/equipo-de-dj\/reproductor-stanton-cd-sencillo-c-303\/\">Read more<\/a><\/p>","protected":false},"featured_media":36756,"comment_status":"open","ping_status":"closed","template":"","meta":{"kt_blocks_editor_width":""},"pwb-brand":[554],"product_brand":[],"product_cat":[213,483],"product_tag":[],"class_list":{"0":"post-36758","1":"product","2":"type-product","3":"status-publish","4":"has-post-thumbnail","6":"pwb-brand-stanton","7":"product_cat-audio","8":"product_cat-equipo-de-dj","9":"product_shipping_class-0-5-kg","11":"first","12":"instock","13":"taxable","14":"shipping-taxable","15":"purchasable","16":"product-type-simple"},"yoast_head":"<!-- This site is optimized with the Yoast SEO plugin v27.3 - https:\/\/yoast.com\/product\/yoast-seo-wordpress\/ -->\n<title>REPRODUCTOR STANTON CD SENCILLO C.303 - Mexican Guitar Players<\/title>\n<meta name=\"description\" content=\"Reproductor Stanton sencillo para CD. Modelo: C.303. Reproductor de CD de mesa.Rueda de desplazamiento de s\u00faper tama\u00f1o. Pitch ajustable con key lock y pitch bend. 4 botones de disparo de samples y cue memory. Reproducci\u00f3n anti-choque. Pitch a 4-8 y 16%. Control de canciones.\" \/>\n<meta name=\"robots\" content=\"index, follow, max-snippet:-1, max-image-preview:large, max-video-preview:-1\" \/>\n<link rel=\"canonical\" href=\"https:\/\/www.mexicanguitarplayers.com\/en\/tienda\/sin%20categor\u00eda\/reproductor-stanton-cd-sencillo-c-303\/\" \/>\n<meta property=\"og:locale\" content=\"en_US\" \/>\n<meta property=\"og:type\" content=\"article\" \/>\n<meta property=\"og:title\" content=\"REPRODUCTOR STANTON CD SENCILLO C.303 - Mexican Guitar Players\" \/>\n<meta property=\"og:description\" content=\"Reproductor Stanton sencillo para CD. Modelo: C.303. Reproductor de CD de mesa.Rueda de desplazamiento de s\u00faper tama\u00f1o. Pitch ajustable con key lock y pitch bend. 4 botones de disparo de samples y cue memory. Reproducci\u00f3n anti-choque. Pitch a 4-8 y 16%. Control de canciones.\" \/>\n<meta property=\"og:url\" content=\"https:\/\/www.mexicanguitarplayers.com\/en\/tienda\/sin categor\u00eda\/reproductor-stanton-cd-sencillo-c-303\/\" \/>\n<meta property=\"og:site_name\" content=\"Mexican Guitar Players\" \/>\n<meta property=\"article:modified_time\" content=\"2026-01-22T13:15:34+00:00\" \/>\n<meta name=\"twitter:card\" content=\"summary_large_image\" \/>\n<meta name=\"twitter:label1\" content=\"Est. reading time\" \/>\n\t<meta name=\"twitter:data1\" content=\"1 minute\" \/>\n<script type=\"application\/ld+json\" class=\"yoast-schema-graph\">{\"@context\":\"https:\\\/\\\/schema.org\",\"@graph\":[{\"@type\":[\"WebPage\",\"ItemPage\"],\"@id\":\"https:\\\/\\\/www.mexicanguitarplayers.com\\\/tienda\\\/sin categor\u00eda\\\/reproductor-stanton-cd-sencillo-c-303\\\/\",\"url\":\"https:\\\/\\\/www.mexicanguitarplayers.com\\\/tienda\\\/sin categor\u00eda\\\/reproductor-stanton-cd-sencillo-c-303\\\/\",\"name\":\"REPRODUCTOR STANTON CD SENCILLO C.303 - Mexican Guitar Players\",\"isPartOf\":{\"@id\":\"https:\\\/\\\/www.mexicanguitarplayers.com\\\/#website\"},\"primaryImageOfPage\":{\"@id\":\"https:\\\/\\\/www.mexicanguitarplayers.com\\\/tienda\\\/sin categor\u00eda\\\/reproductor-stanton-cd-sencillo-c-303\\\/#primaryimage\"},\"image\":{\"@id\":\"https:\\\/\\\/www.mexicanguitarplayers.com\\\/tienda\\\/sin categor\u00eda\\\/reproductor-stanton-cd-sencillo-c-303\\\/#primaryimage\"},\"thumbnailUrl\":\"https:\\\/\\\/www.mexicanguitarplayers.com\\\/wp-content\\\/uploads\\\/2025\\\/04\\\/IASTNC303.jpg\",\"datePublished\":\"2025-04-09T04:45:06+00:00\",\"dateModified\":\"2026-01-22T13:15:34+00:00\",\"description\":\"Reproductor Stanton sencillo para CD. Modelo: C.303. Reproductor de CD de mesa.Rueda de desplazamiento de s\u00faper tama\u00f1o. Pitch ajustable con key lock y pitch bend. 4 botones de disparo de samples y cue memory. Reproducci\u00f3n anti-choque. Pitch a 4-8 y 16%. Control de canciones.\",\"breadcrumb\":{\"@id\":\"https:\\\/\\\/www.mexicanguitarplayers.com\\\/tienda\\\/sin categor\u00eda\\\/reproductor-stanton-cd-sencillo-c-303\\\/#breadcrumb\"},\"inLanguage\":\"en-US\",\"potentialAction\":[{\"@type\":\"ReadAction\",\"target\":[\"https:\\\/\\\/www.mexicanguitarplayers.com\\\/tienda\\\/sin categor\u00eda\\\/reproductor-stanton-cd-sencillo-c-303\\\/\"]}]},{\"@type\":\"ImageObject\",\"inLanguage\":\"en-US\",\"@id\":\"https:\\\/\\\/www.mexicanguitarplayers.com\\\/tienda\\\/sin categor\u00eda\\\/reproductor-stanton-cd-sencillo-c-303\\\/#primaryimage\",\"url\":\"https:\\\/\\\/www.mexicanguitarplayers.com\\\/wp-content\\\/uploads\\\/2025\\\/04\\\/IASTNC303.jpg\",\"contentUrl\":\"https:\\\/\\\/www.mexicanguitarplayers.com\\\/wp-content\\\/uploads\\\/2025\\\/04\\\/IASTNC303.jpg\",\"width\":1200,\"height\":1200},{\"@type\":\"BreadcrumbList\",\"@id\":\"https:\\\/\\\/www.mexicanguitarplayers.com\\\/tienda\\\/sin categor\u00eda\\\/reproductor-stanton-cd-sencillo-c-303\\\/#breadcrumb\",\"itemListElement\":[{\"@type\":\"ListItem\",\"position\":1,\"name\":\"Portada\",\"item\":\"https:\\\/\\\/www.mexicanguitarplayers.com\\\/\"},{\"@type\":\"ListItem\",\"position\":2,\"name\":\"Tienda\",\"item\":\"https:\\\/\\\/www.mexicanguitarplayers.com\\\/tienda\\\/\"},{\"@type\":\"ListItem\",\"position\":3,\"name\":\"REPRODUCTOR STANTON CD SENCILLO C.303\"}]},{\"@type\":\"WebSite\",\"@id\":\"https:\\\/\\\/www.mexicanguitarplayers.com\\\/#website\",\"url\":\"https:\\\/\\\/www.mexicanguitarplayers.com\\\/\",\"name\":\"Mexican Guitar Players\",\"description\":\"Website\",\"publisher\":{\"@id\":\"https:\\\/\\\/www.mexicanguitarplayers.com\\\/#organization\"},\"potentialAction\":[{\"@type\":\"SearchAction\",\"target\":{\"@type\":\"EntryPoint\",\"urlTemplate\":\"https:\\\/\\\/www.mexicanguitarplayers.com\\\/?s={search_term_string}\"},\"query-input\":{\"@type\":\"PropertyValueSpecification\",\"valueRequired\":true,\"valueName\":\"search_term_string\"}}],\"inLanguage\":\"en-US\"},{\"@type\":\"Organization\",\"@id\":\"https:\\\/\\\/www.mexicanguitarplayers.com\\\/#organization\",\"name\":\"Mexican Guitar Players\",\"url\":\"https:\\\/\\\/www.mexicanguitarplayers.com\\\/\",\"logo\":{\"@type\":\"ImageObject\",\"inLanguage\":\"en-US\",\"@id\":\"https:\\\/\\\/www.mexicanguitarplayers.com\\\/#\\\/schema\\\/logo\\\/image\\\/\",\"url\":\"\",\"contentUrl\":\"\",\"caption\":\"Mexican Guitar Players\"},\"image\":{\"@id\":\"https:\\\/\\\/www.mexicanguitarplayers.com\\\/#\\\/schema\\\/logo\\\/image\\\/\"}}]}<\/script>\n<!-- \/ Yoast SEO plugin. -->","yoast_head_json":{"title":"REPRODUCTOR STANTON CD SENCILLO C.303 - Mexican Guitar Players","description":"Reproductor Stanton sencillo para CD. Modelo: C.303. Reproductor de CD de mesa.Rueda de desplazamiento de s\u00faper tama\u00f1o. Pitch ajustable con key lock y pitch bend. 4 botones de disparo de samples y cue memory. Reproducci\u00f3n anti-choque. Pitch a 4-8 y 16%. Control de canciones.","robots":{"index":"index","follow":"follow","max-snippet":"max-snippet:-1","max-image-preview":"max-image-preview:large","max-video-preview":"max-video-preview:-1"},"canonical":"https:\/\/www.mexicanguitarplayers.com\/en\/tienda\/sin categor\u00eda\/reproductor-stanton-cd-sencillo-c-303\/","og_locale":"en_US","og_type":"article","og_title":"REPRODUCTOR STANTON CD SENCILLO C.303 - Mexican Guitar Players","og_description":"Reproductor Stanton sencillo para CD. Modelo: C.303. Reproductor de CD de mesa.Rueda de desplazamiento de s\u00faper tama\u00f1o. Pitch ajustable con key lock y pitch bend. 4 botones de disparo de samples y cue memory. Reproducci\u00f3n anti-choque. Pitch a 4-8 y 16%. Control de canciones.","og_url":"https:\/\/www.mexicanguitarplayers.com\/en\/tienda\/sin categor\u00eda\/reproductor-stanton-cd-sencillo-c-303\/","og_site_name":"Mexican Guitar Players","article_modified_time":"2026-01-22T13:15:34+00:00","twitter_card":"summary_large_image","twitter_misc":{"Est. reading time":"1 minute"},"schema":{"@context":"https:\/\/schema.org","@graph":[{"@type":["WebPage","ItemPage"],"@id":"https:\/\/www.mexicanguitarplayers.com\/tienda\/sin categor\u00eda\/reproductor-stanton-cd-sencillo-c-303\/","url":"https:\/\/www.mexicanguitarplayers.com\/tienda\/sin categor\u00eda\/reproductor-stanton-cd-sencillo-c-303\/","name":"REPRODUCTOR STANTON CD SENCILLO C.303 - Mexican Guitar Players","isPartOf":{"@id":"https:\/\/www.mexicanguitarplayers.com\/#website"},"primaryImageOfPage":{"@id":"https:\/\/www.mexicanguitarplayers.com\/tienda\/sin categor\u00eda\/reproductor-stanton-cd-sencillo-c-303\/#primaryimage"},"image":{"@id":"https:\/\/www.mexicanguitarplayers.com\/tienda\/sin categor\u00eda\/reproductor-stanton-cd-sencillo-c-303\/#primaryimage"},"thumbnailUrl":"https:\/\/www.mexicanguitarplayers.com\/wp-content\/uploads\/2025\/04\/IASTNC303.jpg","datePublished":"2025-04-09T04:45:06+00:00","dateModified":"2026-01-22T13:15:34+00:00","description":"Reproductor Stanton sencillo para CD. Modelo: C.303. Reproductor de CD de mesa.Rueda de desplazamiento de s\u00faper tama\u00f1o. Pitch ajustable con key lock y pitch bend. 4 botones de disparo de samples y cue memory. Reproducci\u00f3n anti-choque. Pitch a 4-8 y 16%. Control de canciones.","breadcrumb":{"@id":"https:\/\/www.mexicanguitarplayers.com\/tienda\/sin categor\u00eda\/reproductor-stanton-cd-sencillo-c-303\/#breadcrumb"},"inLanguage":"en-US","potentialAction":[{"@type":"ReadAction","target":["https:\/\/www.mexicanguitarplayers.com\/tienda\/sin categor\u00eda\/reproductor-stanton-cd-sencillo-c-303\/"]}]},{"@type":"ImageObject","inLanguage":"en-US","@id":"https:\/\/www.mexicanguitarplayers.com\/tienda\/sin categor\u00eda\/reproductor-stanton-cd-sencillo-c-303\/#primaryimage","url":"https:\/\/www.mexicanguitarplayers.com\/wp-content\/uploads\/2025\/04\/IASTNC303.jpg","contentUrl":"https:\/\/www.mexicanguitarplayers.com\/wp-content\/uploads\/2025\/04\/IASTNC303.jpg","width":1200,"height":1200},{"@type":"BreadcrumbList","@id":"https:\/\/www.mexicanguitarplayers.com\/tienda\/sin categor\u00eda\/reproductor-stanton-cd-sencillo-c-303\/#breadcrumb","itemListElement":[{"@type":"ListItem","position":1,"name":"Portada","item":"https:\/\/www.mexicanguitarplayers.com\/"},{"@type":"ListItem","position":2,"name":"Tienda","item":"https:\/\/www.mexicanguitarplayers.com\/tienda\/"},{"@type":"ListItem","position":3,"name":"REPRODUCTOR STANTON CD SENCILLO C.303"}]},{"@type":"WebSite","@id":"https:\/\/www.mexicanguitarplayers.com\/#website","url":"https:\/\/www.mexicanguitarplayers.com\/","name":"Mexican Guitar Players","description":"Website","publisher":{"@id":"https:\/\/www.mexicanguitarplayers.com\/#organization"},"potentialAction":[{"@type":"SearchAction","target":{"@type":"EntryPoint","urlTemplate":"https:\/\/www.mexicanguitarplayers.com\/?s={search_term_string}"},"query-input":{"@type":"PropertyValueSpecification","valueRequired":true,"valueName":"search_term_string"}}],"inLanguage":"en-US"},{"@type":"Organization","@id":"https:\/\/www.mexicanguitarplayers.com\/#organization","name":"Mexican Guitar Players","url":"https:\/\/www.mexicanguitarplayers.com\/","logo":{"@type":"ImageObject","inLanguage":"en-US","@id":"https:\/\/www.mexicanguitarplayers.com\/#\/schema\/logo\/image\/","url":"","contentUrl":"","caption":"Mexican Guitar Players"},"image":{"@id":"https:\/\/www.mexicanguitarplayers.com\/#\/schema\/logo\/image\/"}}]}},"brands":[{"id":554,"name":"STANTON","slug":"stanton"}],"_links":{"self":[{"href":"https:\/\/www.mexicanguitarplayers.com\/en\/wp-json\/wp\/v2\/product\/36758","targetHints":{"allow":["GET"]}}],"collection":[{"href":"https:\/\/www.mexicanguitarplayers.com\/en\/wp-json\/wp\/v2\/product"}],"about":[{"href":"https:\/\/www.mexicanguitarplayers.com\/en\/wp-json\/wp\/v2\/types\/product"}],"replies":[{"embeddable":true,"href":"https:\/\/www.mexicanguitarplayers.com\/en\/wp-json\/wp\/v2\/comments?post=36758"}],"wp:featuredmedia":[{"embeddable":true,"href":"https:\/\/www.mexicanguitarplayers.com\/en\/wp-json\/wp\/v2\/media\/36756"}],"wp:attachment":[{"href":"https:\/\/www.mexicanguitarplayers.com\/en\/wp-json\/wp\/v2\/media?parent=36758"}],"wp:term":[{"taxonomy":"pwb-brand","embeddable":true,"href":"https:\/\/www.mexicanguitarplayers.com\/en\/wp-json\/wp\/v2\/pwb-brand?post=36758"},{"taxonomy":"product_brand","embeddable":true,"href":"https:\/\/www.mexicanguitarplayers.com\/en\/wp-json\/wp\/v2\/product_brand?post=36758"},{"taxonomy":"product_cat","embeddable":true,"href":"https:\/\/www.mexicanguitarplayers.com\/en\/wp-json\/wp\/v2\/product_cat?post=36758"},{"taxonomy":"product_tag","embeddable":true,"href":"https:\/\/www.mexicanguitarplayers.com\/en\/wp-json\/wp\/v2\/product_tag?post=36758"}],"curies":[{"name":"wp","href":"https:\/\/api.w.org\/{rel}","templated":true}]}}