{"id":36787,"date":"2025-04-08T22:45:49","date_gmt":"2025-04-09T04:45:49","guid":{"rendered":"https:\/\/www.mexicanguitarplayers.com\/tienda\/sin categor\u00eda\/combo-blackstar-p-guit-ht-metal-1\/"},"modified":"2025-04-08T22:45:49","modified_gmt":"2025-04-09T04:45:49","slug":"combo-blackstar-p-guit-ht-metal-1","status":"publish","type":"product","link":"https:\/\/www.mexicanguitarplayers.com\/en\/tienda\/cuerdas\/combos\/combos-para-guitarra\/combo-blackstar-p-guit-ht-metal-1\/","title":{"rendered":"COMBO BLACKSTAR P\/GUIT.HT-METAL-1"},"content":{"rendered":"<div style=\"text-align: justify\">\n<div>\n<h3>El gran poder del metal.<\/h3>\n<\/div>\n<div>El HT METAL 1 es el combo de guitarra perfecto. Utiliza el  galardonado HT-1R como un punto de inicio, ofrece una completa revisi\u00f3n sonora y cosm\u00e9tica, ofreciendo un amplificador de ultra alta ganancia dise\u00f1ado espec\u00edficamente para satisfacer las demandas de los guitarristas de metal de hoy. El circuito ISF patentad (Infinite Shape Feature) te da un ajuste infinito sobre las caracter\u00edsticas tonales y te lleva desde el cl\u00e1sico sonidos brit\u00e1nico del heavy metal hasta sonidos americanos modernos y a todo lo que entre ambos puntos. A\u00f1ade a esto una salida de emulaci\u00f3n de altavoz, una entrada MP3\/Line adem\u00e1s de un altavoz de 4-16 ohms de salida y obtendr\u00e1s todo lo que necesitas para practicar o para grabar.<\/div>\n<div>\n<h4>Quick look<\/h4>\n<\/div>\n<ul style=\"margin: 0px 0px 0px 25px\">\n<li style=\"list-style-type: circle;margin: 5px\">Kind.<\/li>\n<li style=\"list-style-type: circle;margin: 5px\">Characteristics.<\/li>\n<li style=\"list-style-type: circle;margin: 5px\">Bulbs<\/li>\n<li style=\"list-style-type: circle;margin: 5px\">Cosm\u00e9ticos de metal personalizados.<\/li>\n<li style=\"list-style-type: circle;margin: 5px\">Dise\u00f1o push-pull de 1 watt.<\/li>\n<li style=\"list-style-type: circle;margin: 5px\">Dos canales.<\/li>\n<li style=\"list-style-type: circle;margin: 5px\">Altavoz de 8\u201d pulgadas.<\/li>\n<li style=\"list-style-type: circle;margin: 5px\">ISF control.<\/li>\n<li style=\"list-style-type: circle;margin: 5px\">Speaker emulation output.<\/li>\n<li style=\"list-style-type: circle;margin: 5px\">Digital reverb.<\/li>\n<li style=\"list-style-type: circle;margin: 5px\">Tickets.<\/li>\n<li style=\"list-style-type: circle;margin: 5px\">Controls<\/li>\n<li style=\"list-style-type: circle;margin: 5px\">Dimensions.<\/li>\n<li style=\"list-style-type: circle;margin: 5px\">Weight.<\/li>\n<\/ul>\n<div>\n<div style=\"font-weight: bold\">Kind.<\/div>\n<div>\n<p>Combo innovador de 1 watt.<\/p>\n<\/div>\n<div style=\"font-weight: bold\">Characteristics.<\/div>\n<div>\n<p>Especialmente dise\u00f1ado para guitarristas de metal. Ganancia y tono extremos. Basado en el galardonado HT-1R. Perfecto para estudio de grabaci\u00f3n o para practicar. Rejilla met\u00e1lica.<\/p>\n<\/div>\n<div style=\"font-weight: bold\">Bulbs<\/div>\n<div>\n<p>1 x ECC83 y 1 x ECC82.<\/p>\n<\/div>\n<div style=\"font-weight: bold\">Cosm\u00e9ticos de metal personalizados.<\/div>\n<div>\n<p>La serie HT cuenta con dise\u00f1os cosm\u00e9ticos personalizados para guitarristas de metal. Todo el rango cuenta con perillas negras, panel met\u00e1lico, logo met\u00e1lico y en algunos modelos, con rejilla met\u00e1lica personalizada.<\/p>\n<\/div>\n<div style=\"font-weight: bold\">Dise\u00f1o push-pull de 1 watt.<\/div>\n<div>\n<p>El amplificador de potencia HT-1 es un dise\u00f1o push-pull de baja potencia que produce el crunch y break-up de una etapa de salida tradicional de 100 watts pero a un volumen mucho menor. Esto se logra mediante el uso de un tr\u00edodo dual ECC82 en configuraci\u00f3n push-pull, produciendo 1 watt de salida, rico en arm\u00f3nicos de bulbo y compresi\u00f3n, con un sonido completo y tonal, incluso a bajos niveles de volumen.<\/p>\n<\/div>\n<div style=\"font-weight: bold\">Dos canales.<\/div>\n<div>\n<p>El HT-1 tiene dos canales disponibles para seleccionar, un canal Clean y un canal Overdrive. Usar el control Gain mientras est\u00e1n en el canal Clean te permitir\u00e1 entregar todo desde un sonido limpio hasta un tono crunch. Alternativamente, puedes seleccionar el canal Overdrive y de nuevo usar el control Gain, cambiar de un sonido limpio a trav\u00e9s de un sonido lead distorsionado.<\/p>\n<\/div>\n<div style=\"font-weight: bold\">Altavoz de 8\u201d pulgadas.<\/div>\n<div>\n<p>Con un altavoz de 8\u201d pulgadas, el HT-1 realmente es el combo perfecto para estudio o para uso en casa. El objetivo fue crear un amplificador  con un gran sonido y tono, incluso a bajos niveles de volumen.<\/p>\n<\/div>\n<div style=\"font-weight: bold\">ISF control.<\/div>\n<div>\n<p>The ISF control works in conjunction with the tone controls. This control allows you to find the sound you are really looking for. Fully CCW gives you a tight and aggressive American sound, while fully CW gives you a characteristic British sound, more woody and less aggressive.<\/p>\n<\/div>\n<div style=\"font-weight: bold\">Speaker emulation output.<\/div>\n<div>\n<p>El dise\u00f1o de salida de emulaci\u00f3n de altavoz es un nuevo punto de referencia para la grabaci\u00f3n pro en directo. Este dise\u00f1o sin compromisos hace que sea sencillo obtener tu tono en discos o cintas. Puedes tambi\u00e9n usarlo para correr una l\u00ednea de salida a PA.<\/p>\n<\/div>\n<div style=\"font-weight: bold\">Digital reverb.<\/div>\n<div>\n<p>The reverb control adjusts the level of the reverb effect. With the control fully to the left you will not have reverb, but turning the control clockwise will increase the amount of reverb.<\/p>\n<\/div>\n<div style=\"font-weight: bold\">Tickets.<\/div>\n<div>\n<p>Entrada de instrumento y MP3\/Line.<\/p>\n<\/div>\n<div style=\"font-weight: bold\">Controls<\/div>\n<div>\n<p>Gain, Overdrive Select, Volume, ISF, Speaker Emulated Output and Headphones, MP3\/Line In, Reverb.<\/p>\n<\/div>\n<div style=\"font-weight: bold\">Dimensions.<\/div>\n<div>\n<p>308 x 305 x 172 mm.<\/p>\n<\/div>\n<div style=\"font-weight: bold\">Weight.<\/div>\n<div>\n<p>5.9 kg.<\/p>\n<\/div>\n<\/div>\n<\/div>","protected":false},"excerpt":{"rendered":"<p>Combo de guitarra a bulbos, 1 watt de potencia, especialmente dise\u00f1ado para guitarristas de metal, ganancia y tono extremos, basado en el galardonado HT-1R, perfecto para estudio de grabaci\u00f3n o para practicar, rejilla met\u00e1lica, bulbos: 1 x ECC83 y 1 x ECC82, dise\u00f1o push-pull, 2 canales (Clean y Overdrive), altavoz de 8\u201d pulgadas,  control ISF (Infinite Shape Feature), reverb digital, dimensiones: 308 x 305 x 172 mm, peso: 5.9 kg.&hellip; <a class=\"kt-excerpt-readmore more-link\" href=\"https:\/\/www.mexicanguitarplayers.com\/en\/tienda\/cuerdas\/combos\/combos-para-guitarra\/combo-blackstar-p-guit-ht-metal-1\/\">Read more<\/a><\/p>","protected":false},"featured_media":36784,"comment_status":"open","ping_status":"closed","template":"","meta":{"kt_blocks_editor_width":""},"pwb-brand":[172],"product_brand":[],"product_cat":[236,237,224],"product_tag":[],"class_list":{"0":"post-36787","1":"product","2":"type-product","3":"status-publish","4":"has-post-thumbnail","6":"pwb-brand-blackstar","7":"product_cat-combos","8":"product_cat-combos-para-guitarra","9":"product_cat-cuerdas","10":"product_shipping_class-15-20-kg","12":"first","13":"outofstock","14":"taxable","15":"shipping-taxable","16":"purchasable","17":"product-type-simple"},"yoast_head":"<!-- This site is optimized with the Yoast SEO plugin v27.3 - https:\/\/yoast.com\/product\/yoast-seo-wordpress\/ -->\n<title>COMBO BLACKSTAR P\/GUIT.HT-METAL-1 - Mexican Guitar Players<\/title>\n<meta name=\"description\" content=\"Combo de guitarra a bulbos, 1 watt de potencia, especialmente dise\u00f1ado para guitarristas de metal, ganancia y tono extremos, basado en el galardonado HT-1R, perfecto para estudio de grabaci\u00f3n o para practicar, rejilla met\u00e1lica, bulbos: 1 x ECC83 y 1 x ECC82, dise\u00f1o push-pull, 2 canales (Clean y Overdrive), altavoz de 8\u201d pulgadas, control ISF (Infinite Shape Feature), reverb digital, dimensiones: 308 x 305 x 172 mm, peso: 5.9 kg.\" \/>\n<meta name=\"robots\" content=\"index, follow, max-snippet:-1, max-image-preview:large, max-video-preview:-1\" \/>\n<link rel=\"canonical\" href=\"https:\/\/www.mexicanguitarplayers.com\/en\/tienda\/sin%20categor\u00eda\/combo-blackstar-p-guit-ht-metal-1\/\" \/>\n<meta property=\"og:locale\" content=\"en_US\" \/>\n<meta property=\"og:type\" content=\"article\" \/>\n<meta property=\"og:title\" content=\"COMBO BLACKSTAR P\/GUIT.HT-METAL-1 - Mexican Guitar Players\" \/>\n<meta property=\"og:description\" content=\"Combo de guitarra a bulbos, 1 watt de potencia, especialmente dise\u00f1ado para guitarristas de metal, ganancia y tono extremos, basado en el galardonado HT-1R, perfecto para estudio de grabaci\u00f3n o para practicar, rejilla met\u00e1lica, bulbos: 1 x ECC83 y 1 x ECC82, dise\u00f1o push-pull, 2 canales (Clean y Overdrive), altavoz de 8\u201d pulgadas, control ISF (Infinite Shape Feature), reverb digital, dimensiones: 308 x 305 x 172 mm, peso: 5.9 kg.\" \/>\n<meta property=\"og:url\" content=\"https:\/\/www.mexicanguitarplayers.com\/en\/tienda\/sin categor\u00eda\/combo-blackstar-p-guit-ht-metal-1\/\" \/>\n<meta property=\"og:site_name\" content=\"Mexican Guitar Players\" \/>\n<meta name=\"twitter:card\" content=\"summary_large_image\" \/>\n<meta name=\"twitter:label1\" content=\"Est. reading time\" \/>\n\t<meta name=\"twitter:data1\" content=\"3 minutes\" \/>\n<script type=\"application\/ld+json\" class=\"yoast-schema-graph\">{\"@context\":\"https:\\\/\\\/schema.org\",\"@graph\":[{\"@type\":[\"WebPage\",\"ItemPage\"],\"@id\":\"https:\\\/\\\/www.mexicanguitarplayers.com\\\/tienda\\\/sin categor\u00eda\\\/combo-blackstar-p-guit-ht-metal-1\\\/\",\"url\":\"https:\\\/\\\/www.mexicanguitarplayers.com\\\/tienda\\\/sin categor\u00eda\\\/combo-blackstar-p-guit-ht-metal-1\\\/\",\"name\":\"COMBO BLACKSTAR P\\\/GUIT.HT-METAL-1 - Mexican Guitar Players\",\"isPartOf\":{\"@id\":\"https:\\\/\\\/www.mexicanguitarplayers.com\\\/#website\"},\"primaryImageOfPage\":{\"@id\":\"https:\\\/\\\/www.mexicanguitarplayers.com\\\/tienda\\\/sin categor\u00eda\\\/combo-blackstar-p-guit-ht-metal-1\\\/#primaryimage\"},\"image\":{\"@id\":\"https:\\\/\\\/www.mexicanguitarplayers.com\\\/tienda\\\/sin categor\u00eda\\\/combo-blackstar-p-guit-ht-metal-1\\\/#primaryimage\"},\"thumbnailUrl\":\"https:\\\/\\\/www.mexicanguitarplayers.com\\\/wp-content\\\/uploads\\\/2025\\\/04\\\/ICBLSHTMET1.jpg\",\"datePublished\":\"2025-04-09T04:45:49+00:00\",\"description\":\"Combo de guitarra a bulbos, 1 watt de potencia, especialmente dise\u00f1ado para guitarristas de metal, ganancia y tono extremos, basado en el galardonado HT-1R, perfecto para estudio de grabaci\u00f3n o para practicar, rejilla met\u00e1lica, bulbos: 1 x ECC83 y 1 x ECC82, dise\u00f1o push-pull, 2 canales (Clean y Overdrive), altavoz de 8\u201d pulgadas, control ISF (Infinite Shape Feature), reverb digital, dimensiones: 308 x 305 x 172 mm, peso: 5.9 kg.\",\"breadcrumb\":{\"@id\":\"https:\\\/\\\/www.mexicanguitarplayers.com\\\/tienda\\\/sin categor\u00eda\\\/combo-blackstar-p-guit-ht-metal-1\\\/#breadcrumb\"},\"inLanguage\":\"en-US\",\"potentialAction\":[{\"@type\":\"ReadAction\",\"target\":[\"https:\\\/\\\/www.mexicanguitarplayers.com\\\/tienda\\\/sin categor\u00eda\\\/combo-blackstar-p-guit-ht-metal-1\\\/\"]}]},{\"@type\":\"ImageObject\",\"inLanguage\":\"en-US\",\"@id\":\"https:\\\/\\\/www.mexicanguitarplayers.com\\\/tienda\\\/sin categor\u00eda\\\/combo-blackstar-p-guit-ht-metal-1\\\/#primaryimage\",\"url\":\"https:\\\/\\\/www.mexicanguitarplayers.com\\\/wp-content\\\/uploads\\\/2025\\\/04\\\/ICBLSHTMET1.jpg\",\"contentUrl\":\"https:\\\/\\\/www.mexicanguitarplayers.com\\\/wp-content\\\/uploads\\\/2025\\\/04\\\/ICBLSHTMET1.jpg\",\"width\":1200,\"height\":1200},{\"@type\":\"BreadcrumbList\",\"@id\":\"https:\\\/\\\/www.mexicanguitarplayers.com\\\/tienda\\\/sin categor\u00eda\\\/combo-blackstar-p-guit-ht-metal-1\\\/#breadcrumb\",\"itemListElement\":[{\"@type\":\"ListItem\",\"position\":1,\"name\":\"Portada\",\"item\":\"https:\\\/\\\/www.mexicanguitarplayers.com\\\/\"},{\"@type\":\"ListItem\",\"position\":2,\"name\":\"Tienda\",\"item\":\"https:\\\/\\\/www.mexicanguitarplayers.com\\\/tienda\\\/\"},{\"@type\":\"ListItem\",\"position\":3,\"name\":\"COMBO BLACKSTAR P\\\/GUIT.HT-METAL-1\"}]},{\"@type\":\"WebSite\",\"@id\":\"https:\\\/\\\/www.mexicanguitarplayers.com\\\/#website\",\"url\":\"https:\\\/\\\/www.mexicanguitarplayers.com\\\/\",\"name\":\"Mexican Guitar Players\",\"description\":\"Website\",\"publisher\":{\"@id\":\"https:\\\/\\\/www.mexicanguitarplayers.com\\\/#organization\"},\"potentialAction\":[{\"@type\":\"SearchAction\",\"target\":{\"@type\":\"EntryPoint\",\"urlTemplate\":\"https:\\\/\\\/www.mexicanguitarplayers.com\\\/?s={search_term_string}\"},\"query-input\":{\"@type\":\"PropertyValueSpecification\",\"valueRequired\":true,\"valueName\":\"search_term_string\"}}],\"inLanguage\":\"en-US\"},{\"@type\":\"Organization\",\"@id\":\"https:\\\/\\\/www.mexicanguitarplayers.com\\\/#organization\",\"name\":\"Mexican Guitar Players\",\"url\":\"https:\\\/\\\/www.mexicanguitarplayers.com\\\/\",\"logo\":{\"@type\":\"ImageObject\",\"inLanguage\":\"en-US\",\"@id\":\"https:\\\/\\\/www.mexicanguitarplayers.com\\\/#\\\/schema\\\/logo\\\/image\\\/\",\"url\":\"\",\"contentUrl\":\"\",\"caption\":\"Mexican Guitar Players\"},\"image\":{\"@id\":\"https:\\\/\\\/www.mexicanguitarplayers.com\\\/#\\\/schema\\\/logo\\\/image\\\/\"}}]}<\/script>\n<!-- \/ Yoast SEO plugin. -->","yoast_head_json":{"title":"COMBO BLACKSTAR P\/GUIT.HT-METAL-1 - Mexican Guitar Players","description":"Combo de guitarra a bulbos, 1 watt de potencia, especialmente dise\u00f1ado para guitarristas de metal, ganancia y tono extremos, basado en el galardonado HT-1R, perfecto para estudio de grabaci\u00f3n o para practicar, rejilla met\u00e1lica, bulbos: 1 x ECC83 y 1 x ECC82, dise\u00f1o push-pull, 2 canales (Clean y Overdrive), altavoz de 8\u201d pulgadas, control ISF (Infinite Shape Feature), reverb digital, dimensiones: 308 x 305 x 172 mm, peso: 5.9 kg.","robots":{"index":"index","follow":"follow","max-snippet":"max-snippet:-1","max-image-preview":"max-image-preview:large","max-video-preview":"max-video-preview:-1"},"canonical":"https:\/\/www.mexicanguitarplayers.com\/en\/tienda\/sin categor\u00eda\/combo-blackstar-p-guit-ht-metal-1\/","og_locale":"en_US","og_type":"article","og_title":"COMBO BLACKSTAR P\/GUIT.HT-METAL-1 - Mexican Guitar Players","og_description":"Combo de guitarra a bulbos, 1 watt de potencia, especialmente dise\u00f1ado para guitarristas de metal, ganancia y tono extremos, basado en el galardonado HT-1R, perfecto para estudio de grabaci\u00f3n o para practicar, rejilla met\u00e1lica, bulbos: 1 x ECC83 y 1 x ECC82, dise\u00f1o push-pull, 2 canales (Clean y Overdrive), altavoz de 8\u201d pulgadas, control ISF (Infinite Shape Feature), reverb digital, dimensiones: 308 x 305 x 172 mm, peso: 5.9 kg.","og_url":"https:\/\/www.mexicanguitarplayers.com\/en\/tienda\/sin categor\u00eda\/combo-blackstar-p-guit-ht-metal-1\/","og_site_name":"Mexican Guitar Players","twitter_card":"summary_large_image","twitter_misc":{"Est. reading time":"3 minutes"},"schema":{"@context":"https:\/\/schema.org","@graph":[{"@type":["WebPage","ItemPage"],"@id":"https:\/\/www.mexicanguitarplayers.com\/tienda\/sin categor\u00eda\/combo-blackstar-p-guit-ht-metal-1\/","url":"https:\/\/www.mexicanguitarplayers.com\/tienda\/sin categor\u00eda\/combo-blackstar-p-guit-ht-metal-1\/","name":"COMBO BLACKSTAR P\/GUIT.HT-METAL-1 - Mexican Guitar Players","isPartOf":{"@id":"https:\/\/www.mexicanguitarplayers.com\/#website"},"primaryImageOfPage":{"@id":"https:\/\/www.mexicanguitarplayers.com\/tienda\/sin categor\u00eda\/combo-blackstar-p-guit-ht-metal-1\/#primaryimage"},"image":{"@id":"https:\/\/www.mexicanguitarplayers.com\/tienda\/sin categor\u00eda\/combo-blackstar-p-guit-ht-metal-1\/#primaryimage"},"thumbnailUrl":"https:\/\/www.mexicanguitarplayers.com\/wp-content\/uploads\/2025\/04\/ICBLSHTMET1.jpg","datePublished":"2025-04-09T04:45:49+00:00","description":"Combo de guitarra a bulbos, 1 watt de potencia, especialmente dise\u00f1ado para guitarristas de metal, ganancia y tono extremos, basado en el galardonado HT-1R, perfecto para estudio de grabaci\u00f3n o para practicar, rejilla met\u00e1lica, bulbos: 1 x ECC83 y 1 x ECC82, dise\u00f1o push-pull, 2 canales (Clean y Overdrive), altavoz de 8\u201d pulgadas, control ISF (Infinite Shape Feature), reverb digital, dimensiones: 308 x 305 x 172 mm, peso: 5.9 kg.","breadcrumb":{"@id":"https:\/\/www.mexicanguitarplayers.com\/tienda\/sin categor\u00eda\/combo-blackstar-p-guit-ht-metal-1\/#breadcrumb"},"inLanguage":"en-US","potentialAction":[{"@type":"ReadAction","target":["https:\/\/www.mexicanguitarplayers.com\/tienda\/sin categor\u00eda\/combo-blackstar-p-guit-ht-metal-1\/"]}]},{"@type":"ImageObject","inLanguage":"en-US","@id":"https:\/\/www.mexicanguitarplayers.com\/tienda\/sin categor\u00eda\/combo-blackstar-p-guit-ht-metal-1\/#primaryimage","url":"https:\/\/www.mexicanguitarplayers.com\/wp-content\/uploads\/2025\/04\/ICBLSHTMET1.jpg","contentUrl":"https:\/\/www.mexicanguitarplayers.com\/wp-content\/uploads\/2025\/04\/ICBLSHTMET1.jpg","width":1200,"height":1200},{"@type":"BreadcrumbList","@id":"https:\/\/www.mexicanguitarplayers.com\/tienda\/sin categor\u00eda\/combo-blackstar-p-guit-ht-metal-1\/#breadcrumb","itemListElement":[{"@type":"ListItem","position":1,"name":"Portada","item":"https:\/\/www.mexicanguitarplayers.com\/"},{"@type":"ListItem","position":2,"name":"Tienda","item":"https:\/\/www.mexicanguitarplayers.com\/tienda\/"},{"@type":"ListItem","position":3,"name":"COMBO BLACKSTAR P\/GUIT.HT-METAL-1"}]},{"@type":"WebSite","@id":"https:\/\/www.mexicanguitarplayers.com\/#website","url":"https:\/\/www.mexicanguitarplayers.com\/","name":"Mexican Guitar Players","description":"Website","publisher":{"@id":"https:\/\/www.mexicanguitarplayers.com\/#organization"},"potentialAction":[{"@type":"SearchAction","target":{"@type":"EntryPoint","urlTemplate":"https:\/\/www.mexicanguitarplayers.com\/?s={search_term_string}"},"query-input":{"@type":"PropertyValueSpecification","valueRequired":true,"valueName":"search_term_string"}}],"inLanguage":"en-US"},{"@type":"Organization","@id":"https:\/\/www.mexicanguitarplayers.com\/#organization","name":"Mexican Guitar Players","url":"https:\/\/www.mexicanguitarplayers.com\/","logo":{"@type":"ImageObject","inLanguage":"en-US","@id":"https:\/\/www.mexicanguitarplayers.com\/#\/schema\/logo\/image\/","url":"","contentUrl":"","caption":"Mexican Guitar Players"},"image":{"@id":"https:\/\/www.mexicanguitarplayers.com\/#\/schema\/logo\/image\/"}}]}},"brands":[{"id":172,"name":"BLACKSTAR","slug":"blackstar"}],"_links":{"self":[{"href":"https:\/\/www.mexicanguitarplayers.com\/en\/wp-json\/wp\/v2\/product\/36787","targetHints":{"allow":["GET"]}}],"collection":[{"href":"https:\/\/www.mexicanguitarplayers.com\/en\/wp-json\/wp\/v2\/product"}],"about":[{"href":"https:\/\/www.mexicanguitarplayers.com\/en\/wp-json\/wp\/v2\/types\/product"}],"replies":[{"embeddable":true,"href":"https:\/\/www.mexicanguitarplayers.com\/en\/wp-json\/wp\/v2\/comments?post=36787"}],"wp:featuredmedia":[{"embeddable":true,"href":"https:\/\/www.mexicanguitarplayers.com\/en\/wp-json\/wp\/v2\/media\/36784"}],"wp:attachment":[{"href":"https:\/\/www.mexicanguitarplayers.com\/en\/wp-json\/wp\/v2\/media?parent=36787"}],"wp:term":[{"taxonomy":"pwb-brand","embeddable":true,"href":"https:\/\/www.mexicanguitarplayers.com\/en\/wp-json\/wp\/v2\/pwb-brand?post=36787"},{"taxonomy":"product_brand","embeddable":true,"href":"https:\/\/www.mexicanguitarplayers.com\/en\/wp-json\/wp\/v2\/product_brand?post=36787"},{"taxonomy":"product_cat","embeddable":true,"href":"https:\/\/www.mexicanguitarplayers.com\/en\/wp-json\/wp\/v2\/product_cat?post=36787"},{"taxonomy":"product_tag","embeddable":true,"href":"https:\/\/www.mexicanguitarplayers.com\/en\/wp-json\/wp\/v2\/product_tag?post=36787"}],"curies":[{"name":"wp","href":"https:\/\/api.w.org\/{rel}","templated":true}]}}