{"id":36799,"date":"2025-04-08T22:46:04","date_gmt":"2025-04-09T04:46:04","guid":{"rendered":"https:\/\/www.mexicanguitarplayers.com\/tienda\/sin categor\u00eda\/amplificador-bugera-p-guit-t50-infinium\/"},"modified":"2026-04-10T04:25:50","modified_gmt":"2026-04-10T10:25:50","slug":"amplificador-bugera-p-guit-t50-infinium","status":"publish","type":"product","link":"https:\/\/www.mexicanguitarplayers.com\/en\/tienda\/cuerdas\/amplificadores-cuerdas\/amps-para-guitarra\/amplificador-bugera-p-guit-t50-infinium\/","title":{"rendered":"AMPLIFICADOR BUGERA P\/GUIT. T50 INFINIUM"},"content":{"rendered":"<div style=\"text-align: justify\">\n<div>\n<h3>Classic bulb design.<\/h3>\n<\/div>\n<div>Cuando piensas en el rock brit\u00e1nico cl\u00e1sico, el sonido es innegable. Es de lo que est\u00e1n hechos los sue\u00f1os, ese dulce Clean\/Crunch que gener\u00f3 una generaci\u00f3n de guitarristas y la m\u00fasica que ha resistido el paso del tiempo. Empacamos todo ese tono ic\u00f3nico y todo el car\u00e1cter vanguardista de un amplificador moderno de alta ganancia en un paquete peque\u00f1o pero potente: el T50 INFINIUM. Agregamos un volumen maestro VR-dual divisor post-phase que te permite atenuar la se\u00f1al justo antes de los bulbos de alimentaci\u00f3n para obtener un contenido arm\u00f3nico completo en cualquier nivel y un gran transformador de salida para una mayor respuesta din\u00e1mica y claridad. Con 4 bulbos 12AX7 y 2 bulbos de alimentaci\u00f3n EL34, el T50 es capaz de cubrir vastos territorios sonoros con notable facilidad.  Un verdadero amplificador de 2 canales, los canales Clean y Lead son completamente independientes y cada uno tiene su propia pila de tonos de 3 bandas a medida (Treble\/Mid\/Bass) para ofrecer lo \u00faltimo en modelado de tonos. La secci\u00f3n de potencia push-pull del T50 ofrece 50 watts de s\u00f3lido rock&#8217;n&#8217;roll y presenta nuestra revolucionaria tecnolog\u00eda de multiplicador de vida de bulbo INFINIUM, que no solamente controla el estado de los bulbos de salida, sino que puede extender su vida \u00fatil hasta 20 veces. El T50 INFINIUM tambi\u00e9n incluye operaci\u00f3n conmutable Clase A y Clase AB, lo que te permite elegir la Clase A para una sedosidad vintage o la Clase AB para una potencia bruta y altamente sensible. Completamos todo con un reverb de alta definici\u00f3n y un sonido dulce que brinda aire de atemporalidad a tus partes de solo y ritmo y un switch Phat para aumentar a\u00fan m\u00e1s el car\u00e1cter del sonido de tu guitarra. Todo se suma a un amplificador de bulbo completo con presencia masiva en el escenario y versatilidad desenfrenada. Los bulbos 12AX7 seleccionados a mano en el preamplificador del T50 INFINIUM proporcionan una profusi\u00f3n de tonos din\u00e1micos para todo, desde sonidos de rock sucio de alta ganancia sobre la bondad limpia y crujiente del Britpop hasta un dulce y jazzero blues. Enviamos el T50 cargado con bulbos de salida EL34, que generalmente se usan en amplificadores de guitarra de gama alta debido a sus potentes graves y sus mayores caracter\u00edsticas de distorsi\u00f3n a menor potencia que otros bulbos de salida. Y esta belleza de amplificador aprovecha cada gota para obtener un incre\u00edble efecto. Un amplificador de bulbos totalmente dise\u00f1ado con maestr\u00eda, el T50 INFINIUM proporciona arm\u00f3nicos dulcemente equilibrados y compresi\u00f3n de bulbo natural, lo que resulta en una distorsi\u00f3n c\u00e1lida y una ruptura tan t\u00edpica de esos amados amplificadores brit\u00e1nicos de anta\u00f1o. Tecnolog\u00eda de multiplicador de vida de bulbo INFINIUM. A\u00f1os de fabricaci\u00f3n, nuestra tecnolog\u00eda de multiplicar de vida de bulbo INFINIUM puede extender la vida \u00fatil de los costosos bulbos de potencia de tu amplificador hasta 20 veces, ahorr\u00e1ndote mucho dinero y garantizando la integridad de tu tono. \u00bfC\u00f3mo? Este circuito revolucionario monitorea autom\u00e1tica y continuamente el rendimiento de cada bulbo de salida y lo conduce din\u00e1micamente hacia el punto de operaci\u00f3n objetivo, para una carga distribuida uniformemente.<\/div>\n<div>\n<h4>Quick look<\/h4>\n<\/div>\n<ul style=\"margin: 0px 0px 0px 25px\">\n<li style=\"list-style-type: circle;margin: 5px\">Preamp section.<\/li>\n<li style=\"list-style-type: circle;margin: 5px\">Rear panel.<\/li>\n<li style=\"list-style-type: circle;margin: 5px\">Amplifier section.<\/li>\n<li style=\"list-style-type: circle;margin: 5px\">Energy.<\/li>\n<li style=\"list-style-type: circle;margin: 5px\">Dimensions.<\/li>\n<li style=\"list-style-type: circle;margin: 5px\">Weight.<\/li>\n<\/ul>\n<div>\n<div style=\"font-weight: bold\">Preamp section.<\/div>\n<div>\n<p>Tipo de bulbo: 4 bulbos 12AX7. Conector de entrada. Jack TS 1\/4&#8243; desbalanceado. Impedancia de entrada: 1 mili-ohm.<\/p>\n<\/div>\n<div style=\"font-weight: bold\">Rear panel.<\/div>\n<div>\n<p>Impedancia de env\u00edo de efectos: 1 kilo-ohm. Impedancia de retorno de efectos: 65 kilo-ohms. Entrada footswitch (FSB102A), non-latching: Jack TRS 1\/4&#8243; desbalanceado.<\/p>\n<\/div>\n<div style=\"font-weight: bold\">Amplifier section.<\/div>\n<div>\n<p>Tipo de bulbo: 2 bulbos EL34. Potencia de salida: 50 watts. Switch de impedancia: 4, 8, 16 ohms Conectores de altavoz: 2 jacks TS 1\/4&#8243; desbalanceados.<\/p>\n<\/div>\n<div style=\"font-weight: bold\">Energy.<\/div>\n<div>\n<p>Consumo de energ\u00eda @ 1\/8 de la m\u00e1xima potencia: 150 watts. Fusible: 100-120 V T 3.15A H 250V.<\/p>\n<\/div>\n<div style=\"font-weight: bold\">Dimensions.<\/div>\n<div>\n<p>322 x 455 x 157 mm.<\/p>\n<\/div>\n<div style=\"font-weight: bold\">Weight.<\/div>\n<div>\n<p>12 kg.<\/p>\n<\/div>\n<\/div>\n<\/div>","protected":false},"excerpt":{"rendered":"<p>Amplificador de bulbos para guitarra, aut\u00e9ntico dise\u00f1o de preamplificador de 2 canales, desde un sonido tradicional Clean\/Crunch hasta un moderno Gain\/High, potencia de 50 watts, 4 bulbos 12AX7 y 2 bulbos EL34, multiplicador INFINIUM  que extiende la vida de tus bulbos hasta por 20 veces, proporciona una incre\u00edble confiabilidad y un tono constante durante toda la vida \u00fatil de tus bulbos, permite mezclar y combinar cualquier combinaci\u00f3n de tipos y marcas de bulbos compatibles, no se requieren costosos juegos de bulbos, supervisa el rendimiento de cada bulbo de alimentaci\u00f3n de forma continua y muestra los bulbos defectuosos para permitir un remplazo sencillo e individual, operaci\u00f3n de Clase A\/AB conmutable para la m\u00e1xima voz del amplificador de potencia, Clase A para una calidez cl\u00e1sica y Clase AB para potencia en bruto de alta velocidad, reverb integrada de alta definici\u00f3n con control dedicado, incluye footswitch de uso ruso para funciones de reverb y canal, secci\u00f3n de ecualizador vintage con controles dedicados de graves, medios y agudos, fant\u00e1stico interruptor para aumentar el car\u00e1cter de sonido de tu guitarra, salida emulada por altavoz con opci\u00f3n de voz 1 x 12 o 4 x 12, switch de impedancia (4, 8 y 16 ohms) para coincidir con pr\u00e1cticamente cualquier gabinete de altavoz, terminado en espejo met\u00e1lico estilo jaula y asa tipo maleta que recuerda el sabor vintage, dimensiones: 322 x 455 x 157 mm, peso: 12 kg.&hellip; <a class=\"kt-excerpt-readmore more-link\" href=\"https:\/\/www.mexicanguitarplayers.com\/en\/tienda\/cuerdas\/amplificadores-cuerdas\/amps-para-guitarra\/amplificador-bugera-p-guit-t50-infinium\/\">Read more<\/a><\/p>","protected":false},"featured_media":36795,"comment_status":"open","ping_status":"closed","template":"","meta":{"kt_blocks_editor_width":""},"pwb-brand":[173],"product_brand":[],"product_cat":[219,226,224],"product_tag":[],"class_list":{"0":"post-36799","1":"product","2":"type-product","3":"status-publish","4":"has-post-thumbnail","6":"pwb-brand-bugera","7":"product_cat-amplificadores-audio","8":"product_cat-amps-para-guitarra","9":"product_cat-cuerdas","10":"product_shipping_class-10-15-kg","12":"first","13":"instock","14":"taxable","15":"shipping-taxable","16":"purchasable","17":"product-type-simple"},"yoast_head":"<!-- This site is optimized with the Yoast SEO plugin v27.5 - https:\/\/yoast.com\/product\/yoast-seo-wordpress\/ -->\n<title>AMPLIFICADOR BUGERA P\/GUIT. T50 INFINIUM - Mexican Guitar Players<\/title>\n<meta name=\"description\" content=\"Amplificador de bulbos para guitarra, aut\u00e9ntico dise\u00f1o de preamplificador de 2 canales, desde un sonido tradicional Clean\/Crunch hasta un moderno Gain\/High, potencia de 50 watts, 4 bulbos 12AX7 y 2 bulbos EL34, multiplicador INFINIUM que extiende la vida de tus bulbos hasta por 20 veces, proporciona una incre\u00edble confiabilidad y un tono constante durante toda la vida \u00fatil de tus bulbos, permite mezclar y combinar cualquier combinaci\u00f3n de tipos y marcas de bulbos compatibles, no se requieren costosos juegos de bulbos, supervisa el rendimiento de cada bulbo de alimentaci\u00f3n de forma continua y muestra los bulbos defectuosos para permitir un remplazo sencillo e individual, operaci\u00f3n de Clase A\/AB conmutable para la m\u00e1xima voz del amplificador de potencia, Clase A para una calidez cl\u00e1sica y Clase AB para potencia en bruto de alta velocidad, reverb integrada de alta definici\u00f3n con control dedicado, incluye footswitch de uso ruso para funciones de reverb y canal, secci\u00f3n de ecualizador vintage con controles dedicados de graves, medios y agudos, fant\u00e1stico interruptor para aumentar el car\u00e1cter de sonido de tu guitarra, salida emulada por altavoz con opci\u00f3n de voz 1 x 12 o 4 x 12, switch de impedancia (4, 8 y 16 ohms) para coincidir con pr\u00e1cticamente cualquier gabinete de altavoz, terminado en espejo met\u00e1lico estilo jaula y asa tipo maleta que recuerda el sabor vintage, dimensiones: 322 x 455 x 157 mm, peso: 12 kg.\" \/>\n<meta name=\"robots\" content=\"index, follow, max-snippet:-1, max-image-preview:large, max-video-preview:-1\" \/>\n<link rel=\"canonical\" href=\"https:\/\/www.mexicanguitarplayers.com\/en\/tienda\/sin%20categor\u00eda\/amplificador-bugera-p-guit-t50-infinium\/\" \/>\n<meta property=\"og:locale\" content=\"en_US\" \/>\n<meta property=\"og:type\" content=\"article\" \/>\n<meta property=\"og:title\" content=\"AMPLIFICADOR BUGERA P\/GUIT. T50 INFINIUM - Mexican Guitar Players\" \/>\n<meta property=\"og:description\" content=\"Amplificador de bulbos para guitarra, aut\u00e9ntico dise\u00f1o de preamplificador de 2 canales, desde un sonido tradicional Clean\/Crunch hasta un moderno Gain\/High, potencia de 50 watts, 4 bulbos 12AX7 y 2 bulbos EL34, multiplicador INFINIUM que extiende la vida de tus bulbos hasta por 20 veces, proporciona una incre\u00edble confiabilidad y un tono constante durante toda la vida \u00fatil de tus bulbos, permite mezclar y combinar cualquier combinaci\u00f3n de tipos y marcas de bulbos compatibles, no se requieren costosos juegos de bulbos, supervisa el rendimiento de cada bulbo de alimentaci\u00f3n de forma continua y muestra los bulbos defectuosos para permitir un remplazo sencillo e individual, operaci\u00f3n de Clase A\/AB conmutable para la m\u00e1xima voz del amplificador de potencia, Clase A para una calidez cl\u00e1sica y Clase AB para potencia en bruto de alta velocidad, reverb integrada de alta definici\u00f3n con control dedicado, incluye footswitch de uso ruso para funciones de reverb y canal, secci\u00f3n de ecualizador vintage con controles dedicados de graves, medios y agudos, fant\u00e1stico interruptor para aumentar el car\u00e1cter de sonido de tu guitarra, salida emulada por altavoz con opci\u00f3n de voz 1 x 12 o 4 x 12, switch de impedancia (4, 8 y 16 ohms) para coincidir con pr\u00e1cticamente cualquier gabinete de altavoz, terminado en espejo met\u00e1lico estilo jaula y asa tipo maleta que recuerda el sabor vintage, dimensiones: 322 x 455 x 157 mm, peso: 12 kg.\" \/>\n<meta property=\"og:url\" content=\"https:\/\/www.mexicanguitarplayers.com\/en\/tienda\/sin categor\u00eda\/amplificador-bugera-p-guit-t50-infinium\/\" \/>\n<meta property=\"og:site_name\" content=\"Mexican Guitar Players\" \/>\n<meta property=\"article:modified_time\" content=\"2026-04-10T10:25:50+00:00\" \/>\n<meta name=\"twitter:card\" content=\"summary_large_image\" \/>\n<meta name=\"twitter:label1\" content=\"Est. reading time\" \/>\n\t<meta name=\"twitter:data1\" content=\"3 minutes\" \/>\n<script type=\"application\/ld+json\" class=\"yoast-schema-graph\">{\"@context\":\"https:\\\/\\\/schema.org\",\"@graph\":[{\"@type\":[\"WebPage\",\"ItemPage\"],\"@id\":\"https:\\\/\\\/www.mexicanguitarplayers.com\\\/tienda\\\/sin categor\u00eda\\\/amplificador-bugera-p-guit-t50-infinium\\\/\",\"url\":\"https:\\\/\\\/www.mexicanguitarplayers.com\\\/tienda\\\/sin categor\u00eda\\\/amplificador-bugera-p-guit-t50-infinium\\\/\",\"name\":\"AMPLIFICADOR BUGERA P\\\/GUIT. T50 INFINIUM - Mexican Guitar Players\",\"isPartOf\":{\"@id\":\"https:\\\/\\\/www.mexicanguitarplayers.com\\\/#website\"},\"primaryImageOfPage\":{\"@id\":\"https:\\\/\\\/www.mexicanguitarplayers.com\\\/tienda\\\/sin categor\u00eda\\\/amplificador-bugera-p-guit-t50-infinium\\\/#primaryimage\"},\"image\":{\"@id\":\"https:\\\/\\\/www.mexicanguitarplayers.com\\\/tienda\\\/sin categor\u00eda\\\/amplificador-bugera-p-guit-t50-infinium\\\/#primaryimage\"},\"thumbnailUrl\":\"https:\\\/\\\/www.mexicanguitarplayers.com\\\/wp-content\\\/uploads\\\/2025\\\/04\\\/ICBUGT50INFINI.jpg\",\"datePublished\":\"2025-04-09T04:46:04+00:00\",\"dateModified\":\"2026-04-10T10:25:50+00:00\",\"description\":\"Amplificador de bulbos para guitarra, aut\u00e9ntico dise\u00f1o de preamplificador de 2 canales, desde un sonido tradicional Clean\\\/Crunch hasta un moderno Gain\\\/High, potencia de 50 watts, 4 bulbos 12AX7 y 2 bulbos EL34, multiplicador INFINIUM que extiende la vida de tus bulbos hasta por 20 veces, proporciona una incre\u00edble confiabilidad y un tono constante durante toda la vida \u00fatil de tus bulbos, permite mezclar y combinar cualquier combinaci\u00f3n de tipos y marcas de bulbos compatibles, no se requieren costosos juegos de bulbos, supervisa el rendimiento de cada bulbo de alimentaci\u00f3n de forma continua y muestra los bulbos defectuosos para permitir un remplazo sencillo e individual, operaci\u00f3n de Clase A\\\/AB conmutable para la m\u00e1xima voz del amplificador de potencia, Clase A para una calidez cl\u00e1sica y Clase AB para potencia en bruto de alta velocidad, reverb integrada de alta definici\u00f3n con control dedicado, incluye footswitch de uso ruso para funciones de reverb y canal, secci\u00f3n de ecualizador vintage con controles dedicados de graves, medios y agudos, fant\u00e1stico interruptor para aumentar el car\u00e1cter de sonido de tu guitarra, salida emulada por altavoz con opci\u00f3n de voz 1 x 12 o 4 x 12, switch de impedancia (4, 8 y 16 ohms) para coincidir con pr\u00e1cticamente cualquier gabinete de altavoz, terminado en espejo met\u00e1lico estilo jaula y asa tipo maleta que recuerda el sabor vintage, dimensiones: 322 x 455 x 157 mm, peso: 12 kg.\",\"breadcrumb\":{\"@id\":\"https:\\\/\\\/www.mexicanguitarplayers.com\\\/tienda\\\/sin categor\u00eda\\\/amplificador-bugera-p-guit-t50-infinium\\\/#breadcrumb\"},\"inLanguage\":\"en-US\",\"potentialAction\":[{\"@type\":\"ReadAction\",\"target\":[\"https:\\\/\\\/www.mexicanguitarplayers.com\\\/tienda\\\/sin categor\u00eda\\\/amplificador-bugera-p-guit-t50-infinium\\\/\"]}]},{\"@type\":\"ImageObject\",\"inLanguage\":\"en-US\",\"@id\":\"https:\\\/\\\/www.mexicanguitarplayers.com\\\/tienda\\\/sin categor\u00eda\\\/amplificador-bugera-p-guit-t50-infinium\\\/#primaryimage\",\"url\":\"https:\\\/\\\/www.mexicanguitarplayers.com\\\/wp-content\\\/uploads\\\/2025\\\/04\\\/ICBUGT50INFINI.jpg\",\"contentUrl\":\"https:\\\/\\\/www.mexicanguitarplayers.com\\\/wp-content\\\/uploads\\\/2025\\\/04\\\/ICBUGT50INFINI.jpg\",\"width\":1600,\"height\":800},{\"@type\":\"BreadcrumbList\",\"@id\":\"https:\\\/\\\/www.mexicanguitarplayers.com\\\/tienda\\\/sin categor\u00eda\\\/amplificador-bugera-p-guit-t50-infinium\\\/#breadcrumb\",\"itemListElement\":[{\"@type\":\"ListItem\",\"position\":1,\"name\":\"Portada\",\"item\":\"https:\\\/\\\/www.mexicanguitarplayers.com\\\/\"},{\"@type\":\"ListItem\",\"position\":2,\"name\":\"Tienda\",\"item\":\"https:\\\/\\\/www.mexicanguitarplayers.com\\\/tienda\\\/\"},{\"@type\":\"ListItem\",\"position\":3,\"name\":\"AMPLIFICADOR BUGERA P\\\/GUIT. T50 INFINIUM\"}]},{\"@type\":\"WebSite\",\"@id\":\"https:\\\/\\\/www.mexicanguitarplayers.com\\\/#website\",\"url\":\"https:\\\/\\\/www.mexicanguitarplayers.com\\\/\",\"name\":\"Mexican Guitar Players\",\"description\":\"Website\",\"publisher\":{\"@id\":\"https:\\\/\\\/www.mexicanguitarplayers.com\\\/#organization\"},\"potentialAction\":[{\"@type\":\"SearchAction\",\"target\":{\"@type\":\"EntryPoint\",\"urlTemplate\":\"https:\\\/\\\/www.mexicanguitarplayers.com\\\/?s={search_term_string}\"},\"query-input\":{\"@type\":\"PropertyValueSpecification\",\"valueRequired\":true,\"valueName\":\"search_term_string\"}}],\"inLanguage\":\"en-US\"},{\"@type\":\"Organization\",\"@id\":\"https:\\\/\\\/www.mexicanguitarplayers.com\\\/#organization\",\"name\":\"Mexican Guitar Players\",\"url\":\"https:\\\/\\\/www.mexicanguitarplayers.com\\\/\",\"logo\":{\"@type\":\"ImageObject\",\"inLanguage\":\"en-US\",\"@id\":\"https:\\\/\\\/www.mexicanguitarplayers.com\\\/#\\\/schema\\\/logo\\\/image\\\/\",\"url\":\"\",\"contentUrl\":\"\",\"caption\":\"Mexican Guitar Players\"},\"image\":{\"@id\":\"https:\\\/\\\/www.mexicanguitarplayers.com\\\/#\\\/schema\\\/logo\\\/image\\\/\"}}]}<\/script>\n<!-- \/ Yoast SEO plugin. -->","yoast_head_json":{"title":"AMPLIFICADOR BUGERA P\/GUIT. T50 INFINIUM - Mexican Guitar Players","description":"Amplificador de bulbos para guitarra, aut\u00e9ntico dise\u00f1o de preamplificador de 2 canales, desde un sonido tradicional Clean\/Crunch hasta un moderno Gain\/High, potencia de 50 watts, 4 bulbos 12AX7 y 2 bulbos EL34, multiplicador INFINIUM que extiende la vida de tus bulbos hasta por 20 veces, proporciona una incre\u00edble confiabilidad y un tono constante durante toda la vida \u00fatil de tus bulbos, permite mezclar y combinar cualquier combinaci\u00f3n de tipos y marcas de bulbos compatibles, no se requieren costosos juegos de bulbos, supervisa el rendimiento de cada bulbo de alimentaci\u00f3n de forma continua y muestra los bulbos defectuosos para permitir un remplazo sencillo e individual, operaci\u00f3n de Clase A\/AB conmutable para la m\u00e1xima voz del amplificador de potencia, Clase A para una calidez cl\u00e1sica y Clase AB para potencia en bruto de alta velocidad, reverb integrada de alta definici\u00f3n con control dedicado, incluye footswitch de uso ruso para funciones de reverb y canal, secci\u00f3n de ecualizador vintage con controles dedicados de graves, medios y agudos, fant\u00e1stico interruptor para aumentar el car\u00e1cter de sonido de tu guitarra, salida emulada por altavoz con opci\u00f3n de voz 1 x 12 o 4 x 12, switch de impedancia (4, 8 y 16 ohms) para coincidir con pr\u00e1cticamente cualquier gabinete de altavoz, terminado en espejo met\u00e1lico estilo jaula y asa tipo maleta que recuerda el sabor vintage, dimensiones: 322 x 455 x 157 mm, peso: 12 kg.","robots":{"index":"index","follow":"follow","max-snippet":"max-snippet:-1","max-image-preview":"max-image-preview:large","max-video-preview":"max-video-preview:-1"},"canonical":"https:\/\/www.mexicanguitarplayers.com\/en\/tienda\/sin categor\u00eda\/amplificador-bugera-p-guit-t50-infinium\/","og_locale":"en_US","og_type":"article","og_title":"AMPLIFICADOR BUGERA P\/GUIT. T50 INFINIUM - Mexican Guitar Players","og_description":"Amplificador de bulbos para guitarra, aut\u00e9ntico dise\u00f1o de preamplificador de 2 canales, desde un sonido tradicional Clean\/Crunch hasta un moderno Gain\/High, potencia de 50 watts, 4 bulbos 12AX7 y 2 bulbos EL34, multiplicador INFINIUM que extiende la vida de tus bulbos hasta por 20 veces, proporciona una incre\u00edble confiabilidad y un tono constante durante toda la vida \u00fatil de tus bulbos, permite mezclar y combinar cualquier combinaci\u00f3n de tipos y marcas de bulbos compatibles, no se requieren costosos juegos de bulbos, supervisa el rendimiento de cada bulbo de alimentaci\u00f3n de forma continua y muestra los bulbos defectuosos para permitir un remplazo sencillo e individual, operaci\u00f3n de Clase A\/AB conmutable para la m\u00e1xima voz del amplificador de potencia, Clase A para una calidez cl\u00e1sica y Clase AB para potencia en bruto de alta velocidad, reverb integrada de alta definici\u00f3n con control dedicado, incluye footswitch de uso ruso para funciones de reverb y canal, secci\u00f3n de ecualizador vintage con controles dedicados de graves, medios y agudos, fant\u00e1stico interruptor para aumentar el car\u00e1cter de sonido de tu guitarra, salida emulada por altavoz con opci\u00f3n de voz 1 x 12 o 4 x 12, switch de impedancia (4, 8 y 16 ohms) para coincidir con pr\u00e1cticamente cualquier gabinete de altavoz, terminado en espejo met\u00e1lico estilo jaula y asa tipo maleta que recuerda el sabor vintage, dimensiones: 322 x 455 x 157 mm, peso: 12 kg.","og_url":"https:\/\/www.mexicanguitarplayers.com\/en\/tienda\/sin categor\u00eda\/amplificador-bugera-p-guit-t50-infinium\/","og_site_name":"Mexican Guitar Players","article_modified_time":"2026-04-10T10:25:50+00:00","twitter_card":"summary_large_image","twitter_misc":{"Est. reading time":"3 minutes"},"schema":{"@context":"https:\/\/schema.org","@graph":[{"@type":["WebPage","ItemPage"],"@id":"https:\/\/www.mexicanguitarplayers.com\/tienda\/sin categor\u00eda\/amplificador-bugera-p-guit-t50-infinium\/","url":"https:\/\/www.mexicanguitarplayers.com\/tienda\/sin categor\u00eda\/amplificador-bugera-p-guit-t50-infinium\/","name":"AMPLIFICADOR BUGERA P\/GUIT. T50 INFINIUM - Mexican Guitar Players","isPartOf":{"@id":"https:\/\/www.mexicanguitarplayers.com\/#website"},"primaryImageOfPage":{"@id":"https:\/\/www.mexicanguitarplayers.com\/tienda\/sin categor\u00eda\/amplificador-bugera-p-guit-t50-infinium\/#primaryimage"},"image":{"@id":"https:\/\/www.mexicanguitarplayers.com\/tienda\/sin categor\u00eda\/amplificador-bugera-p-guit-t50-infinium\/#primaryimage"},"thumbnailUrl":"https:\/\/www.mexicanguitarplayers.com\/wp-content\/uploads\/2025\/04\/ICBUGT50INFINI.jpg","datePublished":"2025-04-09T04:46:04+00:00","dateModified":"2026-04-10T10:25:50+00:00","description":"Amplificador de bulbos para guitarra, aut\u00e9ntico dise\u00f1o de preamplificador de 2 canales, desde un sonido tradicional Clean\/Crunch hasta un moderno Gain\/High, potencia de 50 watts, 4 bulbos 12AX7 y 2 bulbos EL34, multiplicador INFINIUM que extiende la vida de tus bulbos hasta por 20 veces, proporciona una incre\u00edble confiabilidad y un tono constante durante toda la vida \u00fatil de tus bulbos, permite mezclar y combinar cualquier combinaci\u00f3n de tipos y marcas de bulbos compatibles, no se requieren costosos juegos de bulbos, supervisa el rendimiento de cada bulbo de alimentaci\u00f3n de forma continua y muestra los bulbos defectuosos para permitir un remplazo sencillo e individual, operaci\u00f3n de Clase A\/AB conmutable para la m\u00e1xima voz del amplificador de potencia, Clase A para una calidez cl\u00e1sica y Clase AB para potencia en bruto de alta velocidad, reverb integrada de alta definici\u00f3n con control dedicado, incluye footswitch de uso ruso para funciones de reverb y canal, secci\u00f3n de ecualizador vintage con controles dedicados de graves, medios y agudos, fant\u00e1stico interruptor para aumentar el car\u00e1cter de sonido de tu guitarra, salida emulada por altavoz con opci\u00f3n de voz 1 x 12 o 4 x 12, switch de impedancia (4, 8 y 16 ohms) para coincidir con pr\u00e1cticamente cualquier gabinete de altavoz, terminado en espejo met\u00e1lico estilo jaula y asa tipo maleta que recuerda el sabor vintage, dimensiones: 322 x 455 x 157 mm, peso: 12 kg.","breadcrumb":{"@id":"https:\/\/www.mexicanguitarplayers.com\/tienda\/sin categor\u00eda\/amplificador-bugera-p-guit-t50-infinium\/#breadcrumb"},"inLanguage":"en-US","potentialAction":[{"@type":"ReadAction","target":["https:\/\/www.mexicanguitarplayers.com\/tienda\/sin categor\u00eda\/amplificador-bugera-p-guit-t50-infinium\/"]}]},{"@type":"ImageObject","inLanguage":"en-US","@id":"https:\/\/www.mexicanguitarplayers.com\/tienda\/sin categor\u00eda\/amplificador-bugera-p-guit-t50-infinium\/#primaryimage","url":"https:\/\/www.mexicanguitarplayers.com\/wp-content\/uploads\/2025\/04\/ICBUGT50INFINI.jpg","contentUrl":"https:\/\/www.mexicanguitarplayers.com\/wp-content\/uploads\/2025\/04\/ICBUGT50INFINI.jpg","width":1600,"height":800},{"@type":"BreadcrumbList","@id":"https:\/\/www.mexicanguitarplayers.com\/tienda\/sin categor\u00eda\/amplificador-bugera-p-guit-t50-infinium\/#breadcrumb","itemListElement":[{"@type":"ListItem","position":1,"name":"Portada","item":"https:\/\/www.mexicanguitarplayers.com\/"},{"@type":"ListItem","position":2,"name":"Tienda","item":"https:\/\/www.mexicanguitarplayers.com\/tienda\/"},{"@type":"ListItem","position":3,"name":"AMPLIFICADOR BUGERA P\/GUIT. T50 INFINIUM"}]},{"@type":"WebSite","@id":"https:\/\/www.mexicanguitarplayers.com\/#website","url":"https:\/\/www.mexicanguitarplayers.com\/","name":"Mexican Guitar Players","description":"Website","publisher":{"@id":"https:\/\/www.mexicanguitarplayers.com\/#organization"},"potentialAction":[{"@type":"SearchAction","target":{"@type":"EntryPoint","urlTemplate":"https:\/\/www.mexicanguitarplayers.com\/?s={search_term_string}"},"query-input":{"@type":"PropertyValueSpecification","valueRequired":true,"valueName":"search_term_string"}}],"inLanguage":"en-US"},{"@type":"Organization","@id":"https:\/\/www.mexicanguitarplayers.com\/#organization","name":"Mexican Guitar Players","url":"https:\/\/www.mexicanguitarplayers.com\/","logo":{"@type":"ImageObject","inLanguage":"en-US","@id":"https:\/\/www.mexicanguitarplayers.com\/#\/schema\/logo\/image\/","url":"","contentUrl":"","caption":"Mexican Guitar Players"},"image":{"@id":"https:\/\/www.mexicanguitarplayers.com\/#\/schema\/logo\/image\/"}}]}},"brands":[{"id":173,"name":"BUGERA","slug":"bugera"}],"_links":{"self":[{"href":"https:\/\/www.mexicanguitarplayers.com\/en\/wp-json\/wp\/v2\/product\/36799","targetHints":{"allow":["GET"]}}],"collection":[{"href":"https:\/\/www.mexicanguitarplayers.com\/en\/wp-json\/wp\/v2\/product"}],"about":[{"href":"https:\/\/www.mexicanguitarplayers.com\/en\/wp-json\/wp\/v2\/types\/product"}],"replies":[{"embeddable":true,"href":"https:\/\/www.mexicanguitarplayers.com\/en\/wp-json\/wp\/v2\/comments?post=36799"}],"wp:featuredmedia":[{"embeddable":true,"href":"https:\/\/www.mexicanguitarplayers.com\/en\/wp-json\/wp\/v2\/media\/36795"}],"wp:attachment":[{"href":"https:\/\/www.mexicanguitarplayers.com\/en\/wp-json\/wp\/v2\/media?parent=36799"}],"wp:term":[{"taxonomy":"pwb-brand","embeddable":true,"href":"https:\/\/www.mexicanguitarplayers.com\/en\/wp-json\/wp\/v2\/pwb-brand?post=36799"},{"taxonomy":"product_brand","embeddable":true,"href":"https:\/\/www.mexicanguitarplayers.com\/en\/wp-json\/wp\/v2\/product_brand?post=36799"},{"taxonomy":"product_cat","embeddable":true,"href":"https:\/\/www.mexicanguitarplayers.com\/en\/wp-json\/wp\/v2\/product_cat?post=36799"},{"taxonomy":"product_tag","embeddable":true,"href":"https:\/\/www.mexicanguitarplayers.com\/en\/wp-json\/wp\/v2\/product_tag?post=36799"}],"curies":[{"name":"wp","href":"https:\/\/api.w.org\/{rel}","templated":true}]}}