{"id":36803,"date":"2025-04-08T22:46:09","date_gmt":"2025-04-09T04:46:09","guid":{"rendered":"https:\/\/www.mexicanguitarplayers.com\/tienda\/sin categor\u00eda\/baquetas-vic-firth-mod-5bpg\/"},"modified":"2025-12-11T04:16:33","modified_gmt":"2025-12-11T10:16:33","slug":"baquetas-vic-firth-mod-5bpg","status":"publish","type":"product","link":"https:\/\/www.mexicanguitarplayers.com\/en\/tienda\/accesorios\/para-bateria\/baquetas\/punta-de-madera\/baquetas-vic-firth-mod-5bpg\/","title":{"rendered":"BAQUETAS VIC FIRTH   MOD. 5BPG"},"content":{"rendered":"<div style=\"text-align: justify\">\n<div>\n<h3>Una nueva experiencia t\u00e1ctil para mejorar el agarre.<\/h3>\n<\/div>\n<div>Debido a que la qu\u00edmica del cuerpo de cada baterista es diferente, un solo tama\u00f1o no funciona para todos cuando se trata de encontrar una manera de mejorar el agarre. Las baquetas American Classic PureGrit de Vic Firth est\u00e1n dise\u00f1adas para ofrecer una nueva experiencia t\u00e1ctil para los que les gusta tocar con baquetas 5A y 5B. Junto con nuestra cl\u00e1sica laca transparente, VicGrip y DoubleGlaze, la opci\u00f3n Puregrit ofrece a los bateristas mejores posibilidades para encontrar su propia sensaci\u00f3n perfecta. Las baquetas American Classic PureGrit no solamente est\u00e1n libres de laca sino que tambi\u00e9n se someten a un paso de procesamiento abrasivo \u00fanico, lo que agrega un toque de textura arenosa y textura de madera cruda al eje. Debido a que la baqueta no est\u00e1 tratada, con el tiempo, la transpiraci\u00f3n y el sudor del baterista, crean una sensaci\u00f3n natural y una unidad con la madera.<\/div>\n<div>\n<h4>Quick look<\/h4>\n<\/div>\n<ul style=\"margin: 0px 0px 0px 25px\">\n<li style=\"list-style-type: circle;margin: 5px\">Kind.<\/li>\n<li style=\"list-style-type: circle;margin: 5px\">Design.<\/li>\n<li style=\"list-style-type: circle;margin: 5px\">Sensaci\u00f3n.<\/li>\n<li style=\"list-style-type: circle;margin: 5px\">Di\u00e1metro.<\/li>\n<li style=\"list-style-type: circle;margin: 5px\">Longitud.<\/li>\n<li style=\"list-style-type: circle;margin: 5px\">Material.<\/li>\n<li style=\"list-style-type: circle;margin: 5px\">Punta.<\/li>\n<\/ul>\n<div>\n<div style=\"font-weight: bold\">Kind.<\/div>\n<div>\n<p>Baquetas 5A libres de laca.<\/p>\n<\/div>\n<div style=\"font-weight: bold\">Design.<\/div>\n<div>\n<p>Especialmente dise\u00f1ado para bateristas con manos sudorosas.<\/p>\n<\/div>\n<div style=\"font-weight: bold\">Sensaci\u00f3n.<\/div>\n<div>\n<p>Cl\u00e1sica y consistente.<\/p>\n<\/div>\n<div style=\"font-weight: bold\">Di\u00e1metro.<\/div>\n<div>\n<p>0.595\u201d.<\/p>\n<\/div>\n<div style=\"font-weight: bold\">Longitud.<\/div>\n<div>\n<p>16\u201d.<\/p>\n<\/div>\n<div style=\"font-weight: bold\">Material.<\/div>\n<div>\n<p>Madera de nogal.<\/p>\n<\/div>\n<div style=\"font-weight: bold\">Punta.<\/div>\n<div>\n<p>Punta de madera.<\/p>\n<\/div>\n<\/div>\n<\/div>","protected":false},"excerpt":{"rendered":"<p>Baquetas 5B libres de laca, especialmente dise\u00f1adas para bateristas con manos sudorosas, sensaci\u00f3n cl\u00e1sica y consistente, di\u00e1metro: 0.595\u201d, longitud: 16\u201d, fabricadas con madera de nogal, punta de madera.&hellip; <a class=\"kt-excerpt-readmore more-link\" href=\"https:\/\/www.mexicanguitarplayers.com\/en\/tienda\/accesorios\/para-bateria\/baquetas\/punta-de-madera\/baquetas-vic-firth-mod-5bpg\/\">Read more<\/a><\/p>","protected":false},"featured_media":36802,"comment_status":"open","ping_status":"closed","template":"","meta":{"kt_blocks_editor_width":""},"pwb-brand":[643],"product_brand":[],"product_cat":[85,446,306,469],"product_tag":[],"class_list":{"0":"post-36803","1":"product","2":"type-product","3":"status-publish","4":"has-post-thumbnail","6":"pwb-brand-vic-firth","7":"product_cat-accesorios","8":"product_cat-baquetas","9":"product_cat-para-bateria","10":"product_cat-punta-de-madera","11":"product_shipping_class-0-5-kg","13":"first","14":"instock","15":"taxable","16":"shipping-taxable","17":"purchasable","18":"product-type-simple"},"yoast_head":"<!-- This site is optimized with the Yoast SEO plugin v27.3 - https:\/\/yoast.com\/product\/yoast-seo-wordpress\/ -->\n<title>BAQUETAS VIC FIRTH  MOD. 5BPG - Mexican Guitar Players<\/title>\n<meta name=\"description\" content=\"Baquetas 5B libres de laca, especialmente dise\u00f1adas para bateristas con manos sudorosas, sensaci\u00f3n cl\u00e1sica y consistente, di\u00e1metro: 0.595\u201d, longitud: 16\u201d, fabricadas con madera de nogal, punta de madera.\" \/>\n<meta name=\"robots\" content=\"index, follow, max-snippet:-1, max-image-preview:large, max-video-preview:-1\" \/>\n<link rel=\"canonical\" href=\"https:\/\/www.mexicanguitarplayers.com\/en\/tienda\/sin%20categor\u00eda\/baquetas-vic-firth-mod-5bpg\/\" \/>\n<meta property=\"og:locale\" content=\"en_US\" \/>\n<meta property=\"og:type\" content=\"article\" \/>\n<meta property=\"og:title\" content=\"BAQUETAS VIC FIRTH  MOD. 5BPG - Mexican Guitar Players\" \/>\n<meta property=\"og:description\" content=\"Baquetas 5B libres de laca, especialmente dise\u00f1adas para bateristas con manos sudorosas, sensaci\u00f3n cl\u00e1sica y consistente, di\u00e1metro: 0.595\u201d, longitud: 16\u201d, fabricadas con madera de nogal, punta de madera.\" \/>\n<meta property=\"og:url\" content=\"https:\/\/www.mexicanguitarplayers.com\/en\/tienda\/sin categor\u00eda\/baquetas-vic-firth-mod-5bpg\/\" \/>\n<meta property=\"og:site_name\" content=\"Mexican Guitar Players\" \/>\n<meta property=\"article:modified_time\" content=\"2025-12-11T10:16:33+00:00\" \/>\n<meta name=\"twitter:card\" content=\"summary_large_image\" \/>\n<meta name=\"twitter:label1\" content=\"Est. reading time\" \/>\n\t<meta name=\"twitter:data1\" content=\"1 minute\" \/>\n<script type=\"application\/ld+json\" class=\"yoast-schema-graph\">{\"@context\":\"https:\\\/\\\/schema.org\",\"@graph\":[{\"@type\":[\"WebPage\",\"ItemPage\"],\"@id\":\"https:\\\/\\\/www.mexicanguitarplayers.com\\\/tienda\\\/sin categor\u00eda\\\/baquetas-vic-firth-mod-5bpg\\\/\",\"url\":\"https:\\\/\\\/www.mexicanguitarplayers.com\\\/tienda\\\/sin categor\u00eda\\\/baquetas-vic-firth-mod-5bpg\\\/\",\"name\":\"BAQUETAS VIC FIRTH MOD. 5BPG - Mexican Guitar Players\",\"isPartOf\":{\"@id\":\"https:\\\/\\\/www.mexicanguitarplayers.com\\\/#website\"},\"primaryImageOfPage\":{\"@id\":\"https:\\\/\\\/www.mexicanguitarplayers.com\\\/tienda\\\/sin categor\u00eda\\\/baquetas-vic-firth-mod-5bpg\\\/#primaryimage\"},\"image\":{\"@id\":\"https:\\\/\\\/www.mexicanguitarplayers.com\\\/tienda\\\/sin categor\u00eda\\\/baquetas-vic-firth-mod-5bpg\\\/#primaryimage\"},\"thumbnailUrl\":\"https:\\\/\\\/www.mexicanguitarplayers.com\\\/wp-content\\\/uploads\\\/2025\\\/04\\\/RAVIC5BPG.jpg\",\"datePublished\":\"2025-04-09T04:46:09+00:00\",\"dateModified\":\"2025-12-11T10:16:33+00:00\",\"description\":\"Baquetas 5B libres de laca, especialmente dise\u00f1adas para bateristas con manos sudorosas, sensaci\u00f3n cl\u00e1sica y consistente, di\u00e1metro: 0.595\u201d, longitud: 16\u201d, fabricadas con madera de nogal, punta de madera.\",\"breadcrumb\":{\"@id\":\"https:\\\/\\\/www.mexicanguitarplayers.com\\\/tienda\\\/sin categor\u00eda\\\/baquetas-vic-firth-mod-5bpg\\\/#breadcrumb\"},\"inLanguage\":\"en-US\",\"potentialAction\":[{\"@type\":\"ReadAction\",\"target\":[\"https:\\\/\\\/www.mexicanguitarplayers.com\\\/tienda\\\/sin categor\u00eda\\\/baquetas-vic-firth-mod-5bpg\\\/\"]}]},{\"@type\":\"ImageObject\",\"inLanguage\":\"en-US\",\"@id\":\"https:\\\/\\\/www.mexicanguitarplayers.com\\\/tienda\\\/sin categor\u00eda\\\/baquetas-vic-firth-mod-5bpg\\\/#primaryimage\",\"url\":\"https:\\\/\\\/www.mexicanguitarplayers.com\\\/wp-content\\\/uploads\\\/2025\\\/04\\\/RAVIC5BPG.jpg\",\"contentUrl\":\"https:\\\/\\\/www.mexicanguitarplayers.com\\\/wp-content\\\/uploads\\\/2025\\\/04\\\/RAVIC5BPG.jpg\",\"width\":1600,\"height\":800},{\"@type\":\"BreadcrumbList\",\"@id\":\"https:\\\/\\\/www.mexicanguitarplayers.com\\\/tienda\\\/sin categor\u00eda\\\/baquetas-vic-firth-mod-5bpg\\\/#breadcrumb\",\"itemListElement\":[{\"@type\":\"ListItem\",\"position\":1,\"name\":\"Portada\",\"item\":\"https:\\\/\\\/www.mexicanguitarplayers.com\\\/\"},{\"@type\":\"ListItem\",\"position\":2,\"name\":\"Tienda\",\"item\":\"https:\\\/\\\/www.mexicanguitarplayers.com\\\/tienda\\\/\"},{\"@type\":\"ListItem\",\"position\":3,\"name\":\"BAQUETAS VIC FIRTH MOD. 5BPG\"}]},{\"@type\":\"WebSite\",\"@id\":\"https:\\\/\\\/www.mexicanguitarplayers.com\\\/#website\",\"url\":\"https:\\\/\\\/www.mexicanguitarplayers.com\\\/\",\"name\":\"Mexican Guitar Players\",\"description\":\"Website\",\"publisher\":{\"@id\":\"https:\\\/\\\/www.mexicanguitarplayers.com\\\/#organization\"},\"potentialAction\":[{\"@type\":\"SearchAction\",\"target\":{\"@type\":\"EntryPoint\",\"urlTemplate\":\"https:\\\/\\\/www.mexicanguitarplayers.com\\\/?s={search_term_string}\"},\"query-input\":{\"@type\":\"PropertyValueSpecification\",\"valueRequired\":true,\"valueName\":\"search_term_string\"}}],\"inLanguage\":\"en-US\"},{\"@type\":\"Organization\",\"@id\":\"https:\\\/\\\/www.mexicanguitarplayers.com\\\/#organization\",\"name\":\"Mexican Guitar Players\",\"url\":\"https:\\\/\\\/www.mexicanguitarplayers.com\\\/\",\"logo\":{\"@type\":\"ImageObject\",\"inLanguage\":\"en-US\",\"@id\":\"https:\\\/\\\/www.mexicanguitarplayers.com\\\/#\\\/schema\\\/logo\\\/image\\\/\",\"url\":\"\",\"contentUrl\":\"\",\"caption\":\"Mexican Guitar Players\"},\"image\":{\"@id\":\"https:\\\/\\\/www.mexicanguitarplayers.com\\\/#\\\/schema\\\/logo\\\/image\\\/\"}}]}<\/script>\n<!-- \/ Yoast SEO plugin. -->","yoast_head_json":{"title":"BAQUETAS VIC FIRTH  MOD. 5BPG - Mexican Guitar Players","description":"Baquetas 5B libres de laca, especialmente dise\u00f1adas para bateristas con manos sudorosas, sensaci\u00f3n cl\u00e1sica y consistente, di\u00e1metro: 0.595\u201d, longitud: 16\u201d, fabricadas con madera de nogal, punta de madera.","robots":{"index":"index","follow":"follow","max-snippet":"max-snippet:-1","max-image-preview":"max-image-preview:large","max-video-preview":"max-video-preview:-1"},"canonical":"https:\/\/www.mexicanguitarplayers.com\/en\/tienda\/sin categor\u00eda\/baquetas-vic-firth-mod-5bpg\/","og_locale":"en_US","og_type":"article","og_title":"BAQUETAS VIC FIRTH  MOD. 5BPG - Mexican Guitar Players","og_description":"Baquetas 5B libres de laca, especialmente dise\u00f1adas para bateristas con manos sudorosas, sensaci\u00f3n cl\u00e1sica y consistente, di\u00e1metro: 0.595\u201d, longitud: 16\u201d, fabricadas con madera de nogal, punta de madera.","og_url":"https:\/\/www.mexicanguitarplayers.com\/en\/tienda\/sin categor\u00eda\/baquetas-vic-firth-mod-5bpg\/","og_site_name":"Mexican Guitar Players","article_modified_time":"2025-12-11T10:16:33+00:00","twitter_card":"summary_large_image","twitter_misc":{"Est. reading time":"1 minute"},"schema":{"@context":"https:\/\/schema.org","@graph":[{"@type":["WebPage","ItemPage"],"@id":"https:\/\/www.mexicanguitarplayers.com\/tienda\/sin categor\u00eda\/baquetas-vic-firth-mod-5bpg\/","url":"https:\/\/www.mexicanguitarplayers.com\/tienda\/sin categor\u00eda\/baquetas-vic-firth-mod-5bpg\/","name":"BAQUETAS VIC FIRTH MOD. 5BPG - Mexican Guitar Players","isPartOf":{"@id":"https:\/\/www.mexicanguitarplayers.com\/#website"},"primaryImageOfPage":{"@id":"https:\/\/www.mexicanguitarplayers.com\/tienda\/sin categor\u00eda\/baquetas-vic-firth-mod-5bpg\/#primaryimage"},"image":{"@id":"https:\/\/www.mexicanguitarplayers.com\/tienda\/sin categor\u00eda\/baquetas-vic-firth-mod-5bpg\/#primaryimage"},"thumbnailUrl":"https:\/\/www.mexicanguitarplayers.com\/wp-content\/uploads\/2025\/04\/RAVIC5BPG.jpg","datePublished":"2025-04-09T04:46:09+00:00","dateModified":"2025-12-11T10:16:33+00:00","description":"Baquetas 5B libres de laca, especialmente dise\u00f1adas para bateristas con manos sudorosas, sensaci\u00f3n cl\u00e1sica y consistente, di\u00e1metro: 0.595\u201d, longitud: 16\u201d, fabricadas con madera de nogal, punta de madera.","breadcrumb":{"@id":"https:\/\/www.mexicanguitarplayers.com\/tienda\/sin categor\u00eda\/baquetas-vic-firth-mod-5bpg\/#breadcrumb"},"inLanguage":"en-US","potentialAction":[{"@type":"ReadAction","target":["https:\/\/www.mexicanguitarplayers.com\/tienda\/sin categor\u00eda\/baquetas-vic-firth-mod-5bpg\/"]}]},{"@type":"ImageObject","inLanguage":"en-US","@id":"https:\/\/www.mexicanguitarplayers.com\/tienda\/sin categor\u00eda\/baquetas-vic-firth-mod-5bpg\/#primaryimage","url":"https:\/\/www.mexicanguitarplayers.com\/wp-content\/uploads\/2025\/04\/RAVIC5BPG.jpg","contentUrl":"https:\/\/www.mexicanguitarplayers.com\/wp-content\/uploads\/2025\/04\/RAVIC5BPG.jpg","width":1600,"height":800},{"@type":"BreadcrumbList","@id":"https:\/\/www.mexicanguitarplayers.com\/tienda\/sin categor\u00eda\/baquetas-vic-firth-mod-5bpg\/#breadcrumb","itemListElement":[{"@type":"ListItem","position":1,"name":"Portada","item":"https:\/\/www.mexicanguitarplayers.com\/"},{"@type":"ListItem","position":2,"name":"Tienda","item":"https:\/\/www.mexicanguitarplayers.com\/tienda\/"},{"@type":"ListItem","position":3,"name":"BAQUETAS VIC FIRTH MOD. 5BPG"}]},{"@type":"WebSite","@id":"https:\/\/www.mexicanguitarplayers.com\/#website","url":"https:\/\/www.mexicanguitarplayers.com\/","name":"Mexican Guitar Players","description":"Website","publisher":{"@id":"https:\/\/www.mexicanguitarplayers.com\/#organization"},"potentialAction":[{"@type":"SearchAction","target":{"@type":"EntryPoint","urlTemplate":"https:\/\/www.mexicanguitarplayers.com\/?s={search_term_string}"},"query-input":{"@type":"PropertyValueSpecification","valueRequired":true,"valueName":"search_term_string"}}],"inLanguage":"en-US"},{"@type":"Organization","@id":"https:\/\/www.mexicanguitarplayers.com\/#organization","name":"Mexican Guitar Players","url":"https:\/\/www.mexicanguitarplayers.com\/","logo":{"@type":"ImageObject","inLanguage":"en-US","@id":"https:\/\/www.mexicanguitarplayers.com\/#\/schema\/logo\/image\/","url":"","contentUrl":"","caption":"Mexican Guitar Players"},"image":{"@id":"https:\/\/www.mexicanguitarplayers.com\/#\/schema\/logo\/image\/"}}]}},"brands":[{"id":643,"name":"VIC FIRTH","slug":"vic-firth"}],"_links":{"self":[{"href":"https:\/\/www.mexicanguitarplayers.com\/en\/wp-json\/wp\/v2\/product\/36803","targetHints":{"allow":["GET"]}}],"collection":[{"href":"https:\/\/www.mexicanguitarplayers.com\/en\/wp-json\/wp\/v2\/product"}],"about":[{"href":"https:\/\/www.mexicanguitarplayers.com\/en\/wp-json\/wp\/v2\/types\/product"}],"replies":[{"embeddable":true,"href":"https:\/\/www.mexicanguitarplayers.com\/en\/wp-json\/wp\/v2\/comments?post=36803"}],"wp:featuredmedia":[{"embeddable":true,"href":"https:\/\/www.mexicanguitarplayers.com\/en\/wp-json\/wp\/v2\/media\/36802"}],"wp:attachment":[{"href":"https:\/\/www.mexicanguitarplayers.com\/en\/wp-json\/wp\/v2\/media?parent=36803"}],"wp:term":[{"taxonomy":"pwb-brand","embeddable":true,"href":"https:\/\/www.mexicanguitarplayers.com\/en\/wp-json\/wp\/v2\/pwb-brand?post=36803"},{"taxonomy":"product_brand","embeddable":true,"href":"https:\/\/www.mexicanguitarplayers.com\/en\/wp-json\/wp\/v2\/product_brand?post=36803"},{"taxonomy":"product_cat","embeddable":true,"href":"https:\/\/www.mexicanguitarplayers.com\/en\/wp-json\/wp\/v2\/product_cat?post=36803"},{"taxonomy":"product_tag","embeddable":true,"href":"https:\/\/www.mexicanguitarplayers.com\/en\/wp-json\/wp\/v2\/product_tag?post=36803"}],"curies":[{"name":"wp","href":"https:\/\/api.w.org\/{rel}","templated":true}]}}