{"id":36820,"date":"2025-04-08T22:46:32","date_gmt":"2025-04-09T04:46:32","guid":{"rendered":"https:\/\/www.mexicanguitarplayers.com\/tienda\/sin categor\u00eda\/soporte-frameworks-p-teclado-gfwkey2000x\/"},"modified":"2026-05-01T07:20:02","modified_gmt":"2026-05-01T13:20:02","slug":"soporte-frameworks-p-teclado-gfwkey2000x","status":"publish","type":"product","link":"https:\/\/www.mexicanguitarplayers.com\/en\/tienda\/accesorios\/stands\/para-instrumento-stands\/soporte-frameworks-p-teclado-gfwkey2000x\/","title":{"rendered":"SOPORTE FRAMEWORKS P\/TECLADO GFWKEY2000X"},"content":{"rendered":"<div style=\"text-align: justify\">\n<div>\n<h3>Obt\u00e9n una protecci\u00f3n superior para tu teclado.<\/h3>\n<\/div>\n<div>Este soporte de lujo para teclado cuenta con numerosos niveles de ajuste, dise\u00f1o de doble refuerzo y patas de nivelaci\u00f3n de goma. Est\u00e1 fabricado con resistente acero con mucha facilidad de ajuste y cuenta con una altura m\u00ednima de 3&#8243; pulgadas y una altura m\u00e1xima de 40\u201d pulgadas (76 \/ 1016 mm), soporta hasta 79 kg de peso y puede ser utilizado mientras se est\u00e1 sentado o de pie. Cuenta tambi\u00e9n con cerraduras en posici\u00f3n cerrada para llevar muy f\u00e1cilmente. La serie de soportes Framework, incluyendo este soporte para teclado, cuenta con una amplia variedad de productos innovadores y confiables, dise\u00f1ados para respaldar a tu m\u00fasica. Gator Cases es conocido por fabricar productos innovadores dise\u00f1ados para la protecci\u00f3n de tu equipo musical. Ofrecemos una amplia gama de tama\u00f1os, materiales y niveles de protecci\u00f3n disponibles para todo tipo de instrumentos y equipos, incluidos los soportes Framework, los soportes y accesorios de instalaci\u00f3n Rackworks y los estuches de Protector para bater\u00eda. No es dif\u00edcil encontrar una buena raz\u00f3n por la que Gator deber\u00eda ser la marca en la que confiar\u00edas para mantener tu equipo protegido y seguro de por vida.<\/div>\n<div>\n<h4>Quick look<\/h4>\n<\/div>\n<ul style=\"margin: 0px 0px 0px 25px\">\n<li style=\"list-style-type: circle;margin: 5px\">Kind.<\/li>\n<li style=\"list-style-type: circle;margin: 5px\">Patas de agarre.<\/li>\n<li style=\"list-style-type: circle;margin: 5px\">Bloqueo de ajuste.<\/li>\n<li style=\"list-style-type: circle;margin: 5px\">Abrazadera doble.<\/li>\n<li style=\"list-style-type: circle;margin: 5px\">Material.<\/li>\n<li style=\"list-style-type: circle;margin: 5px\">Dimensions.<\/li>\n<li style=\"list-style-type: circle;margin: 5px\">Weight.<\/li>\n<\/ul>\n<div>\n<div style=\"font-weight: bold\">Kind.<\/div>\n<div>\n<p>Soporte de lujo para teclado estilo &#8220;X&#8221; ajustable con marco de pie con nivelador de goma.<\/p>\n<\/div>\n<div style=\"font-weight: bold\">Patas de agarre.<\/div>\n<div>\n<p>Las patas recubiertas de goma evitan que la base se mueva y se deslice durante el uso, al tiempo que prolonga la vida \u00fatil de la base al proteger los bordes contra las abolladuras y los golpes durante el tr\u00e1nsito.<\/p>\n<\/div>\n<div style=\"font-weight: bold\">Bloqueo de ajuste.<\/div>\n<div>\n<p>Ajuste el soporte a la altura perfecta para sentarse o estar de pie y enc\u00e1jelo en su lugar con el mecanismo de bloqueo a presi\u00f3n del diente de cocodrilo para mantener el soporte exactamente donde lo necesita.<\/p>\n<\/div>\n<div style=\"font-weight: bold\">Abrazadera doble.<\/div>\n<div>\n<p>El dise\u00f1o de doble refuerzo equilibra el peso de tu instrumento al tiempo que refuerza la fuerza general, creando una base segura y resistente incluso para el tecladista m\u00e1s activo.<\/p>\n<\/div>\n<div style=\"font-weight: bold\">Material.<\/div>\n<div>\n<p>Fabricado con resistente acero.<\/p>\n<\/div>\n<div style=\"font-weight: bold\">Dimensions.<\/div>\n<div>\n<p>Altura m\u00ednima: 3\u201d pulgadas (76.2 mm). Altura m\u00e1xima: 40\u201d pulgadas (1016 mm). Ancho m\u00e1ximo: 40\u201d pulgadas (1016 mm). Ancho exterior: 40\u201d pulgadas (1016 mm).<\/p>\n<\/div>\n<div style=\"font-weight: bold\">Weight.<\/div>\n<div>\n<p>Soporta hasta 79 kg de peso. Peso: 6.3 kg.<\/p>\n<\/div>\n<\/div>\n<\/div>","protected":false},"excerpt":{"rendered":"<p>Soporte de lujo estilo X para teclado, varios niveles de ajuste, dise\u00f1o de doble refuerzo, pie de agarre con nivelaci\u00f3n de goma, bloqueo de ajuste, fabricado con resistente acero, altura m\u00ednima: 3\u201d pulgadas (76.2 mm), altura m\u00e1xima: 40\u201d pulgadas (1016 mm), soporta hasta 79 kg de peso, puede ser utilizado mientras se est\u00e1 sentado o de pie, cerraduras en posici\u00f3n cerrada para llevar f\u00e1cilmente, ancho m\u00e1ximo: 40\u201d pulgadas, peso: 6.3 kg.&hellip; <a class=\"kt-excerpt-readmore more-link\" href=\"https:\/\/www.mexicanguitarplayers.com\/en\/tienda\/accesorios\/stands\/para-instrumento-stands\/soporte-frameworks-p-teclado-gfwkey2000x\/\">Read more<\/a><\/p>","protected":false},"featured_media":36812,"comment_status":"open","ping_status":"closed","template":"","meta":{"kt_blocks_editor_width":""},"pwb-brand":[563],"product_brand":[],"product_cat":[85,510,416],"product_tag":[],"class_list":{"0":"post-36820","1":"product","2":"type-product","3":"status-publish","4":"has-post-thumbnail","6":"pwb-brand-frameworks","7":"product_cat-accesorios","8":"product_cat-para-instrumento-stands","9":"product_cat-stands","10":"product_shipping_class-5-10-kg","12":"first","13":"instock","14":"taxable","15":"shipping-taxable","16":"purchasable","17":"product-type-simple"},"yoast_head":"<!-- This site is optimized with the Yoast SEO plugin v27.5 - https:\/\/yoast.com\/product\/yoast-seo-wordpress\/ -->\n<title>SOPORTE FRAMEWORKS P\/TECLADO GFWKEY2000X - Mexican Guitar Players<\/title>\n<meta name=\"description\" content=\"Soporte de lujo estilo X para teclado, varios niveles de ajuste, dise\u00f1o de doble refuerzo, pie de agarre con nivelaci\u00f3n de goma, bloqueo de ajuste, fabricado con resistente acero, altura m\u00ednima: 3\u201d pulgadas (76.2 mm), altura m\u00e1xima: 40\u201d pulgadas (1016 mm), soporta hasta 79 kg de peso, puede ser utilizado mientras se est\u00e1 sentado o de pie, cerraduras en posici\u00f3n cerrada para llevar f\u00e1cilmente, ancho m\u00e1ximo: 40\u201d pulgadas, peso: 6.3 kg.\" \/>\n<meta name=\"robots\" content=\"index, follow, max-snippet:-1, max-image-preview:large, max-video-preview:-1\" \/>\n<link rel=\"canonical\" href=\"https:\/\/www.mexicanguitarplayers.com\/en\/tienda\/sin%20categor\u00eda\/soporte-frameworks-p-teclado-gfwkey2000x\/\" \/>\n<meta property=\"og:locale\" content=\"en_US\" \/>\n<meta property=\"og:type\" content=\"article\" \/>\n<meta property=\"og:title\" content=\"SOPORTE FRAMEWORKS P\/TECLADO GFWKEY2000X - Mexican Guitar Players\" \/>\n<meta property=\"og:description\" content=\"Soporte de lujo estilo X para teclado, varios niveles de ajuste, dise\u00f1o de doble refuerzo, pie de agarre con nivelaci\u00f3n de goma, bloqueo de ajuste, fabricado con resistente acero, altura m\u00ednima: 3\u201d pulgadas (76.2 mm), altura m\u00e1xima: 40\u201d pulgadas (1016 mm), soporta hasta 79 kg de peso, puede ser utilizado mientras se est\u00e1 sentado o de pie, cerraduras en posici\u00f3n cerrada para llevar f\u00e1cilmente, ancho m\u00e1ximo: 40\u201d pulgadas, peso: 6.3 kg.\" \/>\n<meta property=\"og:url\" content=\"https:\/\/www.mexicanguitarplayers.com\/en\/tienda\/sin categor\u00eda\/soporte-frameworks-p-teclado-gfwkey2000x\/\" \/>\n<meta property=\"og:site_name\" content=\"Mexican Guitar Players\" \/>\n<meta property=\"article:modified_time\" content=\"2026-05-01T13:20:02+00:00\" \/>\n<meta name=\"twitter:card\" content=\"summary_large_image\" \/>\n<meta name=\"twitter:label1\" content=\"Est. reading time\" \/>\n\t<meta name=\"twitter:data1\" content=\"2 minutes\" \/>\n<script type=\"application\/ld+json\" class=\"yoast-schema-graph\">{\"@context\":\"https:\\\/\\\/schema.org\",\"@graph\":[{\"@type\":[\"WebPage\",\"ItemPage\"],\"@id\":\"https:\\\/\\\/www.mexicanguitarplayers.com\\\/tienda\\\/sin categor\u00eda\\\/soporte-frameworks-p-teclado-gfwkey2000x\\\/\",\"url\":\"https:\\\/\\\/www.mexicanguitarplayers.com\\\/tienda\\\/sin categor\u00eda\\\/soporte-frameworks-p-teclado-gfwkey2000x\\\/\",\"name\":\"SOPORTE FRAMEWORKS P\\\/TECLADO GFWKEY2000X - Mexican Guitar Players\",\"isPartOf\":{\"@id\":\"https:\\\/\\\/www.mexicanguitarplayers.com\\\/#website\"},\"primaryImageOfPage\":{\"@id\":\"https:\\\/\\\/www.mexicanguitarplayers.com\\\/tienda\\\/sin categor\u00eda\\\/soporte-frameworks-p-teclado-gfwkey2000x\\\/#primaryimage\"},\"image\":{\"@id\":\"https:\\\/\\\/www.mexicanguitarplayers.com\\\/tienda\\\/sin categor\u00eda\\\/soporte-frameworks-p-teclado-gfwkey2000x\\\/#primaryimage\"},\"thumbnailUrl\":\"https:\\\/\\\/www.mexicanguitarplayers.com\\\/wp-content\\\/uploads\\\/2025\\\/04\\\/VAFRMGFWKEY200.jpg\",\"datePublished\":\"2025-04-09T04:46:32+00:00\",\"dateModified\":\"2026-05-01T13:20:02+00:00\",\"description\":\"Soporte de lujo estilo X para teclado, varios niveles de ajuste, dise\u00f1o de doble refuerzo, pie de agarre con nivelaci\u00f3n de goma, bloqueo de ajuste, fabricado con resistente acero, altura m\u00ednima: 3\u201d pulgadas (76.2 mm), altura m\u00e1xima: 40\u201d pulgadas (1016 mm), soporta hasta 79 kg de peso, puede ser utilizado mientras se est\u00e1 sentado o de pie, cerraduras en posici\u00f3n cerrada para llevar f\u00e1cilmente, ancho m\u00e1ximo: 40\u201d pulgadas, peso: 6.3 kg.\",\"breadcrumb\":{\"@id\":\"https:\\\/\\\/www.mexicanguitarplayers.com\\\/tienda\\\/sin categor\u00eda\\\/soporte-frameworks-p-teclado-gfwkey2000x\\\/#breadcrumb\"},\"inLanguage\":\"en-US\",\"potentialAction\":[{\"@type\":\"ReadAction\",\"target\":[\"https:\\\/\\\/www.mexicanguitarplayers.com\\\/tienda\\\/sin categor\u00eda\\\/soporte-frameworks-p-teclado-gfwkey2000x\\\/\"]}]},{\"@type\":\"ImageObject\",\"inLanguage\":\"en-US\",\"@id\":\"https:\\\/\\\/www.mexicanguitarplayers.com\\\/tienda\\\/sin categor\u00eda\\\/soporte-frameworks-p-teclado-gfwkey2000x\\\/#primaryimage\",\"url\":\"https:\\\/\\\/www.mexicanguitarplayers.com\\\/wp-content\\\/uploads\\\/2025\\\/04\\\/VAFRMGFWKEY200.jpg\",\"contentUrl\":\"https:\\\/\\\/www.mexicanguitarplayers.com\\\/wp-content\\\/uploads\\\/2025\\\/04\\\/VAFRMGFWKEY200.jpg\",\"width\":1200,\"height\":1200},{\"@type\":\"BreadcrumbList\",\"@id\":\"https:\\\/\\\/www.mexicanguitarplayers.com\\\/tienda\\\/sin categor\u00eda\\\/soporte-frameworks-p-teclado-gfwkey2000x\\\/#breadcrumb\",\"itemListElement\":[{\"@type\":\"ListItem\",\"position\":1,\"name\":\"Portada\",\"item\":\"https:\\\/\\\/www.mexicanguitarplayers.com\\\/\"},{\"@type\":\"ListItem\",\"position\":2,\"name\":\"Tienda\",\"item\":\"https:\\\/\\\/www.mexicanguitarplayers.com\\\/tienda\\\/\"},{\"@type\":\"ListItem\",\"position\":3,\"name\":\"SOPORTE FRAMEWORKS P\\\/TECLADO GFWKEY2000X\"}]},{\"@type\":\"WebSite\",\"@id\":\"https:\\\/\\\/www.mexicanguitarplayers.com\\\/#website\",\"url\":\"https:\\\/\\\/www.mexicanguitarplayers.com\\\/\",\"name\":\"Mexican Guitar Players\",\"description\":\"Website\",\"publisher\":{\"@id\":\"https:\\\/\\\/www.mexicanguitarplayers.com\\\/#organization\"},\"potentialAction\":[{\"@type\":\"SearchAction\",\"target\":{\"@type\":\"EntryPoint\",\"urlTemplate\":\"https:\\\/\\\/www.mexicanguitarplayers.com\\\/?s={search_term_string}\"},\"query-input\":{\"@type\":\"PropertyValueSpecification\",\"valueRequired\":true,\"valueName\":\"search_term_string\"}}],\"inLanguage\":\"en-US\"},{\"@type\":\"Organization\",\"@id\":\"https:\\\/\\\/www.mexicanguitarplayers.com\\\/#organization\",\"name\":\"Mexican Guitar Players\",\"url\":\"https:\\\/\\\/www.mexicanguitarplayers.com\\\/\",\"logo\":{\"@type\":\"ImageObject\",\"inLanguage\":\"en-US\",\"@id\":\"https:\\\/\\\/www.mexicanguitarplayers.com\\\/#\\\/schema\\\/logo\\\/image\\\/\",\"url\":\"\",\"contentUrl\":\"\",\"caption\":\"Mexican Guitar Players\"},\"image\":{\"@id\":\"https:\\\/\\\/www.mexicanguitarplayers.com\\\/#\\\/schema\\\/logo\\\/image\\\/\"}}]}<\/script>\n<!-- \/ Yoast SEO plugin. -->","yoast_head_json":{"title":"SOPORTE FRAMEWORKS P\/TECLADO GFWKEY2000X - Mexican Guitar Players","description":"Soporte de lujo estilo X para teclado, varios niveles de ajuste, dise\u00f1o de doble refuerzo, pie de agarre con nivelaci\u00f3n de goma, bloqueo de ajuste, fabricado con resistente acero, altura m\u00ednima: 3\u201d pulgadas (76.2 mm), altura m\u00e1xima: 40\u201d pulgadas (1016 mm), soporta hasta 79 kg de peso, puede ser utilizado mientras se est\u00e1 sentado o de pie, cerraduras en posici\u00f3n cerrada para llevar f\u00e1cilmente, ancho m\u00e1ximo: 40\u201d pulgadas, peso: 6.3 kg.","robots":{"index":"index","follow":"follow","max-snippet":"max-snippet:-1","max-image-preview":"max-image-preview:large","max-video-preview":"max-video-preview:-1"},"canonical":"https:\/\/www.mexicanguitarplayers.com\/en\/tienda\/sin categor\u00eda\/soporte-frameworks-p-teclado-gfwkey2000x\/","og_locale":"en_US","og_type":"article","og_title":"SOPORTE FRAMEWORKS P\/TECLADO GFWKEY2000X - Mexican Guitar Players","og_description":"Soporte de lujo estilo X para teclado, varios niveles de ajuste, dise\u00f1o de doble refuerzo, pie de agarre con nivelaci\u00f3n de goma, bloqueo de ajuste, fabricado con resistente acero, altura m\u00ednima: 3\u201d pulgadas (76.2 mm), altura m\u00e1xima: 40\u201d pulgadas (1016 mm), soporta hasta 79 kg de peso, puede ser utilizado mientras se est\u00e1 sentado o de pie, cerraduras en posici\u00f3n cerrada para llevar f\u00e1cilmente, ancho m\u00e1ximo: 40\u201d pulgadas, peso: 6.3 kg.","og_url":"https:\/\/www.mexicanguitarplayers.com\/en\/tienda\/sin categor\u00eda\/soporte-frameworks-p-teclado-gfwkey2000x\/","og_site_name":"Mexican Guitar Players","article_modified_time":"2026-05-01T13:20:02+00:00","twitter_card":"summary_large_image","twitter_misc":{"Est. reading time":"2 minutes"},"schema":{"@context":"https:\/\/schema.org","@graph":[{"@type":["WebPage","ItemPage"],"@id":"https:\/\/www.mexicanguitarplayers.com\/tienda\/sin categor\u00eda\/soporte-frameworks-p-teclado-gfwkey2000x\/","url":"https:\/\/www.mexicanguitarplayers.com\/tienda\/sin categor\u00eda\/soporte-frameworks-p-teclado-gfwkey2000x\/","name":"SOPORTE FRAMEWORKS P\/TECLADO GFWKEY2000X - Mexican Guitar Players","isPartOf":{"@id":"https:\/\/www.mexicanguitarplayers.com\/#website"},"primaryImageOfPage":{"@id":"https:\/\/www.mexicanguitarplayers.com\/tienda\/sin categor\u00eda\/soporte-frameworks-p-teclado-gfwkey2000x\/#primaryimage"},"image":{"@id":"https:\/\/www.mexicanguitarplayers.com\/tienda\/sin categor\u00eda\/soporte-frameworks-p-teclado-gfwkey2000x\/#primaryimage"},"thumbnailUrl":"https:\/\/www.mexicanguitarplayers.com\/wp-content\/uploads\/2025\/04\/VAFRMGFWKEY200.jpg","datePublished":"2025-04-09T04:46:32+00:00","dateModified":"2026-05-01T13:20:02+00:00","description":"Soporte de lujo estilo X para teclado, varios niveles de ajuste, dise\u00f1o de doble refuerzo, pie de agarre con nivelaci\u00f3n de goma, bloqueo de ajuste, fabricado con resistente acero, altura m\u00ednima: 3\u201d pulgadas (76.2 mm), altura m\u00e1xima: 40\u201d pulgadas (1016 mm), soporta hasta 79 kg de peso, puede ser utilizado mientras se est\u00e1 sentado o de pie, cerraduras en posici\u00f3n cerrada para llevar f\u00e1cilmente, ancho m\u00e1ximo: 40\u201d pulgadas, peso: 6.3 kg.","breadcrumb":{"@id":"https:\/\/www.mexicanguitarplayers.com\/tienda\/sin categor\u00eda\/soporte-frameworks-p-teclado-gfwkey2000x\/#breadcrumb"},"inLanguage":"en-US","potentialAction":[{"@type":"ReadAction","target":["https:\/\/www.mexicanguitarplayers.com\/tienda\/sin categor\u00eda\/soporte-frameworks-p-teclado-gfwkey2000x\/"]}]},{"@type":"ImageObject","inLanguage":"en-US","@id":"https:\/\/www.mexicanguitarplayers.com\/tienda\/sin categor\u00eda\/soporte-frameworks-p-teclado-gfwkey2000x\/#primaryimage","url":"https:\/\/www.mexicanguitarplayers.com\/wp-content\/uploads\/2025\/04\/VAFRMGFWKEY200.jpg","contentUrl":"https:\/\/www.mexicanguitarplayers.com\/wp-content\/uploads\/2025\/04\/VAFRMGFWKEY200.jpg","width":1200,"height":1200},{"@type":"BreadcrumbList","@id":"https:\/\/www.mexicanguitarplayers.com\/tienda\/sin categor\u00eda\/soporte-frameworks-p-teclado-gfwkey2000x\/#breadcrumb","itemListElement":[{"@type":"ListItem","position":1,"name":"Portada","item":"https:\/\/www.mexicanguitarplayers.com\/"},{"@type":"ListItem","position":2,"name":"Tienda","item":"https:\/\/www.mexicanguitarplayers.com\/tienda\/"},{"@type":"ListItem","position":3,"name":"SOPORTE FRAMEWORKS P\/TECLADO GFWKEY2000X"}]},{"@type":"WebSite","@id":"https:\/\/www.mexicanguitarplayers.com\/#website","url":"https:\/\/www.mexicanguitarplayers.com\/","name":"Mexican Guitar Players","description":"Website","publisher":{"@id":"https:\/\/www.mexicanguitarplayers.com\/#organization"},"potentialAction":[{"@type":"SearchAction","target":{"@type":"EntryPoint","urlTemplate":"https:\/\/www.mexicanguitarplayers.com\/?s={search_term_string}"},"query-input":{"@type":"PropertyValueSpecification","valueRequired":true,"valueName":"search_term_string"}}],"inLanguage":"en-US"},{"@type":"Organization","@id":"https:\/\/www.mexicanguitarplayers.com\/#organization","name":"Mexican Guitar Players","url":"https:\/\/www.mexicanguitarplayers.com\/","logo":{"@type":"ImageObject","inLanguage":"en-US","@id":"https:\/\/www.mexicanguitarplayers.com\/#\/schema\/logo\/image\/","url":"","contentUrl":"","caption":"Mexican Guitar Players"},"image":{"@id":"https:\/\/www.mexicanguitarplayers.com\/#\/schema\/logo\/image\/"}}]}},"brands":[{"id":563,"name":"FRAMEWORKS","slug":"frameworks"}],"_links":{"self":[{"href":"https:\/\/www.mexicanguitarplayers.com\/en\/wp-json\/wp\/v2\/product\/36820","targetHints":{"allow":["GET"]}}],"collection":[{"href":"https:\/\/www.mexicanguitarplayers.com\/en\/wp-json\/wp\/v2\/product"}],"about":[{"href":"https:\/\/www.mexicanguitarplayers.com\/en\/wp-json\/wp\/v2\/types\/product"}],"replies":[{"embeddable":true,"href":"https:\/\/www.mexicanguitarplayers.com\/en\/wp-json\/wp\/v2\/comments?post=36820"}],"wp:featuredmedia":[{"embeddable":true,"href":"https:\/\/www.mexicanguitarplayers.com\/en\/wp-json\/wp\/v2\/media\/36812"}],"wp:attachment":[{"href":"https:\/\/www.mexicanguitarplayers.com\/en\/wp-json\/wp\/v2\/media?parent=36820"}],"wp:term":[{"taxonomy":"pwb-brand","embeddable":true,"href":"https:\/\/www.mexicanguitarplayers.com\/en\/wp-json\/wp\/v2\/pwb-brand?post=36820"},{"taxonomy":"product_brand","embeddable":true,"href":"https:\/\/www.mexicanguitarplayers.com\/en\/wp-json\/wp\/v2\/product_brand?post=36820"},{"taxonomy":"product_cat","embeddable":true,"href":"https:\/\/www.mexicanguitarplayers.com\/en\/wp-json\/wp\/v2\/product_cat?post=36820"},{"taxonomy":"product_tag","embeddable":true,"href":"https:\/\/www.mexicanguitarplayers.com\/en\/wp-json\/wp\/v2\/product_tag?post=36820"}],"curies":[{"name":"wp","href":"https:\/\/api.w.org\/{rel}","templated":true}]}}