{"id":36829,"date":"2025-04-08T22:46:43","date_gmt":"2025-04-09T04:46:43","guid":{"rendered":"https:\/\/www.mexicanguitarplayers.com\/tienda\/sin categor\u00eda\/caja-directa-behringer-mod-di4000-v2\/"},"modified":"2026-05-01T07:20:01","modified_gmt":"2026-05-01T13:20:01","slug":"caja-directa-behringer-mod-di4000-v2","status":"publish","type":"product","link":"https:\/\/www.mexicanguitarplayers.com\/en\/tienda\/accesorios\/para-audio\/cajas-directas\/caja-directa-behringer-mod-di4000-v2\/","title":{"rendered":"CAJA DIRECTA BEHRINGER MOD. DI4000 V2"},"content":{"rendered":"<div style=\"text-align: justify\">\n<div>\n<h3>Sonido superior y un valor incre\u00edble.<\/h3>\n<\/div>\n<div>El ULTRA-DI PRO DI4000 te ofrece 4 canales DI de primera clase en un s\u00f3lo espacio de rack. Cada canal est\u00e1 equipado con dos entradas (XLR y TRS 1\/4&#8243;), una salida XLR balanceada y una salida Link de 1\/4&#8243; para conectar a tu amplificador o consola de monitores. Adem\u00e1s, el DI4000 est\u00e1 dise\u00f1ado para adaptarse a pr\u00e1cticamente cualquier se\u00f1al de entrada, hasta 40 dB de atenuaci\u00f3n de entrada conmutable y hasta 20 dB de ganancia, mientras que nuestros aclamados transformadores de salida OT-1 garantizan una salida impecable y potente. Las cajas de inyecci\u00f3n directa (DI) permiten conectar guitarras, bajos y teclados (as\u00ed como otros dispositivos de nivel de l\u00ednea) a mezcladoras y grabadoras de audio. El DI4000 lleva la caja DI al siguiente nivel con un filtro especial de corte alto de 8 kHz por canal, para aplicaciones de guitarra, junto con un switch de inversi\u00f3n de fase para una alineaci\u00f3n \u00f3ptima de la se\u00f1al. Adem\u00e1s, nuestra caja activa DI4000 cuenta con entradas &#8220;buffered&#8221; que respetan la se\u00f1al de la fuente mucho mejor que las cajas DI pasivas: emiten se\u00f1ales de impedancia extremadamente baja (600 ohms) equilibradas de manera \u00f3ptima que son mucho menos susceptibles al ruido y la interferencia de RF (RFI). Cuando se trata de eso, todas las cajas hacen lo mismo, \u00bfverdad? S\u00ed, pero DI4000 hace mucho m\u00e1s que &#8220;entrada de bajo, salida de se\u00f1al de nivel de micr\u00f3fono&#8221;. Realmente es un conjunto de herramientas de se\u00f1al de entrada muy vers\u00e1til. Estas son solo dos ventajas que tiene el DI4000 sobre las cajas DI est\u00e1ndar. \u00bfQuiz\u00e1s te gustar\u00eda conectar la salida de altavoz de tu amplificador de guitarra a tu mezcladora? No hay problema, el DI4000 cuenta con dos switches de atenuaci\u00f3n de -20 dB por canal, lo que permite conectarse a salidas de altavoces con una potencia nominal de hasta 3000 watts y convertirlas en salidas XLR balanceadas. \u00bfSe\u00f1al entrante d\u00e9bil? El DI4000 tiene un switch de +20 dB que realmente es \u00fatil para impulsar se\u00f1ales de entrada de bajo nivel a se\u00f1ales balanceadas con potencia real e impacto s\u00f3lido como una roca. \u00bfPreocupado por los voltajes fluctuantes en el lugar? El DI4000 est\u00e1 equipado con una fuente de alimentaci\u00f3n conmutada interna que var\u00eda de 100 a 240V y se adapta autom\u00e1ticamente a los voltajes de la red dondequiera que vayas. Por supuesto, el DI4000 proporciona una salida Link para una f\u00e1cil conexi\u00f3n a otros equipos, como tus amplificadores en el escenario o consolas de monitor. El rendimiento servo balanceado garantiza una respuesta de frecuencia ultra plana y los conectores de salida XLR chapados en oro brindan un funcionamiento confiable y con poco ruido. Los switches ground-lift por canal eliminan los problemas de zumbido del ground-loop. El DI4000 hace todo lo que puede hacer un DI independiente y mucho m\u00e1s, multiplicado por cuatro. El Ultra-DI PRO DI4000 de 4 canales ofrece una calidad de sonido excepcional a un precio extremadamente asequible.<\/div>\n<div>\n<h4>Quick look<\/h4>\n<\/div>\n<ul style=\"margin: 0px 0px 0px 25px\">\n<li style=\"list-style-type: circle;margin: 5px\">Audio inputs.<\/li>\n<li style=\"list-style-type: circle;margin: 5px\">Audio outputs.<\/li>\n<li style=\"list-style-type: circle;margin: 5px\">System Specifications.<\/li>\n<li style=\"list-style-type: circle;margin: 5px\">Power supply.<\/li>\n<li style=\"list-style-type: circle;margin: 5px\">Dimensions.<\/li>\n<li style=\"list-style-type: circle;margin: 5px\">Weight.<\/li>\n<\/ul>\n<div>\n<div style=\"font-weight: bold\">Audio inputs.<\/div>\n<div>\n<p>Conectores: XLR a 1\/4&#8243; TS. Tipo: Entrada desbalanceada, DC-desacoplada. Impedancia: 240 kilo-ohms (salida pad). Nivel de entrada m\u00e1ximo: +20\/+40\/+60 dBu @ 1 kHz.<\/p>\n<\/div>\n<div style=\"font-weight: bold\">Audio outputs.<\/div>\n<div>\n<p>Conectores: XLR. Tipo: Etapa de salida balanceada por transformador. Impedancia: 120 ohms. Nivel de salida m\u00e1ximo: +20 dBu.<\/p>\n<\/div>\n<div style=\"font-weight: bold\">System Specifications.<\/div>\n<div>\n<p>Ancho de banda (100 kilo-ohms carga): 23 Hz a 60 kHz (\u00b13 dB). Ancho de banda (600 ohms carga): 23 Hz a 40 kHz (\u00b13 dB). Ancho de banda (high cut): 23 Hz a 8 kHz (-3 dB). Ruido: -90 dBu, 22 Hz -22 kHz. Distorsi\u00f3n: &lt;0.01% @ 1 kHz, +20 dBu. Crosstalk: -100 dBu @ 1 kHz<\/p>\n<\/div>\n<div style=\"font-weight: bold\">Power supply.<\/div>\n<div>\n<p>Fuente de alimentaci\u00f3n de rango autom\u00e1tico de modo conmutado: 100-240 V ~50\/60 Hz. Consumo de energ\u00eda: 10 W. Conexi\u00f3n de energ\u00eda: IEC est\u00e1ndar.<\/p>\n<\/div>\n<div style=\"font-weight: bold\">Dimensions.<\/div>\n<div>\n<p>44 x 483 x 136 mm.<\/p>\n<\/div>\n<div style=\"font-weight: bold\">Weight.<\/div>\n<div>\n<p>2.1 kg.<\/p>\n<\/div>\n<\/div>\n<\/div>","protected":false},"excerpt":{"rendered":"<p>Caja de inyecci\u00f3n directa activa profesional y multiprop\u00f3sito de 4 canales para aplicaciones de estudio y escenario, proporciona impedancia y adaptaci\u00f3n de se\u00f1ales para la conexi\u00f3n directa de instrumentos a mezcladoras y amplificadores, respuesta de frecuencia ultra plana gracias a los reconocidos transformadores Behringer OT-1, permite la conexi\u00f3n directa a salidas de altavoz con hasta 3000 watts, switch de ganancia de +20 dB para preamplificaci\u00f3n de se\u00f1ales de bajo nivel, atenuaci\u00f3n de entrada conmutable que permite niveles de entrada de hasta +40 dB, switch de inversi\u00f3n de fase que permite corregir instant\u00e1neamente los problemas de fase, filtro de corte alto conmutable (48 kHz) para aplicaciones de guitarra, switch Ground Lift que elimina los t\u00edpicos problemas de loop de tierra, preciso medidor LED de nivel de 8 segmentos para un rendimiento \u00f3ptimo, conectores TRS de 1\/4\u201d y XLR ba\u00f1ados en oro, switches iluminados que permiten un funcionamiento perfecto para entornos oscuros de escenario, fuente de alimentaci\u00f3n conmutada interna (100-240V~) para audio sin ruido y bajo consumo de energ\u00eda, dimensiones: 44 x 483 x 136 mm, peso: 2.1 kg.&hellip; <a class=\"kt-excerpt-readmore more-link\" href=\"https:\/\/www.mexicanguitarplayers.com\/en\/tienda\/accesorios\/para-audio\/cajas-directas\/caja-directa-behringer-mod-di4000-v2\/\">Read more<\/a><\/p>","protected":false},"featured_media":36824,"comment_status":"open","ping_status":"closed","template":"","meta":{"kt_blocks_editor_width":""},"pwb-brand":[171],"product_brand":[],"product_cat":[85,509,410],"product_tag":[],"class_list":{"0":"post-36829","1":"product","2":"type-product","3":"status-publish","4":"has-post-thumbnail","6":"pwb-brand-behringer","7":"product_cat-accesorios","8":"product_cat-cajas-directas","9":"product_cat-para-audio","10":"product_shipping_class-0-5-kg","12":"first","13":"instock","14":"taxable","15":"shipping-taxable","16":"purchasable","17":"product-type-simple"},"yoast_head":"<!-- This site is optimized with the Yoast SEO plugin v27.6 - https:\/\/yoast.com\/product\/yoast-seo-wordpress\/ -->\n<title>CAJA DIRECTA BEHRINGER MOD. DI4000 V2 - Mexican Guitar Players<\/title>\n<meta name=\"description\" content=\"Caja de inyecci\u00f3n directa activa profesional y multiprop\u00f3sito de 4 canales para aplicaciones de estudio y escenario, proporciona impedancia y adaptaci\u00f3n de se\u00f1ales para la conexi\u00f3n directa de instrumentos a mezcladoras y amplificadores, respuesta de frecuencia ultra plana gracias a los reconocidos transformadores Behringer OT-1, permite la conexi\u00f3n directa a salidas de altavoz con hasta 3000 watts, switch de ganancia de +20 dB para preamplificaci\u00f3n de se\u00f1ales de bajo nivel, atenuaci\u00f3n de entrada conmutable que permite niveles de entrada de hasta +40 dB, switch de inversi\u00f3n de fase que permite corregir instant\u00e1neamente los problemas de fase, filtro de corte alto conmutable (48 kHz) para aplicaciones de guitarra, switch Ground Lift que elimina los t\u00edpicos problemas de loop de tierra, preciso medidor LED de nivel de 8 segmentos para un rendimiento \u00f3ptimo, conectores TRS de 1\/4\u201d y XLR ba\u00f1ados en oro, switches iluminados que permiten un funcionamiento perfecto para entornos oscuros de escenario, fuente de alimentaci\u00f3n conmutada interna (100-240V~) para audio sin ruido y bajo consumo de energ\u00eda, dimensiones: 44 x 483 x 136 mm, peso: 2.1 kg.\" \/>\n<meta name=\"robots\" content=\"index, follow, max-snippet:-1, max-image-preview:large, max-video-preview:-1\" \/>\n<link rel=\"canonical\" href=\"https:\/\/www.mexicanguitarplayers.com\/en\/tienda\/sin%20categor\u00eda\/caja-directa-behringer-mod-di4000-v2\/\" \/>\n<meta property=\"og:locale\" content=\"en_US\" \/>\n<meta property=\"og:type\" content=\"article\" \/>\n<meta property=\"og:title\" content=\"CAJA DIRECTA BEHRINGER MOD. DI4000 V2 - Mexican Guitar Players\" \/>\n<meta property=\"og:description\" content=\"Caja de inyecci\u00f3n directa activa profesional y multiprop\u00f3sito de 4 canales para aplicaciones de estudio y escenario, proporciona impedancia y adaptaci\u00f3n de se\u00f1ales para la conexi\u00f3n directa de instrumentos a mezcladoras y amplificadores, respuesta de frecuencia ultra plana gracias a los reconocidos transformadores Behringer OT-1, permite la conexi\u00f3n directa a salidas de altavoz con hasta 3000 watts, switch de ganancia de +20 dB para preamplificaci\u00f3n de se\u00f1ales de bajo nivel, atenuaci\u00f3n de entrada conmutable que permite niveles de entrada de hasta +40 dB, switch de inversi\u00f3n de fase que permite corregir instant\u00e1neamente los problemas de fase, filtro de corte alto conmutable (48 kHz) para aplicaciones de guitarra, switch Ground Lift que elimina los t\u00edpicos problemas de loop de tierra, preciso medidor LED de nivel de 8 segmentos para un rendimiento \u00f3ptimo, conectores TRS de 1\/4\u201d y XLR ba\u00f1ados en oro, switches iluminados que permiten un funcionamiento perfecto para entornos oscuros de escenario, fuente de alimentaci\u00f3n conmutada interna (100-240V~) para audio sin ruido y bajo consumo de energ\u00eda, dimensiones: 44 x 483 x 136 mm, peso: 2.1 kg.\" \/>\n<meta property=\"og:url\" content=\"https:\/\/www.mexicanguitarplayers.com\/en\/tienda\/sin categor\u00eda\/caja-directa-behringer-mod-di4000-v2\/\" \/>\n<meta property=\"og:site_name\" content=\"Mexican Guitar Players\" \/>\n<meta property=\"article:modified_time\" content=\"2026-05-01T13:20:01+00:00\" \/>\n<meta name=\"twitter:card\" content=\"summary_large_image\" \/>\n<meta name=\"twitter:label1\" content=\"Est. reading time\" \/>\n\t<meta name=\"twitter:data1\" content=\"3 minutes\" \/>\n<script type=\"application\/ld+json\" class=\"yoast-schema-graph\">{\"@context\":\"https:\\\/\\\/schema.org\",\"@graph\":[{\"@type\":[\"WebPage\",\"ItemPage\"],\"@id\":\"https:\\\/\\\/www.mexicanguitarplayers.com\\\/tienda\\\/sin categor\u00eda\\\/caja-directa-behringer-mod-di4000-v2\\\/\",\"url\":\"https:\\\/\\\/www.mexicanguitarplayers.com\\\/tienda\\\/sin categor\u00eda\\\/caja-directa-behringer-mod-di4000-v2\\\/\",\"name\":\"CAJA DIRECTA BEHRINGER MOD. DI4000 V2 - Mexican Guitar Players\",\"isPartOf\":{\"@id\":\"https:\\\/\\\/www.mexicanguitarplayers.com\\\/#website\"},\"primaryImageOfPage\":{\"@id\":\"https:\\\/\\\/www.mexicanguitarplayers.com\\\/tienda\\\/sin categor\u00eda\\\/caja-directa-behringer-mod-di4000-v2\\\/#primaryimage\"},\"image\":{\"@id\":\"https:\\\/\\\/www.mexicanguitarplayers.com\\\/tienda\\\/sin categor\u00eda\\\/caja-directa-behringer-mod-di4000-v2\\\/#primaryimage\"},\"thumbnailUrl\":\"https:\\\/\\\/www.mexicanguitarplayers.com\\\/wp-content\\\/uploads\\\/2025\\\/04\\\/VABEHDI4000V2.jpg\",\"datePublished\":\"2025-04-09T04:46:43+00:00\",\"dateModified\":\"2026-05-01T13:20:01+00:00\",\"description\":\"Caja de inyecci\u00f3n directa activa profesional y multiprop\u00f3sito de 4 canales para aplicaciones de estudio y escenario, proporciona impedancia y adaptaci\u00f3n de se\u00f1ales para la conexi\u00f3n directa de instrumentos a mezcladoras y amplificadores, respuesta de frecuencia ultra plana gracias a los reconocidos transformadores Behringer OT-1, permite la conexi\u00f3n directa a salidas de altavoz con hasta 3000 watts, switch de ganancia de +20 dB para preamplificaci\u00f3n de se\u00f1ales de bajo nivel, atenuaci\u00f3n de entrada conmutable que permite niveles de entrada de hasta +40 dB, switch de inversi\u00f3n de fase que permite corregir instant\u00e1neamente los problemas de fase, filtro de corte alto conmutable (48 kHz) para aplicaciones de guitarra, switch Ground Lift que elimina los t\u00edpicos problemas de loop de tierra, preciso medidor LED de nivel de 8 segmentos para un rendimiento \u00f3ptimo, conectores TRS de 1\\\/4\u201d y XLR ba\u00f1ados en oro, switches iluminados que permiten un funcionamiento perfecto para entornos oscuros de escenario, fuente de alimentaci\u00f3n conmutada interna (100-240V~) para audio sin ruido y bajo consumo de energ\u00eda, dimensiones: 44 x 483 x 136 mm, peso: 2.1 kg.\",\"breadcrumb\":{\"@id\":\"https:\\\/\\\/www.mexicanguitarplayers.com\\\/tienda\\\/sin categor\u00eda\\\/caja-directa-behringer-mod-di4000-v2\\\/#breadcrumb\"},\"inLanguage\":\"en-US\",\"potentialAction\":[{\"@type\":\"ReadAction\",\"target\":[\"https:\\\/\\\/www.mexicanguitarplayers.com\\\/tienda\\\/sin categor\u00eda\\\/caja-directa-behringer-mod-di4000-v2\\\/\"]}]},{\"@type\":\"ImageObject\",\"inLanguage\":\"en-US\",\"@id\":\"https:\\\/\\\/www.mexicanguitarplayers.com\\\/tienda\\\/sin categor\u00eda\\\/caja-directa-behringer-mod-di4000-v2\\\/#primaryimage\",\"url\":\"https:\\\/\\\/www.mexicanguitarplayers.com\\\/wp-content\\\/uploads\\\/2025\\\/04\\\/VABEHDI4000V2.jpg\",\"contentUrl\":\"https:\\\/\\\/www.mexicanguitarplayers.com\\\/wp-content\\\/uploads\\\/2025\\\/04\\\/VABEHDI4000V2.jpg\",\"width\":1600,\"height\":800},{\"@type\":\"BreadcrumbList\",\"@id\":\"https:\\\/\\\/www.mexicanguitarplayers.com\\\/tienda\\\/sin categor\u00eda\\\/caja-directa-behringer-mod-di4000-v2\\\/#breadcrumb\",\"itemListElement\":[{\"@type\":\"ListItem\",\"position\":1,\"name\":\"Portada\",\"item\":\"https:\\\/\\\/www.mexicanguitarplayers.com\\\/\"},{\"@type\":\"ListItem\",\"position\":2,\"name\":\"Tienda\",\"item\":\"https:\\\/\\\/www.mexicanguitarplayers.com\\\/tienda\\\/\"},{\"@type\":\"ListItem\",\"position\":3,\"name\":\"CAJA DIRECTA BEHRINGER MOD. DI4000 V2\"}]},{\"@type\":\"WebSite\",\"@id\":\"https:\\\/\\\/www.mexicanguitarplayers.com\\\/#website\",\"url\":\"https:\\\/\\\/www.mexicanguitarplayers.com\\\/\",\"name\":\"Mexican Guitar Players\",\"description\":\"Website\",\"publisher\":{\"@id\":\"https:\\\/\\\/www.mexicanguitarplayers.com\\\/#organization\"},\"potentialAction\":[{\"@type\":\"SearchAction\",\"target\":{\"@type\":\"EntryPoint\",\"urlTemplate\":\"https:\\\/\\\/www.mexicanguitarplayers.com\\\/?s={search_term_string}\"},\"query-input\":{\"@type\":\"PropertyValueSpecification\",\"valueRequired\":true,\"valueName\":\"search_term_string\"}}],\"inLanguage\":\"en-US\"},{\"@type\":\"Organization\",\"@id\":\"https:\\\/\\\/www.mexicanguitarplayers.com\\\/#organization\",\"name\":\"Mexican Guitar Players\",\"url\":\"https:\\\/\\\/www.mexicanguitarplayers.com\\\/\",\"logo\":{\"@type\":\"ImageObject\",\"inLanguage\":\"en-US\",\"@id\":\"https:\\\/\\\/www.mexicanguitarplayers.com\\\/#\\\/schema\\\/logo\\\/image\\\/\",\"url\":\"\",\"contentUrl\":\"\",\"caption\":\"Mexican Guitar Players\"},\"image\":{\"@id\":\"https:\\\/\\\/www.mexicanguitarplayers.com\\\/#\\\/schema\\\/logo\\\/image\\\/\"}}]}<\/script>\n<!-- \/ Yoast SEO plugin. -->","yoast_head_json":{"title":"CAJA DIRECTA BEHRINGER MOD. DI4000 V2 - Mexican Guitar Players","description":"Caja de inyecci\u00f3n directa activa profesional y multiprop\u00f3sito de 4 canales para aplicaciones de estudio y escenario, proporciona impedancia y adaptaci\u00f3n de se\u00f1ales para la conexi\u00f3n directa de instrumentos a mezcladoras y amplificadores, respuesta de frecuencia ultra plana gracias a los reconocidos transformadores Behringer OT-1, permite la conexi\u00f3n directa a salidas de altavoz con hasta 3000 watts, switch de ganancia de +20 dB para preamplificaci\u00f3n de se\u00f1ales de bajo nivel, atenuaci\u00f3n de entrada conmutable que permite niveles de entrada de hasta +40 dB, switch de inversi\u00f3n de fase que permite corregir instant\u00e1neamente los problemas de fase, filtro de corte alto conmutable (48 kHz) para aplicaciones de guitarra, switch Ground Lift que elimina los t\u00edpicos problemas de loop de tierra, preciso medidor LED de nivel de 8 segmentos para un rendimiento \u00f3ptimo, conectores TRS de 1\/4\u201d y XLR ba\u00f1ados en oro, switches iluminados que permiten un funcionamiento perfecto para entornos oscuros de escenario, fuente de alimentaci\u00f3n conmutada interna (100-240V~) para audio sin ruido y bajo consumo de energ\u00eda, dimensiones: 44 x 483 x 136 mm, peso: 2.1 kg.","robots":{"index":"index","follow":"follow","max-snippet":"max-snippet:-1","max-image-preview":"max-image-preview:large","max-video-preview":"max-video-preview:-1"},"canonical":"https:\/\/www.mexicanguitarplayers.com\/en\/tienda\/sin categor\u00eda\/caja-directa-behringer-mod-di4000-v2\/","og_locale":"en_US","og_type":"article","og_title":"CAJA DIRECTA BEHRINGER MOD. DI4000 V2 - Mexican Guitar Players","og_description":"Caja de inyecci\u00f3n directa activa profesional y multiprop\u00f3sito de 4 canales para aplicaciones de estudio y escenario, proporciona impedancia y adaptaci\u00f3n de se\u00f1ales para la conexi\u00f3n directa de instrumentos a mezcladoras y amplificadores, respuesta de frecuencia ultra plana gracias a los reconocidos transformadores Behringer OT-1, permite la conexi\u00f3n directa a salidas de altavoz con hasta 3000 watts, switch de ganancia de +20 dB para preamplificaci\u00f3n de se\u00f1ales de bajo nivel, atenuaci\u00f3n de entrada conmutable que permite niveles de entrada de hasta +40 dB, switch de inversi\u00f3n de fase que permite corregir instant\u00e1neamente los problemas de fase, filtro de corte alto conmutable (48 kHz) para aplicaciones de guitarra, switch Ground Lift que elimina los t\u00edpicos problemas de loop de tierra, preciso medidor LED de nivel de 8 segmentos para un rendimiento \u00f3ptimo, conectores TRS de 1\/4\u201d y XLR ba\u00f1ados en oro, switches iluminados que permiten un funcionamiento perfecto para entornos oscuros de escenario, fuente de alimentaci\u00f3n conmutada interna (100-240V~) para audio sin ruido y bajo consumo de energ\u00eda, dimensiones: 44 x 483 x 136 mm, peso: 2.1 kg.","og_url":"https:\/\/www.mexicanguitarplayers.com\/en\/tienda\/sin categor\u00eda\/caja-directa-behringer-mod-di4000-v2\/","og_site_name":"Mexican Guitar Players","article_modified_time":"2026-05-01T13:20:01+00:00","twitter_card":"summary_large_image","twitter_misc":{"Est. reading time":"3 minutes"},"schema":{"@context":"https:\/\/schema.org","@graph":[{"@type":["WebPage","ItemPage"],"@id":"https:\/\/www.mexicanguitarplayers.com\/tienda\/sin categor\u00eda\/caja-directa-behringer-mod-di4000-v2\/","url":"https:\/\/www.mexicanguitarplayers.com\/tienda\/sin categor\u00eda\/caja-directa-behringer-mod-di4000-v2\/","name":"CAJA DIRECTA BEHRINGER MOD. DI4000 V2 - Mexican Guitar Players","isPartOf":{"@id":"https:\/\/www.mexicanguitarplayers.com\/#website"},"primaryImageOfPage":{"@id":"https:\/\/www.mexicanguitarplayers.com\/tienda\/sin categor\u00eda\/caja-directa-behringer-mod-di4000-v2\/#primaryimage"},"image":{"@id":"https:\/\/www.mexicanguitarplayers.com\/tienda\/sin categor\u00eda\/caja-directa-behringer-mod-di4000-v2\/#primaryimage"},"thumbnailUrl":"https:\/\/www.mexicanguitarplayers.com\/wp-content\/uploads\/2025\/04\/VABEHDI4000V2.jpg","datePublished":"2025-04-09T04:46:43+00:00","dateModified":"2026-05-01T13:20:01+00:00","description":"Caja de inyecci\u00f3n directa activa profesional y multiprop\u00f3sito de 4 canales para aplicaciones de estudio y escenario, proporciona impedancia y adaptaci\u00f3n de se\u00f1ales para la conexi\u00f3n directa de instrumentos a mezcladoras y amplificadores, respuesta de frecuencia ultra plana gracias a los reconocidos transformadores Behringer OT-1, permite la conexi\u00f3n directa a salidas de altavoz con hasta 3000 watts, switch de ganancia de +20 dB para preamplificaci\u00f3n de se\u00f1ales de bajo nivel, atenuaci\u00f3n de entrada conmutable que permite niveles de entrada de hasta +40 dB, switch de inversi\u00f3n de fase que permite corregir instant\u00e1neamente los problemas de fase, filtro de corte alto conmutable (48 kHz) para aplicaciones de guitarra, switch Ground Lift que elimina los t\u00edpicos problemas de loop de tierra, preciso medidor LED de nivel de 8 segmentos para un rendimiento \u00f3ptimo, conectores TRS de 1\/4\u201d y XLR ba\u00f1ados en oro, switches iluminados que permiten un funcionamiento perfecto para entornos oscuros de escenario, fuente de alimentaci\u00f3n conmutada interna (100-240V~) para audio sin ruido y bajo consumo de energ\u00eda, dimensiones: 44 x 483 x 136 mm, peso: 2.1 kg.","breadcrumb":{"@id":"https:\/\/www.mexicanguitarplayers.com\/tienda\/sin categor\u00eda\/caja-directa-behringer-mod-di4000-v2\/#breadcrumb"},"inLanguage":"en-US","potentialAction":[{"@type":"ReadAction","target":["https:\/\/www.mexicanguitarplayers.com\/tienda\/sin categor\u00eda\/caja-directa-behringer-mod-di4000-v2\/"]}]},{"@type":"ImageObject","inLanguage":"en-US","@id":"https:\/\/www.mexicanguitarplayers.com\/tienda\/sin categor\u00eda\/caja-directa-behringer-mod-di4000-v2\/#primaryimage","url":"https:\/\/www.mexicanguitarplayers.com\/wp-content\/uploads\/2025\/04\/VABEHDI4000V2.jpg","contentUrl":"https:\/\/www.mexicanguitarplayers.com\/wp-content\/uploads\/2025\/04\/VABEHDI4000V2.jpg","width":1600,"height":800},{"@type":"BreadcrumbList","@id":"https:\/\/www.mexicanguitarplayers.com\/tienda\/sin categor\u00eda\/caja-directa-behringer-mod-di4000-v2\/#breadcrumb","itemListElement":[{"@type":"ListItem","position":1,"name":"Portada","item":"https:\/\/www.mexicanguitarplayers.com\/"},{"@type":"ListItem","position":2,"name":"Tienda","item":"https:\/\/www.mexicanguitarplayers.com\/tienda\/"},{"@type":"ListItem","position":3,"name":"CAJA DIRECTA BEHRINGER MOD. DI4000 V2"}]},{"@type":"WebSite","@id":"https:\/\/www.mexicanguitarplayers.com\/#website","url":"https:\/\/www.mexicanguitarplayers.com\/","name":"Mexican Guitar Players","description":"Website","publisher":{"@id":"https:\/\/www.mexicanguitarplayers.com\/#organization"},"potentialAction":[{"@type":"SearchAction","target":{"@type":"EntryPoint","urlTemplate":"https:\/\/www.mexicanguitarplayers.com\/?s={search_term_string}"},"query-input":{"@type":"PropertyValueSpecification","valueRequired":true,"valueName":"search_term_string"}}],"inLanguage":"en-US"},{"@type":"Organization","@id":"https:\/\/www.mexicanguitarplayers.com\/#organization","name":"Mexican Guitar Players","url":"https:\/\/www.mexicanguitarplayers.com\/","logo":{"@type":"ImageObject","inLanguage":"en-US","@id":"https:\/\/www.mexicanguitarplayers.com\/#\/schema\/logo\/image\/","url":"","contentUrl":"","caption":"Mexican Guitar Players"},"image":{"@id":"https:\/\/www.mexicanguitarplayers.com\/#\/schema\/logo\/image\/"}}]}},"brands":[{"id":171,"name":"BEHRINGER","slug":"behringer"}],"_links":{"self":[{"href":"https:\/\/www.mexicanguitarplayers.com\/en\/wp-json\/wp\/v2\/product\/36829","targetHints":{"allow":["GET"]}}],"collection":[{"href":"https:\/\/www.mexicanguitarplayers.com\/en\/wp-json\/wp\/v2\/product"}],"about":[{"href":"https:\/\/www.mexicanguitarplayers.com\/en\/wp-json\/wp\/v2\/types\/product"}],"replies":[{"embeddable":true,"href":"https:\/\/www.mexicanguitarplayers.com\/en\/wp-json\/wp\/v2\/comments?post=36829"}],"wp:featuredmedia":[{"embeddable":true,"href":"https:\/\/www.mexicanguitarplayers.com\/en\/wp-json\/wp\/v2\/media\/36824"}],"wp:attachment":[{"href":"https:\/\/www.mexicanguitarplayers.com\/en\/wp-json\/wp\/v2\/media?parent=36829"}],"wp:term":[{"taxonomy":"pwb-brand","embeddable":true,"href":"https:\/\/www.mexicanguitarplayers.com\/en\/wp-json\/wp\/v2\/pwb-brand?post=36829"},{"taxonomy":"product_brand","embeddable":true,"href":"https:\/\/www.mexicanguitarplayers.com\/en\/wp-json\/wp\/v2\/product_brand?post=36829"},{"taxonomy":"product_cat","embeddable":true,"href":"https:\/\/www.mexicanguitarplayers.com\/en\/wp-json\/wp\/v2\/product_cat?post=36829"},{"taxonomy":"product_tag","embeddable":true,"href":"https:\/\/www.mexicanguitarplayers.com\/en\/wp-json\/wp\/v2\/product_tag?post=36829"}],"curies":[{"name":"wp","href":"https:\/\/api.w.org\/{rel}","templated":true}]}}