{"id":36845,"date":"2025-04-09T05:29:18","date_gmt":"2025-04-09T11:29:18","guid":{"rendered":"https:\/\/www.mexicanguitarplayers.com\/tienda\/sin categor\u00eda\/bafle-electro-voice-mod-etx-15sp\/"},"modified":"2026-03-26T13:15:03","modified_gmt":"2026-03-26T19:15:03","slug":"bafle-electro-voice-mod-etx-15sp","status":"publish","type":"product","link":"https:\/\/www.mexicanguitarplayers.com\/en\/tienda\/audio\/bafles-y-bocinas\/bafles\/bafles-activos\/bafle-electro-voice-mod-etx-15sp\/","title":{"rendered":"BAFLE ELECTRO VOICE  MOD. ETX-15SP"},"content":{"rendered":"<div style=\"text-align: justify\">\n<div>\n<h3>Low-end hace toda la diferencia.<\/h3>\n<\/div>\n<div>La nueva familia de altavoces ETX Powered, se basa en la innovaci\u00f3n l\u00edder en la industria y la herencia de 85 a\u00f1os de la ingenier\u00eda de audio Electrovoice, para ofrecer los altavoces port\u00e1tiles m\u00e1s avanzados disponibles hoy en d\u00eda. Una gama vers\u00e1til de alta gama para los lugares de entretenimiento en vivo, compa\u00f1\u00edas de renta, profesionales de DJs e instalaci\u00f3n de audio, la familia de altavoces ETX Powered cuenta con 3 modelos de 2 v\u00edas (10&#8243;, 12&#8243; y 15&#8243; pulgadas, todos con un driver de compresi\u00f3n de titano HF) y 2 subs (15&#8243; y 18&#8243; pulgadas). Colocados por encima de las familias ZLX y LiveX respectivamente, los altavoces ETX Powered completan un tr\u00edo de ofertas de altavoces port\u00e1tiles EV recientes, cada uno de los cuales fue dise\u00f1ado para ofrecer el mejor rendimiento en su categor\u00eda. Dentro de cada gabinete de madera de bajo perfil de categor\u00eda tour-grade, hay una serie de nuevas caracter\u00edsticas que destacan los altavoces ETX Powered, combinando la tecnolog\u00eda inteligente y el dise\u00f1o industrial e innovador para resultados espectaculares en todas las aplicaciones.  Transductores EV de alta eficiencia y amplificadores Clase D de alta potencia, transductores sincr\u00f3nicos de se\u00f1al (SST) dise\u00f1o de gu\u00eda de ondas y DSP FIR-Drive inteligente, todos trabajan juntos para proporcionar una calidad de sonido EV sin igual y una cobertura precisa, incluso a altos niveles de SPL.<\/div>\n<div>\n<h4>Quick look<\/h4>\n<\/div>\n<ul style=\"margin: 0px 0px 0px 25px\">\n<li style=\"list-style-type: circle;margin: 5px\">Rango de frecuencia.<\/li>\n<li style=\"list-style-type: circle;margin: 5px\">Frecuencia de paso bajo.<\/li>\n<li style=\"list-style-type: circle;margin: 5px\">Maximum SPL.<\/li>\n<li style=\"list-style-type: circle;margin: 5px\">Potencia nominal.<\/li>\n<li style=\"list-style-type: circle;margin: 5px\">Frequency response.<\/li>\n<li style=\"list-style-type: circle;margin: 5px\">Transductor LF.<\/li>\n<li style=\"list-style-type: circle;margin: 5px\">Connector<\/li>\n<li style=\"list-style-type: circle;margin: 5px\">Material del gabinete.<\/li>\n<li style=\"list-style-type: circle;margin: 5px\">Rejilla.<\/li>\n<li style=\"list-style-type: circle;margin: 5px\">Suspensi\u00f3n.<\/li>\n<li style=\"list-style-type: circle;margin: 5px\">Dimensions.<\/li>\n<li style=\"list-style-type: circle;margin: 5px\">Weight.<\/li>\n<\/ul>\n<div>\n<div style=\"font-weight: bold\">Rango de frecuencia.<\/div>\n<div>\n<p>32 Hz &#8211; 180 Hz.<\/p>\n<\/div>\n<div style=\"font-weight: bold\">Frecuencia de paso bajo.<\/div>\n<div>\n<p>Ajustable: 80 Hz, 100 Hz, 120 Hz, 150 Hz.<\/p>\n<\/div>\n<div style=\"font-weight: bold\">Maximum SPL.<\/div>\n<div>\n<p>134 dB pico.<\/p>\n<\/div>\n<div style=\"font-weight: bold\">Potencia nominal.<\/div>\n<div>\n<p>1800 watts.<\/p>\n<\/div>\n<div style=\"font-weight: bold\">Frequency response.<\/div>\n<div>\n<p>37 Hz &#8211; 150 Hz.<\/p>\n<\/div>\n<div style=\"font-weight: bold\">Transductor LF.<\/div>\n<div>\n<p>Woofer DVX3159A de 15&#8243; pulgadas (380 mm).<\/p>\n<\/div>\n<div style=\"font-weight: bold\">Connector<\/div>\n<div>\n<p>2 conectores XLR\/TRS Combo Jack y 2 salidas XLR link.<\/p>\n<\/div>\n<div style=\"font-weight: bold\">Material del gabinete.<\/div>\n<div>\n<p>13 capas de contrachapado de abedul de 18 mm con EVCoat.<\/p>\n<\/div>\n<div style=\"font-weight: bold\">Rejilla.<\/div>\n<div>\n<p>Acero 16AWG con pintura en polvo.<\/p>\n<\/div>\n<div style=\"font-weight: bold\">Suspensi\u00f3n.<\/div>\n<div>\n<p>8 puntos de suspensi\u00f3n M10.<\/p>\n<\/div>\n<div style=\"font-weight: bold\">Dimensions.<\/div>\n<div>\n<p>Altura: 471 mm.Ancho: 576 mm.Profundidad: 825 mm.<\/p>\n<\/div>\n<div style=\"font-weight: bold\">Weight.<\/div>\n<div>\n<p>41.7 kg.<\/p>\n<\/div>\n<\/div>\n<\/div>","protected":false},"excerpt":{"rendered":"<p>Subwoofer activo de 15\u201d pulgadas (DVX3159A), amplificador de potencia Clase D de1800 watts con DSP FIR-Drive integrado, SPL m\u00e1ximo: 134 dB,  rango de frecuencia: 32 Hz &#8211; 180 Hz, frecuencia de paso bajo, ajustable: 80, 100, Hz, 120 Hz, 150Hz, respuesta de frecuencia: 37 Hz &#8211; 150 Hz, DSP especial prestablecido para unverdadero rendimiento cardioide a trav\u00e9s de todo el ancho de banda de operaci\u00f3n,taza de polo combinada (insertar y roscar) para usar con los modelos de gama completa de altavoces amplificados ETX, conectores: 2 XLR\/TRS combo jack y 1 XLR link output, material del gabinete: contrachapado de 18 mm, 13 capas con recubrimiento EVCoat, rejilla 16AWG de acero con pintura en polvo, 8 puntos de suspensi\u00f3n M10, ruedas desmontables, dimensiones: 471 x 576 x 825 mm, peso: 41.7 kg.&hellip; <a class=\"kt-excerpt-readmore more-link\" href=\"https:\/\/www.mexicanguitarplayers.com\/en\/tienda\/audio\/bafles-y-bocinas\/bafles\/bafles-activos\/bafle-electro-voice-mod-etx-15sp\/\">Read more<\/a><\/p>","protected":false},"featured_media":36840,"comment_status":"open","ping_status":"closed","template":"","meta":{"kt_blocks_editor_width":""},"pwb-brand":[535],"product_brand":[],"product_cat":[213,222,472,221],"product_tag":[],"class_list":{"0":"post-36845","1":"product","2":"type-product","3":"status-publish","4":"has-post-thumbnail","6":"pwb-brand-electrovoice","7":"product_cat-audio","8":"product_cat-bafles","9":"product_cat-bafles-activos","10":"product_cat-bafles-y-bocinas","12":"first","13":"outofstock","14":"taxable","15":"shipping-taxable","16":"purchasable","17":"product-type-simple"},"yoast_head":"<!-- This site is optimized with the Yoast SEO plugin v27.3 - https:\/\/yoast.com\/product\/yoast-seo-wordpress\/ -->\n<title>BAFLE ELECTRO VOICE MOD. ETX-15SP - Mexican Guitar Players<\/title>\n<meta name=\"description\" content=\"Subwoofer activo de 15\u201d pulgadas (DVX3159A), amplificador de potencia Clase D de1800 watts con DSP FIR-Drive integrado, SPL m\u00e1ximo: 134 dB, rango de frecuencia: 32 Hz - 180 Hz, frecuencia de paso bajo, ajustable: 80, 100, Hz, 120 Hz, 150Hz, respuesta de frecuencia: 37 Hz - 150 Hz, DSP especial prestablecido para unverdadero rendimiento cardioide a trav\u00e9s de todo el ancho de banda de operaci\u00f3n,taza de polo combinada (insertar y roscar) para usar con los modelos de gama completa de altavoces amplificados ETX, conectores: 2 XLR\/TRS combo jack y 1 XLR link output, material del gabinete: contrachapado de 18 mm, 13 capas con recubrimiento EVCoat, rejilla 16AWG de acero con pintura en polvo, 8 puntos de suspensi\u00f3n M10, ruedas desmontables, dimensiones: 471 x 576 x 825 mm, peso: 41.7 kg.\" \/>\n<meta name=\"robots\" content=\"index, follow, max-snippet:-1, max-image-preview:large, max-video-preview:-1\" \/>\n<link rel=\"canonical\" href=\"https:\/\/www.mexicanguitarplayers.com\/en\/tienda\/sin%20categor\u00eda\/bafle-electro-voice-mod-etx-15sp\/\" \/>\n<meta property=\"og:locale\" content=\"en_US\" \/>\n<meta property=\"og:type\" content=\"article\" \/>\n<meta property=\"og:title\" content=\"BAFLE ELECTRO VOICE MOD. ETX-15SP - Mexican Guitar Players\" \/>\n<meta property=\"og:description\" content=\"Subwoofer activo de 15\u201d pulgadas (DVX3159A), amplificador de potencia Clase D de1800 watts con DSP FIR-Drive integrado, SPL m\u00e1ximo: 134 dB, rango de frecuencia: 32 Hz - 180 Hz, frecuencia de paso bajo, ajustable: 80, 100, Hz, 120 Hz, 150Hz, respuesta de frecuencia: 37 Hz - 150 Hz, DSP especial prestablecido para unverdadero rendimiento cardioide a trav\u00e9s de todo el ancho de banda de operaci\u00f3n,taza de polo combinada (insertar y roscar) para usar con los modelos de gama completa de altavoces amplificados ETX, conectores: 2 XLR\/TRS combo jack y 1 XLR link output, material del gabinete: contrachapado de 18 mm, 13 capas con recubrimiento EVCoat, rejilla 16AWG de acero con pintura en polvo, 8 puntos de suspensi\u00f3n M10, ruedas desmontables, dimensiones: 471 x 576 x 825 mm, peso: 41.7 kg.\" \/>\n<meta property=\"og:url\" content=\"https:\/\/www.mexicanguitarplayers.com\/en\/tienda\/sin categor\u00eda\/bafle-electro-voice-mod-etx-15sp\/\" \/>\n<meta property=\"og:site_name\" content=\"Mexican Guitar Players\" \/>\n<meta property=\"article:modified_time\" content=\"2026-03-26T19:15:03+00:00\" \/>\n<meta name=\"twitter:card\" content=\"summary_large_image\" \/>\n<meta name=\"twitter:label1\" content=\"Est. reading time\" \/>\n\t<meta name=\"twitter:data1\" content=\"2 minutes\" \/>\n<script type=\"application\/ld+json\" class=\"yoast-schema-graph\">{\"@context\":\"https:\\\/\\\/schema.org\",\"@graph\":[{\"@type\":[\"WebPage\",\"ItemPage\"],\"@id\":\"https:\\\/\\\/www.mexicanguitarplayers.com\\\/tienda\\\/sin categor\u00eda\\\/bafle-electro-voice-mod-etx-15sp\\\/\",\"url\":\"https:\\\/\\\/www.mexicanguitarplayers.com\\\/tienda\\\/sin categor\u00eda\\\/bafle-electro-voice-mod-etx-15sp\\\/\",\"name\":\"BAFLE ELECTRO VOICE MOD. ETX-15SP - Mexican Guitar Players\",\"isPartOf\":{\"@id\":\"https:\\\/\\\/www.mexicanguitarplayers.com\\\/#website\"},\"primaryImageOfPage\":{\"@id\":\"https:\\\/\\\/www.mexicanguitarplayers.com\\\/tienda\\\/sin categor\u00eda\\\/bafle-electro-voice-mod-etx-15sp\\\/#primaryimage\"},\"image\":{\"@id\":\"https:\\\/\\\/www.mexicanguitarplayers.com\\\/tienda\\\/sin categor\u00eda\\\/bafle-electro-voice-mod-etx-15sp\\\/#primaryimage\"},\"thumbnailUrl\":\"https:\\\/\\\/www.mexicanguitarplayers.com\\\/wp-content\\\/uploads\\\/2025\\\/04\\\/IAEVOETX15SP.jpg\",\"datePublished\":\"2025-04-09T11:29:18+00:00\",\"dateModified\":\"2026-03-26T19:15:03+00:00\",\"description\":\"Subwoofer activo de 15\u201d pulgadas (DVX3159A), amplificador de potencia Clase D de1800 watts con DSP FIR-Drive integrado, SPL m\u00e1ximo: 134 dB, rango de frecuencia: 32 Hz - 180 Hz, frecuencia de paso bajo, ajustable: 80, 100, Hz, 120 Hz, 150Hz, respuesta de frecuencia: 37 Hz - 150 Hz, DSP especial prestablecido para unverdadero rendimiento cardioide a trav\u00e9s de todo el ancho de banda de operaci\u00f3n,taza de polo combinada (insertar y roscar) para usar con los modelos de gama completa de altavoces amplificados ETX, conectores: 2 XLR\\\/TRS combo jack y 1 XLR link output, material del gabinete: contrachapado de 18 mm, 13 capas con recubrimiento EVCoat, rejilla 16AWG de acero con pintura en polvo, 8 puntos de suspensi\u00f3n M10, ruedas desmontables, dimensiones: 471 x 576 x 825 mm, peso: 41.7 kg.\",\"breadcrumb\":{\"@id\":\"https:\\\/\\\/www.mexicanguitarplayers.com\\\/tienda\\\/sin categor\u00eda\\\/bafle-electro-voice-mod-etx-15sp\\\/#breadcrumb\"},\"inLanguage\":\"en-US\",\"potentialAction\":[{\"@type\":\"ReadAction\",\"target\":[\"https:\\\/\\\/www.mexicanguitarplayers.com\\\/tienda\\\/sin categor\u00eda\\\/bafle-electro-voice-mod-etx-15sp\\\/\"]}]},{\"@type\":\"ImageObject\",\"inLanguage\":\"en-US\",\"@id\":\"https:\\\/\\\/www.mexicanguitarplayers.com\\\/tienda\\\/sin categor\u00eda\\\/bafle-electro-voice-mod-etx-15sp\\\/#primaryimage\",\"url\":\"https:\\\/\\\/www.mexicanguitarplayers.com\\\/wp-content\\\/uploads\\\/2025\\\/04\\\/IAEVOETX15SP.jpg\",\"contentUrl\":\"https:\\\/\\\/www.mexicanguitarplayers.com\\\/wp-content\\\/uploads\\\/2025\\\/04\\\/IAEVOETX15SP.jpg\",\"width\":1200,\"height\":1200},{\"@type\":\"BreadcrumbList\",\"@id\":\"https:\\\/\\\/www.mexicanguitarplayers.com\\\/tienda\\\/sin categor\u00eda\\\/bafle-electro-voice-mod-etx-15sp\\\/#breadcrumb\",\"itemListElement\":[{\"@type\":\"ListItem\",\"position\":1,\"name\":\"Portada\",\"item\":\"https:\\\/\\\/www.mexicanguitarplayers.com\\\/\"},{\"@type\":\"ListItem\",\"position\":2,\"name\":\"Tienda\",\"item\":\"https:\\\/\\\/www.mexicanguitarplayers.com\\\/tienda\\\/\"},{\"@type\":\"ListItem\",\"position\":3,\"name\":\"BAFLE ELECTRO VOICE MOD. ETX-15SP\"}]},{\"@type\":\"WebSite\",\"@id\":\"https:\\\/\\\/www.mexicanguitarplayers.com\\\/#website\",\"url\":\"https:\\\/\\\/www.mexicanguitarplayers.com\\\/\",\"name\":\"Mexican Guitar Players\",\"description\":\"Website\",\"publisher\":{\"@id\":\"https:\\\/\\\/www.mexicanguitarplayers.com\\\/#organization\"},\"potentialAction\":[{\"@type\":\"SearchAction\",\"target\":{\"@type\":\"EntryPoint\",\"urlTemplate\":\"https:\\\/\\\/www.mexicanguitarplayers.com\\\/?s={search_term_string}\"},\"query-input\":{\"@type\":\"PropertyValueSpecification\",\"valueRequired\":true,\"valueName\":\"search_term_string\"}}],\"inLanguage\":\"en-US\"},{\"@type\":\"Organization\",\"@id\":\"https:\\\/\\\/www.mexicanguitarplayers.com\\\/#organization\",\"name\":\"Mexican Guitar Players\",\"url\":\"https:\\\/\\\/www.mexicanguitarplayers.com\\\/\",\"logo\":{\"@type\":\"ImageObject\",\"inLanguage\":\"en-US\",\"@id\":\"https:\\\/\\\/www.mexicanguitarplayers.com\\\/#\\\/schema\\\/logo\\\/image\\\/\",\"url\":\"\",\"contentUrl\":\"\",\"caption\":\"Mexican Guitar Players\"},\"image\":{\"@id\":\"https:\\\/\\\/www.mexicanguitarplayers.com\\\/#\\\/schema\\\/logo\\\/image\\\/\"}}]}<\/script>\n<!-- \/ Yoast SEO plugin. -->","yoast_head_json":{"title":"BAFLE ELECTRO VOICE MOD. ETX-15SP - Mexican Guitar Players","description":"Subwoofer activo de 15\u201d pulgadas (DVX3159A), amplificador de potencia Clase D de1800 watts con DSP FIR-Drive integrado, SPL m\u00e1ximo: 134 dB, rango de frecuencia: 32 Hz - 180 Hz, frecuencia de paso bajo, ajustable: 80, 100, Hz, 120 Hz, 150Hz, respuesta de frecuencia: 37 Hz - 150 Hz, DSP especial prestablecido para unverdadero rendimiento cardioide a trav\u00e9s de todo el ancho de banda de operaci\u00f3n,taza de polo combinada (insertar y roscar) para usar con los modelos de gama completa de altavoces amplificados ETX, conectores: 2 XLR\/TRS combo jack y 1 XLR link output, material del gabinete: contrachapado de 18 mm, 13 capas con recubrimiento EVCoat, rejilla 16AWG de acero con pintura en polvo, 8 puntos de suspensi\u00f3n M10, ruedas desmontables, dimensiones: 471 x 576 x 825 mm, peso: 41.7 kg.","robots":{"index":"index","follow":"follow","max-snippet":"max-snippet:-1","max-image-preview":"max-image-preview:large","max-video-preview":"max-video-preview:-1"},"canonical":"https:\/\/www.mexicanguitarplayers.com\/en\/tienda\/sin categor\u00eda\/bafle-electro-voice-mod-etx-15sp\/","og_locale":"en_US","og_type":"article","og_title":"BAFLE ELECTRO VOICE MOD. ETX-15SP - Mexican Guitar Players","og_description":"Subwoofer activo de 15\u201d pulgadas (DVX3159A), amplificador de potencia Clase D de1800 watts con DSP FIR-Drive integrado, SPL m\u00e1ximo: 134 dB, rango de frecuencia: 32 Hz - 180 Hz, frecuencia de paso bajo, ajustable: 80, 100, Hz, 120 Hz, 150Hz, respuesta de frecuencia: 37 Hz - 150 Hz, DSP especial prestablecido para unverdadero rendimiento cardioide a trav\u00e9s de todo el ancho de banda de operaci\u00f3n,taza de polo combinada (insertar y roscar) para usar con los modelos de gama completa de altavoces amplificados ETX, conectores: 2 XLR\/TRS combo jack y 1 XLR link output, material del gabinete: contrachapado de 18 mm, 13 capas con recubrimiento EVCoat, rejilla 16AWG de acero con pintura en polvo, 8 puntos de suspensi\u00f3n M10, ruedas desmontables, dimensiones: 471 x 576 x 825 mm, peso: 41.7 kg.","og_url":"https:\/\/www.mexicanguitarplayers.com\/en\/tienda\/sin categor\u00eda\/bafle-electro-voice-mod-etx-15sp\/","og_site_name":"Mexican Guitar Players","article_modified_time":"2026-03-26T19:15:03+00:00","twitter_card":"summary_large_image","twitter_misc":{"Est. reading time":"2 minutes"},"schema":{"@context":"https:\/\/schema.org","@graph":[{"@type":["WebPage","ItemPage"],"@id":"https:\/\/www.mexicanguitarplayers.com\/tienda\/sin categor\u00eda\/bafle-electro-voice-mod-etx-15sp\/","url":"https:\/\/www.mexicanguitarplayers.com\/tienda\/sin categor\u00eda\/bafle-electro-voice-mod-etx-15sp\/","name":"BAFLE ELECTRO VOICE MOD. ETX-15SP - Mexican Guitar Players","isPartOf":{"@id":"https:\/\/www.mexicanguitarplayers.com\/#website"},"primaryImageOfPage":{"@id":"https:\/\/www.mexicanguitarplayers.com\/tienda\/sin categor\u00eda\/bafle-electro-voice-mod-etx-15sp\/#primaryimage"},"image":{"@id":"https:\/\/www.mexicanguitarplayers.com\/tienda\/sin categor\u00eda\/bafle-electro-voice-mod-etx-15sp\/#primaryimage"},"thumbnailUrl":"https:\/\/www.mexicanguitarplayers.com\/wp-content\/uploads\/2025\/04\/IAEVOETX15SP.jpg","datePublished":"2025-04-09T11:29:18+00:00","dateModified":"2026-03-26T19:15:03+00:00","description":"Subwoofer activo de 15\u201d pulgadas (DVX3159A), amplificador de potencia Clase D de1800 watts con DSP FIR-Drive integrado, SPL m\u00e1ximo: 134 dB, rango de frecuencia: 32 Hz - 180 Hz, frecuencia de paso bajo, ajustable: 80, 100, Hz, 120 Hz, 150Hz, respuesta de frecuencia: 37 Hz - 150 Hz, DSP especial prestablecido para unverdadero rendimiento cardioide a trav\u00e9s de todo el ancho de banda de operaci\u00f3n,taza de polo combinada (insertar y roscar) para usar con los modelos de gama completa de altavoces amplificados ETX, conectores: 2 XLR\/TRS combo jack y 1 XLR link output, material del gabinete: contrachapado de 18 mm, 13 capas con recubrimiento EVCoat, rejilla 16AWG de acero con pintura en polvo, 8 puntos de suspensi\u00f3n M10, ruedas desmontables, dimensiones: 471 x 576 x 825 mm, peso: 41.7 kg.","breadcrumb":{"@id":"https:\/\/www.mexicanguitarplayers.com\/tienda\/sin categor\u00eda\/bafle-electro-voice-mod-etx-15sp\/#breadcrumb"},"inLanguage":"en-US","potentialAction":[{"@type":"ReadAction","target":["https:\/\/www.mexicanguitarplayers.com\/tienda\/sin categor\u00eda\/bafle-electro-voice-mod-etx-15sp\/"]}]},{"@type":"ImageObject","inLanguage":"en-US","@id":"https:\/\/www.mexicanguitarplayers.com\/tienda\/sin categor\u00eda\/bafle-electro-voice-mod-etx-15sp\/#primaryimage","url":"https:\/\/www.mexicanguitarplayers.com\/wp-content\/uploads\/2025\/04\/IAEVOETX15SP.jpg","contentUrl":"https:\/\/www.mexicanguitarplayers.com\/wp-content\/uploads\/2025\/04\/IAEVOETX15SP.jpg","width":1200,"height":1200},{"@type":"BreadcrumbList","@id":"https:\/\/www.mexicanguitarplayers.com\/tienda\/sin categor\u00eda\/bafle-electro-voice-mod-etx-15sp\/#breadcrumb","itemListElement":[{"@type":"ListItem","position":1,"name":"Portada","item":"https:\/\/www.mexicanguitarplayers.com\/"},{"@type":"ListItem","position":2,"name":"Tienda","item":"https:\/\/www.mexicanguitarplayers.com\/tienda\/"},{"@type":"ListItem","position":3,"name":"BAFLE ELECTRO VOICE MOD. ETX-15SP"}]},{"@type":"WebSite","@id":"https:\/\/www.mexicanguitarplayers.com\/#website","url":"https:\/\/www.mexicanguitarplayers.com\/","name":"Mexican Guitar Players","description":"Website","publisher":{"@id":"https:\/\/www.mexicanguitarplayers.com\/#organization"},"potentialAction":[{"@type":"SearchAction","target":{"@type":"EntryPoint","urlTemplate":"https:\/\/www.mexicanguitarplayers.com\/?s={search_term_string}"},"query-input":{"@type":"PropertyValueSpecification","valueRequired":true,"valueName":"search_term_string"}}],"inLanguage":"en-US"},{"@type":"Organization","@id":"https:\/\/www.mexicanguitarplayers.com\/#organization","name":"Mexican Guitar Players","url":"https:\/\/www.mexicanguitarplayers.com\/","logo":{"@type":"ImageObject","inLanguage":"en-US","@id":"https:\/\/www.mexicanguitarplayers.com\/#\/schema\/logo\/image\/","url":"","contentUrl":"","caption":"Mexican Guitar Players"},"image":{"@id":"https:\/\/www.mexicanguitarplayers.com\/#\/schema\/logo\/image\/"}}]}},"brands":[{"id":535,"name":"ELECTROVOICE","slug":"electrovoice"}],"_links":{"self":[{"href":"https:\/\/www.mexicanguitarplayers.com\/en\/wp-json\/wp\/v2\/product\/36845","targetHints":{"allow":["GET"]}}],"collection":[{"href":"https:\/\/www.mexicanguitarplayers.com\/en\/wp-json\/wp\/v2\/product"}],"about":[{"href":"https:\/\/www.mexicanguitarplayers.com\/en\/wp-json\/wp\/v2\/types\/product"}],"replies":[{"embeddable":true,"href":"https:\/\/www.mexicanguitarplayers.com\/en\/wp-json\/wp\/v2\/comments?post=36845"}],"wp:featuredmedia":[{"embeddable":true,"href":"https:\/\/www.mexicanguitarplayers.com\/en\/wp-json\/wp\/v2\/media\/36840"}],"wp:attachment":[{"href":"https:\/\/www.mexicanguitarplayers.com\/en\/wp-json\/wp\/v2\/media?parent=36845"}],"wp:term":[{"taxonomy":"pwb-brand","embeddable":true,"href":"https:\/\/www.mexicanguitarplayers.com\/en\/wp-json\/wp\/v2\/pwb-brand?post=36845"},{"taxonomy":"product_brand","embeddable":true,"href":"https:\/\/www.mexicanguitarplayers.com\/en\/wp-json\/wp\/v2\/product_brand?post=36845"},{"taxonomy":"product_cat","embeddable":true,"href":"https:\/\/www.mexicanguitarplayers.com\/en\/wp-json\/wp\/v2\/product_cat?post=36845"},{"taxonomy":"product_tag","embeddable":true,"href":"https:\/\/www.mexicanguitarplayers.com\/en\/wp-json\/wp\/v2\/product_tag?post=36845"}],"curies":[{"name":"wp","href":"https:\/\/api.w.org\/{rel}","templated":true}]}}