{"id":36853,"date":"2025-04-09T05:29:30","date_gmt":"2025-04-09T11:29:30","guid":{"rendered":"https:\/\/www.mexicanguitarplayers.com\/tienda\/sin categor\u00eda\/cepillo-music-nomad-p-trompeta-mod-mn761\/"},"modified":"2026-04-10T04:25:42","modified_gmt":"2026-04-10T10:25:42","slug":"cepillo-music-nomad-p-trompeta-mod-mn761","status":"publish","type":"product","link":"https:\/\/www.mexicanguitarplayers.com\/en\/tienda\/accesorios\/estuches-y-fundas\/para-alientos-estuches-y-fundas\/cepillo-music-nomad-p-trompeta-mod-mn761\/","title":{"rendered":"CEPILLO MUSIC NOMAD P\/TROMPETA MOD. MN761"},"content":{"rendered":"<div style=\"text-align: justify\">\n<div>\n<h3>Mant\u00e9n limpias tus boquillas e instrumentos de aliento.<\/h3>\n<\/div>\n<div>MusicNomad ha establecido un nuevo est\u00e1ndar m\u00e1s alto de lo que debes esperar cuando compras un cepillo de limpieza tipo serpiente para trompeta. Nuestro exclusivo dise\u00f1o flexible y sin enredos de 34&#8243; pulgadas (86 cm) se desenrolla en l\u00ednea recta, lo que facilita la limpieza. Nuestro n\u00facleo de acero inoxidable de primera calidad est\u00e1 protegido por nuestro innovador revestimiento impermeable que no contiene PVC ni vinilo y protege tu instrumento. Nuestras fibras de calidad profesional en ambos extremos son la resistencia a la tracci\u00f3n perfecta que necesitas para una limpieza eficaz de la suciedad y la saliva, un detalle fundamental que apreciar\u00e1s. Incluso viene en una pr\u00e1ctica bolsa de almacenamiento resellable, reutilizable y reciclable. Esa es la calidad de MusicNomas: Elevar el nivel en el cuidado de tu equipo.<\/div>\n<div>\n<h4>Characteristics<\/h4>\n<\/div>\n<div>\n<ul style=\"margin: 0px 0px 0px 25px\">\n<li style=\"list-style-type: circle;margin: 5px\">Cepillo para trompeta.<\/li>\n<li style=\"list-style-type: circle;margin: 5px\">Innovador dise\u00f1o de serpiente flexible.<\/li>\n<li style=\"list-style-type: circle;margin: 5px\">Se desenrolla f\u00e1cilmente.<\/li>\n<li style=\"list-style-type: circle;margin: 5px\">Forro impermeable especial que no contiene PVC ni vinilo.<\/li>\n<li style=\"list-style-type: circle;margin: 5px\">Fibras de calidad profesional.<\/li>\n<li style=\"list-style-type: circle;margin: 5px\">Limpieza eficaz de la suciedad y la saliva.<\/li>\n<li style=\"list-style-type: circle;margin: 5px\">34&#8243; pulgadas (86 cm) de largo.<\/li>\n<li style=\"list-style-type: circle;margin: 5px\">N\u00facleo de acero inoxidable<\/li>\n<li style=\"list-style-type: circle;margin: 5px\">Incluye una pr\u00e1ctica bolsa de almacenamiento con cierre.<\/li>\n<\/ul>\n<\/div>\n<\/div>","protected":false},"excerpt":{"rendered":"<p>Cepillo para trompeta, innovador dise\u00f1o de serpiente flexible y sin enredos, se desenrolla f\u00e1cilmente para facilitar su uso, cuenta con un forro impermeable especial que no contiene PVC ni vinilo, las fibras de calidad profesional son la resistencia a la tracci\u00f3n perfecta que necesitas para una limpieza eficaz de la suciedad y la saliva, 34\u201d pulgadas (86 cm) de largo, n\u00facleo de acero inoxidable para mayor resistencia y durabilidad, recubierto con nuestro revestimiento impermeable para proteger el acabado de tu instrumento, viene con una pr\u00e1ctica bolsa de almacenamiento con cierre hecha con material PET\/PE reciclable.&hellip; <a class=\"kt-excerpt-readmore more-link\" href=\"https:\/\/www.mexicanguitarplayers.com\/en\/tienda\/accesorios\/estuches-y-fundas\/para-alientos-estuches-y-fundas\/cepillo-music-nomad-p-trompeta-mod-mn761\/\">Read more<\/a><\/p>","protected":false},"featured_media":36848,"comment_status":"open","ping_status":"closed","template":"","meta":{"kt_blocks_editor_width":""},"pwb-brand":[622],"product_brand":[],"product_cat":[85,421,607],"product_tag":[],"class_list":{"0":"post-36853","1":"product","2":"type-product","3":"status-publish","4":"has-post-thumbnail","6":"pwb-brand-music-nomad","7":"product_cat-accesorios","8":"product_cat-cuidado-y-proteccion","9":"product_cat-para-alientos-estuches-y-fundas","10":"product_shipping_class-0-5-kg","12":"first","13":"outofstock","14":"taxable","15":"shipping-taxable","16":"purchasable","17":"product-type-simple"},"yoast_head":"<!-- This site is optimized with the Yoast SEO plugin v27.5 - https:\/\/yoast.com\/product\/yoast-seo-wordpress\/ -->\n<title>CEPILLO MUSIC NOMAD P\/TROMPETA MOD. MN761 - Mexican Guitar Players<\/title>\n<meta name=\"description\" content=\"Cepillo para trompeta, innovador dise\u00f1o de serpiente flexible y sin enredos, se desenrolla f\u00e1cilmente para facilitar su uso, cuenta con un forro impermeable especial que no contiene PVC ni vinilo, las fibras de calidad profesional son la resistencia a la tracci\u00f3n perfecta que necesitas para una limpieza eficaz de la suciedad y la saliva, 34\u201d pulgadas (86 cm) de largo, n\u00facleo de acero inoxidable para mayor resistencia y durabilidad, recubierto con nuestro revestimiento impermeable para proteger el acabado de tu instrumento, viene con una pr\u00e1ctica bolsa de almacenamiento con cierre hecha con material PET\/PE reciclable.\" \/>\n<meta name=\"robots\" content=\"index, follow, max-snippet:-1, max-image-preview:large, max-video-preview:-1\" \/>\n<link rel=\"canonical\" href=\"https:\/\/www.mexicanguitarplayers.com\/en\/tienda\/sin%20categor\u00eda\/cepillo-music-nomad-p-trompeta-mod-mn761\/\" \/>\n<meta property=\"og:locale\" content=\"en_US\" \/>\n<meta property=\"og:type\" content=\"article\" \/>\n<meta property=\"og:title\" content=\"CEPILLO MUSIC NOMAD P\/TROMPETA MOD. MN761 - Mexican Guitar Players\" \/>\n<meta property=\"og:description\" content=\"Cepillo para trompeta, innovador dise\u00f1o de serpiente flexible y sin enredos, se desenrolla f\u00e1cilmente para facilitar su uso, cuenta con un forro impermeable especial que no contiene PVC ni vinilo, las fibras de calidad profesional son la resistencia a la tracci\u00f3n perfecta que necesitas para una limpieza eficaz de la suciedad y la saliva, 34\u201d pulgadas (86 cm) de largo, n\u00facleo de acero inoxidable para mayor resistencia y durabilidad, recubierto con nuestro revestimiento impermeable para proteger el acabado de tu instrumento, viene con una pr\u00e1ctica bolsa de almacenamiento con cierre hecha con material PET\/PE reciclable.\" \/>\n<meta property=\"og:url\" content=\"https:\/\/www.mexicanguitarplayers.com\/en\/tienda\/sin categor\u00eda\/cepillo-music-nomad-p-trompeta-mod-mn761\/\" \/>\n<meta property=\"og:site_name\" content=\"Mexican Guitar Players\" \/>\n<meta property=\"article:modified_time\" content=\"2026-04-10T10:25:42+00:00\" \/>\n<meta name=\"twitter:card\" content=\"summary_large_image\" \/>\n<meta name=\"twitter:label1\" content=\"Est. reading time\" \/>\n\t<meta name=\"twitter:data1\" content=\"1 minute\" \/>\n<script type=\"application\/ld+json\" class=\"yoast-schema-graph\">{\"@context\":\"https:\\\/\\\/schema.org\",\"@graph\":[{\"@type\":[\"WebPage\",\"ItemPage\"],\"@id\":\"https:\\\/\\\/www.mexicanguitarplayers.com\\\/tienda\\\/sin categor\u00eda\\\/cepillo-music-nomad-p-trompeta-mod-mn761\\\/\",\"url\":\"https:\\\/\\\/www.mexicanguitarplayers.com\\\/tienda\\\/sin categor\u00eda\\\/cepillo-music-nomad-p-trompeta-mod-mn761\\\/\",\"name\":\"CEPILLO MUSIC NOMAD P\\\/TROMPETA MOD. MN761 - Mexican Guitar Players\",\"isPartOf\":{\"@id\":\"https:\\\/\\\/www.mexicanguitarplayers.com\\\/#website\"},\"primaryImageOfPage\":{\"@id\":\"https:\\\/\\\/www.mexicanguitarplayers.com\\\/tienda\\\/sin categor\u00eda\\\/cepillo-music-nomad-p-trompeta-mod-mn761\\\/#primaryimage\"},\"image\":{\"@id\":\"https:\\\/\\\/www.mexicanguitarplayers.com\\\/tienda\\\/sin categor\u00eda\\\/cepillo-music-nomad-p-trompeta-mod-mn761\\\/#primaryimage\"},\"thumbnailUrl\":\"https:\\\/\\\/www.mexicanguitarplayers.com\\\/wp-content\\\/uploads\\\/2025\\\/04\\\/RAMNDMN761.jpg\",\"datePublished\":\"2025-04-09T11:29:30+00:00\",\"dateModified\":\"2026-04-10T10:25:42+00:00\",\"description\":\"Cepillo para trompeta, innovador dise\u00f1o de serpiente flexible y sin enredos, se desenrolla f\u00e1cilmente para facilitar su uso, cuenta con un forro impermeable especial que no contiene PVC ni vinilo, las fibras de calidad profesional son la resistencia a la tracci\u00f3n perfecta que necesitas para una limpieza eficaz de la suciedad y la saliva, 34\u201d pulgadas (86 cm) de largo, n\u00facleo de acero inoxidable para mayor resistencia y durabilidad, recubierto con nuestro revestimiento impermeable para proteger el acabado de tu instrumento, viene con una pr\u00e1ctica bolsa de almacenamiento con cierre hecha con material PET\\\/PE reciclable.\",\"breadcrumb\":{\"@id\":\"https:\\\/\\\/www.mexicanguitarplayers.com\\\/tienda\\\/sin categor\u00eda\\\/cepillo-music-nomad-p-trompeta-mod-mn761\\\/#breadcrumb\"},\"inLanguage\":\"en-US\",\"potentialAction\":[{\"@type\":\"ReadAction\",\"target\":[\"https:\\\/\\\/www.mexicanguitarplayers.com\\\/tienda\\\/sin categor\u00eda\\\/cepillo-music-nomad-p-trompeta-mod-mn761\\\/\"]}]},{\"@type\":\"ImageObject\",\"inLanguage\":\"en-US\",\"@id\":\"https:\\\/\\\/www.mexicanguitarplayers.com\\\/tienda\\\/sin categor\u00eda\\\/cepillo-music-nomad-p-trompeta-mod-mn761\\\/#primaryimage\",\"url\":\"https:\\\/\\\/www.mexicanguitarplayers.com\\\/wp-content\\\/uploads\\\/2025\\\/04\\\/RAMNDMN761.jpg\",\"contentUrl\":\"https:\\\/\\\/www.mexicanguitarplayers.com\\\/wp-content\\\/uploads\\\/2025\\\/04\\\/RAMNDMN761.jpg\",\"width\":1200,\"height\":1200},{\"@type\":\"BreadcrumbList\",\"@id\":\"https:\\\/\\\/www.mexicanguitarplayers.com\\\/tienda\\\/sin categor\u00eda\\\/cepillo-music-nomad-p-trompeta-mod-mn761\\\/#breadcrumb\",\"itemListElement\":[{\"@type\":\"ListItem\",\"position\":1,\"name\":\"Portada\",\"item\":\"https:\\\/\\\/www.mexicanguitarplayers.com\\\/\"},{\"@type\":\"ListItem\",\"position\":2,\"name\":\"Tienda\",\"item\":\"https:\\\/\\\/www.mexicanguitarplayers.com\\\/tienda\\\/\"},{\"@type\":\"ListItem\",\"position\":3,\"name\":\"CEPILLO MUSIC NOMAD P\\\/TROMPETA MOD. MN761\"}]},{\"@type\":\"WebSite\",\"@id\":\"https:\\\/\\\/www.mexicanguitarplayers.com\\\/#website\",\"url\":\"https:\\\/\\\/www.mexicanguitarplayers.com\\\/\",\"name\":\"Mexican Guitar Players\",\"description\":\"Website\",\"publisher\":{\"@id\":\"https:\\\/\\\/www.mexicanguitarplayers.com\\\/#organization\"},\"potentialAction\":[{\"@type\":\"SearchAction\",\"target\":{\"@type\":\"EntryPoint\",\"urlTemplate\":\"https:\\\/\\\/www.mexicanguitarplayers.com\\\/?s={search_term_string}\"},\"query-input\":{\"@type\":\"PropertyValueSpecification\",\"valueRequired\":true,\"valueName\":\"search_term_string\"}}],\"inLanguage\":\"en-US\"},{\"@type\":\"Organization\",\"@id\":\"https:\\\/\\\/www.mexicanguitarplayers.com\\\/#organization\",\"name\":\"Mexican Guitar Players\",\"url\":\"https:\\\/\\\/www.mexicanguitarplayers.com\\\/\",\"logo\":{\"@type\":\"ImageObject\",\"inLanguage\":\"en-US\",\"@id\":\"https:\\\/\\\/www.mexicanguitarplayers.com\\\/#\\\/schema\\\/logo\\\/image\\\/\",\"url\":\"\",\"contentUrl\":\"\",\"caption\":\"Mexican Guitar Players\"},\"image\":{\"@id\":\"https:\\\/\\\/www.mexicanguitarplayers.com\\\/#\\\/schema\\\/logo\\\/image\\\/\"}}]}<\/script>\n<!-- \/ Yoast SEO plugin. -->","yoast_head_json":{"title":"CEPILLO MUSIC NOMAD P\/TROMPETA MOD. MN761 - Mexican Guitar Players","description":"Cepillo para trompeta, innovador dise\u00f1o de serpiente flexible y sin enredos, se desenrolla f\u00e1cilmente para facilitar su uso, cuenta con un forro impermeable especial que no contiene PVC ni vinilo, las fibras de calidad profesional son la resistencia a la tracci\u00f3n perfecta que necesitas para una limpieza eficaz de la suciedad y la saliva, 34\u201d pulgadas (86 cm) de largo, n\u00facleo de acero inoxidable para mayor resistencia y durabilidad, recubierto con nuestro revestimiento impermeable para proteger el acabado de tu instrumento, viene con una pr\u00e1ctica bolsa de almacenamiento con cierre hecha con material PET\/PE reciclable.","robots":{"index":"index","follow":"follow","max-snippet":"max-snippet:-1","max-image-preview":"max-image-preview:large","max-video-preview":"max-video-preview:-1"},"canonical":"https:\/\/www.mexicanguitarplayers.com\/en\/tienda\/sin categor\u00eda\/cepillo-music-nomad-p-trompeta-mod-mn761\/","og_locale":"en_US","og_type":"article","og_title":"CEPILLO MUSIC NOMAD P\/TROMPETA MOD. MN761 - Mexican Guitar Players","og_description":"Cepillo para trompeta, innovador dise\u00f1o de serpiente flexible y sin enredos, se desenrolla f\u00e1cilmente para facilitar su uso, cuenta con un forro impermeable especial que no contiene PVC ni vinilo, las fibras de calidad profesional son la resistencia a la tracci\u00f3n perfecta que necesitas para una limpieza eficaz de la suciedad y la saliva, 34\u201d pulgadas (86 cm) de largo, n\u00facleo de acero inoxidable para mayor resistencia y durabilidad, recubierto con nuestro revestimiento impermeable para proteger el acabado de tu instrumento, viene con una pr\u00e1ctica bolsa de almacenamiento con cierre hecha con material PET\/PE reciclable.","og_url":"https:\/\/www.mexicanguitarplayers.com\/en\/tienda\/sin categor\u00eda\/cepillo-music-nomad-p-trompeta-mod-mn761\/","og_site_name":"Mexican Guitar Players","article_modified_time":"2026-04-10T10:25:42+00:00","twitter_card":"summary_large_image","twitter_misc":{"Est. reading time":"1 minute"},"schema":{"@context":"https:\/\/schema.org","@graph":[{"@type":["WebPage","ItemPage"],"@id":"https:\/\/www.mexicanguitarplayers.com\/tienda\/sin categor\u00eda\/cepillo-music-nomad-p-trompeta-mod-mn761\/","url":"https:\/\/www.mexicanguitarplayers.com\/tienda\/sin categor\u00eda\/cepillo-music-nomad-p-trompeta-mod-mn761\/","name":"CEPILLO MUSIC NOMAD P\/TROMPETA MOD. MN761 - Mexican Guitar Players","isPartOf":{"@id":"https:\/\/www.mexicanguitarplayers.com\/#website"},"primaryImageOfPage":{"@id":"https:\/\/www.mexicanguitarplayers.com\/tienda\/sin categor\u00eda\/cepillo-music-nomad-p-trompeta-mod-mn761\/#primaryimage"},"image":{"@id":"https:\/\/www.mexicanguitarplayers.com\/tienda\/sin categor\u00eda\/cepillo-music-nomad-p-trompeta-mod-mn761\/#primaryimage"},"thumbnailUrl":"https:\/\/www.mexicanguitarplayers.com\/wp-content\/uploads\/2025\/04\/RAMNDMN761.jpg","datePublished":"2025-04-09T11:29:30+00:00","dateModified":"2026-04-10T10:25:42+00:00","description":"Cepillo para trompeta, innovador dise\u00f1o de serpiente flexible y sin enredos, se desenrolla f\u00e1cilmente para facilitar su uso, cuenta con un forro impermeable especial que no contiene PVC ni vinilo, las fibras de calidad profesional son la resistencia a la tracci\u00f3n perfecta que necesitas para una limpieza eficaz de la suciedad y la saliva, 34\u201d pulgadas (86 cm) de largo, n\u00facleo de acero inoxidable para mayor resistencia y durabilidad, recubierto con nuestro revestimiento impermeable para proteger el acabado de tu instrumento, viene con una pr\u00e1ctica bolsa de almacenamiento con cierre hecha con material PET\/PE reciclable.","breadcrumb":{"@id":"https:\/\/www.mexicanguitarplayers.com\/tienda\/sin categor\u00eda\/cepillo-music-nomad-p-trompeta-mod-mn761\/#breadcrumb"},"inLanguage":"en-US","potentialAction":[{"@type":"ReadAction","target":["https:\/\/www.mexicanguitarplayers.com\/tienda\/sin categor\u00eda\/cepillo-music-nomad-p-trompeta-mod-mn761\/"]}]},{"@type":"ImageObject","inLanguage":"en-US","@id":"https:\/\/www.mexicanguitarplayers.com\/tienda\/sin categor\u00eda\/cepillo-music-nomad-p-trompeta-mod-mn761\/#primaryimage","url":"https:\/\/www.mexicanguitarplayers.com\/wp-content\/uploads\/2025\/04\/RAMNDMN761.jpg","contentUrl":"https:\/\/www.mexicanguitarplayers.com\/wp-content\/uploads\/2025\/04\/RAMNDMN761.jpg","width":1200,"height":1200},{"@type":"BreadcrumbList","@id":"https:\/\/www.mexicanguitarplayers.com\/tienda\/sin categor\u00eda\/cepillo-music-nomad-p-trompeta-mod-mn761\/#breadcrumb","itemListElement":[{"@type":"ListItem","position":1,"name":"Portada","item":"https:\/\/www.mexicanguitarplayers.com\/"},{"@type":"ListItem","position":2,"name":"Tienda","item":"https:\/\/www.mexicanguitarplayers.com\/tienda\/"},{"@type":"ListItem","position":3,"name":"CEPILLO MUSIC NOMAD P\/TROMPETA MOD. MN761"}]},{"@type":"WebSite","@id":"https:\/\/www.mexicanguitarplayers.com\/#website","url":"https:\/\/www.mexicanguitarplayers.com\/","name":"Mexican Guitar Players","description":"Website","publisher":{"@id":"https:\/\/www.mexicanguitarplayers.com\/#organization"},"potentialAction":[{"@type":"SearchAction","target":{"@type":"EntryPoint","urlTemplate":"https:\/\/www.mexicanguitarplayers.com\/?s={search_term_string}"},"query-input":{"@type":"PropertyValueSpecification","valueRequired":true,"valueName":"search_term_string"}}],"inLanguage":"en-US"},{"@type":"Organization","@id":"https:\/\/www.mexicanguitarplayers.com\/#organization","name":"Mexican Guitar Players","url":"https:\/\/www.mexicanguitarplayers.com\/","logo":{"@type":"ImageObject","inLanguage":"en-US","@id":"https:\/\/www.mexicanguitarplayers.com\/#\/schema\/logo\/image\/","url":"","contentUrl":"","caption":"Mexican Guitar Players"},"image":{"@id":"https:\/\/www.mexicanguitarplayers.com\/#\/schema\/logo\/image\/"}}]}},"brands":[{"id":622,"name":"MUSIC NOMAD","slug":"music-nomad"}],"_links":{"self":[{"href":"https:\/\/www.mexicanguitarplayers.com\/en\/wp-json\/wp\/v2\/product\/36853","targetHints":{"allow":["GET"]}}],"collection":[{"href":"https:\/\/www.mexicanguitarplayers.com\/en\/wp-json\/wp\/v2\/product"}],"about":[{"href":"https:\/\/www.mexicanguitarplayers.com\/en\/wp-json\/wp\/v2\/types\/product"}],"replies":[{"embeddable":true,"href":"https:\/\/www.mexicanguitarplayers.com\/en\/wp-json\/wp\/v2\/comments?post=36853"}],"wp:featuredmedia":[{"embeddable":true,"href":"https:\/\/www.mexicanguitarplayers.com\/en\/wp-json\/wp\/v2\/media\/36848"}],"wp:attachment":[{"href":"https:\/\/www.mexicanguitarplayers.com\/en\/wp-json\/wp\/v2\/media?parent=36853"}],"wp:term":[{"taxonomy":"pwb-brand","embeddable":true,"href":"https:\/\/www.mexicanguitarplayers.com\/en\/wp-json\/wp\/v2\/pwb-brand?post=36853"},{"taxonomy":"product_brand","embeddable":true,"href":"https:\/\/www.mexicanguitarplayers.com\/en\/wp-json\/wp\/v2\/product_brand?post=36853"},{"taxonomy":"product_cat","embeddable":true,"href":"https:\/\/www.mexicanguitarplayers.com\/en\/wp-json\/wp\/v2\/product_cat?post=36853"},{"taxonomy":"product_tag","embeddable":true,"href":"https:\/\/www.mexicanguitarplayers.com\/en\/wp-json\/wp\/v2\/product_tag?post=36853"}],"curies":[{"name":"wp","href":"https:\/\/api.w.org\/{rel}","templated":true}]}}