{"id":36882,"date":"2025-04-09T05:30:10","date_gmt":"2025-04-09T11:30:10","guid":{"rendered":"https:\/\/www.mexicanguitarplayers.com\/tienda\/sin categor\u00eda\/platillo-meinl-22-mod-pa22ehcr\/"},"modified":"2026-04-10T04:25:39","modified_gmt":"2026-04-10T10:25:39","slug":"platillo-meinl-22-mod-pa22ehcr","status":"publish","type":"product","link":"https:\/\/www.mexicanguitarplayers.com\/en\/tienda\/percusiones\/platillos\/crashes\/platillo-meinl-22-mod-pa22ehcr\/","title":{"rendered":"PLATILLO MEINL  22   MOD. PA22EHCR"},"content":{"rendered":"<div style=\"text-align: justify\">\n<div>\n<h3>PLATILLO MEINL  22   MOD. PA22EHCR<\/h3>\n<\/div>\n<div>El Pure Alloy Extra Hammered Crash-Ride es un platillo en el que puedes confiar, y al llevarlo a un concierto, funcionar\u00e1 como lo necesites. Como crash, se abre f\u00e1cilmente con una voz c\u00e1lida y un sustain medio que le permite ser utilizado en cualquier aplicaci\u00f3n musical. Como ride, presenta una gran separaci\u00f3n entre la definici\u00f3n de baqueta en la parte superior y el lavado c\u00e1lido debajo, y la campana es clara y pronunciada, proporcionando mucho corte cuando es necesario. Este es un platillo del que cualquier baterista en actividad se beneficiar\u00eda al tenerlo en su juego de platillos.<\/div>\n<div>\n<h4>Characteristics<\/h4>\n<\/div>\n<div>\n<ul style=\"margin: 0px 0px 0px 25px\">\n<li style=\"list-style-type: circle;margin: 5px\">Characteristics:<\/li>\n<li style=\"list-style-type: circle;margin: 5px\">Tipo de platillo:<\/li>\n<li style=\"list-style-type: circle;margin: 5px\">Weight:<\/li>\n<li style=\"list-style-type: circle;margin: 5px\">Tama\u00f1o:<\/li>\n<li style=\"list-style-type: circle;margin: 5px\">Paso:<\/li>\n<li style=\"list-style-type: circle;margin: 5px\">Volumen:<\/li>\n<li style=\"list-style-type: circle;margin: 5px\">Personaje:<\/li>\n<li style=\"list-style-type: circle;margin: 5px\">Torno:<\/li>\n<li style=\"list-style-type: circle;margin: 5px\">Timbre:<\/li>\n<li style=\"list-style-type: circle;margin: 5px\">Sostener:<\/li>\n<\/ul>\n<\/div>\n<\/div>","protected":false},"excerpt":{"rendered":"<p>El Pure Alloy Extra Hammered Crash-Ride de 22\u201d ofrece una versatilidad excepcional gracias a su dise\u00f1o meticuloso con martilleo computarizado en Alemania. Con un peso medio delgado y un tama\u00f1o generoso, es adecuado para una amplia gama de estilos musicales. Su car\u00e1cter brillante y claridad distintiva lo hacen destacar, con un timbre medio oscuro y un volumen moderado a bajo. Este platillo garantiza un rendimiento confiable con su precisi\u00f3n en el torno y un sostenimiento medio a corto. Fabricado con aleaci\u00f3n pura y sometido a un martilleo computarizado de alta calidad, es f\u00e1cil de limpiar y mantener con productos especializados de Meinl. Ya sea como crash o ride, ofrece una apertura suave con una voz c\u00e1lida y un sustain medio, as\u00ed como una gran separaci\u00f3n entre la definici\u00f3n de baqueta en la parte superior y el lavado c\u00e1lido debajo. Su campana clara y pronunciada proporciona mucho corte cuando sea necesario. En resumen, este es un platillo imprescindible para cualquier baterista en activo, ofreciendo un sonido atemporal y una calidad excepcional para cualquier situaci\u00f3n musical.&hellip; <a class=\"kt-excerpt-readmore more-link\" href=\"https:\/\/www.mexicanguitarplayers.com\/en\/tienda\/percusiones\/platillos\/crashes\/platillo-meinl-22-mod-pa22ehcr\/\">Read more<\/a><\/p>","protected":false},"featured_media":36876,"comment_status":"open","ping_status":"closed","template":"","meta":{"kt_blocks_editor_width":""},"pwb-brand":[290],"product_brand":[],"product_cat":[285,208,260],"product_tag":[],"class_list":{"0":"post-36882","1":"product","2":"type-product","3":"status-publish","4":"has-post-thumbnail","6":"pwb-brand-meinl","7":"product_cat-crashes","8":"product_cat-percusiones","9":"product_cat-platillos","10":"product_shipping_class-0-5-kg","12":"first","13":"outofstock","14":"taxable","15":"shipping-taxable","16":"purchasable","17":"product-type-simple"},"yoast_head":"<!-- This site is optimized with the Yoast SEO plugin v27.6 - https:\/\/yoast.com\/product\/yoast-seo-wordpress\/ -->\n<title>PLATILLO MEINL 22  MOD. PA22EHCR - Mexican Guitar Players<\/title>\n<meta name=\"description\" content=\"El Pure Alloy Extra Hammered Crash-Ride de 22\u201d ofrece una versatilidad excepcional gracias a su dise\u00f1o meticuloso con martilleo computarizado en Alemania. Con un peso medio delgado y un tama\u00f1o generoso, es adecuado para una amplia gama de estilos musicales. Su car\u00e1cter brillante y claridad distintiva lo hacen destacar, con un timbre medio oscuro y un volumen moderado a bajo. Este platillo garantiza un rendimiento confiable con su precisi\u00f3n en el torno y un sostenimiento medio a corto. Fabricado con aleaci\u00f3n pura y sometido a un martilleo computarizado de alta calidad, es f\u00e1cil de limpiar y mantener con productos especializados de Meinl. Ya sea como crash o ride, ofrece una apertura suave con una voz c\u00e1lida y un sustain medio, as\u00ed como una gran separaci\u00f3n entre la definici\u00f3n de baqueta en la parte superior y el lavado c\u00e1lido debajo. Su campana clara y pronunciada proporciona mucho corte cuando sea necesario. En resumen, este es un platillo imprescindible para cualquier baterista en activo, ofreciendo un sonido atemporal y una calidad excepcional para cualquier situaci\u00f3n musical.\" \/>\n<meta name=\"robots\" content=\"index, follow, max-snippet:-1, max-image-preview:large, max-video-preview:-1\" \/>\n<link rel=\"canonical\" href=\"https:\/\/www.mexicanguitarplayers.com\/en\/tienda\/sin%20categor\u00eda\/platillo-meinl-22-mod-pa22ehcr\/\" \/>\n<meta property=\"og:locale\" content=\"en_US\" \/>\n<meta property=\"og:type\" content=\"article\" \/>\n<meta property=\"og:title\" content=\"PLATILLO MEINL 22  MOD. PA22EHCR - Mexican Guitar Players\" \/>\n<meta property=\"og:description\" content=\"El Pure Alloy Extra Hammered Crash-Ride de 22\u201d ofrece una versatilidad excepcional gracias a su dise\u00f1o meticuloso con martilleo computarizado en Alemania. Con un peso medio delgado y un tama\u00f1o generoso, es adecuado para una amplia gama de estilos musicales. Su car\u00e1cter brillante y claridad distintiva lo hacen destacar, con un timbre medio oscuro y un volumen moderado a bajo. Este platillo garantiza un rendimiento confiable con su precisi\u00f3n en el torno y un sostenimiento medio a corto. Fabricado con aleaci\u00f3n pura y sometido a un martilleo computarizado de alta calidad, es f\u00e1cil de limpiar y mantener con productos especializados de Meinl. Ya sea como crash o ride, ofrece una apertura suave con una voz c\u00e1lida y un sustain medio, as\u00ed como una gran separaci\u00f3n entre la definici\u00f3n de baqueta en la parte superior y el lavado c\u00e1lido debajo. Su campana clara y pronunciada proporciona mucho corte cuando sea necesario. En resumen, este es un platillo imprescindible para cualquier baterista en activo, ofreciendo un sonido atemporal y una calidad excepcional para cualquier situaci\u00f3n musical.\" \/>\n<meta property=\"og:url\" content=\"https:\/\/www.mexicanguitarplayers.com\/en\/tienda\/sin categor\u00eda\/platillo-meinl-22-mod-pa22ehcr\/\" \/>\n<meta property=\"og:site_name\" content=\"Mexican Guitar Players\" \/>\n<meta property=\"article:modified_time\" content=\"2026-04-10T10:25:39+00:00\" \/>\n<meta name=\"twitter:card\" content=\"summary_large_image\" \/>\n<meta name=\"twitter:label1\" content=\"Est. reading time\" \/>\n\t<meta name=\"twitter:data1\" content=\"1 minute\" \/>\n<script type=\"application\/ld+json\" class=\"yoast-schema-graph\">{\"@context\":\"https:\\\/\\\/schema.org\",\"@graph\":[{\"@type\":[\"WebPage\",\"ItemPage\"],\"@id\":\"https:\\\/\\\/www.mexicanguitarplayers.com\\\/tienda\\\/sin categor\u00eda\\\/platillo-meinl-22-mod-pa22ehcr\\\/\",\"url\":\"https:\\\/\\\/www.mexicanguitarplayers.com\\\/tienda\\\/sin categor\u00eda\\\/platillo-meinl-22-mod-pa22ehcr\\\/\",\"name\":\"PLATILLO MEINL 22 MOD. PA22EHCR - Mexican Guitar Players\",\"isPartOf\":{\"@id\":\"https:\\\/\\\/www.mexicanguitarplayers.com\\\/#website\"},\"primaryImageOfPage\":{\"@id\":\"https:\\\/\\\/www.mexicanguitarplayers.com\\\/tienda\\\/sin categor\u00eda\\\/platillo-meinl-22-mod-pa22ehcr\\\/#primaryimage\"},\"image\":{\"@id\":\"https:\\\/\\\/www.mexicanguitarplayers.com\\\/tienda\\\/sin categor\u00eda\\\/platillo-meinl-22-mod-pa22ehcr\\\/#primaryimage\"},\"thumbnailUrl\":\"https:\\\/\\\/www.mexicanguitarplayers.com\\\/wp-content\\\/uploads\\\/2025\\\/04\\\/IPMEIPA22EHCR.jpg\",\"datePublished\":\"2025-04-09T11:30:10+00:00\",\"dateModified\":\"2026-04-10T10:25:39+00:00\",\"description\":\"El Pure Alloy Extra Hammered Crash-Ride de 22\u201d ofrece una versatilidad excepcional gracias a su dise\u00f1o meticuloso con martilleo computarizado en Alemania. Con un peso medio delgado y un tama\u00f1o generoso, es adecuado para una amplia gama de estilos musicales. Su car\u00e1cter brillante y claridad distintiva lo hacen destacar, con un timbre medio oscuro y un volumen moderado a bajo. Este platillo garantiza un rendimiento confiable con su precisi\u00f3n en el torno y un sostenimiento medio a corto. Fabricado con aleaci\u00f3n pura y sometido a un martilleo computarizado de alta calidad, es f\u00e1cil de limpiar y mantener con productos especializados de Meinl. Ya sea como crash o ride, ofrece una apertura suave con una voz c\u00e1lida y un sustain medio, as\u00ed como una gran separaci\u00f3n entre la definici\u00f3n de baqueta en la parte superior y el lavado c\u00e1lido debajo. Su campana clara y pronunciada proporciona mucho corte cuando sea necesario. En resumen, este es un platillo imprescindible para cualquier baterista en activo, ofreciendo un sonido atemporal y una calidad excepcional para cualquier situaci\u00f3n musical.\",\"breadcrumb\":{\"@id\":\"https:\\\/\\\/www.mexicanguitarplayers.com\\\/tienda\\\/sin categor\u00eda\\\/platillo-meinl-22-mod-pa22ehcr\\\/#breadcrumb\"},\"inLanguage\":\"en-US\",\"potentialAction\":[{\"@type\":\"ReadAction\",\"target\":[\"https:\\\/\\\/www.mexicanguitarplayers.com\\\/tienda\\\/sin categor\u00eda\\\/platillo-meinl-22-mod-pa22ehcr\\\/\"]}]},{\"@type\":\"ImageObject\",\"inLanguage\":\"en-US\",\"@id\":\"https:\\\/\\\/www.mexicanguitarplayers.com\\\/tienda\\\/sin categor\u00eda\\\/platillo-meinl-22-mod-pa22ehcr\\\/#primaryimage\",\"url\":\"https:\\\/\\\/www.mexicanguitarplayers.com\\\/wp-content\\\/uploads\\\/2025\\\/04\\\/IPMEIPA22EHCR.jpg\",\"contentUrl\":\"https:\\\/\\\/www.mexicanguitarplayers.com\\\/wp-content\\\/uploads\\\/2025\\\/04\\\/IPMEIPA22EHCR.jpg\",\"width\":1200,\"height\":1200},{\"@type\":\"BreadcrumbList\",\"@id\":\"https:\\\/\\\/www.mexicanguitarplayers.com\\\/tienda\\\/sin categor\u00eda\\\/platillo-meinl-22-mod-pa22ehcr\\\/#breadcrumb\",\"itemListElement\":[{\"@type\":\"ListItem\",\"position\":1,\"name\":\"Portada\",\"item\":\"https:\\\/\\\/www.mexicanguitarplayers.com\\\/\"},{\"@type\":\"ListItem\",\"position\":2,\"name\":\"Tienda\",\"item\":\"https:\\\/\\\/www.mexicanguitarplayers.com\\\/tienda\\\/\"},{\"@type\":\"ListItem\",\"position\":3,\"name\":\"PLATILLO MEINL 22 MOD. PA22EHCR\"}]},{\"@type\":\"WebSite\",\"@id\":\"https:\\\/\\\/www.mexicanguitarplayers.com\\\/#website\",\"url\":\"https:\\\/\\\/www.mexicanguitarplayers.com\\\/\",\"name\":\"Mexican Guitar Players\",\"description\":\"Website\",\"publisher\":{\"@id\":\"https:\\\/\\\/www.mexicanguitarplayers.com\\\/#organization\"},\"potentialAction\":[{\"@type\":\"SearchAction\",\"target\":{\"@type\":\"EntryPoint\",\"urlTemplate\":\"https:\\\/\\\/www.mexicanguitarplayers.com\\\/?s={search_term_string}\"},\"query-input\":{\"@type\":\"PropertyValueSpecification\",\"valueRequired\":true,\"valueName\":\"search_term_string\"}}],\"inLanguage\":\"en-US\"},{\"@type\":\"Organization\",\"@id\":\"https:\\\/\\\/www.mexicanguitarplayers.com\\\/#organization\",\"name\":\"Mexican Guitar Players\",\"url\":\"https:\\\/\\\/www.mexicanguitarplayers.com\\\/\",\"logo\":{\"@type\":\"ImageObject\",\"inLanguage\":\"en-US\",\"@id\":\"https:\\\/\\\/www.mexicanguitarplayers.com\\\/#\\\/schema\\\/logo\\\/image\\\/\",\"url\":\"\",\"contentUrl\":\"\",\"caption\":\"Mexican Guitar Players\"},\"image\":{\"@id\":\"https:\\\/\\\/www.mexicanguitarplayers.com\\\/#\\\/schema\\\/logo\\\/image\\\/\"}}]}<\/script>\n<!-- \/ Yoast SEO plugin. -->","yoast_head_json":{"title":"PLATILLO MEINL 22  MOD. PA22EHCR - Mexican Guitar Players","description":"El Pure Alloy Extra Hammered Crash-Ride de 22\u201d ofrece una versatilidad excepcional gracias a su dise\u00f1o meticuloso con martilleo computarizado en Alemania. Con un peso medio delgado y un tama\u00f1o generoso, es adecuado para una amplia gama de estilos musicales. Su car\u00e1cter brillante y claridad distintiva lo hacen destacar, con un timbre medio oscuro y un volumen moderado a bajo. Este platillo garantiza un rendimiento confiable con su precisi\u00f3n en el torno y un sostenimiento medio a corto. Fabricado con aleaci\u00f3n pura y sometido a un martilleo computarizado de alta calidad, es f\u00e1cil de limpiar y mantener con productos especializados de Meinl. Ya sea como crash o ride, ofrece una apertura suave con una voz c\u00e1lida y un sustain medio, as\u00ed como una gran separaci\u00f3n entre la definici\u00f3n de baqueta en la parte superior y el lavado c\u00e1lido debajo. Su campana clara y pronunciada proporciona mucho corte cuando sea necesario. En resumen, este es un platillo imprescindible para cualquier baterista en activo, ofreciendo un sonido atemporal y una calidad excepcional para cualquier situaci\u00f3n musical.","robots":{"index":"index","follow":"follow","max-snippet":"max-snippet:-1","max-image-preview":"max-image-preview:large","max-video-preview":"max-video-preview:-1"},"canonical":"https:\/\/www.mexicanguitarplayers.com\/en\/tienda\/sin categor\u00eda\/platillo-meinl-22-mod-pa22ehcr\/","og_locale":"en_US","og_type":"article","og_title":"PLATILLO MEINL 22  MOD. PA22EHCR - Mexican Guitar Players","og_description":"El Pure Alloy Extra Hammered Crash-Ride de 22\u201d ofrece una versatilidad excepcional gracias a su dise\u00f1o meticuloso con martilleo computarizado en Alemania. Con un peso medio delgado y un tama\u00f1o generoso, es adecuado para una amplia gama de estilos musicales. Su car\u00e1cter brillante y claridad distintiva lo hacen destacar, con un timbre medio oscuro y un volumen moderado a bajo. Este platillo garantiza un rendimiento confiable con su precisi\u00f3n en el torno y un sostenimiento medio a corto. Fabricado con aleaci\u00f3n pura y sometido a un martilleo computarizado de alta calidad, es f\u00e1cil de limpiar y mantener con productos especializados de Meinl. Ya sea como crash o ride, ofrece una apertura suave con una voz c\u00e1lida y un sustain medio, as\u00ed como una gran separaci\u00f3n entre la definici\u00f3n de baqueta en la parte superior y el lavado c\u00e1lido debajo. Su campana clara y pronunciada proporciona mucho corte cuando sea necesario. En resumen, este es un platillo imprescindible para cualquier baterista en activo, ofreciendo un sonido atemporal y una calidad excepcional para cualquier situaci\u00f3n musical.","og_url":"https:\/\/www.mexicanguitarplayers.com\/en\/tienda\/sin categor\u00eda\/platillo-meinl-22-mod-pa22ehcr\/","og_site_name":"Mexican Guitar Players","article_modified_time":"2026-04-10T10:25:39+00:00","twitter_card":"summary_large_image","twitter_misc":{"Est. reading time":"1 minute"},"schema":{"@context":"https:\/\/schema.org","@graph":[{"@type":["WebPage","ItemPage"],"@id":"https:\/\/www.mexicanguitarplayers.com\/tienda\/sin categor\u00eda\/platillo-meinl-22-mod-pa22ehcr\/","url":"https:\/\/www.mexicanguitarplayers.com\/tienda\/sin categor\u00eda\/platillo-meinl-22-mod-pa22ehcr\/","name":"PLATILLO MEINL 22 MOD. PA22EHCR - Mexican Guitar Players","isPartOf":{"@id":"https:\/\/www.mexicanguitarplayers.com\/#website"},"primaryImageOfPage":{"@id":"https:\/\/www.mexicanguitarplayers.com\/tienda\/sin categor\u00eda\/platillo-meinl-22-mod-pa22ehcr\/#primaryimage"},"image":{"@id":"https:\/\/www.mexicanguitarplayers.com\/tienda\/sin categor\u00eda\/platillo-meinl-22-mod-pa22ehcr\/#primaryimage"},"thumbnailUrl":"https:\/\/www.mexicanguitarplayers.com\/wp-content\/uploads\/2025\/04\/IPMEIPA22EHCR.jpg","datePublished":"2025-04-09T11:30:10+00:00","dateModified":"2026-04-10T10:25:39+00:00","description":"El Pure Alloy Extra Hammered Crash-Ride de 22\u201d ofrece una versatilidad excepcional gracias a su dise\u00f1o meticuloso con martilleo computarizado en Alemania. Con un peso medio delgado y un tama\u00f1o generoso, es adecuado para una amplia gama de estilos musicales. Su car\u00e1cter brillante y claridad distintiva lo hacen destacar, con un timbre medio oscuro y un volumen moderado a bajo. Este platillo garantiza un rendimiento confiable con su precisi\u00f3n en el torno y un sostenimiento medio a corto. Fabricado con aleaci\u00f3n pura y sometido a un martilleo computarizado de alta calidad, es f\u00e1cil de limpiar y mantener con productos especializados de Meinl. Ya sea como crash o ride, ofrece una apertura suave con una voz c\u00e1lida y un sustain medio, as\u00ed como una gran separaci\u00f3n entre la definici\u00f3n de baqueta en la parte superior y el lavado c\u00e1lido debajo. Su campana clara y pronunciada proporciona mucho corte cuando sea necesario. En resumen, este es un platillo imprescindible para cualquier baterista en activo, ofreciendo un sonido atemporal y una calidad excepcional para cualquier situaci\u00f3n musical.","breadcrumb":{"@id":"https:\/\/www.mexicanguitarplayers.com\/tienda\/sin categor\u00eda\/platillo-meinl-22-mod-pa22ehcr\/#breadcrumb"},"inLanguage":"en-US","potentialAction":[{"@type":"ReadAction","target":["https:\/\/www.mexicanguitarplayers.com\/tienda\/sin categor\u00eda\/platillo-meinl-22-mod-pa22ehcr\/"]}]},{"@type":"ImageObject","inLanguage":"en-US","@id":"https:\/\/www.mexicanguitarplayers.com\/tienda\/sin categor\u00eda\/platillo-meinl-22-mod-pa22ehcr\/#primaryimage","url":"https:\/\/www.mexicanguitarplayers.com\/wp-content\/uploads\/2025\/04\/IPMEIPA22EHCR.jpg","contentUrl":"https:\/\/www.mexicanguitarplayers.com\/wp-content\/uploads\/2025\/04\/IPMEIPA22EHCR.jpg","width":1200,"height":1200},{"@type":"BreadcrumbList","@id":"https:\/\/www.mexicanguitarplayers.com\/tienda\/sin categor\u00eda\/platillo-meinl-22-mod-pa22ehcr\/#breadcrumb","itemListElement":[{"@type":"ListItem","position":1,"name":"Portada","item":"https:\/\/www.mexicanguitarplayers.com\/"},{"@type":"ListItem","position":2,"name":"Tienda","item":"https:\/\/www.mexicanguitarplayers.com\/tienda\/"},{"@type":"ListItem","position":3,"name":"PLATILLO MEINL 22 MOD. PA22EHCR"}]},{"@type":"WebSite","@id":"https:\/\/www.mexicanguitarplayers.com\/#website","url":"https:\/\/www.mexicanguitarplayers.com\/","name":"Mexican Guitar Players","description":"Website","publisher":{"@id":"https:\/\/www.mexicanguitarplayers.com\/#organization"},"potentialAction":[{"@type":"SearchAction","target":{"@type":"EntryPoint","urlTemplate":"https:\/\/www.mexicanguitarplayers.com\/?s={search_term_string}"},"query-input":{"@type":"PropertyValueSpecification","valueRequired":true,"valueName":"search_term_string"}}],"inLanguage":"en-US"},{"@type":"Organization","@id":"https:\/\/www.mexicanguitarplayers.com\/#organization","name":"Mexican Guitar Players","url":"https:\/\/www.mexicanguitarplayers.com\/","logo":{"@type":"ImageObject","inLanguage":"en-US","@id":"https:\/\/www.mexicanguitarplayers.com\/#\/schema\/logo\/image\/","url":"","contentUrl":"","caption":"Mexican Guitar Players"},"image":{"@id":"https:\/\/www.mexicanguitarplayers.com\/#\/schema\/logo\/image\/"}}]}},"brands":[{"id":290,"name":"MEINL","slug":"meinl"}],"_links":{"self":[{"href":"https:\/\/www.mexicanguitarplayers.com\/en\/wp-json\/wp\/v2\/product\/36882","targetHints":{"allow":["GET"]}}],"collection":[{"href":"https:\/\/www.mexicanguitarplayers.com\/en\/wp-json\/wp\/v2\/product"}],"about":[{"href":"https:\/\/www.mexicanguitarplayers.com\/en\/wp-json\/wp\/v2\/types\/product"}],"replies":[{"embeddable":true,"href":"https:\/\/www.mexicanguitarplayers.com\/en\/wp-json\/wp\/v2\/comments?post=36882"}],"wp:featuredmedia":[{"embeddable":true,"href":"https:\/\/www.mexicanguitarplayers.com\/en\/wp-json\/wp\/v2\/media\/36876"}],"wp:attachment":[{"href":"https:\/\/www.mexicanguitarplayers.com\/en\/wp-json\/wp\/v2\/media?parent=36882"}],"wp:term":[{"taxonomy":"pwb-brand","embeddable":true,"href":"https:\/\/www.mexicanguitarplayers.com\/en\/wp-json\/wp\/v2\/pwb-brand?post=36882"},{"taxonomy":"product_brand","embeddable":true,"href":"https:\/\/www.mexicanguitarplayers.com\/en\/wp-json\/wp\/v2\/product_brand?post=36882"},{"taxonomy":"product_cat","embeddable":true,"href":"https:\/\/www.mexicanguitarplayers.com\/en\/wp-json\/wp\/v2\/product_cat?post=36882"},{"taxonomy":"product_tag","embeddable":true,"href":"https:\/\/www.mexicanguitarplayers.com\/en\/wp-json\/wp\/v2\/product_tag?post=36882"}],"curies":[{"name":"wp","href":"https:\/\/api.w.org\/{rel}","templated":true}]}}