{"id":36940,"date":"2025-04-09T05:31:31","date_gmt":"2025-04-09T11:31:31","guid":{"rendered":"https:\/\/www.mexicanguitarplayers.com\/tienda\/sin categor\u00eda\/armonica-hohner-2009-20-marine-band-cr\/"},"modified":"2026-04-10T04:25:35","modified_gmt":"2026-04-10T10:25:35","slug":"armonica-hohner-2009-20-marine-band-cr","status":"publish","type":"product","link":"https:\/\/www.mexicanguitarplayers.com\/en\/tienda\/alientos\/armonicas\/armonica-hohner-2009-20-marine-band-cr\/","title":{"rendered":"ARMONICA HOHNER 2009\/20   MARINE BAND CR"},"content":{"rendered":"<div style=\"text-align: justify\">\n<div>\n<h3>Vers\u00e1til, sostenible e incre\u00edble.<\/h3>\n<\/div>\n<div>Con la Crossover hemos ampliado la serie Marine Band para introducir un instrumento profesional de alta gama para el m\u00fasico exigente en el blues moderno, rock, jazz, soul o funk. El revolucionario peine de bamb\u00fa laminado (patentado) est\u00e1 completamente sellado, por lo que es repelente al agua y excepcionalmente estable. En combinaci\u00f3n con el tornillo de montaje de juntas, la Crossover es extremadamente herm\u00e9tica siempre con una r\u00e1pida respuesta y un \u00e1spero sonido de gran alcance y excepcionalmente bien adaptado para amplificar la reproducci\u00f3n as\u00ed como estilos ac\u00fasticos. La afinaci\u00f3n moderna es ideal para tocar con una sola nota en diferentes posiciones en un amplio rango de estilos contempor\u00e1neos, mientras conserva un acorde completo, haciendo que el Crossover sea una \u00f3ptima adici\u00f3n a la gran gama de Marine Band.<\/div>\n<div>\n<h4>Quick look<\/h4>\n<\/div>\n<ul style=\"margin: 0px 0px 0px 25px\">\n<li style=\"list-style-type: circle;margin: 5px\">Kind.<\/li>\n<li style=\"list-style-type: circle;margin: 5px\">Nota.<\/li>\n<li style=\"list-style-type: circle;margin: 5px\">Afinaci\u00f3n.<\/li>\n<li style=\"list-style-type: circle;margin: 5px\">N\u00famero de celdas.<\/li>\n<li style=\"list-style-type: circle;margin: 5px\">Leng\u00fcetas.<\/li>\n<li style=\"list-style-type: circle;margin: 5px\">Cubierta.<\/li>\n<li style=\"list-style-type: circle;margin: 5px\">Superficie de la cubierta.<\/li>\n<li style=\"list-style-type: circle;margin: 5px\">Placas de leng\u00fcetas.<\/li>\n<li style=\"list-style-type: circle;margin: 5px\">Superficie de placas de leng\u00fcetas.<\/li>\n<li style=\"list-style-type: circle;margin: 5px\">Superficie de la boquilla.<\/li>\n<li style=\"list-style-type: circle;margin: 5px\">Peine.<\/li>\n<li style=\"list-style-type: circle;margin: 5px\">Superficie del peine.<\/li>\n<li style=\"list-style-type: circle;margin: 5px\">Longitud.<\/li>\n<li style=\"list-style-type: circle;margin: 5px\">Equipamiento.<\/li>\n<li style=\"list-style-type: circle;margin: 5px\">Confort.<\/li>\n<li style=\"list-style-type: circle;margin: 5px\">Estuche.<\/li>\n<li style=\"list-style-type: circle;margin: 5px\">Lazo el\u00e1stico.<\/li>\n<\/ul>\n<div>\n<div style=\"font-weight: bold\">Kind.<\/div>\n<div>\n<p>Diat\u00f3nico.<\/p>\n<\/div>\n<div style=\"font-weight: bold\">Nota.<\/div>\n<div>\n<p>C, Db, D, Eb, E, F, F#, G, Ab, A, Bb, B.<\/p>\n<\/div>\n<div style=\"font-weight: bold\">Afinaci\u00f3n.<\/div>\n<div>\n<p>Richter.<\/p>\n<\/div>\n<div style=\"font-weight: bold\">N\u00famero de celdas.<\/div>\n<div>\n<p>10.<\/p>\n<\/div>\n<div style=\"font-weight: bold\">Leng\u00fcetas.<\/div>\n<div>\n<p>Lat\u00f3n, 20.Nuevos perfiles de leng\u00fcetas Hohner Classic que aseguran una larga vida y una \u00f3ptima respuesta de las leng\u00fcetas.<\/p>\n<\/div>\n<div style=\"font-weight: bold\">Cubierta.<\/div>\n<div>\n<p>Nuevo dise\u00f1o de cubierta mejorada que da mayor volumen y estabilidad, previniendo da\u00f1os a la leng\u00fceta.<\/p>\n<\/div>\n<div style=\"font-weight: bold\">Superficie de la cubierta.<\/div>\n<div>\n<p>Acero inoxidable.<\/p>\n<\/div>\n<div style=\"font-weight: bold\">Placas de leng\u00fcetas.<\/div>\n<div>\n<p>Lat\u00f3n, 0.9 mm.<\/p>\n<\/div>\n<div style=\"font-weight: bold\">Superficie de placas de leng\u00fcetas.<\/div>\n<div>\n<p>Lat\u00f3n.<\/p>\n<\/div>\n<div style=\"font-weight: bold\">Superficie de la boquilla.<\/div>\n<div>\n<p>Laqueado SuperGlide.<\/p>\n<\/div>\n<div style=\"font-weight: bold\">Peine.<\/div>\n<div>\n<p>Bamb\u00fa, rubio.Peine de bamb\u00fa laminado (patentado) un innovador material natural renovable.<\/p>\n<\/div>\n<div style=\"font-weight: bold\">Superficie del peine.<\/div>\n<div>\n<p>Laqueado triple.<\/p>\n<\/div>\n<div style=\"font-weight: bold\">Longitud.<\/div>\n<div>\n<p>10 cm.<\/p>\n<\/div>\n<div style=\"font-weight: bold\">Equipamiento.<\/div>\n<div>\n<p>Cubiertas y placas de leng\u00fcetas equipadas con tornillos Philips que permiten un sencillo montaje y desmontaje y facilitan el mantenimiento.<\/p>\n<\/div>\n<div style=\"font-weight: bold\">Confort.<\/div>\n<div>\n<p>Apertura de canal y bordes de placas de leng\u00fcetas para un mayor confort al tocar.<\/p>\n<\/div>\n<div style=\"font-weight: bold\">Estuche.<\/div>\n<div>\n<p>Estuche con cierre que permite que la humedad se evapore mientras mantiene fuera el polvo.<\/p>\n<\/div>\n<div style=\"font-weight: bold\">Lazo el\u00e1stico.<\/div>\n<div>\n<p>Pr\u00e1ctico lazo el\u00e1stico que permite que se pueda amarrar al cintur\u00f3n.<\/p>\n<\/div>\n<\/div>\n<div>\n<h4>Characteristics<\/h4>\n<\/div>\n<div>\n<ul style=\"margin: 0px 0px 0px 25px\">\n<li style=\"list-style-type: circle;margin: 5px\">Compatibilidad de construcci\u00f3n con la Marine Band Deluxe, as\u00ed como Thunderbird.<\/li>\n<li style=\"list-style-type: circle;margin: 5px\">Fabricada en Alemania.<\/li>\n<\/ul>\n<\/div>\n<\/div>","protected":false},"excerpt":{"rendered":"<p>Arm\u00f3nica diat\u00f3nica, nota: C, Db, D, Eb, E, F, F#, G, Ab, A, Bb, B, afinaci\u00f3n Richter, 10 celdas, 20 leng\u00fcetas de lat\u00f3n, cubierta mejorada que da mayor volumen yestabilidad, superficie de acero inoxidable, boquilla laqueada SuperGlide, peine de bamb\u00fa laminado, peine de laqueado triple, longitud: 10 cm, lazo el\u00e1stico, fabricada en Alemania, incluye estuche.&hellip; <a class=\"kt-excerpt-readmore more-link\" href=\"https:\/\/www.mexicanguitarplayers.com\/en\/tienda\/alientos\/armonicas\/armonica-hohner-2009-20-marine-band-cr\/\">Read more<\/a><\/p>","protected":false},"featured_media":36936,"comment_status":"open","ping_status":"closed","template":"","meta":{"kt_blocks_editor_width":""},"pwb-brand":[395],"product_brand":[],"product_cat":[388,401],"product_tag":[],"class_list":{"0":"post-36940","1":"product","2":"type-product","3":"status-publish","4":"has-post-thumbnail","6":"pwb-brand-hohner","7":"product_cat-alientos","8":"product_cat-armonicas","9":"product_shipping_class-0-5-kg","11":"first","12":"outofstock","13":"taxable","14":"shipping-taxable","15":"purchasable","16":"product-type-simple"},"yoast_head":"<!-- This site is optimized with the Yoast SEO plugin v27.3 - https:\/\/yoast.com\/product\/yoast-seo-wordpress\/ -->\n<title>ARMONICA HOHNER 2009\/20  MARINE BAND CR - Mexican Guitar Players<\/title>\n<meta name=\"description\" content=\"Arm\u00f3nica diat\u00f3nica, nota: C, Db, D, Eb, E, F, F#, G, Ab, A, Bb, B, afinaci\u00f3n Richter, 10 celdas, 20 leng\u00fcetas de lat\u00f3n, cubierta mejorada que da mayor volumen yestabilidad, superficie de acero inoxidable, boquilla laqueada SuperGlide, peine de bamb\u00fa laminado, peine de laqueado triple, longitud: 10 cm, lazo el\u00e1stico, fabricada en Alemania, incluye estuche.\" \/>\n<meta name=\"robots\" content=\"index, follow, max-snippet:-1, max-image-preview:large, max-video-preview:-1\" \/>\n<link rel=\"canonical\" href=\"https:\/\/www.mexicanguitarplayers.com\/en\/tienda\/sin%20categor\u00eda\/armonica-hohner-2009-20-marine-band-cr\/\" \/>\n<meta property=\"og:locale\" content=\"en_US\" \/>\n<meta property=\"og:type\" content=\"article\" \/>\n<meta property=\"og:title\" content=\"ARMONICA HOHNER 2009\/20  MARINE BAND CR - Mexican Guitar Players\" \/>\n<meta property=\"og:description\" content=\"Arm\u00f3nica diat\u00f3nica, nota: C, Db, D, Eb, E, F, F#, G, Ab, A, Bb, B, afinaci\u00f3n Richter, 10 celdas, 20 leng\u00fcetas de lat\u00f3n, cubierta mejorada que da mayor volumen yestabilidad, superficie de acero inoxidable, boquilla laqueada SuperGlide, peine de bamb\u00fa laminado, peine de laqueado triple, longitud: 10 cm, lazo el\u00e1stico, fabricada en Alemania, incluye estuche.\" \/>\n<meta property=\"og:url\" content=\"https:\/\/www.mexicanguitarplayers.com\/en\/tienda\/sin categor\u00eda\/armonica-hohner-2009-20-marine-band-cr\/\" \/>\n<meta property=\"og:site_name\" content=\"Mexican Guitar Players\" \/>\n<meta property=\"article:modified_time\" content=\"2026-04-10T10:25:35+00:00\" \/>\n<meta name=\"twitter:card\" content=\"summary_large_image\" \/>\n<meta name=\"twitter:label1\" content=\"Est. reading time\" \/>\n\t<meta name=\"twitter:data1\" content=\"2 minutes\" \/>\n<script type=\"application\/ld+json\" class=\"yoast-schema-graph\">{\"@context\":\"https:\\\/\\\/schema.org\",\"@graph\":[{\"@type\":[\"WebPage\",\"ItemPage\"],\"@id\":\"https:\\\/\\\/www.mexicanguitarplayers.com\\\/tienda\\\/sin categor\u00eda\\\/armonica-hohner-2009-20-marine-band-cr\\\/\",\"url\":\"https:\\\/\\\/www.mexicanguitarplayers.com\\\/tienda\\\/sin categor\u00eda\\\/armonica-hohner-2009-20-marine-band-cr\\\/\",\"name\":\"ARMONICA HOHNER 2009\\\/20 MARINE BAND CR - Mexican Guitar Players\",\"isPartOf\":{\"@id\":\"https:\\\/\\\/www.mexicanguitarplayers.com\\\/#website\"},\"primaryImageOfPage\":{\"@id\":\"https:\\\/\\\/www.mexicanguitarplayers.com\\\/tienda\\\/sin categor\u00eda\\\/armonica-hohner-2009-20-marine-band-cr\\\/#primaryimage\"},\"image\":{\"@id\":\"https:\\\/\\\/www.mexicanguitarplayers.com\\\/tienda\\\/sin categor\u00eda\\\/armonica-hohner-2009-20-marine-band-cr\\\/#primaryimage\"},\"thumbnailUrl\":\"https:\\\/\\\/www.mexicanguitarplayers.com\\\/wp-content\\\/uploads\\\/2025\\\/04\\\/IVHOH200920.jpg\",\"datePublished\":\"2025-04-09T11:31:31+00:00\",\"dateModified\":\"2026-04-10T10:25:35+00:00\",\"description\":\"Arm\u00f3nica diat\u00f3nica, nota: C, Db, D, Eb, E, F, F#, G, Ab, A, Bb, B, afinaci\u00f3n Richter, 10 celdas, 20 leng\u00fcetas de lat\u00f3n, cubierta mejorada que da mayor volumen yestabilidad, superficie de acero inoxidable, boquilla laqueada SuperGlide, peine de bamb\u00fa laminado, peine de laqueado triple, longitud: 10 cm, lazo el\u00e1stico, fabricada en Alemania, incluye estuche.\",\"breadcrumb\":{\"@id\":\"https:\\\/\\\/www.mexicanguitarplayers.com\\\/tienda\\\/sin categor\u00eda\\\/armonica-hohner-2009-20-marine-band-cr\\\/#breadcrumb\"},\"inLanguage\":\"en-US\",\"potentialAction\":[{\"@type\":\"ReadAction\",\"target\":[\"https:\\\/\\\/www.mexicanguitarplayers.com\\\/tienda\\\/sin categor\u00eda\\\/armonica-hohner-2009-20-marine-band-cr\\\/\"]}]},{\"@type\":\"ImageObject\",\"inLanguage\":\"en-US\",\"@id\":\"https:\\\/\\\/www.mexicanguitarplayers.com\\\/tienda\\\/sin categor\u00eda\\\/armonica-hohner-2009-20-marine-band-cr\\\/#primaryimage\",\"url\":\"https:\\\/\\\/www.mexicanguitarplayers.com\\\/wp-content\\\/uploads\\\/2025\\\/04\\\/IVHOH200920.jpg\",\"contentUrl\":\"https:\\\/\\\/www.mexicanguitarplayers.com\\\/wp-content\\\/uploads\\\/2025\\\/04\\\/IVHOH200920.jpg\",\"width\":1600,\"height\":800},{\"@type\":\"BreadcrumbList\",\"@id\":\"https:\\\/\\\/www.mexicanguitarplayers.com\\\/tienda\\\/sin categor\u00eda\\\/armonica-hohner-2009-20-marine-band-cr\\\/#breadcrumb\",\"itemListElement\":[{\"@type\":\"ListItem\",\"position\":1,\"name\":\"Portada\",\"item\":\"https:\\\/\\\/www.mexicanguitarplayers.com\\\/\"},{\"@type\":\"ListItem\",\"position\":2,\"name\":\"Tienda\",\"item\":\"https:\\\/\\\/www.mexicanguitarplayers.com\\\/tienda\\\/\"},{\"@type\":\"ListItem\",\"position\":3,\"name\":\"ARMONICA HOHNER 2009\\\/20 MARINE BAND CR\"}]},{\"@type\":\"WebSite\",\"@id\":\"https:\\\/\\\/www.mexicanguitarplayers.com\\\/#website\",\"url\":\"https:\\\/\\\/www.mexicanguitarplayers.com\\\/\",\"name\":\"Mexican Guitar Players\",\"description\":\"Website\",\"publisher\":{\"@id\":\"https:\\\/\\\/www.mexicanguitarplayers.com\\\/#organization\"},\"potentialAction\":[{\"@type\":\"SearchAction\",\"target\":{\"@type\":\"EntryPoint\",\"urlTemplate\":\"https:\\\/\\\/www.mexicanguitarplayers.com\\\/?s={search_term_string}\"},\"query-input\":{\"@type\":\"PropertyValueSpecification\",\"valueRequired\":true,\"valueName\":\"search_term_string\"}}],\"inLanguage\":\"en-US\"},{\"@type\":\"Organization\",\"@id\":\"https:\\\/\\\/www.mexicanguitarplayers.com\\\/#organization\",\"name\":\"Mexican Guitar Players\",\"url\":\"https:\\\/\\\/www.mexicanguitarplayers.com\\\/\",\"logo\":{\"@type\":\"ImageObject\",\"inLanguage\":\"en-US\",\"@id\":\"https:\\\/\\\/www.mexicanguitarplayers.com\\\/#\\\/schema\\\/logo\\\/image\\\/\",\"url\":\"\",\"contentUrl\":\"\",\"caption\":\"Mexican Guitar Players\"},\"image\":{\"@id\":\"https:\\\/\\\/www.mexicanguitarplayers.com\\\/#\\\/schema\\\/logo\\\/image\\\/\"}}]}<\/script>\n<!-- \/ Yoast SEO plugin. -->","yoast_head_json":{"title":"ARMONICA HOHNER 2009\/20  MARINE BAND CR - Mexican Guitar Players","description":"Arm\u00f3nica diat\u00f3nica, nota: C, Db, D, Eb, E, F, F#, G, Ab, A, Bb, B, afinaci\u00f3n Richter, 10 celdas, 20 leng\u00fcetas de lat\u00f3n, cubierta mejorada que da mayor volumen yestabilidad, superficie de acero inoxidable, boquilla laqueada SuperGlide, peine de bamb\u00fa laminado, peine de laqueado triple, longitud: 10 cm, lazo el\u00e1stico, fabricada en Alemania, incluye estuche.","robots":{"index":"index","follow":"follow","max-snippet":"max-snippet:-1","max-image-preview":"max-image-preview:large","max-video-preview":"max-video-preview:-1"},"canonical":"https:\/\/www.mexicanguitarplayers.com\/en\/tienda\/sin categor\u00eda\/armonica-hohner-2009-20-marine-band-cr\/","og_locale":"en_US","og_type":"article","og_title":"ARMONICA HOHNER 2009\/20  MARINE BAND CR - Mexican Guitar Players","og_description":"Arm\u00f3nica diat\u00f3nica, nota: C, Db, D, Eb, E, F, F#, G, Ab, A, Bb, B, afinaci\u00f3n Richter, 10 celdas, 20 leng\u00fcetas de lat\u00f3n, cubierta mejorada que da mayor volumen yestabilidad, superficie de acero inoxidable, boquilla laqueada SuperGlide, peine de bamb\u00fa laminado, peine de laqueado triple, longitud: 10 cm, lazo el\u00e1stico, fabricada en Alemania, incluye estuche.","og_url":"https:\/\/www.mexicanguitarplayers.com\/en\/tienda\/sin categor\u00eda\/armonica-hohner-2009-20-marine-band-cr\/","og_site_name":"Mexican Guitar Players","article_modified_time":"2026-04-10T10:25:35+00:00","twitter_card":"summary_large_image","twitter_misc":{"Est. reading time":"2 minutes"},"schema":{"@context":"https:\/\/schema.org","@graph":[{"@type":["WebPage","ItemPage"],"@id":"https:\/\/www.mexicanguitarplayers.com\/tienda\/sin categor\u00eda\/armonica-hohner-2009-20-marine-band-cr\/","url":"https:\/\/www.mexicanguitarplayers.com\/tienda\/sin categor\u00eda\/armonica-hohner-2009-20-marine-band-cr\/","name":"ARMONICA HOHNER 2009\/20 MARINE BAND CR - Mexican Guitar Players","isPartOf":{"@id":"https:\/\/www.mexicanguitarplayers.com\/#website"},"primaryImageOfPage":{"@id":"https:\/\/www.mexicanguitarplayers.com\/tienda\/sin categor\u00eda\/armonica-hohner-2009-20-marine-band-cr\/#primaryimage"},"image":{"@id":"https:\/\/www.mexicanguitarplayers.com\/tienda\/sin categor\u00eda\/armonica-hohner-2009-20-marine-band-cr\/#primaryimage"},"thumbnailUrl":"https:\/\/www.mexicanguitarplayers.com\/wp-content\/uploads\/2025\/04\/IVHOH200920.jpg","datePublished":"2025-04-09T11:31:31+00:00","dateModified":"2026-04-10T10:25:35+00:00","description":"Arm\u00f3nica diat\u00f3nica, nota: C, Db, D, Eb, E, F, F#, G, Ab, A, Bb, B, afinaci\u00f3n Richter, 10 celdas, 20 leng\u00fcetas de lat\u00f3n, cubierta mejorada que da mayor volumen yestabilidad, superficie de acero inoxidable, boquilla laqueada SuperGlide, peine de bamb\u00fa laminado, peine de laqueado triple, longitud: 10 cm, lazo el\u00e1stico, fabricada en Alemania, incluye estuche.","breadcrumb":{"@id":"https:\/\/www.mexicanguitarplayers.com\/tienda\/sin categor\u00eda\/armonica-hohner-2009-20-marine-band-cr\/#breadcrumb"},"inLanguage":"en-US","potentialAction":[{"@type":"ReadAction","target":["https:\/\/www.mexicanguitarplayers.com\/tienda\/sin categor\u00eda\/armonica-hohner-2009-20-marine-band-cr\/"]}]},{"@type":"ImageObject","inLanguage":"en-US","@id":"https:\/\/www.mexicanguitarplayers.com\/tienda\/sin categor\u00eda\/armonica-hohner-2009-20-marine-band-cr\/#primaryimage","url":"https:\/\/www.mexicanguitarplayers.com\/wp-content\/uploads\/2025\/04\/IVHOH200920.jpg","contentUrl":"https:\/\/www.mexicanguitarplayers.com\/wp-content\/uploads\/2025\/04\/IVHOH200920.jpg","width":1600,"height":800},{"@type":"BreadcrumbList","@id":"https:\/\/www.mexicanguitarplayers.com\/tienda\/sin categor\u00eda\/armonica-hohner-2009-20-marine-band-cr\/#breadcrumb","itemListElement":[{"@type":"ListItem","position":1,"name":"Portada","item":"https:\/\/www.mexicanguitarplayers.com\/"},{"@type":"ListItem","position":2,"name":"Tienda","item":"https:\/\/www.mexicanguitarplayers.com\/tienda\/"},{"@type":"ListItem","position":3,"name":"ARMONICA HOHNER 2009\/20 MARINE BAND CR"}]},{"@type":"WebSite","@id":"https:\/\/www.mexicanguitarplayers.com\/#website","url":"https:\/\/www.mexicanguitarplayers.com\/","name":"Mexican Guitar Players","description":"Website","publisher":{"@id":"https:\/\/www.mexicanguitarplayers.com\/#organization"},"potentialAction":[{"@type":"SearchAction","target":{"@type":"EntryPoint","urlTemplate":"https:\/\/www.mexicanguitarplayers.com\/?s={search_term_string}"},"query-input":{"@type":"PropertyValueSpecification","valueRequired":true,"valueName":"search_term_string"}}],"inLanguage":"en-US"},{"@type":"Organization","@id":"https:\/\/www.mexicanguitarplayers.com\/#organization","name":"Mexican Guitar Players","url":"https:\/\/www.mexicanguitarplayers.com\/","logo":{"@type":"ImageObject","inLanguage":"en-US","@id":"https:\/\/www.mexicanguitarplayers.com\/#\/schema\/logo\/image\/","url":"","contentUrl":"","caption":"Mexican Guitar Players"},"image":{"@id":"https:\/\/www.mexicanguitarplayers.com\/#\/schema\/logo\/image\/"}}]}},"brands":[{"id":395,"name":"HOHNER","slug":"hohner"}],"_links":{"self":[{"href":"https:\/\/www.mexicanguitarplayers.com\/en\/wp-json\/wp\/v2\/product\/36940","targetHints":{"allow":["GET"]}}],"collection":[{"href":"https:\/\/www.mexicanguitarplayers.com\/en\/wp-json\/wp\/v2\/product"}],"about":[{"href":"https:\/\/www.mexicanguitarplayers.com\/en\/wp-json\/wp\/v2\/types\/product"}],"replies":[{"embeddable":true,"href":"https:\/\/www.mexicanguitarplayers.com\/en\/wp-json\/wp\/v2\/comments?post=36940"}],"wp:featuredmedia":[{"embeddable":true,"href":"https:\/\/www.mexicanguitarplayers.com\/en\/wp-json\/wp\/v2\/media\/36936"}],"wp:attachment":[{"href":"https:\/\/www.mexicanguitarplayers.com\/en\/wp-json\/wp\/v2\/media?parent=36940"}],"wp:term":[{"taxonomy":"pwb-brand","embeddable":true,"href":"https:\/\/www.mexicanguitarplayers.com\/en\/wp-json\/wp\/v2\/pwb-brand?post=36940"},{"taxonomy":"product_brand","embeddable":true,"href":"https:\/\/www.mexicanguitarplayers.com\/en\/wp-json\/wp\/v2\/product_brand?post=36940"},{"taxonomy":"product_cat","embeddable":true,"href":"https:\/\/www.mexicanguitarplayers.com\/en\/wp-json\/wp\/v2\/product_cat?post=36940"},{"taxonomy":"product_tag","embeddable":true,"href":"https:\/\/www.mexicanguitarplayers.com\/en\/wp-json\/wp\/v2\/product_tag?post=36940"}],"curies":[{"name":"wp","href":"https:\/\/api.w.org\/{rel}","templated":true}]}}