{"id":36977,"date":"2025-04-09T05:32:26","date_gmt":"2025-04-09T11:32:26","guid":{"rendered":"https:\/\/www.mexicanguitarplayers.com\/tienda\/sin categor\u00eda\/funda-gator-mod-g-in-ear-system\/"},"modified":"2026-04-15T04:17:44","modified_gmt":"2026-04-15T10:17:44","slug":"funda-gator-mod-g-in-ear-system","status":"publish","type":"product","link":"https:\/\/www.mexicanguitarplayers.com\/en\/tienda\/accesorios\/estuches-y-fundas\/para-mixers\/funda-gator-mod-g-in-ear-system\/","title":{"rendered":"FUNDA GATOR MOD. G-IN EAR SYSTEM"},"content":{"rendered":"<div style=\"text-align: justify\">\n<div>\n<h3>La mejor protecci\u00f3n para tu sistema de monitoreo.<\/h3>\n<\/div>\n<div>Funda para sistema de monitoreo inal\u00e1mbrico &#8220;In-Ear&#8221; de medio rack, cuenta con espacio para almacenar el transmisor, los aud\u00edfonos, el cuerpo del receptor y la fuente de alimentaci\u00f3n.<\/div>\n<div>\n<h4>Quick look<\/h4>\n<\/div>\n<ul style=\"margin: 0px 0px 0px 25px\">\n<li style=\"list-style-type: circle;margin: 5px\">Longitud interior.<\/li>\n<li style=\"list-style-type: circle;margin: 5px\">Ancho interior.<\/li>\n<li style=\"list-style-type: circle;margin: 5px\">Altura interior.<\/li>\n<li style=\"list-style-type: circle;margin: 5px\">Weight.<\/li>\n<\/ul>\n<div>\n<div style=\"font-weight: bold\">Longitud interior.<\/div>\n<div>\n<p>8.75&#8243; pulgadas (222.25 mm).<\/p>\n<\/div>\n<div style=\"font-weight: bold\">Ancho interior.<\/div>\n<div>\n<p>8&#8243; pulgadas (203.2 mm).<\/p>\n<\/div>\n<div style=\"font-weight: bold\">Altura interior.<\/div>\n<div>\n<p>1.71&#8243; pulgadas (43.434 mm).<\/p>\n<\/div>\n<div style=\"font-weight: bold\">Weight.<\/div>\n<div>\n<p>1.2 kg.<\/p>\n<\/div>\n<\/div>\n<div>\n<h4>Characteristics<\/h4>\n<\/div>\n<div>\n<ul style=\"margin: 0px 0px 0px 25px\">\n<li style=\"list-style-type: circle;margin: 5px\">Funda para sistemas de monitoreo &#8220;In-Ear&#8221;.<\/li>\n<li style=\"list-style-type: circle;margin: 5px\">Dise\u00f1ada para la mayor\u00eda de los sistemas de monitoreo inal\u00e1mbrico personal de medio rack.<\/li>\n<li style=\"list-style-type: circle;margin: 5px\">Exterior de nylon resistente e interior acolchado de alta resistencia.<\/li>\n<li style=\"list-style-type: circle;margin: 5px\">Acceso superior para que la antena se extienda mientras est\u00e1 en la funda.<\/li>\n<li style=\"list-style-type: circle;margin: 5px\">AKG<\/li>\n<li style=\"list-style-type: circle;margin: 5px\">Audio-Technica<\/li>\n<li style=\"list-style-type: circle;margin: 5px\">Galaxy Audio<\/li>\n<li style=\"list-style-type: circle;margin: 5px\">Nady<\/li>\n<li style=\"list-style-type: circle;margin: 5px\">Samson<\/li>\n<li style=\"list-style-type: circle;margin: 5px\">Sennheiser<\/li>\n<li style=\"list-style-type: circle;margin: 5px\">Shure<\/li>\n<\/ul>\n<\/div>\n<\/div>","protected":false},"excerpt":{"rendered":"<p>Funda para sistema de monitoreo inal\u00e1mbrico \u201dIn-Ear\u201d de medio rack, espacio para almacenar el transmisor, los aud\u00edfonos, el cuerpo del receptor y la fuente de alimentaci\u00f3n, exterior de nylon resistente e interior acolchado de alta resistencia, acceso superior para que la antena se extienda mientras est\u00e1 en la funda, longitud interior: 8.75\u201d pulgadas (222.25 mm), ancho interior: 8\u201d pulgadas (203.2 mm), altura interior.1.71\u201d pulgadas (43.434 mm), peso: 1.2 kg.&hellip; <a class=\"kt-excerpt-readmore more-link\" href=\"https:\/\/www.mexicanguitarplayers.com\/en\/tienda\/accesorios\/estuches-y-fundas\/para-mixers\/funda-gator-mod-g-in-ear-system\/\">Read more<\/a><\/p>","protected":false},"featured_media":36964,"comment_status":"open","ping_status":"closed","template":"","meta":{"kt_blocks_editor_width":""},"pwb-brand":[572],"product_brand":[],"product_cat":[85,517,652],"product_tag":[],"class_list":{"0":"post-36977","1":"product","2":"type-product","3":"status-publish","4":"has-post-thumbnail","6":"pwb-brand-gator","7":"product_cat-accesorios","8":"product_cat-estuches-y-fundas","9":"product_cat-para-mixers","10":"product_shipping_class-0-5-kg","12":"first","13":"outofstock","14":"taxable","15":"shipping-taxable","16":"purchasable","17":"product-type-simple"},"yoast_head":"<!-- This site is optimized with the Yoast SEO plugin v27.4 - https:\/\/yoast.com\/product\/yoast-seo-wordpress\/ -->\n<title>FUNDA GATOR MOD. G-IN EAR SYSTEM - Mexican Guitar Players<\/title>\n<meta name=\"description\" content=\"Funda para sistema de monitoreo inal\u00e1mbrico \u201dIn-Ear\u201d de medio rack, espacio para almacenar el transmisor, los aud\u00edfonos, el cuerpo del receptor y la fuente de alimentaci\u00f3n, exterior de nylon resistente e interior acolchado de alta resistencia, acceso superior para que la antena se extienda mientras est\u00e1 en la funda, longitud interior: 8.75\u201d pulgadas (222.25 mm), ancho interior: 8\u201d pulgadas (203.2 mm), altura interior.1.71\u201d pulgadas (43.434 mm), peso: 1.2 kg.\" \/>\n<meta name=\"robots\" content=\"index, follow, max-snippet:-1, max-image-preview:large, max-video-preview:-1\" \/>\n<link rel=\"canonical\" href=\"https:\/\/www.mexicanguitarplayers.com\/en\/tienda\/sin%20categor\u00eda\/funda-gator-mod-g-in-ear-system\/\" \/>\n<meta property=\"og:locale\" content=\"en_US\" \/>\n<meta property=\"og:type\" content=\"article\" \/>\n<meta property=\"og:title\" content=\"FUNDA GATOR MOD. G-IN EAR SYSTEM - Mexican Guitar Players\" \/>\n<meta property=\"og:description\" content=\"Funda para sistema de monitoreo inal\u00e1mbrico \u201dIn-Ear\u201d de medio rack, espacio para almacenar el transmisor, los aud\u00edfonos, el cuerpo del receptor y la fuente de alimentaci\u00f3n, exterior de nylon resistente e interior acolchado de alta resistencia, acceso superior para que la antena se extienda mientras est\u00e1 en la funda, longitud interior: 8.75\u201d pulgadas (222.25 mm), ancho interior: 8\u201d pulgadas (203.2 mm), altura interior.1.71\u201d pulgadas (43.434 mm), peso: 1.2 kg.\" \/>\n<meta property=\"og:url\" content=\"https:\/\/www.mexicanguitarplayers.com\/en\/tienda\/sin categor\u00eda\/funda-gator-mod-g-in-ear-system\/\" \/>\n<meta property=\"og:site_name\" content=\"Mexican Guitar Players\" \/>\n<meta property=\"article:modified_time\" content=\"2026-04-15T10:17:44+00:00\" \/>\n<meta name=\"twitter:card\" content=\"summary_large_image\" \/>\n<meta name=\"twitter:label1\" content=\"Est. reading time\" \/>\n\t<meta name=\"twitter:data1\" content=\"1 minute\" \/>\n<script type=\"application\/ld+json\" class=\"yoast-schema-graph\">{\"@context\":\"https:\\\/\\\/schema.org\",\"@graph\":[{\"@type\":[\"WebPage\",\"ItemPage\"],\"@id\":\"https:\\\/\\\/www.mexicanguitarplayers.com\\\/tienda\\\/sin categor\u00eda\\\/funda-gator-mod-g-in-ear-system\\\/\",\"url\":\"https:\\\/\\\/www.mexicanguitarplayers.com\\\/tienda\\\/sin categor\u00eda\\\/funda-gator-mod-g-in-ear-system\\\/\",\"name\":\"FUNDA GATOR MOD. G-IN EAR SYSTEM - Mexican Guitar Players\",\"isPartOf\":{\"@id\":\"https:\\\/\\\/www.mexicanguitarplayers.com\\\/#website\"},\"primaryImageOfPage\":{\"@id\":\"https:\\\/\\\/www.mexicanguitarplayers.com\\\/tienda\\\/sin categor\u00eda\\\/funda-gator-mod-g-in-ear-system\\\/#primaryimage\"},\"image\":{\"@id\":\"https:\\\/\\\/www.mexicanguitarplayers.com\\\/tienda\\\/sin categor\u00eda\\\/funda-gator-mod-g-in-ear-system\\\/#primaryimage\"},\"thumbnailUrl\":\"https:\\\/\\\/www.mexicanguitarplayers.com\\\/wp-content\\\/uploads\\\/2025\\\/04\\\/VAGATGINEARSYS.jpg\",\"datePublished\":\"2025-04-09T11:32:26+00:00\",\"dateModified\":\"2026-04-15T10:17:44+00:00\",\"description\":\"Funda para sistema de monitoreo inal\u00e1mbrico \u201dIn-Ear\u201d de medio rack, espacio para almacenar el transmisor, los aud\u00edfonos, el cuerpo del receptor y la fuente de alimentaci\u00f3n, exterior de nylon resistente e interior acolchado de alta resistencia, acceso superior para que la antena se extienda mientras est\u00e1 en la funda, longitud interior: 8.75\u201d pulgadas (222.25 mm), ancho interior: 8\u201d pulgadas (203.2 mm), altura interior.1.71\u201d pulgadas (43.434 mm), peso: 1.2 kg.\",\"breadcrumb\":{\"@id\":\"https:\\\/\\\/www.mexicanguitarplayers.com\\\/tienda\\\/sin categor\u00eda\\\/funda-gator-mod-g-in-ear-system\\\/#breadcrumb\"},\"inLanguage\":\"en-US\",\"potentialAction\":[{\"@type\":\"ReadAction\",\"target\":[\"https:\\\/\\\/www.mexicanguitarplayers.com\\\/tienda\\\/sin categor\u00eda\\\/funda-gator-mod-g-in-ear-system\\\/\"]}]},{\"@type\":\"ImageObject\",\"inLanguage\":\"en-US\",\"@id\":\"https:\\\/\\\/www.mexicanguitarplayers.com\\\/tienda\\\/sin categor\u00eda\\\/funda-gator-mod-g-in-ear-system\\\/#primaryimage\",\"url\":\"https:\\\/\\\/www.mexicanguitarplayers.com\\\/wp-content\\\/uploads\\\/2025\\\/04\\\/VAGATGINEARSYS.jpg\",\"contentUrl\":\"https:\\\/\\\/www.mexicanguitarplayers.com\\\/wp-content\\\/uploads\\\/2025\\\/04\\\/VAGATGINEARSYS.jpg\",\"width\":1131,\"height\":1150},{\"@type\":\"BreadcrumbList\",\"@id\":\"https:\\\/\\\/www.mexicanguitarplayers.com\\\/tienda\\\/sin categor\u00eda\\\/funda-gator-mod-g-in-ear-system\\\/#breadcrumb\",\"itemListElement\":[{\"@type\":\"ListItem\",\"position\":1,\"name\":\"Portada\",\"item\":\"https:\\\/\\\/www.mexicanguitarplayers.com\\\/\"},{\"@type\":\"ListItem\",\"position\":2,\"name\":\"Tienda\",\"item\":\"https:\\\/\\\/www.mexicanguitarplayers.com\\\/tienda\\\/\"},{\"@type\":\"ListItem\",\"position\":3,\"name\":\"FUNDA GATOR MOD. G-IN EAR SYSTEM\"}]},{\"@type\":\"WebSite\",\"@id\":\"https:\\\/\\\/www.mexicanguitarplayers.com\\\/#website\",\"url\":\"https:\\\/\\\/www.mexicanguitarplayers.com\\\/\",\"name\":\"Mexican Guitar Players\",\"description\":\"Website\",\"publisher\":{\"@id\":\"https:\\\/\\\/www.mexicanguitarplayers.com\\\/#organization\"},\"potentialAction\":[{\"@type\":\"SearchAction\",\"target\":{\"@type\":\"EntryPoint\",\"urlTemplate\":\"https:\\\/\\\/www.mexicanguitarplayers.com\\\/?s={search_term_string}\"},\"query-input\":{\"@type\":\"PropertyValueSpecification\",\"valueRequired\":true,\"valueName\":\"search_term_string\"}}],\"inLanguage\":\"en-US\"},{\"@type\":\"Organization\",\"@id\":\"https:\\\/\\\/www.mexicanguitarplayers.com\\\/#organization\",\"name\":\"Mexican Guitar Players\",\"url\":\"https:\\\/\\\/www.mexicanguitarplayers.com\\\/\",\"logo\":{\"@type\":\"ImageObject\",\"inLanguage\":\"en-US\",\"@id\":\"https:\\\/\\\/www.mexicanguitarplayers.com\\\/#\\\/schema\\\/logo\\\/image\\\/\",\"url\":\"\",\"contentUrl\":\"\",\"caption\":\"Mexican Guitar Players\"},\"image\":{\"@id\":\"https:\\\/\\\/www.mexicanguitarplayers.com\\\/#\\\/schema\\\/logo\\\/image\\\/\"}}]}<\/script>\n<!-- \/ Yoast SEO plugin. -->","yoast_head_json":{"title":"FUNDA GATOR MOD. G-IN EAR SYSTEM - Mexican Guitar Players","description":"Funda para sistema de monitoreo inal\u00e1mbrico \u201dIn-Ear\u201d de medio rack, espacio para almacenar el transmisor, los aud\u00edfonos, el cuerpo del receptor y la fuente de alimentaci\u00f3n, exterior de nylon resistente e interior acolchado de alta resistencia, acceso superior para que la antena se extienda mientras est\u00e1 en la funda, longitud interior: 8.75\u201d pulgadas (222.25 mm), ancho interior: 8\u201d pulgadas (203.2 mm), altura interior.1.71\u201d pulgadas (43.434 mm), peso: 1.2 kg.","robots":{"index":"index","follow":"follow","max-snippet":"max-snippet:-1","max-image-preview":"max-image-preview:large","max-video-preview":"max-video-preview:-1"},"canonical":"https:\/\/www.mexicanguitarplayers.com\/en\/tienda\/sin categor\u00eda\/funda-gator-mod-g-in-ear-system\/","og_locale":"en_US","og_type":"article","og_title":"FUNDA GATOR MOD. G-IN EAR SYSTEM - Mexican Guitar Players","og_description":"Funda para sistema de monitoreo inal\u00e1mbrico \u201dIn-Ear\u201d de medio rack, espacio para almacenar el transmisor, los aud\u00edfonos, el cuerpo del receptor y la fuente de alimentaci\u00f3n, exterior de nylon resistente e interior acolchado de alta resistencia, acceso superior para que la antena se extienda mientras est\u00e1 en la funda, longitud interior: 8.75\u201d pulgadas (222.25 mm), ancho interior: 8\u201d pulgadas (203.2 mm), altura interior.1.71\u201d pulgadas (43.434 mm), peso: 1.2 kg.","og_url":"https:\/\/www.mexicanguitarplayers.com\/en\/tienda\/sin categor\u00eda\/funda-gator-mod-g-in-ear-system\/","og_site_name":"Mexican Guitar Players","article_modified_time":"2026-04-15T10:17:44+00:00","twitter_card":"summary_large_image","twitter_misc":{"Est. reading time":"1 minute"},"schema":{"@context":"https:\/\/schema.org","@graph":[{"@type":["WebPage","ItemPage"],"@id":"https:\/\/www.mexicanguitarplayers.com\/tienda\/sin categor\u00eda\/funda-gator-mod-g-in-ear-system\/","url":"https:\/\/www.mexicanguitarplayers.com\/tienda\/sin categor\u00eda\/funda-gator-mod-g-in-ear-system\/","name":"FUNDA GATOR MOD. G-IN EAR SYSTEM - Mexican Guitar Players","isPartOf":{"@id":"https:\/\/www.mexicanguitarplayers.com\/#website"},"primaryImageOfPage":{"@id":"https:\/\/www.mexicanguitarplayers.com\/tienda\/sin categor\u00eda\/funda-gator-mod-g-in-ear-system\/#primaryimage"},"image":{"@id":"https:\/\/www.mexicanguitarplayers.com\/tienda\/sin categor\u00eda\/funda-gator-mod-g-in-ear-system\/#primaryimage"},"thumbnailUrl":"https:\/\/www.mexicanguitarplayers.com\/wp-content\/uploads\/2025\/04\/VAGATGINEARSYS.jpg","datePublished":"2025-04-09T11:32:26+00:00","dateModified":"2026-04-15T10:17:44+00:00","description":"Funda para sistema de monitoreo inal\u00e1mbrico \u201dIn-Ear\u201d de medio rack, espacio para almacenar el transmisor, los aud\u00edfonos, el cuerpo del receptor y la fuente de alimentaci\u00f3n, exterior de nylon resistente e interior acolchado de alta resistencia, acceso superior para que la antena se extienda mientras est\u00e1 en la funda, longitud interior: 8.75\u201d pulgadas (222.25 mm), ancho interior: 8\u201d pulgadas (203.2 mm), altura interior.1.71\u201d pulgadas (43.434 mm), peso: 1.2 kg.","breadcrumb":{"@id":"https:\/\/www.mexicanguitarplayers.com\/tienda\/sin categor\u00eda\/funda-gator-mod-g-in-ear-system\/#breadcrumb"},"inLanguage":"en-US","potentialAction":[{"@type":"ReadAction","target":["https:\/\/www.mexicanguitarplayers.com\/tienda\/sin categor\u00eda\/funda-gator-mod-g-in-ear-system\/"]}]},{"@type":"ImageObject","inLanguage":"en-US","@id":"https:\/\/www.mexicanguitarplayers.com\/tienda\/sin categor\u00eda\/funda-gator-mod-g-in-ear-system\/#primaryimage","url":"https:\/\/www.mexicanguitarplayers.com\/wp-content\/uploads\/2025\/04\/VAGATGINEARSYS.jpg","contentUrl":"https:\/\/www.mexicanguitarplayers.com\/wp-content\/uploads\/2025\/04\/VAGATGINEARSYS.jpg","width":1131,"height":1150},{"@type":"BreadcrumbList","@id":"https:\/\/www.mexicanguitarplayers.com\/tienda\/sin categor\u00eda\/funda-gator-mod-g-in-ear-system\/#breadcrumb","itemListElement":[{"@type":"ListItem","position":1,"name":"Portada","item":"https:\/\/www.mexicanguitarplayers.com\/"},{"@type":"ListItem","position":2,"name":"Tienda","item":"https:\/\/www.mexicanguitarplayers.com\/tienda\/"},{"@type":"ListItem","position":3,"name":"FUNDA GATOR MOD. G-IN EAR SYSTEM"}]},{"@type":"WebSite","@id":"https:\/\/www.mexicanguitarplayers.com\/#website","url":"https:\/\/www.mexicanguitarplayers.com\/","name":"Mexican Guitar Players","description":"Website","publisher":{"@id":"https:\/\/www.mexicanguitarplayers.com\/#organization"},"potentialAction":[{"@type":"SearchAction","target":{"@type":"EntryPoint","urlTemplate":"https:\/\/www.mexicanguitarplayers.com\/?s={search_term_string}"},"query-input":{"@type":"PropertyValueSpecification","valueRequired":true,"valueName":"search_term_string"}}],"inLanguage":"en-US"},{"@type":"Organization","@id":"https:\/\/www.mexicanguitarplayers.com\/#organization","name":"Mexican Guitar Players","url":"https:\/\/www.mexicanguitarplayers.com\/","logo":{"@type":"ImageObject","inLanguage":"en-US","@id":"https:\/\/www.mexicanguitarplayers.com\/#\/schema\/logo\/image\/","url":"","contentUrl":"","caption":"Mexican Guitar Players"},"image":{"@id":"https:\/\/www.mexicanguitarplayers.com\/#\/schema\/logo\/image\/"}}]}},"brands":[{"id":572,"name":"GATOR","slug":"gator"}],"_links":{"self":[{"href":"https:\/\/www.mexicanguitarplayers.com\/en\/wp-json\/wp\/v2\/product\/36977","targetHints":{"allow":["GET"]}}],"collection":[{"href":"https:\/\/www.mexicanguitarplayers.com\/en\/wp-json\/wp\/v2\/product"}],"about":[{"href":"https:\/\/www.mexicanguitarplayers.com\/en\/wp-json\/wp\/v2\/types\/product"}],"replies":[{"embeddable":true,"href":"https:\/\/www.mexicanguitarplayers.com\/en\/wp-json\/wp\/v2\/comments?post=36977"}],"wp:featuredmedia":[{"embeddable":true,"href":"https:\/\/www.mexicanguitarplayers.com\/en\/wp-json\/wp\/v2\/media\/36964"}],"wp:attachment":[{"href":"https:\/\/www.mexicanguitarplayers.com\/en\/wp-json\/wp\/v2\/media?parent=36977"}],"wp:term":[{"taxonomy":"pwb-brand","embeddable":true,"href":"https:\/\/www.mexicanguitarplayers.com\/en\/wp-json\/wp\/v2\/pwb-brand?post=36977"},{"taxonomy":"product_brand","embeddable":true,"href":"https:\/\/www.mexicanguitarplayers.com\/en\/wp-json\/wp\/v2\/product_brand?post=36977"},{"taxonomy":"product_cat","embeddable":true,"href":"https:\/\/www.mexicanguitarplayers.com\/en\/wp-json\/wp\/v2\/product_cat?post=36977"},{"taxonomy":"product_tag","embeddable":true,"href":"https:\/\/www.mexicanguitarplayers.com\/en\/wp-json\/wp\/v2\/product_tag?post=36977"}],"curies":[{"name":"wp","href":"https:\/\/api.w.org\/{rel}","templated":true}]}}