{"id":36989,"date":"2025-04-09T05:32:41","date_gmt":"2025-04-09T11:32:41","guid":{"rendered":"https:\/\/www.mexicanguitarplayers.com\/tienda\/sin categor\u00eda\/rebobinador-d-cuerdas-music-nomad-mn223\/"},"modified":"2026-04-10T04:25:29","modified_gmt":"2026-04-10T10:25:29","slug":"rebobinador-d-cuerdas-music-nomad-mn223","status":"publish","type":"product","link":"https:\/\/www.mexicanguitarplayers.com\/en\/tienda\/accesorios\/para-guitarras\/encordadores\/rebobinador-d-cuerdas-music-nomad-mn223\/","title":{"rendered":"REBOBINADOR D\/CUERDAS  MUSIC NOMAD MN223"},"content":{"rendered":"<div style=\"text-align: justify\">\n<div>\n<h3>GRIP ONE Rebobinador, cortadora y tiradora de cuerdas todo en uno.<\/h3>\n<\/div>\n<div>\u00a1Cambiar cuerdas ahora es mucho m\u00e1s f\u00e1cil, m\u00e1s seguro y m\u00e1s DIVERTIDO! El GRIP ONE pendiente de patente de MusicNomad establece un nuevo est\u00e1ndar m\u00e1s alto de lo que debe esperar al comprar un enrollador, cortador y extractor de cuerdas todo en UNO. No se pasa por alto ninguna caracter\u00edstica, comenzando con el dise\u00f1o de cojinete de precisi\u00f3n que inventamos en 2016 que hace que girar la manija sea sin esfuerzo, silencioso y s\u00faper r\u00e1pido. Nuestra innovadora cabeza revestida de goma se desliza suave y silenciosamente sobre las clavijas de afinaci\u00f3n para una operaci\u00f3n sin rasgu\u00f1os y sin ruidos en comparaci\u00f3n con los enrolladores de clavijas de pl\u00e1stico tradicionales. Nuestro dise\u00f1o de cabeza contorneada se adapta pr\u00e1cticamente a todas las clavijas de afinaci\u00f3n, tanto grandes como peque\u00f1as, y su perfil estrecho evita que golpees las clavijas ajustadas en las guitarras el\u00e9ctricas. Nuestro mango ergon\u00f3mico y antideslizante de goma le brinda control y comodidad totales. \u00a1Cortar hilos es pan comido! Ya sea grande o peque\u00f1o, Utilice nuestro cortador de cuerdas de acero al carbono de alta calidad para cortar sin esfuerzo todo tipo de cuerdas. <\/div>\n<div>\n<h4>Quick look<\/h4>\n<\/div>\n<ul style=\"margin: 0px 0px 0px 25px\">\n<li style=\"list-style-type: circle;margin: 5px\">construcci\u00f3n de acero al carbono<\/li>\n<li style=\"list-style-type: circle;margin: 5px\">construcci\u00f3n de rodamiento de precisi\u00f3n<\/li>\n<li style=\"list-style-type: circle;margin: 5px\">dise\u00f1o \u00fanico de cabeza forrada de goma<\/li>\n<li style=\"list-style-type: circle;margin: 5px\">Todo en uno<\/li>\n<\/ul>\n<div>\n<div style=\"font-weight: bold\">construcci\u00f3n de acero al carbono<\/div>\n<div>\n<\/div>\n<div style=\"font-weight: bold\">construcci\u00f3n de rodamiento de precisi\u00f3n<\/div>\n<div>\n<\/div>\n<div style=\"font-weight: bold\">dise\u00f1o \u00fanico de cabeza forrada de goma<\/div>\n<div>\n<\/div>\n<div style=\"font-weight: bold\">Todo en uno<\/div>\n<div>\n<p>bobinador de cuerdas todo en uno, cortador, extractor para guitarra el\u00e9ctrica y ac\u00fastica, bajo, ukelelele, banjo y mandolina<\/p>\n<\/div>\n<\/div>\n<\/div>","protected":false},"excerpt":{"rendered":"<p>Rebobinador de cuerdas, cortador, tirador todo en uno para guitarra el\u00e9ctrica y ac\u00fastica, bajo, ukelele, banjo y mandolina. Con dise\u00f1o \u00fanico de cabezal forrado de caucho sin rayones ni ruidos met\u00e1licos que se adapta y sujeta pr\u00e1cticamente todas las clavijas de afinaci\u00f3n y el dise\u00f1o de perfil estrecho evita que golpee otras clavijas. Innovadora construcci\u00f3n de cojinetes de precisi\u00f3n para un enrollado sin esfuerzo, silencioso y superr\u00e1pido con un c\u00f3modo agarre ergon\u00f3mico centrado debajo del cojinete para una rotaci\u00f3n de giro perfectamente equilibrada. El cortador de cuerdas est\u00e1 hecho con una fuerte construcci\u00f3n de acero al carbono y funciona muy bien para todos los tipos de cuerdas. Las empu\u00f1aduras ergon\u00f3micas de goma grandes y peque\u00f1as son una buena ventaja.Extractor de pasadores de puente innovador dise\u00f1ado para los pasadores de guitarra ac\u00fastica m\u00e1s populares.&hellip; <a class=\"kt-excerpt-readmore more-link\" href=\"https:\/\/www.mexicanguitarplayers.com\/en\/tienda\/accesorios\/para-guitarras\/encordadores\/rebobinador-d-cuerdas-music-nomad-mn223\/\">Read more<\/a><\/p>","protected":false},"featured_media":36981,"comment_status":"open","ping_status":"closed","template":"","meta":{"kt_blocks_editor_width":""},"pwb-brand":[622],"product_brand":[],"product_cat":[85,623,336],"product_tag":[],"class_list":{"0":"post-36989","1":"product","2":"type-product","3":"status-publish","4":"has-post-thumbnail","6":"pwb-brand-music-nomad","7":"product_cat-accesorios","8":"product_cat-encordadores","9":"product_cat-para-guitarras","10":"product_shipping_class-0-5-kg","12":"first","13":"outofstock","14":"taxable","15":"shipping-taxable","16":"purchasable","17":"product-type-simple"},"yoast_head":"<!-- This site is optimized with the Yoast SEO plugin v27.5 - https:\/\/yoast.com\/product\/yoast-seo-wordpress\/ -->\n<title>REBOBINADOR D\/CUERDAS MUSIC NOMAD MN223 - Mexican Guitar Players<\/title>\n<meta name=\"description\" content=\"Rebobinador de cuerdas, cortador, tirador todo en uno para guitarra el\u00e9ctrica y ac\u00fastica, bajo, ukelele, banjo y mandolina. Con dise\u00f1o \u00fanico de cabezal forrado de caucho sin rayones ni ruidos met\u00e1licos que se adapta y sujeta pr\u00e1cticamente todas las clavijas de afinaci\u00f3n y el dise\u00f1o de perfil estrecho evita que golpee otras clavijas. Innovadora construcci\u00f3n de cojinetes de precisi\u00f3n para un enrollado sin esfuerzo, silencioso y superr\u00e1pido con un c\u00f3modo agarre ergon\u00f3mico centrado debajo del cojinete para una rotaci\u00f3n de giro perfectamente equilibrada. El cortador de cuerdas est\u00e1 hecho con una fuerte construcci\u00f3n de acero al carbono y funciona muy bien para todos los tipos de cuerdas. Las empu\u00f1aduras ergon\u00f3micas de goma grandes y peque\u00f1as son una buena ventaja.Extractor de pasadores de puente innovador dise\u00f1ado para los pasadores de guitarra ac\u00fastica m\u00e1s populares.\" \/>\n<meta name=\"robots\" content=\"index, follow, max-snippet:-1, max-image-preview:large, max-video-preview:-1\" \/>\n<link rel=\"canonical\" href=\"https:\/\/www.mexicanguitarplayers.com\/en\/tienda\/sin%20categor\u00eda\/rebobinador-d-cuerdas-music-nomad-mn223\/\" \/>\n<meta property=\"og:locale\" content=\"en_US\" \/>\n<meta property=\"og:type\" content=\"article\" \/>\n<meta property=\"og:title\" content=\"REBOBINADOR D\/CUERDAS MUSIC NOMAD MN223 - Mexican Guitar Players\" \/>\n<meta property=\"og:description\" content=\"Rebobinador de cuerdas, cortador, tirador todo en uno para guitarra el\u00e9ctrica y ac\u00fastica, bajo, ukelele, banjo y mandolina. Con dise\u00f1o \u00fanico de cabezal forrado de caucho sin rayones ni ruidos met\u00e1licos que se adapta y sujeta pr\u00e1cticamente todas las clavijas de afinaci\u00f3n y el dise\u00f1o de perfil estrecho evita que golpee otras clavijas. Innovadora construcci\u00f3n de cojinetes de precisi\u00f3n para un enrollado sin esfuerzo, silencioso y superr\u00e1pido con un c\u00f3modo agarre ergon\u00f3mico centrado debajo del cojinete para una rotaci\u00f3n de giro perfectamente equilibrada. El cortador de cuerdas est\u00e1 hecho con una fuerte construcci\u00f3n de acero al carbono y funciona muy bien para todos los tipos de cuerdas. Las empu\u00f1aduras ergon\u00f3micas de goma grandes y peque\u00f1as son una buena ventaja.Extractor de pasadores de puente innovador dise\u00f1ado para los pasadores de guitarra ac\u00fastica m\u00e1s populares.\" \/>\n<meta property=\"og:url\" content=\"https:\/\/www.mexicanguitarplayers.com\/en\/tienda\/sin categor\u00eda\/rebobinador-d-cuerdas-music-nomad-mn223\/\" \/>\n<meta property=\"og:site_name\" content=\"Mexican Guitar Players\" \/>\n<meta property=\"article:modified_time\" content=\"2026-04-10T10:25:29+00:00\" \/>\n<meta name=\"twitter:card\" content=\"summary_large_image\" \/>\n<meta name=\"twitter:label1\" content=\"Est. reading time\" \/>\n\t<meta name=\"twitter:data1\" content=\"1 minute\" \/>\n<script type=\"application\/ld+json\" class=\"yoast-schema-graph\">{\"@context\":\"https:\\\/\\\/schema.org\",\"@graph\":[{\"@type\":[\"WebPage\",\"ItemPage\"],\"@id\":\"https:\\\/\\\/www.mexicanguitarplayers.com\\\/tienda\\\/sin categor\u00eda\\\/rebobinador-d-cuerdas-music-nomad-mn223\\\/\",\"url\":\"https:\\\/\\\/www.mexicanguitarplayers.com\\\/tienda\\\/sin categor\u00eda\\\/rebobinador-d-cuerdas-music-nomad-mn223\\\/\",\"name\":\"REBOBINADOR D\\\/CUERDAS MUSIC NOMAD MN223 - Mexican Guitar Players\",\"isPartOf\":{\"@id\":\"https:\\\/\\\/www.mexicanguitarplayers.com\\\/#website\"},\"primaryImageOfPage\":{\"@id\":\"https:\\\/\\\/www.mexicanguitarplayers.com\\\/tienda\\\/sin categor\u00eda\\\/rebobinador-d-cuerdas-music-nomad-mn223\\\/#primaryimage\"},\"image\":{\"@id\":\"https:\\\/\\\/www.mexicanguitarplayers.com\\\/tienda\\\/sin categor\u00eda\\\/rebobinador-d-cuerdas-music-nomad-mn223\\\/#primaryimage\"},\"thumbnailUrl\":\"https:\\\/\\\/www.mexicanguitarplayers.com\\\/wp-content\\\/uploads\\\/2025\\\/04\\\/RAMNDMN223.jpg\",\"datePublished\":\"2025-04-09T11:32:41+00:00\",\"dateModified\":\"2026-04-10T10:25:29+00:00\",\"description\":\"Rebobinador de cuerdas, cortador, tirador todo en uno para guitarra el\u00e9ctrica y ac\u00fastica, bajo, ukelele, banjo y mandolina. Con dise\u00f1o \u00fanico de cabezal forrado de caucho sin rayones ni ruidos met\u00e1licos que se adapta y sujeta pr\u00e1cticamente todas las clavijas de afinaci\u00f3n y el dise\u00f1o de perfil estrecho evita que golpee otras clavijas. Innovadora construcci\u00f3n de cojinetes de precisi\u00f3n para un enrollado sin esfuerzo, silencioso y superr\u00e1pido con un c\u00f3modo agarre ergon\u00f3mico centrado debajo del cojinete para una rotaci\u00f3n de giro perfectamente equilibrada. El cortador de cuerdas est\u00e1 hecho con una fuerte construcci\u00f3n de acero al carbono y funciona muy bien para todos los tipos de cuerdas. Las empu\u00f1aduras ergon\u00f3micas de goma grandes y peque\u00f1as son una buena ventaja.Extractor de pasadores de puente innovador dise\u00f1ado para los pasadores de guitarra ac\u00fastica m\u00e1s populares.\",\"breadcrumb\":{\"@id\":\"https:\\\/\\\/www.mexicanguitarplayers.com\\\/tienda\\\/sin categor\u00eda\\\/rebobinador-d-cuerdas-music-nomad-mn223\\\/#breadcrumb\"},\"inLanguage\":\"en-US\",\"potentialAction\":[{\"@type\":\"ReadAction\",\"target\":[\"https:\\\/\\\/www.mexicanguitarplayers.com\\\/tienda\\\/sin categor\u00eda\\\/rebobinador-d-cuerdas-music-nomad-mn223\\\/\"]}]},{\"@type\":\"ImageObject\",\"inLanguage\":\"en-US\",\"@id\":\"https:\\\/\\\/www.mexicanguitarplayers.com\\\/tienda\\\/sin categor\u00eda\\\/rebobinador-d-cuerdas-music-nomad-mn223\\\/#primaryimage\",\"url\":\"https:\\\/\\\/www.mexicanguitarplayers.com\\\/wp-content\\\/uploads\\\/2025\\\/04\\\/RAMNDMN223.jpg\",\"contentUrl\":\"https:\\\/\\\/www.mexicanguitarplayers.com\\\/wp-content\\\/uploads\\\/2025\\\/04\\\/RAMNDMN223.jpg\",\"width\":1200,\"height\":1200},{\"@type\":\"BreadcrumbList\",\"@id\":\"https:\\\/\\\/www.mexicanguitarplayers.com\\\/tienda\\\/sin categor\u00eda\\\/rebobinador-d-cuerdas-music-nomad-mn223\\\/#breadcrumb\",\"itemListElement\":[{\"@type\":\"ListItem\",\"position\":1,\"name\":\"Portada\",\"item\":\"https:\\\/\\\/www.mexicanguitarplayers.com\\\/\"},{\"@type\":\"ListItem\",\"position\":2,\"name\":\"Tienda\",\"item\":\"https:\\\/\\\/www.mexicanguitarplayers.com\\\/tienda\\\/\"},{\"@type\":\"ListItem\",\"position\":3,\"name\":\"REBOBINADOR D\\\/CUERDAS MUSIC NOMAD MN223\"}]},{\"@type\":\"WebSite\",\"@id\":\"https:\\\/\\\/www.mexicanguitarplayers.com\\\/#website\",\"url\":\"https:\\\/\\\/www.mexicanguitarplayers.com\\\/\",\"name\":\"Mexican Guitar Players\",\"description\":\"Website\",\"publisher\":{\"@id\":\"https:\\\/\\\/www.mexicanguitarplayers.com\\\/#organization\"},\"potentialAction\":[{\"@type\":\"SearchAction\",\"target\":{\"@type\":\"EntryPoint\",\"urlTemplate\":\"https:\\\/\\\/www.mexicanguitarplayers.com\\\/?s={search_term_string}\"},\"query-input\":{\"@type\":\"PropertyValueSpecification\",\"valueRequired\":true,\"valueName\":\"search_term_string\"}}],\"inLanguage\":\"en-US\"},{\"@type\":\"Organization\",\"@id\":\"https:\\\/\\\/www.mexicanguitarplayers.com\\\/#organization\",\"name\":\"Mexican Guitar Players\",\"url\":\"https:\\\/\\\/www.mexicanguitarplayers.com\\\/\",\"logo\":{\"@type\":\"ImageObject\",\"inLanguage\":\"en-US\",\"@id\":\"https:\\\/\\\/www.mexicanguitarplayers.com\\\/#\\\/schema\\\/logo\\\/image\\\/\",\"url\":\"\",\"contentUrl\":\"\",\"caption\":\"Mexican Guitar Players\"},\"image\":{\"@id\":\"https:\\\/\\\/www.mexicanguitarplayers.com\\\/#\\\/schema\\\/logo\\\/image\\\/\"}}]}<\/script>\n<!-- \/ Yoast SEO plugin. -->","yoast_head_json":{"title":"REBOBINADOR D\/CUERDAS MUSIC NOMAD MN223 - Mexican Guitar Players","description":"Rebobinador de cuerdas, cortador, tirador todo en uno para guitarra el\u00e9ctrica y ac\u00fastica, bajo, ukelele, banjo y mandolina. Con dise\u00f1o \u00fanico de cabezal forrado de caucho sin rayones ni ruidos met\u00e1licos que se adapta y sujeta pr\u00e1cticamente todas las clavijas de afinaci\u00f3n y el dise\u00f1o de perfil estrecho evita que golpee otras clavijas. Innovadora construcci\u00f3n de cojinetes de precisi\u00f3n para un enrollado sin esfuerzo, silencioso y superr\u00e1pido con un c\u00f3modo agarre ergon\u00f3mico centrado debajo del cojinete para una rotaci\u00f3n de giro perfectamente equilibrada. El cortador de cuerdas est\u00e1 hecho con una fuerte construcci\u00f3n de acero al carbono y funciona muy bien para todos los tipos de cuerdas. Las empu\u00f1aduras ergon\u00f3micas de goma grandes y peque\u00f1as son una buena ventaja.Extractor de pasadores de puente innovador dise\u00f1ado para los pasadores de guitarra ac\u00fastica m\u00e1s populares.","robots":{"index":"index","follow":"follow","max-snippet":"max-snippet:-1","max-image-preview":"max-image-preview:large","max-video-preview":"max-video-preview:-1"},"canonical":"https:\/\/www.mexicanguitarplayers.com\/en\/tienda\/sin categor\u00eda\/rebobinador-d-cuerdas-music-nomad-mn223\/","og_locale":"en_US","og_type":"article","og_title":"REBOBINADOR D\/CUERDAS MUSIC NOMAD MN223 - Mexican Guitar Players","og_description":"Rebobinador de cuerdas, cortador, tirador todo en uno para guitarra el\u00e9ctrica y ac\u00fastica, bajo, ukelele, banjo y mandolina. Con dise\u00f1o \u00fanico de cabezal forrado de caucho sin rayones ni ruidos met\u00e1licos que se adapta y sujeta pr\u00e1cticamente todas las clavijas de afinaci\u00f3n y el dise\u00f1o de perfil estrecho evita que golpee otras clavijas. Innovadora construcci\u00f3n de cojinetes de precisi\u00f3n para un enrollado sin esfuerzo, silencioso y superr\u00e1pido con un c\u00f3modo agarre ergon\u00f3mico centrado debajo del cojinete para una rotaci\u00f3n de giro perfectamente equilibrada. El cortador de cuerdas est\u00e1 hecho con una fuerte construcci\u00f3n de acero al carbono y funciona muy bien para todos los tipos de cuerdas. Las empu\u00f1aduras ergon\u00f3micas de goma grandes y peque\u00f1as son una buena ventaja.Extractor de pasadores de puente innovador dise\u00f1ado para los pasadores de guitarra ac\u00fastica m\u00e1s populares.","og_url":"https:\/\/www.mexicanguitarplayers.com\/en\/tienda\/sin categor\u00eda\/rebobinador-d-cuerdas-music-nomad-mn223\/","og_site_name":"Mexican Guitar Players","article_modified_time":"2026-04-10T10:25:29+00:00","twitter_card":"summary_large_image","twitter_misc":{"Est. reading time":"1 minute"},"schema":{"@context":"https:\/\/schema.org","@graph":[{"@type":["WebPage","ItemPage"],"@id":"https:\/\/www.mexicanguitarplayers.com\/tienda\/sin categor\u00eda\/rebobinador-d-cuerdas-music-nomad-mn223\/","url":"https:\/\/www.mexicanguitarplayers.com\/tienda\/sin categor\u00eda\/rebobinador-d-cuerdas-music-nomad-mn223\/","name":"REBOBINADOR D\/CUERDAS MUSIC NOMAD MN223 - Mexican Guitar Players","isPartOf":{"@id":"https:\/\/www.mexicanguitarplayers.com\/#website"},"primaryImageOfPage":{"@id":"https:\/\/www.mexicanguitarplayers.com\/tienda\/sin categor\u00eda\/rebobinador-d-cuerdas-music-nomad-mn223\/#primaryimage"},"image":{"@id":"https:\/\/www.mexicanguitarplayers.com\/tienda\/sin categor\u00eda\/rebobinador-d-cuerdas-music-nomad-mn223\/#primaryimage"},"thumbnailUrl":"https:\/\/www.mexicanguitarplayers.com\/wp-content\/uploads\/2025\/04\/RAMNDMN223.jpg","datePublished":"2025-04-09T11:32:41+00:00","dateModified":"2026-04-10T10:25:29+00:00","description":"Rebobinador de cuerdas, cortador, tirador todo en uno para guitarra el\u00e9ctrica y ac\u00fastica, bajo, ukelele, banjo y mandolina. Con dise\u00f1o \u00fanico de cabezal forrado de caucho sin rayones ni ruidos met\u00e1licos que se adapta y sujeta pr\u00e1cticamente todas las clavijas de afinaci\u00f3n y el dise\u00f1o de perfil estrecho evita que golpee otras clavijas. Innovadora construcci\u00f3n de cojinetes de precisi\u00f3n para un enrollado sin esfuerzo, silencioso y superr\u00e1pido con un c\u00f3modo agarre ergon\u00f3mico centrado debajo del cojinete para una rotaci\u00f3n de giro perfectamente equilibrada. El cortador de cuerdas est\u00e1 hecho con una fuerte construcci\u00f3n de acero al carbono y funciona muy bien para todos los tipos de cuerdas. Las empu\u00f1aduras ergon\u00f3micas de goma grandes y peque\u00f1as son una buena ventaja.Extractor de pasadores de puente innovador dise\u00f1ado para los pasadores de guitarra ac\u00fastica m\u00e1s populares.","breadcrumb":{"@id":"https:\/\/www.mexicanguitarplayers.com\/tienda\/sin categor\u00eda\/rebobinador-d-cuerdas-music-nomad-mn223\/#breadcrumb"},"inLanguage":"en-US","potentialAction":[{"@type":"ReadAction","target":["https:\/\/www.mexicanguitarplayers.com\/tienda\/sin categor\u00eda\/rebobinador-d-cuerdas-music-nomad-mn223\/"]}]},{"@type":"ImageObject","inLanguage":"en-US","@id":"https:\/\/www.mexicanguitarplayers.com\/tienda\/sin categor\u00eda\/rebobinador-d-cuerdas-music-nomad-mn223\/#primaryimage","url":"https:\/\/www.mexicanguitarplayers.com\/wp-content\/uploads\/2025\/04\/RAMNDMN223.jpg","contentUrl":"https:\/\/www.mexicanguitarplayers.com\/wp-content\/uploads\/2025\/04\/RAMNDMN223.jpg","width":1200,"height":1200},{"@type":"BreadcrumbList","@id":"https:\/\/www.mexicanguitarplayers.com\/tienda\/sin categor\u00eda\/rebobinador-d-cuerdas-music-nomad-mn223\/#breadcrumb","itemListElement":[{"@type":"ListItem","position":1,"name":"Portada","item":"https:\/\/www.mexicanguitarplayers.com\/"},{"@type":"ListItem","position":2,"name":"Tienda","item":"https:\/\/www.mexicanguitarplayers.com\/tienda\/"},{"@type":"ListItem","position":3,"name":"REBOBINADOR D\/CUERDAS MUSIC NOMAD MN223"}]},{"@type":"WebSite","@id":"https:\/\/www.mexicanguitarplayers.com\/#website","url":"https:\/\/www.mexicanguitarplayers.com\/","name":"Mexican Guitar Players","description":"Website","publisher":{"@id":"https:\/\/www.mexicanguitarplayers.com\/#organization"},"potentialAction":[{"@type":"SearchAction","target":{"@type":"EntryPoint","urlTemplate":"https:\/\/www.mexicanguitarplayers.com\/?s={search_term_string}"},"query-input":{"@type":"PropertyValueSpecification","valueRequired":true,"valueName":"search_term_string"}}],"inLanguage":"en-US"},{"@type":"Organization","@id":"https:\/\/www.mexicanguitarplayers.com\/#organization","name":"Mexican Guitar Players","url":"https:\/\/www.mexicanguitarplayers.com\/","logo":{"@type":"ImageObject","inLanguage":"en-US","@id":"https:\/\/www.mexicanguitarplayers.com\/#\/schema\/logo\/image\/","url":"","contentUrl":"","caption":"Mexican Guitar Players"},"image":{"@id":"https:\/\/www.mexicanguitarplayers.com\/#\/schema\/logo\/image\/"}}]}},"brands":[{"id":622,"name":"MUSIC NOMAD","slug":"music-nomad"}],"_links":{"self":[{"href":"https:\/\/www.mexicanguitarplayers.com\/en\/wp-json\/wp\/v2\/product\/36989","targetHints":{"allow":["GET"]}}],"collection":[{"href":"https:\/\/www.mexicanguitarplayers.com\/en\/wp-json\/wp\/v2\/product"}],"about":[{"href":"https:\/\/www.mexicanguitarplayers.com\/en\/wp-json\/wp\/v2\/types\/product"}],"replies":[{"embeddable":true,"href":"https:\/\/www.mexicanguitarplayers.com\/en\/wp-json\/wp\/v2\/comments?post=36989"}],"wp:featuredmedia":[{"embeddable":true,"href":"https:\/\/www.mexicanguitarplayers.com\/en\/wp-json\/wp\/v2\/media\/36981"}],"wp:attachment":[{"href":"https:\/\/www.mexicanguitarplayers.com\/en\/wp-json\/wp\/v2\/media?parent=36989"}],"wp:term":[{"taxonomy":"pwb-brand","embeddable":true,"href":"https:\/\/www.mexicanguitarplayers.com\/en\/wp-json\/wp\/v2\/pwb-brand?post=36989"},{"taxonomy":"product_brand","embeddable":true,"href":"https:\/\/www.mexicanguitarplayers.com\/en\/wp-json\/wp\/v2\/product_brand?post=36989"},{"taxonomy":"product_cat","embeddable":true,"href":"https:\/\/www.mexicanguitarplayers.com\/en\/wp-json\/wp\/v2\/product_cat?post=36989"},{"taxonomy":"product_tag","embeddable":true,"href":"https:\/\/www.mexicanguitarplayers.com\/en\/wp-json\/wp\/v2\/product_tag?post=36989"}],"curies":[{"name":"wp","href":"https:\/\/api.w.org\/{rel}","templated":true}]}}