{"id":36999,"date":"2025-04-09T05:32:52","date_gmt":"2025-04-09T11:32:52","guid":{"rendered":"https:\/\/www.mexicanguitarplayers.com\/tienda\/sin categor\u00eda\/pedal-source-audio-bass-envelope-filter\/"},"modified":"2026-04-10T04:25:27","modified_gmt":"2026-04-10T10:25:27","slug":"pedal-source-audio-bass-envelope-filter","status":"publish","type":"product","link":"https:\/\/www.mexicanguitarplayers.com\/en\/tienda\/cuerdas\/efectos\/efectos-individuales\/pedal-source-audio-bass-envelope-filter\/","title":{"rendered":"PEDAL SOURCE AUDIO BASS ENVELOPE FILTER"},"content":{"rendered":"<div style=\"text-align: justify\">\n<div>\n<h3>Obt\u00e9n un filtro que nunca imaginaste.<\/h3>\n<\/div>\n<div>El Soundblox Pro Bass Envelope Filter es una evoluci\u00f3n de su popular predecesor, el Soundblox BEF est\u00e1ndar. Como antes, hay 22 diferentes efectos de filtro envolvente para elegir, incluyendo 2 variaciones pole y 4 pole low, pico sencillo, pico triple, variaciones Peak\/Notch as\u00ed como ajustes de phaser. Cada una de estas configuraciones puede modificarse adicionalmente con una variedad de opciones de control, incluyendo filter sweeps positivo\/negativo, rango sweep, ajuste de velocidad y ataque o selecci\u00f3n de rango de frecuencia. En esta versi\u00f3n Pro, los usuarios pueden elegir entre cuatro diferentes fuentes de modulaci\u00f3n, incluyendo filtros sweep est\u00e1ndar envolventes, formas de onda LFO seleccionable, un pedal pasivo de expresi\u00f3n y anillo de detecci\u00f3n de movimiento Hot Hand. Una entrada de pedal de expresi\u00f3n puede usarse para controlar la modulaci\u00f3n del filtro, como en un pedal de wah est\u00e1ndar o una amplia variedad de par\u00e1metros, incluyendo el rango de barrido, la selecci\u00f3n de efectos, la velocidad del LFO y m\u00e1s. Como en nuestros otros pedales de la serie Pro, el BEF Pro cuenta con tres pedales para mantener 6 preajustes personalizables, pero tambi\u00e9n incluye una opci\u00f3n para Tap Tempo LFO en uno de los pedales.<\/div>\n<div>\n<h4>Quick look<\/h4>\n<\/div>\n<ul style=\"margin: 0px 0px 0px 25px\">\n<li style=\"list-style-type: circle;margin: 5px\">Kind.<\/li>\n<li style=\"list-style-type: circle;margin: 5px\">Characteristics.<\/li>\n<li style=\"list-style-type: circle;margin: 5px\">Dimensions.<\/li>\n<\/ul>\n<div>\n<div style=\"font-weight: bold\">Kind.<\/div>\n<div>\n<p>Pedal de filtro para bajo.<\/p>\n<\/div>\n<div style=\"font-weight: bold\">Characteristics.<\/div>\n<div>\n<p>22 sonidos de filtro incluyendo 2 Pole Low Pass, 4 Pole Low Pass, Single Peak, Triple Peak, Peak &amp; Notch y Phasers. Barrido de filtro positivo y negativo con rango variable y sensibilidad. Perilla Wet\/Dry Mix con nuestro algoritmo exclusivo de conservaci\u00f3n \u2018Lo-Retain\u2122\u2019. 4 fuentes de modulaci\u00f3n incluyendo envolvente, LFO, pedal de expresi\u00f3n y Hot Hand. Control de velocidad Tap Tempo para LFO. DSP de vanguardia (nuestro procesador patentado de se\u00f1al digital de 56 bits SA602 y convertidores de 24 bits de gran claridad). 6 preajustes de usuario (preajustes de usuario f\u00e1ciles de configurar en 2 bancos seleccionables por medio de 3 footswitches para un r\u00e1pido acceso a tus sonidos favoritos). Ecualizador ultra preciso de 7 bandas para control de tono en profundidad que puede guardarse por preajuste. Control extendido (una entrada de expresi\u00f3n que permite el control de una amplia variedad de par\u00e1metros de pedal, una entrada MIDI tambi\u00e9n permite el acceso externo a preajustes y par\u00e1metros). Control Motion (todos los pedales Soundblox y Soundblox Pro son &#8216;Hot Hand Ready\u00ae\u2019 y se pueden usar con cualquier sensor de movimiento Hot Hand para ampliar las capacidades de la unidad). Bypass an\u00e1logo activo (el bypass est\u00e1 completamente enrutado alrededor del DSP y la entrada activa asegura la degradaci\u00f3n de se\u00f1al cero). Incluye fuente de alimentaci\u00f3n de 9V DC.<\/p>\n<\/div>\n<div style=\"font-weight: bold\">Dimensions.<\/div>\n<div>\n<p>17.8 x 15.25 x 5 cm.<\/p>\n<\/div>\n<\/div>\n<\/div>","protected":false},"excerpt":{"rendered":"<p>Pedal de filtro para bajo, 22 sonidos de filtro incluyendo 2 Pole Low Pass, 4 Pole Low Pass, Single Peak, Triple Peak, Peak &amp; Notch y Phasers, barrido de filtro positivo y negativo con rango variable y sensibilidad, perilla Wet\/Dry Mix con nuestro algoritmo exclusivo de conservaci\u00f3n \u2018Lo-Retain\u2122\u2019, 4 fuentes de modulaci\u00f3n incluyendo envolvente, LFO, pedal de expresi\u00f3n y Hot Hand, control de velocidad Tap Tempo para LFO, DSP de vanguardia (nuestro procesador patentado de se\u00f1al digital de 56 bits SA602 y convertidores de 24 bits de gran claridad), 6 preajustes de usuario (preajustes de usuario f\u00e1ciles de configurar en 2 bancos seleccionables por medio de 3 footswitches para un r\u00e1pido acceso a tus sonidos favoritos), ecualizador ultra preciso de 7 bandas para control de tono en profundidad que puede guardarse por preajuste, control extendido (una entrada de expresi\u00f3n que permite el control de una amplia variedad de par\u00e1metros de pedal, una entrada MIDI tambi\u00e9n permite el acceso externo a preajustes y par\u00e1metros), control Motion (todos los pedales Soundblox y Soundblox Pro son &#8216;Hot Hand Ready\u00ae\u2019 y se pueden usar con cualquier sensor de movimiento Hot Hand para ampliar las capacidades de la unidad), bypass an\u00e1logo activo (el bypass est\u00e1 completamente enrutado alrededor del DSP y la entrada activa asegura la degradaci\u00f3n de se\u00f1al cero), incluye fuente de alimentaci\u00f3n de 9V DC, dimensiones: 17.8 x 15.25 x 5 cm.&hellip; <a class=\"kt-excerpt-readmore more-link\" href=\"https:\/\/www.mexicanguitarplayers.com\/en\/tienda\/cuerdas\/efectos\/efectos-individuales\/pedal-source-audio-bass-envelope-filter\/\">Read more<\/a><\/p>","protected":false},"featured_media":36998,"comment_status":"open","ping_status":"closed","template":"","meta":{"kt_blocks_editor_width":""},"pwb-brand":[608],"product_brand":[],"product_cat":[224,241,504],"product_tag":[],"class_list":{"0":"post-36999","1":"product","2":"type-product","3":"status-publish","4":"has-post-thumbnail","6":"pwb-brand-source-audio","7":"product_cat-cuerdas","8":"product_cat-efectos","9":"product_cat-efectos-individuales","10":"product_shipping_class-0-5-kg","12":"first","13":"outofstock","14":"taxable","15":"shipping-taxable","16":"purchasable","17":"product-type-simple"},"yoast_head":"<!-- This site is optimized with the Yoast SEO plugin v27.5 - https:\/\/yoast.com\/product\/yoast-seo-wordpress\/ -->\n<title>PEDAL SOURCE AUDIO BASS ENVELOPE FILTER - Mexican Guitar Players<\/title>\n<meta name=\"description\" content=\"Pedal de filtro para bajo, 22 sonidos de filtro incluyendo 2 Pole Low Pass, 4 Pole Low Pass, Single Peak, Triple Peak, Peak &amp; Notch y Phasers, barrido de filtro positivo y negativo con rango variable y sensibilidad, perilla Wet\/Dry Mix con nuestro algoritmo exclusivo de conservaci\u00f3n \u2018Lo-Retain\u2122\u2019, 4 fuentes de modulaci\u00f3n incluyendo envolvente, LFO, pedal de expresi\u00f3n y Hot Hand, control de velocidad Tap Tempo para LFO, DSP de vanguardia (nuestro procesador patentado de se\u00f1al digital de 56 bits SA602 y convertidores de 24 bits de gran claridad), 6 preajustes de usuario (preajustes de usuario f\u00e1ciles de configurar en 2 bancos seleccionables por medio de 3 footswitches para un r\u00e1pido acceso a tus sonidos favoritos), ecualizador ultra preciso de 7 bandas para control de tono en profundidad que puede guardarse por preajuste, control extendido (una entrada de expresi\u00f3n que permite el control de una amplia variedad de par\u00e1metros de pedal, una entrada MIDI tambi\u00e9n permite el acceso externo a preajustes y par\u00e1metros), control Motion (todos los pedales Soundblox y Soundblox Pro son &#039;Hot Hand Ready\u00ae\u2019 y se pueden usar con cualquier sensor de movimiento Hot Hand para ampliar las capacidades de la unidad), bypass an\u00e1logo activo (el bypass est\u00e1 completamente enrutado alrededor del DSP y la entrada activa asegura la degradaci\u00f3n de se\u00f1al cero), incluye fuente de alimentaci\u00f3n de 9V DC, dimensiones: 17.8 x 15.25 x 5 cm.\" \/>\n<meta name=\"robots\" content=\"index, follow, max-snippet:-1, max-image-preview:large, max-video-preview:-1\" \/>\n<link rel=\"canonical\" href=\"https:\/\/www.mexicanguitarplayers.com\/en\/tienda\/sin%20categor\u00eda\/pedal-source-audio-bass-envelope-filter\/\" \/>\n<meta property=\"og:locale\" content=\"en_US\" \/>\n<meta property=\"og:type\" content=\"article\" \/>\n<meta property=\"og:title\" content=\"PEDAL SOURCE AUDIO BASS ENVELOPE FILTER - Mexican Guitar Players\" \/>\n<meta property=\"og:description\" content=\"Pedal de filtro para bajo, 22 sonidos de filtro incluyendo 2 Pole Low Pass, 4 Pole Low Pass, Single Peak, Triple Peak, Peak &amp; Notch y Phasers, barrido de filtro positivo y negativo con rango variable y sensibilidad, perilla Wet\/Dry Mix con nuestro algoritmo exclusivo de conservaci\u00f3n \u2018Lo-Retain\u2122\u2019, 4 fuentes de modulaci\u00f3n incluyendo envolvente, LFO, pedal de expresi\u00f3n y Hot Hand, control de velocidad Tap Tempo para LFO, DSP de vanguardia (nuestro procesador patentado de se\u00f1al digital de 56 bits SA602 y convertidores de 24 bits de gran claridad), 6 preajustes de usuario (preajustes de usuario f\u00e1ciles de configurar en 2 bancos seleccionables por medio de 3 footswitches para un r\u00e1pido acceso a tus sonidos favoritos), ecualizador ultra preciso de 7 bandas para control de tono en profundidad que puede guardarse por preajuste, control extendido (una entrada de expresi\u00f3n que permite el control de una amplia variedad de par\u00e1metros de pedal, una entrada MIDI tambi\u00e9n permite el acceso externo a preajustes y par\u00e1metros), control Motion (todos los pedales Soundblox y Soundblox Pro son &#039;Hot Hand Ready\u00ae\u2019 y se pueden usar con cualquier sensor de movimiento Hot Hand para ampliar las capacidades de la unidad), bypass an\u00e1logo activo (el bypass est\u00e1 completamente enrutado alrededor del DSP y la entrada activa asegura la degradaci\u00f3n de se\u00f1al cero), incluye fuente de alimentaci\u00f3n de 9V DC, dimensiones: 17.8 x 15.25 x 5 cm.\" \/>\n<meta property=\"og:url\" content=\"https:\/\/www.mexicanguitarplayers.com\/en\/tienda\/sin categor\u00eda\/pedal-source-audio-bass-envelope-filter\/\" \/>\n<meta property=\"og:site_name\" content=\"Mexican Guitar Players\" \/>\n<meta property=\"article:modified_time\" content=\"2026-04-10T10:25:27+00:00\" \/>\n<meta name=\"twitter:card\" content=\"summary_large_image\" \/>\n<meta name=\"twitter:label1\" content=\"Est. reading time\" \/>\n\t<meta name=\"twitter:data1\" content=\"2 minutes\" \/>\n<script type=\"application\/ld+json\" class=\"yoast-schema-graph\">{\"@context\":\"https:\\\/\\\/schema.org\",\"@graph\":[{\"@type\":[\"WebPage\",\"ItemPage\"],\"@id\":\"https:\\\/\\\/www.mexicanguitarplayers.com\\\/tienda\\\/sin categor\u00eda\\\/pedal-source-audio-bass-envelope-filter\\\/\",\"url\":\"https:\\\/\\\/www.mexicanguitarplayers.com\\\/tienda\\\/sin categor\u00eda\\\/pedal-source-audio-bass-envelope-filter\\\/\",\"name\":\"PEDAL SOURCE AUDIO BASS ENVELOPE FILTER - Mexican Guitar Players\",\"isPartOf\":{\"@id\":\"https:\\\/\\\/www.mexicanguitarplayers.com\\\/#website\"},\"primaryImageOfPage\":{\"@id\":\"https:\\\/\\\/www.mexicanguitarplayers.com\\\/tienda\\\/sin categor\u00eda\\\/pedal-source-audio-bass-envelope-filter\\\/#primaryimage\"},\"image\":{\"@id\":\"https:\\\/\\\/www.mexicanguitarplayers.com\\\/tienda\\\/sin categor\u00eda\\\/pedal-source-audio-bass-envelope-filter\\\/#primaryimage\"},\"thumbnailUrl\":\"https:\\\/\\\/www.mexicanguitarplayers.com\\\/wp-content\\\/uploads\\\/2025\\\/04\\\/VASIOSA143.jpg\",\"datePublished\":\"2025-04-09T11:32:52+00:00\",\"dateModified\":\"2026-04-10T10:25:27+00:00\",\"description\":\"Pedal de filtro para bajo, 22 sonidos de filtro incluyendo 2 Pole Low Pass, 4 Pole Low Pass, Single Peak, Triple Peak, Peak &amp; Notch y Phasers, barrido de filtro positivo y negativo con rango variable y sensibilidad, perilla Wet\\\/Dry Mix con nuestro algoritmo exclusivo de conservaci\u00f3n \u2018Lo-Retain\u2122\u2019, 4 fuentes de modulaci\u00f3n incluyendo envolvente, LFO, pedal de expresi\u00f3n y Hot Hand, control de velocidad Tap Tempo para LFO, DSP de vanguardia (nuestro procesador patentado de se\u00f1al digital de 56 bits SA602 y convertidores de 24 bits de gran claridad), 6 preajustes de usuario (preajustes de usuario f\u00e1ciles de configurar en 2 bancos seleccionables por medio de 3 footswitches para un r\u00e1pido acceso a tus sonidos favoritos), ecualizador ultra preciso de 7 bandas para control de tono en profundidad que puede guardarse por preajuste, control extendido (una entrada de expresi\u00f3n que permite el control de una amplia variedad de par\u00e1metros de pedal, una entrada MIDI tambi\u00e9n permite el acceso externo a preajustes y par\u00e1metros), control Motion (todos los pedales Soundblox y Soundblox Pro son 'Hot Hand Ready\u00ae\u2019 y se pueden usar con cualquier sensor de movimiento Hot Hand para ampliar las capacidades de la unidad), bypass an\u00e1logo activo (el bypass est\u00e1 completamente enrutado alrededor del DSP y la entrada activa asegura la degradaci\u00f3n de se\u00f1al cero), incluye fuente de alimentaci\u00f3n de 9V DC, dimensiones: 17.8 x 15.25 x 5 cm.\",\"breadcrumb\":{\"@id\":\"https:\\\/\\\/www.mexicanguitarplayers.com\\\/tienda\\\/sin categor\u00eda\\\/pedal-source-audio-bass-envelope-filter\\\/#breadcrumb\"},\"inLanguage\":\"en-US\",\"potentialAction\":[{\"@type\":\"ReadAction\",\"target\":[\"https:\\\/\\\/www.mexicanguitarplayers.com\\\/tienda\\\/sin categor\u00eda\\\/pedal-source-audio-bass-envelope-filter\\\/\"]}]},{\"@type\":\"ImageObject\",\"inLanguage\":\"en-US\",\"@id\":\"https:\\\/\\\/www.mexicanguitarplayers.com\\\/tienda\\\/sin categor\u00eda\\\/pedal-source-audio-bass-envelope-filter\\\/#primaryimage\",\"url\":\"https:\\\/\\\/www.mexicanguitarplayers.com\\\/wp-content\\\/uploads\\\/2025\\\/04\\\/VASIOSA143.jpg\",\"contentUrl\":\"https:\\\/\\\/www.mexicanguitarplayers.com\\\/wp-content\\\/uploads\\\/2025\\\/04\\\/VASIOSA143.jpg\",\"width\":1200,\"height\":1200},{\"@type\":\"BreadcrumbList\",\"@id\":\"https:\\\/\\\/www.mexicanguitarplayers.com\\\/tienda\\\/sin categor\u00eda\\\/pedal-source-audio-bass-envelope-filter\\\/#breadcrumb\",\"itemListElement\":[{\"@type\":\"ListItem\",\"position\":1,\"name\":\"Portada\",\"item\":\"https:\\\/\\\/www.mexicanguitarplayers.com\\\/\"},{\"@type\":\"ListItem\",\"position\":2,\"name\":\"Tienda\",\"item\":\"https:\\\/\\\/www.mexicanguitarplayers.com\\\/tienda\\\/\"},{\"@type\":\"ListItem\",\"position\":3,\"name\":\"PEDAL SOURCE AUDIO BASS ENVELOPE FILTER\"}]},{\"@type\":\"WebSite\",\"@id\":\"https:\\\/\\\/www.mexicanguitarplayers.com\\\/#website\",\"url\":\"https:\\\/\\\/www.mexicanguitarplayers.com\\\/\",\"name\":\"Mexican Guitar Players\",\"description\":\"Website\",\"publisher\":{\"@id\":\"https:\\\/\\\/www.mexicanguitarplayers.com\\\/#organization\"},\"potentialAction\":[{\"@type\":\"SearchAction\",\"target\":{\"@type\":\"EntryPoint\",\"urlTemplate\":\"https:\\\/\\\/www.mexicanguitarplayers.com\\\/?s={search_term_string}\"},\"query-input\":{\"@type\":\"PropertyValueSpecification\",\"valueRequired\":true,\"valueName\":\"search_term_string\"}}],\"inLanguage\":\"en-US\"},{\"@type\":\"Organization\",\"@id\":\"https:\\\/\\\/www.mexicanguitarplayers.com\\\/#organization\",\"name\":\"Mexican Guitar Players\",\"url\":\"https:\\\/\\\/www.mexicanguitarplayers.com\\\/\",\"logo\":{\"@type\":\"ImageObject\",\"inLanguage\":\"en-US\",\"@id\":\"https:\\\/\\\/www.mexicanguitarplayers.com\\\/#\\\/schema\\\/logo\\\/image\\\/\",\"url\":\"\",\"contentUrl\":\"\",\"caption\":\"Mexican Guitar Players\"},\"image\":{\"@id\":\"https:\\\/\\\/www.mexicanguitarplayers.com\\\/#\\\/schema\\\/logo\\\/image\\\/\"}}]}<\/script>\n<!-- \/ Yoast SEO plugin. -->","yoast_head_json":{"title":"PEDAL SOURCE AUDIO BASS ENVELOPE FILTER - Mexican Guitar Players","description":"Pedal de filtro para bajo, 22 sonidos de filtro incluyendo 2 Pole Low Pass, 4 Pole Low Pass, Single Peak, Triple Peak, Peak &amp; Notch y Phasers, barrido de filtro positivo y negativo con rango variable y sensibilidad, perilla Wet\/Dry Mix con nuestro algoritmo exclusivo de conservaci\u00f3n \u2018Lo-Retain\u2122\u2019, 4 fuentes de modulaci\u00f3n incluyendo envolvente, LFO, pedal de expresi\u00f3n y Hot Hand, control de velocidad Tap Tempo para LFO, DSP de vanguardia (nuestro procesador patentado de se\u00f1al digital de 56 bits SA602 y convertidores de 24 bits de gran claridad), 6 preajustes de usuario (preajustes de usuario f\u00e1ciles de configurar en 2 bancos seleccionables por medio de 3 footswitches para un r\u00e1pido acceso a tus sonidos favoritos), ecualizador ultra preciso de 7 bandas para control de tono en profundidad que puede guardarse por preajuste, control extendido (una entrada de expresi\u00f3n que permite el control de una amplia variedad de par\u00e1metros de pedal, una entrada MIDI tambi\u00e9n permite el acceso externo a preajustes y par\u00e1metros), control Motion (todos los pedales Soundblox y Soundblox Pro son 'Hot Hand Ready\u00ae\u2019 y se pueden usar con cualquier sensor de movimiento Hot Hand para ampliar las capacidades de la unidad), bypass an\u00e1logo activo (el bypass est\u00e1 completamente enrutado alrededor del DSP y la entrada activa asegura la degradaci\u00f3n de se\u00f1al cero), incluye fuente de alimentaci\u00f3n de 9V DC, dimensiones: 17.8 x 15.25 x 5 cm.","robots":{"index":"index","follow":"follow","max-snippet":"max-snippet:-1","max-image-preview":"max-image-preview:large","max-video-preview":"max-video-preview:-1"},"canonical":"https:\/\/www.mexicanguitarplayers.com\/en\/tienda\/sin categor\u00eda\/pedal-source-audio-bass-envelope-filter\/","og_locale":"en_US","og_type":"article","og_title":"PEDAL SOURCE AUDIO BASS ENVELOPE FILTER - Mexican Guitar Players","og_description":"Pedal de filtro para bajo, 22 sonidos de filtro incluyendo 2 Pole Low Pass, 4 Pole Low Pass, Single Peak, Triple Peak, Peak &amp; Notch y Phasers, barrido de filtro positivo y negativo con rango variable y sensibilidad, perilla Wet\/Dry Mix con nuestro algoritmo exclusivo de conservaci\u00f3n \u2018Lo-Retain\u2122\u2019, 4 fuentes de modulaci\u00f3n incluyendo envolvente, LFO, pedal de expresi\u00f3n y Hot Hand, control de velocidad Tap Tempo para LFO, DSP de vanguardia (nuestro procesador patentado de se\u00f1al digital de 56 bits SA602 y convertidores de 24 bits de gran claridad), 6 preajustes de usuario (preajustes de usuario f\u00e1ciles de configurar en 2 bancos seleccionables por medio de 3 footswitches para un r\u00e1pido acceso a tus sonidos favoritos), ecualizador ultra preciso de 7 bandas para control de tono en profundidad que puede guardarse por preajuste, control extendido (una entrada de expresi\u00f3n que permite el control de una amplia variedad de par\u00e1metros de pedal, una entrada MIDI tambi\u00e9n permite el acceso externo a preajustes y par\u00e1metros), control Motion (todos los pedales Soundblox y Soundblox Pro son 'Hot Hand Ready\u00ae\u2019 y se pueden usar con cualquier sensor de movimiento Hot Hand para ampliar las capacidades de la unidad), bypass an\u00e1logo activo (el bypass est\u00e1 completamente enrutado alrededor del DSP y la entrada activa asegura la degradaci\u00f3n de se\u00f1al cero), incluye fuente de alimentaci\u00f3n de 9V DC, dimensiones: 17.8 x 15.25 x 5 cm.","og_url":"https:\/\/www.mexicanguitarplayers.com\/en\/tienda\/sin categor\u00eda\/pedal-source-audio-bass-envelope-filter\/","og_site_name":"Mexican Guitar Players","article_modified_time":"2026-04-10T10:25:27+00:00","twitter_card":"summary_large_image","twitter_misc":{"Est. reading time":"2 minutes"},"schema":{"@context":"https:\/\/schema.org","@graph":[{"@type":["WebPage","ItemPage"],"@id":"https:\/\/www.mexicanguitarplayers.com\/tienda\/sin categor\u00eda\/pedal-source-audio-bass-envelope-filter\/","url":"https:\/\/www.mexicanguitarplayers.com\/tienda\/sin categor\u00eda\/pedal-source-audio-bass-envelope-filter\/","name":"PEDAL SOURCE AUDIO BASS ENVELOPE FILTER - Mexican Guitar Players","isPartOf":{"@id":"https:\/\/www.mexicanguitarplayers.com\/#website"},"primaryImageOfPage":{"@id":"https:\/\/www.mexicanguitarplayers.com\/tienda\/sin categor\u00eda\/pedal-source-audio-bass-envelope-filter\/#primaryimage"},"image":{"@id":"https:\/\/www.mexicanguitarplayers.com\/tienda\/sin categor\u00eda\/pedal-source-audio-bass-envelope-filter\/#primaryimage"},"thumbnailUrl":"https:\/\/www.mexicanguitarplayers.com\/wp-content\/uploads\/2025\/04\/VASIOSA143.jpg","datePublished":"2025-04-09T11:32:52+00:00","dateModified":"2026-04-10T10:25:27+00:00","description":"Pedal de filtro para bajo, 22 sonidos de filtro incluyendo 2 Pole Low Pass, 4 Pole Low Pass, Single Peak, Triple Peak, Peak &amp; Notch y Phasers, barrido de filtro positivo y negativo con rango variable y sensibilidad, perilla Wet\/Dry Mix con nuestro algoritmo exclusivo de conservaci\u00f3n \u2018Lo-Retain\u2122\u2019, 4 fuentes de modulaci\u00f3n incluyendo envolvente, LFO, pedal de expresi\u00f3n y Hot Hand, control de velocidad Tap Tempo para LFO, DSP de vanguardia (nuestro procesador patentado de se\u00f1al digital de 56 bits SA602 y convertidores de 24 bits de gran claridad), 6 preajustes de usuario (preajustes de usuario f\u00e1ciles de configurar en 2 bancos seleccionables por medio de 3 footswitches para un r\u00e1pido acceso a tus sonidos favoritos), ecualizador ultra preciso de 7 bandas para control de tono en profundidad que puede guardarse por preajuste, control extendido (una entrada de expresi\u00f3n que permite el control de una amplia variedad de par\u00e1metros de pedal, una entrada MIDI tambi\u00e9n permite el acceso externo a preajustes y par\u00e1metros), control Motion (todos los pedales Soundblox y Soundblox Pro son 'Hot Hand Ready\u00ae\u2019 y se pueden usar con cualquier sensor de movimiento Hot Hand para ampliar las capacidades de la unidad), bypass an\u00e1logo activo (el bypass est\u00e1 completamente enrutado alrededor del DSP y la entrada activa asegura la degradaci\u00f3n de se\u00f1al cero), incluye fuente de alimentaci\u00f3n de 9V DC, dimensiones: 17.8 x 15.25 x 5 cm.","breadcrumb":{"@id":"https:\/\/www.mexicanguitarplayers.com\/tienda\/sin categor\u00eda\/pedal-source-audio-bass-envelope-filter\/#breadcrumb"},"inLanguage":"en-US","potentialAction":[{"@type":"ReadAction","target":["https:\/\/www.mexicanguitarplayers.com\/tienda\/sin categor\u00eda\/pedal-source-audio-bass-envelope-filter\/"]}]},{"@type":"ImageObject","inLanguage":"en-US","@id":"https:\/\/www.mexicanguitarplayers.com\/tienda\/sin categor\u00eda\/pedal-source-audio-bass-envelope-filter\/#primaryimage","url":"https:\/\/www.mexicanguitarplayers.com\/wp-content\/uploads\/2025\/04\/VASIOSA143.jpg","contentUrl":"https:\/\/www.mexicanguitarplayers.com\/wp-content\/uploads\/2025\/04\/VASIOSA143.jpg","width":1200,"height":1200},{"@type":"BreadcrumbList","@id":"https:\/\/www.mexicanguitarplayers.com\/tienda\/sin categor\u00eda\/pedal-source-audio-bass-envelope-filter\/#breadcrumb","itemListElement":[{"@type":"ListItem","position":1,"name":"Portada","item":"https:\/\/www.mexicanguitarplayers.com\/"},{"@type":"ListItem","position":2,"name":"Tienda","item":"https:\/\/www.mexicanguitarplayers.com\/tienda\/"},{"@type":"ListItem","position":3,"name":"PEDAL SOURCE AUDIO BASS ENVELOPE FILTER"}]},{"@type":"WebSite","@id":"https:\/\/www.mexicanguitarplayers.com\/#website","url":"https:\/\/www.mexicanguitarplayers.com\/","name":"Mexican Guitar Players","description":"Website","publisher":{"@id":"https:\/\/www.mexicanguitarplayers.com\/#organization"},"potentialAction":[{"@type":"SearchAction","target":{"@type":"EntryPoint","urlTemplate":"https:\/\/www.mexicanguitarplayers.com\/?s={search_term_string}"},"query-input":{"@type":"PropertyValueSpecification","valueRequired":true,"valueName":"search_term_string"}}],"inLanguage":"en-US"},{"@type":"Organization","@id":"https:\/\/www.mexicanguitarplayers.com\/#organization","name":"Mexican Guitar Players","url":"https:\/\/www.mexicanguitarplayers.com\/","logo":{"@type":"ImageObject","inLanguage":"en-US","@id":"https:\/\/www.mexicanguitarplayers.com\/#\/schema\/logo\/image\/","url":"","contentUrl":"","caption":"Mexican Guitar Players"},"image":{"@id":"https:\/\/www.mexicanguitarplayers.com\/#\/schema\/logo\/image\/"}}]}},"brands":[{"id":608,"name":"AUDIO SOURCE","slug":"source-audio"}],"_links":{"self":[{"href":"https:\/\/www.mexicanguitarplayers.com\/en\/wp-json\/wp\/v2\/product\/36999","targetHints":{"allow":["GET"]}}],"collection":[{"href":"https:\/\/www.mexicanguitarplayers.com\/en\/wp-json\/wp\/v2\/product"}],"about":[{"href":"https:\/\/www.mexicanguitarplayers.com\/en\/wp-json\/wp\/v2\/types\/product"}],"replies":[{"embeddable":true,"href":"https:\/\/www.mexicanguitarplayers.com\/en\/wp-json\/wp\/v2\/comments?post=36999"}],"wp:featuredmedia":[{"embeddable":true,"href":"https:\/\/www.mexicanguitarplayers.com\/en\/wp-json\/wp\/v2\/media\/36998"}],"wp:attachment":[{"href":"https:\/\/www.mexicanguitarplayers.com\/en\/wp-json\/wp\/v2\/media?parent=36999"}],"wp:term":[{"taxonomy":"pwb-brand","embeddable":true,"href":"https:\/\/www.mexicanguitarplayers.com\/en\/wp-json\/wp\/v2\/pwb-brand?post=36999"},{"taxonomy":"product_brand","embeddable":true,"href":"https:\/\/www.mexicanguitarplayers.com\/en\/wp-json\/wp\/v2\/product_brand?post=36999"},{"taxonomy":"product_cat","embeddable":true,"href":"https:\/\/www.mexicanguitarplayers.com\/en\/wp-json\/wp\/v2\/product_cat?post=36999"},{"taxonomy":"product_tag","embeddable":true,"href":"https:\/\/www.mexicanguitarplayers.com\/en\/wp-json\/wp\/v2\/product_tag?post=36999"}],"curies":[{"name":"wp","href":"https:\/\/api.w.org\/{rel}","templated":true}]}}