{"id":37013,"date":"2025-04-09T05:33:10","date_gmt":"2025-04-09T11:33:10","guid":{"rendered":"https:\/\/www.mexicanguitarplayers.com\/tienda\/sin categor\u00eda\/bajo-schecter-electrico-mod-nikki-sixx\/"},"modified":"2026-04-10T04:25:26","modified_gmt":"2026-04-10T10:25:26","slug":"bajo-schecter-electrico-mod-nikki-sixx","status":"publish","type":"product","link":"https:\/\/www.mexicanguitarplayers.com\/en\/tienda\/cuerdas\/bajos\/electricos\/electricos-activos\/bajo-schecter-electrico-mod-nikki-sixx\/","title":{"rendered":"BAJO SCHECTER ELECTRICO MOD. NIKKI SIXX"},"content":{"rendered":"<div style=\"text-align: justify\">\n<div>\n<h3>Un bajo con graves geniales.<\/h3>\n<\/div>\n<div>El bajo Nikki Sixx de Schecter tiene todo el estilo y la actitud de Nikki Sixx, con toda la bondad que esperas de Schecter. Dise\u00f1ado seg\u00fan las especificaciones de Nikki, este bajo es c\u00f3modo para tocar tanto en vivo como en estudio. La forma reversed offset del cuerpo presenta alas de caoba unidas a un brazo por medio de m\u00faltiples capas de maple\/nogal, lo que produce un tono poderoso y din\u00e1mico y un sobresaliente sustain. <\/div>\n<div>\n<h4>Quick look<\/h4>\n<\/div>\n<ul style=\"margin: 0px 0px 0px 25px\">\n<li style=\"list-style-type: circle;margin: 5px\">Kind.<\/li>\n<li style=\"list-style-type: circle;margin: 5px\">Cuerpo.<\/li>\n<li style=\"list-style-type: circle;margin: 5px\">Bridge.<\/li>\n<li style=\"list-style-type: circle;margin: 5px\">Hardware.<\/li>\n<li style=\"list-style-type: circle;margin: 5px\">Construcci\u00f3n.<\/li>\n<li style=\"list-style-type: circle;margin: 5px\">Machinery.<\/li>\n<li style=\"list-style-type: circle;margin: 5px\">Arm.<\/li>\n<li style=\"list-style-type: circle;margin: 5px\">Forma del brazo.<\/li>\n<li style=\"list-style-type: circle;margin: 5px\">Diapason.<\/li>\n<li style=\"list-style-type: circle;margin: 5px\">Radio del diapas\u00f3n.<\/li>\n<li style=\"list-style-type: circle;margin: 5px\">Scale.<\/li>\n<li style=\"list-style-type: circle;margin: 5px\">Scale.<\/li>\n<li style=\"list-style-type: circle;margin: 5px\">Espesor.<\/li>\n<li style=\"list-style-type: circle;margin: 5px\">Frets<\/li>\n<li style=\"list-style-type: circle;margin: 5px\">Nut.<\/li>\n<li style=\"list-style-type: circle;margin: 5px\">Ancho de la cejuela.<\/li>\n<li style=\"list-style-type: circle;margin: 5px\">Soul.<\/li>\n<li style=\"list-style-type: circle;margin: 5px\">Controls<\/li>\n<li style=\"list-style-type: circle;margin: 5px\">Pastillas.<\/li>\n<li style=\"list-style-type: circle;margin: 5px\">Compartimento de la bater\u00eda.<\/li>\n<li style=\"list-style-type: circle;margin: 5px\">Accesorios.<\/li>\n<\/ul>\n<div>\n<div style=\"font-weight: bold\">Kind.<\/div>\n<div>\n<p>Bajo el\u00e9ctrico activo de 4 cuerdas.<\/p>\n<\/div>\n<div style=\"font-weight: bold\">Cuerpo.<\/div>\n<div>\n<p>Mahogany.<\/p>\n<\/div>\n<div style=\"font-weight: bold\">Bridge.<\/div>\n<div>\n<p>Schecter Custom Bass String Thru (o Top Load).<\/p>\n<\/div>\n<div style=\"font-weight: bold\">Hardware.<\/div>\n<div>\n<p>Cromado negro.<\/p>\n<\/div>\n<div style=\"font-weight: bold\">Construcci\u00f3n.<\/div>\n<div>\n<p>Neck-Thru.<\/p>\n<\/div>\n<div style=\"font-weight: bold\">Machinery.<\/div>\n<div>\n<p>Grover.<\/p>\n<\/div>\n<div style=\"font-weight: bold\">Arm.<\/div>\n<div>\n<p>Maple \/ Nogal multicapa.<\/p>\n<\/div>\n<div style=\"font-weight: bold\">Forma del brazo.<\/div>\n<div>\n<p>C.<\/p>\n<\/div>\n<div style=\"font-weight: bold\">Diapason.<\/div>\n<div>\n<p>Rosewood.<\/p>\n<\/div>\n<div style=\"font-weight: bold\">Radio del diapas\u00f3n.<\/div>\n<div>\n<p>12\u201d (305 mm).<\/p>\n<\/div>\n<div style=\"font-weight: bold\">Scale.<\/div>\n<div>\n<p>Puntos crema.<\/p>\n<\/div>\n<div style=\"font-weight: bold\">Scale.<\/div>\n<div>\n<p>34\u201d (863 mm).<\/p>\n<\/div>\n<div style=\"font-weight: bold\">Espesor.<\/div>\n<div>\n<p>En el primer traste: .748\u201d (19 mm) y en el traste 12: .787\u201d (20 mm).<\/p>\n<\/div>\n<div style=\"font-weight: bold\">Frets<\/div>\n<div>\n<p>24 X-Jumbo frets.<\/p>\n<\/div>\n<div style=\"font-weight: bold\">Nut.<\/div>\n<div>\n<p>Graph Tech XL Black Tusq.<\/p>\n<\/div>\n<div style=\"font-weight: bold\">Ancho de la cejuela.<\/div>\n<div>\n<p>1,653 \u201d(42mm).<\/p>\n<\/div>\n<div style=\"font-weight: bold\">Soul.<\/div>\n<div>\n<p>Alma ajustable de 2 v\u00edas con tuerca Allen  5\/32\u201d (4 mm).<\/p>\n<\/div>\n<div style=\"font-weight: bold\">Controls<\/div>\n<div>\n<p>2 vol\u00famenes, control de tono activo EMG VLPF \/ KILL Switch.<\/p>\n<\/div>\n<div style=\"font-weight: bold\">Pastillas.<\/div>\n<div>\n<p>Pastilla del puente: EMG LJX. Pastilla del brazo: EMG PX.<\/p>\n<\/div>\n<div style=\"font-weight: bold\">Compartimento de la bater\u00eda.<\/div>\n<div>\n<p>9-volt Clip-in.<\/p>\n<\/div>\n<div style=\"font-weight: bold\">Accesorios.<\/div>\n<div>\n<p>Perillas de metal moleteado con tornillo de ajuste.<\/p>\n<\/div>\n<\/div>\n<\/div>","protected":false},"excerpt":{"rendered":"<p>Bajo el\u00e9ctrico activo de 4 cuerdas, cuerpo de caoba, puente Schecter Custom Bass String Thru (o Top Load), hardware en cromo negro, construcci\u00f3n Neck-Thru, maquinaria Grover, brazo C de Maple \/ Nogal multicapa, diapas\u00f3n de palo de rosa, incrustacies de puntos crema, escala: 34\u201d (863 mm), 24 trastes X-Jumbo, cejuela de Graph Tech XL Black Tusq de 1.653\u201d (42 mm) de ancho, alma ajustable de 2 v\u00edas con tuerca Allen  5\/32\u201d (4 mm), 2 vol\u00famenes, control de tono activo EMG VLPF \/ KILL Switch, pastilla del puente: EMG LJX, pastilla del brazo: EMG PX, perillas de metal moleteado con tornillo de ajuste.&hellip; <a class=\"kt-excerpt-readmore more-link\" href=\"https:\/\/www.mexicanguitarplayers.com\/en\/tienda\/cuerdas\/bajos\/electricos\/electricos-activos\/bajo-schecter-electrico-mod-nikki-sixx\/\">Read more<\/a><\/p>","protected":false},"featured_media":37007,"comment_status":"open","ping_status":"closed","template":"","meta":{"kt_blocks_editor_width":""},"pwb-brand":[175],"product_brand":[],"product_cat":[317,224,318,326],"product_tag":[],"class_list":{"0":"post-37013","1":"product","2":"type-product","3":"status-publish","4":"has-post-thumbnail","6":"pwb-brand-schecter","7":"product_cat-bajos","8":"product_cat-cuerdas","9":"product_cat-electricos","10":"product_cat-electricos-activos","11":"product_shipping_class-5-10-kg","13":"first","14":"outofstock","15":"taxable","16":"shipping-taxable","17":"purchasable","18":"product-type-simple"},"yoast_head":"<!-- This site is optimized with the Yoast SEO plugin v27.5 - https:\/\/yoast.com\/product\/yoast-seo-wordpress\/ -->\n<title>BAJO SCHECTER ELECTRICO MOD. NIKKI SIXX - Mexican Guitar Players<\/title>\n<meta name=\"description\" content=\"Bajo el\u00e9ctrico activo de 4 cuerdas, cuerpo de caoba, puente Schecter Custom Bass String Thru (o Top Load), hardware en cromo negro, construcci\u00f3n Neck-Thru, maquinaria Grover, brazo C de Maple \/ Nogal multicapa, diapas\u00f3n de palo de rosa, incrustacies de puntos crema, escala: 34\u201d (863 mm), 24 trastes X-Jumbo, cejuela de Graph Tech XL Black Tusq de 1.653\u201d (42 mm) de ancho, alma ajustable de 2 v\u00edas con tuerca Allen 5\/32\u201d (4 mm), 2 vol\u00famenes, control de tono activo EMG VLPF \/ KILL Switch, pastilla del puente: EMG LJX, pastilla del brazo: EMG PX, perillas de metal moleteado con tornillo de ajuste.\" \/>\n<meta name=\"robots\" content=\"index, follow, max-snippet:-1, max-image-preview:large, max-video-preview:-1\" \/>\n<link rel=\"canonical\" href=\"https:\/\/www.mexicanguitarplayers.com\/en\/tienda\/sin%20categor\u00eda\/bajo-schecter-electrico-mod-nikki-sixx\/\" \/>\n<meta property=\"og:locale\" content=\"en_US\" \/>\n<meta property=\"og:type\" content=\"article\" \/>\n<meta property=\"og:title\" content=\"BAJO SCHECTER ELECTRICO MOD. NIKKI SIXX - Mexican Guitar Players\" \/>\n<meta property=\"og:description\" content=\"Bajo el\u00e9ctrico activo de 4 cuerdas, cuerpo de caoba, puente Schecter Custom Bass String Thru (o Top Load), hardware en cromo negro, construcci\u00f3n Neck-Thru, maquinaria Grover, brazo C de Maple \/ Nogal multicapa, diapas\u00f3n de palo de rosa, incrustacies de puntos crema, escala: 34\u201d (863 mm), 24 trastes X-Jumbo, cejuela de Graph Tech XL Black Tusq de 1.653\u201d (42 mm) de ancho, alma ajustable de 2 v\u00edas con tuerca Allen 5\/32\u201d (4 mm), 2 vol\u00famenes, control de tono activo EMG VLPF \/ KILL Switch, pastilla del puente: EMG LJX, pastilla del brazo: EMG PX, perillas de metal moleteado con tornillo de ajuste.\" \/>\n<meta property=\"og:url\" content=\"https:\/\/www.mexicanguitarplayers.com\/en\/tienda\/sin categor\u00eda\/bajo-schecter-electrico-mod-nikki-sixx\/\" \/>\n<meta property=\"og:site_name\" content=\"Mexican Guitar Players\" \/>\n<meta property=\"article:modified_time\" content=\"2026-04-10T10:25:26+00:00\" \/>\n<meta name=\"twitter:card\" content=\"summary_large_image\" \/>\n<meta name=\"twitter:label1\" content=\"Est. reading time\" \/>\n\t<meta name=\"twitter:data1\" content=\"1 minute\" \/>\n<script type=\"application\/ld+json\" class=\"yoast-schema-graph\">{\"@context\":\"https:\\\/\\\/schema.org\",\"@graph\":[{\"@type\":[\"WebPage\",\"ItemPage\"],\"@id\":\"https:\\\/\\\/www.mexicanguitarplayers.com\\\/tienda\\\/sin categor\u00eda\\\/bajo-schecter-electrico-mod-nikki-sixx\\\/\",\"url\":\"https:\\\/\\\/www.mexicanguitarplayers.com\\\/tienda\\\/sin categor\u00eda\\\/bajo-schecter-electrico-mod-nikki-sixx\\\/\",\"name\":\"BAJO SCHECTER ELECTRICO MOD. NIKKI SIXX - Mexican Guitar Players\",\"isPartOf\":{\"@id\":\"https:\\\/\\\/www.mexicanguitarplayers.com\\\/#website\"},\"primaryImageOfPage\":{\"@id\":\"https:\\\/\\\/www.mexicanguitarplayers.com\\\/tienda\\\/sin categor\u00eda\\\/bajo-schecter-electrico-mod-nikki-sixx\\\/#primaryimage\"},\"image\":{\"@id\":\"https:\\\/\\\/www.mexicanguitarplayers.com\\\/tienda\\\/sin categor\u00eda\\\/bajo-schecter-electrico-mod-nikki-sixx\\\/#primaryimage\"},\"thumbnailUrl\":\"https:\\\/\\\/www.mexicanguitarplayers.com\\\/wp-content\\\/uploads\\\/2025\\\/04\\\/ISSCCNIKKISIXX.jpg\",\"datePublished\":\"2025-04-09T11:33:10+00:00\",\"dateModified\":\"2026-04-10T10:25:26+00:00\",\"description\":\"Bajo el\u00e9ctrico activo de 4 cuerdas, cuerpo de caoba, puente Schecter Custom Bass String Thru (o Top Load), hardware en cromo negro, construcci\u00f3n Neck-Thru, maquinaria Grover, brazo C de Maple \\\/ Nogal multicapa, diapas\u00f3n de palo de rosa, incrustacies de puntos crema, escala: 34\u201d (863 mm), 24 trastes X-Jumbo, cejuela de Graph Tech XL Black Tusq de 1.653\u201d (42 mm) de ancho, alma ajustable de 2 v\u00edas con tuerca Allen 5\\\/32\u201d (4 mm), 2 vol\u00famenes, control de tono activo EMG VLPF \\\/ KILL Switch, pastilla del puente: EMG LJX, pastilla del brazo: EMG PX, perillas de metal moleteado con tornillo de ajuste.\",\"breadcrumb\":{\"@id\":\"https:\\\/\\\/www.mexicanguitarplayers.com\\\/tienda\\\/sin categor\u00eda\\\/bajo-schecter-electrico-mod-nikki-sixx\\\/#breadcrumb\"},\"inLanguage\":\"en-US\",\"potentialAction\":[{\"@type\":\"ReadAction\",\"target\":[\"https:\\\/\\\/www.mexicanguitarplayers.com\\\/tienda\\\/sin categor\u00eda\\\/bajo-schecter-electrico-mod-nikki-sixx\\\/\"]}]},{\"@type\":\"ImageObject\",\"inLanguage\":\"en-US\",\"@id\":\"https:\\\/\\\/www.mexicanguitarplayers.com\\\/tienda\\\/sin categor\u00eda\\\/bajo-schecter-electrico-mod-nikki-sixx\\\/#primaryimage\",\"url\":\"https:\\\/\\\/www.mexicanguitarplayers.com\\\/wp-content\\\/uploads\\\/2025\\\/04\\\/ISSCCNIKKISIXX.jpg\",\"contentUrl\":\"https:\\\/\\\/www.mexicanguitarplayers.com\\\/wp-content\\\/uploads\\\/2025\\\/04\\\/ISSCCNIKKISIXX.jpg\",\"width\":800,\"height\":1600},{\"@type\":\"BreadcrumbList\",\"@id\":\"https:\\\/\\\/www.mexicanguitarplayers.com\\\/tienda\\\/sin categor\u00eda\\\/bajo-schecter-electrico-mod-nikki-sixx\\\/#breadcrumb\",\"itemListElement\":[{\"@type\":\"ListItem\",\"position\":1,\"name\":\"Portada\",\"item\":\"https:\\\/\\\/www.mexicanguitarplayers.com\\\/\"},{\"@type\":\"ListItem\",\"position\":2,\"name\":\"Tienda\",\"item\":\"https:\\\/\\\/www.mexicanguitarplayers.com\\\/tienda\\\/\"},{\"@type\":\"ListItem\",\"position\":3,\"name\":\"BAJO SCHECTER ELECTRICO MOD. NIKKI SIXX\"}]},{\"@type\":\"WebSite\",\"@id\":\"https:\\\/\\\/www.mexicanguitarplayers.com\\\/#website\",\"url\":\"https:\\\/\\\/www.mexicanguitarplayers.com\\\/\",\"name\":\"Mexican Guitar Players\",\"description\":\"Website\",\"publisher\":{\"@id\":\"https:\\\/\\\/www.mexicanguitarplayers.com\\\/#organization\"},\"potentialAction\":[{\"@type\":\"SearchAction\",\"target\":{\"@type\":\"EntryPoint\",\"urlTemplate\":\"https:\\\/\\\/www.mexicanguitarplayers.com\\\/?s={search_term_string}\"},\"query-input\":{\"@type\":\"PropertyValueSpecification\",\"valueRequired\":true,\"valueName\":\"search_term_string\"}}],\"inLanguage\":\"en-US\"},{\"@type\":\"Organization\",\"@id\":\"https:\\\/\\\/www.mexicanguitarplayers.com\\\/#organization\",\"name\":\"Mexican Guitar Players\",\"url\":\"https:\\\/\\\/www.mexicanguitarplayers.com\\\/\",\"logo\":{\"@type\":\"ImageObject\",\"inLanguage\":\"en-US\",\"@id\":\"https:\\\/\\\/www.mexicanguitarplayers.com\\\/#\\\/schema\\\/logo\\\/image\\\/\",\"url\":\"\",\"contentUrl\":\"\",\"caption\":\"Mexican Guitar Players\"},\"image\":{\"@id\":\"https:\\\/\\\/www.mexicanguitarplayers.com\\\/#\\\/schema\\\/logo\\\/image\\\/\"}}]}<\/script>\n<!-- \/ Yoast SEO plugin. -->","yoast_head_json":{"title":"BAJO SCHECTER ELECTRICO MOD. NIKKI SIXX - Mexican Guitar Players","description":"Bajo el\u00e9ctrico activo de 4 cuerdas, cuerpo de caoba, puente Schecter Custom Bass String Thru (o Top Load), hardware en cromo negro, construcci\u00f3n Neck-Thru, maquinaria Grover, brazo C de Maple \/ Nogal multicapa, diapas\u00f3n de palo de rosa, incrustacies de puntos crema, escala: 34\u201d (863 mm), 24 trastes X-Jumbo, cejuela de Graph Tech XL Black Tusq de 1.653\u201d (42 mm) de ancho, alma ajustable de 2 v\u00edas con tuerca Allen 5\/32\u201d (4 mm), 2 vol\u00famenes, control de tono activo EMG VLPF \/ KILL Switch, pastilla del puente: EMG LJX, pastilla del brazo: EMG PX, perillas de metal moleteado con tornillo de ajuste.","robots":{"index":"index","follow":"follow","max-snippet":"max-snippet:-1","max-image-preview":"max-image-preview:large","max-video-preview":"max-video-preview:-1"},"canonical":"https:\/\/www.mexicanguitarplayers.com\/en\/tienda\/sin categor\u00eda\/bajo-schecter-electrico-mod-nikki-sixx\/","og_locale":"en_US","og_type":"article","og_title":"BAJO SCHECTER ELECTRICO MOD. NIKKI SIXX - Mexican Guitar Players","og_description":"Bajo el\u00e9ctrico activo de 4 cuerdas, cuerpo de caoba, puente Schecter Custom Bass String Thru (o Top Load), hardware en cromo negro, construcci\u00f3n Neck-Thru, maquinaria Grover, brazo C de Maple \/ Nogal multicapa, diapas\u00f3n de palo de rosa, incrustacies de puntos crema, escala: 34\u201d (863 mm), 24 trastes X-Jumbo, cejuela de Graph Tech XL Black Tusq de 1.653\u201d (42 mm) de ancho, alma ajustable de 2 v\u00edas con tuerca Allen 5\/32\u201d (4 mm), 2 vol\u00famenes, control de tono activo EMG VLPF \/ KILL Switch, pastilla del puente: EMG LJX, pastilla del brazo: EMG PX, perillas de metal moleteado con tornillo de ajuste.","og_url":"https:\/\/www.mexicanguitarplayers.com\/en\/tienda\/sin categor\u00eda\/bajo-schecter-electrico-mod-nikki-sixx\/","og_site_name":"Mexican Guitar Players","article_modified_time":"2026-04-10T10:25:26+00:00","twitter_card":"summary_large_image","twitter_misc":{"Est. reading time":"1 minute"},"schema":{"@context":"https:\/\/schema.org","@graph":[{"@type":["WebPage","ItemPage"],"@id":"https:\/\/www.mexicanguitarplayers.com\/tienda\/sin categor\u00eda\/bajo-schecter-electrico-mod-nikki-sixx\/","url":"https:\/\/www.mexicanguitarplayers.com\/tienda\/sin categor\u00eda\/bajo-schecter-electrico-mod-nikki-sixx\/","name":"BAJO SCHECTER ELECTRICO MOD. NIKKI SIXX - Mexican Guitar Players","isPartOf":{"@id":"https:\/\/www.mexicanguitarplayers.com\/#website"},"primaryImageOfPage":{"@id":"https:\/\/www.mexicanguitarplayers.com\/tienda\/sin categor\u00eda\/bajo-schecter-electrico-mod-nikki-sixx\/#primaryimage"},"image":{"@id":"https:\/\/www.mexicanguitarplayers.com\/tienda\/sin categor\u00eda\/bajo-schecter-electrico-mod-nikki-sixx\/#primaryimage"},"thumbnailUrl":"https:\/\/www.mexicanguitarplayers.com\/wp-content\/uploads\/2025\/04\/ISSCCNIKKISIXX.jpg","datePublished":"2025-04-09T11:33:10+00:00","dateModified":"2026-04-10T10:25:26+00:00","description":"Bajo el\u00e9ctrico activo de 4 cuerdas, cuerpo de caoba, puente Schecter Custom Bass String Thru (o Top Load), hardware en cromo negro, construcci\u00f3n Neck-Thru, maquinaria Grover, brazo C de Maple \/ Nogal multicapa, diapas\u00f3n de palo de rosa, incrustacies de puntos crema, escala: 34\u201d (863 mm), 24 trastes X-Jumbo, cejuela de Graph Tech XL Black Tusq de 1.653\u201d (42 mm) de ancho, alma ajustable de 2 v\u00edas con tuerca Allen 5\/32\u201d (4 mm), 2 vol\u00famenes, control de tono activo EMG VLPF \/ KILL Switch, pastilla del puente: EMG LJX, pastilla del brazo: EMG PX, perillas de metal moleteado con tornillo de ajuste.","breadcrumb":{"@id":"https:\/\/www.mexicanguitarplayers.com\/tienda\/sin categor\u00eda\/bajo-schecter-electrico-mod-nikki-sixx\/#breadcrumb"},"inLanguage":"en-US","potentialAction":[{"@type":"ReadAction","target":["https:\/\/www.mexicanguitarplayers.com\/tienda\/sin categor\u00eda\/bajo-schecter-electrico-mod-nikki-sixx\/"]}]},{"@type":"ImageObject","inLanguage":"en-US","@id":"https:\/\/www.mexicanguitarplayers.com\/tienda\/sin categor\u00eda\/bajo-schecter-electrico-mod-nikki-sixx\/#primaryimage","url":"https:\/\/www.mexicanguitarplayers.com\/wp-content\/uploads\/2025\/04\/ISSCCNIKKISIXX.jpg","contentUrl":"https:\/\/www.mexicanguitarplayers.com\/wp-content\/uploads\/2025\/04\/ISSCCNIKKISIXX.jpg","width":800,"height":1600},{"@type":"BreadcrumbList","@id":"https:\/\/www.mexicanguitarplayers.com\/tienda\/sin categor\u00eda\/bajo-schecter-electrico-mod-nikki-sixx\/#breadcrumb","itemListElement":[{"@type":"ListItem","position":1,"name":"Portada","item":"https:\/\/www.mexicanguitarplayers.com\/"},{"@type":"ListItem","position":2,"name":"Tienda","item":"https:\/\/www.mexicanguitarplayers.com\/tienda\/"},{"@type":"ListItem","position":3,"name":"BAJO SCHECTER ELECTRICO MOD. NIKKI SIXX"}]},{"@type":"WebSite","@id":"https:\/\/www.mexicanguitarplayers.com\/#website","url":"https:\/\/www.mexicanguitarplayers.com\/","name":"Mexican Guitar Players","description":"Website","publisher":{"@id":"https:\/\/www.mexicanguitarplayers.com\/#organization"},"potentialAction":[{"@type":"SearchAction","target":{"@type":"EntryPoint","urlTemplate":"https:\/\/www.mexicanguitarplayers.com\/?s={search_term_string}"},"query-input":{"@type":"PropertyValueSpecification","valueRequired":true,"valueName":"search_term_string"}}],"inLanguage":"en-US"},{"@type":"Organization","@id":"https:\/\/www.mexicanguitarplayers.com\/#organization","name":"Mexican Guitar Players","url":"https:\/\/www.mexicanguitarplayers.com\/","logo":{"@type":"ImageObject","inLanguage":"en-US","@id":"https:\/\/www.mexicanguitarplayers.com\/#\/schema\/logo\/image\/","url":"","contentUrl":"","caption":"Mexican Guitar Players"},"image":{"@id":"https:\/\/www.mexicanguitarplayers.com\/#\/schema\/logo\/image\/"}}]}},"brands":[{"id":175,"name":"SCHECTER","slug":"schecter"}],"_links":{"self":[{"href":"https:\/\/www.mexicanguitarplayers.com\/en\/wp-json\/wp\/v2\/product\/37013","targetHints":{"allow":["GET"]}}],"collection":[{"href":"https:\/\/www.mexicanguitarplayers.com\/en\/wp-json\/wp\/v2\/product"}],"about":[{"href":"https:\/\/www.mexicanguitarplayers.com\/en\/wp-json\/wp\/v2\/types\/product"}],"replies":[{"embeddable":true,"href":"https:\/\/www.mexicanguitarplayers.com\/en\/wp-json\/wp\/v2\/comments?post=37013"}],"wp:featuredmedia":[{"embeddable":true,"href":"https:\/\/www.mexicanguitarplayers.com\/en\/wp-json\/wp\/v2\/media\/37007"}],"wp:attachment":[{"href":"https:\/\/www.mexicanguitarplayers.com\/en\/wp-json\/wp\/v2\/media?parent=37013"}],"wp:term":[{"taxonomy":"pwb-brand","embeddable":true,"href":"https:\/\/www.mexicanguitarplayers.com\/en\/wp-json\/wp\/v2\/pwb-brand?post=37013"},{"taxonomy":"product_brand","embeddable":true,"href":"https:\/\/www.mexicanguitarplayers.com\/en\/wp-json\/wp\/v2\/product_brand?post=37013"},{"taxonomy":"product_cat","embeddable":true,"href":"https:\/\/www.mexicanguitarplayers.com\/en\/wp-json\/wp\/v2\/product_cat?post=37013"},{"taxonomy":"product_tag","embeddable":true,"href":"https:\/\/www.mexicanguitarplayers.com\/en\/wp-json\/wp\/v2\/product_tag?post=37013"}],"curies":[{"name":"wp","href":"https:\/\/api.w.org\/{rel}","templated":true}]}}