{"id":37017,"date":"2025-04-09T05:33:14","date_gmt":"2025-04-09T11:33:14","guid":{"rendered":"https:\/\/www.mexicanguitarplayers.com\/tienda\/sin categor\u00eda\/mezcladora-a-r-t-mod-mx624\/"},"modified":"2026-04-10T04:25:26","modified_gmt":"2026-04-10T10:25:26","slug":"mezcladora-a-r-t-mod-mx624","status":"publish","type":"product","link":"https:\/\/www.mexicanguitarplayers.com\/en\/tienda\/accesorios\/para-audio\/rack\/mezcladora-a-r-t-mod-mx624\/","title":{"rendered":"MEZCLADORA A.R.T.    MOD. MX624"},"content":{"rendered":"<div style=\"text-align: justify\">\n<div>\n<h3>El sonido en tus manos.<\/h3>\n<\/div>\n<div>La MX624 de ART con dos zonas de salidas es una mezcladora est\u00e9reo de rack que combina 6 canales de entrada independientes y los rutea a dos zonas de salida est\u00e9reo. El primer canal puede ser utilizado para controlar, a trav\u00e9s de un interruptor en el panel frontal, una caracter\u00edstica de atenuaci\u00f3n para todos los otros canales, haci\u00e9ndolo una soluci\u00f3n ideal para sistemas de paginaci\u00f3n. Todos los 6 canales pueden aceptar se\u00f1ales de nivel de l\u00ednea desbalanceadas. La potencia phantom de 48V puede ser asignada independientemente para cada canal de micr\u00f3fono. Cada canal cuenta con controles de nivel independientes y pueden rutearse de forma independiente a cada zona de salida, a ambas o a ninguna. Controles separados de nivel, graves y medios ajustan el sonido de cada zona de salida. Dos buses de entrada permiten interconectar m\u00faltiples unidades cuando se requieren m\u00e1s canales de entrada. La mezcladora MX264 de ART puede ser utilizada en escenario, estudio o aplicaciones de instalaci\u00f3n permanente, incluyendo salas de conferencias, salas de juntas, iglesias, restaurantes, clubes peque\u00f1os, clubes de salud y m\u00e1s. Una fuente de alimentaci\u00f3n integrada y un chasis de una unidad de rack de 19&#8243; permiten una instalaci\u00f3n sencilla y un fiable funcionamiento a largo plazo.<\/div>\n<div>\n<h4>Quick look<\/h4>\n<\/div>\n<ul style=\"margin: 0px 0px 0px 25px\">\n<li style=\"list-style-type: circle;margin: 5px\">Conexiones de entrada.<\/li>\n<li style=\"list-style-type: circle;margin: 5px\">Conexiones de salida.<\/li>\n<li style=\"list-style-type: circle;margin: 5px\">Input impedance.<\/li>\n<li style=\"list-style-type: circle;margin: 5px\">Output impedance.<\/li>\n<li style=\"list-style-type: circle;margin: 5px\">Frequency response.<\/li>\n<li style=\"list-style-type: circle;margin: 5px\">Distorsi\u00f3n arm\u00f3nica total.<\/li>\n<li style=\"list-style-type: circle;margin: 5px\">Respuesta de fase.<\/li>\n<li style=\"list-style-type: circle;margin: 5px\">Signal to noise ratio.<\/li>\n<li style=\"list-style-type: circle;margin: 5px\">CMRR.<\/li>\n<li style=\"list-style-type: circle;margin: 5px\">Nivel m\u00e1ximo de entrada.<\/li>\n<li style=\"list-style-type: circle;margin: 5px\">Nivel m\u00e1ximo de salida.<\/li>\n<li style=\"list-style-type: circle;margin: 5px\">Ganancia m\u00e1xima.<\/li>\n<li style=\"list-style-type: circle;margin: 5px\">Atenuaci\u00f3n Threshold.<\/li>\n<li style=\"list-style-type: circle;margin: 5px\">Profundidad de atenuaci\u00f3n.<\/li>\n<li style=\"list-style-type: circle;margin: 5px\">Controles de tono.<\/li>\n<li style=\"list-style-type: circle;margin: 5px\">Phantom power.<\/li>\n<li style=\"list-style-type: circle;margin: 5px\">Energy.<\/li>\n<li style=\"list-style-type: circle;margin: 5px\">Dimensions.<\/li>\n<li style=\"list-style-type: circle;margin: 5px\">Weight.<\/li>\n<\/ul>\n<div>\n<div style=\"font-weight: bold\">Conexiones de entrada.<\/div>\n<div>\n<p>XLR hembra balanceado (Mic, canales 1-3). RCA desbalanceado (Entradas de l\u00ednea 1-6, Izquierda y derecha). TRS 1\/4 desbalanceado est\u00e9reo (Entradas bus, Zona 1 y 2).<\/p>\n<\/div>\n<div style=\"font-weight: bold\">Conexiones de salida.<\/div>\n<div>\n<p>TS 1\/4 desbalanceado (Zona salida 1 y 2, Derecha e izquierda).<\/p>\n<\/div>\n<div style=\"font-weight: bold\">Input impedance.<\/div>\n<div>\n<p>4 kilo-ohms (Mic), 10 kilo-ohms (L\u00ednea), 10 kilo-ohms (Bus).<\/p>\n<\/div>\n<div style=\"font-weight: bold\">Output impedance.<\/div>\n<div>\n<p>200 ohms (Zona 1 y 2).<\/p>\n<\/div>\n<div style=\"font-weight: bold\">Frequency response.<\/div>\n<div>\n<p>20 Hz &#8211; 20 kHz (+0, -1 dB) (canales de entrada 1-6, zona de salida).<\/p>\n<\/div>\n<div style=\"font-weight: bold\">Distorsi\u00f3n arm\u00f3nica total.<\/div>\n<div>\n<p>&lt;0.01% @ 1 kHz, t\u00edpico.<\/p>\n<\/div>\n<div style=\"font-weight: bold\">Respuesta de fase.<\/div>\n<div>\n<p>Todas las conexiones son coherentes en fase.<\/p>\n<\/div>\n<div style=\"font-weight: bold\">Signal to noise ratio.<\/div>\n<div>\n<p>&gt;90 dB t\u00edpico (Ref 0 dBu).<\/p>\n<\/div>\n<div style=\"font-weight: bold\">CMRR.<\/div>\n<div>\n<p>&gt;43 dB t\u00edpico.<\/p>\n<\/div>\n<div style=\"font-weight: bold\">Nivel m\u00e1ximo de entrada.<\/div>\n<div>\n<p>-4 dBu, +16 dBu con 20 dB pad (Mic), &gt;25 dBu (L\u00ednea).<\/p>\n<\/div>\n<div style=\"font-weight: bold\">Nivel m\u00e1ximo de salida.<\/div>\n<div>\n<p>+20 dBu (desbalanceado).<\/p>\n<\/div>\n<div style=\"font-weight: bold\">Ganancia m\u00e1xima.<\/div>\n<div>\n<p>57 dB (Mic), 31 dB (L\u00ednea).<\/p>\n<\/div>\n<div style=\"font-weight: bold\">Atenuaci\u00f3n Threshold.<\/div>\n<div>\n<p>-49.5 dBv (ajustable por medio de switches en panel trasero).<\/p>\n<\/div>\n<div style=\"font-weight: bold\">Profundidad de atenuaci\u00f3n.<\/div>\n<div>\n<p>15 dB<\/p>\n<\/div>\n<div style=\"font-weight: bold\">Controles de tono.<\/div>\n<div>\n<p>+\/-12 dB @ 100 Hz &amp; 10 kHz.<\/p>\n<\/div>\n<div style=\"font-weight: bold\">Phantom power.<\/div>\n<div>\n<p>Seleccionable por interruptor, +48V DC (regulada y filtrada), 7 mA corriente limitante.<\/p>\n<\/div>\n<div style=\"font-weight: bold\">Energy.<\/div>\n<div>\n<p>Unidades configuradas para cada regi\u00f3n de destino.<\/p>\n<\/div>\n<div style=\"font-weight: bold\">Dimensions.<\/div>\n<div>\n<p>44.5 x 483 x 152 mm.<\/p>\n<\/div>\n<div style=\"font-weight: bold\">Weight.<\/div>\n<div>\n<p>2.2 kg.<\/p>\n<\/div>\n<\/div>\n<\/div>","protected":false},"excerpt":{"rendered":"<p>Mezcladora est\u00e9reo de rack de 6 canales, controles individuales, XLR mono balanceado para micr\u00f3fono en los primeros 3 canales, padding seleccionable en las entradas de micr\u00f3fono, potencia phantom +48V independiente conmutable en cada entrada de micr\u00f3fono, el primer canal proporciona atenuaci\u00f3n conmutable de otros canales con par\u00e1metros no seleccionables, plug TRS 1\/8 en panel frontal para entrada de reproductor portable de m\u00fasica, dos sets de salidas principales TS 1\/4 izquierdo y derecho con controles de nivel master, graves y agudos, dos buses de entrada TRS que permiten unidades encadenadas para ofrecer canales extra, robusto chasis de acero de una unidad de rack con fuente de alimentaci\u00f3n integrada.&hellip; <a class=\"kt-excerpt-readmore more-link\" href=\"https:\/\/www.mexicanguitarplayers.com\/en\/tienda\/accesorios\/para-audio\/rack\/mezcladora-a-r-t-mod-mx624\/\">Read more<\/a><\/p>","protected":false},"featured_media":37014,"comment_status":"open","ping_status":"closed","template":"","meta":{"kt_blocks_editor_width":""},"pwb-brand":[531],"product_brand":[],"product_cat":[213,491,411],"product_tag":[],"class_list":{"0":"post-37017","1":"product","2":"type-product","3":"status-publish","4":"has-post-thumbnail","6":"pwb-brand-a-r-t","7":"product_cat-audio","8":"product_cat-mezcladoras","9":"product_cat-rack","10":"product_shipping_class-0-5-kg","12":"first","13":"outofstock","14":"taxable","15":"shipping-taxable","16":"purchasable","17":"product-type-simple"},"yoast_head":"<!-- This site is optimized with the Yoast SEO plugin v27.5 - https:\/\/yoast.com\/product\/yoast-seo-wordpress\/ -->\n<title>MEZCLADORA A.R.T.  MOD. MX624 - Mexican Guitar Players<\/title>\n<meta name=\"description\" content=\"Mezcladora est\u00e9reo de rack de 6 canales, controles individuales, XLR mono balanceado para micr\u00f3fono en los primeros 3 canales, padding seleccionable en las entradas de micr\u00f3fono, potencia phantom +48V independiente conmutable en cada entrada de micr\u00f3fono, el primer canal proporciona atenuaci\u00f3n conmutable de otros canales con par\u00e1metros no seleccionables, plug TRS 1\/8 en panel frontal para entrada de reproductor portable de m\u00fasica, dos sets de salidas principales TS 1\/4 izquierdo y derecho con controles de nivel master, graves y agudos, dos buses de entrada TRS que permiten unidades encadenadas para ofrecer canales extra, robusto chasis de acero de una unidad de rack con fuente de alimentaci\u00f3n integrada.\" \/>\n<meta name=\"robots\" content=\"index, follow, max-snippet:-1, max-image-preview:large, max-video-preview:-1\" \/>\n<link rel=\"canonical\" href=\"https:\/\/www.mexicanguitarplayers.com\/en\/tienda\/sin%20categor\u00eda\/mezcladora-a-r-t-mod-mx624\/\" \/>\n<meta property=\"og:locale\" content=\"en_US\" \/>\n<meta property=\"og:type\" content=\"article\" \/>\n<meta property=\"og:title\" content=\"MEZCLADORA A.R.T.  MOD. MX624 - Mexican Guitar Players\" \/>\n<meta property=\"og:description\" content=\"Mezcladora est\u00e9reo de rack de 6 canales, controles individuales, XLR mono balanceado para micr\u00f3fono en los primeros 3 canales, padding seleccionable en las entradas de micr\u00f3fono, potencia phantom +48V independiente conmutable en cada entrada de micr\u00f3fono, el primer canal proporciona atenuaci\u00f3n conmutable de otros canales con par\u00e1metros no seleccionables, plug TRS 1\/8 en panel frontal para entrada de reproductor portable de m\u00fasica, dos sets de salidas principales TS 1\/4 izquierdo y derecho con controles de nivel master, graves y agudos, dos buses de entrada TRS que permiten unidades encadenadas para ofrecer canales extra, robusto chasis de acero de una unidad de rack con fuente de alimentaci\u00f3n integrada.\" \/>\n<meta property=\"og:url\" content=\"https:\/\/www.mexicanguitarplayers.com\/en\/tienda\/sin categor\u00eda\/mezcladora-a-r-t-mod-mx624\/\" \/>\n<meta property=\"og:site_name\" content=\"Mexican Guitar Players\" \/>\n<meta property=\"article:modified_time\" content=\"2026-04-10T10:25:26+00:00\" \/>\n<meta name=\"twitter:card\" content=\"summary_large_image\" \/>\n<meta name=\"twitter:label1\" content=\"Est. reading time\" \/>\n\t<meta name=\"twitter:data1\" content=\"2 minutes\" \/>\n<script type=\"application\/ld+json\" class=\"yoast-schema-graph\">{\"@context\":\"https:\\\/\\\/schema.org\",\"@graph\":[{\"@type\":[\"WebPage\",\"ItemPage\"],\"@id\":\"https:\\\/\\\/www.mexicanguitarplayers.com\\\/tienda\\\/sin categor\u00eda\\\/mezcladora-a-r-t-mod-mx624\\\/\",\"url\":\"https:\\\/\\\/www.mexicanguitarplayers.com\\\/tienda\\\/sin categor\u00eda\\\/mezcladora-a-r-t-mod-mx624\\\/\",\"name\":\"MEZCLADORA A.R.T. MOD. MX624 - Mexican Guitar Players\",\"isPartOf\":{\"@id\":\"https:\\\/\\\/www.mexicanguitarplayers.com\\\/#website\"},\"primaryImageOfPage\":{\"@id\":\"https:\\\/\\\/www.mexicanguitarplayers.com\\\/tienda\\\/sin categor\u00eda\\\/mezcladora-a-r-t-mod-mx624\\\/#primaryimage\"},\"image\":{\"@id\":\"https:\\\/\\\/www.mexicanguitarplayers.com\\\/tienda\\\/sin categor\u00eda\\\/mezcladora-a-r-t-mod-mx624\\\/#primaryimage\"},\"thumbnailUrl\":\"https:\\\/\\\/www.mexicanguitarplayers.com\\\/wp-content\\\/uploads\\\/2025\\\/04\\\/IAARTMX624.jpg\",\"datePublished\":\"2025-04-09T11:33:14+00:00\",\"dateModified\":\"2026-04-10T10:25:26+00:00\",\"description\":\"Mezcladora est\u00e9reo de rack de 6 canales, controles individuales, XLR mono balanceado para micr\u00f3fono en los primeros 3 canales, padding seleccionable en las entradas de micr\u00f3fono, potencia phantom +48V independiente conmutable en cada entrada de micr\u00f3fono, el primer canal proporciona atenuaci\u00f3n conmutable de otros canales con par\u00e1metros no seleccionables, plug TRS 1\\\/8 en panel frontal para entrada de reproductor portable de m\u00fasica, dos sets de salidas principales TS 1\\\/4 izquierdo y derecho con controles de nivel master, graves y agudos, dos buses de entrada TRS que permiten unidades encadenadas para ofrecer canales extra, robusto chasis de acero de una unidad de rack con fuente de alimentaci\u00f3n integrada.\",\"breadcrumb\":{\"@id\":\"https:\\\/\\\/www.mexicanguitarplayers.com\\\/tienda\\\/sin categor\u00eda\\\/mezcladora-a-r-t-mod-mx624\\\/#breadcrumb\"},\"inLanguage\":\"en-US\",\"potentialAction\":[{\"@type\":\"ReadAction\",\"target\":[\"https:\\\/\\\/www.mexicanguitarplayers.com\\\/tienda\\\/sin categor\u00eda\\\/mezcladora-a-r-t-mod-mx624\\\/\"]}]},{\"@type\":\"ImageObject\",\"inLanguage\":\"en-US\",\"@id\":\"https:\\\/\\\/www.mexicanguitarplayers.com\\\/tienda\\\/sin categor\u00eda\\\/mezcladora-a-r-t-mod-mx624\\\/#primaryimage\",\"url\":\"https:\\\/\\\/www.mexicanguitarplayers.com\\\/wp-content\\\/uploads\\\/2025\\\/04\\\/IAARTMX624.jpg\",\"contentUrl\":\"https:\\\/\\\/www.mexicanguitarplayers.com\\\/wp-content\\\/uploads\\\/2025\\\/04\\\/IAARTMX624.jpg\",\"width\":1600,\"height\":800},{\"@type\":\"BreadcrumbList\",\"@id\":\"https:\\\/\\\/www.mexicanguitarplayers.com\\\/tienda\\\/sin categor\u00eda\\\/mezcladora-a-r-t-mod-mx624\\\/#breadcrumb\",\"itemListElement\":[{\"@type\":\"ListItem\",\"position\":1,\"name\":\"Portada\",\"item\":\"https:\\\/\\\/www.mexicanguitarplayers.com\\\/\"},{\"@type\":\"ListItem\",\"position\":2,\"name\":\"Tienda\",\"item\":\"https:\\\/\\\/www.mexicanguitarplayers.com\\\/tienda\\\/\"},{\"@type\":\"ListItem\",\"position\":3,\"name\":\"MEZCLADORA A.R.T. MOD. MX624\"}]},{\"@type\":\"WebSite\",\"@id\":\"https:\\\/\\\/www.mexicanguitarplayers.com\\\/#website\",\"url\":\"https:\\\/\\\/www.mexicanguitarplayers.com\\\/\",\"name\":\"Mexican Guitar Players\",\"description\":\"Website\",\"publisher\":{\"@id\":\"https:\\\/\\\/www.mexicanguitarplayers.com\\\/#organization\"},\"potentialAction\":[{\"@type\":\"SearchAction\",\"target\":{\"@type\":\"EntryPoint\",\"urlTemplate\":\"https:\\\/\\\/www.mexicanguitarplayers.com\\\/?s={search_term_string}\"},\"query-input\":{\"@type\":\"PropertyValueSpecification\",\"valueRequired\":true,\"valueName\":\"search_term_string\"}}],\"inLanguage\":\"en-US\"},{\"@type\":\"Organization\",\"@id\":\"https:\\\/\\\/www.mexicanguitarplayers.com\\\/#organization\",\"name\":\"Mexican Guitar Players\",\"url\":\"https:\\\/\\\/www.mexicanguitarplayers.com\\\/\",\"logo\":{\"@type\":\"ImageObject\",\"inLanguage\":\"en-US\",\"@id\":\"https:\\\/\\\/www.mexicanguitarplayers.com\\\/#\\\/schema\\\/logo\\\/image\\\/\",\"url\":\"\",\"contentUrl\":\"\",\"caption\":\"Mexican Guitar Players\"},\"image\":{\"@id\":\"https:\\\/\\\/www.mexicanguitarplayers.com\\\/#\\\/schema\\\/logo\\\/image\\\/\"}}]}<\/script>\n<!-- \/ Yoast SEO plugin. -->","yoast_head_json":{"title":"MEZCLADORA A.R.T.  MOD. MX624 - Mexican Guitar Players","description":"Mezcladora est\u00e9reo de rack de 6 canales, controles individuales, XLR mono balanceado para micr\u00f3fono en los primeros 3 canales, padding seleccionable en las entradas de micr\u00f3fono, potencia phantom +48V independiente conmutable en cada entrada de micr\u00f3fono, el primer canal proporciona atenuaci\u00f3n conmutable de otros canales con par\u00e1metros no seleccionables, plug TRS 1\/8 en panel frontal para entrada de reproductor portable de m\u00fasica, dos sets de salidas principales TS 1\/4 izquierdo y derecho con controles de nivel master, graves y agudos, dos buses de entrada TRS que permiten unidades encadenadas para ofrecer canales extra, robusto chasis de acero de una unidad de rack con fuente de alimentaci\u00f3n integrada.","robots":{"index":"index","follow":"follow","max-snippet":"max-snippet:-1","max-image-preview":"max-image-preview:large","max-video-preview":"max-video-preview:-1"},"canonical":"https:\/\/www.mexicanguitarplayers.com\/en\/tienda\/sin categor\u00eda\/mezcladora-a-r-t-mod-mx624\/","og_locale":"en_US","og_type":"article","og_title":"MEZCLADORA A.R.T.  MOD. MX624 - Mexican Guitar Players","og_description":"Mezcladora est\u00e9reo de rack de 6 canales, controles individuales, XLR mono balanceado para micr\u00f3fono en los primeros 3 canales, padding seleccionable en las entradas de micr\u00f3fono, potencia phantom +48V independiente conmutable en cada entrada de micr\u00f3fono, el primer canal proporciona atenuaci\u00f3n conmutable de otros canales con par\u00e1metros no seleccionables, plug TRS 1\/8 en panel frontal para entrada de reproductor portable de m\u00fasica, dos sets de salidas principales TS 1\/4 izquierdo y derecho con controles de nivel master, graves y agudos, dos buses de entrada TRS que permiten unidades encadenadas para ofrecer canales extra, robusto chasis de acero de una unidad de rack con fuente de alimentaci\u00f3n integrada.","og_url":"https:\/\/www.mexicanguitarplayers.com\/en\/tienda\/sin categor\u00eda\/mezcladora-a-r-t-mod-mx624\/","og_site_name":"Mexican Guitar Players","article_modified_time":"2026-04-10T10:25:26+00:00","twitter_card":"summary_large_image","twitter_misc":{"Est. reading time":"2 minutes"},"schema":{"@context":"https:\/\/schema.org","@graph":[{"@type":["WebPage","ItemPage"],"@id":"https:\/\/www.mexicanguitarplayers.com\/tienda\/sin categor\u00eda\/mezcladora-a-r-t-mod-mx624\/","url":"https:\/\/www.mexicanguitarplayers.com\/tienda\/sin categor\u00eda\/mezcladora-a-r-t-mod-mx624\/","name":"MEZCLADORA A.R.T. MOD. MX624 - Mexican Guitar Players","isPartOf":{"@id":"https:\/\/www.mexicanguitarplayers.com\/#website"},"primaryImageOfPage":{"@id":"https:\/\/www.mexicanguitarplayers.com\/tienda\/sin categor\u00eda\/mezcladora-a-r-t-mod-mx624\/#primaryimage"},"image":{"@id":"https:\/\/www.mexicanguitarplayers.com\/tienda\/sin categor\u00eda\/mezcladora-a-r-t-mod-mx624\/#primaryimage"},"thumbnailUrl":"https:\/\/www.mexicanguitarplayers.com\/wp-content\/uploads\/2025\/04\/IAARTMX624.jpg","datePublished":"2025-04-09T11:33:14+00:00","dateModified":"2026-04-10T10:25:26+00:00","description":"Mezcladora est\u00e9reo de rack de 6 canales, controles individuales, XLR mono balanceado para micr\u00f3fono en los primeros 3 canales, padding seleccionable en las entradas de micr\u00f3fono, potencia phantom +48V independiente conmutable en cada entrada de micr\u00f3fono, el primer canal proporciona atenuaci\u00f3n conmutable de otros canales con par\u00e1metros no seleccionables, plug TRS 1\/8 en panel frontal para entrada de reproductor portable de m\u00fasica, dos sets de salidas principales TS 1\/4 izquierdo y derecho con controles de nivel master, graves y agudos, dos buses de entrada TRS que permiten unidades encadenadas para ofrecer canales extra, robusto chasis de acero de una unidad de rack con fuente de alimentaci\u00f3n integrada.","breadcrumb":{"@id":"https:\/\/www.mexicanguitarplayers.com\/tienda\/sin categor\u00eda\/mezcladora-a-r-t-mod-mx624\/#breadcrumb"},"inLanguage":"en-US","potentialAction":[{"@type":"ReadAction","target":["https:\/\/www.mexicanguitarplayers.com\/tienda\/sin categor\u00eda\/mezcladora-a-r-t-mod-mx624\/"]}]},{"@type":"ImageObject","inLanguage":"en-US","@id":"https:\/\/www.mexicanguitarplayers.com\/tienda\/sin categor\u00eda\/mezcladora-a-r-t-mod-mx624\/#primaryimage","url":"https:\/\/www.mexicanguitarplayers.com\/wp-content\/uploads\/2025\/04\/IAARTMX624.jpg","contentUrl":"https:\/\/www.mexicanguitarplayers.com\/wp-content\/uploads\/2025\/04\/IAARTMX624.jpg","width":1600,"height":800},{"@type":"BreadcrumbList","@id":"https:\/\/www.mexicanguitarplayers.com\/tienda\/sin categor\u00eda\/mezcladora-a-r-t-mod-mx624\/#breadcrumb","itemListElement":[{"@type":"ListItem","position":1,"name":"Portada","item":"https:\/\/www.mexicanguitarplayers.com\/"},{"@type":"ListItem","position":2,"name":"Tienda","item":"https:\/\/www.mexicanguitarplayers.com\/tienda\/"},{"@type":"ListItem","position":3,"name":"MEZCLADORA A.R.T. MOD. MX624"}]},{"@type":"WebSite","@id":"https:\/\/www.mexicanguitarplayers.com\/#website","url":"https:\/\/www.mexicanguitarplayers.com\/","name":"Mexican Guitar Players","description":"Website","publisher":{"@id":"https:\/\/www.mexicanguitarplayers.com\/#organization"},"potentialAction":[{"@type":"SearchAction","target":{"@type":"EntryPoint","urlTemplate":"https:\/\/www.mexicanguitarplayers.com\/?s={search_term_string}"},"query-input":{"@type":"PropertyValueSpecification","valueRequired":true,"valueName":"search_term_string"}}],"inLanguage":"en-US"},{"@type":"Organization","@id":"https:\/\/www.mexicanguitarplayers.com\/#organization","name":"Mexican Guitar Players","url":"https:\/\/www.mexicanguitarplayers.com\/","logo":{"@type":"ImageObject","inLanguage":"en-US","@id":"https:\/\/www.mexicanguitarplayers.com\/#\/schema\/logo\/image\/","url":"","contentUrl":"","caption":"Mexican Guitar Players"},"image":{"@id":"https:\/\/www.mexicanguitarplayers.com\/#\/schema\/logo\/image\/"}}]}},"brands":[{"id":531,"name":"ART","slug":"a-r-t"}],"_links":{"self":[{"href":"https:\/\/www.mexicanguitarplayers.com\/en\/wp-json\/wp\/v2\/product\/37017","targetHints":{"allow":["GET"]}}],"collection":[{"href":"https:\/\/www.mexicanguitarplayers.com\/en\/wp-json\/wp\/v2\/product"}],"about":[{"href":"https:\/\/www.mexicanguitarplayers.com\/en\/wp-json\/wp\/v2\/types\/product"}],"replies":[{"embeddable":true,"href":"https:\/\/www.mexicanguitarplayers.com\/en\/wp-json\/wp\/v2\/comments?post=37017"}],"wp:featuredmedia":[{"embeddable":true,"href":"https:\/\/www.mexicanguitarplayers.com\/en\/wp-json\/wp\/v2\/media\/37014"}],"wp:attachment":[{"href":"https:\/\/www.mexicanguitarplayers.com\/en\/wp-json\/wp\/v2\/media?parent=37017"}],"wp:term":[{"taxonomy":"pwb-brand","embeddable":true,"href":"https:\/\/www.mexicanguitarplayers.com\/en\/wp-json\/wp\/v2\/pwb-brand?post=37017"},{"taxonomy":"product_brand","embeddable":true,"href":"https:\/\/www.mexicanguitarplayers.com\/en\/wp-json\/wp\/v2\/product_brand?post=37017"},{"taxonomy":"product_cat","embeddable":true,"href":"https:\/\/www.mexicanguitarplayers.com\/en\/wp-json\/wp\/v2\/product_cat?post=37017"},{"taxonomy":"product_tag","embeddable":true,"href":"https:\/\/www.mexicanguitarplayers.com\/en\/wp-json\/wp\/v2\/product_tag?post=37017"}],"curies":[{"name":"wp","href":"https:\/\/api.w.org\/{rel}","templated":true}]}}