{"id":37024,"date":"2025-04-09T05:33:23","date_gmt":"2025-04-09T11:33:23","guid":{"rendered":"https:\/\/www.mexicanguitarplayers.com\/tienda\/sin categor\u00eda\/cana-premium-p-clarinete-3-5\/"},"modified":"2026-04-10T04:25:25","modified_gmt":"2026-04-10T10:25:25","slug":"cana-premium-p-clarinete-3-5","status":"publish","type":"product","link":"https:\/\/www.mexicanguitarplayers.com\/en\/tienda\/accesorios\/estuches-y-fundas\/para-alientos-estuches-y-fundas\/cana-premium-p-clarinete-3-5\/","title":{"rendered":"CA\u00d1A PREMIUM P\/CLARINETE 3.5"},"content":{"rendered":"<div style=\"text-align: justify\">\n<div>\n<h3>Simplemente las mejores ca\u00f1as.<\/h3>\n<\/div>\n<div>Un bas\u00f3n de calidad Premium proporciona una ca\u00f1a perfecta y sobre la base de ese criterio, hemos creado la serie Premium de Marca. Buscando constantemente mejorar la calidad, Marca, como es una larga tradici\u00f3n, ha seleccionado especialmente la ca\u00f1a de un di\u00e1metro muy grueso para poder extraer la parte m\u00e1s densa de la madera, eliminando as\u00ed la parte blanda tanto como sea posible.<\/div>\n<div>\n<h4>Characteristics<\/h4>\n<\/div>\n<div>\n<ul style=\"margin: 0px 0px 0px 25px\">\n<li style=\"list-style-type: circle;margin: 5px\">Ca\u00f1a para clarinete.<\/li>\n<li style=\"list-style-type: circle;margin: 5px\">Fuerza: 3.5.<\/li>\n<li style=\"list-style-type: circle;margin: 5px\">Nota: Bb.<\/li>\n<li style=\"list-style-type: circle;margin: 5px\">Dise\u00f1ada por artistas para artistas.<\/li>\n<li style=\"list-style-type: circle;margin: 5px\">Repartici\u00f3n de madera especial.<\/li>\n<li style=\"list-style-type: circle;margin: 5px\">Respuesta r\u00e1pida y larga vida.<\/li>\n<li style=\"list-style-type: circle;margin: 5px\">Proceso de tratamiento premium de ca\u00f1a.<\/li>\n<li style=\"list-style-type: circle;margin: 5px\">Alta calidad con uso corte diamante.<\/li>\n<li style=\"list-style-type: circle;margin: 5px\">Tradici\u00f3n francesa de corte.<\/li>\n<li style=\"list-style-type: circle;margin: 5px\">Peso: 50 g.<\/li>\n<\/ul>\n<\/div>\n<\/div>","protected":false},"excerpt":{"rendered":"<p>Ca\u00f1a para clarinete, fuerza: 3.5, nota: Bb, dise\u00f1ada por artistas para artistas, repartici\u00f3n de madera especial para una respuesta r\u00e1pida y larga vida, proceso de tratamiento premium de ca\u00f1a para tener un espesor en blanco, alta calidad con uso corte diamante, tradici\u00f3n francesa de corte, peso: 50 g.&hellip; <a class=\"kt-excerpt-readmore more-link\" href=\"https:\/\/www.mexicanguitarplayers.com\/en\/tienda\/accesorios\/estuches-y-fundas\/para-alientos-estuches-y-fundas\/cana-premium-p-clarinete-3-5\/\">Read more<\/a><\/p>","protected":false},"featured_media":37023,"comment_status":"open","ping_status":"closed","template":"","meta":{"kt_blocks_editor_width":""},"pwb-brand":[625],"product_brand":[],"product_cat":[85,624,607],"product_tag":[],"class_list":{"0":"post-37024","1":"product","2":"type-product","3":"status-publish","4":"has-post-thumbnail","6":"pwb-brand-marca-reeds","7":"product_cat-accesorios","8":"product_cat-boquillas","9":"product_cat-para-alientos-estuches-y-fundas","10":"product_shipping_class-0-5-kg","12":"first","13":"outofstock","14":"taxable","15":"shipping-taxable","16":"purchasable","17":"product-type-simple"},"yoast_head":"<!-- This site is optimized with the Yoast SEO plugin v27.6 - https:\/\/yoast.com\/product\/yoast-seo-wordpress\/ -->\n<title>CA\u00d1A PREMIUM P\/CLARINETE 3.5 - Mexican Guitar Players<\/title>\n<meta name=\"description\" content=\"Ca\u00f1a para clarinete, fuerza: 3.5, nota: Bb, dise\u00f1ada por artistas para artistas, repartici\u00f3n de madera especial para una respuesta r\u00e1pida y larga vida, proceso de tratamiento premium de ca\u00f1a para tener un espesor en blanco, alta calidad con uso corte diamante, tradici\u00f3n francesa de corte, peso: 50 g.\" \/>\n<meta name=\"robots\" content=\"index, follow, max-snippet:-1, max-image-preview:large, max-video-preview:-1\" \/>\n<link rel=\"canonical\" href=\"https:\/\/www.mexicanguitarplayers.com\/en\/tienda\/sin%20categor\u00eda\/cana-premium-p-clarinete-3-5\/\" \/>\n<meta property=\"og:locale\" content=\"en_US\" \/>\n<meta property=\"og:type\" content=\"article\" \/>\n<meta property=\"og:title\" content=\"CA\u00d1A PREMIUM P\/CLARINETE 3.5 - Mexican Guitar Players\" \/>\n<meta property=\"og:description\" content=\"Ca\u00f1a para clarinete, fuerza: 3.5, nota: Bb, dise\u00f1ada por artistas para artistas, repartici\u00f3n de madera especial para una respuesta r\u00e1pida y larga vida, proceso de tratamiento premium de ca\u00f1a para tener un espesor en blanco, alta calidad con uso corte diamante, tradici\u00f3n francesa de corte, peso: 50 g.\" \/>\n<meta property=\"og:url\" content=\"https:\/\/www.mexicanguitarplayers.com\/en\/tienda\/sin categor\u00eda\/cana-premium-p-clarinete-3-5\/\" \/>\n<meta property=\"og:site_name\" content=\"Mexican Guitar Players\" \/>\n<meta property=\"article:modified_time\" content=\"2026-04-10T10:25:25+00:00\" \/>\n<meta name=\"twitter:card\" content=\"summary_large_image\" \/>\n<meta name=\"twitter:label1\" content=\"Est. reading time\" \/>\n\t<meta name=\"twitter:data1\" content=\"1 minute\" \/>\n<script type=\"application\/ld+json\" class=\"yoast-schema-graph\">{\"@context\":\"https:\\\/\\\/schema.org\",\"@graph\":[{\"@type\":[\"WebPage\",\"ItemPage\"],\"@id\":\"https:\\\/\\\/www.mexicanguitarplayers.com\\\/tienda\\\/sin categor\u00eda\\\/cana-premium-p-clarinete-3-5\\\/\",\"url\":\"https:\\\/\\\/www.mexicanguitarplayers.com\\\/tienda\\\/sin categor\u00eda\\\/cana-premium-p-clarinete-3-5\\\/\",\"name\":\"CA\u00d1A PREMIUM P\\\/CLARINETE 3.5 - Mexican Guitar Players\",\"isPartOf\":{\"@id\":\"https:\\\/\\\/www.mexicanguitarplayers.com\\\/#website\"},\"primaryImageOfPage\":{\"@id\":\"https:\\\/\\\/www.mexicanguitarplayers.com\\\/tienda\\\/sin categor\u00eda\\\/cana-premium-p-clarinete-3-5\\\/#primaryimage\"},\"image\":{\"@id\":\"https:\\\/\\\/www.mexicanguitarplayers.com\\\/tienda\\\/sin categor\u00eda\\\/cana-premium-p-clarinete-3-5\\\/#primaryimage\"},\"thumbnailUrl\":\"https:\\\/\\\/www.mexicanguitarplayers.com\\\/wp-content\\\/uploads\\\/2025\\\/04\\\/RAMRDPR235.jpg\",\"datePublished\":\"2025-04-09T11:33:23+00:00\",\"dateModified\":\"2026-04-10T10:25:25+00:00\",\"description\":\"Ca\u00f1a para clarinete, fuerza: 3.5, nota: Bb, dise\u00f1ada por artistas para artistas, repartici\u00f3n de madera especial para una respuesta r\u00e1pida y larga vida, proceso de tratamiento premium de ca\u00f1a para tener un espesor en blanco, alta calidad con uso corte diamante, tradici\u00f3n francesa de corte, peso: 50 g.\",\"breadcrumb\":{\"@id\":\"https:\\\/\\\/www.mexicanguitarplayers.com\\\/tienda\\\/sin categor\u00eda\\\/cana-premium-p-clarinete-3-5\\\/#breadcrumb\"},\"inLanguage\":\"en-US\",\"potentialAction\":[{\"@type\":\"ReadAction\",\"target\":[\"https:\\\/\\\/www.mexicanguitarplayers.com\\\/tienda\\\/sin categor\u00eda\\\/cana-premium-p-clarinete-3-5\\\/\"]}]},{\"@type\":\"ImageObject\",\"inLanguage\":\"en-US\",\"@id\":\"https:\\\/\\\/www.mexicanguitarplayers.com\\\/tienda\\\/sin categor\u00eda\\\/cana-premium-p-clarinete-3-5\\\/#primaryimage\",\"url\":\"https:\\\/\\\/www.mexicanguitarplayers.com\\\/wp-content\\\/uploads\\\/2025\\\/04\\\/RAMRDPR235.jpg\",\"contentUrl\":\"https:\\\/\\\/www.mexicanguitarplayers.com\\\/wp-content\\\/uploads\\\/2025\\\/04\\\/RAMRDPR235.jpg\",\"width\":1200,\"height\":1200},{\"@type\":\"BreadcrumbList\",\"@id\":\"https:\\\/\\\/www.mexicanguitarplayers.com\\\/tienda\\\/sin categor\u00eda\\\/cana-premium-p-clarinete-3-5\\\/#breadcrumb\",\"itemListElement\":[{\"@type\":\"ListItem\",\"position\":1,\"name\":\"Portada\",\"item\":\"https:\\\/\\\/www.mexicanguitarplayers.com\\\/\"},{\"@type\":\"ListItem\",\"position\":2,\"name\":\"Tienda\",\"item\":\"https:\\\/\\\/www.mexicanguitarplayers.com\\\/tienda\\\/\"},{\"@type\":\"ListItem\",\"position\":3,\"name\":\"CA\u00d1A PREMIUM P\\\/CLARINETE 3.5\"}]},{\"@type\":\"WebSite\",\"@id\":\"https:\\\/\\\/www.mexicanguitarplayers.com\\\/#website\",\"url\":\"https:\\\/\\\/www.mexicanguitarplayers.com\\\/\",\"name\":\"Mexican Guitar Players\",\"description\":\"Website\",\"publisher\":{\"@id\":\"https:\\\/\\\/www.mexicanguitarplayers.com\\\/#organization\"},\"potentialAction\":[{\"@type\":\"SearchAction\",\"target\":{\"@type\":\"EntryPoint\",\"urlTemplate\":\"https:\\\/\\\/www.mexicanguitarplayers.com\\\/?s={search_term_string}\"},\"query-input\":{\"@type\":\"PropertyValueSpecification\",\"valueRequired\":true,\"valueName\":\"search_term_string\"}}],\"inLanguage\":\"en-US\"},{\"@type\":\"Organization\",\"@id\":\"https:\\\/\\\/www.mexicanguitarplayers.com\\\/#organization\",\"name\":\"Mexican Guitar Players\",\"url\":\"https:\\\/\\\/www.mexicanguitarplayers.com\\\/\",\"logo\":{\"@type\":\"ImageObject\",\"inLanguage\":\"en-US\",\"@id\":\"https:\\\/\\\/www.mexicanguitarplayers.com\\\/#\\\/schema\\\/logo\\\/image\\\/\",\"url\":\"\",\"contentUrl\":\"\",\"caption\":\"Mexican Guitar Players\"},\"image\":{\"@id\":\"https:\\\/\\\/www.mexicanguitarplayers.com\\\/#\\\/schema\\\/logo\\\/image\\\/\"}}]}<\/script>\n<!-- \/ Yoast SEO plugin. -->","yoast_head_json":{"title":"CA\u00d1A PREMIUM P\/CLARINETE 3.5 - Mexican Guitar Players","description":"Ca\u00f1a para clarinete, fuerza: 3.5, nota: Bb, dise\u00f1ada por artistas para artistas, repartici\u00f3n de madera especial para una respuesta r\u00e1pida y larga vida, proceso de tratamiento premium de ca\u00f1a para tener un espesor en blanco, alta calidad con uso corte diamante, tradici\u00f3n francesa de corte, peso: 50 g.","robots":{"index":"index","follow":"follow","max-snippet":"max-snippet:-1","max-image-preview":"max-image-preview:large","max-video-preview":"max-video-preview:-1"},"canonical":"https:\/\/www.mexicanguitarplayers.com\/en\/tienda\/sin categor\u00eda\/cana-premium-p-clarinete-3-5\/","og_locale":"en_US","og_type":"article","og_title":"CA\u00d1A PREMIUM P\/CLARINETE 3.5 - Mexican Guitar Players","og_description":"Ca\u00f1a para clarinete, fuerza: 3.5, nota: Bb, dise\u00f1ada por artistas para artistas, repartici\u00f3n de madera especial para una respuesta r\u00e1pida y larga vida, proceso de tratamiento premium de ca\u00f1a para tener un espesor en blanco, alta calidad con uso corte diamante, tradici\u00f3n francesa de corte, peso: 50 g.","og_url":"https:\/\/www.mexicanguitarplayers.com\/en\/tienda\/sin categor\u00eda\/cana-premium-p-clarinete-3-5\/","og_site_name":"Mexican Guitar Players","article_modified_time":"2026-04-10T10:25:25+00:00","twitter_card":"summary_large_image","twitter_misc":{"Est. reading time":"1 minute"},"schema":{"@context":"https:\/\/schema.org","@graph":[{"@type":["WebPage","ItemPage"],"@id":"https:\/\/www.mexicanguitarplayers.com\/tienda\/sin categor\u00eda\/cana-premium-p-clarinete-3-5\/","url":"https:\/\/www.mexicanguitarplayers.com\/tienda\/sin categor\u00eda\/cana-premium-p-clarinete-3-5\/","name":"CA\u00d1A PREMIUM P\/CLARINETE 3.5 - Mexican Guitar Players","isPartOf":{"@id":"https:\/\/www.mexicanguitarplayers.com\/#website"},"primaryImageOfPage":{"@id":"https:\/\/www.mexicanguitarplayers.com\/tienda\/sin categor\u00eda\/cana-premium-p-clarinete-3-5\/#primaryimage"},"image":{"@id":"https:\/\/www.mexicanguitarplayers.com\/tienda\/sin categor\u00eda\/cana-premium-p-clarinete-3-5\/#primaryimage"},"thumbnailUrl":"https:\/\/www.mexicanguitarplayers.com\/wp-content\/uploads\/2025\/04\/RAMRDPR235.jpg","datePublished":"2025-04-09T11:33:23+00:00","dateModified":"2026-04-10T10:25:25+00:00","description":"Ca\u00f1a para clarinete, fuerza: 3.5, nota: Bb, dise\u00f1ada por artistas para artistas, repartici\u00f3n de madera especial para una respuesta r\u00e1pida y larga vida, proceso de tratamiento premium de ca\u00f1a para tener un espesor en blanco, alta calidad con uso corte diamante, tradici\u00f3n francesa de corte, peso: 50 g.","breadcrumb":{"@id":"https:\/\/www.mexicanguitarplayers.com\/tienda\/sin categor\u00eda\/cana-premium-p-clarinete-3-5\/#breadcrumb"},"inLanguage":"en-US","potentialAction":[{"@type":"ReadAction","target":["https:\/\/www.mexicanguitarplayers.com\/tienda\/sin categor\u00eda\/cana-premium-p-clarinete-3-5\/"]}]},{"@type":"ImageObject","inLanguage":"en-US","@id":"https:\/\/www.mexicanguitarplayers.com\/tienda\/sin categor\u00eda\/cana-premium-p-clarinete-3-5\/#primaryimage","url":"https:\/\/www.mexicanguitarplayers.com\/wp-content\/uploads\/2025\/04\/RAMRDPR235.jpg","contentUrl":"https:\/\/www.mexicanguitarplayers.com\/wp-content\/uploads\/2025\/04\/RAMRDPR235.jpg","width":1200,"height":1200},{"@type":"BreadcrumbList","@id":"https:\/\/www.mexicanguitarplayers.com\/tienda\/sin categor\u00eda\/cana-premium-p-clarinete-3-5\/#breadcrumb","itemListElement":[{"@type":"ListItem","position":1,"name":"Portada","item":"https:\/\/www.mexicanguitarplayers.com\/"},{"@type":"ListItem","position":2,"name":"Tienda","item":"https:\/\/www.mexicanguitarplayers.com\/tienda\/"},{"@type":"ListItem","position":3,"name":"CA\u00d1A PREMIUM P\/CLARINETE 3.5"}]},{"@type":"WebSite","@id":"https:\/\/www.mexicanguitarplayers.com\/#website","url":"https:\/\/www.mexicanguitarplayers.com\/","name":"Mexican Guitar Players","description":"Website","publisher":{"@id":"https:\/\/www.mexicanguitarplayers.com\/#organization"},"potentialAction":[{"@type":"SearchAction","target":{"@type":"EntryPoint","urlTemplate":"https:\/\/www.mexicanguitarplayers.com\/?s={search_term_string}"},"query-input":{"@type":"PropertyValueSpecification","valueRequired":true,"valueName":"search_term_string"}}],"inLanguage":"en-US"},{"@type":"Organization","@id":"https:\/\/www.mexicanguitarplayers.com\/#organization","name":"Mexican Guitar Players","url":"https:\/\/www.mexicanguitarplayers.com\/","logo":{"@type":"ImageObject","inLanguage":"en-US","@id":"https:\/\/www.mexicanguitarplayers.com\/#\/schema\/logo\/image\/","url":"","contentUrl":"","caption":"Mexican Guitar Players"},"image":{"@id":"https:\/\/www.mexicanguitarplayers.com\/#\/schema\/logo\/image\/"}}]}},"brands":[{"id":625,"name":"REEDS BRAND","slug":"marca-reeds"}],"_links":{"self":[{"href":"https:\/\/www.mexicanguitarplayers.com\/en\/wp-json\/wp\/v2\/product\/37024","targetHints":{"allow":["GET"]}}],"collection":[{"href":"https:\/\/www.mexicanguitarplayers.com\/en\/wp-json\/wp\/v2\/product"}],"about":[{"href":"https:\/\/www.mexicanguitarplayers.com\/en\/wp-json\/wp\/v2\/types\/product"}],"replies":[{"embeddable":true,"href":"https:\/\/www.mexicanguitarplayers.com\/en\/wp-json\/wp\/v2\/comments?post=37024"}],"wp:featuredmedia":[{"embeddable":true,"href":"https:\/\/www.mexicanguitarplayers.com\/en\/wp-json\/wp\/v2\/media\/37023"}],"wp:attachment":[{"href":"https:\/\/www.mexicanguitarplayers.com\/en\/wp-json\/wp\/v2\/media?parent=37024"}],"wp:term":[{"taxonomy":"pwb-brand","embeddable":true,"href":"https:\/\/www.mexicanguitarplayers.com\/en\/wp-json\/wp\/v2\/pwb-brand?post=37024"},{"taxonomy":"product_brand","embeddable":true,"href":"https:\/\/www.mexicanguitarplayers.com\/en\/wp-json\/wp\/v2\/product_brand?post=37024"},{"taxonomy":"product_cat","embeddable":true,"href":"https:\/\/www.mexicanguitarplayers.com\/en\/wp-json\/wp\/v2\/product_cat?post=37024"},{"taxonomy":"product_tag","embeddable":true,"href":"https:\/\/www.mexicanguitarplayers.com\/en\/wp-json\/wp\/v2\/product_tag?post=37024"}],"curies":[{"name":"wp","href":"https:\/\/api.w.org\/{rel}","templated":true}]}}