{"id":37029,"date":"2025-04-09T05:33:30","date_gmt":"2025-04-09T11:33:30","guid":{"rendered":"https:\/\/www.mexicanguitarplayers.com\/tienda\/sin categor\u00eda\/bafle-behringer-c-poder-mod-b12x\/"},"modified":"2026-05-01T07:19:54","modified_gmt":"2026-05-01T13:19:54","slug":"bafle-behringer-c-poder-mod-b12x","status":"publish","type":"product","link":"https:\/\/www.mexicanguitarplayers.com\/en\/tienda\/audio\/bafles-y-bocinas\/bafles\/bafles-activos\/bafle-behringer-c-poder-mod-b12x\/","title":{"rendered":"BAFLE BEHRINGER C\/PODER MOD. B12X"},"content":{"rendered":"<div style=\"text-align: justify\">\n<div>\n<h3>El mejor sistema de audio.<\/h3>\n<\/div>\n<div>El altavoz activo EUROLIVE B12X es exactamente lo que esperar\u00edas de Behringer: m\u00e1s potencia, m\u00e1s caracter\u00edsticas y absolutamente m\u00e1s asequible. Nuestros ingenieros han creado un altavoz activo que fusiona la tecnolog\u00eda de amplificaci\u00f3n Clase D, una mezcladora digital de 3 canales con memoria de ajuste de ganancia y est\u00e1 lista para conectarse de forma inal\u00e1mbrica a nuestro sistema ULM de Behringer (no incluido), DSP integrado y una portabilidad excepcional. Entonces hemos cargado el B12X con nuestro mejor driver de 12\u201d pulgadas de larga excursi\u00f3n para una incre\u00edble profundidad en graves y un driver de compresi\u00f3n de diafragma-fen\u00f3lico de vanguardia de 1\u201d pulgada para una reproducci\u00f3n excepcional de frecuencias agudas. Cuenta con conectividad Bluetooth que te permite transmitir m\u00fasica desde tu tel\u00e9fono, Tablet o cualquier otro dispositivo equipado con Bluetooth y puedes incluso tener el control de tu sistema por medio de la aplicaci\u00f3n m\u00f3vil para iOs o Android. El altavoz activo profesional B12X est\u00e1 destinado a convertirse en una leyenda por derecho propio, junto con los otros modelos de EUROLIVE que han convertido a BEHRINGER en el l\u00edder mundial de altavoces activos. Mezcladora digital integrada y control remoto completo. El B12X cuenta con una mezcladora digital integrada de 3 canales totalmente direccionable con 2 conectores combo Jack\/XLR que aceptan conexiones balanceadas y desbalanceadas para micr\u00f3fonos din\u00e1micos e instrumentos de nivel de l\u00ednea. La simple e intuitiva interfaz de usuario consiste en una \u00fanica perilla giratoria con botones de funci\u00f3n Process, Setup, Exit y Enter. Una pantalla LCD bellamente retro iluminada controla las funciones DSP, incluidos los par\u00e1metros de la mezcladora, el ecualizador de 3 bandas y los pre-ajustes. Todos los ajustes se pueden controlar localmente o mediante las aplicaciones m\u00f3viles descargables de iOS o Android y se pueden bloquear para evitar el acceso no autorizado.<\/div>\n<div>\n<h4>Quick look<\/h4>\n<\/div>\n<ul style=\"margin: 0px 0px 0px 25px\">\n<li style=\"list-style-type: circle;margin: 5px\">Kind.<\/li>\n<li style=\"list-style-type: circle;margin: 5px\">Power.<\/li>\n<li style=\"list-style-type: circle;margin: 5px\">Applications.<\/li>\n<li style=\"list-style-type: circle;margin: 5px\">Mezcladora.<\/li>\n<li style=\"list-style-type: circle;margin: 5px\">Sistemas compatibles.<\/li>\n<li style=\"list-style-type: circle;margin: 5px\">Control remoto.<\/li>\n<li style=\"list-style-type: circle;margin: 5px\">Bluetooth.<\/li>\n<li style=\"list-style-type: circle;margin: 5px\">DSP.<\/li>\n<li style=\"list-style-type: circle;margin: 5px\">Clase.<\/li>\n<li style=\"list-style-type: circle;margin: 5px\">Interfaz de usuario.<\/li>\n<li style=\"list-style-type: circle;margin: 5px\">Dispersi\u00f3n.<\/li>\n<li style=\"list-style-type: circle;margin: 5px\">Asas.<\/li>\n<\/ul>\n<div>\n<div style=\"font-weight: bold\">Kind.<\/div>\n<div>\n<p>Bafle activo de 12\u201d pulgadas.<\/p>\n<\/div>\n<div style=\"font-weight: bold\">Power.<\/div>\n<div>\n<p>1,000 watts a 2 v\u00edas.<\/p>\n<\/div>\n<div style=\"font-weight: bold\">Applications.<\/div>\n<div>\n<p>Ideal para aplicaciones en vivo y reproducci\u00f3n.<\/p>\n<\/div>\n<div style=\"font-weight: bold\">Mezcladora.<\/div>\n<div>\n<p>Mezcladora digital de 3 canales de control remoto con memoria de ajuste de ganancia.<\/p>\n<\/div>\n<div style=\"font-weight: bold\">Sistemas compatibles.<\/div>\n<div>\n<p>\u201cWireless Ready\u201d para sistemas inal\u00e1mbricos Behringer de alta calidad (no incluido).<\/p>\n<\/div>\n<div style=\"font-weight: bold\">Control remoto.<\/div>\n<div>\n<p>Control remoto completo a trav\u00e9s de app en iOs o Android descargable de forma gratuita.<\/p>\n<\/div>\n<div style=\"font-weight: bold\">Bluetooth.<\/div>\n<div>\n<p>Transmisi\u00f3n de audio Bluetooth de alta calidad.<\/p>\n<\/div>\n<div style=\"font-weight: bold\">DSP.<\/div>\n<div>\n<p>Preajustes DSP Klark Teknik para tipo de aplicaci\u00f3n y posicionamiento de los altavoces.<\/p>\n<\/div>\n<div style=\"font-weight: bold\">Clase.<\/div>\n<div>\n<p>Tecnolog\u00eda de amplificador Clase D que proporciona enorme potencia, incre\u00edble rendimiento s\u00f3nico y peso s\u00faper ligero.<\/p>\n<\/div>\n<div style=\"font-weight: bold\">Interfaz de usuario.<\/div>\n<div>\n<p>Control giratorio sencillo e intuitivo con pantalla LCD para una f\u00e1cil navegaci\u00f3n con botones Process, Setup, Exit y Enter.<\/p>\n<\/div>\n<div style=\"font-weight: bold\">Dispersi\u00f3n.<\/div>\n<div>\n<p>Dispersi\u00f3n ultra ancha, trompeta exponencial de gran formato, caja trapezoidal de dise\u00f1o vers\u00e1til que permite diferentes posiciones: soporte de montaje con polo de 35 mm o inclinado lateralmente para uso como monitor de piso.<\/p>\n<\/div>\n<div style=\"font-weight: bold\">Asas.<\/div>\n<div>\n<p>Asas ergon\u00f3micas para facilitar el transporte y la configuraci\u00f3n.<\/p>\n<\/div>\n<\/div>\n<\/div>","protected":false},"excerpt":{"rendered":"<p>Bafle activo de 12\u201d pulgadas con driver diafragma de aluminio de 1\u201d, potencia de 1,000 watts a 2 v\u00edas, ideal para aplicaciones en vivo y reproducci\u00f3n, mezcladora digital de 3 canales de control remoto con memoria de ajuste de ganancia, \u201cWireless Ready\u201d para sistemas inal\u00e1mbricos Behringer de alta calidad (no incluido), control remoto completo a trav\u00e9s de app en iOs o Android descargable de forma gratuita, transmisi\u00f3n de audio Bluetooth de alta calidad, pre-ajustes DSP para tipo de aplicaci\u00f3n y posicionamiento de los altavoces, procesamiento de se\u00f1al digital KARLK TEKNIK para un control total del sistema, revolucionaria tecnolog\u00eda de amplificador Clase D que proporciona enorme potencia, incre\u00edble rendimiento s\u00f3nico y peso s\u00faper ligero, interfaz de usuario de control giratorio sencillo e intuitivo con pantalla LCD para una f\u00e1cil navegaci\u00f3n, dispersi\u00f3n ultra ancha, trompeta exponencial de gran formato, baja trapezoidal de dise\u00f1o vers\u00e1til que permite diferentes posiciones: soporte de montaje con polo de 35 mm o inclinado lateralmente para uso como monitor de piso, mangos ergon\u00f3micos para facilitar el transporte y la configuraci\u00f3n.&hellip; <a class=\"kt-excerpt-readmore more-link\" href=\"https:\/\/www.mexicanguitarplayers.com\/en\/tienda\/audio\/bafles-y-bocinas\/bafles\/bafles-activos\/bafle-behringer-c-poder-mod-b12x\/\">Read more<\/a><\/p>","protected":false},"featured_media":37025,"comment_status":"open","ping_status":"closed","template":"","meta":{"kt_blocks_editor_width":""},"pwb-brand":[171],"product_brand":[],"product_cat":[213,222,472,221],"product_tag":[],"class_list":{"0":"post-37029","1":"product","2":"type-product","3":"status-publish","4":"has-post-thumbnail","6":"pwb-brand-behringer","7":"product_cat-audio","8":"product_cat-bafles","9":"product_cat-bafles-activos","10":"product_cat-bafles-y-bocinas","11":"product_shipping_class-10-15-kg","13":"first","14":"instock","15":"taxable","16":"shipping-taxable","17":"purchasable","18":"product-type-simple"},"yoast_head":"<!-- This site is optimized with the Yoast SEO plugin v27.5 - https:\/\/yoast.com\/product\/yoast-seo-wordpress\/ -->\n<title>BAFLE BEHRINGER C\/PODER MOD. B12X - Mexican Guitar Players<\/title>\n<meta name=\"description\" content=\"Bafle activo de 12\u201d pulgadas con driver diafragma de aluminio de 1\u201d, potencia de 1,000 watts a 2 v\u00edas, ideal para aplicaciones en vivo y reproducci\u00f3n, mezcladora digital de 3 canales de control remoto con memoria de ajuste de ganancia, \u201cWireless Ready\u201d para sistemas inal\u00e1mbricos Behringer de alta calidad (no incluido), control remoto completo a trav\u00e9s de app en iOs o Android descargable de forma gratuita, transmisi\u00f3n de audio Bluetooth de alta calidad, pre-ajustes DSP para tipo de aplicaci\u00f3n y posicionamiento de los altavoces, procesamiento de se\u00f1al digital KARLK TEKNIK para un control total del sistema, revolucionaria tecnolog\u00eda de amplificador Clase D que proporciona enorme potencia, incre\u00edble rendimiento s\u00f3nico y peso s\u00faper ligero, interfaz de usuario de control giratorio sencillo e intuitivo con pantalla LCD para una f\u00e1cil navegaci\u00f3n, dispersi\u00f3n ultra ancha, trompeta exponencial de gran formato, baja trapezoidal de dise\u00f1o vers\u00e1til que permite diferentes posiciones: soporte de montaje con polo de 35 mm o inclinado lateralmente para uso como monitor de piso, mangos ergon\u00f3micos para facilitar el transporte y la configuraci\u00f3n.\" \/>\n<meta name=\"robots\" content=\"index, follow, max-snippet:-1, max-image-preview:large, max-video-preview:-1\" \/>\n<link rel=\"canonical\" href=\"https:\/\/www.mexicanguitarplayers.com\/en\/tienda\/sin%20categor\u00eda\/bafle-behringer-c-poder-mod-b12x\/\" \/>\n<meta property=\"og:locale\" content=\"en_US\" \/>\n<meta property=\"og:type\" content=\"article\" \/>\n<meta property=\"og:title\" content=\"BAFLE BEHRINGER C\/PODER MOD. B12X - Mexican Guitar Players\" \/>\n<meta property=\"og:description\" content=\"Bafle activo de 12\u201d pulgadas con driver diafragma de aluminio de 1\u201d, potencia de 1,000 watts a 2 v\u00edas, ideal para aplicaciones en vivo y reproducci\u00f3n, mezcladora digital de 3 canales de control remoto con memoria de ajuste de ganancia, \u201cWireless Ready\u201d para sistemas inal\u00e1mbricos Behringer de alta calidad (no incluido), control remoto completo a trav\u00e9s de app en iOs o Android descargable de forma gratuita, transmisi\u00f3n de audio Bluetooth de alta calidad, pre-ajustes DSP para tipo de aplicaci\u00f3n y posicionamiento de los altavoces, procesamiento de se\u00f1al digital KARLK TEKNIK para un control total del sistema, revolucionaria tecnolog\u00eda de amplificador Clase D que proporciona enorme potencia, incre\u00edble rendimiento s\u00f3nico y peso s\u00faper ligero, interfaz de usuario de control giratorio sencillo e intuitivo con pantalla LCD para una f\u00e1cil navegaci\u00f3n, dispersi\u00f3n ultra ancha, trompeta exponencial de gran formato, baja trapezoidal de dise\u00f1o vers\u00e1til que permite diferentes posiciones: soporte de montaje con polo de 35 mm o inclinado lateralmente para uso como monitor de piso, mangos ergon\u00f3micos para facilitar el transporte y la configuraci\u00f3n.\" \/>\n<meta property=\"og:url\" content=\"https:\/\/www.mexicanguitarplayers.com\/en\/tienda\/sin categor\u00eda\/bafle-behringer-c-poder-mod-b12x\/\" \/>\n<meta property=\"og:site_name\" content=\"Mexican Guitar Players\" \/>\n<meta property=\"article:modified_time\" content=\"2026-05-01T13:19:54+00:00\" \/>\n<meta name=\"twitter:card\" content=\"summary_large_image\" \/>\n<meta name=\"twitter:label1\" content=\"Est. reading time\" \/>\n\t<meta name=\"twitter:data1\" content=\"3 minutes\" \/>\n<script type=\"application\/ld+json\" class=\"yoast-schema-graph\">{\"@context\":\"https:\\\/\\\/schema.org\",\"@graph\":[{\"@type\":[\"WebPage\",\"ItemPage\"],\"@id\":\"https:\\\/\\\/www.mexicanguitarplayers.com\\\/tienda\\\/sin categor\u00eda\\\/bafle-behringer-c-poder-mod-b12x\\\/\",\"url\":\"https:\\\/\\\/www.mexicanguitarplayers.com\\\/tienda\\\/sin categor\u00eda\\\/bafle-behringer-c-poder-mod-b12x\\\/\",\"name\":\"BAFLE BEHRINGER C\\\/PODER MOD. B12X - Mexican Guitar Players\",\"isPartOf\":{\"@id\":\"https:\\\/\\\/www.mexicanguitarplayers.com\\\/#website\"},\"primaryImageOfPage\":{\"@id\":\"https:\\\/\\\/www.mexicanguitarplayers.com\\\/tienda\\\/sin categor\u00eda\\\/bafle-behringer-c-poder-mod-b12x\\\/#primaryimage\"},\"image\":{\"@id\":\"https:\\\/\\\/www.mexicanguitarplayers.com\\\/tienda\\\/sin categor\u00eda\\\/bafle-behringer-c-poder-mod-b12x\\\/#primaryimage\"},\"thumbnailUrl\":\"https:\\\/\\\/www.mexicanguitarplayers.com\\\/wp-content\\\/uploads\\\/2025\\\/04\\\/IABEHB12X.jpg\",\"datePublished\":\"2025-04-09T11:33:30+00:00\",\"dateModified\":\"2026-05-01T13:19:54+00:00\",\"description\":\"Bafle activo de 12\u201d pulgadas con driver diafragma de aluminio de 1\u201d, potencia de 1,000 watts a 2 v\u00edas, ideal para aplicaciones en vivo y reproducci\u00f3n, mezcladora digital de 3 canales de control remoto con memoria de ajuste de ganancia, \u201cWireless Ready\u201d para sistemas inal\u00e1mbricos Behringer de alta calidad (no incluido), control remoto completo a trav\u00e9s de app en iOs o Android descargable de forma gratuita, transmisi\u00f3n de audio Bluetooth de alta calidad, pre-ajustes DSP para tipo de aplicaci\u00f3n y posicionamiento de los altavoces, procesamiento de se\u00f1al digital KARLK TEKNIK para un control total del sistema, revolucionaria tecnolog\u00eda de amplificador Clase D que proporciona enorme potencia, incre\u00edble rendimiento s\u00f3nico y peso s\u00faper ligero, interfaz de usuario de control giratorio sencillo e intuitivo con pantalla LCD para una f\u00e1cil navegaci\u00f3n, dispersi\u00f3n ultra ancha, trompeta exponencial de gran formato, baja trapezoidal de dise\u00f1o vers\u00e1til que permite diferentes posiciones: soporte de montaje con polo de 35 mm o inclinado lateralmente para uso como monitor de piso, mangos ergon\u00f3micos para facilitar el transporte y la configuraci\u00f3n.\",\"breadcrumb\":{\"@id\":\"https:\\\/\\\/www.mexicanguitarplayers.com\\\/tienda\\\/sin categor\u00eda\\\/bafle-behringer-c-poder-mod-b12x\\\/#breadcrumb\"},\"inLanguage\":\"en-US\",\"potentialAction\":[{\"@type\":\"ReadAction\",\"target\":[\"https:\\\/\\\/www.mexicanguitarplayers.com\\\/tienda\\\/sin categor\u00eda\\\/bafle-behringer-c-poder-mod-b12x\\\/\"]}]},{\"@type\":\"ImageObject\",\"inLanguage\":\"en-US\",\"@id\":\"https:\\\/\\\/www.mexicanguitarplayers.com\\\/tienda\\\/sin categor\u00eda\\\/bafle-behringer-c-poder-mod-b12x\\\/#primaryimage\",\"url\":\"https:\\\/\\\/www.mexicanguitarplayers.com\\\/wp-content\\\/uploads\\\/2025\\\/04\\\/IABEHB12X.jpg\",\"contentUrl\":\"https:\\\/\\\/www.mexicanguitarplayers.com\\\/wp-content\\\/uploads\\\/2025\\\/04\\\/IABEHB12X.jpg\",\"width\":1200,\"height\":1200},{\"@type\":\"BreadcrumbList\",\"@id\":\"https:\\\/\\\/www.mexicanguitarplayers.com\\\/tienda\\\/sin categor\u00eda\\\/bafle-behringer-c-poder-mod-b12x\\\/#breadcrumb\",\"itemListElement\":[{\"@type\":\"ListItem\",\"position\":1,\"name\":\"Portada\",\"item\":\"https:\\\/\\\/www.mexicanguitarplayers.com\\\/\"},{\"@type\":\"ListItem\",\"position\":2,\"name\":\"Tienda\",\"item\":\"https:\\\/\\\/www.mexicanguitarplayers.com\\\/tienda\\\/\"},{\"@type\":\"ListItem\",\"position\":3,\"name\":\"BAFLE BEHRINGER C\\\/PODER MOD. B12X\"}]},{\"@type\":\"WebSite\",\"@id\":\"https:\\\/\\\/www.mexicanguitarplayers.com\\\/#website\",\"url\":\"https:\\\/\\\/www.mexicanguitarplayers.com\\\/\",\"name\":\"Mexican Guitar Players\",\"description\":\"Website\",\"publisher\":{\"@id\":\"https:\\\/\\\/www.mexicanguitarplayers.com\\\/#organization\"},\"potentialAction\":[{\"@type\":\"SearchAction\",\"target\":{\"@type\":\"EntryPoint\",\"urlTemplate\":\"https:\\\/\\\/www.mexicanguitarplayers.com\\\/?s={search_term_string}\"},\"query-input\":{\"@type\":\"PropertyValueSpecification\",\"valueRequired\":true,\"valueName\":\"search_term_string\"}}],\"inLanguage\":\"en-US\"},{\"@type\":\"Organization\",\"@id\":\"https:\\\/\\\/www.mexicanguitarplayers.com\\\/#organization\",\"name\":\"Mexican Guitar Players\",\"url\":\"https:\\\/\\\/www.mexicanguitarplayers.com\\\/\",\"logo\":{\"@type\":\"ImageObject\",\"inLanguage\":\"en-US\",\"@id\":\"https:\\\/\\\/www.mexicanguitarplayers.com\\\/#\\\/schema\\\/logo\\\/image\\\/\",\"url\":\"\",\"contentUrl\":\"\",\"caption\":\"Mexican Guitar Players\"},\"image\":{\"@id\":\"https:\\\/\\\/www.mexicanguitarplayers.com\\\/#\\\/schema\\\/logo\\\/image\\\/\"}}]}<\/script>\n<!-- \/ Yoast SEO plugin. -->","yoast_head_json":{"title":"BAFLE BEHRINGER C\/PODER MOD. B12X - Mexican Guitar Players","description":"Bafle activo de 12\u201d pulgadas con driver diafragma de aluminio de 1\u201d, potencia de 1,000 watts a 2 v\u00edas, ideal para aplicaciones en vivo y reproducci\u00f3n, mezcladora digital de 3 canales de control remoto con memoria de ajuste de ganancia, \u201cWireless Ready\u201d para sistemas inal\u00e1mbricos Behringer de alta calidad (no incluido), control remoto completo a trav\u00e9s de app en iOs o Android descargable de forma gratuita, transmisi\u00f3n de audio Bluetooth de alta calidad, pre-ajustes DSP para tipo de aplicaci\u00f3n y posicionamiento de los altavoces, procesamiento de se\u00f1al digital KARLK TEKNIK para un control total del sistema, revolucionaria tecnolog\u00eda de amplificador Clase D que proporciona enorme potencia, incre\u00edble rendimiento s\u00f3nico y peso s\u00faper ligero, interfaz de usuario de control giratorio sencillo e intuitivo con pantalla LCD para una f\u00e1cil navegaci\u00f3n, dispersi\u00f3n ultra ancha, trompeta exponencial de gran formato, baja trapezoidal de dise\u00f1o vers\u00e1til que permite diferentes posiciones: soporte de montaje con polo de 35 mm o inclinado lateralmente para uso como monitor de piso, mangos ergon\u00f3micos para facilitar el transporte y la configuraci\u00f3n.","robots":{"index":"index","follow":"follow","max-snippet":"max-snippet:-1","max-image-preview":"max-image-preview:large","max-video-preview":"max-video-preview:-1"},"canonical":"https:\/\/www.mexicanguitarplayers.com\/en\/tienda\/sin categor\u00eda\/bafle-behringer-c-poder-mod-b12x\/","og_locale":"en_US","og_type":"article","og_title":"BAFLE BEHRINGER C\/PODER MOD. B12X - Mexican Guitar Players","og_description":"Bafle activo de 12\u201d pulgadas con driver diafragma de aluminio de 1\u201d, potencia de 1,000 watts a 2 v\u00edas, ideal para aplicaciones en vivo y reproducci\u00f3n, mezcladora digital de 3 canales de control remoto con memoria de ajuste de ganancia, \u201cWireless Ready\u201d para sistemas inal\u00e1mbricos Behringer de alta calidad (no incluido), control remoto completo a trav\u00e9s de app en iOs o Android descargable de forma gratuita, transmisi\u00f3n de audio Bluetooth de alta calidad, pre-ajustes DSP para tipo de aplicaci\u00f3n y posicionamiento de los altavoces, procesamiento de se\u00f1al digital KARLK TEKNIK para un control total del sistema, revolucionaria tecnolog\u00eda de amplificador Clase D que proporciona enorme potencia, incre\u00edble rendimiento s\u00f3nico y peso s\u00faper ligero, interfaz de usuario de control giratorio sencillo e intuitivo con pantalla LCD para una f\u00e1cil navegaci\u00f3n, dispersi\u00f3n ultra ancha, trompeta exponencial de gran formato, baja trapezoidal de dise\u00f1o vers\u00e1til que permite diferentes posiciones: soporte de montaje con polo de 35 mm o inclinado lateralmente para uso como monitor de piso, mangos ergon\u00f3micos para facilitar el transporte y la configuraci\u00f3n.","og_url":"https:\/\/www.mexicanguitarplayers.com\/en\/tienda\/sin categor\u00eda\/bafle-behringer-c-poder-mod-b12x\/","og_site_name":"Mexican Guitar Players","article_modified_time":"2026-05-01T13:19:54+00:00","twitter_card":"summary_large_image","twitter_misc":{"Est. reading time":"3 minutes"},"schema":{"@context":"https:\/\/schema.org","@graph":[{"@type":["WebPage","ItemPage"],"@id":"https:\/\/www.mexicanguitarplayers.com\/tienda\/sin categor\u00eda\/bafle-behringer-c-poder-mod-b12x\/","url":"https:\/\/www.mexicanguitarplayers.com\/tienda\/sin categor\u00eda\/bafle-behringer-c-poder-mod-b12x\/","name":"BAFLE BEHRINGER C\/PODER MOD. B12X - Mexican Guitar Players","isPartOf":{"@id":"https:\/\/www.mexicanguitarplayers.com\/#website"},"primaryImageOfPage":{"@id":"https:\/\/www.mexicanguitarplayers.com\/tienda\/sin categor\u00eda\/bafle-behringer-c-poder-mod-b12x\/#primaryimage"},"image":{"@id":"https:\/\/www.mexicanguitarplayers.com\/tienda\/sin categor\u00eda\/bafle-behringer-c-poder-mod-b12x\/#primaryimage"},"thumbnailUrl":"https:\/\/www.mexicanguitarplayers.com\/wp-content\/uploads\/2025\/04\/IABEHB12X.jpg","datePublished":"2025-04-09T11:33:30+00:00","dateModified":"2026-05-01T13:19:54+00:00","description":"Bafle activo de 12\u201d pulgadas con driver diafragma de aluminio de 1\u201d, potencia de 1,000 watts a 2 v\u00edas, ideal para aplicaciones en vivo y reproducci\u00f3n, mezcladora digital de 3 canales de control remoto con memoria de ajuste de ganancia, \u201cWireless Ready\u201d para sistemas inal\u00e1mbricos Behringer de alta calidad (no incluido), control remoto completo a trav\u00e9s de app en iOs o Android descargable de forma gratuita, transmisi\u00f3n de audio Bluetooth de alta calidad, pre-ajustes DSP para tipo de aplicaci\u00f3n y posicionamiento de los altavoces, procesamiento de se\u00f1al digital KARLK TEKNIK para un control total del sistema, revolucionaria tecnolog\u00eda de amplificador Clase D que proporciona enorme potencia, incre\u00edble rendimiento s\u00f3nico y peso s\u00faper ligero, interfaz de usuario de control giratorio sencillo e intuitivo con pantalla LCD para una f\u00e1cil navegaci\u00f3n, dispersi\u00f3n ultra ancha, trompeta exponencial de gran formato, baja trapezoidal de dise\u00f1o vers\u00e1til que permite diferentes posiciones: soporte de montaje con polo de 35 mm o inclinado lateralmente para uso como monitor de piso, mangos ergon\u00f3micos para facilitar el transporte y la configuraci\u00f3n.","breadcrumb":{"@id":"https:\/\/www.mexicanguitarplayers.com\/tienda\/sin categor\u00eda\/bafle-behringer-c-poder-mod-b12x\/#breadcrumb"},"inLanguage":"en-US","potentialAction":[{"@type":"ReadAction","target":["https:\/\/www.mexicanguitarplayers.com\/tienda\/sin categor\u00eda\/bafle-behringer-c-poder-mod-b12x\/"]}]},{"@type":"ImageObject","inLanguage":"en-US","@id":"https:\/\/www.mexicanguitarplayers.com\/tienda\/sin categor\u00eda\/bafle-behringer-c-poder-mod-b12x\/#primaryimage","url":"https:\/\/www.mexicanguitarplayers.com\/wp-content\/uploads\/2025\/04\/IABEHB12X.jpg","contentUrl":"https:\/\/www.mexicanguitarplayers.com\/wp-content\/uploads\/2025\/04\/IABEHB12X.jpg","width":1200,"height":1200},{"@type":"BreadcrumbList","@id":"https:\/\/www.mexicanguitarplayers.com\/tienda\/sin categor\u00eda\/bafle-behringer-c-poder-mod-b12x\/#breadcrumb","itemListElement":[{"@type":"ListItem","position":1,"name":"Portada","item":"https:\/\/www.mexicanguitarplayers.com\/"},{"@type":"ListItem","position":2,"name":"Tienda","item":"https:\/\/www.mexicanguitarplayers.com\/tienda\/"},{"@type":"ListItem","position":3,"name":"BAFLE BEHRINGER C\/PODER MOD. B12X"}]},{"@type":"WebSite","@id":"https:\/\/www.mexicanguitarplayers.com\/#website","url":"https:\/\/www.mexicanguitarplayers.com\/","name":"Mexican Guitar Players","description":"Website","publisher":{"@id":"https:\/\/www.mexicanguitarplayers.com\/#organization"},"potentialAction":[{"@type":"SearchAction","target":{"@type":"EntryPoint","urlTemplate":"https:\/\/www.mexicanguitarplayers.com\/?s={search_term_string}"},"query-input":{"@type":"PropertyValueSpecification","valueRequired":true,"valueName":"search_term_string"}}],"inLanguage":"en-US"},{"@type":"Organization","@id":"https:\/\/www.mexicanguitarplayers.com\/#organization","name":"Mexican Guitar Players","url":"https:\/\/www.mexicanguitarplayers.com\/","logo":{"@type":"ImageObject","inLanguage":"en-US","@id":"https:\/\/www.mexicanguitarplayers.com\/#\/schema\/logo\/image\/","url":"","contentUrl":"","caption":"Mexican Guitar Players"},"image":{"@id":"https:\/\/www.mexicanguitarplayers.com\/#\/schema\/logo\/image\/"}}]}},"brands":[{"id":171,"name":"BEHRINGER","slug":"behringer"}],"_links":{"self":[{"href":"https:\/\/www.mexicanguitarplayers.com\/en\/wp-json\/wp\/v2\/product\/37029","targetHints":{"allow":["GET"]}}],"collection":[{"href":"https:\/\/www.mexicanguitarplayers.com\/en\/wp-json\/wp\/v2\/product"}],"about":[{"href":"https:\/\/www.mexicanguitarplayers.com\/en\/wp-json\/wp\/v2\/types\/product"}],"replies":[{"embeddable":true,"href":"https:\/\/www.mexicanguitarplayers.com\/en\/wp-json\/wp\/v2\/comments?post=37029"}],"wp:featuredmedia":[{"embeddable":true,"href":"https:\/\/www.mexicanguitarplayers.com\/en\/wp-json\/wp\/v2\/media\/37025"}],"wp:attachment":[{"href":"https:\/\/www.mexicanguitarplayers.com\/en\/wp-json\/wp\/v2\/media?parent=37029"}],"wp:term":[{"taxonomy":"pwb-brand","embeddable":true,"href":"https:\/\/www.mexicanguitarplayers.com\/en\/wp-json\/wp\/v2\/pwb-brand?post=37029"},{"taxonomy":"product_brand","embeddable":true,"href":"https:\/\/www.mexicanguitarplayers.com\/en\/wp-json\/wp\/v2\/product_brand?post=37029"},{"taxonomy":"product_cat","embeddable":true,"href":"https:\/\/www.mexicanguitarplayers.com\/en\/wp-json\/wp\/v2\/product_cat?post=37029"},{"taxonomy":"product_tag","embeddable":true,"href":"https:\/\/www.mexicanguitarplayers.com\/en\/wp-json\/wp\/v2\/product_tag?post=37029"}],"curies":[{"name":"wp","href":"https:\/\/api.w.org\/{rel}","templated":true}]}}