{"id":37039,"date":"2025-04-09T05:33:43","date_gmt":"2025-04-09T11:33:43","guid":{"rendered":"https:\/\/www.mexicanguitarplayers.com\/tienda\/sin categor\u00eda\/soporte-hercules-p-microfono-ms434b\/"},"modified":"2026-01-28T13:15:14","modified_gmt":"2026-01-28T19:15:14","slug":"soporte-hercules-p-microfono-ms434b","status":"publish","type":"product","link":"https:\/\/www.mexicanguitarplayers.com\/en\/tienda\/accesorios\/stands\/para-microfono\/soporte-hercules-p-microfono-ms434b\/","title":{"rendered":"SOPORTE HERCULES P\/MICROFONO MS434B"},"content":{"rendered":"<div style=\"text-align: justify\">\n<div>\n<h3>Soporte de micr\u00f3fono con tr\u00edpode de giro r\u00e1pido con brazo 3 en 1<\/h3>\n<\/div>\n<div>El soporte de micr\u00f3fono de 2 v\u00edas HERCULES MS434B Stage Series cuenta con una abrazadera de brazo 3 en 1 y un embrague de giro r\u00e1pido. La abrazadera de pluma 3 en 1 especialmente dise\u00f1ada asegura simult\u00e1neamente la longitud, la altura y el \u00e1ngulo de la pluma con una sola perilla de ajuste.<\/div>\n<div>\n<h4>Characteristics<\/h4>\n<\/div>\n<div>\n<ul style=\"margin: 0px 0px 0px 25px\">\n<li style=\"list-style-type: circle;margin: 5px\">Height<\/li>\n<li style=\"list-style-type: circle;margin: 5px\">Weight<\/li>\n<li style=\"list-style-type: circle;margin: 5px\">Radio base<\/li>\n<li style=\"list-style-type: circle;margin: 5px\">Longitud del auge<\/li>\n<li style=\"list-style-type: circle;margin: 5px\">Tama\u00f1o plegado<\/li>\n<\/ul>\n<\/div>\n<\/div>","protected":false},"excerpt":{"rendered":"<p>El soporte de micr\u00f3fono de 2 v\u00edas HERCULES MS434B Stage Series cuenta con una abrazadera de brazo 3 en 1 y un embrague de giro r\u00e1pido. La abrazadera de pluma 3 en 1 especialmente dise\u00f1ada asegura simult\u00e1neamente la longitud, la altura y el \u00e1ngulo de la pluma con una sola perilla de ajuste. Puede contener cualquier combinaci\u00f3n de dos micr\u00f3fonos, dispositivos u otros accesorios de creaci\u00f3n de contenido. El ajuste de altura es r\u00e1pido y sencillo con el embrague Quick Turn. El MS434B ofrece una soluci\u00f3n \u00fanica para conferencias, creaci\u00f3n de contenido o m\u00fasicos que cantan y tocan un instrumento.&hellip; <a class=\"kt-excerpt-readmore more-link\" href=\"https:\/\/www.mexicanguitarplayers.com\/en\/tienda\/accesorios\/stands\/para-microfono\/soporte-hercules-p-microfono-ms434b\/\">Read more<\/a><\/p>","protected":false},"featured_media":37033,"comment_status":"open","ping_status":"closed","template":"","meta":{"kt_blocks_editor_width":""},"pwb-brand":[587],"product_brand":[],"product_cat":[85,464,416],"product_tag":[],"class_list":{"0":"post-37039","1":"product","2":"type-product","3":"status-publish","4":"has-post-thumbnail","6":"pwb-brand-hercules","7":"product_cat-accesorios","8":"product_cat-para-microfono","9":"product_cat-stands","10":"product_shipping_class-0-5-kg","12":"first","13":"outofstock","14":"taxable","15":"shipping-taxable","16":"purchasable","17":"product-type-simple"},"yoast_head":"<!-- This site is optimized with the Yoast SEO plugin v27.3 - https:\/\/yoast.com\/product\/yoast-seo-wordpress\/ -->\n<title>SOPORTE HERCULES P\/MICROFONO MS434B - Mexican Guitar Players<\/title>\n<meta name=\"description\" content=\"El soporte de micr\u00f3fono de 2 v\u00edas HERCULES MS434B Stage Series cuenta con una abrazadera de brazo 3 en 1 y un embrague de giro r\u00e1pido. La abrazadera de pluma 3 en 1 especialmente dise\u00f1ada asegura simult\u00e1neamente la longitud, la altura y el \u00e1ngulo de la pluma con una sola perilla de ajuste. Puede contener cualquier combinaci\u00f3n de dos micr\u00f3fonos, dispositivos u otros accesorios de creaci\u00f3n de contenido. El ajuste de altura es r\u00e1pido y sencillo con el embrague Quick Turn. El MS434B ofrece una soluci\u00f3n \u00fanica para conferencias, creaci\u00f3n de contenido o m\u00fasicos que cantan y tocan un instrumento.\" \/>\n<meta name=\"robots\" content=\"index, follow, max-snippet:-1, max-image-preview:large, max-video-preview:-1\" \/>\n<link rel=\"canonical\" href=\"https:\/\/www.mexicanguitarplayers.com\/en\/tienda\/sin%20categor\u00eda\/soporte-hercules-p-microfono-ms434b\/\" \/>\n<meta property=\"og:locale\" content=\"en_US\" \/>\n<meta property=\"og:type\" content=\"article\" \/>\n<meta property=\"og:title\" content=\"SOPORTE HERCULES P\/MICROFONO MS434B - Mexican Guitar Players\" \/>\n<meta property=\"og:description\" content=\"El soporte de micr\u00f3fono de 2 v\u00edas HERCULES MS434B Stage Series cuenta con una abrazadera de brazo 3 en 1 y un embrague de giro r\u00e1pido. La abrazadera de pluma 3 en 1 especialmente dise\u00f1ada asegura simult\u00e1neamente la longitud, la altura y el \u00e1ngulo de la pluma con una sola perilla de ajuste. Puede contener cualquier combinaci\u00f3n de dos micr\u00f3fonos, dispositivos u otros accesorios de creaci\u00f3n de contenido. El ajuste de altura es r\u00e1pido y sencillo con el embrague Quick Turn. El MS434B ofrece una soluci\u00f3n \u00fanica para conferencias, creaci\u00f3n de contenido o m\u00fasicos que cantan y tocan un instrumento.\" \/>\n<meta property=\"og:url\" content=\"https:\/\/www.mexicanguitarplayers.com\/en\/tienda\/sin categor\u00eda\/soporte-hercules-p-microfono-ms434b\/\" \/>\n<meta property=\"og:site_name\" content=\"Mexican Guitar Players\" \/>\n<meta property=\"article:modified_time\" content=\"2026-01-28T19:15:14+00:00\" \/>\n<meta name=\"twitter:card\" content=\"summary_large_image\" \/>\n<script type=\"application\/ld+json\" class=\"yoast-schema-graph\">{\"@context\":\"https:\\\/\\\/schema.org\",\"@graph\":[{\"@type\":[\"WebPage\",\"ItemPage\"],\"@id\":\"https:\\\/\\\/www.mexicanguitarplayers.com\\\/tienda\\\/sin categor\u00eda\\\/soporte-hercules-p-microfono-ms434b\\\/\",\"url\":\"https:\\\/\\\/www.mexicanguitarplayers.com\\\/tienda\\\/sin categor\u00eda\\\/soporte-hercules-p-microfono-ms434b\\\/\",\"name\":\"SOPORTE HERCULES P\\\/MICROFONO MS434B - Mexican Guitar Players\",\"isPartOf\":{\"@id\":\"https:\\\/\\\/www.mexicanguitarplayers.com\\\/#website\"},\"primaryImageOfPage\":{\"@id\":\"https:\\\/\\\/www.mexicanguitarplayers.com\\\/tienda\\\/sin categor\u00eda\\\/soporte-hercules-p-microfono-ms434b\\\/#primaryimage\"},\"image\":{\"@id\":\"https:\\\/\\\/www.mexicanguitarplayers.com\\\/tienda\\\/sin categor\u00eda\\\/soporte-hercules-p-microfono-ms434b\\\/#primaryimage\"},\"thumbnailUrl\":\"https:\\\/\\\/www.mexicanguitarplayers.com\\\/wp-content\\\/uploads\\\/2025\\\/04\\\/VAHERMS434B.jpg\",\"datePublished\":\"2025-04-09T11:33:43+00:00\",\"dateModified\":\"2026-01-28T19:15:14+00:00\",\"description\":\"El soporte de micr\u00f3fono de 2 v\u00edas HERCULES MS434B Stage Series cuenta con una abrazadera de brazo 3 en 1 y un embrague de giro r\u00e1pido. La abrazadera de pluma 3 en 1 especialmente dise\u00f1ada asegura simult\u00e1neamente la longitud, la altura y el \u00e1ngulo de la pluma con una sola perilla de ajuste. Puede contener cualquier combinaci\u00f3n de dos micr\u00f3fonos, dispositivos u otros accesorios de creaci\u00f3n de contenido. El ajuste de altura es r\u00e1pido y sencillo con el embrague Quick Turn. El MS434B ofrece una soluci\u00f3n \u00fanica para conferencias, creaci\u00f3n de contenido o m\u00fasicos que cantan y tocan un instrumento.\",\"breadcrumb\":{\"@id\":\"https:\\\/\\\/www.mexicanguitarplayers.com\\\/tienda\\\/sin categor\u00eda\\\/soporte-hercules-p-microfono-ms434b\\\/#breadcrumb\"},\"inLanguage\":\"en-US\",\"potentialAction\":[{\"@type\":\"ReadAction\",\"target\":[\"https:\\\/\\\/www.mexicanguitarplayers.com\\\/tienda\\\/sin categor\u00eda\\\/soporte-hercules-p-microfono-ms434b\\\/\"]}]},{\"@type\":\"ImageObject\",\"inLanguage\":\"en-US\",\"@id\":\"https:\\\/\\\/www.mexicanguitarplayers.com\\\/tienda\\\/sin categor\u00eda\\\/soporte-hercules-p-microfono-ms434b\\\/#primaryimage\",\"url\":\"https:\\\/\\\/www.mexicanguitarplayers.com\\\/wp-content\\\/uploads\\\/2025\\\/04\\\/VAHERMS434B.jpg\",\"contentUrl\":\"https:\\\/\\\/www.mexicanguitarplayers.com\\\/wp-content\\\/uploads\\\/2025\\\/04\\\/VAHERMS434B.jpg\",\"width\":800,\"height\":1600},{\"@type\":\"BreadcrumbList\",\"@id\":\"https:\\\/\\\/www.mexicanguitarplayers.com\\\/tienda\\\/sin categor\u00eda\\\/soporte-hercules-p-microfono-ms434b\\\/#breadcrumb\",\"itemListElement\":[{\"@type\":\"ListItem\",\"position\":1,\"name\":\"Portada\",\"item\":\"https:\\\/\\\/www.mexicanguitarplayers.com\\\/\"},{\"@type\":\"ListItem\",\"position\":2,\"name\":\"Tienda\",\"item\":\"https:\\\/\\\/www.mexicanguitarplayers.com\\\/tienda\\\/\"},{\"@type\":\"ListItem\",\"position\":3,\"name\":\"SOPORTE HERCULES P\\\/MICROFONO MS434B\"}]},{\"@type\":\"WebSite\",\"@id\":\"https:\\\/\\\/www.mexicanguitarplayers.com\\\/#website\",\"url\":\"https:\\\/\\\/www.mexicanguitarplayers.com\\\/\",\"name\":\"Mexican Guitar Players\",\"description\":\"Website\",\"publisher\":{\"@id\":\"https:\\\/\\\/www.mexicanguitarplayers.com\\\/#organization\"},\"potentialAction\":[{\"@type\":\"SearchAction\",\"target\":{\"@type\":\"EntryPoint\",\"urlTemplate\":\"https:\\\/\\\/www.mexicanguitarplayers.com\\\/?s={search_term_string}\"},\"query-input\":{\"@type\":\"PropertyValueSpecification\",\"valueRequired\":true,\"valueName\":\"search_term_string\"}}],\"inLanguage\":\"en-US\"},{\"@type\":\"Organization\",\"@id\":\"https:\\\/\\\/www.mexicanguitarplayers.com\\\/#organization\",\"name\":\"Mexican Guitar Players\",\"url\":\"https:\\\/\\\/www.mexicanguitarplayers.com\\\/\",\"logo\":{\"@type\":\"ImageObject\",\"inLanguage\":\"en-US\",\"@id\":\"https:\\\/\\\/www.mexicanguitarplayers.com\\\/#\\\/schema\\\/logo\\\/image\\\/\",\"url\":\"\",\"contentUrl\":\"\",\"caption\":\"Mexican Guitar Players\"},\"image\":{\"@id\":\"https:\\\/\\\/www.mexicanguitarplayers.com\\\/#\\\/schema\\\/logo\\\/image\\\/\"}}]}<\/script>\n<!-- \/ Yoast SEO plugin. -->","yoast_head_json":{"title":"SOPORTE HERCULES P\/MICROFONO MS434B - Mexican Guitar Players","description":"El soporte de micr\u00f3fono de 2 v\u00edas HERCULES MS434B Stage Series cuenta con una abrazadera de brazo 3 en 1 y un embrague de giro r\u00e1pido. La abrazadera de pluma 3 en 1 especialmente dise\u00f1ada asegura simult\u00e1neamente la longitud, la altura y el \u00e1ngulo de la pluma con una sola perilla de ajuste. Puede contener cualquier combinaci\u00f3n de dos micr\u00f3fonos, dispositivos u otros accesorios de creaci\u00f3n de contenido. El ajuste de altura es r\u00e1pido y sencillo con el embrague Quick Turn. El MS434B ofrece una soluci\u00f3n \u00fanica para conferencias, creaci\u00f3n de contenido o m\u00fasicos que cantan y tocan un instrumento.","robots":{"index":"index","follow":"follow","max-snippet":"max-snippet:-1","max-image-preview":"max-image-preview:large","max-video-preview":"max-video-preview:-1"},"canonical":"https:\/\/www.mexicanguitarplayers.com\/en\/tienda\/sin categor\u00eda\/soporte-hercules-p-microfono-ms434b\/","og_locale":"en_US","og_type":"article","og_title":"SOPORTE HERCULES P\/MICROFONO MS434B - Mexican Guitar Players","og_description":"El soporte de micr\u00f3fono de 2 v\u00edas HERCULES MS434B Stage Series cuenta con una abrazadera de brazo 3 en 1 y un embrague de giro r\u00e1pido. La abrazadera de pluma 3 en 1 especialmente dise\u00f1ada asegura simult\u00e1neamente la longitud, la altura y el \u00e1ngulo de la pluma con una sola perilla de ajuste. Puede contener cualquier combinaci\u00f3n de dos micr\u00f3fonos, dispositivos u otros accesorios de creaci\u00f3n de contenido. El ajuste de altura es r\u00e1pido y sencillo con el embrague Quick Turn. El MS434B ofrece una soluci\u00f3n \u00fanica para conferencias, creaci\u00f3n de contenido o m\u00fasicos que cantan y tocan un instrumento.","og_url":"https:\/\/www.mexicanguitarplayers.com\/en\/tienda\/sin categor\u00eda\/soporte-hercules-p-microfono-ms434b\/","og_site_name":"Mexican Guitar Players","article_modified_time":"2026-01-28T19:15:14+00:00","twitter_card":"summary_large_image","schema":{"@context":"https:\/\/schema.org","@graph":[{"@type":["WebPage","ItemPage"],"@id":"https:\/\/www.mexicanguitarplayers.com\/tienda\/sin categor\u00eda\/soporte-hercules-p-microfono-ms434b\/","url":"https:\/\/www.mexicanguitarplayers.com\/tienda\/sin categor\u00eda\/soporte-hercules-p-microfono-ms434b\/","name":"SOPORTE HERCULES P\/MICROFONO MS434B - Mexican Guitar Players","isPartOf":{"@id":"https:\/\/www.mexicanguitarplayers.com\/#website"},"primaryImageOfPage":{"@id":"https:\/\/www.mexicanguitarplayers.com\/tienda\/sin categor\u00eda\/soporte-hercules-p-microfono-ms434b\/#primaryimage"},"image":{"@id":"https:\/\/www.mexicanguitarplayers.com\/tienda\/sin categor\u00eda\/soporte-hercules-p-microfono-ms434b\/#primaryimage"},"thumbnailUrl":"https:\/\/www.mexicanguitarplayers.com\/wp-content\/uploads\/2025\/04\/VAHERMS434B.jpg","datePublished":"2025-04-09T11:33:43+00:00","dateModified":"2026-01-28T19:15:14+00:00","description":"El soporte de micr\u00f3fono de 2 v\u00edas HERCULES MS434B Stage Series cuenta con una abrazadera de brazo 3 en 1 y un embrague de giro r\u00e1pido. La abrazadera de pluma 3 en 1 especialmente dise\u00f1ada asegura simult\u00e1neamente la longitud, la altura y el \u00e1ngulo de la pluma con una sola perilla de ajuste. Puede contener cualquier combinaci\u00f3n de dos micr\u00f3fonos, dispositivos u otros accesorios de creaci\u00f3n de contenido. El ajuste de altura es r\u00e1pido y sencillo con el embrague Quick Turn. El MS434B ofrece una soluci\u00f3n \u00fanica para conferencias, creaci\u00f3n de contenido o m\u00fasicos que cantan y tocan un instrumento.","breadcrumb":{"@id":"https:\/\/www.mexicanguitarplayers.com\/tienda\/sin categor\u00eda\/soporte-hercules-p-microfono-ms434b\/#breadcrumb"},"inLanguage":"en-US","potentialAction":[{"@type":"ReadAction","target":["https:\/\/www.mexicanguitarplayers.com\/tienda\/sin categor\u00eda\/soporte-hercules-p-microfono-ms434b\/"]}]},{"@type":"ImageObject","inLanguage":"en-US","@id":"https:\/\/www.mexicanguitarplayers.com\/tienda\/sin categor\u00eda\/soporte-hercules-p-microfono-ms434b\/#primaryimage","url":"https:\/\/www.mexicanguitarplayers.com\/wp-content\/uploads\/2025\/04\/VAHERMS434B.jpg","contentUrl":"https:\/\/www.mexicanguitarplayers.com\/wp-content\/uploads\/2025\/04\/VAHERMS434B.jpg","width":800,"height":1600},{"@type":"BreadcrumbList","@id":"https:\/\/www.mexicanguitarplayers.com\/tienda\/sin categor\u00eda\/soporte-hercules-p-microfono-ms434b\/#breadcrumb","itemListElement":[{"@type":"ListItem","position":1,"name":"Portada","item":"https:\/\/www.mexicanguitarplayers.com\/"},{"@type":"ListItem","position":2,"name":"Tienda","item":"https:\/\/www.mexicanguitarplayers.com\/tienda\/"},{"@type":"ListItem","position":3,"name":"SOPORTE HERCULES P\/MICROFONO MS434B"}]},{"@type":"WebSite","@id":"https:\/\/www.mexicanguitarplayers.com\/#website","url":"https:\/\/www.mexicanguitarplayers.com\/","name":"Mexican Guitar Players","description":"Website","publisher":{"@id":"https:\/\/www.mexicanguitarplayers.com\/#organization"},"potentialAction":[{"@type":"SearchAction","target":{"@type":"EntryPoint","urlTemplate":"https:\/\/www.mexicanguitarplayers.com\/?s={search_term_string}"},"query-input":{"@type":"PropertyValueSpecification","valueRequired":true,"valueName":"search_term_string"}}],"inLanguage":"en-US"},{"@type":"Organization","@id":"https:\/\/www.mexicanguitarplayers.com\/#organization","name":"Mexican Guitar Players","url":"https:\/\/www.mexicanguitarplayers.com\/","logo":{"@type":"ImageObject","inLanguage":"en-US","@id":"https:\/\/www.mexicanguitarplayers.com\/#\/schema\/logo\/image\/","url":"","contentUrl":"","caption":"Mexican Guitar Players"},"image":{"@id":"https:\/\/www.mexicanguitarplayers.com\/#\/schema\/logo\/image\/"}}]}},"brands":[{"id":587,"name":"HERCULES","slug":"hercules"}],"_links":{"self":[{"href":"https:\/\/www.mexicanguitarplayers.com\/en\/wp-json\/wp\/v2\/product\/37039","targetHints":{"allow":["GET"]}}],"collection":[{"href":"https:\/\/www.mexicanguitarplayers.com\/en\/wp-json\/wp\/v2\/product"}],"about":[{"href":"https:\/\/www.mexicanguitarplayers.com\/en\/wp-json\/wp\/v2\/types\/product"}],"replies":[{"embeddable":true,"href":"https:\/\/www.mexicanguitarplayers.com\/en\/wp-json\/wp\/v2\/comments?post=37039"}],"wp:featuredmedia":[{"embeddable":true,"href":"https:\/\/www.mexicanguitarplayers.com\/en\/wp-json\/wp\/v2\/media\/37033"}],"wp:attachment":[{"href":"https:\/\/www.mexicanguitarplayers.com\/en\/wp-json\/wp\/v2\/media?parent=37039"}],"wp:term":[{"taxonomy":"pwb-brand","embeddable":true,"href":"https:\/\/www.mexicanguitarplayers.com\/en\/wp-json\/wp\/v2\/pwb-brand?post=37039"},{"taxonomy":"product_brand","embeddable":true,"href":"https:\/\/www.mexicanguitarplayers.com\/en\/wp-json\/wp\/v2\/product_brand?post=37039"},{"taxonomy":"product_cat","embeddable":true,"href":"https:\/\/www.mexicanguitarplayers.com\/en\/wp-json\/wp\/v2\/product_cat?post=37039"},{"taxonomy":"product_tag","embeddable":true,"href":"https:\/\/www.mexicanguitarplayers.com\/en\/wp-json\/wp\/v2\/product_tag?post=37039"}],"curies":[{"name":"wp","href":"https:\/\/api.w.org\/{rel}","templated":true}]}}