{"id":37052,"date":"2025-04-09T05:33:58","date_gmt":"2025-04-09T11:33:58","guid":{"rendered":"https:\/\/www.mexicanguitarplayers.com\/tienda\/sin categor\u00eda\/mezcladora-behringer-mod-nox101\/"},"modified":"2026-05-05T16:15:08","modified_gmt":"2026-05-05T22:15:08","slug":"mezcladora-behringer-mod-nox101","status":"publish","type":"product","link":"https:\/\/www.mexicanguitarplayers.com\/en\/tienda\/audio\/equipo-de-dj\/mezcladoras-para-dj\/mezcladora-behringer-mod-nox101\/","title":{"rendered":"MEZCLADORA BEHRINGER MOD. NOX101"},"content":{"rendered":"<div style=\"text-align: justify\">\n<div>\n<h3>Disfruta de tus mezclas sin preocupaciones.<\/h3>\n<\/div>\n<div>Ya sea que s\u00f3lo est\u00e9s reuniendo tu equipo de DJ o est\u00e9s buscando una mezcladora extremadamente f\u00e1cil de usar, la NOX101 DJ Mixer fue dise\u00f1ada especialmente para ti. No te equivoques al respecto, la NOX101 es cualquier cosa menos una mezcladora &#8220;b\u00e1sica&#8221;. Las caracter\u00edsticas profesionales incluyen una entrada de micr\u00f3fono balanceada con nuestro excepcional preamplificador de micr\u00f3fono XENYX, reconocido por los profesionales de audio en todo el mundo por su transparencia y bajo nivel de ruido y alto rendimiento, crossfaders VCCA Ultraglide y faders de canal ultra s\u00faper suaves con una vida \u00fatil de hasta 500,000 ciclos, preamplificadores phono de primera calidad y conectividad masiva. La NOX101 incluye todo esto y m\u00e1s en un resistente chasis, dise\u00f1ado para a\u00f1os de rendimiento impecable.<\/div>\n<div>\n<h4>Quick look<\/h4>\n<\/div>\n<ul style=\"margin: 0px 0px 0px 25px\">\n<li style=\"list-style-type: circle;margin: 5px\">Audio inputs.<\/li>\n<li style=\"list-style-type: circle;margin: 5px\">Audio outputs.<\/li>\n<li style=\"list-style-type: circle;margin: 5px\">Crossfader<\/li>\n<li style=\"list-style-type: circle;margin: 5px\">Equalizer<\/li>\n<li style=\"list-style-type: circle;margin: 5px\">System Specifications.<\/li>\n<li style=\"list-style-type: circle;margin: 5px\">Power supply.<\/li>\n<li style=\"list-style-type: circle;margin: 5px\">Dimensions.<\/li>\n<li style=\"list-style-type: circle;margin: 5px\">Weight.<\/li>\n<\/ul>\n<div>\n<div style=\"font-weight: bold\">Audio inputs.<\/div>\n<div>\n<p>Mic in: 45 dB ganancia, TRS, electr\u00f3nicamente balanceado. Phono in: 35 dB ganancia, RCA, desbalanceado. Line in: 0 dB ganancia, RCA, desbalanceado.<\/p>\n<\/div>\n<div style=\"font-weight: bold\">Audio outputs.<\/div>\n<div>\n<p>Main out (1\/4&#8243;): 18 dBu m\u00e1ximo, TRS, balanceado. Main out (RCA): 18 dBu m\u00e1ximo, RCA, desbalanceado. Phones out: M\u00e1ximo 566 mW @ 1 kHz en 75 ohms.<\/p>\n<\/div>\n<div style=\"font-weight: bold\">Crossfader<\/div>\n<div>\n<p>Tipo: Crossfader VCA ULTRAGLIDE.<\/p>\n<\/div>\n<div style=\"font-weight: bold\">Equalizer<\/div>\n<div>\n<p>Stereo low: +6 \/ -25 dB @ 50 Hz. Stereo mid: +6 \/ -30 dB @ 1.2 kHz. Stereo high: +6 \/ -15 dB @ 10 kHz. Mic low: \u00b112 dB @ 50 Hz. Mic high: \u00b112 dB @ 12 kHz.<\/p>\n<\/div>\n<div style=\"font-weight: bold\">System Specifications.<\/div>\n<div>\n<p>Relaci\u00f3n se\u00f1al a ruido: &gt;89 dB. Crosstalk: &gt;81 dB. Distorsi\u00f3n arm\u00f3nica total (THD): &lt;0.04% @ 1 kHz. Respuesta de frecuencia: 10 Hz \u2013 90 kHz (+0 \/ -3 dB).<\/p>\n<\/div>\n<div style=\"font-weight: bold\">Power supply.<\/div>\n<div>\n<p>Consumo de energ\u00eda: 10 W. PSU 9 VAC 750 mA PSU11-EU 230 V ~50 Hz<\/p>\n<\/div>\n<div style=\"font-weight: bold\">Dimensions.<\/div>\n<div>\n<p>100 x 255 x 274 mm.<\/p>\n<\/div>\n<div style=\"font-weight: bold\">Weight.<\/div>\n<div>\n<p>2.1 kg.<\/p>\n<\/div>\n<\/div>\n<\/div>","protected":false},"excerpt":{"rendered":"<p>Mezcladora de DJ de 2 canales con control VCA completo m\u00e1xima confiabilidad y audio sin ruido, crossfader Ultraglide de larga duraci\u00f3n con hasta 500,000 ciclos de vida, ideal para los turntablist, remixer y DJ digitales m\u00e1s exigentes, direcci\u00f3n-reversa y control de curva de crossfader ajustable, impresionantes ecualizadores de 3 bandas con filtros kill, 2 entradas phono\/l\u00ednea con controles de ganancia individuales, preamplificador phono premium para detalles supriores y gran punch, entrada de micr\u00f3fono con preamplificador Xenyx y control de tono de 2 bandas, funci\u00f3n Cue con opci\u00f3n de canal 1\/2 PFL, medidores de nivel de 10 segmentos de alta precisi\u00f3n, conectores RCA chapados en oro para una m\u00e1xima integridad de la se\u00f1al, salidas TRS y RCA para conectividad flexible.&hellip; <a class=\"kt-excerpt-readmore more-link\" href=\"https:\/\/www.mexicanguitarplayers.com\/en\/tienda\/audio\/equipo-de-dj\/mezcladoras-para-dj\/mezcladora-behringer-mod-nox101\/\">Read more<\/a><\/p>","protected":false},"featured_media":37048,"comment_status":"open","ping_status":"closed","template":"","meta":{"kt_blocks_editor_width":""},"pwb-brand":[171],"product_brand":[],"product_cat":[213,483,488],"product_tag":[],"class_list":{"0":"post-37052","1":"product","2":"type-product","3":"status-publish","4":"has-post-thumbnail","6":"pwb-brand-behringer","7":"product_cat-audio","8":"product_cat-equipo-de-dj","9":"product_cat-mezcladoras-para-dj","10":"product_shipping_class-0-5-kg","12":"first","13":"outofstock","14":"taxable","15":"shipping-taxable","16":"purchasable","17":"product-type-simple"},"yoast_head":"<!-- This site is optimized with the Yoast SEO plugin v27.6 - https:\/\/yoast.com\/product\/yoast-seo-wordpress\/ -->\n<title>MEZCLADORA BEHRINGER MOD. NOX101 - Mexican Guitar Players<\/title>\n<meta name=\"description\" content=\"Mezcladora de DJ de 2 canales con control VCA completo m\u00e1xima confiabilidad y audio sin ruido, crossfader Ultraglide de larga duraci\u00f3n con hasta 500,000 ciclos de vida, ideal para los turntablist, remixer y DJ digitales m\u00e1s exigentes, direcci\u00f3n-reversa y control de curva de crossfader ajustable, impresionantes ecualizadores de 3 bandas con filtros kill, 2 entradas phono\/l\u00ednea con controles de ganancia individuales, preamplificador phono premium para detalles supriores y gran punch, entrada de micr\u00f3fono con preamplificador Xenyx y control de tono de 2 bandas, funci\u00f3n Cue con opci\u00f3n de canal 1\/2 PFL, medidores de nivel de 10 segmentos de alta precisi\u00f3n, conectores RCA chapados en oro para una m\u00e1xima integridad de la se\u00f1al, salidas TRS y RCA para conectividad flexible.\" \/>\n<meta name=\"robots\" content=\"index, follow, max-snippet:-1, max-image-preview:large, max-video-preview:-1\" \/>\n<link rel=\"canonical\" href=\"https:\/\/www.mexicanguitarplayers.com\/en\/tienda\/sin%20categor\u00eda\/mezcladora-behringer-mod-nox101\/\" \/>\n<meta property=\"og:locale\" content=\"en_US\" \/>\n<meta property=\"og:type\" content=\"article\" \/>\n<meta property=\"og:title\" content=\"MEZCLADORA BEHRINGER MOD. NOX101 - Mexican Guitar Players\" \/>\n<meta property=\"og:description\" content=\"Mezcladora de DJ de 2 canales con control VCA completo m\u00e1xima confiabilidad y audio sin ruido, crossfader Ultraglide de larga duraci\u00f3n con hasta 500,000 ciclos de vida, ideal para los turntablist, remixer y DJ digitales m\u00e1s exigentes, direcci\u00f3n-reversa y control de curva de crossfader ajustable, impresionantes ecualizadores de 3 bandas con filtros kill, 2 entradas phono\/l\u00ednea con controles de ganancia individuales, preamplificador phono premium para detalles supriores y gran punch, entrada de micr\u00f3fono con preamplificador Xenyx y control de tono de 2 bandas, funci\u00f3n Cue con opci\u00f3n de canal 1\/2 PFL, medidores de nivel de 10 segmentos de alta precisi\u00f3n, conectores RCA chapados en oro para una m\u00e1xima integridad de la se\u00f1al, salidas TRS y RCA para conectividad flexible.\" \/>\n<meta property=\"og:url\" content=\"https:\/\/www.mexicanguitarplayers.com\/en\/tienda\/sin categor\u00eda\/mezcladora-behringer-mod-nox101\/\" \/>\n<meta property=\"og:site_name\" content=\"Mexican Guitar Players\" \/>\n<meta property=\"article:modified_time\" content=\"2026-05-05T22:15:08+00:00\" \/>\n<meta name=\"twitter:card\" content=\"summary_large_image\" \/>\n<meta name=\"twitter:label1\" content=\"Est. reading time\" \/>\n\t<meta name=\"twitter:data1\" content=\"1 minute\" \/>\n<script type=\"application\/ld+json\" class=\"yoast-schema-graph\">{\"@context\":\"https:\\\/\\\/schema.org\",\"@graph\":[{\"@type\":[\"WebPage\",\"ItemPage\"],\"@id\":\"https:\\\/\\\/www.mexicanguitarplayers.com\\\/tienda\\\/sin categor\u00eda\\\/mezcladora-behringer-mod-nox101\\\/\",\"url\":\"https:\\\/\\\/www.mexicanguitarplayers.com\\\/tienda\\\/sin categor\u00eda\\\/mezcladora-behringer-mod-nox101\\\/\",\"name\":\"MEZCLADORA BEHRINGER MOD. NOX101 - Mexican Guitar Players\",\"isPartOf\":{\"@id\":\"https:\\\/\\\/www.mexicanguitarplayers.com\\\/#website\"},\"primaryImageOfPage\":{\"@id\":\"https:\\\/\\\/www.mexicanguitarplayers.com\\\/tienda\\\/sin categor\u00eda\\\/mezcladora-behringer-mod-nox101\\\/#primaryimage\"},\"image\":{\"@id\":\"https:\\\/\\\/www.mexicanguitarplayers.com\\\/tienda\\\/sin categor\u00eda\\\/mezcladora-behringer-mod-nox101\\\/#primaryimage\"},\"thumbnailUrl\":\"https:\\\/\\\/www.mexicanguitarplayers.com\\\/wp-content\\\/uploads\\\/2025\\\/04\\\/IABEHNOX101.jpg\",\"datePublished\":\"2025-04-09T11:33:58+00:00\",\"dateModified\":\"2026-05-05T22:15:08+00:00\",\"description\":\"Mezcladora de DJ de 2 canales con control VCA completo m\u00e1xima confiabilidad y audio sin ruido, crossfader Ultraglide de larga duraci\u00f3n con hasta 500,000 ciclos de vida, ideal para los turntablist, remixer y DJ digitales m\u00e1s exigentes, direcci\u00f3n-reversa y control de curva de crossfader ajustable, impresionantes ecualizadores de 3 bandas con filtros kill, 2 entradas phono\\\/l\u00ednea con controles de ganancia individuales, preamplificador phono premium para detalles supriores y gran punch, entrada de micr\u00f3fono con preamplificador Xenyx y control de tono de 2 bandas, funci\u00f3n Cue con opci\u00f3n de canal 1\\\/2 PFL, medidores de nivel de 10 segmentos de alta precisi\u00f3n, conectores RCA chapados en oro para una m\u00e1xima integridad de la se\u00f1al, salidas TRS y RCA para conectividad flexible.\",\"breadcrumb\":{\"@id\":\"https:\\\/\\\/www.mexicanguitarplayers.com\\\/tienda\\\/sin categor\u00eda\\\/mezcladora-behringer-mod-nox101\\\/#breadcrumb\"},\"inLanguage\":\"en-US\",\"potentialAction\":[{\"@type\":\"ReadAction\",\"target\":[\"https:\\\/\\\/www.mexicanguitarplayers.com\\\/tienda\\\/sin categor\u00eda\\\/mezcladora-behringer-mod-nox101\\\/\"]}]},{\"@type\":\"ImageObject\",\"inLanguage\":\"en-US\",\"@id\":\"https:\\\/\\\/www.mexicanguitarplayers.com\\\/tienda\\\/sin categor\u00eda\\\/mezcladora-behringer-mod-nox101\\\/#primaryimage\",\"url\":\"https:\\\/\\\/www.mexicanguitarplayers.com\\\/wp-content\\\/uploads\\\/2025\\\/04\\\/IABEHNOX101.jpg\",\"contentUrl\":\"https:\\\/\\\/www.mexicanguitarplayers.com\\\/wp-content\\\/uploads\\\/2025\\\/04\\\/IABEHNOX101.jpg\",\"width\":1200,\"height\":1200},{\"@type\":\"BreadcrumbList\",\"@id\":\"https:\\\/\\\/www.mexicanguitarplayers.com\\\/tienda\\\/sin categor\u00eda\\\/mezcladora-behringer-mod-nox101\\\/#breadcrumb\",\"itemListElement\":[{\"@type\":\"ListItem\",\"position\":1,\"name\":\"Portada\",\"item\":\"https:\\\/\\\/www.mexicanguitarplayers.com\\\/\"},{\"@type\":\"ListItem\",\"position\":2,\"name\":\"Tienda\",\"item\":\"https:\\\/\\\/www.mexicanguitarplayers.com\\\/tienda\\\/\"},{\"@type\":\"ListItem\",\"position\":3,\"name\":\"MEZCLADORA BEHRINGER MOD. NOX101\"}]},{\"@type\":\"WebSite\",\"@id\":\"https:\\\/\\\/www.mexicanguitarplayers.com\\\/#website\",\"url\":\"https:\\\/\\\/www.mexicanguitarplayers.com\\\/\",\"name\":\"Mexican Guitar Players\",\"description\":\"Website\",\"publisher\":{\"@id\":\"https:\\\/\\\/www.mexicanguitarplayers.com\\\/#organization\"},\"potentialAction\":[{\"@type\":\"SearchAction\",\"target\":{\"@type\":\"EntryPoint\",\"urlTemplate\":\"https:\\\/\\\/www.mexicanguitarplayers.com\\\/?s={search_term_string}\"},\"query-input\":{\"@type\":\"PropertyValueSpecification\",\"valueRequired\":true,\"valueName\":\"search_term_string\"}}],\"inLanguage\":\"en-US\"},{\"@type\":\"Organization\",\"@id\":\"https:\\\/\\\/www.mexicanguitarplayers.com\\\/#organization\",\"name\":\"Mexican Guitar Players\",\"url\":\"https:\\\/\\\/www.mexicanguitarplayers.com\\\/\",\"logo\":{\"@type\":\"ImageObject\",\"inLanguage\":\"en-US\",\"@id\":\"https:\\\/\\\/www.mexicanguitarplayers.com\\\/#\\\/schema\\\/logo\\\/image\\\/\",\"url\":\"\",\"contentUrl\":\"\",\"caption\":\"Mexican Guitar Players\"},\"image\":{\"@id\":\"https:\\\/\\\/www.mexicanguitarplayers.com\\\/#\\\/schema\\\/logo\\\/image\\\/\"}}]}<\/script>\n<!-- \/ Yoast SEO plugin. -->","yoast_head_json":{"title":"MEZCLADORA BEHRINGER MOD. NOX101 - Mexican Guitar Players","description":"Mezcladora de DJ de 2 canales con control VCA completo m\u00e1xima confiabilidad y audio sin ruido, crossfader Ultraglide de larga duraci\u00f3n con hasta 500,000 ciclos de vida, ideal para los turntablist, remixer y DJ digitales m\u00e1s exigentes, direcci\u00f3n-reversa y control de curva de crossfader ajustable, impresionantes ecualizadores de 3 bandas con filtros kill, 2 entradas phono\/l\u00ednea con controles de ganancia individuales, preamplificador phono premium para detalles supriores y gran punch, entrada de micr\u00f3fono con preamplificador Xenyx y control de tono de 2 bandas, funci\u00f3n Cue con opci\u00f3n de canal 1\/2 PFL, medidores de nivel de 10 segmentos de alta precisi\u00f3n, conectores RCA chapados en oro para una m\u00e1xima integridad de la se\u00f1al, salidas TRS y RCA para conectividad flexible.","robots":{"index":"index","follow":"follow","max-snippet":"max-snippet:-1","max-image-preview":"max-image-preview:large","max-video-preview":"max-video-preview:-1"},"canonical":"https:\/\/www.mexicanguitarplayers.com\/en\/tienda\/sin categor\u00eda\/mezcladora-behringer-mod-nox101\/","og_locale":"en_US","og_type":"article","og_title":"MEZCLADORA BEHRINGER MOD. NOX101 - Mexican Guitar Players","og_description":"Mezcladora de DJ de 2 canales con control VCA completo m\u00e1xima confiabilidad y audio sin ruido, crossfader Ultraglide de larga duraci\u00f3n con hasta 500,000 ciclos de vida, ideal para los turntablist, remixer y DJ digitales m\u00e1s exigentes, direcci\u00f3n-reversa y control de curva de crossfader ajustable, impresionantes ecualizadores de 3 bandas con filtros kill, 2 entradas phono\/l\u00ednea con controles de ganancia individuales, preamplificador phono premium para detalles supriores y gran punch, entrada de micr\u00f3fono con preamplificador Xenyx y control de tono de 2 bandas, funci\u00f3n Cue con opci\u00f3n de canal 1\/2 PFL, medidores de nivel de 10 segmentos de alta precisi\u00f3n, conectores RCA chapados en oro para una m\u00e1xima integridad de la se\u00f1al, salidas TRS y RCA para conectividad flexible.","og_url":"https:\/\/www.mexicanguitarplayers.com\/en\/tienda\/sin categor\u00eda\/mezcladora-behringer-mod-nox101\/","og_site_name":"Mexican Guitar Players","article_modified_time":"2026-05-05T22:15:08+00:00","twitter_card":"summary_large_image","twitter_misc":{"Est. reading time":"1 minute"},"schema":{"@context":"https:\/\/schema.org","@graph":[{"@type":["WebPage","ItemPage"],"@id":"https:\/\/www.mexicanguitarplayers.com\/tienda\/sin categor\u00eda\/mezcladora-behringer-mod-nox101\/","url":"https:\/\/www.mexicanguitarplayers.com\/tienda\/sin categor\u00eda\/mezcladora-behringer-mod-nox101\/","name":"MEZCLADORA BEHRINGER MOD. NOX101 - Mexican Guitar Players","isPartOf":{"@id":"https:\/\/www.mexicanguitarplayers.com\/#website"},"primaryImageOfPage":{"@id":"https:\/\/www.mexicanguitarplayers.com\/tienda\/sin categor\u00eda\/mezcladora-behringer-mod-nox101\/#primaryimage"},"image":{"@id":"https:\/\/www.mexicanguitarplayers.com\/tienda\/sin categor\u00eda\/mezcladora-behringer-mod-nox101\/#primaryimage"},"thumbnailUrl":"https:\/\/www.mexicanguitarplayers.com\/wp-content\/uploads\/2025\/04\/IABEHNOX101.jpg","datePublished":"2025-04-09T11:33:58+00:00","dateModified":"2026-05-05T22:15:08+00:00","description":"Mezcladora de DJ de 2 canales con control VCA completo m\u00e1xima confiabilidad y audio sin ruido, crossfader Ultraglide de larga duraci\u00f3n con hasta 500,000 ciclos de vida, ideal para los turntablist, remixer y DJ digitales m\u00e1s exigentes, direcci\u00f3n-reversa y control de curva de crossfader ajustable, impresionantes ecualizadores de 3 bandas con filtros kill, 2 entradas phono\/l\u00ednea con controles de ganancia individuales, preamplificador phono premium para detalles supriores y gran punch, entrada de micr\u00f3fono con preamplificador Xenyx y control de tono de 2 bandas, funci\u00f3n Cue con opci\u00f3n de canal 1\/2 PFL, medidores de nivel de 10 segmentos de alta precisi\u00f3n, conectores RCA chapados en oro para una m\u00e1xima integridad de la se\u00f1al, salidas TRS y RCA para conectividad flexible.","breadcrumb":{"@id":"https:\/\/www.mexicanguitarplayers.com\/tienda\/sin categor\u00eda\/mezcladora-behringer-mod-nox101\/#breadcrumb"},"inLanguage":"en-US","potentialAction":[{"@type":"ReadAction","target":["https:\/\/www.mexicanguitarplayers.com\/tienda\/sin categor\u00eda\/mezcladora-behringer-mod-nox101\/"]}]},{"@type":"ImageObject","inLanguage":"en-US","@id":"https:\/\/www.mexicanguitarplayers.com\/tienda\/sin categor\u00eda\/mezcladora-behringer-mod-nox101\/#primaryimage","url":"https:\/\/www.mexicanguitarplayers.com\/wp-content\/uploads\/2025\/04\/IABEHNOX101.jpg","contentUrl":"https:\/\/www.mexicanguitarplayers.com\/wp-content\/uploads\/2025\/04\/IABEHNOX101.jpg","width":1200,"height":1200},{"@type":"BreadcrumbList","@id":"https:\/\/www.mexicanguitarplayers.com\/tienda\/sin categor\u00eda\/mezcladora-behringer-mod-nox101\/#breadcrumb","itemListElement":[{"@type":"ListItem","position":1,"name":"Portada","item":"https:\/\/www.mexicanguitarplayers.com\/"},{"@type":"ListItem","position":2,"name":"Tienda","item":"https:\/\/www.mexicanguitarplayers.com\/tienda\/"},{"@type":"ListItem","position":3,"name":"MEZCLADORA BEHRINGER MOD. NOX101"}]},{"@type":"WebSite","@id":"https:\/\/www.mexicanguitarplayers.com\/#website","url":"https:\/\/www.mexicanguitarplayers.com\/","name":"Mexican Guitar Players","description":"Website","publisher":{"@id":"https:\/\/www.mexicanguitarplayers.com\/#organization"},"potentialAction":[{"@type":"SearchAction","target":{"@type":"EntryPoint","urlTemplate":"https:\/\/www.mexicanguitarplayers.com\/?s={search_term_string}"},"query-input":{"@type":"PropertyValueSpecification","valueRequired":true,"valueName":"search_term_string"}}],"inLanguage":"en-US"},{"@type":"Organization","@id":"https:\/\/www.mexicanguitarplayers.com\/#organization","name":"Mexican Guitar Players","url":"https:\/\/www.mexicanguitarplayers.com\/","logo":{"@type":"ImageObject","inLanguage":"en-US","@id":"https:\/\/www.mexicanguitarplayers.com\/#\/schema\/logo\/image\/","url":"","contentUrl":"","caption":"Mexican Guitar Players"},"image":{"@id":"https:\/\/www.mexicanguitarplayers.com\/#\/schema\/logo\/image\/"}}]}},"brands":[{"id":171,"name":"BEHRINGER","slug":"behringer"}],"_links":{"self":[{"href":"https:\/\/www.mexicanguitarplayers.com\/en\/wp-json\/wp\/v2\/product\/37052","targetHints":{"allow":["GET"]}}],"collection":[{"href":"https:\/\/www.mexicanguitarplayers.com\/en\/wp-json\/wp\/v2\/product"}],"about":[{"href":"https:\/\/www.mexicanguitarplayers.com\/en\/wp-json\/wp\/v2\/types\/product"}],"replies":[{"embeddable":true,"href":"https:\/\/www.mexicanguitarplayers.com\/en\/wp-json\/wp\/v2\/comments?post=37052"}],"wp:featuredmedia":[{"embeddable":true,"href":"https:\/\/www.mexicanguitarplayers.com\/en\/wp-json\/wp\/v2\/media\/37048"}],"wp:attachment":[{"href":"https:\/\/www.mexicanguitarplayers.com\/en\/wp-json\/wp\/v2\/media?parent=37052"}],"wp:term":[{"taxonomy":"pwb-brand","embeddable":true,"href":"https:\/\/www.mexicanguitarplayers.com\/en\/wp-json\/wp\/v2\/pwb-brand?post=37052"},{"taxonomy":"product_brand","embeddable":true,"href":"https:\/\/www.mexicanguitarplayers.com\/en\/wp-json\/wp\/v2\/product_brand?post=37052"},{"taxonomy":"product_cat","embeddable":true,"href":"https:\/\/www.mexicanguitarplayers.com\/en\/wp-json\/wp\/v2\/product_cat?post=37052"},{"taxonomy":"product_tag","embeddable":true,"href":"https:\/\/www.mexicanguitarplayers.com\/en\/wp-json\/wp\/v2\/product_tag?post=37052"}],"curies":[{"name":"wp","href":"https:\/\/api.w.org\/{rel}","templated":true}]}}