{"id":37060,"date":"2025-04-09T05:34:10","date_gmt":"2025-04-09T11:34:10","guid":{"rendered":"https:\/\/www.mexicanguitarplayers.com\/tienda\/sin categor\u00eda\/pastillas-sd-juego-high-voltage-hb-nkl-cvr\/"},"modified":"2026-01-01T08:02:08","modified_gmt":"2026-01-01T14:02:08","slug":"pastillas-sd-juego-high-voltage-hb-nkl-cvr","status":"publish","type":"product","link":"https:\/\/www.mexicanguitarplayers.com\/en\/tienda\/accesorios\/para-guitarras\/pastillas-para-guitarra-electrica\/pastillas-sd-juego-high-voltage-hb-nkl-cvr\/","title":{"rendered":"PASTILLAS SD JUEGO HIGH VOLTAGE HB NKL CVR"},"content":{"rendered":"<div style=\"text-align: justify\">\n<div>\n<h3>Un equilibrio perfecto entre tonos de rock duro y cleans cristalinos.<\/h3>\n<\/div>\n<div>Las pastillas Seymour Duncan High Voltage fueron dise\u00f1adas para m\u00fasicos que buscan el equilibrio perfecto entre un tono de rock duro y una limpieza cristalina. Acordes poderosos, riffs low-end de legato y ritmos apretados generalmente expresivos en un extremo y leads sostenidos en el otro. Los humbuckers de alto voltaje son un gui\u00f1o a la vieja escuela con los familiares imanes Alnico 2, pero est\u00e1n enrollados para una sonoridad un poco m\u00e1s agresiva que crea una distancia s\u00f3nica notable. La pastilla del puente est\u00e1 magnetizada en este conjunto calibrado que ofrece un tono muy equilibrado. Si est\u00e1s buscando tu gama completa de tonos cl\u00e1sicos de hard rock que provengan de tus pastillas y amplificadores m\u00e1s que de los pedales, este  es el set para ti.<\/div>\n<div>\n<h4>Quick look<\/h4>\n<\/div>\n<ul style=\"margin: 0px 0px 0px 25px\">\n<li style=\"list-style-type: circle;margin: 5px\">Modelo.<\/li>\n<li style=\"list-style-type: circle;margin: 5px\">Posici\u00f3n.<\/li>\n<li style=\"list-style-type: circle;margin: 5px\">Espaciado.<\/li>\n<li style=\"list-style-type: circle;margin: 5px\">Alambrado.<\/li>\n<li style=\"list-style-type: circle;margin: 5px\">Im\u00e1n.<\/li>\n<li style=\"list-style-type: circle;margin: 5px\">Resistencia.<\/li>\n<\/ul>\n<div>\n<div style=\"font-weight: bold\">Modelo.<\/div>\n<div>\n<p>High Voltage.<\/p>\n<\/div>\n<div style=\"font-weight: bold\">Posici\u00f3n.<\/div>\n<div>\n<p>Puente y brazo.<\/p>\n<\/div>\n<div style=\"font-weight: bold\">Espaciado.<\/div>\n<div>\n<p>Est\u00e1ndar.<\/p>\n<\/div>\n<div style=\"font-weight: bold\">Alambrado.<\/div>\n<div>\n<p>4 conductores.<\/p>\n<\/div>\n<div style=\"font-weight: bold\">Im\u00e1n.<\/div>\n<div>\n<p>Alnico 2.<\/p>\n<\/div>\n<div style=\"font-weight: bold\">Resistencia.<\/div>\n<div>\n<p>Puente: 8.6 kilo-ohms. Brazo: 7.7 kilo-ohms.<\/p>\n<\/div>\n<\/div>\n<\/div>","protected":false},"excerpt":{"rendered":"<p>Set de pastillas humbucker pasivas para guitarra el\u00e9ctrica de 6 cuerdas, modelo High Voltage, posici\u00f3n: puente y brazo, cableado: 4 cables blindado, im\u00e1n: alnico 2, resistencia puente: 8.6 kilo-ohms, resistencia brazo: 7.7 kilo-ohms, equilibrio perfecto entre un tono de rock duro y una limpieza cristalina, sonoridad un poco m\u00e1s agresiva.&hellip; <a class=\"kt-excerpt-readmore more-link\" href=\"https:\/\/www.mexicanguitarplayers.com\/en\/tienda\/accesorios\/para-guitarras\/pastillas-para-guitarra-electrica\/pastillas-sd-juego-high-voltage-hb-nkl-cvr\/\">Read more<\/a><\/p>","protected":false},"featured_media":37055,"comment_status":"open","ping_status":"closed","template":"","meta":{"kt_blocks_editor_width":""},"pwb-brand":[502],"product_brand":[],"product_cat":[85,336,353],"product_tag":[],"class_list":{"0":"post-37060","1":"product","2":"type-product","3":"status-publish","4":"has-post-thumbnail","6":"pwb-brand-seymour-duncan","7":"product_cat-accesorios","8":"product_cat-para-guitarras","9":"product_cat-pastillas-para-guitarra-electrica","10":"product_shipping_class-0-5-kg","12":"first","13":"outofstock","14":"taxable","15":"shipping-taxable","16":"purchasable","17":"product-type-simple"},"yoast_head":"<!-- This site is optimized with the Yoast SEO plugin v27.3 - https:\/\/yoast.com\/product\/yoast-seo-wordpress\/ -->\n<title>PASTILLAS SD JUEGO HIGH VOLTAGE HB NKL CVR - Mexican Guitar Players<\/title>\n<meta name=\"description\" content=\"Set de pastillas humbucker pasivas para guitarra el\u00e9ctrica de 6 cuerdas, modelo High Voltage, posici\u00f3n: puente y brazo, cableado: 4 cables blindado, im\u00e1n: alnico 2, resistencia puente: 8.6 kilo-ohms, resistencia brazo: 7.7 kilo-ohms, equilibrio perfecto entre un tono de rock duro y una limpieza cristalina, sonoridad un poco m\u00e1s agresiva.\" \/>\n<meta name=\"robots\" content=\"index, follow, max-snippet:-1, max-image-preview:large, max-video-preview:-1\" \/>\n<link rel=\"canonical\" href=\"https:\/\/www.mexicanguitarplayers.com\/en\/tienda\/sin%20categor\u00eda\/pastillas-sd-juego-high-voltage-hb-nkl-cvr\/\" \/>\n<meta property=\"og:locale\" content=\"en_US\" \/>\n<meta property=\"og:type\" content=\"article\" \/>\n<meta property=\"og:title\" content=\"PASTILLAS SD JUEGO HIGH VOLTAGE HB NKL CVR - Mexican Guitar Players\" \/>\n<meta property=\"og:description\" content=\"Set de pastillas humbucker pasivas para guitarra el\u00e9ctrica de 6 cuerdas, modelo High Voltage, posici\u00f3n: puente y brazo, cableado: 4 cables blindado, im\u00e1n: alnico 2, resistencia puente: 8.6 kilo-ohms, resistencia brazo: 7.7 kilo-ohms, equilibrio perfecto entre un tono de rock duro y una limpieza cristalina, sonoridad un poco m\u00e1s agresiva.\" \/>\n<meta property=\"og:url\" content=\"https:\/\/www.mexicanguitarplayers.com\/en\/tienda\/sin categor\u00eda\/pastillas-sd-juego-high-voltage-hb-nkl-cvr\/\" \/>\n<meta property=\"og:site_name\" content=\"Mexican Guitar Players\" \/>\n<meta property=\"article:modified_time\" content=\"2026-01-01T14:02:08+00:00\" \/>\n<meta name=\"twitter:card\" content=\"summary_large_image\" \/>\n<meta name=\"twitter:label1\" content=\"Est. reading time\" \/>\n\t<meta name=\"twitter:data1\" content=\"1 minute\" \/>\n<script type=\"application\/ld+json\" class=\"yoast-schema-graph\">{\"@context\":\"https:\\\/\\\/schema.org\",\"@graph\":[{\"@type\":[\"WebPage\",\"ItemPage\"],\"@id\":\"https:\\\/\\\/www.mexicanguitarplayers.com\\\/tienda\\\/sin categor\u00eda\\\/pastillas-sd-juego-high-voltage-hb-nkl-cvr\\\/\",\"url\":\"https:\\\/\\\/www.mexicanguitarplayers.com\\\/tienda\\\/sin categor\u00eda\\\/pastillas-sd-juego-high-voltage-hb-nkl-cvr\\\/\",\"name\":\"PASTILLAS SD JUEGO HIGH VOLTAGE HB NKL CVR - Mexican Guitar Players\",\"isPartOf\":{\"@id\":\"https:\\\/\\\/www.mexicanguitarplayers.com\\\/#website\"},\"primaryImageOfPage\":{\"@id\":\"https:\\\/\\\/www.mexicanguitarplayers.com\\\/tienda\\\/sin categor\u00eda\\\/pastillas-sd-juego-high-voltage-hb-nkl-cvr\\\/#primaryimage\"},\"image\":{\"@id\":\"https:\\\/\\\/www.mexicanguitarplayers.com\\\/tienda\\\/sin categor\u00eda\\\/pastillas-sd-juego-high-voltage-hb-nkl-cvr\\\/#primaryimage\"},\"thumbnailUrl\":\"https:\\\/\\\/www.mexicanguitarplayers.com\\\/wp-content\\\/uploads\\\/2025\\\/04\\\/RASEOHIGHVOHBS.jpg\",\"datePublished\":\"2025-04-09T11:34:10+00:00\",\"dateModified\":\"2026-01-01T14:02:08+00:00\",\"description\":\"Set de pastillas humbucker pasivas para guitarra el\u00e9ctrica de 6 cuerdas, modelo High Voltage, posici\u00f3n: puente y brazo, cableado: 4 cables blindado, im\u00e1n: alnico 2, resistencia puente: 8.6 kilo-ohms, resistencia brazo: 7.7 kilo-ohms, equilibrio perfecto entre un tono de rock duro y una limpieza cristalina, sonoridad un poco m\u00e1s agresiva.\",\"breadcrumb\":{\"@id\":\"https:\\\/\\\/www.mexicanguitarplayers.com\\\/tienda\\\/sin categor\u00eda\\\/pastillas-sd-juego-high-voltage-hb-nkl-cvr\\\/#breadcrumb\"},\"inLanguage\":\"en-US\",\"potentialAction\":[{\"@type\":\"ReadAction\",\"target\":[\"https:\\\/\\\/www.mexicanguitarplayers.com\\\/tienda\\\/sin categor\u00eda\\\/pastillas-sd-juego-high-voltage-hb-nkl-cvr\\\/\"]}]},{\"@type\":\"ImageObject\",\"inLanguage\":\"en-US\",\"@id\":\"https:\\\/\\\/www.mexicanguitarplayers.com\\\/tienda\\\/sin categor\u00eda\\\/pastillas-sd-juego-high-voltage-hb-nkl-cvr\\\/#primaryimage\",\"url\":\"https:\\\/\\\/www.mexicanguitarplayers.com\\\/wp-content\\\/uploads\\\/2025\\\/04\\\/RASEOHIGHVOHBS.jpg\",\"contentUrl\":\"https:\\\/\\\/www.mexicanguitarplayers.com\\\/wp-content\\\/uploads\\\/2025\\\/04\\\/RASEOHIGHVOHBS.jpg\",\"width\":1200,\"height\":1200},{\"@type\":\"BreadcrumbList\",\"@id\":\"https:\\\/\\\/www.mexicanguitarplayers.com\\\/tienda\\\/sin categor\u00eda\\\/pastillas-sd-juego-high-voltage-hb-nkl-cvr\\\/#breadcrumb\",\"itemListElement\":[{\"@type\":\"ListItem\",\"position\":1,\"name\":\"Portada\",\"item\":\"https:\\\/\\\/www.mexicanguitarplayers.com\\\/\"},{\"@type\":\"ListItem\",\"position\":2,\"name\":\"Tienda\",\"item\":\"https:\\\/\\\/www.mexicanguitarplayers.com\\\/tienda\\\/\"},{\"@type\":\"ListItem\",\"position\":3,\"name\":\"PASTILLAS SD JUEGO HIGH VOLTAGE HB NKL CVR\"}]},{\"@type\":\"WebSite\",\"@id\":\"https:\\\/\\\/www.mexicanguitarplayers.com\\\/#website\",\"url\":\"https:\\\/\\\/www.mexicanguitarplayers.com\\\/\",\"name\":\"Mexican Guitar Players\",\"description\":\"Website\",\"publisher\":{\"@id\":\"https:\\\/\\\/www.mexicanguitarplayers.com\\\/#organization\"},\"potentialAction\":[{\"@type\":\"SearchAction\",\"target\":{\"@type\":\"EntryPoint\",\"urlTemplate\":\"https:\\\/\\\/www.mexicanguitarplayers.com\\\/?s={search_term_string}\"},\"query-input\":{\"@type\":\"PropertyValueSpecification\",\"valueRequired\":true,\"valueName\":\"search_term_string\"}}],\"inLanguage\":\"en-US\"},{\"@type\":\"Organization\",\"@id\":\"https:\\\/\\\/www.mexicanguitarplayers.com\\\/#organization\",\"name\":\"Mexican Guitar Players\",\"url\":\"https:\\\/\\\/www.mexicanguitarplayers.com\\\/\",\"logo\":{\"@type\":\"ImageObject\",\"inLanguage\":\"en-US\",\"@id\":\"https:\\\/\\\/www.mexicanguitarplayers.com\\\/#\\\/schema\\\/logo\\\/image\\\/\",\"url\":\"\",\"contentUrl\":\"\",\"caption\":\"Mexican Guitar Players\"},\"image\":{\"@id\":\"https:\\\/\\\/www.mexicanguitarplayers.com\\\/#\\\/schema\\\/logo\\\/image\\\/\"}}]}<\/script>\n<!-- \/ Yoast SEO plugin. -->","yoast_head_json":{"title":"PASTILLAS SD JUEGO HIGH VOLTAGE HB NKL CVR - Mexican Guitar Players","description":"Set de pastillas humbucker pasivas para guitarra el\u00e9ctrica de 6 cuerdas, modelo High Voltage, posici\u00f3n: puente y brazo, cableado: 4 cables blindado, im\u00e1n: alnico 2, resistencia puente: 8.6 kilo-ohms, resistencia brazo: 7.7 kilo-ohms, equilibrio perfecto entre un tono de rock duro y una limpieza cristalina, sonoridad un poco m\u00e1s agresiva.","robots":{"index":"index","follow":"follow","max-snippet":"max-snippet:-1","max-image-preview":"max-image-preview:large","max-video-preview":"max-video-preview:-1"},"canonical":"https:\/\/www.mexicanguitarplayers.com\/en\/tienda\/sin categor\u00eda\/pastillas-sd-juego-high-voltage-hb-nkl-cvr\/","og_locale":"en_US","og_type":"article","og_title":"PASTILLAS SD JUEGO HIGH VOLTAGE HB NKL CVR - Mexican Guitar Players","og_description":"Set de pastillas humbucker pasivas para guitarra el\u00e9ctrica de 6 cuerdas, modelo High Voltage, posici\u00f3n: puente y brazo, cableado: 4 cables blindado, im\u00e1n: alnico 2, resistencia puente: 8.6 kilo-ohms, resistencia brazo: 7.7 kilo-ohms, equilibrio perfecto entre un tono de rock duro y una limpieza cristalina, sonoridad un poco m\u00e1s agresiva.","og_url":"https:\/\/www.mexicanguitarplayers.com\/en\/tienda\/sin categor\u00eda\/pastillas-sd-juego-high-voltage-hb-nkl-cvr\/","og_site_name":"Mexican Guitar Players","article_modified_time":"2026-01-01T14:02:08+00:00","twitter_card":"summary_large_image","twitter_misc":{"Est. reading time":"1 minute"},"schema":{"@context":"https:\/\/schema.org","@graph":[{"@type":["WebPage","ItemPage"],"@id":"https:\/\/www.mexicanguitarplayers.com\/tienda\/sin categor\u00eda\/pastillas-sd-juego-high-voltage-hb-nkl-cvr\/","url":"https:\/\/www.mexicanguitarplayers.com\/tienda\/sin categor\u00eda\/pastillas-sd-juego-high-voltage-hb-nkl-cvr\/","name":"PASTILLAS SD JUEGO HIGH VOLTAGE HB NKL CVR - Mexican Guitar Players","isPartOf":{"@id":"https:\/\/www.mexicanguitarplayers.com\/#website"},"primaryImageOfPage":{"@id":"https:\/\/www.mexicanguitarplayers.com\/tienda\/sin categor\u00eda\/pastillas-sd-juego-high-voltage-hb-nkl-cvr\/#primaryimage"},"image":{"@id":"https:\/\/www.mexicanguitarplayers.com\/tienda\/sin categor\u00eda\/pastillas-sd-juego-high-voltage-hb-nkl-cvr\/#primaryimage"},"thumbnailUrl":"https:\/\/www.mexicanguitarplayers.com\/wp-content\/uploads\/2025\/04\/RASEOHIGHVOHBS.jpg","datePublished":"2025-04-09T11:34:10+00:00","dateModified":"2026-01-01T14:02:08+00:00","description":"Set de pastillas humbucker pasivas para guitarra el\u00e9ctrica de 6 cuerdas, modelo High Voltage, posici\u00f3n: puente y brazo, cableado: 4 cables blindado, im\u00e1n: alnico 2, resistencia puente: 8.6 kilo-ohms, resistencia brazo: 7.7 kilo-ohms, equilibrio perfecto entre un tono de rock duro y una limpieza cristalina, sonoridad un poco m\u00e1s agresiva.","breadcrumb":{"@id":"https:\/\/www.mexicanguitarplayers.com\/tienda\/sin categor\u00eda\/pastillas-sd-juego-high-voltage-hb-nkl-cvr\/#breadcrumb"},"inLanguage":"en-US","potentialAction":[{"@type":"ReadAction","target":["https:\/\/www.mexicanguitarplayers.com\/tienda\/sin categor\u00eda\/pastillas-sd-juego-high-voltage-hb-nkl-cvr\/"]}]},{"@type":"ImageObject","inLanguage":"en-US","@id":"https:\/\/www.mexicanguitarplayers.com\/tienda\/sin categor\u00eda\/pastillas-sd-juego-high-voltage-hb-nkl-cvr\/#primaryimage","url":"https:\/\/www.mexicanguitarplayers.com\/wp-content\/uploads\/2025\/04\/RASEOHIGHVOHBS.jpg","contentUrl":"https:\/\/www.mexicanguitarplayers.com\/wp-content\/uploads\/2025\/04\/RASEOHIGHVOHBS.jpg","width":1200,"height":1200},{"@type":"BreadcrumbList","@id":"https:\/\/www.mexicanguitarplayers.com\/tienda\/sin categor\u00eda\/pastillas-sd-juego-high-voltage-hb-nkl-cvr\/#breadcrumb","itemListElement":[{"@type":"ListItem","position":1,"name":"Portada","item":"https:\/\/www.mexicanguitarplayers.com\/"},{"@type":"ListItem","position":2,"name":"Tienda","item":"https:\/\/www.mexicanguitarplayers.com\/tienda\/"},{"@type":"ListItem","position":3,"name":"PASTILLAS SD JUEGO HIGH VOLTAGE HB NKL CVR"}]},{"@type":"WebSite","@id":"https:\/\/www.mexicanguitarplayers.com\/#website","url":"https:\/\/www.mexicanguitarplayers.com\/","name":"Mexican Guitar Players","description":"Website","publisher":{"@id":"https:\/\/www.mexicanguitarplayers.com\/#organization"},"potentialAction":[{"@type":"SearchAction","target":{"@type":"EntryPoint","urlTemplate":"https:\/\/www.mexicanguitarplayers.com\/?s={search_term_string}"},"query-input":{"@type":"PropertyValueSpecification","valueRequired":true,"valueName":"search_term_string"}}],"inLanguage":"en-US"},{"@type":"Organization","@id":"https:\/\/www.mexicanguitarplayers.com\/#organization","name":"Mexican Guitar Players","url":"https:\/\/www.mexicanguitarplayers.com\/","logo":{"@type":"ImageObject","inLanguage":"en-US","@id":"https:\/\/www.mexicanguitarplayers.com\/#\/schema\/logo\/image\/","url":"","contentUrl":"","caption":"Mexican Guitar Players"},"image":{"@id":"https:\/\/www.mexicanguitarplayers.com\/#\/schema\/logo\/image\/"}}]}},"brands":[{"id":502,"name":"SEYMOUR DUNCAN","slug":"seymour-duncan"}],"_links":{"self":[{"href":"https:\/\/www.mexicanguitarplayers.com\/en\/wp-json\/wp\/v2\/product\/37060","targetHints":{"allow":["GET"]}}],"collection":[{"href":"https:\/\/www.mexicanguitarplayers.com\/en\/wp-json\/wp\/v2\/product"}],"about":[{"href":"https:\/\/www.mexicanguitarplayers.com\/en\/wp-json\/wp\/v2\/types\/product"}],"replies":[{"embeddable":true,"href":"https:\/\/www.mexicanguitarplayers.com\/en\/wp-json\/wp\/v2\/comments?post=37060"}],"wp:featuredmedia":[{"embeddable":true,"href":"https:\/\/www.mexicanguitarplayers.com\/en\/wp-json\/wp\/v2\/media\/37055"}],"wp:attachment":[{"href":"https:\/\/www.mexicanguitarplayers.com\/en\/wp-json\/wp\/v2\/media?parent=37060"}],"wp:term":[{"taxonomy":"pwb-brand","embeddable":true,"href":"https:\/\/www.mexicanguitarplayers.com\/en\/wp-json\/wp\/v2\/pwb-brand?post=37060"},{"taxonomy":"product_brand","embeddable":true,"href":"https:\/\/www.mexicanguitarplayers.com\/en\/wp-json\/wp\/v2\/product_brand?post=37060"},{"taxonomy":"product_cat","embeddable":true,"href":"https:\/\/www.mexicanguitarplayers.com\/en\/wp-json\/wp\/v2\/product_cat?post=37060"},{"taxonomy":"product_tag","embeddable":true,"href":"https:\/\/www.mexicanguitarplayers.com\/en\/wp-json\/wp\/v2\/product_tag?post=37060"}],"curies":[{"name":"wp","href":"https:\/\/api.w.org\/{rel}","templated":true}]}}