{"id":37070,"date":"2025-04-09T05:34:22","date_gmt":"2025-04-09T11:34:22","guid":{"rendered":"https:\/\/www.mexicanguitarplayers.com\/tienda\/sin categor\u00eda\/soporte-hercules-p-teclado-ks-240b\/"},"modified":"2026-04-10T04:25:17","modified_gmt":"2026-04-10T10:25:17","slug":"soporte-hercules-p-teclado-ks-240b","status":"publish","type":"product","link":"https:\/\/www.mexicanguitarplayers.com\/en\/tienda\/accesorios\/stands\/para-instrumento-stands\/soporte-hercules-p-teclado-ks-240b\/","title":{"rendered":"SOPORTE HERCULES P\/TECLADO  KS-240B"},"content":{"rendered":"<div style=\"text-align: justify\">\n<div>\n<h3>Durabilidad, dise\u00f1o y estabilidad para tu teclado.<\/h3>\n<\/div>\n<div>Los Soportes para teclados Hercules est\u00e1n dise\u00f1ados para un sencillo ajuste de la altura y del montaje en general, el sistema EZ-LOK y AutoLock te ahorran tiempo y esfuerzo para que nada m\u00e1s tengas que concentrarte en tu m\u00fasica.Grandes figuras de la m\u00fasica, como Sammy Hagar, Dave Matthews Band, Megadeth y Ted Nugent entre otros, prefieren Hercules sobre otras marcas.<\/div>\n<div>\n<h4>Quick look<\/h4>\n<\/div>\n<ul style=\"margin: 0px 0px 0px 25px\">\n<li style=\"list-style-type: circle;margin: 5px\">Height: <\/li>\n<li style=\"list-style-type: circle;margin: 5px\">Altura de la bandeja: <\/li>\n<li style=\"list-style-type: circle;margin: 5px\">Weight:<\/li>\n<li style=\"list-style-type: circle;margin: 5px\">Capacidad de carga:<\/li>\n<li style=\"list-style-type: circle;margin: 5px\">Sistema EZ-LOK: <\/li>\n<li style=\"list-style-type: circle;margin: 5px\">Tubo de acero redondo y cuadrado.<\/li>\n<\/ul>\n<div>\n<div style=\"font-weight: bold\">Height: <\/div>\n<div>\n<p>530 &#8211; 990 mm.<\/p>\n<\/div>\n<div style=\"font-weight: bold\">Altura de la bandeja: <\/div>\n<div>\n<p>300mm.<\/p>\n<\/div>\n<div style=\"font-weight: bold\">Weight:<\/div>\n<div>\n<p>10kg.<\/p>\n<\/div>\n<div style=\"font-weight: bold\">Capacidad de carga:<\/div>\n<div>\n<p>110kg.<\/p>\n<\/div>\n<div style=\"font-weight: bold\">Sistema EZ-LOK: <\/div>\n<div>\n<p>Bloquea autom\u00e1ticamente el soporte  en una de las 5  posiciones de altura. <\/p>\n<\/div>\n<div style=\"font-weight: bold\">Tubo de acero redondo y cuadrado.<\/div>\n<div>\n<p>30mm para mayor resistencia.<\/p>\n<\/div>\n<\/div>\n<\/div>","protected":false},"excerpt":{"rendered":"<p>Stand para teclado  Hercules  KS-240B de cruz doble, dos niveles, tuber\u00eda de 1.18\u201d, peso 10kg.Bandeja EX-LOK para un Segundo teclado. Con inclinaci\u00f3n de 70\u00b0-90\u00b0. El sistema EZ-LOK bloquea autom\u00e1ticamente el soporte en una de las 5 posiciones de altura.&hellip; <a class=\"kt-excerpt-readmore more-link\" href=\"https:\/\/www.mexicanguitarplayers.com\/en\/tienda\/accesorios\/stands\/para-instrumento-stands\/soporte-hercules-p-teclado-ks-240b\/\">Read more<\/a><\/p>","protected":false},"featured_media":37069,"comment_status":"open","ping_status":"closed","template":"","meta":{"kt_blocks_editor_width":""},"pwb-brand":[587],"product_brand":[],"product_cat":[85,510,416],"product_tag":[],"class_list":{"0":"post-37070","1":"product","2":"type-product","3":"status-publish","4":"has-post-thumbnail","6":"pwb-brand-hercules","7":"product_cat-accesorios","8":"product_cat-para-instrumento-stands","9":"product_cat-stands","10":"product_shipping_class-25-30-kg","12":"first","13":"outofstock","14":"taxable","15":"shipping-taxable","16":"purchasable","17":"product-type-simple"},"yoast_head":"<!-- This site is optimized with the Yoast SEO plugin v27.5 - https:\/\/yoast.com\/product\/yoast-seo-wordpress\/ -->\n<title>SOPORTE HERCULES P\/TECLADO KS-240B - Mexican Guitar Players<\/title>\n<meta name=\"description\" content=\"Stand para teclado Hercules KS-240B de cruz doble, dos niveles, tuber\u00eda de 1.18\u201d, peso 10kg.Bandeja EX-LOK para un Segundo teclado. Con inclinaci\u00f3n de 70\u00b0-90\u00b0. El sistema EZ-LOK bloquea autom\u00e1ticamente el soporte en una de las 5 posiciones de altura.\" \/>\n<meta name=\"robots\" content=\"index, follow, max-snippet:-1, max-image-preview:large, max-video-preview:-1\" \/>\n<link rel=\"canonical\" href=\"https:\/\/www.mexicanguitarplayers.com\/en\/tienda\/sin%20categor\u00eda\/soporte-hercules-p-teclado-ks-240b\/\" \/>\n<meta property=\"og:locale\" content=\"en_US\" \/>\n<meta property=\"og:type\" content=\"article\" \/>\n<meta property=\"og:title\" content=\"SOPORTE HERCULES P\/TECLADO KS-240B - Mexican Guitar Players\" \/>\n<meta property=\"og:description\" content=\"Stand para teclado Hercules KS-240B de cruz doble, dos niveles, tuber\u00eda de 1.18\u201d, peso 10kg.Bandeja EX-LOK para un Segundo teclado. Con inclinaci\u00f3n de 70\u00b0-90\u00b0. El sistema EZ-LOK bloquea autom\u00e1ticamente el soporte en una de las 5 posiciones de altura.\" \/>\n<meta property=\"og:url\" content=\"https:\/\/www.mexicanguitarplayers.com\/en\/tienda\/sin categor\u00eda\/soporte-hercules-p-teclado-ks-240b\/\" \/>\n<meta property=\"og:site_name\" content=\"Mexican Guitar Players\" \/>\n<meta property=\"article:modified_time\" content=\"2026-04-10T10:25:17+00:00\" \/>\n<meta name=\"twitter:card\" content=\"summary_large_image\" \/>\n<meta name=\"twitter:label1\" content=\"Est. reading time\" \/>\n\t<meta name=\"twitter:data1\" content=\"1 minute\" \/>\n<script type=\"application\/ld+json\" class=\"yoast-schema-graph\">{\"@context\":\"https:\\\/\\\/schema.org\",\"@graph\":[{\"@type\":[\"WebPage\",\"ItemPage\"],\"@id\":\"https:\\\/\\\/www.mexicanguitarplayers.com\\\/tienda\\\/sin categor\u00eda\\\/soporte-hercules-p-teclado-ks-240b\\\/\",\"url\":\"https:\\\/\\\/www.mexicanguitarplayers.com\\\/tienda\\\/sin categor\u00eda\\\/soporte-hercules-p-teclado-ks-240b\\\/\",\"name\":\"SOPORTE HERCULES P\\\/TECLADO KS-240B - Mexican Guitar Players\",\"isPartOf\":{\"@id\":\"https:\\\/\\\/www.mexicanguitarplayers.com\\\/#website\"},\"primaryImageOfPage\":{\"@id\":\"https:\\\/\\\/www.mexicanguitarplayers.com\\\/tienda\\\/sin categor\u00eda\\\/soporte-hercules-p-teclado-ks-240b\\\/#primaryimage\"},\"image\":{\"@id\":\"https:\\\/\\\/www.mexicanguitarplayers.com\\\/tienda\\\/sin categor\u00eda\\\/soporte-hercules-p-teclado-ks-240b\\\/#primaryimage\"},\"thumbnailUrl\":\"https:\\\/\\\/www.mexicanguitarplayers.com\\\/wp-content\\\/uploads\\\/2025\\\/04\\\/VAHERKS240B.jpg\",\"datePublished\":\"2025-04-09T11:34:22+00:00\",\"dateModified\":\"2026-04-10T10:25:17+00:00\",\"description\":\"Stand para teclado Hercules KS-240B de cruz doble, dos niveles, tuber\u00eda de 1.18\u201d, peso 10kg.Bandeja EX-LOK para un Segundo teclado. Con inclinaci\u00f3n de 70\u00b0-90\u00b0. El sistema EZ-LOK bloquea autom\u00e1ticamente el soporte en una de las 5 posiciones de altura.\",\"breadcrumb\":{\"@id\":\"https:\\\/\\\/www.mexicanguitarplayers.com\\\/tienda\\\/sin categor\u00eda\\\/soporte-hercules-p-teclado-ks-240b\\\/#breadcrumb\"},\"inLanguage\":\"en-US\",\"potentialAction\":[{\"@type\":\"ReadAction\",\"target\":[\"https:\\\/\\\/www.mexicanguitarplayers.com\\\/tienda\\\/sin categor\u00eda\\\/soporte-hercules-p-teclado-ks-240b\\\/\"]}]},{\"@type\":\"ImageObject\",\"inLanguage\":\"en-US\",\"@id\":\"https:\\\/\\\/www.mexicanguitarplayers.com\\\/tienda\\\/sin categor\u00eda\\\/soporte-hercules-p-teclado-ks-240b\\\/#primaryimage\",\"url\":\"https:\\\/\\\/www.mexicanguitarplayers.com\\\/wp-content\\\/uploads\\\/2025\\\/04\\\/VAHERKS240B.jpg\",\"contentUrl\":\"https:\\\/\\\/www.mexicanguitarplayers.com\\\/wp-content\\\/uploads\\\/2025\\\/04\\\/VAHERKS240B.jpg\",\"width\":1000,\"height\":1000},{\"@type\":\"BreadcrumbList\",\"@id\":\"https:\\\/\\\/www.mexicanguitarplayers.com\\\/tienda\\\/sin categor\u00eda\\\/soporte-hercules-p-teclado-ks-240b\\\/#breadcrumb\",\"itemListElement\":[{\"@type\":\"ListItem\",\"position\":1,\"name\":\"Portada\",\"item\":\"https:\\\/\\\/www.mexicanguitarplayers.com\\\/\"},{\"@type\":\"ListItem\",\"position\":2,\"name\":\"Tienda\",\"item\":\"https:\\\/\\\/www.mexicanguitarplayers.com\\\/tienda\\\/\"},{\"@type\":\"ListItem\",\"position\":3,\"name\":\"SOPORTE HERCULES P\\\/TECLADO KS-240B\"}]},{\"@type\":\"WebSite\",\"@id\":\"https:\\\/\\\/www.mexicanguitarplayers.com\\\/#website\",\"url\":\"https:\\\/\\\/www.mexicanguitarplayers.com\\\/\",\"name\":\"Mexican Guitar Players\",\"description\":\"Website\",\"publisher\":{\"@id\":\"https:\\\/\\\/www.mexicanguitarplayers.com\\\/#organization\"},\"potentialAction\":[{\"@type\":\"SearchAction\",\"target\":{\"@type\":\"EntryPoint\",\"urlTemplate\":\"https:\\\/\\\/www.mexicanguitarplayers.com\\\/?s={search_term_string}\"},\"query-input\":{\"@type\":\"PropertyValueSpecification\",\"valueRequired\":true,\"valueName\":\"search_term_string\"}}],\"inLanguage\":\"en-US\"},{\"@type\":\"Organization\",\"@id\":\"https:\\\/\\\/www.mexicanguitarplayers.com\\\/#organization\",\"name\":\"Mexican Guitar Players\",\"url\":\"https:\\\/\\\/www.mexicanguitarplayers.com\\\/\",\"logo\":{\"@type\":\"ImageObject\",\"inLanguage\":\"en-US\",\"@id\":\"https:\\\/\\\/www.mexicanguitarplayers.com\\\/#\\\/schema\\\/logo\\\/image\\\/\",\"url\":\"\",\"contentUrl\":\"\",\"caption\":\"Mexican Guitar Players\"},\"image\":{\"@id\":\"https:\\\/\\\/www.mexicanguitarplayers.com\\\/#\\\/schema\\\/logo\\\/image\\\/\"}}]}<\/script>\n<!-- \/ Yoast SEO plugin. -->","yoast_head_json":{"title":"SOPORTE HERCULES P\/TECLADO KS-240B - Mexican Guitar Players","description":"Stand para teclado Hercules KS-240B de cruz doble, dos niveles, tuber\u00eda de 1.18\u201d, peso 10kg.Bandeja EX-LOK para un Segundo teclado. Con inclinaci\u00f3n de 70\u00b0-90\u00b0. El sistema EZ-LOK bloquea autom\u00e1ticamente el soporte en una de las 5 posiciones de altura.","robots":{"index":"index","follow":"follow","max-snippet":"max-snippet:-1","max-image-preview":"max-image-preview:large","max-video-preview":"max-video-preview:-1"},"canonical":"https:\/\/www.mexicanguitarplayers.com\/en\/tienda\/sin categor\u00eda\/soporte-hercules-p-teclado-ks-240b\/","og_locale":"en_US","og_type":"article","og_title":"SOPORTE HERCULES P\/TECLADO KS-240B - Mexican Guitar Players","og_description":"Stand para teclado Hercules KS-240B de cruz doble, dos niveles, tuber\u00eda de 1.18\u201d, peso 10kg.Bandeja EX-LOK para un Segundo teclado. Con inclinaci\u00f3n de 70\u00b0-90\u00b0. El sistema EZ-LOK bloquea autom\u00e1ticamente el soporte en una de las 5 posiciones de altura.","og_url":"https:\/\/www.mexicanguitarplayers.com\/en\/tienda\/sin categor\u00eda\/soporte-hercules-p-teclado-ks-240b\/","og_site_name":"Mexican Guitar Players","article_modified_time":"2026-04-10T10:25:17+00:00","twitter_card":"summary_large_image","twitter_misc":{"Est. reading time":"1 minute"},"schema":{"@context":"https:\/\/schema.org","@graph":[{"@type":["WebPage","ItemPage"],"@id":"https:\/\/www.mexicanguitarplayers.com\/tienda\/sin categor\u00eda\/soporte-hercules-p-teclado-ks-240b\/","url":"https:\/\/www.mexicanguitarplayers.com\/tienda\/sin categor\u00eda\/soporte-hercules-p-teclado-ks-240b\/","name":"SOPORTE HERCULES P\/TECLADO KS-240B - Mexican Guitar Players","isPartOf":{"@id":"https:\/\/www.mexicanguitarplayers.com\/#website"},"primaryImageOfPage":{"@id":"https:\/\/www.mexicanguitarplayers.com\/tienda\/sin categor\u00eda\/soporte-hercules-p-teclado-ks-240b\/#primaryimage"},"image":{"@id":"https:\/\/www.mexicanguitarplayers.com\/tienda\/sin categor\u00eda\/soporte-hercules-p-teclado-ks-240b\/#primaryimage"},"thumbnailUrl":"https:\/\/www.mexicanguitarplayers.com\/wp-content\/uploads\/2025\/04\/VAHERKS240B.jpg","datePublished":"2025-04-09T11:34:22+00:00","dateModified":"2026-04-10T10:25:17+00:00","description":"Stand para teclado Hercules KS-240B de cruz doble, dos niveles, tuber\u00eda de 1.18\u201d, peso 10kg.Bandeja EX-LOK para un Segundo teclado. Con inclinaci\u00f3n de 70\u00b0-90\u00b0. El sistema EZ-LOK bloquea autom\u00e1ticamente el soporte en una de las 5 posiciones de altura.","breadcrumb":{"@id":"https:\/\/www.mexicanguitarplayers.com\/tienda\/sin categor\u00eda\/soporte-hercules-p-teclado-ks-240b\/#breadcrumb"},"inLanguage":"en-US","potentialAction":[{"@type":"ReadAction","target":["https:\/\/www.mexicanguitarplayers.com\/tienda\/sin categor\u00eda\/soporte-hercules-p-teclado-ks-240b\/"]}]},{"@type":"ImageObject","inLanguage":"en-US","@id":"https:\/\/www.mexicanguitarplayers.com\/tienda\/sin categor\u00eda\/soporte-hercules-p-teclado-ks-240b\/#primaryimage","url":"https:\/\/www.mexicanguitarplayers.com\/wp-content\/uploads\/2025\/04\/VAHERKS240B.jpg","contentUrl":"https:\/\/www.mexicanguitarplayers.com\/wp-content\/uploads\/2025\/04\/VAHERKS240B.jpg","width":1000,"height":1000},{"@type":"BreadcrumbList","@id":"https:\/\/www.mexicanguitarplayers.com\/tienda\/sin categor\u00eda\/soporte-hercules-p-teclado-ks-240b\/#breadcrumb","itemListElement":[{"@type":"ListItem","position":1,"name":"Portada","item":"https:\/\/www.mexicanguitarplayers.com\/"},{"@type":"ListItem","position":2,"name":"Tienda","item":"https:\/\/www.mexicanguitarplayers.com\/tienda\/"},{"@type":"ListItem","position":3,"name":"SOPORTE HERCULES P\/TECLADO KS-240B"}]},{"@type":"WebSite","@id":"https:\/\/www.mexicanguitarplayers.com\/#website","url":"https:\/\/www.mexicanguitarplayers.com\/","name":"Mexican Guitar Players","description":"Website","publisher":{"@id":"https:\/\/www.mexicanguitarplayers.com\/#organization"},"potentialAction":[{"@type":"SearchAction","target":{"@type":"EntryPoint","urlTemplate":"https:\/\/www.mexicanguitarplayers.com\/?s={search_term_string}"},"query-input":{"@type":"PropertyValueSpecification","valueRequired":true,"valueName":"search_term_string"}}],"inLanguage":"en-US"},{"@type":"Organization","@id":"https:\/\/www.mexicanguitarplayers.com\/#organization","name":"Mexican Guitar Players","url":"https:\/\/www.mexicanguitarplayers.com\/","logo":{"@type":"ImageObject","inLanguage":"en-US","@id":"https:\/\/www.mexicanguitarplayers.com\/#\/schema\/logo\/image\/","url":"","contentUrl":"","caption":"Mexican Guitar Players"},"image":{"@id":"https:\/\/www.mexicanguitarplayers.com\/#\/schema\/logo\/image\/"}}]}},"brands":[{"id":587,"name":"HERCULES","slug":"hercules"}],"_links":{"self":[{"href":"https:\/\/www.mexicanguitarplayers.com\/en\/wp-json\/wp\/v2\/product\/37070","targetHints":{"allow":["GET"]}}],"collection":[{"href":"https:\/\/www.mexicanguitarplayers.com\/en\/wp-json\/wp\/v2\/product"}],"about":[{"href":"https:\/\/www.mexicanguitarplayers.com\/en\/wp-json\/wp\/v2\/types\/product"}],"replies":[{"embeddable":true,"href":"https:\/\/www.mexicanguitarplayers.com\/en\/wp-json\/wp\/v2\/comments?post=37070"}],"wp:featuredmedia":[{"embeddable":true,"href":"https:\/\/www.mexicanguitarplayers.com\/en\/wp-json\/wp\/v2\/media\/37069"}],"wp:attachment":[{"href":"https:\/\/www.mexicanguitarplayers.com\/en\/wp-json\/wp\/v2\/media?parent=37070"}],"wp:term":[{"taxonomy":"pwb-brand","embeddable":true,"href":"https:\/\/www.mexicanguitarplayers.com\/en\/wp-json\/wp\/v2\/pwb-brand?post=37070"},{"taxonomy":"product_brand","embeddable":true,"href":"https:\/\/www.mexicanguitarplayers.com\/en\/wp-json\/wp\/v2\/product_brand?post=37070"},{"taxonomy":"product_cat","embeddable":true,"href":"https:\/\/www.mexicanguitarplayers.com\/en\/wp-json\/wp\/v2\/product_cat?post=37070"},{"taxonomy":"product_tag","embeddable":true,"href":"https:\/\/www.mexicanguitarplayers.com\/en\/wp-json\/wp\/v2\/product_tag?post=37070"}],"curies":[{"name":"wp","href":"https:\/\/api.w.org\/{rel}","templated":true}]}}