{"id":37100,"date":"2025-04-09T05:35:01","date_gmt":"2025-04-09T11:35:01","guid":{"rendered":"https:\/\/www.mexicanguitarplayers.com\/tienda\/sin categor\u00eda\/encordadura-daddario-mod-exl-160bt\/"},"modified":"2026-05-01T07:19:50","modified_gmt":"2026-05-01T13:19:50","slug":"encordadura-daddario-mod-exl-160bt","status":"publish","type":"product","link":"https:\/\/www.mexicanguitarplayers.com\/en\/tienda\/accesorios\/estuches-y-fundas\/para-bajo-estuches-y-fundas\/encordadura-daddario-mod-exl-160bt\/","title":{"rendered":"ENCORDADURA DADDARIO MOD. EXL-160BT"},"content":{"rendered":"<div style=\"text-align: justify\">\n<div>\n<h3>Para que tu bajo presuma toda su calidad, ahora m\u00e1s c\u00f3modas y con mejor control.<\/h3>\n<\/div>\n<div>Los juegos para bajo el\u00e9ctrico con tensi\u00f3n equilibrada EXL160BT de D&#8217;Addario est\u00e1n compuestos por combinaciones de calibres de cuerda matem\u00e1ticamente optimizados, lo que resulta en un mayor control y comodidad de uso. Combinado con el tono billante caracter\u00edstico de las cuerdas con entorchado en n\u00edquel XL, cada juego ofrece un mayor control din\u00e1mico y una sensaci\u00f3n m\u00e1s consistente entre las cuerdas para brindar equilibrio entre estirada, rasgueo, trasteo, uso de p\u00faa, punteo y percusi\u00f3n (slap). Las cuerdas para bajo el\u00e9ctrico entorchadas en n\u00edquel XL, las m\u00e1s populares de D&#8217;Addario, poseen un entorchado de precisi\u00f3n con acero niquelado sobre una cuerda de acero de alto carbono, con forma hexagonal y estirada cuidadosamente.  El resultado, cuerdas que ofrecen un tono v\u00edvido caracter\u00edstico de larga duraci\u00f3n y una entonaci\u00f3n excelente, ideales para la m\u00e1s amplia variedad de bajos y estilos musicales. D&#8217;Addario es la marca de cuerdas para instrumento m\u00e1s vendida del mundo. Sus productos son el resultado de m\u00e1s de un siglo de investigaci\u00f3n y desarrollo y son instaladas como equipo de serie en las mejores marcas de instrumentos. La pureza de sus materiales y la maquinaria de alta tecnolog\u00eda empleadas en la fabricaci\u00f3n de sus productos hacen de D&#8217;Addario la marca preferida por los m\u00fasicos m\u00e1s relevantes de la actualidad. Todas las encordaduras D&#8217;Addario vienen en empaques sellados con un gas especial que previene la corrosi\u00f3n y son amigables con el medio ambiente. <\/div>\n<div>\n<h4>Quick look<\/h4>\n<\/div>\n<ul style=\"margin: 0px 0px 0px 25px\">\n<li style=\"list-style-type: circle;margin: 5px\">Carbon steel hexagonal core.<\/li>\n<li style=\"list-style-type: circle;margin: 5px\">Nickel plated steel wound.<\/li>\n<li style=\"list-style-type: circle;margin: 5px\">Combinaci\u00f3n de calibres matem\u00e1ticamente balanceada.<\/li>\n<li style=\"list-style-type: circle;margin: 5px\">Ecological packaging.<\/li>\n<li style=\"list-style-type: circle;margin: 5px\">Gauges.<\/li>\n<\/ul>\n<div>\n<div style=\"font-weight: bold\">Carbon steel hexagonal core.<\/div>\n<div>\n<p>Durability, brilliance, sustain, and excellent octave.<\/p>\n<\/div>\n<div style=\"font-weight: bold\">Nickel plated steel wound.<\/div>\n<div>\n<p>Great sound projection in bass with that metallic touch characteristic of electric sound. Unbeatable magnetic response.<\/p>\n<\/div>\n<div style=\"font-weight: bold\">Combinaci\u00f3n de calibres matem\u00e1ticamente balanceada.<\/div>\n<div>\n<p>Mejor tacto, confort y control al tocar.<\/p>\n<\/div>\n<div style=\"font-weight: bold\">Ecological packaging.<\/div>\n<div>\n<p>Ecological and corrosion resistant package to preserve the freshness of the strings.<\/p>\n<\/div>\n<div style=\"font-weight: bold\">Gauges.<\/div>\n<div>\n<p>Entorchado .050, .067, .090, .120.<\/p>\n<\/div>\n<\/div>\n<div>\n<h4>Characteristics<\/h4>\n<\/div>\n<div>\n<ul style=\"margin: 0px 0px 0px 25px\">\n<li style=\"list-style-type: circle;margin: 5px\">Calibre mediano.<\/li>\n<li style=\"list-style-type: circle;margin: 5px\">Made in the USA.<\/li>\n<\/ul>\n<\/div>\n<\/div>","protected":false},"excerpt":{"rendered":"<p>Juego de cuerdas con entorchado en n\u00edquel para bajo, tensi\u00f3n media equilibrada, calibre 50-120, entorchado redondo con acero niquelado para un tono brillante caracter\u00edstico, paquete ecol\u00f3gico y resistente a la corrosi\u00f3n para conservar la frescura de las cuerdas.&hellip; <a class=\"kt-excerpt-readmore more-link\" href=\"https:\/\/www.mexicanguitarplayers.com\/en\/tienda\/accesorios\/estuches-y-fundas\/para-bajo-estuches-y-fundas\/encordadura-daddario-mod-exl-160bt\/\">Read more<\/a><\/p>","protected":false},"featured_media":37099,"comment_status":"open","ping_status":"closed","template":"","meta":{"kt_blocks_editor_width":""},"pwb-brand":[347],"product_brand":[],"product_cat":[85,337,578],"product_tag":[],"class_list":{"0":"post-37100","1":"product","2":"type-product","3":"status-publish","4":"has-post-thumbnail","6":"pwb-brand-d-addario","7":"product_cat-accesorios","8":"product_cat-cuerdas-y-encordaduras","9":"product_cat-para-bajo-estuches-y-fundas","10":"product_shipping_class-0-5-kg-cuerdas","12":"first","13":"instock","14":"taxable","15":"shipping-taxable","16":"purchasable","17":"product-type-simple"},"yoast_head":"<!-- This site is optimized with the Yoast SEO plugin v27.5 - https:\/\/yoast.com\/product\/yoast-seo-wordpress\/ -->\n<title>ENCORDADURA DADDARIO MOD. EXL-160BT - Mexican Guitar Players<\/title>\n<meta name=\"description\" content=\"Juego de cuerdas con entorchado en n\u00edquel para bajo, tensi\u00f3n media equilibrada, calibre 50-120, entorchado redondo con acero niquelado para un tono brillante caracter\u00edstico, paquete ecol\u00f3gico y resistente a la corrosi\u00f3n para conservar la frescura de las cuerdas.\" \/>\n<meta name=\"robots\" content=\"index, follow, max-snippet:-1, max-image-preview:large, max-video-preview:-1\" \/>\n<link rel=\"canonical\" href=\"https:\/\/www.mexicanguitarplayers.com\/en\/tienda\/sin%20categor\u00eda\/encordadura-daddario-mod-exl-160bt\/\" \/>\n<meta property=\"og:locale\" content=\"en_US\" \/>\n<meta property=\"og:type\" content=\"article\" \/>\n<meta property=\"og:title\" content=\"ENCORDADURA DADDARIO MOD. EXL-160BT - Mexican Guitar Players\" \/>\n<meta property=\"og:description\" content=\"Juego de cuerdas con entorchado en n\u00edquel para bajo, tensi\u00f3n media equilibrada, calibre 50-120, entorchado redondo con acero niquelado para un tono brillante caracter\u00edstico, paquete ecol\u00f3gico y resistente a la corrosi\u00f3n para conservar la frescura de las cuerdas.\" \/>\n<meta property=\"og:url\" content=\"https:\/\/www.mexicanguitarplayers.com\/en\/tienda\/sin categor\u00eda\/encordadura-daddario-mod-exl-160bt\/\" \/>\n<meta property=\"og:site_name\" content=\"Mexican Guitar Players\" \/>\n<meta property=\"article:modified_time\" content=\"2026-05-01T13:19:50+00:00\" \/>\n<meta name=\"twitter:card\" content=\"summary_large_image\" \/>\n<meta name=\"twitter:label1\" content=\"Est. reading time\" \/>\n\t<meta name=\"twitter:data1\" content=\"2 minutes\" \/>\n<script type=\"application\/ld+json\" class=\"yoast-schema-graph\">{\"@context\":\"https:\\\/\\\/schema.org\",\"@graph\":[{\"@type\":[\"WebPage\",\"ItemPage\"],\"@id\":\"https:\\\/\\\/www.mexicanguitarplayers.com\\\/tienda\\\/sin categor\u00eda\\\/encordadura-daddario-mod-exl-160bt\\\/\",\"url\":\"https:\\\/\\\/www.mexicanguitarplayers.com\\\/tienda\\\/sin categor\u00eda\\\/encordadura-daddario-mod-exl-160bt\\\/\",\"name\":\"ENCORDADURA DADDARIO MOD. EXL-160BT - Mexican Guitar Players\",\"isPartOf\":{\"@id\":\"https:\\\/\\\/www.mexicanguitarplayers.com\\\/#website\"},\"primaryImageOfPage\":{\"@id\":\"https:\\\/\\\/www.mexicanguitarplayers.com\\\/tienda\\\/sin categor\u00eda\\\/encordadura-daddario-mod-exl-160bt\\\/#primaryimage\"},\"image\":{\"@id\":\"https:\\\/\\\/www.mexicanguitarplayers.com\\\/tienda\\\/sin categor\u00eda\\\/encordadura-daddario-mod-exl-160bt\\\/#primaryimage\"},\"thumbnailUrl\":\"https:\\\/\\\/www.mexicanguitarplayers.com\\\/wp-content\\\/uploads\\\/2025\\\/04\\\/RADADEXL160BT.jpg\",\"datePublished\":\"2025-04-09T11:35:01+00:00\",\"dateModified\":\"2026-05-01T13:19:50+00:00\",\"description\":\"Juego de cuerdas con entorchado en n\u00edquel para bajo, tensi\u00f3n media equilibrada, calibre 50-120, entorchado redondo con acero niquelado para un tono brillante caracter\u00edstico, paquete ecol\u00f3gico y resistente a la corrosi\u00f3n para conservar la frescura de las cuerdas.\",\"breadcrumb\":{\"@id\":\"https:\\\/\\\/www.mexicanguitarplayers.com\\\/tienda\\\/sin categor\u00eda\\\/encordadura-daddario-mod-exl-160bt\\\/#breadcrumb\"},\"inLanguage\":\"en-US\",\"potentialAction\":[{\"@type\":\"ReadAction\",\"target\":[\"https:\\\/\\\/www.mexicanguitarplayers.com\\\/tienda\\\/sin categor\u00eda\\\/encordadura-daddario-mod-exl-160bt\\\/\"]}]},{\"@type\":\"ImageObject\",\"inLanguage\":\"en-US\",\"@id\":\"https:\\\/\\\/www.mexicanguitarplayers.com\\\/tienda\\\/sin categor\u00eda\\\/encordadura-daddario-mod-exl-160bt\\\/#primaryimage\",\"url\":\"https:\\\/\\\/www.mexicanguitarplayers.com\\\/wp-content\\\/uploads\\\/2025\\\/04\\\/RADADEXL160BT.jpg\",\"contentUrl\":\"https:\\\/\\\/www.mexicanguitarplayers.com\\\/wp-content\\\/uploads\\\/2025\\\/04\\\/RADADEXL160BT.jpg\",\"width\":1200,\"height\":1200},{\"@type\":\"BreadcrumbList\",\"@id\":\"https:\\\/\\\/www.mexicanguitarplayers.com\\\/tienda\\\/sin categor\u00eda\\\/encordadura-daddario-mod-exl-160bt\\\/#breadcrumb\",\"itemListElement\":[{\"@type\":\"ListItem\",\"position\":1,\"name\":\"Portada\",\"item\":\"https:\\\/\\\/www.mexicanguitarplayers.com\\\/\"},{\"@type\":\"ListItem\",\"position\":2,\"name\":\"Tienda\",\"item\":\"https:\\\/\\\/www.mexicanguitarplayers.com\\\/tienda\\\/\"},{\"@type\":\"ListItem\",\"position\":3,\"name\":\"ENCORDADURA DADDARIO MOD. EXL-160BT\"}]},{\"@type\":\"WebSite\",\"@id\":\"https:\\\/\\\/www.mexicanguitarplayers.com\\\/#website\",\"url\":\"https:\\\/\\\/www.mexicanguitarplayers.com\\\/\",\"name\":\"Mexican Guitar Players\",\"description\":\"Website\",\"publisher\":{\"@id\":\"https:\\\/\\\/www.mexicanguitarplayers.com\\\/#organization\"},\"potentialAction\":[{\"@type\":\"SearchAction\",\"target\":{\"@type\":\"EntryPoint\",\"urlTemplate\":\"https:\\\/\\\/www.mexicanguitarplayers.com\\\/?s={search_term_string}\"},\"query-input\":{\"@type\":\"PropertyValueSpecification\",\"valueRequired\":true,\"valueName\":\"search_term_string\"}}],\"inLanguage\":\"en-US\"},{\"@type\":\"Organization\",\"@id\":\"https:\\\/\\\/www.mexicanguitarplayers.com\\\/#organization\",\"name\":\"Mexican Guitar Players\",\"url\":\"https:\\\/\\\/www.mexicanguitarplayers.com\\\/\",\"logo\":{\"@type\":\"ImageObject\",\"inLanguage\":\"en-US\",\"@id\":\"https:\\\/\\\/www.mexicanguitarplayers.com\\\/#\\\/schema\\\/logo\\\/image\\\/\",\"url\":\"\",\"contentUrl\":\"\",\"caption\":\"Mexican Guitar Players\"},\"image\":{\"@id\":\"https:\\\/\\\/www.mexicanguitarplayers.com\\\/#\\\/schema\\\/logo\\\/image\\\/\"}}]}<\/script>\n<!-- \/ Yoast SEO plugin. -->","yoast_head_json":{"title":"ENCORDADURA DADDARIO MOD. EXL-160BT - Mexican Guitar Players","description":"Juego de cuerdas con entorchado en n\u00edquel para bajo, tensi\u00f3n media equilibrada, calibre 50-120, entorchado redondo con acero niquelado para un tono brillante caracter\u00edstico, paquete ecol\u00f3gico y resistente a la corrosi\u00f3n para conservar la frescura de las cuerdas.","robots":{"index":"index","follow":"follow","max-snippet":"max-snippet:-1","max-image-preview":"max-image-preview:large","max-video-preview":"max-video-preview:-1"},"canonical":"https:\/\/www.mexicanguitarplayers.com\/en\/tienda\/sin categor\u00eda\/encordadura-daddario-mod-exl-160bt\/","og_locale":"en_US","og_type":"article","og_title":"ENCORDADURA DADDARIO MOD. EXL-160BT - Mexican Guitar Players","og_description":"Juego de cuerdas con entorchado en n\u00edquel para bajo, tensi\u00f3n media equilibrada, calibre 50-120, entorchado redondo con acero niquelado para un tono brillante caracter\u00edstico, paquete ecol\u00f3gico y resistente a la corrosi\u00f3n para conservar la frescura de las cuerdas.","og_url":"https:\/\/www.mexicanguitarplayers.com\/en\/tienda\/sin categor\u00eda\/encordadura-daddario-mod-exl-160bt\/","og_site_name":"Mexican Guitar Players","article_modified_time":"2026-05-01T13:19:50+00:00","twitter_card":"summary_large_image","twitter_misc":{"Est. reading time":"2 minutes"},"schema":{"@context":"https:\/\/schema.org","@graph":[{"@type":["WebPage","ItemPage"],"@id":"https:\/\/www.mexicanguitarplayers.com\/tienda\/sin categor\u00eda\/encordadura-daddario-mod-exl-160bt\/","url":"https:\/\/www.mexicanguitarplayers.com\/tienda\/sin categor\u00eda\/encordadura-daddario-mod-exl-160bt\/","name":"ENCORDADURA DADDARIO MOD. EXL-160BT - Mexican Guitar Players","isPartOf":{"@id":"https:\/\/www.mexicanguitarplayers.com\/#website"},"primaryImageOfPage":{"@id":"https:\/\/www.mexicanguitarplayers.com\/tienda\/sin categor\u00eda\/encordadura-daddario-mod-exl-160bt\/#primaryimage"},"image":{"@id":"https:\/\/www.mexicanguitarplayers.com\/tienda\/sin categor\u00eda\/encordadura-daddario-mod-exl-160bt\/#primaryimage"},"thumbnailUrl":"https:\/\/www.mexicanguitarplayers.com\/wp-content\/uploads\/2025\/04\/RADADEXL160BT.jpg","datePublished":"2025-04-09T11:35:01+00:00","dateModified":"2026-05-01T13:19:50+00:00","description":"Juego de cuerdas con entorchado en n\u00edquel para bajo, tensi\u00f3n media equilibrada, calibre 50-120, entorchado redondo con acero niquelado para un tono brillante caracter\u00edstico, paquete ecol\u00f3gico y resistente a la corrosi\u00f3n para conservar la frescura de las cuerdas.","breadcrumb":{"@id":"https:\/\/www.mexicanguitarplayers.com\/tienda\/sin categor\u00eda\/encordadura-daddario-mod-exl-160bt\/#breadcrumb"},"inLanguage":"en-US","potentialAction":[{"@type":"ReadAction","target":["https:\/\/www.mexicanguitarplayers.com\/tienda\/sin categor\u00eda\/encordadura-daddario-mod-exl-160bt\/"]}]},{"@type":"ImageObject","inLanguage":"en-US","@id":"https:\/\/www.mexicanguitarplayers.com\/tienda\/sin categor\u00eda\/encordadura-daddario-mod-exl-160bt\/#primaryimage","url":"https:\/\/www.mexicanguitarplayers.com\/wp-content\/uploads\/2025\/04\/RADADEXL160BT.jpg","contentUrl":"https:\/\/www.mexicanguitarplayers.com\/wp-content\/uploads\/2025\/04\/RADADEXL160BT.jpg","width":1200,"height":1200},{"@type":"BreadcrumbList","@id":"https:\/\/www.mexicanguitarplayers.com\/tienda\/sin categor\u00eda\/encordadura-daddario-mod-exl-160bt\/#breadcrumb","itemListElement":[{"@type":"ListItem","position":1,"name":"Portada","item":"https:\/\/www.mexicanguitarplayers.com\/"},{"@type":"ListItem","position":2,"name":"Tienda","item":"https:\/\/www.mexicanguitarplayers.com\/tienda\/"},{"@type":"ListItem","position":3,"name":"ENCORDADURA DADDARIO MOD. EXL-160BT"}]},{"@type":"WebSite","@id":"https:\/\/www.mexicanguitarplayers.com\/#website","url":"https:\/\/www.mexicanguitarplayers.com\/","name":"Mexican Guitar Players","description":"Website","publisher":{"@id":"https:\/\/www.mexicanguitarplayers.com\/#organization"},"potentialAction":[{"@type":"SearchAction","target":{"@type":"EntryPoint","urlTemplate":"https:\/\/www.mexicanguitarplayers.com\/?s={search_term_string}"},"query-input":{"@type":"PropertyValueSpecification","valueRequired":true,"valueName":"search_term_string"}}],"inLanguage":"en-US"},{"@type":"Organization","@id":"https:\/\/www.mexicanguitarplayers.com\/#organization","name":"Mexican Guitar Players","url":"https:\/\/www.mexicanguitarplayers.com\/","logo":{"@type":"ImageObject","inLanguage":"en-US","@id":"https:\/\/www.mexicanguitarplayers.com\/#\/schema\/logo\/image\/","url":"","contentUrl":"","caption":"Mexican Guitar Players"},"image":{"@id":"https:\/\/www.mexicanguitarplayers.com\/#\/schema\/logo\/image\/"}}]}},"brands":[{"id":347,"name":"D ADDARIO","slug":"d-addario"}],"_links":{"self":[{"href":"https:\/\/www.mexicanguitarplayers.com\/en\/wp-json\/wp\/v2\/product\/37100","targetHints":{"allow":["GET"]}}],"collection":[{"href":"https:\/\/www.mexicanguitarplayers.com\/en\/wp-json\/wp\/v2\/product"}],"about":[{"href":"https:\/\/www.mexicanguitarplayers.com\/en\/wp-json\/wp\/v2\/types\/product"}],"replies":[{"embeddable":true,"href":"https:\/\/www.mexicanguitarplayers.com\/en\/wp-json\/wp\/v2\/comments?post=37100"}],"wp:featuredmedia":[{"embeddable":true,"href":"https:\/\/www.mexicanguitarplayers.com\/en\/wp-json\/wp\/v2\/media\/37099"}],"wp:attachment":[{"href":"https:\/\/www.mexicanguitarplayers.com\/en\/wp-json\/wp\/v2\/media?parent=37100"}],"wp:term":[{"taxonomy":"pwb-brand","embeddable":true,"href":"https:\/\/www.mexicanguitarplayers.com\/en\/wp-json\/wp\/v2\/pwb-brand?post=37100"},{"taxonomy":"product_brand","embeddable":true,"href":"https:\/\/www.mexicanguitarplayers.com\/en\/wp-json\/wp\/v2\/product_brand?post=37100"},{"taxonomy":"product_cat","embeddable":true,"href":"https:\/\/www.mexicanguitarplayers.com\/en\/wp-json\/wp\/v2\/product_cat?post=37100"},{"taxonomy":"product_tag","embeddable":true,"href":"https:\/\/www.mexicanguitarplayers.com\/en\/wp-json\/wp\/v2\/product_tag?post=37100"}],"curies":[{"name":"wp","href":"https:\/\/api.w.org\/{rel}","templated":true}]}}