{"id":37102,"date":"2025-04-09T05:35:04","date_gmt":"2025-04-09T11:35:04","guid":{"rendered":"https:\/\/www.mexicanguitarplayers.com\/tienda\/sin categor\u00eda\/bajo-spector-electrico-mod-legend-4-std-3\/"},"modified":"2025-04-09T05:35:04","modified_gmt":"2025-04-09T11:35:04","slug":"bajo-spector-electrico-mod-legend-4-std-3","status":"publish","type":"product","link":"https:\/\/www.mexicanguitarplayers.com\/en\/tienda\/cuerdas\/bajos\/electricos\/bajo-spector-electrico-mod-legend-4-std-3\/","title":{"rendered":"BAJO SPECTOR ELECTRICO MOD. LEGEND 4 STD"},"content":{"rendered":"<div style=\"text-align: justify\">\n<div>\n<h3>No hay mejores graves.<\/h3>\n<\/div>\n<div>Los bajos de la serie Legend y CodaBass Pro de Spector est\u00e1n dise\u00f1ados para durar toda la vida. Estos bajos han sido fabricados con precisi\u00f3n y cuidado en la misma f\u00e1brica y por los mismos constructores por d\u00e9cadas. Como los primeros adaptadores de artesan\u00eda asi\u00e1tica, Stuart Spector y su equipo de lauderos de confianza, han establecido una f\u00e1brica de primera clase que produce consistentemente bajos s\u00f3lidos de alta calidad a precios que est\u00e1n al alcance de todos los bajistas. Una cosa \u00fanica en el codiciado dise\u00f1o de estos bajos, es que ofrecen caracter\u00edsticas de tono y calidad que han hecho a Spector uno de los nombres m\u00e1s respetados en bajos. El modelo Legend 4 ofrece el codiciado dise\u00f1o del cuerpo del Spector NS a un precio al alcance de todos los bajistas. El extremadamente c\u00f3modo cuerpo de Spector est\u00e1 hecho a mano con caoba s\u00f3lida y viene con una tapa de maple flameado con un brazo de maple de 3 piezas, un diapas\u00f3n de palo de rosa de 24 trastes y un hardware cromado de calidad profesional. Humbuckers SSD especialmente dise\u00f1ados se complementan con controles activos de tono que ofrecen boost y cut de 12 dB as\u00ed como controles interactivos de agudos y bajos. Adornado con un terminado al alto brillo, el Legend 4 Standar ofrece la apariencia, el sonido y la facilidad de toque de los bajos de dos veces su precio.<\/div>\n<div>\n<h4>Quick look<\/h4>\n<\/div>\n<ul style=\"margin: 0px 0px 0px 25px\">\n<li style=\"list-style-type: circle;margin: 5px\">Arm.<\/li>\n<li style=\"list-style-type: circle;margin: 5px\">Cuerpo.<\/li>\n<li style=\"list-style-type: circle;margin: 5px\">Hardware.<\/li>\n<li style=\"list-style-type: circle;margin: 5px\">Pastillas y electr\u00f3nicos.<\/li>\n<\/ul>\n<div>\n<div style=\"font-weight: bold\">Arm.<\/div>\n<div>\n<p>Madera: 3 piezas de maple, bolt-on. Diapas\u00f3n: Palo de rosa con incrustaciones de puntos. Trastes: 24. Escala: 34&#8243;. Radio: 16&#8243;. Ancho de la cejuela: 1.57&#8243;.<\/p>\n<\/div>\n<div style=\"font-weight: bold\">Cuerpo.<\/div>\n<div>\n<p>Forma: NS original. Plano con plano con c\u00f3modo contorno en la parte trasera. Madera: Maple genuino flameado sobre caoba. Terminado: Alto brillo.<\/p>\n<\/div>\n<div style=\"font-weight: bold\">Hardware.<\/div>\n<div>\n<p>Cromado. Puente: Heavy Duty Legend Standard. Espaciado de cuerdas en puente: 0.70&#8243;. Botones de tahal\u00ed: Est\u00e1ndar.<\/p>\n<\/div>\n<div style=\"font-weight: bold\">Pastillas y electr\u00f3nicos.<\/div>\n<div>\n<p>Pastilla del brazo: P split style. Pastilla del puente: J single coil style. Controles activos de tono: +\/- 12 dB boost y cut, graves y agudos. Controles: Volumen de la pastilla del puente, volumen de la pastilla del brazo, boost\/cut agudo y boost\/cut grave.<\/p>\n<\/div>\n<\/div>\n<\/div>","protected":false},"excerpt":{"rendered":"<p>Bajo el\u00e9ctrico activo de 4 cuerdas, cuerpo de maple tallado genuino sobre caoba, forma original del cuerpo de NS, plano con recorte contorneado c\u00f3modo en la parte posterior, terminado al alto brillo, brazo de 3 piezas de maple, construcci\u00f3n bolt-on, diapas\u00f3n de palo de rosa con marcadores de puntos, 24 trastes, escala: 34\u201d, radio: 16\u201d, ancho en la cejuela: 1.57\u201d, hardware cromado, puente Heavy Duty Legend Standard, espaciado de cuerdas en el puente: .70\u201d, botones de tahal\u00ed est\u00e1ndar, pastilla del brazo: P split style, pastilla del puente: J single coil style, controles de tono activos: +\/-12 dB boost y cut, grave y agudo, controles: volumen pastilla del puente, volumen pastilla del brazo, boost\/cut agudo y boost\/cut grave.&hellip; <a class=\"kt-excerpt-readmore more-link\" href=\"https:\/\/www.mexicanguitarplayers.com\/en\/tienda\/cuerdas\/bajos\/electricos\/bajo-spector-electrico-mod-legend-4-std-3\/\">Read more<\/a><\/p>","protected":false},"featured_media":37101,"comment_status":"open","ping_status":"closed","template":"","meta":{"kt_blocks_editor_width":""},"pwb-brand":[374],"product_brand":[],"product_cat":[317,224,318,295],"product_tag":[],"class_list":{"0":"post-37102","1":"product","2":"type-product","3":"status-publish","4":"has-post-thumbnail","6":"pwb-brand-spector","7":"product_cat-bajos","8":"product_cat-cuerdas","9":"product_cat-electricos","10":"product_cat-hibridos","11":"product_shipping_class-0-5-kg","13":"first","14":"outofstock","15":"taxable","16":"shipping-taxable","17":"purchasable","18":"product-type-simple"},"yoast_head":"<!-- This site is optimized with the Yoast SEO plugin v27.3 - https:\/\/yoast.com\/product\/yoast-seo-wordpress\/ -->\n<title>BAJO SPECTOR ELECTRICO MOD. LEGEND 4 STD - Mexican Guitar Players<\/title>\n<meta name=\"description\" content=\"Bajo el\u00e9ctrico activo de 4 cuerdas, cuerpo de maple tallado genuino sobre caoba, forma original del cuerpo de NS, plano con recorte contorneado c\u00f3modo en la parte posterior, terminado al alto brillo, brazo de 3 piezas de maple, construcci\u00f3n bolt-on, diapas\u00f3n de palo de rosa con marcadores de puntos, 24 trastes, escala: 34\u201d, radio: 16\u201d, ancho en la cejuela: 1.57\u201d, hardware cromado, puente Heavy Duty Legend Standard, espaciado de cuerdas en el puente: .70\u201d, botones de tahal\u00ed est\u00e1ndar, pastilla del brazo: P split style, pastilla del puente: J single coil style, controles de tono activos: +\/-12 dB boost y cut, grave y agudo, controles: volumen pastilla del puente, volumen pastilla del brazo, boost\/cut agudo y boost\/cut grave.\" \/>\n<meta name=\"robots\" content=\"index, follow, max-snippet:-1, max-image-preview:large, max-video-preview:-1\" \/>\n<link rel=\"canonical\" href=\"https:\/\/www.mexicanguitarplayers.com\/en\/tienda\/sin%20categor\u00eda\/bajo-spector-electrico-mod-legend-4-std-3\/\" \/>\n<meta property=\"og:locale\" content=\"en_US\" \/>\n<meta property=\"og:type\" content=\"article\" \/>\n<meta property=\"og:title\" content=\"BAJO SPECTOR ELECTRICO MOD. LEGEND 4 STD - Mexican Guitar Players\" \/>\n<meta property=\"og:description\" content=\"Bajo el\u00e9ctrico activo de 4 cuerdas, cuerpo de maple tallado genuino sobre caoba, forma original del cuerpo de NS, plano con recorte contorneado c\u00f3modo en la parte posterior, terminado al alto brillo, brazo de 3 piezas de maple, construcci\u00f3n bolt-on, diapas\u00f3n de palo de rosa con marcadores de puntos, 24 trastes, escala: 34\u201d, radio: 16\u201d, ancho en la cejuela: 1.57\u201d, hardware cromado, puente Heavy Duty Legend Standard, espaciado de cuerdas en el puente: .70\u201d, botones de tahal\u00ed est\u00e1ndar, pastilla del brazo: P split style, pastilla del puente: J single coil style, controles de tono activos: +\/-12 dB boost y cut, grave y agudo, controles: volumen pastilla del puente, volumen pastilla del brazo, boost\/cut agudo y boost\/cut grave.\" \/>\n<meta property=\"og:url\" content=\"https:\/\/www.mexicanguitarplayers.com\/en\/tienda\/sin categor\u00eda\/bajo-spector-electrico-mod-legend-4-std-3\/\" \/>\n<meta property=\"og:site_name\" content=\"Mexican Guitar Players\" \/>\n<meta name=\"twitter:card\" content=\"summary_large_image\" \/>\n<meta name=\"twitter:label1\" content=\"Est. reading time\" \/>\n\t<meta name=\"twitter:data1\" content=\"2 minutes\" \/>\n<script type=\"application\/ld+json\" class=\"yoast-schema-graph\">{\"@context\":\"https:\\\/\\\/schema.org\",\"@graph\":[{\"@type\":[\"WebPage\",\"ItemPage\"],\"@id\":\"https:\\\/\\\/www.mexicanguitarplayers.com\\\/tienda\\\/sin categor\u00eda\\\/bajo-spector-electrico-mod-legend-4-std-3\\\/\",\"url\":\"https:\\\/\\\/www.mexicanguitarplayers.com\\\/tienda\\\/sin categor\u00eda\\\/bajo-spector-electrico-mod-legend-4-std-3\\\/\",\"name\":\"BAJO SPECTOR ELECTRICO MOD. LEGEND 4 STD - Mexican Guitar Players\",\"isPartOf\":{\"@id\":\"https:\\\/\\\/www.mexicanguitarplayers.com\\\/#website\"},\"primaryImageOfPage\":{\"@id\":\"https:\\\/\\\/www.mexicanguitarplayers.com\\\/tienda\\\/sin categor\u00eda\\\/bajo-spector-electrico-mod-legend-4-std-3\\\/#primaryimage\"},\"image\":{\"@id\":\"https:\\\/\\\/www.mexicanguitarplayers.com\\\/tienda\\\/sin categor\u00eda\\\/bajo-spector-electrico-mod-legend-4-std-3\\\/#primaryimage\"},\"thumbnailUrl\":\"https:\\\/\\\/www.mexicanguitarplayers.com\\\/wp-content\\\/uploads\\\/2025\\\/04\\\/ISSPTLEG4STD.jpg\",\"datePublished\":\"2025-04-09T11:35:04+00:00\",\"description\":\"Bajo el\u00e9ctrico activo de 4 cuerdas, cuerpo de maple tallado genuino sobre caoba, forma original del cuerpo de NS, plano con recorte contorneado c\u00f3modo en la parte posterior, terminado al alto brillo, brazo de 3 piezas de maple, construcci\u00f3n bolt-on, diapas\u00f3n de palo de rosa con marcadores de puntos, 24 trastes, escala: 34\u201d, radio: 16\u201d, ancho en la cejuela: 1.57\u201d, hardware cromado, puente Heavy Duty Legend Standard, espaciado de cuerdas en el puente: .70\u201d, botones de tahal\u00ed est\u00e1ndar, pastilla del brazo: P split style, pastilla del puente: J single coil style, controles de tono activos: +\\\/-12 dB boost y cut, grave y agudo, controles: volumen pastilla del puente, volumen pastilla del brazo, boost\\\/cut agudo y boost\\\/cut grave.\",\"breadcrumb\":{\"@id\":\"https:\\\/\\\/www.mexicanguitarplayers.com\\\/tienda\\\/sin categor\u00eda\\\/bajo-spector-electrico-mod-legend-4-std-3\\\/#breadcrumb\"},\"inLanguage\":\"en-US\",\"potentialAction\":[{\"@type\":\"ReadAction\",\"target\":[\"https:\\\/\\\/www.mexicanguitarplayers.com\\\/tienda\\\/sin categor\u00eda\\\/bajo-spector-electrico-mod-legend-4-std-3\\\/\"]}]},{\"@type\":\"ImageObject\",\"inLanguage\":\"en-US\",\"@id\":\"https:\\\/\\\/www.mexicanguitarplayers.com\\\/tienda\\\/sin categor\u00eda\\\/bajo-spector-electrico-mod-legend-4-std-3\\\/#primaryimage\",\"url\":\"https:\\\/\\\/www.mexicanguitarplayers.com\\\/wp-content\\\/uploads\\\/2025\\\/04\\\/ISSPTLEG4STD.jpg\",\"contentUrl\":\"https:\\\/\\\/www.mexicanguitarplayers.com\\\/wp-content\\\/uploads\\\/2025\\\/04\\\/ISSPTLEG4STD.jpg\",\"width\":800,\"height\":1600},{\"@type\":\"BreadcrumbList\",\"@id\":\"https:\\\/\\\/www.mexicanguitarplayers.com\\\/tienda\\\/sin categor\u00eda\\\/bajo-spector-electrico-mod-legend-4-std-3\\\/#breadcrumb\",\"itemListElement\":[{\"@type\":\"ListItem\",\"position\":1,\"name\":\"Portada\",\"item\":\"https:\\\/\\\/www.mexicanguitarplayers.com\\\/\"},{\"@type\":\"ListItem\",\"position\":2,\"name\":\"Tienda\",\"item\":\"https:\\\/\\\/www.mexicanguitarplayers.com\\\/tienda\\\/\"},{\"@type\":\"ListItem\",\"position\":3,\"name\":\"BAJO SPECTOR ELECTRICO MOD. LEGEND 4 STD\"}]},{\"@type\":\"WebSite\",\"@id\":\"https:\\\/\\\/www.mexicanguitarplayers.com\\\/#website\",\"url\":\"https:\\\/\\\/www.mexicanguitarplayers.com\\\/\",\"name\":\"Mexican Guitar Players\",\"description\":\"Website\",\"publisher\":{\"@id\":\"https:\\\/\\\/www.mexicanguitarplayers.com\\\/#organization\"},\"potentialAction\":[{\"@type\":\"SearchAction\",\"target\":{\"@type\":\"EntryPoint\",\"urlTemplate\":\"https:\\\/\\\/www.mexicanguitarplayers.com\\\/?s={search_term_string}\"},\"query-input\":{\"@type\":\"PropertyValueSpecification\",\"valueRequired\":true,\"valueName\":\"search_term_string\"}}],\"inLanguage\":\"en-US\"},{\"@type\":\"Organization\",\"@id\":\"https:\\\/\\\/www.mexicanguitarplayers.com\\\/#organization\",\"name\":\"Mexican Guitar Players\",\"url\":\"https:\\\/\\\/www.mexicanguitarplayers.com\\\/\",\"logo\":{\"@type\":\"ImageObject\",\"inLanguage\":\"en-US\",\"@id\":\"https:\\\/\\\/www.mexicanguitarplayers.com\\\/#\\\/schema\\\/logo\\\/image\\\/\",\"url\":\"\",\"contentUrl\":\"\",\"caption\":\"Mexican Guitar Players\"},\"image\":{\"@id\":\"https:\\\/\\\/www.mexicanguitarplayers.com\\\/#\\\/schema\\\/logo\\\/image\\\/\"}}]}<\/script>\n<!-- \/ Yoast SEO plugin. -->","yoast_head_json":{"title":"BAJO SPECTOR ELECTRICO MOD. LEGEND 4 STD - Mexican Guitar Players","description":"Bajo el\u00e9ctrico activo de 4 cuerdas, cuerpo de maple tallado genuino sobre caoba, forma original del cuerpo de NS, plano con recorte contorneado c\u00f3modo en la parte posterior, terminado al alto brillo, brazo de 3 piezas de maple, construcci\u00f3n bolt-on, diapas\u00f3n de palo de rosa con marcadores de puntos, 24 trastes, escala: 34\u201d, radio: 16\u201d, ancho en la cejuela: 1.57\u201d, hardware cromado, puente Heavy Duty Legend Standard, espaciado de cuerdas en el puente: .70\u201d, botones de tahal\u00ed est\u00e1ndar, pastilla del brazo: P split style, pastilla del puente: J single coil style, controles de tono activos: +\/-12 dB boost y cut, grave y agudo, controles: volumen pastilla del puente, volumen pastilla del brazo, boost\/cut agudo y boost\/cut grave.","robots":{"index":"index","follow":"follow","max-snippet":"max-snippet:-1","max-image-preview":"max-image-preview:large","max-video-preview":"max-video-preview:-1"},"canonical":"https:\/\/www.mexicanguitarplayers.com\/en\/tienda\/sin categor\u00eda\/bajo-spector-electrico-mod-legend-4-std-3\/","og_locale":"en_US","og_type":"article","og_title":"BAJO SPECTOR ELECTRICO MOD. LEGEND 4 STD - Mexican Guitar Players","og_description":"Bajo el\u00e9ctrico activo de 4 cuerdas, cuerpo de maple tallado genuino sobre caoba, forma original del cuerpo de NS, plano con recorte contorneado c\u00f3modo en la parte posterior, terminado al alto brillo, brazo de 3 piezas de maple, construcci\u00f3n bolt-on, diapas\u00f3n de palo de rosa con marcadores de puntos, 24 trastes, escala: 34\u201d, radio: 16\u201d, ancho en la cejuela: 1.57\u201d, hardware cromado, puente Heavy Duty Legend Standard, espaciado de cuerdas en el puente: .70\u201d, botones de tahal\u00ed est\u00e1ndar, pastilla del brazo: P split style, pastilla del puente: J single coil style, controles de tono activos: +\/-12 dB boost y cut, grave y agudo, controles: volumen pastilla del puente, volumen pastilla del brazo, boost\/cut agudo y boost\/cut grave.","og_url":"https:\/\/www.mexicanguitarplayers.com\/en\/tienda\/sin categor\u00eda\/bajo-spector-electrico-mod-legend-4-std-3\/","og_site_name":"Mexican Guitar Players","twitter_card":"summary_large_image","twitter_misc":{"Est. reading time":"2 minutes"},"schema":{"@context":"https:\/\/schema.org","@graph":[{"@type":["WebPage","ItemPage"],"@id":"https:\/\/www.mexicanguitarplayers.com\/tienda\/sin categor\u00eda\/bajo-spector-electrico-mod-legend-4-std-3\/","url":"https:\/\/www.mexicanguitarplayers.com\/tienda\/sin categor\u00eda\/bajo-spector-electrico-mod-legend-4-std-3\/","name":"BAJO SPECTOR ELECTRICO MOD. LEGEND 4 STD - Mexican Guitar Players","isPartOf":{"@id":"https:\/\/www.mexicanguitarplayers.com\/#website"},"primaryImageOfPage":{"@id":"https:\/\/www.mexicanguitarplayers.com\/tienda\/sin categor\u00eda\/bajo-spector-electrico-mod-legend-4-std-3\/#primaryimage"},"image":{"@id":"https:\/\/www.mexicanguitarplayers.com\/tienda\/sin categor\u00eda\/bajo-spector-electrico-mod-legend-4-std-3\/#primaryimage"},"thumbnailUrl":"https:\/\/www.mexicanguitarplayers.com\/wp-content\/uploads\/2025\/04\/ISSPTLEG4STD.jpg","datePublished":"2025-04-09T11:35:04+00:00","description":"Bajo el\u00e9ctrico activo de 4 cuerdas, cuerpo de maple tallado genuino sobre caoba, forma original del cuerpo de NS, plano con recorte contorneado c\u00f3modo en la parte posterior, terminado al alto brillo, brazo de 3 piezas de maple, construcci\u00f3n bolt-on, diapas\u00f3n de palo de rosa con marcadores de puntos, 24 trastes, escala: 34\u201d, radio: 16\u201d, ancho en la cejuela: 1.57\u201d, hardware cromado, puente Heavy Duty Legend Standard, espaciado de cuerdas en el puente: .70\u201d, botones de tahal\u00ed est\u00e1ndar, pastilla del brazo: P split style, pastilla del puente: J single coil style, controles de tono activos: +\/-12 dB boost y cut, grave y agudo, controles: volumen pastilla del puente, volumen pastilla del brazo, boost\/cut agudo y boost\/cut grave.","breadcrumb":{"@id":"https:\/\/www.mexicanguitarplayers.com\/tienda\/sin categor\u00eda\/bajo-spector-electrico-mod-legend-4-std-3\/#breadcrumb"},"inLanguage":"en-US","potentialAction":[{"@type":"ReadAction","target":["https:\/\/www.mexicanguitarplayers.com\/tienda\/sin categor\u00eda\/bajo-spector-electrico-mod-legend-4-std-3\/"]}]},{"@type":"ImageObject","inLanguage":"en-US","@id":"https:\/\/www.mexicanguitarplayers.com\/tienda\/sin categor\u00eda\/bajo-spector-electrico-mod-legend-4-std-3\/#primaryimage","url":"https:\/\/www.mexicanguitarplayers.com\/wp-content\/uploads\/2025\/04\/ISSPTLEG4STD.jpg","contentUrl":"https:\/\/www.mexicanguitarplayers.com\/wp-content\/uploads\/2025\/04\/ISSPTLEG4STD.jpg","width":800,"height":1600},{"@type":"BreadcrumbList","@id":"https:\/\/www.mexicanguitarplayers.com\/tienda\/sin categor\u00eda\/bajo-spector-electrico-mod-legend-4-std-3\/#breadcrumb","itemListElement":[{"@type":"ListItem","position":1,"name":"Portada","item":"https:\/\/www.mexicanguitarplayers.com\/"},{"@type":"ListItem","position":2,"name":"Tienda","item":"https:\/\/www.mexicanguitarplayers.com\/tienda\/"},{"@type":"ListItem","position":3,"name":"BAJO SPECTOR ELECTRICO MOD. LEGEND 4 STD"}]},{"@type":"WebSite","@id":"https:\/\/www.mexicanguitarplayers.com\/#website","url":"https:\/\/www.mexicanguitarplayers.com\/","name":"Mexican Guitar Players","description":"Website","publisher":{"@id":"https:\/\/www.mexicanguitarplayers.com\/#organization"},"potentialAction":[{"@type":"SearchAction","target":{"@type":"EntryPoint","urlTemplate":"https:\/\/www.mexicanguitarplayers.com\/?s={search_term_string}"},"query-input":{"@type":"PropertyValueSpecification","valueRequired":true,"valueName":"search_term_string"}}],"inLanguage":"en-US"},{"@type":"Organization","@id":"https:\/\/www.mexicanguitarplayers.com\/#organization","name":"Mexican Guitar Players","url":"https:\/\/www.mexicanguitarplayers.com\/","logo":{"@type":"ImageObject","inLanguage":"en-US","@id":"https:\/\/www.mexicanguitarplayers.com\/#\/schema\/logo\/image\/","url":"","contentUrl":"","caption":"Mexican Guitar Players"},"image":{"@id":"https:\/\/www.mexicanguitarplayers.com\/#\/schema\/logo\/image\/"}}]}},"brands":[{"id":374,"name":"SPECTOR","slug":"spector"}],"_links":{"self":[{"href":"https:\/\/www.mexicanguitarplayers.com\/en\/wp-json\/wp\/v2\/product\/37102","targetHints":{"allow":["GET"]}}],"collection":[{"href":"https:\/\/www.mexicanguitarplayers.com\/en\/wp-json\/wp\/v2\/product"}],"about":[{"href":"https:\/\/www.mexicanguitarplayers.com\/en\/wp-json\/wp\/v2\/types\/product"}],"replies":[{"embeddable":true,"href":"https:\/\/www.mexicanguitarplayers.com\/en\/wp-json\/wp\/v2\/comments?post=37102"}],"wp:featuredmedia":[{"embeddable":true,"href":"https:\/\/www.mexicanguitarplayers.com\/en\/wp-json\/wp\/v2\/media\/37101"}],"wp:attachment":[{"href":"https:\/\/www.mexicanguitarplayers.com\/en\/wp-json\/wp\/v2\/media?parent=37102"}],"wp:term":[{"taxonomy":"pwb-brand","embeddable":true,"href":"https:\/\/www.mexicanguitarplayers.com\/en\/wp-json\/wp\/v2\/pwb-brand?post=37102"},{"taxonomy":"product_brand","embeddable":true,"href":"https:\/\/www.mexicanguitarplayers.com\/en\/wp-json\/wp\/v2\/product_brand?post=37102"},{"taxonomy":"product_cat","embeddable":true,"href":"https:\/\/www.mexicanguitarplayers.com\/en\/wp-json\/wp\/v2\/product_cat?post=37102"},{"taxonomy":"product_tag","embeddable":true,"href":"https:\/\/www.mexicanguitarplayers.com\/en\/wp-json\/wp\/v2\/product_tag?post=37102"}],"curies":[{"name":"wp","href":"https:\/\/api.w.org\/{rel}","templated":true}]}}