{"id":37114,"date":"2025-04-09T05:35:20","date_gmt":"2025-04-09T11:35:20","guid":{"rendered":"https:\/\/www.mexicanguitarplayers.com\/tienda\/sin categor\u00eda\/bafle-t-c-p-bajo-mod-bc208\/"},"modified":"2026-04-14T04:15:46","modified_gmt":"2026-04-14T10:15:46","slug":"bafle-t-c-p-bajo-mod-bc208","status":"publish","type":"product","link":"https:\/\/www.mexicanguitarplayers.com\/en\/tienda\/cuerdas\/bafles-cuerdas\/bafles-para-bajo\/bafle-t-c-p-bajo-mod-bc208\/","title":{"rendered":"BAFLE T.C. P\/BAJO MOD. BC208"},"content":{"rendered":"<div style=\"text-align: justify\">\n<div>\n<h3>Graves ligeros.<\/h3>\n<\/div>\n<div>BC208 es un potente y compacto gabinete de bajo con mucho punch, lo que lo hace ideal para peque\u00f1os conciertos y espacios de ensayo, as\u00ed como para estudios de grabaci\u00f3n. Es perfecto para tonos graves claros y enfocados y si pr\u00e1ctico factor de forma hace que este bafle sea f\u00e1cil tanto para tu espalda como para tu cuenta bancaria. Con un par de potentes drivers de 8&#8243; pulgadas dise\u00f1ados a medida, el BC208 est\u00e1 expresado para tonos graves profundos fundamentales con capacidad de manejo de potencia de 200 watts. Esta configuraci\u00f3n de altavoces gemelos de 8&#8243; pulgadas no tiene igual para tonos graves claros y enfocados con una respuesta inmediata y una sensaci\u00f3n s\u00faper ajustada. El BC208 produce tanto punch que te dejar\u00e1 boquiabierto, especialmente viniendo de un gabinete de este tama\u00f1o. Rack y Stack. Dise\u00f1ado para colocarse horizontal o verticalmente para arreglos estrechos de escenario, el BC208 hace que sea m\u00e1s f\u00e1cil reclamar tu parte de espacio en el escenario con el resto de la banda. Las conexiones link de los dos altavoces en conectores premium de 1\/4&#8243; te permiten apilar tus bafles BC208 con cualquier otro bafle TC para obtener un viaje de graves sin igual. Patea por mucho tiempo. Como m\u00fasico de concierto, siempre est\u00e1s en movimiento y tu equipo simplemente tiene que mantenerse al d\u00eda. Es por eso que el BC208 est\u00e1 fabricado con madera contrachapada dura cubierta con un material antideslizante resistente y elegante que mantiene tu configuraci\u00f3n segura y s\u00f3lida en el escenario. La parte delantera est\u00e1 terminada con una rejilla met\u00e1lica que protege a los drivers de todo tipo de travesuras en el escenario y el ocasional roadie s\u00faper entusiasta.<\/div>\n<div>\n<h4>Quick look<\/h4>\n<\/div>\n<ul style=\"margin: 0px 0px 0px 25px\">\n<li style=\"list-style-type: circle;margin: 5px\">Kind.<\/li>\n<li style=\"list-style-type: circle;margin: 5px\">Rango de frecuencia.<\/li>\n<li style=\"list-style-type: circle;margin: 5px\">Power.<\/li>\n<li style=\"list-style-type: circle;margin: 5px\">Impedance.<\/li>\n<li style=\"list-style-type: circle;margin: 5px\">Sensitivity.<\/li>\n<li style=\"list-style-type: circle;margin: 5px\">Maximum SPL.<\/li>\n<li style=\"list-style-type: circle;margin: 5px\">Componentes.<\/li>\n<li style=\"list-style-type: circle;margin: 5px\">Conexiones.<\/li>\n<li style=\"list-style-type: circle;margin: 5px\">Construcci\u00f3n del gabinete.<\/li>\n<li style=\"list-style-type: circle;margin: 5px\">Dimensions.<\/li>\n<li style=\"list-style-type: circle;margin: 5px\">Weight.<\/li>\n<\/ul>\n<div>\n<div style=\"font-weight: bold\">Kind.<\/div>\n<div>\n<p>Bafle de bajo de 2&#215;8&#8243;.<\/p>\n<\/div>\n<div style=\"font-weight: bold\">Rango de frecuencia.<\/div>\n<div>\n<p>70 Hz &#8211; 4 kHz (\u00b13 dB). 50 Hz &#8211; 6 kHz (-10 dB).<\/p>\n<\/div>\n<div style=\"font-weight: bold\">Power.<\/div>\n<div>\n<p>Continua: 200W. Pico. 800W.<\/p>\n<\/div>\n<div style=\"font-weight: bold\">Impedance.<\/div>\n<div>\n<p>8 ohms.<\/p>\n<\/div>\n<div style=\"font-weight: bold\">Sensitivity.<\/div>\n<div>\n<p>93 dB (1W@1m).<\/p>\n<\/div>\n<div style=\"font-weight: bold\">Maximum SPL.<\/div>\n<div>\n<p>Continuo: 116 dB. Pico. 122 dB.<\/p>\n<\/div>\n<div style=\"font-weight: bold\">Componentes.<\/div>\n<div>\n<p>2 drivers Turbosound de 8&#8243; pulgadas.<\/p>\n<\/div>\n<div style=\"font-weight: bold\">Conexiones.<\/div>\n<div>\n<p>Entradas: 2x \u00bc&#8221; TS.<\/p>\n<\/div>\n<div style=\"font-weight: bold\">Construcci\u00f3n del gabinete.<\/div>\n<div>\n<p>Madera contrachapada de 15&#8243; pulgadas con puerto frontal.<\/p>\n<\/div>\n<div style=\"font-weight: bold\">Dimensions.<\/div>\n<div>\n<p>545 x 262 x 316 mm.<\/p>\n<\/div>\n<div style=\"font-weight: bold\">Weight.<\/div>\n<div>\n<p>10.4 kg.<\/p>\n<\/div>\n<\/div>\n<\/div>","protected":false},"excerpt":{"rendered":"<p>Bafle para bajo, ideal para uso en escenarios y estudios de grabaci\u00f3n, 2 drivers Turbosound personalizados de 8\u201d pulgadas de gran sonido para tonos graves profundos, potencia de 200 watts, dise\u00f1o compacto y liviano, apilable verticalmente con otros gabinetes para un sonido de frecuencias completas sin concesiones, conexiones link de doble altavoz en conectores premium de 1\/4\u201d con impedancia de 8 ohms, elegante gabinete de madera contrachapada antideslizante, dise\u00f1ado para uso rudo en giras, rejilla resistente de metal, dimensiones: 545 x 262 x 316 mm, peso: 10.4 kg.&hellip; <a class=\"kt-excerpt-readmore more-link\" href=\"https:\/\/www.mexicanguitarplayers.com\/en\/tienda\/cuerdas\/bafles-cuerdas\/bafles-para-bajo\/bafle-t-c-p-bajo-mod-bc208\/\">Read more<\/a><\/p>","protected":false},"featured_media":37109,"comment_status":"open","ping_status":"closed","template":"","meta":{"kt_blocks_editor_width":""},"pwb-brand":[170],"product_brand":[],"product_cat":[222,251,224],"product_tag":[],"class_list":{"0":"post-37114","1":"product","2":"type-product","3":"status-publish","4":"has-post-thumbnail","6":"pwb-brand-tc-electronic","7":"product_cat-bafles","8":"product_cat-bafles-para-bajo","9":"product_cat-cuerdas","10":"product_shipping_class-10-15-kg","12":"first","13":"outofstock","14":"taxable","15":"shipping-taxable","16":"purchasable","17":"product-type-simple"},"yoast_head":"<!-- This site is optimized with the Yoast SEO plugin v27.5 - https:\/\/yoast.com\/product\/yoast-seo-wordpress\/ -->\n<title>BAFLE T.C. P\/BAJO MOD. BC208 - Mexican Guitar Players<\/title>\n<meta name=\"description\" content=\"Bafle para bajo, ideal para uso en escenarios y estudios de grabaci\u00f3n, 2 drivers Turbosound personalizados de 8\u201d pulgadas de gran sonido para tonos graves profundos, potencia de 200 watts, dise\u00f1o compacto y liviano, apilable verticalmente con otros gabinetes para un sonido de frecuencias completas sin concesiones, conexiones link de doble altavoz en conectores premium de 1\/4\u201d con impedancia de 8 ohms, elegante gabinete de madera contrachapada antideslizante, dise\u00f1ado para uso rudo en giras, rejilla resistente de metal, dimensiones: 545 x 262 x 316 mm, peso: 10.4 kg.\" \/>\n<meta name=\"robots\" content=\"index, follow, max-snippet:-1, max-image-preview:large, max-video-preview:-1\" \/>\n<link rel=\"canonical\" href=\"https:\/\/www.mexicanguitarplayers.com\/en\/tienda\/sin%20categor\u00eda\/bafle-t-c-p-bajo-mod-bc208\/\" \/>\n<meta property=\"og:locale\" content=\"en_US\" \/>\n<meta property=\"og:type\" content=\"article\" \/>\n<meta property=\"og:title\" content=\"BAFLE T.C. P\/BAJO MOD. BC208 - Mexican Guitar Players\" \/>\n<meta property=\"og:description\" content=\"Bafle para bajo, ideal para uso en escenarios y estudios de grabaci\u00f3n, 2 drivers Turbosound personalizados de 8\u201d pulgadas de gran sonido para tonos graves profundos, potencia de 200 watts, dise\u00f1o compacto y liviano, apilable verticalmente con otros gabinetes para un sonido de frecuencias completas sin concesiones, conexiones link de doble altavoz en conectores premium de 1\/4\u201d con impedancia de 8 ohms, elegante gabinete de madera contrachapada antideslizante, dise\u00f1ado para uso rudo en giras, rejilla resistente de metal, dimensiones: 545 x 262 x 316 mm, peso: 10.4 kg.\" \/>\n<meta property=\"og:url\" content=\"https:\/\/www.mexicanguitarplayers.com\/en\/tienda\/sin categor\u00eda\/bafle-t-c-p-bajo-mod-bc208\/\" \/>\n<meta property=\"og:site_name\" content=\"Mexican Guitar Players\" \/>\n<meta property=\"article:modified_time\" content=\"2026-04-14T10:15:46+00:00\" \/>\n<meta name=\"twitter:card\" content=\"summary_large_image\" \/>\n<meta name=\"twitter:label1\" content=\"Est. reading time\" \/>\n\t<meta name=\"twitter:data1\" content=\"2 minutes\" \/>\n<script type=\"application\/ld+json\" class=\"yoast-schema-graph\">{\"@context\":\"https:\\\/\\\/schema.org\",\"@graph\":[{\"@type\":[\"WebPage\",\"ItemPage\"],\"@id\":\"https:\\\/\\\/www.mexicanguitarplayers.com\\\/tienda\\\/sin categor\u00eda\\\/bafle-t-c-p-bajo-mod-bc208\\\/\",\"url\":\"https:\\\/\\\/www.mexicanguitarplayers.com\\\/tienda\\\/sin categor\u00eda\\\/bafle-t-c-p-bajo-mod-bc208\\\/\",\"name\":\"BAFLE T.C. P\\\/BAJO MOD. BC208 - Mexican Guitar Players\",\"isPartOf\":{\"@id\":\"https:\\\/\\\/www.mexicanguitarplayers.com\\\/#website\"},\"primaryImageOfPage\":{\"@id\":\"https:\\\/\\\/www.mexicanguitarplayers.com\\\/tienda\\\/sin categor\u00eda\\\/bafle-t-c-p-bajo-mod-bc208\\\/#primaryimage\"},\"image\":{\"@id\":\"https:\\\/\\\/www.mexicanguitarplayers.com\\\/tienda\\\/sin categor\u00eda\\\/bafle-t-c-p-bajo-mod-bc208\\\/#primaryimage\"},\"thumbnailUrl\":\"https:\\\/\\\/www.mexicanguitarplayers.com\\\/wp-content\\\/uploads\\\/2025\\\/04\\\/ICTCEBC208.jpg\",\"datePublished\":\"2025-04-09T11:35:20+00:00\",\"dateModified\":\"2026-04-14T10:15:46+00:00\",\"description\":\"Bafle para bajo, ideal para uso en escenarios y estudios de grabaci\u00f3n, 2 drivers Turbosound personalizados de 8\u201d pulgadas de gran sonido para tonos graves profundos, potencia de 200 watts, dise\u00f1o compacto y liviano, apilable verticalmente con otros gabinetes para un sonido de frecuencias completas sin concesiones, conexiones link de doble altavoz en conectores premium de 1\\\/4\u201d con impedancia de 8 ohms, elegante gabinete de madera contrachapada antideslizante, dise\u00f1ado para uso rudo en giras, rejilla resistente de metal, dimensiones: 545 x 262 x 316 mm, peso: 10.4 kg.\",\"breadcrumb\":{\"@id\":\"https:\\\/\\\/www.mexicanguitarplayers.com\\\/tienda\\\/sin categor\u00eda\\\/bafle-t-c-p-bajo-mod-bc208\\\/#breadcrumb\"},\"inLanguage\":\"en-US\",\"potentialAction\":[{\"@type\":\"ReadAction\",\"target\":[\"https:\\\/\\\/www.mexicanguitarplayers.com\\\/tienda\\\/sin categor\u00eda\\\/bafle-t-c-p-bajo-mod-bc208\\\/\"]}]},{\"@type\":\"ImageObject\",\"inLanguage\":\"en-US\",\"@id\":\"https:\\\/\\\/www.mexicanguitarplayers.com\\\/tienda\\\/sin categor\u00eda\\\/bafle-t-c-p-bajo-mod-bc208\\\/#primaryimage\",\"url\":\"https:\\\/\\\/www.mexicanguitarplayers.com\\\/wp-content\\\/uploads\\\/2025\\\/04\\\/ICTCEBC208.jpg\",\"contentUrl\":\"https:\\\/\\\/www.mexicanguitarplayers.com\\\/wp-content\\\/uploads\\\/2025\\\/04\\\/ICTCEBC208.jpg\",\"width\":1200,\"height\":1200},{\"@type\":\"BreadcrumbList\",\"@id\":\"https:\\\/\\\/www.mexicanguitarplayers.com\\\/tienda\\\/sin categor\u00eda\\\/bafle-t-c-p-bajo-mod-bc208\\\/#breadcrumb\",\"itemListElement\":[{\"@type\":\"ListItem\",\"position\":1,\"name\":\"Portada\",\"item\":\"https:\\\/\\\/www.mexicanguitarplayers.com\\\/\"},{\"@type\":\"ListItem\",\"position\":2,\"name\":\"Tienda\",\"item\":\"https:\\\/\\\/www.mexicanguitarplayers.com\\\/tienda\\\/\"},{\"@type\":\"ListItem\",\"position\":3,\"name\":\"BAFLE T.C. P\\\/BAJO MOD. BC208\"}]},{\"@type\":\"WebSite\",\"@id\":\"https:\\\/\\\/www.mexicanguitarplayers.com\\\/#website\",\"url\":\"https:\\\/\\\/www.mexicanguitarplayers.com\\\/\",\"name\":\"Mexican Guitar Players\",\"description\":\"Website\",\"publisher\":{\"@id\":\"https:\\\/\\\/www.mexicanguitarplayers.com\\\/#organization\"},\"potentialAction\":[{\"@type\":\"SearchAction\",\"target\":{\"@type\":\"EntryPoint\",\"urlTemplate\":\"https:\\\/\\\/www.mexicanguitarplayers.com\\\/?s={search_term_string}\"},\"query-input\":{\"@type\":\"PropertyValueSpecification\",\"valueRequired\":true,\"valueName\":\"search_term_string\"}}],\"inLanguage\":\"en-US\"},{\"@type\":\"Organization\",\"@id\":\"https:\\\/\\\/www.mexicanguitarplayers.com\\\/#organization\",\"name\":\"Mexican Guitar Players\",\"url\":\"https:\\\/\\\/www.mexicanguitarplayers.com\\\/\",\"logo\":{\"@type\":\"ImageObject\",\"inLanguage\":\"en-US\",\"@id\":\"https:\\\/\\\/www.mexicanguitarplayers.com\\\/#\\\/schema\\\/logo\\\/image\\\/\",\"url\":\"\",\"contentUrl\":\"\",\"caption\":\"Mexican Guitar Players\"},\"image\":{\"@id\":\"https:\\\/\\\/www.mexicanguitarplayers.com\\\/#\\\/schema\\\/logo\\\/image\\\/\"}}]}<\/script>\n<!-- \/ Yoast SEO plugin. -->","yoast_head_json":{"title":"BAFLE T.C. P\/BAJO MOD. BC208 - Mexican Guitar Players","description":"Bafle para bajo, ideal para uso en escenarios y estudios de grabaci\u00f3n, 2 drivers Turbosound personalizados de 8\u201d pulgadas de gran sonido para tonos graves profundos, potencia de 200 watts, dise\u00f1o compacto y liviano, apilable verticalmente con otros gabinetes para un sonido de frecuencias completas sin concesiones, conexiones link de doble altavoz en conectores premium de 1\/4\u201d con impedancia de 8 ohms, elegante gabinete de madera contrachapada antideslizante, dise\u00f1ado para uso rudo en giras, rejilla resistente de metal, dimensiones: 545 x 262 x 316 mm, peso: 10.4 kg.","robots":{"index":"index","follow":"follow","max-snippet":"max-snippet:-1","max-image-preview":"max-image-preview:large","max-video-preview":"max-video-preview:-1"},"canonical":"https:\/\/www.mexicanguitarplayers.com\/en\/tienda\/sin categor\u00eda\/bafle-t-c-p-bajo-mod-bc208\/","og_locale":"en_US","og_type":"article","og_title":"BAFLE T.C. P\/BAJO MOD. BC208 - Mexican Guitar Players","og_description":"Bafle para bajo, ideal para uso en escenarios y estudios de grabaci\u00f3n, 2 drivers Turbosound personalizados de 8\u201d pulgadas de gran sonido para tonos graves profundos, potencia de 200 watts, dise\u00f1o compacto y liviano, apilable verticalmente con otros gabinetes para un sonido de frecuencias completas sin concesiones, conexiones link de doble altavoz en conectores premium de 1\/4\u201d con impedancia de 8 ohms, elegante gabinete de madera contrachapada antideslizante, dise\u00f1ado para uso rudo en giras, rejilla resistente de metal, dimensiones: 545 x 262 x 316 mm, peso: 10.4 kg.","og_url":"https:\/\/www.mexicanguitarplayers.com\/en\/tienda\/sin categor\u00eda\/bafle-t-c-p-bajo-mod-bc208\/","og_site_name":"Mexican Guitar Players","article_modified_time":"2026-04-14T10:15:46+00:00","twitter_card":"summary_large_image","twitter_misc":{"Est. reading time":"2 minutes"},"schema":{"@context":"https:\/\/schema.org","@graph":[{"@type":["WebPage","ItemPage"],"@id":"https:\/\/www.mexicanguitarplayers.com\/tienda\/sin categor\u00eda\/bafle-t-c-p-bajo-mod-bc208\/","url":"https:\/\/www.mexicanguitarplayers.com\/tienda\/sin categor\u00eda\/bafle-t-c-p-bajo-mod-bc208\/","name":"BAFLE T.C. P\/BAJO MOD. BC208 - Mexican Guitar Players","isPartOf":{"@id":"https:\/\/www.mexicanguitarplayers.com\/#website"},"primaryImageOfPage":{"@id":"https:\/\/www.mexicanguitarplayers.com\/tienda\/sin categor\u00eda\/bafle-t-c-p-bajo-mod-bc208\/#primaryimage"},"image":{"@id":"https:\/\/www.mexicanguitarplayers.com\/tienda\/sin categor\u00eda\/bafle-t-c-p-bajo-mod-bc208\/#primaryimage"},"thumbnailUrl":"https:\/\/www.mexicanguitarplayers.com\/wp-content\/uploads\/2025\/04\/ICTCEBC208.jpg","datePublished":"2025-04-09T11:35:20+00:00","dateModified":"2026-04-14T10:15:46+00:00","description":"Bafle para bajo, ideal para uso en escenarios y estudios de grabaci\u00f3n, 2 drivers Turbosound personalizados de 8\u201d pulgadas de gran sonido para tonos graves profundos, potencia de 200 watts, dise\u00f1o compacto y liviano, apilable verticalmente con otros gabinetes para un sonido de frecuencias completas sin concesiones, conexiones link de doble altavoz en conectores premium de 1\/4\u201d con impedancia de 8 ohms, elegante gabinete de madera contrachapada antideslizante, dise\u00f1ado para uso rudo en giras, rejilla resistente de metal, dimensiones: 545 x 262 x 316 mm, peso: 10.4 kg.","breadcrumb":{"@id":"https:\/\/www.mexicanguitarplayers.com\/tienda\/sin categor\u00eda\/bafle-t-c-p-bajo-mod-bc208\/#breadcrumb"},"inLanguage":"en-US","potentialAction":[{"@type":"ReadAction","target":["https:\/\/www.mexicanguitarplayers.com\/tienda\/sin categor\u00eda\/bafle-t-c-p-bajo-mod-bc208\/"]}]},{"@type":"ImageObject","inLanguage":"en-US","@id":"https:\/\/www.mexicanguitarplayers.com\/tienda\/sin categor\u00eda\/bafle-t-c-p-bajo-mod-bc208\/#primaryimage","url":"https:\/\/www.mexicanguitarplayers.com\/wp-content\/uploads\/2025\/04\/ICTCEBC208.jpg","contentUrl":"https:\/\/www.mexicanguitarplayers.com\/wp-content\/uploads\/2025\/04\/ICTCEBC208.jpg","width":1200,"height":1200},{"@type":"BreadcrumbList","@id":"https:\/\/www.mexicanguitarplayers.com\/tienda\/sin categor\u00eda\/bafle-t-c-p-bajo-mod-bc208\/#breadcrumb","itemListElement":[{"@type":"ListItem","position":1,"name":"Portada","item":"https:\/\/www.mexicanguitarplayers.com\/"},{"@type":"ListItem","position":2,"name":"Tienda","item":"https:\/\/www.mexicanguitarplayers.com\/tienda\/"},{"@type":"ListItem","position":3,"name":"BAFLE T.C. P\/BAJO MOD. BC208"}]},{"@type":"WebSite","@id":"https:\/\/www.mexicanguitarplayers.com\/#website","url":"https:\/\/www.mexicanguitarplayers.com\/","name":"Mexican Guitar Players","description":"Website","publisher":{"@id":"https:\/\/www.mexicanguitarplayers.com\/#organization"},"potentialAction":[{"@type":"SearchAction","target":{"@type":"EntryPoint","urlTemplate":"https:\/\/www.mexicanguitarplayers.com\/?s={search_term_string}"},"query-input":{"@type":"PropertyValueSpecification","valueRequired":true,"valueName":"search_term_string"}}],"inLanguage":"en-US"},{"@type":"Organization","@id":"https:\/\/www.mexicanguitarplayers.com\/#organization","name":"Mexican Guitar Players","url":"https:\/\/www.mexicanguitarplayers.com\/","logo":{"@type":"ImageObject","inLanguage":"en-US","@id":"https:\/\/www.mexicanguitarplayers.com\/#\/schema\/logo\/image\/","url":"","contentUrl":"","caption":"Mexican Guitar Players"},"image":{"@id":"https:\/\/www.mexicanguitarplayers.com\/#\/schema\/logo\/image\/"}}]}},"brands":[{"id":170,"name":"TC-ELECTRONIC","slug":"tc-electronic"}],"_links":{"self":[{"href":"https:\/\/www.mexicanguitarplayers.com\/en\/wp-json\/wp\/v2\/product\/37114","targetHints":{"allow":["GET"]}}],"collection":[{"href":"https:\/\/www.mexicanguitarplayers.com\/en\/wp-json\/wp\/v2\/product"}],"about":[{"href":"https:\/\/www.mexicanguitarplayers.com\/en\/wp-json\/wp\/v2\/types\/product"}],"replies":[{"embeddable":true,"href":"https:\/\/www.mexicanguitarplayers.com\/en\/wp-json\/wp\/v2\/comments?post=37114"}],"wp:featuredmedia":[{"embeddable":true,"href":"https:\/\/www.mexicanguitarplayers.com\/en\/wp-json\/wp\/v2\/media\/37109"}],"wp:attachment":[{"href":"https:\/\/www.mexicanguitarplayers.com\/en\/wp-json\/wp\/v2\/media?parent=37114"}],"wp:term":[{"taxonomy":"pwb-brand","embeddable":true,"href":"https:\/\/www.mexicanguitarplayers.com\/en\/wp-json\/wp\/v2\/pwb-brand?post=37114"},{"taxonomy":"product_brand","embeddable":true,"href":"https:\/\/www.mexicanguitarplayers.com\/en\/wp-json\/wp\/v2\/product_brand?post=37114"},{"taxonomy":"product_cat","embeddable":true,"href":"https:\/\/www.mexicanguitarplayers.com\/en\/wp-json\/wp\/v2\/product_cat?post=37114"},{"taxonomy":"product_tag","embeddable":true,"href":"https:\/\/www.mexicanguitarplayers.com\/en\/wp-json\/wp\/v2\/product_tag?post=37114"}],"curies":[{"name":"wp","href":"https:\/\/api.w.org\/{rel}","templated":true}]}}