{"id":37138,"date":"2025-04-09T05:35:49","date_gmt":"2025-04-09T11:35:49","guid":{"rendered":"https:\/\/www.mexicanguitarplayers.com\/tienda\/sin categor\u00eda\/parche-evans-24-mod-bd24gb4uv\/"},"modified":"2026-04-10T04:25:09","modified_gmt":"2026-04-10T10:25:09","slug":"parche-evans-24-mod-bd24gb4uv","status":"publish","type":"product","link":"https:\/\/www.mexicanguitarplayers.com\/en\/tienda\/accesorios\/para-bateria\/parches\/para-bombo\/parche-evans-24-mod-bd24gb4uv\/","title":{"rendered":"PARCHE EVANS 24      MOD. BD24GB4UV"},"content":{"rendered":"<div style=\"text-align: justify\">\n<div>\n<h3>Tecnolog\u00eda Ultra Violeta.<\/h3>\n<\/div>\n<div>Por m\u00e1s de 60 a\u00f1os, Evans ha sido innovador en la fabricaci\u00f3n y dise\u00f1o de parches. Como creador del primer parche sint\u00e9tico y otros revolucionarios productos como los EMAD, los parches Hydraulic y la serie UV1, los parches Evans est\u00e1n dise\u00f1ados con la intenci\u00f3n de resolver los problemas de los bateristas. Considerados por su alta calidad y consistencia, todos los parches Evans est\u00e1n fabricados en USA y cuentan con la tecnolog\u00eda Level 360. El parche UV EQ4 Bass cuenta con el mismo recubrimiento patentado de UV-curado y una sola y durable capa de 10 mil\u00e9simas de pulgada de la serie UV1 pero con la adici\u00f3n de un anillo de control de sobretono interno fijo para reducir el sustain y enfocar la respuesta tonal del tambor.<\/div>\n<div>\n<h4>Characteristics<\/h4>\n<\/div>\n<div>\n<ul style=\"margin: 0px 0px 0px 25px\">\n<li style=\"list-style-type: circle;margin: 5px\">Parche de golpe para bombo.<\/li>\n<li style=\"list-style-type: circle;margin: 5px\">Di\u00e1metro: 24&#8243; pulgadas.<\/li>\n<li style=\"list-style-type: circle;margin: 5px\">Una capa de pel\u00edcula de 10 mil\u00e9simas de pulgada.<\/li>\n<li style=\"list-style-type: circle;margin: 5px\">Serie UV1 con anillo de control interno fijo.<\/li>\n<li style=\"list-style-type: circle;margin: 5px\">Reduce sustain y enfoca la respuesta tonal en el tambor.<\/li>\n<li style=\"list-style-type: circle;margin: 5px\">Durabilidad y consistencia sin igual.<\/li>\n<li style=\"list-style-type: circle;margin: 5px\">Extremadamente vers\u00e1til para una gran variedad de aplicaciones musicales.<\/li>\n<li style=\"list-style-type: circle;margin: 5px\">Dise\u00f1ado y fabricado en USA.<\/li>\n<\/ul>\n<\/div>\n<\/div>","protected":false},"excerpt":{"rendered":"<p>Parche de golpe para bombo de 24\u201d pulgadas, una capa de pel\u00edcula de 10 mil\u00e9simas de pulgada de la serie UV1 con un anillo de control interno fijo para reducir el sustain y enfocar la respuesta tonal en el tambor, durabilidad y consistencia sin igual, extremadamente vers\u00e1til para una gran variedad de aplicaciones musicales, dise\u00f1ado y fabricado en USA.&hellip; <a class=\"kt-excerpt-readmore more-link\" href=\"https:\/\/www.mexicanguitarplayers.com\/en\/tienda\/accesorios\/para-bateria\/parches\/para-bombo\/parche-evans-24-mod-bd24gb4uv\/\">Read more<\/a><\/p>","protected":false},"featured_media":37137,"comment_status":"open","ping_status":"closed","template":"","meta":{"kt_blocks_editor_width":""},"pwb-brand":[366],"product_brand":[],"product_cat":[85,306,369,363],"product_tag":[],"class_list":{"0":"post-37138","1":"product","2":"type-product","3":"status-publish","4":"has-post-thumbnail","6":"pwb-brand-evans","7":"product_cat-accesorios","8":"product_cat-para-bateria","9":"product_cat-para-bombo","10":"product_cat-parches","11":"product_shipping_class-0-5-kg","13":"first","14":"outofstock","15":"taxable","16":"shipping-taxable","17":"purchasable","18":"product-type-simple"},"yoast_head":"<!-- This site is optimized with the Yoast SEO plugin v27.6 - https:\/\/yoast.com\/product\/yoast-seo-wordpress\/ -->\n<title>PARCHE EVANS 24   MOD. BD24GB4UV - Mexican Guitar Players<\/title>\n<meta name=\"description\" content=\"Parche de golpe para bombo de 24\u201d pulgadas, una capa de pel\u00edcula de 10 mil\u00e9simas de pulgada de la serie UV1 con un anillo de control interno fijo para reducir el sustain y enfocar la respuesta tonal en el tambor, durabilidad y consistencia sin igual, extremadamente vers\u00e1til para una gran variedad de aplicaciones musicales, dise\u00f1ado y fabricado en USA.\" \/>\n<meta name=\"robots\" content=\"index, follow, max-snippet:-1, max-image-preview:large, max-video-preview:-1\" \/>\n<link rel=\"canonical\" href=\"https:\/\/www.mexicanguitarplayers.com\/en\/tienda\/sin%20categor\u00eda\/parche-evans-24-mod-bd24gb4uv\/\" \/>\n<meta property=\"og:locale\" content=\"en_US\" \/>\n<meta property=\"og:type\" content=\"article\" \/>\n<meta property=\"og:title\" content=\"PARCHE EVANS 24   MOD. BD24GB4UV - Mexican Guitar Players\" \/>\n<meta property=\"og:description\" content=\"Parche de golpe para bombo de 24\u201d pulgadas, una capa de pel\u00edcula de 10 mil\u00e9simas de pulgada de la serie UV1 con un anillo de control interno fijo para reducir el sustain y enfocar la respuesta tonal en el tambor, durabilidad y consistencia sin igual, extremadamente vers\u00e1til para una gran variedad de aplicaciones musicales, dise\u00f1ado y fabricado en USA.\" \/>\n<meta property=\"og:url\" content=\"https:\/\/www.mexicanguitarplayers.com\/en\/tienda\/sin categor\u00eda\/parche-evans-24-mod-bd24gb4uv\/\" \/>\n<meta property=\"og:site_name\" content=\"Mexican Guitar Players\" \/>\n<meta property=\"article:modified_time\" content=\"2026-04-10T10:25:09+00:00\" \/>\n<meta name=\"twitter:card\" content=\"summary_large_image\" \/>\n<meta name=\"twitter:label1\" content=\"Est. reading time\" \/>\n\t<meta name=\"twitter:data1\" content=\"1 minute\" \/>\n<script type=\"application\/ld+json\" class=\"yoast-schema-graph\">{\"@context\":\"https:\\\/\\\/schema.org\",\"@graph\":[{\"@type\":[\"WebPage\",\"ItemPage\"],\"@id\":\"https:\\\/\\\/www.mexicanguitarplayers.com\\\/tienda\\\/sin categor\u00eda\\\/parche-evans-24-mod-bd24gb4uv\\\/\",\"url\":\"https:\\\/\\\/www.mexicanguitarplayers.com\\\/tienda\\\/sin categor\u00eda\\\/parche-evans-24-mod-bd24gb4uv\\\/\",\"name\":\"PARCHE EVANS 24 MOD. BD24GB4UV - Mexican Guitar Players\",\"isPartOf\":{\"@id\":\"https:\\\/\\\/www.mexicanguitarplayers.com\\\/#website\"},\"primaryImageOfPage\":{\"@id\":\"https:\\\/\\\/www.mexicanguitarplayers.com\\\/tienda\\\/sin categor\u00eda\\\/parche-evans-24-mod-bd24gb4uv\\\/#primaryimage\"},\"image\":{\"@id\":\"https:\\\/\\\/www.mexicanguitarplayers.com\\\/tienda\\\/sin categor\u00eda\\\/parche-evans-24-mod-bd24gb4uv\\\/#primaryimage\"},\"thumbnailUrl\":\"https:\\\/\\\/www.mexicanguitarplayers.com\\\/wp-content\\\/uploads\\\/2025\\\/04\\\/RAEVABD24GB4UV.jpg\",\"datePublished\":\"2025-04-09T11:35:49+00:00\",\"dateModified\":\"2026-04-10T10:25:09+00:00\",\"description\":\"Parche de golpe para bombo de 24\u201d pulgadas, una capa de pel\u00edcula de 10 mil\u00e9simas de pulgada de la serie UV1 con un anillo de control interno fijo para reducir el sustain y enfocar la respuesta tonal en el tambor, durabilidad y consistencia sin igual, extremadamente vers\u00e1til para una gran variedad de aplicaciones musicales, dise\u00f1ado y fabricado en USA.\",\"breadcrumb\":{\"@id\":\"https:\\\/\\\/www.mexicanguitarplayers.com\\\/tienda\\\/sin categor\u00eda\\\/parche-evans-24-mod-bd24gb4uv\\\/#breadcrumb\"},\"inLanguage\":\"en-US\",\"potentialAction\":[{\"@type\":\"ReadAction\",\"target\":[\"https:\\\/\\\/www.mexicanguitarplayers.com\\\/tienda\\\/sin categor\u00eda\\\/parche-evans-24-mod-bd24gb4uv\\\/\"]}]},{\"@type\":\"ImageObject\",\"inLanguage\":\"en-US\",\"@id\":\"https:\\\/\\\/www.mexicanguitarplayers.com\\\/tienda\\\/sin categor\u00eda\\\/parche-evans-24-mod-bd24gb4uv\\\/#primaryimage\",\"url\":\"https:\\\/\\\/www.mexicanguitarplayers.com\\\/wp-content\\\/uploads\\\/2025\\\/04\\\/RAEVABD24GB4UV.jpg\",\"contentUrl\":\"https:\\\/\\\/www.mexicanguitarplayers.com\\\/wp-content\\\/uploads\\\/2025\\\/04\\\/RAEVABD24GB4UV.jpg\",\"width\":1480,\"height\":1480},{\"@type\":\"BreadcrumbList\",\"@id\":\"https:\\\/\\\/www.mexicanguitarplayers.com\\\/tienda\\\/sin categor\u00eda\\\/parche-evans-24-mod-bd24gb4uv\\\/#breadcrumb\",\"itemListElement\":[{\"@type\":\"ListItem\",\"position\":1,\"name\":\"Portada\",\"item\":\"https:\\\/\\\/www.mexicanguitarplayers.com\\\/\"},{\"@type\":\"ListItem\",\"position\":2,\"name\":\"Tienda\",\"item\":\"https:\\\/\\\/www.mexicanguitarplayers.com\\\/tienda\\\/\"},{\"@type\":\"ListItem\",\"position\":3,\"name\":\"PARCHE EVANS 24 MOD. BD24GB4UV\"}]},{\"@type\":\"WebSite\",\"@id\":\"https:\\\/\\\/www.mexicanguitarplayers.com\\\/#website\",\"url\":\"https:\\\/\\\/www.mexicanguitarplayers.com\\\/\",\"name\":\"Mexican Guitar Players\",\"description\":\"Website\",\"publisher\":{\"@id\":\"https:\\\/\\\/www.mexicanguitarplayers.com\\\/#organization\"},\"potentialAction\":[{\"@type\":\"SearchAction\",\"target\":{\"@type\":\"EntryPoint\",\"urlTemplate\":\"https:\\\/\\\/www.mexicanguitarplayers.com\\\/?s={search_term_string}\"},\"query-input\":{\"@type\":\"PropertyValueSpecification\",\"valueRequired\":true,\"valueName\":\"search_term_string\"}}],\"inLanguage\":\"en-US\"},{\"@type\":\"Organization\",\"@id\":\"https:\\\/\\\/www.mexicanguitarplayers.com\\\/#organization\",\"name\":\"Mexican Guitar Players\",\"url\":\"https:\\\/\\\/www.mexicanguitarplayers.com\\\/\",\"logo\":{\"@type\":\"ImageObject\",\"inLanguage\":\"en-US\",\"@id\":\"https:\\\/\\\/www.mexicanguitarplayers.com\\\/#\\\/schema\\\/logo\\\/image\\\/\",\"url\":\"\",\"contentUrl\":\"\",\"caption\":\"Mexican Guitar Players\"},\"image\":{\"@id\":\"https:\\\/\\\/www.mexicanguitarplayers.com\\\/#\\\/schema\\\/logo\\\/image\\\/\"}}]}<\/script>\n<!-- \/ Yoast SEO plugin. -->","yoast_head_json":{"title":"PARCHE EVANS 24   MOD. BD24GB4UV - Mexican Guitar Players","description":"Parche de golpe para bombo de 24\u201d pulgadas, una capa de pel\u00edcula de 10 mil\u00e9simas de pulgada de la serie UV1 con un anillo de control interno fijo para reducir el sustain y enfocar la respuesta tonal en el tambor, durabilidad y consistencia sin igual, extremadamente vers\u00e1til para una gran variedad de aplicaciones musicales, dise\u00f1ado y fabricado en USA.","robots":{"index":"index","follow":"follow","max-snippet":"max-snippet:-1","max-image-preview":"max-image-preview:large","max-video-preview":"max-video-preview:-1"},"canonical":"https:\/\/www.mexicanguitarplayers.com\/en\/tienda\/sin categor\u00eda\/parche-evans-24-mod-bd24gb4uv\/","og_locale":"en_US","og_type":"article","og_title":"PARCHE EVANS 24   MOD. BD24GB4UV - Mexican Guitar Players","og_description":"Parche de golpe para bombo de 24\u201d pulgadas, una capa de pel\u00edcula de 10 mil\u00e9simas de pulgada de la serie UV1 con un anillo de control interno fijo para reducir el sustain y enfocar la respuesta tonal en el tambor, durabilidad y consistencia sin igual, extremadamente vers\u00e1til para una gran variedad de aplicaciones musicales, dise\u00f1ado y fabricado en USA.","og_url":"https:\/\/www.mexicanguitarplayers.com\/en\/tienda\/sin categor\u00eda\/parche-evans-24-mod-bd24gb4uv\/","og_site_name":"Mexican Guitar Players","article_modified_time":"2026-04-10T10:25:09+00:00","twitter_card":"summary_large_image","twitter_misc":{"Est. reading time":"1 minute"},"schema":{"@context":"https:\/\/schema.org","@graph":[{"@type":["WebPage","ItemPage"],"@id":"https:\/\/www.mexicanguitarplayers.com\/tienda\/sin categor\u00eda\/parche-evans-24-mod-bd24gb4uv\/","url":"https:\/\/www.mexicanguitarplayers.com\/tienda\/sin categor\u00eda\/parche-evans-24-mod-bd24gb4uv\/","name":"PARCHE EVANS 24 MOD. BD24GB4UV - Mexican Guitar Players","isPartOf":{"@id":"https:\/\/www.mexicanguitarplayers.com\/#website"},"primaryImageOfPage":{"@id":"https:\/\/www.mexicanguitarplayers.com\/tienda\/sin categor\u00eda\/parche-evans-24-mod-bd24gb4uv\/#primaryimage"},"image":{"@id":"https:\/\/www.mexicanguitarplayers.com\/tienda\/sin categor\u00eda\/parche-evans-24-mod-bd24gb4uv\/#primaryimage"},"thumbnailUrl":"https:\/\/www.mexicanguitarplayers.com\/wp-content\/uploads\/2025\/04\/RAEVABD24GB4UV.jpg","datePublished":"2025-04-09T11:35:49+00:00","dateModified":"2026-04-10T10:25:09+00:00","description":"Parche de golpe para bombo de 24\u201d pulgadas, una capa de pel\u00edcula de 10 mil\u00e9simas de pulgada de la serie UV1 con un anillo de control interno fijo para reducir el sustain y enfocar la respuesta tonal en el tambor, durabilidad y consistencia sin igual, extremadamente vers\u00e1til para una gran variedad de aplicaciones musicales, dise\u00f1ado y fabricado en USA.","breadcrumb":{"@id":"https:\/\/www.mexicanguitarplayers.com\/tienda\/sin categor\u00eda\/parche-evans-24-mod-bd24gb4uv\/#breadcrumb"},"inLanguage":"en-US","potentialAction":[{"@type":"ReadAction","target":["https:\/\/www.mexicanguitarplayers.com\/tienda\/sin categor\u00eda\/parche-evans-24-mod-bd24gb4uv\/"]}]},{"@type":"ImageObject","inLanguage":"en-US","@id":"https:\/\/www.mexicanguitarplayers.com\/tienda\/sin categor\u00eda\/parche-evans-24-mod-bd24gb4uv\/#primaryimage","url":"https:\/\/www.mexicanguitarplayers.com\/wp-content\/uploads\/2025\/04\/RAEVABD24GB4UV.jpg","contentUrl":"https:\/\/www.mexicanguitarplayers.com\/wp-content\/uploads\/2025\/04\/RAEVABD24GB4UV.jpg","width":1480,"height":1480},{"@type":"BreadcrumbList","@id":"https:\/\/www.mexicanguitarplayers.com\/tienda\/sin categor\u00eda\/parche-evans-24-mod-bd24gb4uv\/#breadcrumb","itemListElement":[{"@type":"ListItem","position":1,"name":"Portada","item":"https:\/\/www.mexicanguitarplayers.com\/"},{"@type":"ListItem","position":2,"name":"Tienda","item":"https:\/\/www.mexicanguitarplayers.com\/tienda\/"},{"@type":"ListItem","position":3,"name":"PARCHE EVANS 24 MOD. BD24GB4UV"}]},{"@type":"WebSite","@id":"https:\/\/www.mexicanguitarplayers.com\/#website","url":"https:\/\/www.mexicanguitarplayers.com\/","name":"Mexican Guitar Players","description":"Website","publisher":{"@id":"https:\/\/www.mexicanguitarplayers.com\/#organization"},"potentialAction":[{"@type":"SearchAction","target":{"@type":"EntryPoint","urlTemplate":"https:\/\/www.mexicanguitarplayers.com\/?s={search_term_string}"},"query-input":{"@type":"PropertyValueSpecification","valueRequired":true,"valueName":"search_term_string"}}],"inLanguage":"en-US"},{"@type":"Organization","@id":"https:\/\/www.mexicanguitarplayers.com\/#organization","name":"Mexican Guitar Players","url":"https:\/\/www.mexicanguitarplayers.com\/","logo":{"@type":"ImageObject","inLanguage":"en-US","@id":"https:\/\/www.mexicanguitarplayers.com\/#\/schema\/logo\/image\/","url":"","contentUrl":"","caption":"Mexican Guitar Players"},"image":{"@id":"https:\/\/www.mexicanguitarplayers.com\/#\/schema\/logo\/image\/"}}]}},"brands":[{"id":366,"name":"EVANS","slug":"evans"}],"_links":{"self":[{"href":"https:\/\/www.mexicanguitarplayers.com\/en\/wp-json\/wp\/v2\/product\/37138","targetHints":{"allow":["GET"]}}],"collection":[{"href":"https:\/\/www.mexicanguitarplayers.com\/en\/wp-json\/wp\/v2\/product"}],"about":[{"href":"https:\/\/www.mexicanguitarplayers.com\/en\/wp-json\/wp\/v2\/types\/product"}],"replies":[{"embeddable":true,"href":"https:\/\/www.mexicanguitarplayers.com\/en\/wp-json\/wp\/v2\/comments?post=37138"}],"wp:featuredmedia":[{"embeddable":true,"href":"https:\/\/www.mexicanguitarplayers.com\/en\/wp-json\/wp\/v2\/media\/37137"}],"wp:attachment":[{"href":"https:\/\/www.mexicanguitarplayers.com\/en\/wp-json\/wp\/v2\/media?parent=37138"}],"wp:term":[{"taxonomy":"pwb-brand","embeddable":true,"href":"https:\/\/www.mexicanguitarplayers.com\/en\/wp-json\/wp\/v2\/pwb-brand?post=37138"},{"taxonomy":"product_brand","embeddable":true,"href":"https:\/\/www.mexicanguitarplayers.com\/en\/wp-json\/wp\/v2\/product_brand?post=37138"},{"taxonomy":"product_cat","embeddable":true,"href":"https:\/\/www.mexicanguitarplayers.com\/en\/wp-json\/wp\/v2\/product_cat?post=37138"},{"taxonomy":"product_tag","embeddable":true,"href":"https:\/\/www.mexicanguitarplayers.com\/en\/wp-json\/wp\/v2\/product_tag?post=37138"}],"curies":[{"name":"wp","href":"https:\/\/api.w.org\/{rel}","templated":true}]}}