{"id":37146,"date":"2025-04-09T05:36:00","date_gmt":"2025-04-09T11:36:00","guid":{"rendered":"https:\/\/www.mexicanguitarplayers.com\/tienda\/sin categor\u00eda\/amplificador-blackstar-mod-dept-10-amped-1\/"},"modified":"2026-05-01T07:19:48","modified_gmt":"2026-05-01T13:19:48","slug":"amplificador-blackstar-mod-dept-10-amped-1","status":"publish","type":"product","link":"https:\/\/www.mexicanguitarplayers.com\/en\/tienda\/cuerdas\/amplificadores-cuerdas\/amps-para-guitarra\/amplificador-blackstar-mod-dept-10-amped-1\/","title":{"rendered":"AMPLIFICADOR BLACKSTAR MOD. DEPT. 10 AMPED 1"},"content":{"rendered":"<div style=\"text-align: justify\">\n<div>\n<h3>Amplificador de 100 watts en un pedal compacto.<\/h3>\n<\/div>\n<div>El Dept. 10 AMPED es un amplificador profesional de guitarra de 100 watts en un formato de pedal compacto. Convierte cualquier pedalera, modelador o multiefectos en un amplificador listo para el show y garantiza que puedas llevar sonido a cualquier parte. El dise\u00f1o exclusivo de alto headroom del amplificador de potencia no compromete la salida, incluso a 16 ohms. Obt\u00e9n la m\u00e1xima potencia y un tono \u00f3ptimo con cualquier configuraci\u00f3n de gabinete a 8 o 16 ohms. El control de respuesta patentado de Blackstar ofrece respuesta de potencia de bulbo y din\u00e1micas de amplificador de guitarra claramente diferentes y aut\u00e9nticas.<\/div>\n<div>\n<h4>Quick look<\/h4>\n<\/div>\n<ul style=\"margin: 0px 0px 0px 25px\">\n<li style=\"list-style-type: circle;margin: 5px\">Power.<\/li>\n<li style=\"list-style-type: circle;margin: 5px\">Kind.<\/li>\n<li style=\"list-style-type: circle;margin: 5px\">Voces.<\/li>\n<li style=\"list-style-type: circle;margin: 5px\">Equalizer<\/li>\n<li style=\"list-style-type: circle;margin: 5px\">Reducci\u00f3n de potencia.<\/li>\n<li style=\"list-style-type: circle;margin: 5px\">Respuesta.<\/li>\n<li style=\"list-style-type: circle;margin: 5px\">Reverb.<\/li>\n<li style=\"list-style-type: circle;margin: 5px\">Reverb Freeze.<\/li>\n<li style=\"list-style-type: circle;margin: 5px\">Audio USB.<\/li>\n<li style=\"list-style-type: circle;margin: 5px\">Salida XLR Cab Rig.<\/li>\n<li style=\"list-style-type: circle;margin: 5px\">FX loop.<\/li>\n<li style=\"list-style-type: circle;margin: 5px\">Preajuste footswitchable.<\/li>\n<li style=\"list-style-type: circle;margin: 5px\">Control MIDI.<\/li>\n<li style=\"list-style-type: circle;margin: 5px\">Salidas de altavoz.<\/li>\n<li style=\"list-style-type: circle;margin: 5px\">Salidas 9V DC.<\/li>\n<li style=\"list-style-type: circle;margin: 5px\">Voltaje.<\/li>\n<li style=\"list-style-type: circle;margin: 5px\">Weight.<\/li>\n<li style=\"list-style-type: circle;margin: 5px\">Dimensions.<\/li>\n<\/ul>\n<div>\n<div style=\"font-weight: bold\">Power.<\/div>\n<div>\n<p>100 watts.<\/p>\n<\/div>\n<div style=\"font-weight: bold\">Kind.<\/div>\n<div>\n<p>Amplificador digital de potencia con Clase D.<\/p>\n<\/div>\n<div style=\"font-weight: bold\">Voces.<\/div>\n<div>\n<p>USA, UK, Flat.<\/p>\n<\/div>\n<div style=\"font-weight: bold\">Equalizer<\/div>\n<div>\n<p>Bass, Middle, Treble.<\/p>\n<\/div>\n<div style=\"font-weight: bold\">Reducci\u00f3n de potencia.<\/div>\n<div>\n<p>100W, 20W, 1W.<\/p>\n<\/div>\n<div style=\"font-weight: bold\">Respuesta.<\/div>\n<div>\n<p>KT88, 6L6, EL34, 6V6, EL84, Linear.<\/p>\n<\/div>\n<div style=\"font-weight: bold\">Reverb.<\/div>\n<div>\n<p>S\u00ed (m\u00e1s configuraciones a trav\u00e9s de Architect).<\/p>\n<\/div>\n<div style=\"font-weight: bold\">Reverb Freeze.<\/div>\n<div>\n<p>Yes.<\/p>\n<\/div>\n<div style=\"font-weight: bold\">Audio USB.<\/div>\n<div>\n<p>S\u00ed (4 canales).<\/p>\n<\/div>\n<div style=\"font-weight: bold\">Salida XLR Cab Rig.<\/div>\n<div>\n<p>Yes.<\/p>\n<\/div>\n<div style=\"font-weight: bold\">FX loop.<\/div>\n<div>\n<p>S\u00ed (serie o paralelo seleccionable en Architect).<\/p>\n<\/div>\n<div style=\"font-weight: bold\">Preajuste footswitchable.<\/div>\n<div>\n<p>Yes.<\/p>\n<\/div>\n<div style=\"font-weight: bold\">Control MIDI.<\/div>\n<div>\n<p>Yes.<\/p>\n<\/div>\n<div style=\"font-weight: bold\">Salidas de altavoz.<\/div>\n<div>\n<p>8 ohms, 16 ohms.<\/p>\n<\/div>\n<div style=\"font-weight: bold\">Salidas 9V DC.<\/div>\n<div>\n<p>2 (corriente m\u00e1xima combinada 500 mA).<\/p>\n<\/div>\n<div style=\"font-weight: bold\">Voltaje.<\/div>\n<div>\n<p>100V a 240V ~ 50\/60Hz.<\/p>\n<\/div>\n<div style=\"font-weight: bold\">Weight.<\/div>\n<div>\n<p>1.28 kg.<\/p>\n<\/div>\n<div style=\"font-weight: bold\">Dimensions.<\/div>\n<div>\n<p>200 x 81 x 149 mm.<\/p>\n<\/div>\n<\/div>\n<\/div>","protected":false},"excerpt":{"rendered":"<p>Amplificador de guitarra en formato de pedal con boost, simulador de altavoz y salidas directas, ajusta tus simulaciones de gabinete, micr\u00f3fono y sala con nuestra tecnolog\u00eda Cab Rig y salida a trav\u00e9s de XLR o \u00b4jack est\u00e9reo, tambi\u00e9n puedes conectarte a trav\u00e9s de USB para grabar sin esfuerzo en tu DAW sin necesidad de una interfaz, 100 watts de potencia, 5 simulaciones de bulbos de potencia o modo lineal, 3 voces: USA, UK o plano para preamplificadores o modeladores externos, configuraci\u00f3n manual y prestablecida, dimensiones: 200 x 81 x 149 mm, peso: 1.28 kg.&hellip; <a class=\"kt-excerpt-readmore more-link\" href=\"https:\/\/www.mexicanguitarplayers.com\/en\/tienda\/cuerdas\/amplificadores-cuerdas\/amps-para-guitarra\/amplificador-blackstar-mod-dept-10-amped-1\/\">Read more<\/a><\/p>","protected":false},"featured_media":37139,"comment_status":"open","ping_status":"closed","template":"","meta":{"kt_blocks_editor_width":""},"pwb-brand":[172],"product_brand":[],"product_cat":[219,226,224],"product_tag":[],"class_list":{"0":"post-37146","1":"product","2":"type-product","3":"status-publish","4":"has-post-thumbnail","6":"pwb-brand-blackstar","7":"product_cat-amplificadores-audio","8":"product_cat-amps-para-guitarra","9":"product_cat-cuerdas","10":"product_shipping_class-0-5-kg","12":"first","13":"instock","14":"taxable","15":"shipping-taxable","16":"purchasable","17":"product-type-simple"},"yoast_head":"<!-- This site is optimized with the Yoast SEO plugin v27.6 - https:\/\/yoast.com\/product\/yoast-seo-wordpress\/ -->\n<title>AMPLIFICADOR BLACKSTAR MOD. DEPT. 10 AMPED 1 - Mexican Guitar Players<\/title>\n<meta name=\"description\" content=\"Amplificador de guitarra en formato de pedal con boost, simulador de altavoz y salidas directas, ajusta tus simulaciones de gabinete, micr\u00f3fono y sala con nuestra tecnolog\u00eda Cab Rig y salida a trav\u00e9s de XLR o \u00b4jack est\u00e9reo, tambi\u00e9n puedes conectarte a trav\u00e9s de USB para grabar sin esfuerzo en tu DAW sin necesidad de una interfaz, 100 watts de potencia, 5 simulaciones de bulbos de potencia o modo lineal, 3 voces: USA, UK o plano para preamplificadores o modeladores externos, configuraci\u00f3n manual y prestablecida, dimensiones: 200 x 81 x 149 mm, peso: 1.28 kg.\" \/>\n<meta name=\"robots\" content=\"index, follow, max-snippet:-1, max-image-preview:large, max-video-preview:-1\" \/>\n<link rel=\"canonical\" href=\"https:\/\/www.mexicanguitarplayers.com\/en\/tienda\/sin%20categor\u00eda\/amplificador-blackstar-mod-dept-10-amped-1\/\" \/>\n<meta property=\"og:locale\" content=\"en_US\" \/>\n<meta property=\"og:type\" content=\"article\" \/>\n<meta property=\"og:title\" content=\"AMPLIFICADOR BLACKSTAR MOD. DEPT. 10 AMPED 1 - Mexican Guitar Players\" \/>\n<meta property=\"og:description\" content=\"Amplificador de guitarra en formato de pedal con boost, simulador de altavoz y salidas directas, ajusta tus simulaciones de gabinete, micr\u00f3fono y sala con nuestra tecnolog\u00eda Cab Rig y salida a trav\u00e9s de XLR o \u00b4jack est\u00e9reo, tambi\u00e9n puedes conectarte a trav\u00e9s de USB para grabar sin esfuerzo en tu DAW sin necesidad de una interfaz, 100 watts de potencia, 5 simulaciones de bulbos de potencia o modo lineal, 3 voces: USA, UK o plano para preamplificadores o modeladores externos, configuraci\u00f3n manual y prestablecida, dimensiones: 200 x 81 x 149 mm, peso: 1.28 kg.\" \/>\n<meta property=\"og:url\" content=\"https:\/\/www.mexicanguitarplayers.com\/en\/tienda\/sin categor\u00eda\/amplificador-blackstar-mod-dept-10-amped-1\/\" \/>\n<meta property=\"og:site_name\" content=\"Mexican Guitar Players\" \/>\n<meta property=\"article:modified_time\" content=\"2026-05-01T13:19:48+00:00\" \/>\n<meta name=\"twitter:card\" content=\"summary_large_image\" \/>\n<meta name=\"twitter:label1\" content=\"Est. reading time\" \/>\n\t<meta name=\"twitter:data1\" content=\"1 minute\" \/>\n<script type=\"application\/ld+json\" class=\"yoast-schema-graph\">{\"@context\":\"https:\\\/\\\/schema.org\",\"@graph\":[{\"@type\":[\"WebPage\",\"ItemPage\"],\"@id\":\"https:\\\/\\\/www.mexicanguitarplayers.com\\\/tienda\\\/sin categor\u00eda\\\/amplificador-blackstar-mod-dept-10-amped-1\\\/\",\"url\":\"https:\\\/\\\/www.mexicanguitarplayers.com\\\/tienda\\\/sin categor\u00eda\\\/amplificador-blackstar-mod-dept-10-amped-1\\\/\",\"name\":\"AMPLIFICADOR BLACKSTAR MOD. DEPT. 10 AMPED 1 - Mexican Guitar Players\",\"isPartOf\":{\"@id\":\"https:\\\/\\\/www.mexicanguitarplayers.com\\\/#website\"},\"primaryImageOfPage\":{\"@id\":\"https:\\\/\\\/www.mexicanguitarplayers.com\\\/tienda\\\/sin categor\u00eda\\\/amplificador-blackstar-mod-dept-10-amped-1\\\/#primaryimage\"},\"image\":{\"@id\":\"https:\\\/\\\/www.mexicanguitarplayers.com\\\/tienda\\\/sin categor\u00eda\\\/amplificador-blackstar-mod-dept-10-amped-1\\\/#primaryimage\"},\"thumbnailUrl\":\"https:\\\/\\\/www.mexicanguitarplayers.com\\\/wp-content\\\/uploads\\\/2025\\\/04\\\/ICBLSDPT10AMP1.jpg\",\"datePublished\":\"2025-04-09T11:36:00+00:00\",\"dateModified\":\"2026-05-01T13:19:48+00:00\",\"description\":\"Amplificador de guitarra en formato de pedal con boost, simulador de altavoz y salidas directas, ajusta tus simulaciones de gabinete, micr\u00f3fono y sala con nuestra tecnolog\u00eda Cab Rig y salida a trav\u00e9s de XLR o \u00b4jack est\u00e9reo, tambi\u00e9n puedes conectarte a trav\u00e9s de USB para grabar sin esfuerzo en tu DAW sin necesidad de una interfaz, 100 watts de potencia, 5 simulaciones de bulbos de potencia o modo lineal, 3 voces: USA, UK o plano para preamplificadores o modeladores externos, configuraci\u00f3n manual y prestablecida, dimensiones: 200 x 81 x 149 mm, peso: 1.28 kg.\",\"breadcrumb\":{\"@id\":\"https:\\\/\\\/www.mexicanguitarplayers.com\\\/tienda\\\/sin categor\u00eda\\\/amplificador-blackstar-mod-dept-10-amped-1\\\/#breadcrumb\"},\"inLanguage\":\"en-US\",\"potentialAction\":[{\"@type\":\"ReadAction\",\"target\":[\"https:\\\/\\\/www.mexicanguitarplayers.com\\\/tienda\\\/sin categor\u00eda\\\/amplificador-blackstar-mod-dept-10-amped-1\\\/\"]}]},{\"@type\":\"ImageObject\",\"inLanguage\":\"en-US\",\"@id\":\"https:\\\/\\\/www.mexicanguitarplayers.com\\\/tienda\\\/sin categor\u00eda\\\/amplificador-blackstar-mod-dept-10-amped-1\\\/#primaryimage\",\"url\":\"https:\\\/\\\/www.mexicanguitarplayers.com\\\/wp-content\\\/uploads\\\/2025\\\/04\\\/ICBLSDPT10AMP1.jpg\",\"contentUrl\":\"https:\\\/\\\/www.mexicanguitarplayers.com\\\/wp-content\\\/uploads\\\/2025\\\/04\\\/ICBLSDPT10AMP1.jpg\",\"width\":1200,\"height\":1200},{\"@type\":\"BreadcrumbList\",\"@id\":\"https:\\\/\\\/www.mexicanguitarplayers.com\\\/tienda\\\/sin categor\u00eda\\\/amplificador-blackstar-mod-dept-10-amped-1\\\/#breadcrumb\",\"itemListElement\":[{\"@type\":\"ListItem\",\"position\":1,\"name\":\"Portada\",\"item\":\"https:\\\/\\\/www.mexicanguitarplayers.com\\\/\"},{\"@type\":\"ListItem\",\"position\":2,\"name\":\"Tienda\",\"item\":\"https:\\\/\\\/www.mexicanguitarplayers.com\\\/tienda\\\/\"},{\"@type\":\"ListItem\",\"position\":3,\"name\":\"AMPLIFICADOR BLACKSTAR MOD. DEPT. 10 AMPED 1\"}]},{\"@type\":\"WebSite\",\"@id\":\"https:\\\/\\\/www.mexicanguitarplayers.com\\\/#website\",\"url\":\"https:\\\/\\\/www.mexicanguitarplayers.com\\\/\",\"name\":\"Mexican Guitar Players\",\"description\":\"Website\",\"publisher\":{\"@id\":\"https:\\\/\\\/www.mexicanguitarplayers.com\\\/#organization\"},\"potentialAction\":[{\"@type\":\"SearchAction\",\"target\":{\"@type\":\"EntryPoint\",\"urlTemplate\":\"https:\\\/\\\/www.mexicanguitarplayers.com\\\/?s={search_term_string}\"},\"query-input\":{\"@type\":\"PropertyValueSpecification\",\"valueRequired\":true,\"valueName\":\"search_term_string\"}}],\"inLanguage\":\"en-US\"},{\"@type\":\"Organization\",\"@id\":\"https:\\\/\\\/www.mexicanguitarplayers.com\\\/#organization\",\"name\":\"Mexican Guitar Players\",\"url\":\"https:\\\/\\\/www.mexicanguitarplayers.com\\\/\",\"logo\":{\"@type\":\"ImageObject\",\"inLanguage\":\"en-US\",\"@id\":\"https:\\\/\\\/www.mexicanguitarplayers.com\\\/#\\\/schema\\\/logo\\\/image\\\/\",\"url\":\"\",\"contentUrl\":\"\",\"caption\":\"Mexican Guitar Players\"},\"image\":{\"@id\":\"https:\\\/\\\/www.mexicanguitarplayers.com\\\/#\\\/schema\\\/logo\\\/image\\\/\"}}]}<\/script>\n<!-- \/ Yoast SEO plugin. -->","yoast_head_json":{"title":"AMPLIFICADOR BLACKSTAR MOD. DEPT. 10 AMPED 1 - Mexican Guitar Players","description":"Amplificador de guitarra en formato de pedal con boost, simulador de altavoz y salidas directas, ajusta tus simulaciones de gabinete, micr\u00f3fono y sala con nuestra tecnolog\u00eda Cab Rig y salida a trav\u00e9s de XLR o \u00b4jack est\u00e9reo, tambi\u00e9n puedes conectarte a trav\u00e9s de USB para grabar sin esfuerzo en tu DAW sin necesidad de una interfaz, 100 watts de potencia, 5 simulaciones de bulbos de potencia o modo lineal, 3 voces: USA, UK o plano para preamplificadores o modeladores externos, configuraci\u00f3n manual y prestablecida, dimensiones: 200 x 81 x 149 mm, peso: 1.28 kg.","robots":{"index":"index","follow":"follow","max-snippet":"max-snippet:-1","max-image-preview":"max-image-preview:large","max-video-preview":"max-video-preview:-1"},"canonical":"https:\/\/www.mexicanguitarplayers.com\/en\/tienda\/sin categor\u00eda\/amplificador-blackstar-mod-dept-10-amped-1\/","og_locale":"en_US","og_type":"article","og_title":"AMPLIFICADOR BLACKSTAR MOD. DEPT. 10 AMPED 1 - Mexican Guitar Players","og_description":"Amplificador de guitarra en formato de pedal con boost, simulador de altavoz y salidas directas, ajusta tus simulaciones de gabinete, micr\u00f3fono y sala con nuestra tecnolog\u00eda Cab Rig y salida a trav\u00e9s de XLR o \u00b4jack est\u00e9reo, tambi\u00e9n puedes conectarte a trav\u00e9s de USB para grabar sin esfuerzo en tu DAW sin necesidad de una interfaz, 100 watts de potencia, 5 simulaciones de bulbos de potencia o modo lineal, 3 voces: USA, UK o plano para preamplificadores o modeladores externos, configuraci\u00f3n manual y prestablecida, dimensiones: 200 x 81 x 149 mm, peso: 1.28 kg.","og_url":"https:\/\/www.mexicanguitarplayers.com\/en\/tienda\/sin categor\u00eda\/amplificador-blackstar-mod-dept-10-amped-1\/","og_site_name":"Mexican Guitar Players","article_modified_time":"2026-05-01T13:19:48+00:00","twitter_card":"summary_large_image","twitter_misc":{"Est. reading time":"1 minute"},"schema":{"@context":"https:\/\/schema.org","@graph":[{"@type":["WebPage","ItemPage"],"@id":"https:\/\/www.mexicanguitarplayers.com\/tienda\/sin categor\u00eda\/amplificador-blackstar-mod-dept-10-amped-1\/","url":"https:\/\/www.mexicanguitarplayers.com\/tienda\/sin categor\u00eda\/amplificador-blackstar-mod-dept-10-amped-1\/","name":"AMPLIFICADOR BLACKSTAR MOD. DEPT. 10 AMPED 1 - Mexican Guitar Players","isPartOf":{"@id":"https:\/\/www.mexicanguitarplayers.com\/#website"},"primaryImageOfPage":{"@id":"https:\/\/www.mexicanguitarplayers.com\/tienda\/sin categor\u00eda\/amplificador-blackstar-mod-dept-10-amped-1\/#primaryimage"},"image":{"@id":"https:\/\/www.mexicanguitarplayers.com\/tienda\/sin categor\u00eda\/amplificador-blackstar-mod-dept-10-amped-1\/#primaryimage"},"thumbnailUrl":"https:\/\/www.mexicanguitarplayers.com\/wp-content\/uploads\/2025\/04\/ICBLSDPT10AMP1.jpg","datePublished":"2025-04-09T11:36:00+00:00","dateModified":"2026-05-01T13:19:48+00:00","description":"Amplificador de guitarra en formato de pedal con boost, simulador de altavoz y salidas directas, ajusta tus simulaciones de gabinete, micr\u00f3fono y sala con nuestra tecnolog\u00eda Cab Rig y salida a trav\u00e9s de XLR o \u00b4jack est\u00e9reo, tambi\u00e9n puedes conectarte a trav\u00e9s de USB para grabar sin esfuerzo en tu DAW sin necesidad de una interfaz, 100 watts de potencia, 5 simulaciones de bulbos de potencia o modo lineal, 3 voces: USA, UK o plano para preamplificadores o modeladores externos, configuraci\u00f3n manual y prestablecida, dimensiones: 200 x 81 x 149 mm, peso: 1.28 kg.","breadcrumb":{"@id":"https:\/\/www.mexicanguitarplayers.com\/tienda\/sin categor\u00eda\/amplificador-blackstar-mod-dept-10-amped-1\/#breadcrumb"},"inLanguage":"en-US","potentialAction":[{"@type":"ReadAction","target":["https:\/\/www.mexicanguitarplayers.com\/tienda\/sin categor\u00eda\/amplificador-blackstar-mod-dept-10-amped-1\/"]}]},{"@type":"ImageObject","inLanguage":"en-US","@id":"https:\/\/www.mexicanguitarplayers.com\/tienda\/sin categor\u00eda\/amplificador-blackstar-mod-dept-10-amped-1\/#primaryimage","url":"https:\/\/www.mexicanguitarplayers.com\/wp-content\/uploads\/2025\/04\/ICBLSDPT10AMP1.jpg","contentUrl":"https:\/\/www.mexicanguitarplayers.com\/wp-content\/uploads\/2025\/04\/ICBLSDPT10AMP1.jpg","width":1200,"height":1200},{"@type":"BreadcrumbList","@id":"https:\/\/www.mexicanguitarplayers.com\/tienda\/sin categor\u00eda\/amplificador-blackstar-mod-dept-10-amped-1\/#breadcrumb","itemListElement":[{"@type":"ListItem","position":1,"name":"Portada","item":"https:\/\/www.mexicanguitarplayers.com\/"},{"@type":"ListItem","position":2,"name":"Tienda","item":"https:\/\/www.mexicanguitarplayers.com\/tienda\/"},{"@type":"ListItem","position":3,"name":"AMPLIFICADOR BLACKSTAR MOD. DEPT. 10 AMPED 1"}]},{"@type":"WebSite","@id":"https:\/\/www.mexicanguitarplayers.com\/#website","url":"https:\/\/www.mexicanguitarplayers.com\/","name":"Mexican Guitar Players","description":"Website","publisher":{"@id":"https:\/\/www.mexicanguitarplayers.com\/#organization"},"potentialAction":[{"@type":"SearchAction","target":{"@type":"EntryPoint","urlTemplate":"https:\/\/www.mexicanguitarplayers.com\/?s={search_term_string}"},"query-input":{"@type":"PropertyValueSpecification","valueRequired":true,"valueName":"search_term_string"}}],"inLanguage":"en-US"},{"@type":"Organization","@id":"https:\/\/www.mexicanguitarplayers.com\/#organization","name":"Mexican Guitar Players","url":"https:\/\/www.mexicanguitarplayers.com\/","logo":{"@type":"ImageObject","inLanguage":"en-US","@id":"https:\/\/www.mexicanguitarplayers.com\/#\/schema\/logo\/image\/","url":"","contentUrl":"","caption":"Mexican Guitar Players"},"image":{"@id":"https:\/\/www.mexicanguitarplayers.com\/#\/schema\/logo\/image\/"}}]}},"brands":[{"id":172,"name":"BLACKSTAR","slug":"blackstar"}],"_links":{"self":[{"href":"https:\/\/www.mexicanguitarplayers.com\/en\/wp-json\/wp\/v2\/product\/37146","targetHints":{"allow":["GET"]}}],"collection":[{"href":"https:\/\/www.mexicanguitarplayers.com\/en\/wp-json\/wp\/v2\/product"}],"about":[{"href":"https:\/\/www.mexicanguitarplayers.com\/en\/wp-json\/wp\/v2\/types\/product"}],"replies":[{"embeddable":true,"href":"https:\/\/www.mexicanguitarplayers.com\/en\/wp-json\/wp\/v2\/comments?post=37146"}],"wp:featuredmedia":[{"embeddable":true,"href":"https:\/\/www.mexicanguitarplayers.com\/en\/wp-json\/wp\/v2\/media\/37139"}],"wp:attachment":[{"href":"https:\/\/www.mexicanguitarplayers.com\/en\/wp-json\/wp\/v2\/media?parent=37146"}],"wp:term":[{"taxonomy":"pwb-brand","embeddable":true,"href":"https:\/\/www.mexicanguitarplayers.com\/en\/wp-json\/wp\/v2\/pwb-brand?post=37146"},{"taxonomy":"product_brand","embeddable":true,"href":"https:\/\/www.mexicanguitarplayers.com\/en\/wp-json\/wp\/v2\/product_brand?post=37146"},{"taxonomy":"product_cat","embeddable":true,"href":"https:\/\/www.mexicanguitarplayers.com\/en\/wp-json\/wp\/v2\/product_cat?post=37146"},{"taxonomy":"product_tag","embeddable":true,"href":"https:\/\/www.mexicanguitarplayers.com\/en\/wp-json\/wp\/v2\/product_tag?post=37146"}],"curies":[{"name":"wp","href":"https:\/\/api.w.org\/{rel}","templated":true}]}}