{"id":37174,"date":"2025-04-09T05:36:38","date_gmt":"2025-04-09T11:36:38","guid":{"rendered":"https:\/\/www.mexicanguitarplayers.com\/tienda\/sin categor\u00eda\/bajo-schecter-elect-stiletto-session-5\/"},"modified":"2026-04-10T04:25:05","modified_gmt":"2026-04-10T10:25:05","slug":"bajo-schecter-elect-stiletto-session-5","status":"publish","type":"product","link":"https:\/\/www.mexicanguitarplayers.com\/en\/tienda\/cuerdas\/bajos\/electricos\/electricos-activos\/bajo-schecter-elect-stiletto-session-5\/","title":{"rendered":"BAJO SCHECTER ELECT. STILETTO SESSION 5"},"content":{"rendered":"<div style=\"text-align: justify\">\n<div>\n<h3>El cl\u00e1sico sonido de bajo Schecter.<\/h3>\n<\/div>\n<div>Creado para poderlo todo, los modelos de la serie Session Bass son para los bajistas que exigen un instrumento multifac\u00e9tico. Comenzamos con un cuerpo de fresno pantano seleccionado a mano para darle una resonancia suprema, graves firmes y reducci\u00f3n de peso en general. Luego agregaros el brazo de Hard Rock Maple para dar una mayor hermeticidad y una respuesta \u00e1gil. Las incrustaciones de bloques laterales de \u00e9bano tambi\u00e9n funcionan como indicadores del bloque lateral del diapas\u00f3n. Las pastillas EMG activas se emparejan con el ecualizador activo EMG de 3 bandas alimentado por un sistema de 18V brindan a esta serie de bajo todas las opciones tonales para marcar tu propio sonido tanto en el escenario como en el estudio.<\/div>\n<div>\n<h4>Quick look<\/h4>\n<\/div>\n<ul style=\"margin: 0px 0px 0px 25px\">\n<li style=\"list-style-type: circle;margin: 5px\">Kind.<\/li>\n<li style=\"list-style-type: circle;margin: 5px\">Cuerpo.<\/li>\n<li style=\"list-style-type: circle;margin: 5px\">Top.<\/li>\n<li style=\"list-style-type: circle;margin: 5px\">Hardware.<\/li>\n<li style=\"list-style-type: circle;margin: 5px\">Construcci\u00f3n.<\/li>\n<li style=\"list-style-type: circle;margin: 5px\">Bridge.<\/li>\n<li style=\"list-style-type: circle;margin: 5px\">Machinery.<\/li>\n<li style=\"list-style-type: circle;margin: 5px\">Arm.<\/li>\n<li style=\"list-style-type: circle;margin: 5px\">Forma del brazo.<\/li>\n<li style=\"list-style-type: circle;margin: 5px\">Diapason.<\/li>\n<li style=\"list-style-type: circle;margin: 5px\">Radio del diapas\u00f3n.<\/li>\n<li style=\"list-style-type: circle;margin: 5px\">Scale.<\/li>\n<li style=\"list-style-type: circle;margin: 5px\">Scale.<\/li>\n<li style=\"list-style-type: circle;margin: 5px\">Espesor.<\/li>\n<li style=\"list-style-type: circle;margin: 5px\">Frets<\/li>\n<li style=\"list-style-type: circle;margin: 5px\">Nut.<\/li>\n<li style=\"list-style-type: circle;margin: 5px\">Ancho de la cejuela.<\/li>\n<li style=\"list-style-type: circle;margin: 5px\">Alma<\/li>\n<li style=\"list-style-type: circle;margin: 5px\">Controls<\/li>\n<li style=\"list-style-type: circle;margin: 5px\">Pastillas.<\/li>\n<li style=\"list-style-type: circle;margin: 5px\">Compartimento de la bater\u00eda.<\/li>\n<li style=\"list-style-type: circle;margin: 5px\">Perillas.<\/li>\n<\/ul>\n<div>\n<div style=\"font-weight: bold\">Kind.<\/div>\n<div>\n<p>Bajo el\u00e9ctrico activo de 5 cuerdas.<\/p>\n<\/div>\n<div style=\"font-weight: bold\">Cuerpo.<\/div>\n<div>\n<p>Fresno pantano.<\/p>\n<\/div>\n<div style=\"font-weight: bold\">Top.<\/div>\n<div>\n<p>Plana.<\/p>\n<\/div>\n<div style=\"font-weight: bold\">Hardware.<\/div>\n<div>\n<p>Black.<\/p>\n<\/div>\n<div style=\"font-weight: bold\">Construcci\u00f3n.<\/div>\n<div>\n<p>Bolt-on.<\/p>\n<\/div>\n<div style=\"font-weight: bold\">Bridge.<\/div>\n<div>\n<p>Schecter Custom Bass String Thru (o Top Load).<\/p>\n<\/div>\n<div style=\"font-weight: bold\">Machinery.<\/div>\n<div>\n<p>Schecter.<\/p>\n<\/div>\n<div style=\"font-weight: bold\">Arm.<\/div>\n<div>\n<p>Maple.<\/p>\n<\/div>\n<div style=\"font-weight: bold\">Forma del brazo.<\/div>\n<div>\n<p>C.<\/p>\n<\/div>\n<div style=\"font-weight: bold\">Diapason.<\/div>\n<div>\n<p>Maple.<\/p>\n<\/div>\n<div style=\"font-weight: bold\">Radio del diapas\u00f3n.<\/div>\n<div>\n<p>12\u201d (305 mm).<\/p>\n<\/div>\n<div style=\"font-weight: bold\">Scale.<\/div>\n<div>\n<p>Bloques laterales de \u00e9bano.<\/p>\n<\/div>\n<div style=\"font-weight: bold\">Scale.<\/div>\n<div>\n<p>35\u201d (889 mm).<\/p>\n<\/div>\n<div style=\"font-weight: bold\">Espesor.<\/div>\n<div>\n<p>En el primer traste: .826\u201d (21 mm). En el traste 12: .905\u201d (23 mm).<\/p>\n<\/div>\n<div style=\"font-weight: bold\">Frets<\/div>\n<div>\n<p>24 trastes Narrow X-Jumbo.<\/p>\n<\/div>\n<div style=\"font-weight: bold\">Nut.<\/div>\n<div>\n<p>Graph Tech XL Black Tusq.<\/p>\n<\/div>\n<div style=\"font-weight: bold\">Ancho de la cejuela.<\/div>\n<div>\n<p>1.771\u201d (45 mm).<\/p>\n<\/div>\n<div style=\"font-weight: bold\">Alma<\/div>\n<div>\n<p>2-way adjustable web with 5\/32 \u201d(4 mm) Allen nut.<\/p>\n<\/div>\n<div style=\"font-weight: bold\">Controls<\/div>\n<div>\n<p>Volumen master, blend y ecualizador EMG activo de 3 bandas.<\/p>\n<\/div>\n<div style=\"font-weight: bold\">Pastillas.<\/div>\n<div>\n<p>Pastilla del puente: EMG 40DC. Pastilla del brazo: EMG 40J.<\/p>\n<\/div>\n<div style=\"font-weight: bold\">Compartimento de la bater\u00eda.<\/div>\n<div>\n<p>18V con placa de tornillo.<\/p>\n<\/div>\n<div style=\"font-weight: bold\">Perillas.<\/div>\n<div>\n<p>Perillas de metal moleteado con tornillo de ajuste.<\/p>\n<\/div>\n<\/div>\n<\/div>","protected":false},"excerpt":{"rendered":"<p>Bajo el\u00e9ctrico activo de 5 cuerdas, cuerpo de fresno de pantano con tapa plana, hardware negro, construcci\u00f3n Bolt-On, puente Schecter Custom Bass String Thru (o Top Load), maquinaria Schecter, brazo C de maple, diapas\u00f3n de maple de 12\u201d (305 mm) de radio, incrustaciones de bloques laterales de \u00e9bano, escala: 35\u201d (889 mm), 24 trastes Narrow X-Jumbo, cejuela de Graph Tech XL Black Tusq de 1.771\u201d (45 mm) de ancho, alma ajustable de 2 v\u00edas con tuera Allen de 5\/32\u201d (4 mm), volumen master, blend y ecualizador activo EMG de 3 bandas, pastilla del puente: EMG 40DC, pastilla del brazo: EMG 40J, compartimento de la bater\u00eda: 18V con placa de tornillo, perillas de metal moleteado con tornillo de ajuste.&hellip; <a class=\"kt-excerpt-readmore more-link\" href=\"https:\/\/www.mexicanguitarplayers.com\/en\/tienda\/cuerdas\/bajos\/electricos\/electricos-activos\/bajo-schecter-elect-stiletto-session-5\/\">Read more<\/a><\/p>","protected":false},"featured_media":37168,"comment_status":"open","ping_status":"closed","template":"","meta":{"kt_blocks_editor_width":""},"pwb-brand":[175],"product_brand":[],"product_cat":[317,224,318,326],"product_tag":[],"class_list":{"0":"post-37174","1":"product","2":"type-product","3":"status-publish","4":"has-post-thumbnail","6":"pwb-brand-schecter","7":"product_cat-bajos","8":"product_cat-cuerdas","9":"product_cat-electricos","10":"product_cat-electricos-activos","11":"product_shipping_class-5-10-kg","13":"first","14":"outofstock","15":"taxable","16":"shipping-taxable","17":"purchasable","18":"product-type-simple"},"yoast_head":"<!-- This site is optimized with the Yoast SEO plugin v27.5 - https:\/\/yoast.com\/product\/yoast-seo-wordpress\/ -->\n<title>BAJO SCHECTER ELECT. STILETTO SESSION 5 - Mexican Guitar Players<\/title>\n<meta name=\"description\" content=\"Bajo el\u00e9ctrico activo de 5 cuerdas, cuerpo de fresno de pantano con tapa plana, hardware negro, construcci\u00f3n Bolt-On, puente Schecter Custom Bass String Thru (o Top Load), maquinaria Schecter, brazo C de maple, diapas\u00f3n de maple de 12\u201d (305 mm) de radio, incrustaciones de bloques laterales de \u00e9bano, escala: 35\u201d (889 mm), 24 trastes Narrow X-Jumbo, cejuela de Graph Tech XL Black Tusq de 1.771\u201d (45 mm) de ancho, alma ajustable de 2 v\u00edas con tuera Allen de 5\/32\u201d (4 mm), volumen master, blend y ecualizador activo EMG de 3 bandas, pastilla del puente: EMG 40DC, pastilla del brazo: EMG 40J, compartimento de la bater\u00eda: 18V con placa de tornillo, perillas de metal moleteado con tornillo de ajuste.\" \/>\n<meta name=\"robots\" content=\"index, follow, max-snippet:-1, max-image-preview:large, max-video-preview:-1\" \/>\n<link rel=\"canonical\" href=\"https:\/\/www.mexicanguitarplayers.com\/en\/tienda\/sin%20categor\u00eda\/bajo-schecter-elect-stiletto-session-5\/\" \/>\n<meta property=\"og:locale\" content=\"en_US\" \/>\n<meta property=\"og:type\" content=\"article\" \/>\n<meta property=\"og:title\" content=\"BAJO SCHECTER ELECT. STILETTO SESSION 5 - Mexican Guitar Players\" \/>\n<meta property=\"og:description\" content=\"Bajo el\u00e9ctrico activo de 5 cuerdas, cuerpo de fresno de pantano con tapa plana, hardware negro, construcci\u00f3n Bolt-On, puente Schecter Custom Bass String Thru (o Top Load), maquinaria Schecter, brazo C de maple, diapas\u00f3n de maple de 12\u201d (305 mm) de radio, incrustaciones de bloques laterales de \u00e9bano, escala: 35\u201d (889 mm), 24 trastes Narrow X-Jumbo, cejuela de Graph Tech XL Black Tusq de 1.771\u201d (45 mm) de ancho, alma ajustable de 2 v\u00edas con tuera Allen de 5\/32\u201d (4 mm), volumen master, blend y ecualizador activo EMG de 3 bandas, pastilla del puente: EMG 40DC, pastilla del brazo: EMG 40J, compartimento de la bater\u00eda: 18V con placa de tornillo, perillas de metal moleteado con tornillo de ajuste.\" \/>\n<meta property=\"og:url\" content=\"https:\/\/www.mexicanguitarplayers.com\/en\/tienda\/sin categor\u00eda\/bajo-schecter-elect-stiletto-session-5\/\" \/>\n<meta property=\"og:site_name\" content=\"Mexican Guitar Players\" \/>\n<meta property=\"article:modified_time\" content=\"2026-04-10T10:25:05+00:00\" \/>\n<meta name=\"twitter:card\" content=\"summary_large_image\" \/>\n<meta name=\"twitter:label1\" content=\"Est. reading time\" \/>\n\t<meta name=\"twitter:data1\" content=\"1 minute\" \/>\n<script type=\"application\/ld+json\" class=\"yoast-schema-graph\">{\"@context\":\"https:\\\/\\\/schema.org\",\"@graph\":[{\"@type\":[\"WebPage\",\"ItemPage\"],\"@id\":\"https:\\\/\\\/www.mexicanguitarplayers.com\\\/tienda\\\/sin categor\u00eda\\\/bajo-schecter-elect-stiletto-session-5\\\/\",\"url\":\"https:\\\/\\\/www.mexicanguitarplayers.com\\\/tienda\\\/sin categor\u00eda\\\/bajo-schecter-elect-stiletto-session-5\\\/\",\"name\":\"BAJO SCHECTER ELECT. STILETTO SESSION 5 - Mexican Guitar Players\",\"isPartOf\":{\"@id\":\"https:\\\/\\\/www.mexicanguitarplayers.com\\\/#website\"},\"primaryImageOfPage\":{\"@id\":\"https:\\\/\\\/www.mexicanguitarplayers.com\\\/tienda\\\/sin categor\u00eda\\\/bajo-schecter-elect-stiletto-session-5\\\/#primaryimage\"},\"image\":{\"@id\":\"https:\\\/\\\/www.mexicanguitarplayers.com\\\/tienda\\\/sin categor\u00eda\\\/bajo-schecter-elect-stiletto-session-5\\\/#primaryimage\"},\"thumbnailUrl\":\"https:\\\/\\\/www.mexicanguitarplayers.com\\\/wp-content\\\/uploads\\\/2025\\\/04\\\/ISSCCSTILSES5.jpg\",\"datePublished\":\"2025-04-09T11:36:38+00:00\",\"dateModified\":\"2026-04-10T10:25:05+00:00\",\"description\":\"Bajo el\u00e9ctrico activo de 5 cuerdas, cuerpo de fresno de pantano con tapa plana, hardware negro, construcci\u00f3n Bolt-On, puente Schecter Custom Bass String Thru (o Top Load), maquinaria Schecter, brazo C de maple, diapas\u00f3n de maple de 12\u201d (305 mm) de radio, incrustaciones de bloques laterales de \u00e9bano, escala: 35\u201d (889 mm), 24 trastes Narrow X-Jumbo, cejuela de Graph Tech XL Black Tusq de 1.771\u201d (45 mm) de ancho, alma ajustable de 2 v\u00edas con tuera Allen de 5\\\/32\u201d (4 mm), volumen master, blend y ecualizador activo EMG de 3 bandas, pastilla del puente: EMG 40DC, pastilla del brazo: EMG 40J, compartimento de la bater\u00eda: 18V con placa de tornillo, perillas de metal moleteado con tornillo de ajuste.\",\"breadcrumb\":{\"@id\":\"https:\\\/\\\/www.mexicanguitarplayers.com\\\/tienda\\\/sin categor\u00eda\\\/bajo-schecter-elect-stiletto-session-5\\\/#breadcrumb\"},\"inLanguage\":\"en-US\",\"potentialAction\":[{\"@type\":\"ReadAction\",\"target\":[\"https:\\\/\\\/www.mexicanguitarplayers.com\\\/tienda\\\/sin categor\u00eda\\\/bajo-schecter-elect-stiletto-session-5\\\/\"]}]},{\"@type\":\"ImageObject\",\"inLanguage\":\"en-US\",\"@id\":\"https:\\\/\\\/www.mexicanguitarplayers.com\\\/tienda\\\/sin categor\u00eda\\\/bajo-schecter-elect-stiletto-session-5\\\/#primaryimage\",\"url\":\"https:\\\/\\\/www.mexicanguitarplayers.com\\\/wp-content\\\/uploads\\\/2025\\\/04\\\/ISSCCSTILSES5.jpg\",\"contentUrl\":\"https:\\\/\\\/www.mexicanguitarplayers.com\\\/wp-content\\\/uploads\\\/2025\\\/04\\\/ISSCCSTILSES5.jpg\",\"width\":800,\"height\":1600},{\"@type\":\"BreadcrumbList\",\"@id\":\"https:\\\/\\\/www.mexicanguitarplayers.com\\\/tienda\\\/sin categor\u00eda\\\/bajo-schecter-elect-stiletto-session-5\\\/#breadcrumb\",\"itemListElement\":[{\"@type\":\"ListItem\",\"position\":1,\"name\":\"Portada\",\"item\":\"https:\\\/\\\/www.mexicanguitarplayers.com\\\/\"},{\"@type\":\"ListItem\",\"position\":2,\"name\":\"Tienda\",\"item\":\"https:\\\/\\\/www.mexicanguitarplayers.com\\\/tienda\\\/\"},{\"@type\":\"ListItem\",\"position\":3,\"name\":\"BAJO SCHECTER ELECT. STILETTO SESSION 5\"}]},{\"@type\":\"WebSite\",\"@id\":\"https:\\\/\\\/www.mexicanguitarplayers.com\\\/#website\",\"url\":\"https:\\\/\\\/www.mexicanguitarplayers.com\\\/\",\"name\":\"Mexican Guitar Players\",\"description\":\"Website\",\"publisher\":{\"@id\":\"https:\\\/\\\/www.mexicanguitarplayers.com\\\/#organization\"},\"potentialAction\":[{\"@type\":\"SearchAction\",\"target\":{\"@type\":\"EntryPoint\",\"urlTemplate\":\"https:\\\/\\\/www.mexicanguitarplayers.com\\\/?s={search_term_string}\"},\"query-input\":{\"@type\":\"PropertyValueSpecification\",\"valueRequired\":true,\"valueName\":\"search_term_string\"}}],\"inLanguage\":\"en-US\"},{\"@type\":\"Organization\",\"@id\":\"https:\\\/\\\/www.mexicanguitarplayers.com\\\/#organization\",\"name\":\"Mexican Guitar Players\",\"url\":\"https:\\\/\\\/www.mexicanguitarplayers.com\\\/\",\"logo\":{\"@type\":\"ImageObject\",\"inLanguage\":\"en-US\",\"@id\":\"https:\\\/\\\/www.mexicanguitarplayers.com\\\/#\\\/schema\\\/logo\\\/image\\\/\",\"url\":\"\",\"contentUrl\":\"\",\"caption\":\"Mexican Guitar Players\"},\"image\":{\"@id\":\"https:\\\/\\\/www.mexicanguitarplayers.com\\\/#\\\/schema\\\/logo\\\/image\\\/\"}}]}<\/script>\n<!-- \/ Yoast SEO plugin. -->","yoast_head_json":{"title":"BAJO SCHECTER ELECT. STILETTO SESSION 5 - Mexican Guitar Players","description":"Bajo el\u00e9ctrico activo de 5 cuerdas, cuerpo de fresno de pantano con tapa plana, hardware negro, construcci\u00f3n Bolt-On, puente Schecter Custom Bass String Thru (o Top Load), maquinaria Schecter, brazo C de maple, diapas\u00f3n de maple de 12\u201d (305 mm) de radio, incrustaciones de bloques laterales de \u00e9bano, escala: 35\u201d (889 mm), 24 trastes Narrow X-Jumbo, cejuela de Graph Tech XL Black Tusq de 1.771\u201d (45 mm) de ancho, alma ajustable de 2 v\u00edas con tuera Allen de 5\/32\u201d (4 mm), volumen master, blend y ecualizador activo EMG de 3 bandas, pastilla del puente: EMG 40DC, pastilla del brazo: EMG 40J, compartimento de la bater\u00eda: 18V con placa de tornillo, perillas de metal moleteado con tornillo de ajuste.","robots":{"index":"index","follow":"follow","max-snippet":"max-snippet:-1","max-image-preview":"max-image-preview:large","max-video-preview":"max-video-preview:-1"},"canonical":"https:\/\/www.mexicanguitarplayers.com\/en\/tienda\/sin categor\u00eda\/bajo-schecter-elect-stiletto-session-5\/","og_locale":"en_US","og_type":"article","og_title":"BAJO SCHECTER ELECT. STILETTO SESSION 5 - Mexican Guitar Players","og_description":"Bajo el\u00e9ctrico activo de 5 cuerdas, cuerpo de fresno de pantano con tapa plana, hardware negro, construcci\u00f3n Bolt-On, puente Schecter Custom Bass String Thru (o Top Load), maquinaria Schecter, brazo C de maple, diapas\u00f3n de maple de 12\u201d (305 mm) de radio, incrustaciones de bloques laterales de \u00e9bano, escala: 35\u201d (889 mm), 24 trastes Narrow X-Jumbo, cejuela de Graph Tech XL Black Tusq de 1.771\u201d (45 mm) de ancho, alma ajustable de 2 v\u00edas con tuera Allen de 5\/32\u201d (4 mm), volumen master, blend y ecualizador activo EMG de 3 bandas, pastilla del puente: EMG 40DC, pastilla del brazo: EMG 40J, compartimento de la bater\u00eda: 18V con placa de tornillo, perillas de metal moleteado con tornillo de ajuste.","og_url":"https:\/\/www.mexicanguitarplayers.com\/en\/tienda\/sin categor\u00eda\/bajo-schecter-elect-stiletto-session-5\/","og_site_name":"Mexican Guitar Players","article_modified_time":"2026-04-10T10:25:05+00:00","twitter_card":"summary_large_image","twitter_misc":{"Est. reading time":"1 minute"},"schema":{"@context":"https:\/\/schema.org","@graph":[{"@type":["WebPage","ItemPage"],"@id":"https:\/\/www.mexicanguitarplayers.com\/tienda\/sin categor\u00eda\/bajo-schecter-elect-stiletto-session-5\/","url":"https:\/\/www.mexicanguitarplayers.com\/tienda\/sin categor\u00eda\/bajo-schecter-elect-stiletto-session-5\/","name":"BAJO SCHECTER ELECT. STILETTO SESSION 5 - Mexican Guitar Players","isPartOf":{"@id":"https:\/\/www.mexicanguitarplayers.com\/#website"},"primaryImageOfPage":{"@id":"https:\/\/www.mexicanguitarplayers.com\/tienda\/sin categor\u00eda\/bajo-schecter-elect-stiletto-session-5\/#primaryimage"},"image":{"@id":"https:\/\/www.mexicanguitarplayers.com\/tienda\/sin categor\u00eda\/bajo-schecter-elect-stiletto-session-5\/#primaryimage"},"thumbnailUrl":"https:\/\/www.mexicanguitarplayers.com\/wp-content\/uploads\/2025\/04\/ISSCCSTILSES5.jpg","datePublished":"2025-04-09T11:36:38+00:00","dateModified":"2026-04-10T10:25:05+00:00","description":"Bajo el\u00e9ctrico activo de 5 cuerdas, cuerpo de fresno de pantano con tapa plana, hardware negro, construcci\u00f3n Bolt-On, puente Schecter Custom Bass String Thru (o Top Load), maquinaria Schecter, brazo C de maple, diapas\u00f3n de maple de 12\u201d (305 mm) de radio, incrustaciones de bloques laterales de \u00e9bano, escala: 35\u201d (889 mm), 24 trastes Narrow X-Jumbo, cejuela de Graph Tech XL Black Tusq de 1.771\u201d (45 mm) de ancho, alma ajustable de 2 v\u00edas con tuera Allen de 5\/32\u201d (4 mm), volumen master, blend y ecualizador activo EMG de 3 bandas, pastilla del puente: EMG 40DC, pastilla del brazo: EMG 40J, compartimento de la bater\u00eda: 18V con placa de tornillo, perillas de metal moleteado con tornillo de ajuste.","breadcrumb":{"@id":"https:\/\/www.mexicanguitarplayers.com\/tienda\/sin categor\u00eda\/bajo-schecter-elect-stiletto-session-5\/#breadcrumb"},"inLanguage":"en-US","potentialAction":[{"@type":"ReadAction","target":["https:\/\/www.mexicanguitarplayers.com\/tienda\/sin categor\u00eda\/bajo-schecter-elect-stiletto-session-5\/"]}]},{"@type":"ImageObject","inLanguage":"en-US","@id":"https:\/\/www.mexicanguitarplayers.com\/tienda\/sin categor\u00eda\/bajo-schecter-elect-stiletto-session-5\/#primaryimage","url":"https:\/\/www.mexicanguitarplayers.com\/wp-content\/uploads\/2025\/04\/ISSCCSTILSES5.jpg","contentUrl":"https:\/\/www.mexicanguitarplayers.com\/wp-content\/uploads\/2025\/04\/ISSCCSTILSES5.jpg","width":800,"height":1600},{"@type":"BreadcrumbList","@id":"https:\/\/www.mexicanguitarplayers.com\/tienda\/sin categor\u00eda\/bajo-schecter-elect-stiletto-session-5\/#breadcrumb","itemListElement":[{"@type":"ListItem","position":1,"name":"Portada","item":"https:\/\/www.mexicanguitarplayers.com\/"},{"@type":"ListItem","position":2,"name":"Tienda","item":"https:\/\/www.mexicanguitarplayers.com\/tienda\/"},{"@type":"ListItem","position":3,"name":"BAJO SCHECTER ELECT. STILETTO SESSION 5"}]},{"@type":"WebSite","@id":"https:\/\/www.mexicanguitarplayers.com\/#website","url":"https:\/\/www.mexicanguitarplayers.com\/","name":"Mexican Guitar Players","description":"Website","publisher":{"@id":"https:\/\/www.mexicanguitarplayers.com\/#organization"},"potentialAction":[{"@type":"SearchAction","target":{"@type":"EntryPoint","urlTemplate":"https:\/\/www.mexicanguitarplayers.com\/?s={search_term_string}"},"query-input":{"@type":"PropertyValueSpecification","valueRequired":true,"valueName":"search_term_string"}}],"inLanguage":"en-US"},{"@type":"Organization","@id":"https:\/\/www.mexicanguitarplayers.com\/#organization","name":"Mexican Guitar Players","url":"https:\/\/www.mexicanguitarplayers.com\/","logo":{"@type":"ImageObject","inLanguage":"en-US","@id":"https:\/\/www.mexicanguitarplayers.com\/#\/schema\/logo\/image\/","url":"","contentUrl":"","caption":"Mexican Guitar Players"},"image":{"@id":"https:\/\/www.mexicanguitarplayers.com\/#\/schema\/logo\/image\/"}}]}},"brands":[{"id":175,"name":"SCHECTER","slug":"schecter"}],"_links":{"self":[{"href":"https:\/\/www.mexicanguitarplayers.com\/en\/wp-json\/wp\/v2\/product\/37174","targetHints":{"allow":["GET"]}}],"collection":[{"href":"https:\/\/www.mexicanguitarplayers.com\/en\/wp-json\/wp\/v2\/product"}],"about":[{"href":"https:\/\/www.mexicanguitarplayers.com\/en\/wp-json\/wp\/v2\/types\/product"}],"replies":[{"embeddable":true,"href":"https:\/\/www.mexicanguitarplayers.com\/en\/wp-json\/wp\/v2\/comments?post=37174"}],"wp:featuredmedia":[{"embeddable":true,"href":"https:\/\/www.mexicanguitarplayers.com\/en\/wp-json\/wp\/v2\/media\/37168"}],"wp:attachment":[{"href":"https:\/\/www.mexicanguitarplayers.com\/en\/wp-json\/wp\/v2\/media?parent=37174"}],"wp:term":[{"taxonomy":"pwb-brand","embeddable":true,"href":"https:\/\/www.mexicanguitarplayers.com\/en\/wp-json\/wp\/v2\/pwb-brand?post=37174"},{"taxonomy":"product_brand","embeddable":true,"href":"https:\/\/www.mexicanguitarplayers.com\/en\/wp-json\/wp\/v2\/product_brand?post=37174"},{"taxonomy":"product_cat","embeddable":true,"href":"https:\/\/www.mexicanguitarplayers.com\/en\/wp-json\/wp\/v2\/product_cat?post=37174"},{"taxonomy":"product_tag","embeddable":true,"href":"https:\/\/www.mexicanguitarplayers.com\/en\/wp-json\/wp\/v2\/product_tag?post=37174"}],"curies":[{"name":"wp","href":"https:\/\/api.w.org\/{rel}","templated":true}]}}