{"id":37178,"date":"2025-04-09T05:36:42","date_gmt":"2025-04-09T11:36:42","guid":{"rendered":"https:\/\/www.mexicanguitarplayers.com\/tienda\/sin categor\u00eda\/pastillas-sd-juego-pearly-gates\/"},"modified":"2026-04-10T04:25:05","modified_gmt":"2026-04-10T10:25:05","slug":"pastillas-sd-juego-pearly-gates","status":"publish","type":"product","link":"https:\/\/www.mexicanguitarplayers.com\/en\/tienda\/accesorios\/para-guitarras\/pastillas-para-guitarra-electrica\/pastillas-sd-juego-pearly-gates\/","title":{"rendered":"PASTILLAS SD JUEGO PEARLY GATES"},"content":{"rendered":"<div style=\"text-align: justify\">\n<div>\n<h3>CLASSIC OUTPUT HUMBUCKER PICKUPS Pearly Gates\u2122<\/h3>\n<\/div>\n<div>Las pastillas humbucker pasivas de salida vintage de Pearly Gates contienen una tonelada de actitud de rango medio enfocada con el golpe y el chisporroteo crudo de Texas.<\/div>\n<div>\n<h4>Characteristics<\/h4>\n<\/div>\n<div>\n<ul style=\"margin: 0px 0px 0px 25px\">\n<li style=\"list-style-type: circle;margin: 5px\">RCD<\/li>\n<li style=\"list-style-type: circle;margin: 5px\">Im\u00e1n<\/li>\n<li style=\"list-style-type: circle;margin: 5px\">Cable <\/li>\n<li style=\"list-style-type: circle;margin: 5px\">Kind<\/li>\n<\/ul>\n<\/div>\n<\/div>","protected":false},"excerpt":{"rendered":"<p>Nuestras pastillas humbucker Pearly Gates transforman cualquier guitarra de estilo Les Paul en un forajido de rock cl\u00e1sico. Es un PAF con una variaci\u00f3n tonal \u00fanica que proporciona m\u00e1s rango medio que los t\u00edpicos humbuckers de esa \u00e9poca. El resultado es una pastilla de m\u00e1stil que se abre paso con medios m\u00e1s fuertes a medida, pero a\u00fan tiene el ataque de agudos abierto y aireado del im\u00e1n de barra alnico 2, las pastillas humbucker de salida vintage Pearly Gates utilizan un im\u00e1n de barra de alnico 2, una placa inferior de n\u00edquel plateado, un cable conductor de 4 conductores para m\u00faltiples opciones de cableado y est\u00e1n encapsuladas en cera al vac\u00edo para un rendimiento sin chirridos. El puente Pearly Gates est\u00e1 disponible en espaciado humbucker est\u00e1ndar y Trembucker.&hellip; <a class=\"kt-excerpt-readmore more-link\" href=\"https:\/\/www.mexicanguitarplayers.com\/en\/tienda\/accesorios\/para-guitarras\/pastillas-para-guitarra-electrica\/pastillas-sd-juego-pearly-gates\/\">Read more<\/a><\/p>","protected":false},"featured_media":37175,"comment_status":"open","ping_status":"closed","template":"","meta":{"kt_blocks_editor_width":""},"pwb-brand":[502],"product_brand":[],"product_cat":[85,336,353],"product_tag":[],"class_list":{"0":"post-37178","1":"product","2":"type-product","3":"status-publish","4":"has-post-thumbnail","6":"pwb-brand-seymour-duncan","7":"product_cat-accesorios","8":"product_cat-para-guitarras","9":"product_cat-pastillas-para-guitarra-electrica","10":"product_shipping_class-0-5-kg","12":"first","13":"outofstock","14":"taxable","15":"shipping-taxable","16":"purchasable","17":"product-type-simple"},"yoast_head":"<!-- This site is optimized with the Yoast SEO plugin v27.5 - https:\/\/yoast.com\/product\/yoast-seo-wordpress\/ -->\n<title>PASTILLAS SD JUEGO PEARLY GATES - Mexican Guitar Players<\/title>\n<meta name=\"description\" content=\"Nuestras pastillas humbucker Pearly Gates transforman cualquier guitarra de estilo Les Paul en un forajido de rock cl\u00e1sico. Es un PAF con una variaci\u00f3n tonal \u00fanica que proporciona m\u00e1s rango medio que los t\u00edpicos humbuckers de esa \u00e9poca. El resultado es una pastilla de m\u00e1stil que se abre paso con medios m\u00e1s fuertes a medida, pero a\u00fan tiene el ataque de agudos abierto y aireado del im\u00e1n de barra alnico 2, las pastillas humbucker de salida vintage Pearly Gates utilizan un im\u00e1n de barra de alnico 2, una placa inferior de n\u00edquel plateado, un cable conductor de 4 conductores para m\u00faltiples opciones de cableado y est\u00e1n encapsuladas en cera al vac\u00edo para un rendimiento sin chirridos. El puente Pearly Gates est\u00e1 disponible en espaciado humbucker est\u00e1ndar y Trembucker.\" \/>\n<meta name=\"robots\" content=\"index, follow, max-snippet:-1, max-image-preview:large, max-video-preview:-1\" \/>\n<link rel=\"canonical\" href=\"https:\/\/www.mexicanguitarplayers.com\/en\/tienda\/sin%20categor\u00eda\/pastillas-sd-juego-pearly-gates\/\" \/>\n<meta property=\"og:locale\" content=\"en_US\" \/>\n<meta property=\"og:type\" content=\"article\" \/>\n<meta property=\"og:title\" content=\"PASTILLAS SD JUEGO PEARLY GATES - Mexican Guitar Players\" \/>\n<meta property=\"og:description\" content=\"Nuestras pastillas humbucker Pearly Gates transforman cualquier guitarra de estilo Les Paul en un forajido de rock cl\u00e1sico. Es un PAF con una variaci\u00f3n tonal \u00fanica que proporciona m\u00e1s rango medio que los t\u00edpicos humbuckers de esa \u00e9poca. El resultado es una pastilla de m\u00e1stil que se abre paso con medios m\u00e1s fuertes a medida, pero a\u00fan tiene el ataque de agudos abierto y aireado del im\u00e1n de barra alnico 2, las pastillas humbucker de salida vintage Pearly Gates utilizan un im\u00e1n de barra de alnico 2, una placa inferior de n\u00edquel plateado, un cable conductor de 4 conductores para m\u00faltiples opciones de cableado y est\u00e1n encapsuladas en cera al vac\u00edo para un rendimiento sin chirridos. El puente Pearly Gates est\u00e1 disponible en espaciado humbucker est\u00e1ndar y Trembucker.\" \/>\n<meta property=\"og:url\" content=\"https:\/\/www.mexicanguitarplayers.com\/en\/tienda\/sin categor\u00eda\/pastillas-sd-juego-pearly-gates\/\" \/>\n<meta property=\"og:site_name\" content=\"Mexican Guitar Players\" \/>\n<meta property=\"article:modified_time\" content=\"2026-04-10T10:25:05+00:00\" \/>\n<meta name=\"twitter:card\" content=\"summary_large_image\" \/>\n<script type=\"application\/ld+json\" class=\"yoast-schema-graph\">{\"@context\":\"https:\\\/\\\/schema.org\",\"@graph\":[{\"@type\":[\"WebPage\",\"ItemPage\"],\"@id\":\"https:\\\/\\\/www.mexicanguitarplayers.com\\\/tienda\\\/sin categor\u00eda\\\/pastillas-sd-juego-pearly-gates\\\/\",\"url\":\"https:\\\/\\\/www.mexicanguitarplayers.com\\\/tienda\\\/sin categor\u00eda\\\/pastillas-sd-juego-pearly-gates\\\/\",\"name\":\"PASTILLAS SD JUEGO PEARLY GATES - Mexican Guitar Players\",\"isPartOf\":{\"@id\":\"https:\\\/\\\/www.mexicanguitarplayers.com\\\/#website\"},\"primaryImageOfPage\":{\"@id\":\"https:\\\/\\\/www.mexicanguitarplayers.com\\\/tienda\\\/sin categor\u00eda\\\/pastillas-sd-juego-pearly-gates\\\/#primaryimage\"},\"image\":{\"@id\":\"https:\\\/\\\/www.mexicanguitarplayers.com\\\/tienda\\\/sin categor\u00eda\\\/pastillas-sd-juego-pearly-gates\\\/#primaryimage\"},\"thumbnailUrl\":\"https:\\\/\\\/www.mexicanguitarplayers.com\\\/wp-content\\\/uploads\\\/2025\\\/04\\\/RASEOPEARLYGTS.jpg\",\"datePublished\":\"2025-04-09T11:36:42+00:00\",\"dateModified\":\"2026-04-10T10:25:05+00:00\",\"description\":\"Nuestras pastillas humbucker Pearly Gates transforman cualquier guitarra de estilo Les Paul en un forajido de rock cl\u00e1sico. Es un PAF con una variaci\u00f3n tonal \u00fanica que proporciona m\u00e1s rango medio que los t\u00edpicos humbuckers de esa \u00e9poca. El resultado es una pastilla de m\u00e1stil que se abre paso con medios m\u00e1s fuertes a medida, pero a\u00fan tiene el ataque de agudos abierto y aireado del im\u00e1n de barra alnico 2, las pastillas humbucker de salida vintage Pearly Gates utilizan un im\u00e1n de barra de alnico 2, una placa inferior de n\u00edquel plateado, un cable conductor de 4 conductores para m\u00faltiples opciones de cableado y est\u00e1n encapsuladas en cera al vac\u00edo para un rendimiento sin chirridos. El puente Pearly Gates est\u00e1 disponible en espaciado humbucker est\u00e1ndar y Trembucker.\",\"breadcrumb\":{\"@id\":\"https:\\\/\\\/www.mexicanguitarplayers.com\\\/tienda\\\/sin categor\u00eda\\\/pastillas-sd-juego-pearly-gates\\\/#breadcrumb\"},\"inLanguage\":\"en-US\",\"potentialAction\":[{\"@type\":\"ReadAction\",\"target\":[\"https:\\\/\\\/www.mexicanguitarplayers.com\\\/tienda\\\/sin categor\u00eda\\\/pastillas-sd-juego-pearly-gates\\\/\"]}]},{\"@type\":\"ImageObject\",\"inLanguage\":\"en-US\",\"@id\":\"https:\\\/\\\/www.mexicanguitarplayers.com\\\/tienda\\\/sin categor\u00eda\\\/pastillas-sd-juego-pearly-gates\\\/#primaryimage\",\"url\":\"https:\\\/\\\/www.mexicanguitarplayers.com\\\/wp-content\\\/uploads\\\/2025\\\/04\\\/RASEOPEARLYGTS.jpg\",\"contentUrl\":\"https:\\\/\\\/www.mexicanguitarplayers.com\\\/wp-content\\\/uploads\\\/2025\\\/04\\\/RASEOPEARLYGTS.jpg\",\"width\":1200,\"height\":1200},{\"@type\":\"BreadcrumbList\",\"@id\":\"https:\\\/\\\/www.mexicanguitarplayers.com\\\/tienda\\\/sin categor\u00eda\\\/pastillas-sd-juego-pearly-gates\\\/#breadcrumb\",\"itemListElement\":[{\"@type\":\"ListItem\",\"position\":1,\"name\":\"Portada\",\"item\":\"https:\\\/\\\/www.mexicanguitarplayers.com\\\/\"},{\"@type\":\"ListItem\",\"position\":2,\"name\":\"Tienda\",\"item\":\"https:\\\/\\\/www.mexicanguitarplayers.com\\\/tienda\\\/\"},{\"@type\":\"ListItem\",\"position\":3,\"name\":\"PASTILLAS SD JUEGO PEARLY GATES\"}]},{\"@type\":\"WebSite\",\"@id\":\"https:\\\/\\\/www.mexicanguitarplayers.com\\\/#website\",\"url\":\"https:\\\/\\\/www.mexicanguitarplayers.com\\\/\",\"name\":\"Mexican Guitar Players\",\"description\":\"Website\",\"publisher\":{\"@id\":\"https:\\\/\\\/www.mexicanguitarplayers.com\\\/#organization\"},\"potentialAction\":[{\"@type\":\"SearchAction\",\"target\":{\"@type\":\"EntryPoint\",\"urlTemplate\":\"https:\\\/\\\/www.mexicanguitarplayers.com\\\/?s={search_term_string}\"},\"query-input\":{\"@type\":\"PropertyValueSpecification\",\"valueRequired\":true,\"valueName\":\"search_term_string\"}}],\"inLanguage\":\"en-US\"},{\"@type\":\"Organization\",\"@id\":\"https:\\\/\\\/www.mexicanguitarplayers.com\\\/#organization\",\"name\":\"Mexican Guitar Players\",\"url\":\"https:\\\/\\\/www.mexicanguitarplayers.com\\\/\",\"logo\":{\"@type\":\"ImageObject\",\"inLanguage\":\"en-US\",\"@id\":\"https:\\\/\\\/www.mexicanguitarplayers.com\\\/#\\\/schema\\\/logo\\\/image\\\/\",\"url\":\"\",\"contentUrl\":\"\",\"caption\":\"Mexican Guitar Players\"},\"image\":{\"@id\":\"https:\\\/\\\/www.mexicanguitarplayers.com\\\/#\\\/schema\\\/logo\\\/image\\\/\"}}]}<\/script>\n<!-- \/ Yoast SEO plugin. -->","yoast_head_json":{"title":"PASTILLAS SD JUEGO PEARLY GATES - Mexican Guitar Players","description":"Nuestras pastillas humbucker Pearly Gates transforman cualquier guitarra de estilo Les Paul en un forajido de rock cl\u00e1sico. Es un PAF con una variaci\u00f3n tonal \u00fanica que proporciona m\u00e1s rango medio que los t\u00edpicos humbuckers de esa \u00e9poca. El resultado es una pastilla de m\u00e1stil que se abre paso con medios m\u00e1s fuertes a medida, pero a\u00fan tiene el ataque de agudos abierto y aireado del im\u00e1n de barra alnico 2, las pastillas humbucker de salida vintage Pearly Gates utilizan un im\u00e1n de barra de alnico 2, una placa inferior de n\u00edquel plateado, un cable conductor de 4 conductores para m\u00faltiples opciones de cableado y est\u00e1n encapsuladas en cera al vac\u00edo para un rendimiento sin chirridos. El puente Pearly Gates est\u00e1 disponible en espaciado humbucker est\u00e1ndar y Trembucker.","robots":{"index":"index","follow":"follow","max-snippet":"max-snippet:-1","max-image-preview":"max-image-preview:large","max-video-preview":"max-video-preview:-1"},"canonical":"https:\/\/www.mexicanguitarplayers.com\/en\/tienda\/sin categor\u00eda\/pastillas-sd-juego-pearly-gates\/","og_locale":"en_US","og_type":"article","og_title":"PASTILLAS SD JUEGO PEARLY GATES - Mexican Guitar Players","og_description":"Nuestras pastillas humbucker Pearly Gates transforman cualquier guitarra de estilo Les Paul en un forajido de rock cl\u00e1sico. Es un PAF con una variaci\u00f3n tonal \u00fanica que proporciona m\u00e1s rango medio que los t\u00edpicos humbuckers de esa \u00e9poca. El resultado es una pastilla de m\u00e1stil que se abre paso con medios m\u00e1s fuertes a medida, pero a\u00fan tiene el ataque de agudos abierto y aireado del im\u00e1n de barra alnico 2, las pastillas humbucker de salida vintage Pearly Gates utilizan un im\u00e1n de barra de alnico 2, una placa inferior de n\u00edquel plateado, un cable conductor de 4 conductores para m\u00faltiples opciones de cableado y est\u00e1n encapsuladas en cera al vac\u00edo para un rendimiento sin chirridos. El puente Pearly Gates est\u00e1 disponible en espaciado humbucker est\u00e1ndar y Trembucker.","og_url":"https:\/\/www.mexicanguitarplayers.com\/en\/tienda\/sin categor\u00eda\/pastillas-sd-juego-pearly-gates\/","og_site_name":"Mexican Guitar Players","article_modified_time":"2026-04-10T10:25:05+00:00","twitter_card":"summary_large_image","schema":{"@context":"https:\/\/schema.org","@graph":[{"@type":["WebPage","ItemPage"],"@id":"https:\/\/www.mexicanguitarplayers.com\/tienda\/sin categor\u00eda\/pastillas-sd-juego-pearly-gates\/","url":"https:\/\/www.mexicanguitarplayers.com\/tienda\/sin categor\u00eda\/pastillas-sd-juego-pearly-gates\/","name":"PASTILLAS SD JUEGO PEARLY GATES - Mexican Guitar Players","isPartOf":{"@id":"https:\/\/www.mexicanguitarplayers.com\/#website"},"primaryImageOfPage":{"@id":"https:\/\/www.mexicanguitarplayers.com\/tienda\/sin categor\u00eda\/pastillas-sd-juego-pearly-gates\/#primaryimage"},"image":{"@id":"https:\/\/www.mexicanguitarplayers.com\/tienda\/sin categor\u00eda\/pastillas-sd-juego-pearly-gates\/#primaryimage"},"thumbnailUrl":"https:\/\/www.mexicanguitarplayers.com\/wp-content\/uploads\/2025\/04\/RASEOPEARLYGTS.jpg","datePublished":"2025-04-09T11:36:42+00:00","dateModified":"2026-04-10T10:25:05+00:00","description":"Nuestras pastillas humbucker Pearly Gates transforman cualquier guitarra de estilo Les Paul en un forajido de rock cl\u00e1sico. Es un PAF con una variaci\u00f3n tonal \u00fanica que proporciona m\u00e1s rango medio que los t\u00edpicos humbuckers de esa \u00e9poca. El resultado es una pastilla de m\u00e1stil que se abre paso con medios m\u00e1s fuertes a medida, pero a\u00fan tiene el ataque de agudos abierto y aireado del im\u00e1n de barra alnico 2, las pastillas humbucker de salida vintage Pearly Gates utilizan un im\u00e1n de barra de alnico 2, una placa inferior de n\u00edquel plateado, un cable conductor de 4 conductores para m\u00faltiples opciones de cableado y est\u00e1n encapsuladas en cera al vac\u00edo para un rendimiento sin chirridos. El puente Pearly Gates est\u00e1 disponible en espaciado humbucker est\u00e1ndar y Trembucker.","breadcrumb":{"@id":"https:\/\/www.mexicanguitarplayers.com\/tienda\/sin categor\u00eda\/pastillas-sd-juego-pearly-gates\/#breadcrumb"},"inLanguage":"en-US","potentialAction":[{"@type":"ReadAction","target":["https:\/\/www.mexicanguitarplayers.com\/tienda\/sin categor\u00eda\/pastillas-sd-juego-pearly-gates\/"]}]},{"@type":"ImageObject","inLanguage":"en-US","@id":"https:\/\/www.mexicanguitarplayers.com\/tienda\/sin categor\u00eda\/pastillas-sd-juego-pearly-gates\/#primaryimage","url":"https:\/\/www.mexicanguitarplayers.com\/wp-content\/uploads\/2025\/04\/RASEOPEARLYGTS.jpg","contentUrl":"https:\/\/www.mexicanguitarplayers.com\/wp-content\/uploads\/2025\/04\/RASEOPEARLYGTS.jpg","width":1200,"height":1200},{"@type":"BreadcrumbList","@id":"https:\/\/www.mexicanguitarplayers.com\/tienda\/sin categor\u00eda\/pastillas-sd-juego-pearly-gates\/#breadcrumb","itemListElement":[{"@type":"ListItem","position":1,"name":"Portada","item":"https:\/\/www.mexicanguitarplayers.com\/"},{"@type":"ListItem","position":2,"name":"Tienda","item":"https:\/\/www.mexicanguitarplayers.com\/tienda\/"},{"@type":"ListItem","position":3,"name":"PASTILLAS SD JUEGO PEARLY GATES"}]},{"@type":"WebSite","@id":"https:\/\/www.mexicanguitarplayers.com\/#website","url":"https:\/\/www.mexicanguitarplayers.com\/","name":"Mexican Guitar Players","description":"Website","publisher":{"@id":"https:\/\/www.mexicanguitarplayers.com\/#organization"},"potentialAction":[{"@type":"SearchAction","target":{"@type":"EntryPoint","urlTemplate":"https:\/\/www.mexicanguitarplayers.com\/?s={search_term_string}"},"query-input":{"@type":"PropertyValueSpecification","valueRequired":true,"valueName":"search_term_string"}}],"inLanguage":"en-US"},{"@type":"Organization","@id":"https:\/\/www.mexicanguitarplayers.com\/#organization","name":"Mexican Guitar Players","url":"https:\/\/www.mexicanguitarplayers.com\/","logo":{"@type":"ImageObject","inLanguage":"en-US","@id":"https:\/\/www.mexicanguitarplayers.com\/#\/schema\/logo\/image\/","url":"","contentUrl":"","caption":"Mexican Guitar Players"},"image":{"@id":"https:\/\/www.mexicanguitarplayers.com\/#\/schema\/logo\/image\/"}}]}},"brands":[{"id":502,"name":"SEYMOUR DUNCAN","slug":"seymour-duncan"}],"_links":{"self":[{"href":"https:\/\/www.mexicanguitarplayers.com\/en\/wp-json\/wp\/v2\/product\/37178","targetHints":{"allow":["GET"]}}],"collection":[{"href":"https:\/\/www.mexicanguitarplayers.com\/en\/wp-json\/wp\/v2\/product"}],"about":[{"href":"https:\/\/www.mexicanguitarplayers.com\/en\/wp-json\/wp\/v2\/types\/product"}],"replies":[{"embeddable":true,"href":"https:\/\/www.mexicanguitarplayers.com\/en\/wp-json\/wp\/v2\/comments?post=37178"}],"wp:featuredmedia":[{"embeddable":true,"href":"https:\/\/www.mexicanguitarplayers.com\/en\/wp-json\/wp\/v2\/media\/37175"}],"wp:attachment":[{"href":"https:\/\/www.mexicanguitarplayers.com\/en\/wp-json\/wp\/v2\/media?parent=37178"}],"wp:term":[{"taxonomy":"pwb-brand","embeddable":true,"href":"https:\/\/www.mexicanguitarplayers.com\/en\/wp-json\/wp\/v2\/pwb-brand?post=37178"},{"taxonomy":"product_brand","embeddable":true,"href":"https:\/\/www.mexicanguitarplayers.com\/en\/wp-json\/wp\/v2\/product_brand?post=37178"},{"taxonomy":"product_cat","embeddable":true,"href":"https:\/\/www.mexicanguitarplayers.com\/en\/wp-json\/wp\/v2\/product_cat?post=37178"},{"taxonomy":"product_tag","embeddable":true,"href":"https:\/\/www.mexicanguitarplayers.com\/en\/wp-json\/wp\/v2\/product_tag?post=37178"}],"curies":[{"name":"wp","href":"https:\/\/api.w.org\/{rel}","templated":true}]}}